
{"id":5992,"date":"2024-10-12T19:27:08","date_gmt":"2024-10-12T19:27:08","guid":{"rendered":"https:\/\/trgovina.pasjauniverza.si\/?post_type=product&#038;p=5992"},"modified":"2025-12-28T17:02:13","modified_gmt":"2025-12-28T17:02:13","slug":"entovital-dentalne-palcke-z-insekti","status":"publish","type":"product","link":"https:\/\/trgovina.pasjauniverza.si\/en\/product\/entovital-dentalne-palcke-z-insekti\/","title":{"rendered":"entoVITAL dentalne pal\u010dke z insekti"},"content":{"rendered":"<p>Pribolj\u0161ki na osnovi beljakovin iz insektov. So brez \u017eit, primerni tudi za alergike in pse z ob\u010dutljivim \u010drevesjem.<\/p>\n<p>Vsebujejo me\u0161anico povsem naravnih sestavin, ki spro\u0161\u010dajo encime, ki omogo\u010dajo ne\u017eno \u010di\u0161\u010denje zob in dlesni. Ta naraven pristop ne le prepre\u010duje neprijeten vonj, ampak tudi u\u010dinkovito odstranjuje zobne obloge in zmanj\u0161uje njihovo nastajanje. Izdelani so po postopku ne\u017enega hladnega stiskanja, ki zagotavlja, da se med postopkom stiskanja ohranijo dragocene hranilne snovi in \u200b\u200bvitamini. Z uporabo nizkega segrevanja ohranimo bistvene sestavine in vitamine, da zagotovimo najbolj\u0161o mo\u017eno kakovost.<\/p>\n<p>Primerno za vse pasme, mladi\u010de in starej\u0161e pse.<\/p>\n<p>&nbsp;<\/p>\n<p><strong>Navodilo za uporabo:<\/strong>\u00a0med treningom ali kot pribolj\u0161ek \u010dez dan.<\/p>\n<p>&nbsp;<\/p>\n<p>\u017dival mora imeti vedno na voljo dovolj sve\u017ee vode.<\/p>\n<p>&nbsp;<\/p>\n<p><strong>Sestava:<\/strong>\u00a0insekti (Hermetia illucens) 26%, rastlinski glicerin, krompir, grahov \u0161krob, tapiokin \u0161krob, alge, fosforna kislina.\u00a0<strong>Tehnolo\u0161ki dodatki:<\/strong>\u00a0propilen glikol, kalijev sorbat.<\/p>\n<p><strong>Analitska sestava:\u00a0<\/strong>Surove beljakovine 19 %, surova ma\u0161\u010doba 5 %, surova vlaknina 1 %, surovi pepel 5 %.<\/p>","protected":false},"excerpt":{"rendered":"<div class=\"elementor-element elementor-element-9846537 elementor-widget elementor-widget-porto_cp_description\" data-id=\"9846537\" data-element_type=\"widget\" data-widget_type=\"porto_cp_description.default\">\n<div class=\"elementor-widget-container\">\n<p>Pribolj\u0161ki na osnovi beljakovin iz insektov. Primerno za pse alergike. 85g.<\/p>\n<ul>\n<li>Brez \u017eitaric<\/li>\n<li>Z beljakovinami \u017eu\u017eelk kot edinim virom beljakovin<\/li>\n<li>\u010cisti zobe in neguje dlesni<\/li>\n<li>Odstranjuje in prepre\u010duje zobne obloge<\/li>\n<li>Idealno za intoleranco na hrano<\/li>\n<li>Primerno za vse pasme od mladi\u010dev do starej\u0161ih psov<\/li>\n<\/ul>\n<\/div>\n<\/div>","protected":false},"featured_media":5993,"comment_status":"open","ping_status":"closed","template":"","meta":{"_acf_changed":false,"_uag_custom_page_level_css":"","site-sidebar-layout":"default","site-content-layout":"","ast-site-content-layout":"default","site-content-style":"default","site-sidebar-style":"default","ast-global-header-display":"","ast-banner-title-visibility":"","ast-main-header-display":"","ast-hfb-above-header-display":"","ast-hfb-below-header-display":"","ast-hfb-mobile-header-display":"","site-post-title":"","ast-breadcrumbs-content":"","ast-featured-img":"","footer-sml-layout":"","ast-disable-related-posts":"","theme-transparent-header-meta":"default","adv-header-id-meta":"","stick-header-meta":"","header-above-stick-meta":"","header-main-stick-meta":"","header-below-stick-meta":"","astra-migrate-meta-layouts":"set","ast-page-background-enabled":"default","ast-page-background-meta":{"desktop":{"background-color":"","background-image":"","background-repeat":"repeat","background-position":"center center","background-size":"auto","background-attachment":"scroll","background-type":"","background-media":"","overlay-type":"","overlay-color":"","overlay-opacity":"","overlay-gradient":""},"tablet":{"background-color":"","background-image":"","background-repeat":"repeat","background-position":"center center","background-size":"auto","background-attachment":"scroll","background-type":"","background-media":"","overlay-type":"","overlay-color":"","overlay-opacity":"","overlay-gradient":""},"mobile":{"background-color":"","background-image":"","background-repeat":"repeat","background-position":"center center","background-size":"auto","background-attachment":"scroll","background-type":"","background-media":"","overlay-type":"","overlay-color":"","overlay-opacity":"","overlay-gradient":""}},"ast-content-background-meta":{"desktop":{"background-color":"var(--ast-global-color-5)","background-image":"","background-repeat":"repeat","background-position":"center center","background-size":"auto","background-attachment":"scroll","background-type":"","background-media":"","overlay-type":"","overlay-color":"","overlay-opacity":"","overlay-gradient":""},"tablet":{"background-color":"var(--ast-global-color-5)","background-image":"","background-repeat":"repeat","background-position":"center center","background-size":"auto","background-attachment":"scroll","background-type":"","background-media":"","overlay-type":"","overlay-color":"","overlay-opacity":"","overlay-gradient":""},"mobile":{"background-color":"var(--ast-global-color-5)","background-image":"","background-repeat":"repeat","background-position":"center center","background-size":"auto","background-attachment":"scroll","background-type":"","background-media":"","overlay-type":"","overlay-color":"","overlay-opacity":"","overlay-gradient":""}}},"product_brand":[],"product_cat":[725,154,366,723,18],"product_tag":[],"class_list":{"0":"post-5992","1":"product","2":"type-product","3":"status-publish","4":"has-post-thumbnail","6":"product_cat-hrana-za-pse","7":"product_cat-pasja-sola","8":"product_cat-priboljski","9":"product_cat-psi","10":"product_cat-vsi-izdelki","11":"desktop-align-center","12":"tablet-align-center","13":"mobile-align-center","15":"first","16":"outofstock","17":"shipping-taxable","18":"purchasable","19":"product-type-simple"},"acf":[],"yoast_head":"<!-- This site is optimized with the Yoast SEO plugin v27.4 - https:\/\/yoast.com\/product\/yoast-seo-wordpress\/ -->\n<title>dentalne pal\u010dke z insekti<\/title>\n<meta name=\"description\" content=\"Pribolj\u0161ki na osnovi beljakovin iz insektov. So brez \u017eit, primerni tudi za alergike in pse z ob\u010dutljivim \u010drevesjem.\" \/>\n<meta name=\"robots\" content=\"index, follow, max-snippet:-1, max-image-preview:large, max-video-preview:-1\" \/>\n<link rel=\"canonical\" href=\"https:\/\/trgovina.pasjauniverza.si\/en\/product\/entovital-dentalne-palcke-z-insekti\/\" \/>\n<meta property=\"og:locale\" content=\"en_US\" \/>\n<meta property=\"og:type\" content=\"article\" \/>\n<meta property=\"og:title\" content=\"dentalne pal\u010dke z insekti\" \/>\n<meta property=\"og:description\" content=\"Pribolj\u0161ki na osnovi beljakovin iz insektov. So brez \u017eit, primerni tudi za alergike in pse z ob\u010dutljivim \u010drevesjem.\" \/>\n<meta property=\"og:url\" content=\"https:\/\/trgovina.pasjauniverza.si\/en\/product\/entovital-dentalne-palcke-z-insekti\/\" \/>\n<meta property=\"og:site_name\" content=\"Trgovina Pasja Univerza\" \/>\n<meta property=\"article:modified_time\" content=\"2025-12-28T17:02:13+00:00\" \/>\n<meta property=\"og:image\" content=\"https:\/\/trgovina.pasjauniverza.si\/wp-content\/uploads\/2024\/10\/palcke-z-insekti.webp\" \/>\n\t<meta property=\"og:image:width\" content=\"1000\" \/>\n\t<meta property=\"og:image:height\" content=\"1000\" \/>\n\t<meta property=\"og:image:type\" content=\"image\/webp\" \/>\n<meta name=\"twitter:card\" content=\"summary_large_image\" \/>\n<meta name=\"twitter:label1\" content=\"Est. reading time\" \/>\n\t<meta name=\"twitter:data1\" content=\"2 minutes\" \/>\n<script type=\"application\/ld+json\" class=\"yoast-schema-graph\">{\"@context\":\"https:\\\/\\\/schema.org\",\"@graph\":[{\"@type\":\"WebPage\",\"@id\":\"https:\\\/\\\/trgovina.pasjauniverza.si\\\/product\\\/entovital-dentalne-palcke-z-insekti\\\/\",\"url\":\"https:\\\/\\\/trgovina.pasjauniverza.si\\\/product\\\/entovital-dentalne-palcke-z-insekti\\\/\",\"name\":\"dentalne pal\u010dke z insekti\",\"isPartOf\":{\"@id\":\"https:\\\/\\\/trgovina.pasjauniverza.si\\\/#website\"},\"primaryImageOfPage\":{\"@id\":\"https:\\\/\\\/trgovina.pasjauniverza.si\\\/product\\\/entovital-dentalne-palcke-z-insekti\\\/#primaryimage\"},\"image\":{\"@id\":\"https:\\\/\\\/trgovina.pasjauniverza.si\\\/product\\\/entovital-dentalne-palcke-z-insekti\\\/#primaryimage\"},\"thumbnailUrl\":\"https:\\\/\\\/trgovina.pasjauniverza.si\\\/wp-content\\\/uploads\\\/2024\\\/10\\\/palcke-z-insekti.webp\",\"datePublished\":\"2024-10-12T19:27:08+00:00\",\"dateModified\":\"2025-12-28T17:02:13+00:00\",\"description\":\"Pribolj\u0161ki na osnovi beljakovin iz insektov. So brez \u017eit, primerni tudi za alergike in pse z ob\u010dutljivim \u010drevesjem.\",\"breadcrumb\":{\"@id\":\"https:\\\/\\\/trgovina.pasjauniverza.si\\\/product\\\/entovital-dentalne-palcke-z-insekti\\\/#breadcrumb\"},\"inLanguage\":\"en-US\",\"potentialAction\":[{\"@type\":\"ReadAction\",\"target\":[\"https:\\\/\\\/trgovina.pasjauniverza.si\\\/product\\\/entovital-dentalne-palcke-z-insekti\\\/\"]}]},{\"@type\":\"ImageObject\",\"inLanguage\":\"en-US\",\"@id\":\"https:\\\/\\\/trgovina.pasjauniverza.si\\\/product\\\/entovital-dentalne-palcke-z-insekti\\\/#primaryimage\",\"url\":\"https:\\\/\\\/trgovina.pasjauniverza.si\\\/wp-content\\\/uploads\\\/2024\\\/10\\\/palcke-z-insekti.webp\",\"contentUrl\":\"https:\\\/\\\/trgovina.pasjauniverza.si\\\/wp-content\\\/uploads\\\/2024\\\/10\\\/palcke-z-insekti.webp\",\"width\":1000,\"height\":1000,\"caption\":\"pal\u010dke z insekti\"},{\"@type\":\"BreadcrumbList\",\"@id\":\"https:\\\/\\\/trgovina.pasjauniverza.si\\\/product\\\/entovital-dentalne-palcke-z-insekti\\\/#breadcrumb\",\"itemListElement\":[{\"@type\":\"ListItem\",\"position\":1,\"name\":\"Home\",\"item\":\"https:\\\/\\\/trgovina.pasjauniverza.si\\\/\"},{\"@type\":\"ListItem\",\"position\":2,\"name\":\"Trgovina\",\"item\":\"https:\\\/\\\/trgovina.pasjauniverza.si\\\/trgovina\\\/\"},{\"@type\":\"ListItem\",\"position\":3,\"name\":\"entoVITAL dentalne pal\u010dke z insekti\"}]},{\"@type\":\"WebSite\",\"@id\":\"https:\\\/\\\/trgovina.pasjauniverza.si\\\/#website\",\"url\":\"https:\\\/\\\/trgovina.pasjauniverza.si\\\/\",\"name\":\"Trgovina Pasja Univerza\",\"description\":\"pasja univerza trgovina\",\"publisher\":{\"@id\":\"https:\\\/\\\/trgovina.pasjauniverza.si\\\/#organization\"},\"potentialAction\":[{\"@type\":\"SearchAction\",\"target\":{\"@type\":\"EntryPoint\",\"urlTemplate\":\"https:\\\/\\\/trgovina.pasjauniverza.si\\\/?s={search_term_string}\"},\"query-input\":{\"@type\":\"PropertyValueSpecification\",\"valueRequired\":true,\"valueName\":\"search_term_string\"}}],\"inLanguage\":\"en-US\"},{\"@type\":\"Organization\",\"@id\":\"https:\\\/\\\/trgovina.pasjauniverza.si\\\/#organization\",\"name\":\"Trgovina Pasja Univerza\",\"url\":\"https:\\\/\\\/trgovina.pasjauniverza.si\\\/\",\"logo\":{\"@type\":\"ImageObject\",\"inLanguage\":\"en-US\",\"@id\":\"https:\\\/\\\/trgovina.pasjauniverza.si\\\/#\\\/schema\\\/logo\\\/image\\\/\",\"url\":\"https:\\\/\\\/trgovina.pasjauniverza.si\\\/wp-content\\\/uploads\\\/2024\\\/08\\\/cropped-logotipi-vector-04.png\",\"contentUrl\":\"https:\\\/\\\/trgovina.pasjauniverza.si\\\/wp-content\\\/uploads\\\/2024\\\/08\\\/cropped-logotipi-vector-04.png\",\"width\":942,\"height\":908,\"caption\":\"Trgovina Pasja Univerza\"},\"image\":{\"@id\":\"https:\\\/\\\/trgovina.pasjauniverza.si\\\/#\\\/schema\\\/logo\\\/image\\\/\"}}]}<\/script>\n<!-- \/ Yoast SEO plugin. -->","yoast_head_json":{"title":"dentalne pal\u010dke z insekti","description":"Pribolj\u0161ki na osnovi beljakovin iz insektov. So brez \u017eit, primerni tudi za alergike in pse z ob\u010dutljivim \u010drevesjem.","robots":{"index":"index","follow":"follow","max-snippet":"max-snippet:-1","max-image-preview":"max-image-preview:large","max-video-preview":"max-video-preview:-1"},"canonical":"https:\/\/trgovina.pasjauniverza.si\/en\/product\/entovital-dentalne-palcke-z-insekti\/","og_locale":"en_US","og_type":"article","og_title":"dentalne pal\u010dke z insekti","og_description":"Pribolj\u0161ki na osnovi beljakovin iz insektov. So brez \u017eit, primerni tudi za alergike in pse z ob\u010dutljivim \u010drevesjem.","og_url":"https:\/\/trgovina.pasjauniverza.si\/en\/product\/entovital-dentalne-palcke-z-insekti\/","og_site_name":"Trgovina Pasja Univerza","article_modified_time":"2025-12-28T17:02:13+00:00","og_image":[{"width":1000,"height":1000,"url":"https:\/\/trgovina.pasjauniverza.si\/wp-content\/uploads\/2024\/10\/palcke-z-insekti.webp","type":"image\/webp"}],"twitter_card":"summary_large_image","twitter_misc":{"Est. reading time":"2 minutes"},"schema":{"@context":"https:\/\/schema.org","@graph":[{"@type":"WebPage","@id":"https:\/\/trgovina.pasjauniverza.si\/product\/entovital-dentalne-palcke-z-insekti\/","url":"https:\/\/trgovina.pasjauniverza.si\/product\/entovital-dentalne-palcke-z-insekti\/","name":"dentalne pal\u010dke z insekti","isPartOf":{"@id":"https:\/\/trgovina.pasjauniverza.si\/#website"},"primaryImageOfPage":{"@id":"https:\/\/trgovina.pasjauniverza.si\/product\/entovital-dentalne-palcke-z-insekti\/#primaryimage"},"image":{"@id":"https:\/\/trgovina.pasjauniverza.si\/product\/entovital-dentalne-palcke-z-insekti\/#primaryimage"},"thumbnailUrl":"https:\/\/trgovina.pasjauniverza.si\/wp-content\/uploads\/2024\/10\/palcke-z-insekti.webp","datePublished":"2024-10-12T19:27:08+00:00","dateModified":"2025-12-28T17:02:13+00:00","description":"Pribolj\u0161ki na osnovi beljakovin iz insektov. So brez \u017eit, primerni tudi za alergike in pse z ob\u010dutljivim \u010drevesjem.","breadcrumb":{"@id":"https:\/\/trgovina.pasjauniverza.si\/product\/entovital-dentalne-palcke-z-insekti\/#breadcrumb"},"inLanguage":"en-US","potentialAction":[{"@type":"ReadAction","target":["https:\/\/trgovina.pasjauniverza.si\/product\/entovital-dentalne-palcke-z-insekti\/"]}]},{"@type":"ImageObject","inLanguage":"en-US","@id":"https:\/\/trgovina.pasjauniverza.si\/product\/entovital-dentalne-palcke-z-insekti\/#primaryimage","url":"https:\/\/trgovina.pasjauniverza.si\/wp-content\/uploads\/2024\/10\/palcke-z-insekti.webp","contentUrl":"https:\/\/trgovina.pasjauniverza.si\/wp-content\/uploads\/2024\/10\/palcke-z-insekti.webp","width":1000,"height":1000,"caption":"pal\u010dke z insekti"},{"@type":"BreadcrumbList","@id":"https:\/\/trgovina.pasjauniverza.si\/product\/entovital-dentalne-palcke-z-insekti\/#breadcrumb","itemListElement":[{"@type":"ListItem","position":1,"name":"Home","item":"https:\/\/trgovina.pasjauniverza.si\/"},{"@type":"ListItem","position":2,"name":"Trgovina","item":"https:\/\/trgovina.pasjauniverza.si\/trgovina\/"},{"@type":"ListItem","position":3,"name":"entoVITAL dentalne pal\u010dke z insekti"}]},{"@type":"WebSite","@id":"https:\/\/trgovina.pasjauniverza.si\/#website","url":"https:\/\/trgovina.pasjauniverza.si\/","name":"Trgovina Pasja Univerza","description":"pasja univerza trgovina","publisher":{"@id":"https:\/\/trgovina.pasjauniverza.si\/#organization"},"potentialAction":[{"@type":"SearchAction","target":{"@type":"EntryPoint","urlTemplate":"https:\/\/trgovina.pasjauniverza.si\/?s={search_term_string}"},"query-input":{"@type":"PropertyValueSpecification","valueRequired":true,"valueName":"search_term_string"}}],"inLanguage":"en-US"},{"@type":"Organization","@id":"https:\/\/trgovina.pasjauniverza.si\/#organization","name":"Trgovina Pasja Univerza","url":"https:\/\/trgovina.pasjauniverza.si\/","logo":{"@type":"ImageObject","inLanguage":"en-US","@id":"https:\/\/trgovina.pasjauniverza.si\/#\/schema\/logo\/image\/","url":"https:\/\/trgovina.pasjauniverza.si\/wp-content\/uploads\/2024\/08\/cropped-logotipi-vector-04.png","contentUrl":"https:\/\/trgovina.pasjauniverza.si\/wp-content\/uploads\/2024\/08\/cropped-logotipi-vector-04.png","width":942,"height":908,"caption":"Trgovina Pasja Univerza"},"image":{"@id":"https:\/\/trgovina.pasjauniverza.si\/#\/schema\/logo\/image\/"}}]}},"uagb_featured_image_src":{"full":["https:\/\/trgovina.pasjauniverza.si\/wp-content\/uploads\/2024\/10\/palcke-z-insekti.webp",1000,1000,false],"thumbnail":["https:\/\/trgovina.pasjauniverza.si\/wp-content\/uploads\/2024\/10\/palcke-z-insekti-150x150.webp",150,150,true],"medium":["https:\/\/trgovina.pasjauniverza.si\/wp-content\/uploads\/2024\/10\/palcke-z-insekti-300x300.webp",300,300,true],"medium_large":["https:\/\/trgovina.pasjauniverza.si\/wp-content\/uploads\/2024\/10\/palcke-z-insekti-768x768.webp",768,768,true],"large":["https:\/\/trgovina.pasjauniverza.si\/wp-content\/uploads\/2024\/10\/palcke-z-insekti.webp",1000,1000,false],"1536x1536":["https:\/\/trgovina.pasjauniverza.si\/wp-content\/uploads\/2024\/10\/palcke-z-insekti.webp",1000,1000,false],"2048x2048":["https:\/\/trgovina.pasjauniverza.si\/wp-content\/uploads\/2024\/10\/palcke-z-insekti.webp",1000,1000,false],"trp-custom-language-flag":["https:\/\/trgovina.pasjauniverza.si\/wp-content\/uploads\/2024\/10\/palcke-z-insekti-12x12.webp",12,12,true],"woocommerce_thumbnail":["https:\/\/trgovina.pasjauniverza.si\/wp-content\/uploads\/2024\/10\/palcke-z-insekti-300x300.webp",300,300,true],"woocommerce_single":["https:\/\/trgovina.pasjauniverza.si\/wp-content\/uploads\/2024\/10\/palcke-z-insekti-600x600.webp",600,600,true],"woocommerce_gallery_thumbnail":["https:\/\/trgovina.pasjauniverza.si\/wp-content\/uploads\/2024\/10\/palcke-z-insekti-100x100.webp",100,100,true]},"uagb_author_info":{"display_name":"Karmen Grubeli\u0107, dr.vet.med.","author_link":"https:\/\/trgovina.pasjauniverza.si\/en\/author\/"},"uagb_comment_info":0,"uagb_excerpt":"Pribolj\u0161ki na osnovi beljakovin iz insektov. Primerno za pse alergike. 85g. Brez \u017eitaric Z beljakovinami \u017eu\u017eelk kot edinim virom beljakovin \u010cisti zobe in neguje dlesni Odstranjuje in prepre\u010duje zobne obloge Idealno za intoleranco na hrano Primerno za vse pasme od mladi\u010dev do starej\u0161ih psov","jetpack_sharing_enabled":true,"_links":{"self":[{"href":"https:\/\/trgovina.pasjauniverza.si\/en\/wp-json\/wp\/v2\/product\/5992","targetHints":{"allow":["GET"]}}],"collection":[{"href":"https:\/\/trgovina.pasjauniverza.si\/en\/wp-json\/wp\/v2\/product"}],"about":[{"href":"https:\/\/trgovina.pasjauniverza.si\/en\/wp-json\/wp\/v2\/types\/product"}],"replies":[{"embeddable":true,"href":"https:\/\/trgovina.pasjauniverza.si\/en\/wp-json\/wp\/v2\/comments?post=5992"}],"wp:featuredmedia":[{"embeddable":true,"href":"https:\/\/trgovina.pasjauniverza.si\/en\/wp-json\/wp\/v2\/media\/5993"}],"wp:attachment":[{"href":"https:\/\/trgovina.pasjauniverza.si\/en\/wp-json\/wp\/v2\/media?parent=5992"}],"wp:term":[{"taxonomy":"product_brand","embeddable":true,"href":"https:\/\/trgovina.pasjauniverza.si\/en\/wp-json\/wp\/v2\/product_brand?post=5992"},{"taxonomy":"product_cat","embeddable":true,"href":"https:\/\/trgovina.pasjauniverza.si\/en\/wp-json\/wp\/v2\/product_cat?post=5992"},{"taxonomy":"product_tag","embeddable":true,"href":"https:\/\/trgovina.pasjauniverza.si\/en\/wp-json\/wp\/v2\/product_tag?post=5992"}],"curies":[{"name":"wp","href":"https:\/\/api.w.org\/{rel}","templated":true}]}}