
{"id":5950,"date":"2024-09-30T07:50:30","date_gmt":"2024-09-30T07:50:30","guid":{"rendered":"https:\/\/trgovina.pasjauniverza.si\/?post_type=product&#038;p=5950"},"modified":"2025-12-14T16:09:02","modified_gmt":"2025-12-14T16:09:02","slug":"provilan-vet-ear-care-probioticno-razprsilo-za-ciscenje-uses","status":"publish","type":"product","link":"https:\/\/trgovina.pasjauniverza.si\/en\/product\/provilan-vet-ear-care-probioticno-razprsilo-za-ciscenje-uses\/","title":{"rendered":"Provilan\u00ae Vet. Ear Care \u2013 Probioti\u010dno razpr\u0161ilo za \u010di\u0161\u010denje u\u0161es"},"content":{"rendered":"<p>Provilan Vet Probioti\u010dno razpr\u0161ilo za \u010di\u0161\u010denje u\u0161es omogo\u010da hitro in enostavno vzdr\u017eevanje higiene u\u0161es \u017eivali. Probiotiki temeljito o\u010distijo u\u0161esni kanal, vzpostavijo zdravo mikrobno ravnovesje in odstranijo organske odpadke, ki lahko povzro\u010dijo vnetje.<\/p>\n<p><strong>Te\u017eave z u\u0161esi pri \u017eivalih<\/strong>\u00a0\u2013 Vnetje u\u0161es je ponavljajo\u010da te\u017eava pri ma\u010dkih in psih. Notranji in zunanji slu\u0161ni kanali so umazani, rde\u010di in lahko oddajajo neprijeten vonj. Pr\u0161ice v u\u0161esu, ki \u017eivijo v u\u0161esnem maslu, so glavni vzrok teh oku\u017eb in lahko povzro\u010dijo tudi intenzivno srbenje.<\/p>\n<p>Oku\u017eba, ki ni zdravljena pravo\u010dasno, lahko privede do \u0161kodljivih posledic, kot so te\u017eave s sluhom in gluhost. Zato je pomembno, da temu posvetite pozornost in redno negujete u\u0161esa.<\/p>\n<p><strong>Primeri uporabe<\/strong>: redna nega, pove\u010dana koli\u010dina u\u0161esnega masla, neprijeten vonj iz u\u0161es, srbenje, rde\u010dica, alergije, glivice \u2026<\/p>\n<p><strong>Navodila<\/strong>: Pred uporabo pretresite. Nekajkrat razpri\u0161ite v uho ali vlijte nekaj kapljic neposredno v uho od dvakrat do \u0161tirikrat na teden (po potrebi uporabite pipeto), odvisno od stopnje \u010distosti. Pustite delovati, nato uporabite mehko krpo (ne vatirano pal\u010dko). Ali razpr\u0161ite na mehko krpo in podrgnite notranjost u\u0161esa.<\/p>\n<p><strong>Naravne sestavine. Ne\u017eno do sluznice in ko\u017ee. Vegansko. Razvito s strani veterinarja in strokovnjakov.<\/strong><\/p>\n<p><strong>Pakiranje<\/strong>: Razpr\u0161ilo 100 ml.<\/p>\n<p><strong>Sestava<\/strong>: Voda, mikroorganizmi, mehke povr\u0161insko aktivne snovi, pH stabilizator.<\/p>\n<p><strong>Priporo\u010dila<\/strong>: Pred uporabo pretresite. Ne uporabljajte v kombinaciji z drugimi izdelki. Ne zau\u017eijte. Izogibajte se stiku z o\u010dmi. Hranite na suhem mestu med 10 \u00b0C in 35 \u00b0C, izven dosega otrok.<\/p>","protected":false},"excerpt":{"rendered":"<p>Vzdr\u017euje higieno u\u0161es in zmanj\u0161uje mo\u017enost vnetij in oku\u017eb. \u0160e posebej primerno za pse, ki imajo pove\u0161ena u\u0161esa in so nagnjeni k te\u017eavam z u\u0161esi.<\/p>\n<p>100mL<\/p>","protected":false},"featured_media":5951,"comment_status":"open","ping_status":"closed","template":"","meta":{"_acf_changed":false,"_uag_custom_page_level_css":"","site-sidebar-layout":"default","site-content-layout":"","ast-site-content-layout":"default","site-content-style":"default","site-sidebar-style":"default","ast-global-header-display":"","ast-banner-title-visibility":"","ast-main-header-display":"","ast-hfb-above-header-display":"","ast-hfb-below-header-display":"","ast-hfb-mobile-header-display":"","site-post-title":"","ast-breadcrumbs-content":"","ast-featured-img":"","footer-sml-layout":"","ast-disable-related-posts":"","theme-transparent-header-meta":"default","adv-header-id-meta":"","stick-header-meta":"","header-above-stick-meta":"","header-main-stick-meta":"","header-below-stick-meta":"","astra-migrate-meta-layouts":"set","ast-page-background-enabled":"default","ast-page-background-meta":{"desktop":{"background-color":"","background-image":"","background-repeat":"repeat","background-position":"center center","background-size":"auto","background-attachment":"scroll","background-type":"","background-media":"","overlay-type":"","overlay-color":"","overlay-opacity":"","overlay-gradient":""},"tablet":{"background-color":"","background-image":"","background-repeat":"repeat","background-position":"center center","background-size":"auto","background-attachment":"scroll","background-type":"","background-media":"","overlay-type":"","overlay-color":"","overlay-opacity":"","overlay-gradient":""},"mobile":{"background-color":"","background-image":"","background-repeat":"repeat","background-position":"center center","background-size":"auto","background-attachment":"scroll","background-type":"","background-media":"","overlay-type":"","overlay-color":"","overlay-opacity":"","overlay-gradient":""}},"ast-content-background-meta":{"desktop":{"background-color":"var(--ast-global-color-5)","background-image":"","background-repeat":"repeat","background-position":"center center","background-size":"auto","background-attachment":"scroll","background-type":"","background-media":"","overlay-type":"","overlay-color":"","overlay-opacity":"","overlay-gradient":""},"tablet":{"background-color":"var(--ast-global-color-5)","background-image":"","background-repeat":"repeat","background-position":"center center","background-size":"auto","background-attachment":"scroll","background-type":"","background-media":"","overlay-type":"","overlay-color":"","overlay-opacity":"","overlay-gradient":""},"mobile":{"background-color":"var(--ast-global-color-5)","background-image":"","background-repeat":"repeat","background-position":"center center","background-size":"auto","background-attachment":"scroll","background-type":"","background-media":"","overlay-type":"","overlay-color":"","overlay-opacity":"","overlay-gradient":""}}},"product_brand":[935],"product_cat":[724,94,764,723,18],"product_tag":[103,104,105],"class_list":{"0":"post-5950","1":"product","2":"type-product","3":"status-publish","4":"has-post-thumbnail","6":"product_brand-provilan","7":"product_cat-macke","8":"product_cat-nega","9":"product_cat-nega-uses","10":"product_cat-psi","11":"product_cat-vsi-izdelki","12":"product_tag-ciscenje-uses","13":"product_tag-razprsilo","14":"product_tag-usesa","15":"desktop-align-center","16":"tablet-align-center","17":"mobile-align-center","19":"first","20":"outofstock","21":"shipping-taxable","22":"purchasable","23":"product-type-simple"},"acf":[],"yoast_head":"<!-- This site is optimized with the Yoast SEO plugin v27.4 - https:\/\/yoast.com\/product\/yoast-seo-wordpress\/ -->\n<title>Probioti\u010dno razpr\u0161ilo za \u010di\u0161\u010denje u\u0161es<\/title>\n<meta name=\"description\" content=\"Probioti\u010dno razpr\u0161ilo za \u010di\u0161\u010denje u\u0161es\" \/>\n<meta name=\"robots\" content=\"index, follow, max-snippet:-1, max-image-preview:large, max-video-preview:-1\" \/>\n<link rel=\"canonical\" href=\"https:\/\/trgovina.pasjauniverza.si\/en\/product\/provilan-vet-ear-care-probioticno-razprsilo-za-ciscenje-uses\/\" \/>\n<meta property=\"og:locale\" content=\"en_US\" \/>\n<meta property=\"og:type\" content=\"article\" \/>\n<meta property=\"og:title\" content=\"Probioti\u010dno razpr\u0161ilo za \u010di\u0161\u010denje u\u0161es\" \/>\n<meta property=\"og:description\" content=\"Probioti\u010dno razpr\u0161ilo za \u010di\u0161\u010denje u\u0161es\" \/>\n<meta property=\"og:url\" content=\"https:\/\/trgovina.pasjauniverza.si\/en\/product\/provilan-vet-ear-care-probioticno-razprsilo-za-ciscenje-uses\/\" \/>\n<meta property=\"og:site_name\" content=\"Trgovina Pasja Univerza\" \/>\n<meta property=\"article:modified_time\" content=\"2025-12-14T16:09:02+00:00\" \/>\n<meta property=\"og:image\" content=\"https:\/\/trgovina.pasjauniverza.si\/wp-content\/uploads\/2024\/09\/provilan-vet-probioticno-razprsilo-za-ciscenjewebp.webp\" \/>\n\t<meta property=\"og:image:width\" content=\"800\" \/>\n\t<meta property=\"og:image:height\" content=\"800\" \/>\n\t<meta property=\"og:image:type\" content=\"image\/webp\" \/>\n<meta name=\"twitter:card\" content=\"summary_large_image\" \/>\n<meta name=\"twitter:label1\" content=\"Est. reading time\" \/>\n\t<meta name=\"twitter:data1\" content=\"2 minutes\" \/>\n<script type=\"application\/ld+json\" class=\"yoast-schema-graph\">{\"@context\":\"https:\\\/\\\/schema.org\",\"@graph\":[{\"@type\":\"WebPage\",\"@id\":\"https:\\\/\\\/trgovina.pasjauniverza.si\\\/product\\\/provilan-vet-ear-care-probioticno-razprsilo-za-ciscenje-uses\\\/\",\"url\":\"https:\\\/\\\/trgovina.pasjauniverza.si\\\/product\\\/provilan-vet-ear-care-probioticno-razprsilo-za-ciscenje-uses\\\/\",\"name\":\"Probioti\u010dno razpr\u0161ilo za \u010di\u0161\u010denje u\u0161es\",\"isPartOf\":{\"@id\":\"https:\\\/\\\/trgovina.pasjauniverza.si\\\/#website\"},\"primaryImageOfPage\":{\"@id\":\"https:\\\/\\\/trgovina.pasjauniverza.si\\\/product\\\/provilan-vet-ear-care-probioticno-razprsilo-za-ciscenje-uses\\\/#primaryimage\"},\"image\":{\"@id\":\"https:\\\/\\\/trgovina.pasjauniverza.si\\\/product\\\/provilan-vet-ear-care-probioticno-razprsilo-za-ciscenje-uses\\\/#primaryimage\"},\"thumbnailUrl\":\"https:\\\/\\\/trgovina.pasjauniverza.si\\\/wp-content\\\/uploads\\\/2024\\\/09\\\/provilan-vet-probioticno-razprsilo-za-ciscenjewebp.webp\",\"datePublished\":\"2024-09-30T07:50:30+00:00\",\"dateModified\":\"2025-12-14T16:09:02+00:00\",\"description\":\"Probioti\u010dno razpr\u0161ilo za \u010di\u0161\u010denje u\u0161es\",\"breadcrumb\":{\"@id\":\"https:\\\/\\\/trgovina.pasjauniverza.si\\\/product\\\/provilan-vet-ear-care-probioticno-razprsilo-za-ciscenje-uses\\\/#breadcrumb\"},\"inLanguage\":\"en-US\",\"potentialAction\":[{\"@type\":\"ReadAction\",\"target\":[\"https:\\\/\\\/trgovina.pasjauniverza.si\\\/product\\\/provilan-vet-ear-care-probioticno-razprsilo-za-ciscenje-uses\\\/\"]}]},{\"@type\":\"ImageObject\",\"inLanguage\":\"en-US\",\"@id\":\"https:\\\/\\\/trgovina.pasjauniverza.si\\\/product\\\/provilan-vet-ear-care-probioticno-razprsilo-za-ciscenje-uses\\\/#primaryimage\",\"url\":\"https:\\\/\\\/trgovina.pasjauniverza.si\\\/wp-content\\\/uploads\\\/2024\\\/09\\\/provilan-vet-probioticno-razprsilo-za-ciscenjewebp.webp\",\"contentUrl\":\"https:\\\/\\\/trgovina.pasjauniverza.si\\\/wp-content\\\/uploads\\\/2024\\\/09\\\/provilan-vet-probioticno-razprsilo-za-ciscenjewebp.webp\",\"width\":800,\"height\":800,\"caption\":\"Provilan\u00ae Vet. Ear Care \u2013 Probioti\u010dno razpr\u0161ilo za \u010di\u0161\u010denje u\u0161es\"},{\"@type\":\"BreadcrumbList\",\"@id\":\"https:\\\/\\\/trgovina.pasjauniverza.si\\\/product\\\/provilan-vet-ear-care-probioticno-razprsilo-za-ciscenje-uses\\\/#breadcrumb\",\"itemListElement\":[{\"@type\":\"ListItem\",\"position\":1,\"name\":\"Home\",\"item\":\"https:\\\/\\\/trgovina.pasjauniverza.si\\\/\"},{\"@type\":\"ListItem\",\"position\":2,\"name\":\"Trgovina\",\"item\":\"https:\\\/\\\/trgovina.pasjauniverza.si\\\/trgovina\\\/\"},{\"@type\":\"ListItem\",\"position\":3,\"name\":\"Provilan\u00ae Vet. Ear Care \u2013 Probioti\u010dno razpr\u0161ilo za \u010di\u0161\u010denje u\u0161es\"}]},{\"@type\":\"WebSite\",\"@id\":\"https:\\\/\\\/trgovina.pasjauniverza.si\\\/#website\",\"url\":\"https:\\\/\\\/trgovina.pasjauniverza.si\\\/\",\"name\":\"Trgovina Pasja Univerza\",\"description\":\"pasja univerza trgovina\",\"publisher\":{\"@id\":\"https:\\\/\\\/trgovina.pasjauniverza.si\\\/#organization\"},\"potentialAction\":[{\"@type\":\"SearchAction\",\"target\":{\"@type\":\"EntryPoint\",\"urlTemplate\":\"https:\\\/\\\/trgovina.pasjauniverza.si\\\/?s={search_term_string}\"},\"query-input\":{\"@type\":\"PropertyValueSpecification\",\"valueRequired\":true,\"valueName\":\"search_term_string\"}}],\"inLanguage\":\"en-US\"},{\"@type\":\"Organization\",\"@id\":\"https:\\\/\\\/trgovina.pasjauniverza.si\\\/#organization\",\"name\":\"Trgovina Pasja Univerza\",\"url\":\"https:\\\/\\\/trgovina.pasjauniverza.si\\\/\",\"logo\":{\"@type\":\"ImageObject\",\"inLanguage\":\"en-US\",\"@id\":\"https:\\\/\\\/trgovina.pasjauniverza.si\\\/#\\\/schema\\\/logo\\\/image\\\/\",\"url\":\"https:\\\/\\\/trgovina.pasjauniverza.si\\\/wp-content\\\/uploads\\\/2024\\\/08\\\/cropped-logotipi-vector-04.png\",\"contentUrl\":\"https:\\\/\\\/trgovina.pasjauniverza.si\\\/wp-content\\\/uploads\\\/2024\\\/08\\\/cropped-logotipi-vector-04.png\",\"width\":942,\"height\":908,\"caption\":\"Trgovina Pasja Univerza\"},\"image\":{\"@id\":\"https:\\\/\\\/trgovina.pasjauniverza.si\\\/#\\\/schema\\\/logo\\\/image\\\/\"}}]}<\/script>\n<!-- \/ Yoast SEO plugin. -->","yoast_head_json":{"title":"Probioti\u010dno razpr\u0161ilo za \u010di\u0161\u010denje u\u0161es","description":"Probioti\u010dno razpr\u0161ilo za \u010di\u0161\u010denje u\u0161es","robots":{"index":"index","follow":"follow","max-snippet":"max-snippet:-1","max-image-preview":"max-image-preview:large","max-video-preview":"max-video-preview:-1"},"canonical":"https:\/\/trgovina.pasjauniverza.si\/en\/product\/provilan-vet-ear-care-probioticno-razprsilo-za-ciscenje-uses\/","og_locale":"en_US","og_type":"article","og_title":"Probioti\u010dno razpr\u0161ilo za \u010di\u0161\u010denje u\u0161es","og_description":"Probioti\u010dno razpr\u0161ilo za \u010di\u0161\u010denje u\u0161es","og_url":"https:\/\/trgovina.pasjauniverza.si\/en\/product\/provilan-vet-ear-care-probioticno-razprsilo-za-ciscenje-uses\/","og_site_name":"Trgovina Pasja Univerza","article_modified_time":"2025-12-14T16:09:02+00:00","og_image":[{"width":800,"height":800,"url":"https:\/\/trgovina.pasjauniverza.si\/wp-content\/uploads\/2024\/09\/provilan-vet-probioticno-razprsilo-za-ciscenjewebp.webp","type":"image\/webp"}],"twitter_card":"summary_large_image","twitter_misc":{"Est. reading time":"2 minutes"},"schema":{"@context":"https:\/\/schema.org","@graph":[{"@type":"WebPage","@id":"https:\/\/trgovina.pasjauniverza.si\/product\/provilan-vet-ear-care-probioticno-razprsilo-za-ciscenje-uses\/","url":"https:\/\/trgovina.pasjauniverza.si\/product\/provilan-vet-ear-care-probioticno-razprsilo-za-ciscenje-uses\/","name":"Probioti\u010dno razpr\u0161ilo za \u010di\u0161\u010denje u\u0161es","isPartOf":{"@id":"https:\/\/trgovina.pasjauniverza.si\/#website"},"primaryImageOfPage":{"@id":"https:\/\/trgovina.pasjauniverza.si\/product\/provilan-vet-ear-care-probioticno-razprsilo-za-ciscenje-uses\/#primaryimage"},"image":{"@id":"https:\/\/trgovina.pasjauniverza.si\/product\/provilan-vet-ear-care-probioticno-razprsilo-za-ciscenje-uses\/#primaryimage"},"thumbnailUrl":"https:\/\/trgovina.pasjauniverza.si\/wp-content\/uploads\/2024\/09\/provilan-vet-probioticno-razprsilo-za-ciscenjewebp.webp","datePublished":"2024-09-30T07:50:30+00:00","dateModified":"2025-12-14T16:09:02+00:00","description":"Probioti\u010dno razpr\u0161ilo za \u010di\u0161\u010denje u\u0161es","breadcrumb":{"@id":"https:\/\/trgovina.pasjauniverza.si\/product\/provilan-vet-ear-care-probioticno-razprsilo-za-ciscenje-uses\/#breadcrumb"},"inLanguage":"en-US","potentialAction":[{"@type":"ReadAction","target":["https:\/\/trgovina.pasjauniverza.si\/product\/provilan-vet-ear-care-probioticno-razprsilo-za-ciscenje-uses\/"]}]},{"@type":"ImageObject","inLanguage":"en-US","@id":"https:\/\/trgovina.pasjauniverza.si\/product\/provilan-vet-ear-care-probioticno-razprsilo-za-ciscenje-uses\/#primaryimage","url":"https:\/\/trgovina.pasjauniverza.si\/wp-content\/uploads\/2024\/09\/provilan-vet-probioticno-razprsilo-za-ciscenjewebp.webp","contentUrl":"https:\/\/trgovina.pasjauniverza.si\/wp-content\/uploads\/2024\/09\/provilan-vet-probioticno-razprsilo-za-ciscenjewebp.webp","width":800,"height":800,"caption":"Provilan\u00ae Vet. Ear Care \u2013 Probioti\u010dno razpr\u0161ilo za \u010di\u0161\u010denje u\u0161es"},{"@type":"BreadcrumbList","@id":"https:\/\/trgovina.pasjauniverza.si\/product\/provilan-vet-ear-care-probioticno-razprsilo-za-ciscenje-uses\/#breadcrumb","itemListElement":[{"@type":"ListItem","position":1,"name":"Home","item":"https:\/\/trgovina.pasjauniverza.si\/"},{"@type":"ListItem","position":2,"name":"Trgovina","item":"https:\/\/trgovina.pasjauniverza.si\/trgovina\/"},{"@type":"ListItem","position":3,"name":"Provilan\u00ae Vet. Ear Care \u2013 Probioti\u010dno razpr\u0161ilo za \u010di\u0161\u010denje u\u0161es"}]},{"@type":"WebSite","@id":"https:\/\/trgovina.pasjauniverza.si\/#website","url":"https:\/\/trgovina.pasjauniverza.si\/","name":"Trgovina Pasja Univerza","description":"pasja univerza trgovina","publisher":{"@id":"https:\/\/trgovina.pasjauniverza.si\/#organization"},"potentialAction":[{"@type":"SearchAction","target":{"@type":"EntryPoint","urlTemplate":"https:\/\/trgovina.pasjauniverza.si\/?s={search_term_string}"},"query-input":{"@type":"PropertyValueSpecification","valueRequired":true,"valueName":"search_term_string"}}],"inLanguage":"en-US"},{"@type":"Organization","@id":"https:\/\/trgovina.pasjauniverza.si\/#organization","name":"Trgovina Pasja Univerza","url":"https:\/\/trgovina.pasjauniverza.si\/","logo":{"@type":"ImageObject","inLanguage":"en-US","@id":"https:\/\/trgovina.pasjauniverza.si\/#\/schema\/logo\/image\/","url":"https:\/\/trgovina.pasjauniverza.si\/wp-content\/uploads\/2024\/08\/cropped-logotipi-vector-04.png","contentUrl":"https:\/\/trgovina.pasjauniverza.si\/wp-content\/uploads\/2024\/08\/cropped-logotipi-vector-04.png","width":942,"height":908,"caption":"Trgovina Pasja Univerza"},"image":{"@id":"https:\/\/trgovina.pasjauniverza.si\/#\/schema\/logo\/image\/"}}]}},"uagb_featured_image_src":{"full":["https:\/\/trgovina.pasjauniverza.si\/wp-content\/uploads\/2024\/09\/provilan-vet-probioticno-razprsilo-za-ciscenjewebp.webp",800,800,false],"thumbnail":["https:\/\/trgovina.pasjauniverza.si\/wp-content\/uploads\/2024\/09\/provilan-vet-probioticno-razprsilo-za-ciscenjewebp-150x150.webp",150,150,true],"medium":["https:\/\/trgovina.pasjauniverza.si\/wp-content\/uploads\/2024\/09\/provilan-vet-probioticno-razprsilo-za-ciscenjewebp-300x300.webp",300,300,true],"medium_large":["https:\/\/trgovina.pasjauniverza.si\/wp-content\/uploads\/2024\/09\/provilan-vet-probioticno-razprsilo-za-ciscenjewebp-768x768.webp",768,768,true],"large":["https:\/\/trgovina.pasjauniverza.si\/wp-content\/uploads\/2024\/09\/provilan-vet-probioticno-razprsilo-za-ciscenjewebp.webp",800,800,false],"1536x1536":["https:\/\/trgovina.pasjauniverza.si\/wp-content\/uploads\/2024\/09\/provilan-vet-probioticno-razprsilo-za-ciscenjewebp.webp",800,800,false],"2048x2048":["https:\/\/trgovina.pasjauniverza.si\/wp-content\/uploads\/2024\/09\/provilan-vet-probioticno-razprsilo-za-ciscenjewebp.webp",800,800,false],"trp-custom-language-flag":["https:\/\/trgovina.pasjauniverza.si\/wp-content\/uploads\/2024\/09\/provilan-vet-probioticno-razprsilo-za-ciscenjewebp-12x12.webp",12,12,true],"woocommerce_thumbnail":["https:\/\/trgovina.pasjauniverza.si\/wp-content\/uploads\/2024\/09\/provilan-vet-probioticno-razprsilo-za-ciscenjewebp-300x300.webp",300,300,true],"woocommerce_single":["https:\/\/trgovina.pasjauniverza.si\/wp-content\/uploads\/2024\/09\/provilan-vet-probioticno-razprsilo-za-ciscenjewebp-600x600.webp",600,600,true],"woocommerce_gallery_thumbnail":["https:\/\/trgovina.pasjauniverza.si\/wp-content\/uploads\/2024\/09\/provilan-vet-probioticno-razprsilo-za-ciscenjewebp-100x100.webp",100,100,true]},"uagb_author_info":{"display_name":"Karmen Grubeli\u0107, dr.vet.med.","author_link":"https:\/\/trgovina.pasjauniverza.si\/en\/author\/"},"uagb_comment_info":0,"uagb_excerpt":"Vzdr\u017euje higieno u\u0161es in zmanj\u0161uje mo\u017enost vnetij in oku\u017eb. \u0160e posebej primerno za pse, ki imajo pove\u0161ena u\u0161esa in so nagnjeni k te\u017eavam z u\u0161esi. 100mL","jetpack_sharing_enabled":true,"_links":{"self":[{"href":"https:\/\/trgovina.pasjauniverza.si\/en\/wp-json\/wp\/v2\/product\/5950","targetHints":{"allow":["GET"]}}],"collection":[{"href":"https:\/\/trgovina.pasjauniverza.si\/en\/wp-json\/wp\/v2\/product"}],"about":[{"href":"https:\/\/trgovina.pasjauniverza.si\/en\/wp-json\/wp\/v2\/types\/product"}],"replies":[{"embeddable":true,"href":"https:\/\/trgovina.pasjauniverza.si\/en\/wp-json\/wp\/v2\/comments?post=5950"}],"wp:featuredmedia":[{"embeddable":true,"href":"https:\/\/trgovina.pasjauniverza.si\/en\/wp-json\/wp\/v2\/media\/5951"}],"wp:attachment":[{"href":"https:\/\/trgovina.pasjauniverza.si\/en\/wp-json\/wp\/v2\/media?parent=5950"}],"wp:term":[{"taxonomy":"product_brand","embeddable":true,"href":"https:\/\/trgovina.pasjauniverza.si\/en\/wp-json\/wp\/v2\/product_brand?post=5950"},{"taxonomy":"product_cat","embeddable":true,"href":"https:\/\/trgovina.pasjauniverza.si\/en\/wp-json\/wp\/v2\/product_cat?post=5950"},{"taxonomy":"product_tag","embeddable":true,"href":"https:\/\/trgovina.pasjauniverza.si\/en\/wp-json\/wp\/v2\/product_tag?post=5950"}],"curies":[{"name":"wp","href":"https:\/\/api.w.org\/{rel}","templated":true}]}}