
{"id":5821,"date":"2024-09-27T12:52:44","date_gmt":"2024-09-27T12:52:44","guid":{"rendered":"https:\/\/trgovina.pasjauniverza.si\/?post_type=product&#038;p=5821"},"modified":"2025-09-01T09:08:36","modified_gmt":"2025-09-01T09:08:36","slug":"biorazgradljive-vrecke-za-pasje-iztrebke-z-vonjem-drecke","status":"publish","type":"product","link":"https:\/\/trgovina.pasjauniverza.si\/en\/product\/biorazgradljive-vrecke-za-pasje-iztrebke-z-vonjem-drecke\/","title":{"rendered":"Biorazgradljive vre\u010dke za pasje iztrebke z vonjem, dre\u010dke"},"content":{"rendered":"<p>Vsak\u00a0<strong>odgovoren pasji lastnik<\/strong>\u00a0za psom pobira iztrebke, \u0161e bolj odgovorni pa to po\u010dnejo z\u00a0<strong>razgradljivimi dre\u010dkami<\/strong>! Z uporabo razgradljivih dre\u010dk zmanj\u0161ujemo uporabo plastike in posledi\u010den pritisk na okolje.<\/p>\n<p>Vre\u010dke so <strong>odi\u0161avljene<\/strong>\u00a0in so\u00a0<strong>biolo\u0161ko razgradljive<\/strong>. Uporaba dre\u010dk je zelo\u00a0<strong>enostavna<\/strong>, uporabo si lahko olaj\u0161ate \u0161e z uporabo\u00a0<strong>nosilca za dre\u010dke<\/strong>. Vre\u010dko odtrgate na perforiranem robu in jo nataknete na roko, poberete iztrebek, zave\u017eete in odvr\u017eete v navadne smeti.<\/p>\n<p><strong>Pakiranje:<\/strong> 10 odi\u0161avljenih rolic po 20 dre\u010dk<\/p>","protected":false},"excerpt":{"rendered":"<p>Biorazgradljive odi\u0161avljene dre\u010dke za odgovorno in okolju prijazno pobiranje pasjih iztrebkov.<\/p>\n<ul>\n<li>Z vonjem<\/li>\n<li>Mo\u010dne in zelo trpe\u017ene<\/li>\n<li>Hitra in enostavna uporaba<\/li>\n<li>V okolje ne vna\u0161ajo plastike<\/li>\n<li>Univerzalna velikost<\/li>\n<\/ul>","protected":false},"featured_media":5824,"comment_status":"open","ping_status":"closed","template":"","meta":{"_acf_changed":false,"_uag_custom_page_level_css":"","site-sidebar-layout":"default","site-content-layout":"","ast-site-content-layout":"default","site-content-style":"default","site-sidebar-style":"default","ast-global-header-display":"","ast-banner-title-visibility":"","ast-main-header-display":"","ast-hfb-above-header-display":"","ast-hfb-below-header-display":"","ast-hfb-mobile-header-display":"","site-post-title":"","ast-breadcrumbs-content":"","ast-featured-img":"","footer-sml-layout":"","ast-disable-related-posts":"","theme-transparent-header-meta":"default","adv-header-id-meta":"","stick-header-meta":"","header-above-stick-meta":"","header-main-stick-meta":"","header-below-stick-meta":"","astra-migrate-meta-layouts":"set","ast-page-background-enabled":"default","ast-page-background-meta":{"desktop":{"background-color":"","background-image":"","background-repeat":"repeat","background-position":"center center","background-size":"auto","background-attachment":"scroll","background-type":"","background-media":"","overlay-type":"","overlay-color":"","overlay-opacity":"","overlay-gradient":""},"tablet":{"background-color":"","background-image":"","background-repeat":"repeat","background-position":"center center","background-size":"auto","background-attachment":"scroll","background-type":"","background-media":"","overlay-type":"","overlay-color":"","overlay-opacity":"","overlay-gradient":""},"mobile":{"background-color":"","background-image":"","background-repeat":"repeat","background-position":"center center","background-size":"auto","background-attachment":"scroll","background-type":"","background-media":"","overlay-type":"","overlay-color":"","overlay-opacity":"","overlay-gradient":""}},"ast-content-background-meta":{"desktop":{"background-color":"var(--ast-global-color-5)","background-image":"","background-repeat":"repeat","background-position":"center center","background-size":"auto","background-attachment":"scroll","background-type":"","background-media":"","overlay-type":"","overlay-color":"","overlay-opacity":"","overlay-gradient":""},"tablet":{"background-color":"var(--ast-global-color-5)","background-image":"","background-repeat":"repeat","background-position":"center center","background-size":"auto","background-attachment":"scroll","background-type":"","background-media":"","overlay-type":"","overlay-color":"","overlay-opacity":"","overlay-gradient":""},"mobile":{"background-color":"var(--ast-global-color-5)","background-image":"","background-repeat":"repeat","background-position":"center center","background-size":"auto","background-attachment":"scroll","background-type":"","background-media":"","overlay-type":"","overlay-color":"","overlay-opacity":"","overlay-gradient":""}}},"product_brand":[],"product_cat":[78,154,18],"product_tag":[101,100,102],"class_list":{"0":"post-5821","1":"product","2":"type-product","3":"status-publish","4":"has-post-thumbnail","6":"product_cat-oprema","7":"product_cat-pasja-sola","8":"product_cat-vsi-izdelki","9":"product_tag-drecke","10":"product_tag-vrecke","11":"product_tag-vrecke-z-vonjem","12":"desktop-align-center","13":"tablet-align-center","14":"mobile-align-center","16":"first","17":"instock","18":"shipping-taxable","19":"purchasable","20":"product-type-variable"},"acf":[],"yoast_head":"<!-- This site is optimized with the Yoast SEO plugin v27.4 - https:\/\/yoast.com\/product\/yoast-seo-wordpress\/ -->\n<title>Biorazgradljive vre\u010dke za pasje iztrebke z vonjem<\/title>\n<meta name=\"description\" content=\"Biorazgradljive vre\u010dke za pasje iztrebke, de\u010dke.\" \/>\n<meta name=\"robots\" content=\"index, follow, max-snippet:-1, max-image-preview:large, max-video-preview:-1\" \/>\n<link rel=\"canonical\" href=\"https:\/\/trgovina.pasjauniverza.si\/en\/product\/biorazgradljive-vrecke-za-pasje-iztrebke-z-vonjem-drecke\/\" \/>\n<meta property=\"og:locale\" content=\"en_US\" \/>\n<meta property=\"og:type\" content=\"article\" \/>\n<meta property=\"og:title\" content=\"Biorazgradljive vre\u010dke za pasje iztrebke z vonjem\" \/>\n<meta property=\"og:description\" content=\"Biorazgradljive vre\u010dke za pasje iztrebke, de\u010dke.\" \/>\n<meta property=\"og:url\" content=\"https:\/\/trgovina.pasjauniverza.si\/en\/product\/biorazgradljive-vrecke-za-pasje-iztrebke-z-vonjem-drecke\/\" \/>\n<meta property=\"og:site_name\" content=\"Trgovina Pasja Univerza\" \/>\n<meta property=\"article:modified_time\" content=\"2025-09-01T09:08:36+00:00\" \/>\n<meta property=\"og:image\" content=\"https:\/\/trgovina.pasjauniverza.si\/wp-content\/uploads\/2024\/09\/Biorazgradljive-vrecke-za-pasje-iztrebke-drecke.webp\" \/>\n\t<meta property=\"og:image:width\" content=\"800\" \/>\n\t<meta property=\"og:image:height\" content=\"800\" \/>\n\t<meta property=\"og:image:type\" content=\"image\/webp\" \/>\n<meta name=\"twitter:card\" content=\"summary_large_image\" \/>\n<meta name=\"twitter:label1\" content=\"Est. reading time\" \/>\n\t<meta name=\"twitter:data1\" content=\"1 minute\" \/>\n<script type=\"application\/ld+json\" class=\"yoast-schema-graph\">{\"@context\":\"https:\\\/\\\/schema.org\",\"@graph\":[{\"@type\":\"WebPage\",\"@id\":\"https:\\\/\\\/trgovina.pasjauniverza.si\\\/product\\\/biorazgradljive-vrecke-za-pasje-iztrebke-z-vonjem-drecke\\\/\",\"url\":\"https:\\\/\\\/trgovina.pasjauniverza.si\\\/product\\\/biorazgradljive-vrecke-za-pasje-iztrebke-z-vonjem-drecke\\\/\",\"name\":\"Biorazgradljive vre\u010dke za pasje iztrebke z vonjem\",\"isPartOf\":{\"@id\":\"https:\\\/\\\/trgovina.pasjauniverza.si\\\/#website\"},\"primaryImageOfPage\":{\"@id\":\"https:\\\/\\\/trgovina.pasjauniverza.si\\\/product\\\/biorazgradljive-vrecke-za-pasje-iztrebke-z-vonjem-drecke\\\/#primaryimage\"},\"image\":{\"@id\":\"https:\\\/\\\/trgovina.pasjauniverza.si\\\/product\\\/biorazgradljive-vrecke-za-pasje-iztrebke-z-vonjem-drecke\\\/#primaryimage\"},\"thumbnailUrl\":\"https:\\\/\\\/trgovina.pasjauniverza.si\\\/wp-content\\\/uploads\\\/2024\\\/09\\\/Biorazgradljive-vrecke-za-pasje-iztrebke-drecke.webp\",\"datePublished\":\"2024-09-27T12:52:44+00:00\",\"dateModified\":\"2025-09-01T09:08:36+00:00\",\"description\":\"Biorazgradljive vre\u010dke za pasje iztrebke, de\u010dke.\",\"breadcrumb\":{\"@id\":\"https:\\\/\\\/trgovina.pasjauniverza.si\\\/product\\\/biorazgradljive-vrecke-za-pasje-iztrebke-z-vonjem-drecke\\\/#breadcrumb\"},\"inLanguage\":\"en-US\",\"potentialAction\":[{\"@type\":\"ReadAction\",\"target\":[\"https:\\\/\\\/trgovina.pasjauniverza.si\\\/product\\\/biorazgradljive-vrecke-za-pasje-iztrebke-z-vonjem-drecke\\\/\"]}]},{\"@type\":\"ImageObject\",\"inLanguage\":\"en-US\",\"@id\":\"https:\\\/\\\/trgovina.pasjauniverza.si\\\/product\\\/biorazgradljive-vrecke-za-pasje-iztrebke-z-vonjem-drecke\\\/#primaryimage\",\"url\":\"https:\\\/\\\/trgovina.pasjauniverza.si\\\/wp-content\\\/uploads\\\/2024\\\/09\\\/Biorazgradljive-vrecke-za-pasje-iztrebke-drecke.webp\",\"contentUrl\":\"https:\\\/\\\/trgovina.pasjauniverza.si\\\/wp-content\\\/uploads\\\/2024\\\/09\\\/Biorazgradljive-vrecke-za-pasje-iztrebke-drecke.webp\",\"width\":800,\"height\":800,\"caption\":\"Biorazgradljive vre\u010dke za pasje iztrebke, dre\u010dke\"},{\"@type\":\"BreadcrumbList\",\"@id\":\"https:\\\/\\\/trgovina.pasjauniverza.si\\\/product\\\/biorazgradljive-vrecke-za-pasje-iztrebke-z-vonjem-drecke\\\/#breadcrumb\",\"itemListElement\":[{\"@type\":\"ListItem\",\"position\":1,\"name\":\"Home\",\"item\":\"https:\\\/\\\/trgovina.pasjauniverza.si\\\/\"},{\"@type\":\"ListItem\",\"position\":2,\"name\":\"Trgovina\",\"item\":\"https:\\\/\\\/trgovina.pasjauniverza.si\\\/trgovina\\\/\"},{\"@type\":\"ListItem\",\"position\":3,\"name\":\"Biorazgradljive vre\u010dke za pasje iztrebke z vonjem, dre\u010dke\"}]},{\"@type\":\"WebSite\",\"@id\":\"https:\\\/\\\/trgovina.pasjauniverza.si\\\/#website\",\"url\":\"https:\\\/\\\/trgovina.pasjauniverza.si\\\/\",\"name\":\"Trgovina Pasja Univerza\",\"description\":\"pasja univerza trgovina\",\"publisher\":{\"@id\":\"https:\\\/\\\/trgovina.pasjauniverza.si\\\/#organization\"},\"potentialAction\":[{\"@type\":\"SearchAction\",\"target\":{\"@type\":\"EntryPoint\",\"urlTemplate\":\"https:\\\/\\\/trgovina.pasjauniverza.si\\\/?s={search_term_string}\"},\"query-input\":{\"@type\":\"PropertyValueSpecification\",\"valueRequired\":true,\"valueName\":\"search_term_string\"}}],\"inLanguage\":\"en-US\"},{\"@type\":\"Organization\",\"@id\":\"https:\\\/\\\/trgovina.pasjauniverza.si\\\/#organization\",\"name\":\"Trgovina Pasja Univerza\",\"url\":\"https:\\\/\\\/trgovina.pasjauniverza.si\\\/\",\"logo\":{\"@type\":\"ImageObject\",\"inLanguage\":\"en-US\",\"@id\":\"https:\\\/\\\/trgovina.pasjauniverza.si\\\/#\\\/schema\\\/logo\\\/image\\\/\",\"url\":\"https:\\\/\\\/trgovina.pasjauniverza.si\\\/wp-content\\\/uploads\\\/2024\\\/08\\\/cropped-logotipi-vector-04.png\",\"contentUrl\":\"https:\\\/\\\/trgovina.pasjauniverza.si\\\/wp-content\\\/uploads\\\/2024\\\/08\\\/cropped-logotipi-vector-04.png\",\"width\":942,\"height\":908,\"caption\":\"Trgovina Pasja Univerza\"},\"image\":{\"@id\":\"https:\\\/\\\/trgovina.pasjauniverza.si\\\/#\\\/schema\\\/logo\\\/image\\\/\"}}]}<\/script>\n<!-- \/ Yoast SEO plugin. -->","yoast_head_json":{"title":"Biorazgradljive vre\u010dke za pasje iztrebke z vonjem","description":"Biorazgradljive vre\u010dke za pasje iztrebke, de\u010dke.","robots":{"index":"index","follow":"follow","max-snippet":"max-snippet:-1","max-image-preview":"max-image-preview:large","max-video-preview":"max-video-preview:-1"},"canonical":"https:\/\/trgovina.pasjauniverza.si\/en\/product\/biorazgradljive-vrecke-za-pasje-iztrebke-z-vonjem-drecke\/","og_locale":"en_US","og_type":"article","og_title":"Biorazgradljive vre\u010dke za pasje iztrebke z vonjem","og_description":"Biorazgradljive vre\u010dke za pasje iztrebke, de\u010dke.","og_url":"https:\/\/trgovina.pasjauniverza.si\/en\/product\/biorazgradljive-vrecke-za-pasje-iztrebke-z-vonjem-drecke\/","og_site_name":"Trgovina Pasja Univerza","article_modified_time":"2025-09-01T09:08:36+00:00","og_image":[{"width":800,"height":800,"url":"https:\/\/trgovina.pasjauniverza.si\/wp-content\/uploads\/2024\/09\/Biorazgradljive-vrecke-za-pasje-iztrebke-drecke.webp","type":"image\/webp"}],"twitter_card":"summary_large_image","twitter_misc":{"Est. reading time":"1 minute"},"schema":{"@context":"https:\/\/schema.org","@graph":[{"@type":"WebPage","@id":"https:\/\/trgovina.pasjauniverza.si\/product\/biorazgradljive-vrecke-za-pasje-iztrebke-z-vonjem-drecke\/","url":"https:\/\/trgovina.pasjauniverza.si\/product\/biorazgradljive-vrecke-za-pasje-iztrebke-z-vonjem-drecke\/","name":"Biorazgradljive vre\u010dke za pasje iztrebke z vonjem","isPartOf":{"@id":"https:\/\/trgovina.pasjauniverza.si\/#website"},"primaryImageOfPage":{"@id":"https:\/\/trgovina.pasjauniverza.si\/product\/biorazgradljive-vrecke-za-pasje-iztrebke-z-vonjem-drecke\/#primaryimage"},"image":{"@id":"https:\/\/trgovina.pasjauniverza.si\/product\/biorazgradljive-vrecke-za-pasje-iztrebke-z-vonjem-drecke\/#primaryimage"},"thumbnailUrl":"https:\/\/trgovina.pasjauniverza.si\/wp-content\/uploads\/2024\/09\/Biorazgradljive-vrecke-za-pasje-iztrebke-drecke.webp","datePublished":"2024-09-27T12:52:44+00:00","dateModified":"2025-09-01T09:08:36+00:00","description":"Biorazgradljive vre\u010dke za pasje iztrebke, de\u010dke.","breadcrumb":{"@id":"https:\/\/trgovina.pasjauniverza.si\/product\/biorazgradljive-vrecke-za-pasje-iztrebke-z-vonjem-drecke\/#breadcrumb"},"inLanguage":"en-US","potentialAction":[{"@type":"ReadAction","target":["https:\/\/trgovina.pasjauniverza.si\/product\/biorazgradljive-vrecke-za-pasje-iztrebke-z-vonjem-drecke\/"]}]},{"@type":"ImageObject","inLanguage":"en-US","@id":"https:\/\/trgovina.pasjauniverza.si\/product\/biorazgradljive-vrecke-za-pasje-iztrebke-z-vonjem-drecke\/#primaryimage","url":"https:\/\/trgovina.pasjauniverza.si\/wp-content\/uploads\/2024\/09\/Biorazgradljive-vrecke-za-pasje-iztrebke-drecke.webp","contentUrl":"https:\/\/trgovina.pasjauniverza.si\/wp-content\/uploads\/2024\/09\/Biorazgradljive-vrecke-za-pasje-iztrebke-drecke.webp","width":800,"height":800,"caption":"Biorazgradljive vre\u010dke za pasje iztrebke, dre\u010dke"},{"@type":"BreadcrumbList","@id":"https:\/\/trgovina.pasjauniverza.si\/product\/biorazgradljive-vrecke-za-pasje-iztrebke-z-vonjem-drecke\/#breadcrumb","itemListElement":[{"@type":"ListItem","position":1,"name":"Home","item":"https:\/\/trgovina.pasjauniverza.si\/"},{"@type":"ListItem","position":2,"name":"Trgovina","item":"https:\/\/trgovina.pasjauniverza.si\/trgovina\/"},{"@type":"ListItem","position":3,"name":"Biorazgradljive vre\u010dke za pasje iztrebke z vonjem, dre\u010dke"}]},{"@type":"WebSite","@id":"https:\/\/trgovina.pasjauniverza.si\/#website","url":"https:\/\/trgovina.pasjauniverza.si\/","name":"Trgovina Pasja Univerza","description":"pasja univerza trgovina","publisher":{"@id":"https:\/\/trgovina.pasjauniverza.si\/#organization"},"potentialAction":[{"@type":"SearchAction","target":{"@type":"EntryPoint","urlTemplate":"https:\/\/trgovina.pasjauniverza.si\/?s={search_term_string}"},"query-input":{"@type":"PropertyValueSpecification","valueRequired":true,"valueName":"search_term_string"}}],"inLanguage":"en-US"},{"@type":"Organization","@id":"https:\/\/trgovina.pasjauniverza.si\/#organization","name":"Trgovina Pasja Univerza","url":"https:\/\/trgovina.pasjauniverza.si\/","logo":{"@type":"ImageObject","inLanguage":"en-US","@id":"https:\/\/trgovina.pasjauniverza.si\/#\/schema\/logo\/image\/","url":"https:\/\/trgovina.pasjauniverza.si\/wp-content\/uploads\/2024\/08\/cropped-logotipi-vector-04.png","contentUrl":"https:\/\/trgovina.pasjauniverza.si\/wp-content\/uploads\/2024\/08\/cropped-logotipi-vector-04.png","width":942,"height":908,"caption":"Trgovina Pasja Univerza"},"image":{"@id":"https:\/\/trgovina.pasjauniverza.si\/#\/schema\/logo\/image\/"}}]}},"uagb_featured_image_src":{"full":["https:\/\/trgovina.pasjauniverza.si\/wp-content\/uploads\/2024\/09\/Biorazgradljive-vrecke-za-pasje-iztrebke-drecke.webp",800,800,false],"thumbnail":["https:\/\/trgovina.pasjauniverza.si\/wp-content\/uploads\/2024\/09\/Biorazgradljive-vrecke-za-pasje-iztrebke-drecke-150x150.webp",150,150,true],"medium":["https:\/\/trgovina.pasjauniverza.si\/wp-content\/uploads\/2024\/09\/Biorazgradljive-vrecke-za-pasje-iztrebke-drecke-300x300.webp",300,300,true],"medium_large":["https:\/\/trgovina.pasjauniverza.si\/wp-content\/uploads\/2024\/09\/Biorazgradljive-vrecke-za-pasje-iztrebke-drecke-768x768.webp",768,768,true],"large":["https:\/\/trgovina.pasjauniverza.si\/wp-content\/uploads\/2024\/09\/Biorazgradljive-vrecke-za-pasje-iztrebke-drecke.webp",800,800,false],"1536x1536":["https:\/\/trgovina.pasjauniverza.si\/wp-content\/uploads\/2024\/09\/Biorazgradljive-vrecke-za-pasje-iztrebke-drecke.webp",800,800,false],"2048x2048":["https:\/\/trgovina.pasjauniverza.si\/wp-content\/uploads\/2024\/09\/Biorazgradljive-vrecke-za-pasje-iztrebke-drecke.webp",800,800,false],"trp-custom-language-flag":["https:\/\/trgovina.pasjauniverza.si\/wp-content\/uploads\/2024\/09\/Biorazgradljive-vrecke-za-pasje-iztrebke-drecke-12x12.webp",12,12,true],"woocommerce_thumbnail":["https:\/\/trgovina.pasjauniverza.si\/wp-content\/uploads\/2024\/09\/Biorazgradljive-vrecke-za-pasje-iztrebke-drecke-300x300.webp",300,300,true],"woocommerce_single":["https:\/\/trgovina.pasjauniverza.si\/wp-content\/uploads\/2024\/09\/Biorazgradljive-vrecke-za-pasje-iztrebke-drecke-600x600.webp",600,600,true],"woocommerce_gallery_thumbnail":["https:\/\/trgovina.pasjauniverza.si\/wp-content\/uploads\/2024\/09\/Biorazgradljive-vrecke-za-pasje-iztrebke-drecke-100x100.webp",100,100,true]},"uagb_author_info":{"display_name":"Karmen Grubeli\u0107, dr.vet.med.","author_link":"https:\/\/trgovina.pasjauniverza.si\/en\/author\/"},"uagb_comment_info":0,"uagb_excerpt":"Biorazgradljive odi\u0161avljene dre\u010dke za odgovorno in okolju prijazno pobiranje pasjih iztrebkov. Z vonjem Mo\u010dne in zelo trpe\u017ene Hitra in enostavna uporaba V okolje ne vna\u0161ajo plastike Univerzalna velikost","jetpack_sharing_enabled":true,"_links":{"self":[{"href":"https:\/\/trgovina.pasjauniverza.si\/en\/wp-json\/wp\/v2\/product\/5821","targetHints":{"allow":["GET"]}}],"collection":[{"href":"https:\/\/trgovina.pasjauniverza.si\/en\/wp-json\/wp\/v2\/product"}],"about":[{"href":"https:\/\/trgovina.pasjauniverza.si\/en\/wp-json\/wp\/v2\/types\/product"}],"replies":[{"embeddable":true,"href":"https:\/\/trgovina.pasjauniverza.si\/en\/wp-json\/wp\/v2\/comments?post=5821"}],"wp:featuredmedia":[{"embeddable":true,"href":"https:\/\/trgovina.pasjauniverza.si\/en\/wp-json\/wp\/v2\/media\/5824"}],"wp:attachment":[{"href":"https:\/\/trgovina.pasjauniverza.si\/en\/wp-json\/wp\/v2\/media?parent=5821"}],"wp:term":[{"taxonomy":"product_brand","embeddable":true,"href":"https:\/\/trgovina.pasjauniverza.si\/en\/wp-json\/wp\/v2\/product_brand?post=5821"},{"taxonomy":"product_cat","embeddable":true,"href":"https:\/\/trgovina.pasjauniverza.si\/en\/wp-json\/wp\/v2\/product_cat?post=5821"},{"taxonomy":"product_tag","embeddable":true,"href":"https:\/\/trgovina.pasjauniverza.si\/en\/wp-json\/wp\/v2\/product_tag?post=5821"}],"curies":[{"name":"wp","href":"https:\/\/api.w.org\/{rel}","templated":true}]}}