
{"id":5700,"date":"2024-09-21T10:33:41","date_gmt":"2024-09-21T10:33:41","guid":{"rendered":"https:\/\/trgovina.pasjauniverza.si\/?post_type=product&#038;p=5700"},"modified":"2025-09-01T09:26:06","modified_gmt":"2025-09-01T09:26:06","slug":"oprsnica-za-psa","status":"publish","type":"product","link":"https:\/\/trgovina.pasjauniverza.si\/en\/product\/oprsnica-za-psa\/","title":{"rendered":"Oprsnica za psa"},"content":{"rendered":"<p>H ali Y tip oprsnice za psa so udobne ter zdravstveno in psihi\u010dno ne\u0161kodljive. Omogo\u010dajo neomejeno gibanje in komunikacijo z drugimi psi. Trakovi so iz najlona, ki ima \u0161tevilne prednosti kot so velika mehanska odpornost na trenja, lahkost in mehkoba na otip. Material ne drgne in re\u017ee niti psa niti vodnikovih rok. Odlikuje ga enostavnost za \u010di\u0161\u010denje (je pralen v stroju, se ne kr\u010di, se hitro posu\u0161i in ne potrebuje likanja), je netoksi\u010den in hipoalergen.<\/p>\n<p>Vsi trakovi so lepo zaklju\u010deni in zarobljeni navzven, da zaklju\u010dki in \u0161ivi ne dra\u017eijo in \u0161\u010dipajo psa. Klipsne so iz zelo vzdr\u017eljive plastike, se zelo lepo odpirajo in zapirajo ter nimajo ostrih robov.<\/p>\n<p>Vedno priporo\u010damo <strong>oprsnice tipa H oz. Y <\/strong>(na hrbtu je vidna \u010drka H, spredaj na prsnem ko\u0161u pa \u010drka Y), saj:<\/p>\n<ul>\n<li><b>Vsak<\/b> pes se po\u010duti bolje, \u010de ni davljen in vle\u010den naokrog za vrat. Spodnji del pasjega vratu je zelo ob\u010dutljiv na vsakr\u0161no dotikanje, \u0161e posebej pa na pritiskanje in zatezanje, kar se konstantno dogaja pri ovratnicah in zateznih ovratnicah (da o ostalih pripomo\u010dkih kot so haltiji, elektri\u010dne ovratnice,&#8230;)<\/li>\n<li>prepre\u010di slabe izku\u0161nje psom, ki vle\u010dejo na povodcu in bi lahko bole\u010dino v vratu povezali s psom\/\u010dlovekom<\/li>\n<li>omogo\u010da hojo na ohlapnem povodcu, \u010de se le-tega pravilno lotimo<\/li>\n<li>nujna uporaba H tipa oprsnice za <strong>kratkogob\u010dne<\/strong> pasme, kjer lahko hitreje pride do dihalne stiske zaradi pritiska na vrat v primeru uporabe ovratnice ali napa\u010dne oprsnice, ko pes (po)vle\u010de na povodcu<\/li>\n<\/ul>\n<p>Kako prepoznati anatomsko ustrezno oprsnico?<\/p>\n<ul>\n<li>ima na prsnem ko\u0161u obliko \u010drke Y, katere center ne le\u017ei na mehkem delu vratu, ampak na prsnici (kost)<\/li>\n<li>ne ovira ramenskega sklepa ter tako dopu\u0161\u010da neovirano gibanje<\/li>\n<li>ne ovira vratu in je v celoti na prsnem ko\u0161u<\/li>\n<li>ne drgne psa pod pazduhami<\/li>\n<li>je LAHKA, saj pasja hrbtenica ni namenjena dolgotrajnemu no\u0161enju te\u017ejih bremen<\/li>\n<li>rinka za pripenjanje povodca se nahaja na koncu hrbtnega dela oprsnice<\/li>\n<\/ul>\n<p>VELIKOSTI<\/p>\n<p>OBSEG VRATU\u00a0 \u00a0 \u00a0 \u00a0 \u00a0 \u00a0 \u00a0 \u00a0 \u00a0 \u00a0 \u00a0 \u00a0 \u00a0 \u00a0 \u00a0 \u00a0 \u00a0 \u00a0 \u00a0 \u00a0 \u00a0 \u00a0 \u00a0 \u00a0 \u00a0 \u00a0 \u00a0 \u00a0 \u00a0 \u00a0 \u00a0 OBSEG PRSNEGA KO\u0160A<\/p>\n<p>S\u00a0 \u00a0 \u00a0 \u00a0 \u00a0 \u00a0 \u00a0 \u00a0 \u00a0 \u00a0 \u00a0 \u00a0 \u00a0 \u00a0 \u00a0 \u00a0 \u00a0 \u00a0 \u00a035cm\u00a0 \u00a0 \u00a0 \u00a0 \u00a0 \u00a0 \u00a0 \u00a0 \u00a0 \u00a0 \u00a0 \u00a0 \u00a0 \u00a0 \u00a0 \u00a0 \u00a0 \u00a0 \u00a0 \u00a0 \u00a0 \u00a0 \u00a0 \u00a0 \u00a0 \u00a0 \u00a0 \u00a0 \u00a0 \u00a0 \u00a0 \u00a0 \u00a0 \u00a0 \u00a0 \u00a0 \u00a0 \u00a0 \u00a0 \u00a0 \u00a0 \u00a0 \u00a0 \u00a0 \u00a0 \u00a040cm<\/p>\n<p>M\u00a0 \u00a0 \u00a0 \u00a0 \u00a0 \u00a0 \u00a0 \u00a0 \u00a0 \u00a0 \u00a0 \u00a0 \u00a0 \u00a0 \u00a0 \u00a0 \u00a0 \u00a045cm\u00a0 \u00a0 \u00a0 \u00a0 \u00a0 \u00a0 \u00a0 \u00a0 \u00a0 \u00a0 \u00a0 \u00a0 \u00a0 \u00a0 \u00a0 \u00a0 \u00a0 \u00a0 \u00a0 \u00a0 \u00a0 \u00a0 \u00a0 \u00a0 \u00a0 \u00a0 \u00a0 \u00a0 \u00a0 \u00a0 \u00a0 \u00a0 \u00a0 \u00a0 \u00a0 \u00a0 \u00a0 \u00a0 \u00a0 \u00a0 \u00a0 \u00a0 \u00a0 \u00a0 \u00a0 \u00a0 50cm<\/p>\n<p>L\u00a0 \u00a0 \u00a0 \u00a0 \u00a0 \u00a0 \u00a0 \u00a0 \u00a0 \u00a0 \u00a0 \u00a0 \u00a0 \u00a0 \u00a0 \u00a0 \u00a0 \u00a0 \u00a060cm\u00a0 \u00a0 \u00a0 \u00a0 \u00a0 \u00a0 \u00a0 \u00a0 \u00a0 \u00a0 \u00a0 \u00a0 \u00a0 \u00a0 \u00a0 \u00a0 \u00a0 \u00a0 \u00a0 \u00a0 \u00a0 \u00a0 \u00a0 \u00a0 \u00a0 \u00a0 \u00a0 \u00a0 \u00a0 \u00a0 \u00a0 \u00a0 \u00a0 \u00a0 \u00a0 \u00a0 \u00a0 \u00a0 \u00a0 \u00a0 \u00a0 \u00a0 \u00a0 \u00a0 \u00a0 \u00a070cm<\/p>","protected":false},"excerpt":{"rendered":"<h2>Psu prijazna oprsnica, ki ne omejuje naravnega gibanja<\/h2>\n<p><span class=\"wysiwyg-font-size-medium\"><b>H tip oprsnice <\/b>je mehka oprsnica, namenjena vsem\u00a0 psom, ne glede na velikost, pasmo ali starost. Oblikovana je z mislijo na naravno gibanje in udobje psa, saj\u00a0 omogo\u010da ramenskemu sklepu dovolj\u0161en izteg. <b>S to\u010dkovnim reguliranjem omogo\u010da optimalno nastavitev oprsnice za vsakega psa posebej.<\/b><\/span><\/p>\n<p><span class=\"wysiwyg-font-size-medium\"><b>Kvalitetni materiali<\/b>,\u00a0<b>skrbno na\u010drtovan model<\/b>\u00a0in<b>\u00a0dvojno zapiranje na vrhu<\/b> omogo\u010dajo udobno in hitro namestitev brez dotikanja \u0161ap, kar je \u0161e posebej pomembno pri psih z bole\u010dinami ali psih, ki zaradi slabih preteklih izku\u0161enj ne dovolijo dotikanja \u0161ap.<\/span><\/p>","protected":false},"featured_media":5715,"comment_status":"open","ping_status":"closed","template":"","meta":{"_acf_changed":false,"_uag_custom_page_level_css":"","site-sidebar-layout":"default","site-content-layout":"","ast-site-content-layout":"default","site-content-style":"default","site-sidebar-style":"default","ast-global-header-display":"","ast-banner-title-visibility":"","ast-main-header-display":"","ast-hfb-above-header-display":"","ast-hfb-below-header-display":"","ast-hfb-mobile-header-display":"","site-post-title":"","ast-breadcrumbs-content":"","ast-featured-img":"","footer-sml-layout":"","ast-disable-related-posts":"","theme-transparent-header-meta":"default","adv-header-id-meta":"","stick-header-meta":"","header-above-stick-meta":"","header-main-stick-meta":"","header-below-stick-meta":"","astra-migrate-meta-layouts":"set","ast-page-background-enabled":"default","ast-page-background-meta":{"desktop":{"background-color":"","background-image":"","background-repeat":"repeat","background-position":"center center","background-size":"auto","background-attachment":"scroll","background-type":"","background-media":"","overlay-type":"","overlay-color":"","overlay-opacity":"","overlay-gradient":""},"tablet":{"background-color":"","background-image":"","background-repeat":"repeat","background-position":"center center","background-size":"auto","background-attachment":"scroll","background-type":"","background-media":"","overlay-type":"","overlay-color":"","overlay-opacity":"","overlay-gradient":""},"mobile":{"background-color":"","background-image":"","background-repeat":"repeat","background-position":"center center","background-size":"auto","background-attachment":"scroll","background-type":"","background-media":"","overlay-type":"","overlay-color":"","overlay-opacity":"","overlay-gradient":""}},"ast-content-background-meta":{"desktop":{"background-color":"var(--ast-global-color-5)","background-image":"","background-repeat":"repeat","background-position":"center center","background-size":"auto","background-attachment":"scroll","background-type":"","background-media":"","overlay-type":"","overlay-color":"","overlay-opacity":"","overlay-gradient":""},"tablet":{"background-color":"var(--ast-global-color-5)","background-image":"","background-repeat":"repeat","background-position":"center center","background-size":"auto","background-attachment":"scroll","background-type":"","background-media":"","overlay-type":"","overlay-color":"","overlay-opacity":"","overlay-gradient":""},"mobile":{"background-color":"var(--ast-global-color-5)","background-image":"","background-repeat":"repeat","background-position":"center center","background-size":"auto","background-attachment":"scroll","background-type":"","background-media":"","overlay-type":"","overlay-color":"","overlay-opacity":"","overlay-gradient":""}}},"product_brand":[],"product_cat":[78,154,18],"product_tag":[],"class_list":{"0":"post-5700","1":"product","2":"type-product","3":"status-publish","4":"has-post-thumbnail","6":"product_cat-oprema","7":"product_cat-pasja-sola","8":"product_cat-vsi-izdelki","9":"desktop-align-center","10":"tablet-align-center","11":"mobile-align-center","13":"first","14":"instock","15":"shipping-taxable","16":"purchasable","17":"product-type-variable"},"acf":[],"yoast_head":"<!-- This site is optimized with the Yoast SEO plugin v27.4 - https:\/\/yoast.com\/product\/yoast-seo-wordpress\/ -->\n<title>h tip oprsnice za psa<\/title>\n<meta name=\"description\" content=\"\u0160irok izbor H tipa oprsnic, ki nudi optimalno udobje in skrbi za zdravo gibanje psa. Predvsem pa ne povzro\u010da bole\u010dine psu, ko le-ta potegne na povodcu.\" \/>\n<meta name=\"robots\" content=\"index, follow, max-snippet:-1, max-image-preview:large, max-video-preview:-1\" \/>\n<link rel=\"canonical\" href=\"https:\/\/trgovina.pasjauniverza.si\/en\/product\/oprsnica-za-psa\/\" \/>\n<meta property=\"og:locale\" content=\"en_US\" \/>\n<meta property=\"og:type\" content=\"article\" \/>\n<meta property=\"og:title\" content=\"h tip oprsnice za psa\" \/>\n<meta property=\"og:description\" content=\"\u0160irok izbor H tipa oprsnic, ki nudi optimalno udobje in skrbi za zdravo gibanje psa. Predvsem pa ne povzro\u010da bole\u010dine psu, ko le-ta potegne na povodcu.\" \/>\n<meta property=\"og:url\" content=\"https:\/\/trgovina.pasjauniverza.si\/en\/product\/oprsnica-za-psa\/\" \/>\n<meta property=\"og:site_name\" content=\"Trgovina Pasja Univerza\" \/>\n<meta property=\"article:modified_time\" content=\"2025-09-01T09:26:06+00:00\" \/>\n<meta name=\"twitter:card\" content=\"summary_large_image\" \/>\n<meta name=\"twitter:label1\" content=\"Est. reading time\" \/>\n\t<meta name=\"twitter:data1\" content=\"2 minutes\" \/>\n<script type=\"application\/ld+json\" class=\"yoast-schema-graph\">{\"@context\":\"https:\\\/\\\/schema.org\",\"@graph\":[{\"@type\":\"WebPage\",\"@id\":\"https:\\\/\\\/trgovina.pasjauniverza.si\\\/product\\\/oprsnica-za-psa\\\/\",\"url\":\"https:\\\/\\\/trgovina.pasjauniverza.si\\\/product\\\/oprsnica-za-psa\\\/\",\"name\":\"h tip oprsnice za psa\",\"isPartOf\":{\"@id\":\"https:\\\/\\\/trgovina.pasjauniverza.si\\\/#website\"},\"primaryImageOfPage\":{\"@id\":\"https:\\\/\\\/trgovina.pasjauniverza.si\\\/product\\\/oprsnica-za-psa\\\/#primaryimage\"},\"image\":{\"@id\":\"https:\\\/\\\/trgovina.pasjauniverza.si\\\/product\\\/oprsnica-za-psa\\\/#primaryimage\"},\"thumbnailUrl\":\"https:\\\/\\\/trgovina.pasjauniverza.si\\\/wp-content\\\/uploads\\\/2024\\\/09\\\/modra-oprsnica.avif\",\"datePublished\":\"2024-09-21T10:33:41+00:00\",\"dateModified\":\"2025-09-01T09:26:06+00:00\",\"description\":\"\u0160irok izbor H tipa oprsnic, ki nudi optimalno udobje in skrbi za zdravo gibanje psa. Predvsem pa ne povzro\u010da bole\u010dine psu, ko le-ta potegne na povodcu.\",\"breadcrumb\":{\"@id\":\"https:\\\/\\\/trgovina.pasjauniverza.si\\\/product\\\/oprsnica-za-psa\\\/#breadcrumb\"},\"inLanguage\":\"en-US\",\"potentialAction\":[{\"@type\":\"ReadAction\",\"target\":[\"https:\\\/\\\/trgovina.pasjauniverza.si\\\/product\\\/oprsnica-za-psa\\\/\"]}]},{\"@type\":\"ImageObject\",\"inLanguage\":\"en-US\",\"@id\":\"https:\\\/\\\/trgovina.pasjauniverza.si\\\/product\\\/oprsnica-za-psa\\\/#primaryimage\",\"url\":\"https:\\\/\\\/trgovina.pasjauniverza.si\\\/wp-content\\\/uploads\\\/2024\\\/09\\\/modra-oprsnica.avif\",\"contentUrl\":\"https:\\\/\\\/trgovina.pasjauniverza.si\\\/wp-content\\\/uploads\\\/2024\\\/09\\\/modra-oprsnica.avif\",\"width\":640,\"height\":640,\"caption\":\"modra oprsnica\"},{\"@type\":\"BreadcrumbList\",\"@id\":\"https:\\\/\\\/trgovina.pasjauniverza.si\\\/product\\\/oprsnica-za-psa\\\/#breadcrumb\",\"itemListElement\":[{\"@type\":\"ListItem\",\"position\":1,\"name\":\"Home\",\"item\":\"https:\\\/\\\/trgovina.pasjauniverza.si\\\/\"},{\"@type\":\"ListItem\",\"position\":2,\"name\":\"Trgovina\",\"item\":\"https:\\\/\\\/trgovina.pasjauniverza.si\\\/trgovina\\\/\"},{\"@type\":\"ListItem\",\"position\":3,\"name\":\"Oprsnica za psa\"}]},{\"@type\":\"WebSite\",\"@id\":\"https:\\\/\\\/trgovina.pasjauniverza.si\\\/#website\",\"url\":\"https:\\\/\\\/trgovina.pasjauniverza.si\\\/\",\"name\":\"Trgovina Pasja Univerza\",\"description\":\"pasja univerza trgovina\",\"publisher\":{\"@id\":\"https:\\\/\\\/trgovina.pasjauniverza.si\\\/#organization\"},\"potentialAction\":[{\"@type\":\"SearchAction\",\"target\":{\"@type\":\"EntryPoint\",\"urlTemplate\":\"https:\\\/\\\/trgovina.pasjauniverza.si\\\/?s={search_term_string}\"},\"query-input\":{\"@type\":\"PropertyValueSpecification\",\"valueRequired\":true,\"valueName\":\"search_term_string\"}}],\"inLanguage\":\"en-US\"},{\"@type\":\"Organization\",\"@id\":\"https:\\\/\\\/trgovina.pasjauniverza.si\\\/#organization\",\"name\":\"Trgovina Pasja Univerza\",\"url\":\"https:\\\/\\\/trgovina.pasjauniverza.si\\\/\",\"logo\":{\"@type\":\"ImageObject\",\"inLanguage\":\"en-US\",\"@id\":\"https:\\\/\\\/trgovina.pasjauniverza.si\\\/#\\\/schema\\\/logo\\\/image\\\/\",\"url\":\"https:\\\/\\\/trgovina.pasjauniverza.si\\\/wp-content\\\/uploads\\\/2024\\\/08\\\/cropped-logotipi-vector-04.png\",\"contentUrl\":\"https:\\\/\\\/trgovina.pasjauniverza.si\\\/wp-content\\\/uploads\\\/2024\\\/08\\\/cropped-logotipi-vector-04.png\",\"width\":942,\"height\":908,\"caption\":\"Trgovina Pasja Univerza\"},\"image\":{\"@id\":\"https:\\\/\\\/trgovina.pasjauniverza.si\\\/#\\\/schema\\\/logo\\\/image\\\/\"}}]}<\/script>\n<!-- \/ Yoast SEO plugin. -->","yoast_head_json":{"title":"h tip oprsnice za psa","description":"\u0160irok izbor H tipa oprsnic, ki nudi optimalno udobje in skrbi za zdravo gibanje psa. Predvsem pa ne povzro\u010da bole\u010dine psu, ko le-ta potegne na povodcu.","robots":{"index":"index","follow":"follow","max-snippet":"max-snippet:-1","max-image-preview":"max-image-preview:large","max-video-preview":"max-video-preview:-1"},"canonical":"https:\/\/trgovina.pasjauniverza.si\/en\/product\/oprsnica-za-psa\/","og_locale":"en_US","og_type":"article","og_title":"h tip oprsnice za psa","og_description":"\u0160irok izbor H tipa oprsnic, ki nudi optimalno udobje in skrbi za zdravo gibanje psa. Predvsem pa ne povzro\u010da bole\u010dine psu, ko le-ta potegne na povodcu.","og_url":"https:\/\/trgovina.pasjauniverza.si\/en\/product\/oprsnica-za-psa\/","og_site_name":"Trgovina Pasja Univerza","article_modified_time":"2025-09-01T09:26:06+00:00","twitter_card":"summary_large_image","twitter_misc":{"Est. reading time":"2 minutes"},"schema":{"@context":"https:\/\/schema.org","@graph":[{"@type":"WebPage","@id":"https:\/\/trgovina.pasjauniverza.si\/product\/oprsnica-za-psa\/","url":"https:\/\/trgovina.pasjauniverza.si\/product\/oprsnica-za-psa\/","name":"h tip oprsnice za psa","isPartOf":{"@id":"https:\/\/trgovina.pasjauniverza.si\/#website"},"primaryImageOfPage":{"@id":"https:\/\/trgovina.pasjauniverza.si\/product\/oprsnica-za-psa\/#primaryimage"},"image":{"@id":"https:\/\/trgovina.pasjauniverza.si\/product\/oprsnica-za-psa\/#primaryimage"},"thumbnailUrl":"https:\/\/trgovina.pasjauniverza.si\/wp-content\/uploads\/2024\/09\/modra-oprsnica.avif","datePublished":"2024-09-21T10:33:41+00:00","dateModified":"2025-09-01T09:26:06+00:00","description":"\u0160irok izbor H tipa oprsnic, ki nudi optimalno udobje in skrbi za zdravo gibanje psa. Predvsem pa ne povzro\u010da bole\u010dine psu, ko le-ta potegne na povodcu.","breadcrumb":{"@id":"https:\/\/trgovina.pasjauniverza.si\/product\/oprsnica-za-psa\/#breadcrumb"},"inLanguage":"en-US","potentialAction":[{"@type":"ReadAction","target":["https:\/\/trgovina.pasjauniverza.si\/product\/oprsnica-za-psa\/"]}]},{"@type":"ImageObject","inLanguage":"en-US","@id":"https:\/\/trgovina.pasjauniverza.si\/product\/oprsnica-za-psa\/#primaryimage","url":"https:\/\/trgovina.pasjauniverza.si\/wp-content\/uploads\/2024\/09\/modra-oprsnica.avif","contentUrl":"https:\/\/trgovina.pasjauniverza.si\/wp-content\/uploads\/2024\/09\/modra-oprsnica.avif","width":640,"height":640,"caption":"modra oprsnica"},{"@type":"BreadcrumbList","@id":"https:\/\/trgovina.pasjauniverza.si\/product\/oprsnica-za-psa\/#breadcrumb","itemListElement":[{"@type":"ListItem","position":1,"name":"Home","item":"https:\/\/trgovina.pasjauniverza.si\/"},{"@type":"ListItem","position":2,"name":"Trgovina","item":"https:\/\/trgovina.pasjauniverza.si\/trgovina\/"},{"@type":"ListItem","position":3,"name":"Oprsnica za psa"}]},{"@type":"WebSite","@id":"https:\/\/trgovina.pasjauniverza.si\/#website","url":"https:\/\/trgovina.pasjauniverza.si\/","name":"Trgovina Pasja Univerza","description":"pasja univerza trgovina","publisher":{"@id":"https:\/\/trgovina.pasjauniverza.si\/#organization"},"potentialAction":[{"@type":"SearchAction","target":{"@type":"EntryPoint","urlTemplate":"https:\/\/trgovina.pasjauniverza.si\/?s={search_term_string}"},"query-input":{"@type":"PropertyValueSpecification","valueRequired":true,"valueName":"search_term_string"}}],"inLanguage":"en-US"},{"@type":"Organization","@id":"https:\/\/trgovina.pasjauniverza.si\/#organization","name":"Trgovina Pasja Univerza","url":"https:\/\/trgovina.pasjauniverza.si\/","logo":{"@type":"ImageObject","inLanguage":"en-US","@id":"https:\/\/trgovina.pasjauniverza.si\/#\/schema\/logo\/image\/","url":"https:\/\/trgovina.pasjauniverza.si\/wp-content\/uploads\/2024\/08\/cropped-logotipi-vector-04.png","contentUrl":"https:\/\/trgovina.pasjauniverza.si\/wp-content\/uploads\/2024\/08\/cropped-logotipi-vector-04.png","width":942,"height":908,"caption":"Trgovina Pasja Univerza"},"image":{"@id":"https:\/\/trgovina.pasjauniverza.si\/#\/schema\/logo\/image\/"}}]}},"uagb_featured_image_src":{"full":["https:\/\/trgovina.pasjauniverza.si\/wp-content\/uploads\/2024\/09\/modra-oprsnica.avif",640,640,false],"thumbnail":["https:\/\/trgovina.pasjauniverza.si\/wp-content\/uploads\/2024\/09\/modra-oprsnica-150x150.avif",150,150,true],"medium":["https:\/\/trgovina.pasjauniverza.si\/wp-content\/uploads\/2024\/09\/modra-oprsnica-300x300.avif",300,300,true],"medium_large":["https:\/\/trgovina.pasjauniverza.si\/wp-content\/uploads\/2024\/09\/modra-oprsnica.avif",640,640,false],"large":["https:\/\/trgovina.pasjauniverza.si\/wp-content\/uploads\/2024\/09\/modra-oprsnica.avif",640,640,false],"1536x1536":["https:\/\/trgovina.pasjauniverza.si\/wp-content\/uploads\/2024\/09\/modra-oprsnica.avif",640,640,false],"2048x2048":["https:\/\/trgovina.pasjauniverza.si\/wp-content\/uploads\/2024\/09\/modra-oprsnica.avif",640,640,false],"trp-custom-language-flag":["https:\/\/trgovina.pasjauniverza.si\/wp-content\/uploads\/2024\/09\/modra-oprsnica-12x12.avif",12,12,true],"woocommerce_thumbnail":["https:\/\/trgovina.pasjauniverza.si\/wp-content\/uploads\/2024\/09\/modra-oprsnica-300x300.avif",300,300,true],"woocommerce_single":["https:\/\/trgovina.pasjauniverza.si\/wp-content\/uploads\/2024\/09\/modra-oprsnica-600x600.avif",600,600,true],"woocommerce_gallery_thumbnail":["https:\/\/trgovina.pasjauniverza.si\/wp-content\/uploads\/2024\/09\/modra-oprsnica-100x100.avif",100,100,true]},"uagb_author_info":{"display_name":"Karmen Grubeli\u0107, dr.vet.med.","author_link":"https:\/\/trgovina.pasjauniverza.si\/en\/author\/"},"uagb_comment_info":0,"uagb_excerpt":"Psu prijazna oprsnica, ki ne omejuje naravnega gibanja H tip oprsnice je mehka oprsnica, namenjena vsem\u00a0 psom, ne glede na velikost, pasmo ali starost. Oblikovana je z mislijo na naravno gibanje in udobje psa, saj\u00a0 omogo\u010da ramenskemu sklepu dovolj\u0161en izteg. S to\u010dkovnim reguliranjem omogo\u010da optimalno nastavitev oprsnice za vsakega psa posebej. Kvalitetni materiali,\u00a0skrbno na\u010drtovan model\u00a0in\u00a0dvojno&hellip;","jetpack_sharing_enabled":true,"_links":{"self":[{"href":"https:\/\/trgovina.pasjauniverza.si\/en\/wp-json\/wp\/v2\/product\/5700","targetHints":{"allow":["GET"]}}],"collection":[{"href":"https:\/\/trgovina.pasjauniverza.si\/en\/wp-json\/wp\/v2\/product"}],"about":[{"href":"https:\/\/trgovina.pasjauniverza.si\/en\/wp-json\/wp\/v2\/types\/product"}],"replies":[{"embeddable":true,"href":"https:\/\/trgovina.pasjauniverza.si\/en\/wp-json\/wp\/v2\/comments?post=5700"}],"wp:featuredmedia":[{"embeddable":true,"href":"https:\/\/trgovina.pasjauniverza.si\/en\/wp-json\/wp\/v2\/media\/5715"}],"wp:attachment":[{"href":"https:\/\/trgovina.pasjauniverza.si\/en\/wp-json\/wp\/v2\/media?parent=5700"}],"wp:term":[{"taxonomy":"product_brand","embeddable":true,"href":"https:\/\/trgovina.pasjauniverza.si\/en\/wp-json\/wp\/v2\/product_brand?post=5700"},{"taxonomy":"product_cat","embeddable":true,"href":"https:\/\/trgovina.pasjauniverza.si\/en\/wp-json\/wp\/v2\/product_cat?post=5700"},{"taxonomy":"product_tag","embeddable":true,"href":"https:\/\/trgovina.pasjauniverza.si\/en\/wp-json\/wp\/v2\/product_tag?post=5700"}],"curies":[{"name":"wp","href":"https:\/\/api.w.org\/{rel}","templated":true}]}}