
{"id":5403,"date":"2024-08-29T16:37:38","date_gmt":"2024-08-29T16:37:38","guid":{"rendered":"https:\/\/trgovina.pasjauniverza.si\/?post_type=product&#038;p=5403"},"modified":"2025-11-30T18:38:42","modified_gmt":"2025-11-30T18:38:42","slug":"vohalna-podloga-snofka","status":"publish","type":"product","link":"https:\/\/trgovina.pasjauniverza.si\/en\/product\/vohalna-podloga-snofka\/","title":{"rendered":"Vohalna podloga &#8211; \u0160nofka"},"content":{"rendered":"<p><strong>Vohalna podloga v obliki ko\u0161ka<\/strong> je interaktivna igra\u010da za\u00a0<strong>samozaposlitev<\/strong>, ki psa prijetno utrudi.<\/p>\n<p>Gre za zabaven pripomo\u010dek, ki psu omogo\u010da miselno stimulacijo ob uporabi nosa in ob kateri se zabava z iskanjem hrane ali pribolj\u0161kov. Primerna je za upo\u010dasnitev hranjenja, \u0161e posebej<strong>\u00a0za pse, ki radi hlastajo in prehitro goltajo hrano.<\/strong>\u00a0S podlogo mu lahko pomagate, da ne bo goltal hrane, saj mora pribolj\u0161ke oz. hrano najprej poiskati, kar mu vzame ve\u010d \u010dasa.<\/p>\n<p>Zaradi oblike, lahko zahtevnost iskanja prilagodimo psu. Vohalno podlogo priporo\u010damo nervoznim ali nesamozavestnim psom, saj jih <strong>pomirja in gradi samozavest vsaki\u010d, ko najdejo nagrado<\/strong>.<\/p>\n<p>Vohalne podloge so odli\u010dne tudi kot orodje za <strong>pomiritev<\/strong>\u00a0nervoznih, hiperaktivnih ali zelo aktivnih psov, saj\u00a0<strong>delo z nosom zni\u017euje utrip srca<\/strong>\u00a0in\u00a0<strong>krvni pritisk.\u00a0<\/strong>V vohalno podlogo skrijete pribolj\u0161ke ali dnevni obrok in psa spodbudite, da jih i\u0161\u010de. Zabava je zagotovljena, pes pa bo po iskanju prijetno utrujen.<\/p>\n<p>Odli\u010dna zaposlitev psa, ko okreva po bolezni ali operaciji, kjer je gibanje psa omejeno. Primerna za vse pasme in starosti.<\/p>\n<p>Podloga ima nedrse\u010do podlago in je v celoti pralna.<\/p>\n<p>Podlogo lahko nastavite glede na <strong>te\u017eavnost<\/strong>, in sicer najla\u017eja stopnja je popolnoma razprta podloga, ki dose\u017ee \u0161irino skoraj pol metra, nato pa jo po\u010dasi kr\u010dite z vrvico v obliko ko\u0161ka, pri tem, pa se mora pes bolj <strong>potruditi<\/strong>, da najde hrano.<\/p>","protected":false},"excerpt":{"rendered":"<div class=\"flex-shrink-0 flex flex-col relative items-end\">\n<div>\n<div class=\"pt-0\">\n<div class=\"gizmo-bot-avatar flex h-8 w-8 items-center justify-center overflow-hidden rounded-full\">\n<div class=\"relative p-1 rounded-sm flex items-center justify-center bg-token-main-surface-primary text-token-text-primary h-8 w-8\"><span style=\"font-size: 16px;\">Vohalna podloga v obliki ko\u0161ka je interaktivna igra\u010da, ki psa miselno in telesno zaposli z iskanjem hrane, s \u010dimer upo\u010dasni hranjenje ter pomirja nervozne ali hiperaktivne pse. Zahtevnost iskanja lahko prilagodite, podloga pa je pralna, nedrse\u010da in primerna za pse vseh starosti ter velikosti.<\/span><\/div>\n<\/div>\n<\/div>\n<\/div>\n<\/div>","protected":false},"featured_media":5408,"comment_status":"open","ping_status":"closed","template":"","meta":{"_acf_changed":false,"_uag_custom_page_level_css":"","site-sidebar-layout":"default","site-content-layout":"","ast-site-content-layout":"default","site-content-style":"default","site-sidebar-style":"default","ast-global-header-display":"","ast-banner-title-visibility":"","ast-main-header-display":"","ast-hfb-above-header-display":"","ast-hfb-below-header-display":"","ast-hfb-mobile-header-display":"","site-post-title":"","ast-breadcrumbs-content":"","ast-featured-img":"","footer-sml-layout":"","ast-disable-related-posts":"","theme-transparent-header-meta":"default","adv-header-id-meta":"","stick-header-meta":"","header-above-stick-meta":"","header-main-stick-meta":"","header-below-stick-meta":"","astra-migrate-meta-layouts":"set","ast-page-background-enabled":"default","ast-page-background-meta":{"desktop":{"background-color":"","background-image":"","background-repeat":"repeat","background-position":"center center","background-size":"auto","background-attachment":"scroll","background-type":"","background-media":"","overlay-type":"","overlay-color":"","overlay-opacity":"","overlay-gradient":""},"tablet":{"background-color":"","background-image":"","background-repeat":"repeat","background-position":"center center","background-size":"auto","background-attachment":"scroll","background-type":"","background-media":"","overlay-type":"","overlay-color":"","overlay-opacity":"","overlay-gradient":""},"mobile":{"background-color":"","background-image":"","background-repeat":"repeat","background-position":"center center","background-size":"auto","background-attachment":"scroll","background-type":"","background-media":"","overlay-type":"","overlay-color":"","overlay-opacity":"","overlay-gradient":""}},"ast-content-background-meta":{"desktop":{"background-color":"var(--ast-global-color-5)","background-image":"","background-repeat":"repeat","background-position":"center center","background-size":"auto","background-attachment":"scroll","background-type":"","background-media":"","overlay-type":"","overlay-color":"","overlay-opacity":"","overlay-gradient":""},"tablet":{"background-color":"var(--ast-global-color-5)","background-image":"","background-repeat":"repeat","background-position":"center center","background-size":"auto","background-attachment":"scroll","background-type":"","background-media":"","overlay-type":"","overlay-color":"","overlay-opacity":"","overlay-gradient":""},"mobile":{"background-color":"var(--ast-global-color-5)","background-image":"","background-repeat":"repeat","background-position":"center center","background-size":"auto","background-attachment":"scroll","background-type":"","background-media":"","overlay-type":"","overlay-color":"","overlay-opacity":"","overlay-gradient":""}}},"product_brand":[],"product_cat":[78,154,18],"product_tag":[],"class_list":{"0":"post-5403","1":"product","2":"type-product","3":"status-publish","4":"has-post-thumbnail","6":"product_cat-oprema","7":"product_cat-pasja-sola","8":"product_cat-vsi-izdelki","9":"desktop-align-center","10":"tablet-align-center","11":"mobile-align-center","13":"first","14":"instock","15":"sale","16":"shipping-taxable","17":"purchasable","18":"product-type-variable"},"acf":[],"yoast_head":"<!-- This site is optimized with the Yoast SEO plugin v27.4 - https:\/\/yoast.com\/product\/yoast-seo-wordpress\/ -->\n<title>Vohalna podloga v obliki ko\u0161ka - \u0161nofka<\/title>\n<meta name=\"description\" content=\"Vohalna podloga v obliki ko\u0161ka - \u0161nofka\" \/>\n<meta name=\"robots\" content=\"index, follow, max-snippet:-1, max-image-preview:large, max-video-preview:-1\" \/>\n<link rel=\"canonical\" href=\"https:\/\/trgovina.pasjauniverza.si\/en\/product\/vohalna-podloga-snofka\/\" \/>\n<meta property=\"og:locale\" content=\"en_US\" \/>\n<meta property=\"og:type\" content=\"article\" \/>\n<meta property=\"og:title\" content=\"Vohalna podloga v obliki ko\u0161ka - \u0161nofka\" \/>\n<meta property=\"og:description\" content=\"Vohalna podloga v obliki ko\u0161ka - \u0161nofka\" \/>\n<meta property=\"og:url\" content=\"https:\/\/trgovina.pasjauniverza.si\/en\/product\/vohalna-podloga-snofka\/\" \/>\n<meta property=\"og:site_name\" content=\"Trgovina Pasja Univerza\" \/>\n<meta property=\"article:modified_time\" content=\"2025-11-30T18:38:42+00:00\" \/>\n<meta name=\"twitter:card\" content=\"summary_large_image\" \/>\n<meta name=\"twitter:label1\" content=\"Est. reading time\" \/>\n\t<meta name=\"twitter:data1\" content=\"2 minutes\" \/>\n<script type=\"application\/ld+json\" class=\"yoast-schema-graph\">{\"@context\":\"https:\\\/\\\/schema.org\",\"@graph\":[{\"@type\":\"WebPage\",\"@id\":\"https:\\\/\\\/trgovina.pasjauniverza.si\\\/product\\\/vohalna-podloga-snofka\\\/\",\"url\":\"https:\\\/\\\/trgovina.pasjauniverza.si\\\/product\\\/vohalna-podloga-snofka\\\/\",\"name\":\"Vohalna podloga v obliki ko\u0161ka - \u0161nofka\",\"isPartOf\":{\"@id\":\"https:\\\/\\\/trgovina.pasjauniverza.si\\\/#website\"},\"primaryImageOfPage\":{\"@id\":\"https:\\\/\\\/trgovina.pasjauniverza.si\\\/product\\\/vohalna-podloga-snofka\\\/#primaryimage\"},\"image\":{\"@id\":\"https:\\\/\\\/trgovina.pasjauniverza.si\\\/product\\\/vohalna-podloga-snofka\\\/#primaryimage\"},\"thumbnailUrl\":\"https:\\\/\\\/trgovina.pasjauniverza.si\\\/wp-content\\\/uploads\\\/2024\\\/08\\\/snofka-zelena.avif\",\"datePublished\":\"2024-08-29T16:37:38+00:00\",\"dateModified\":\"2025-11-30T18:38:42+00:00\",\"description\":\"Vohalna podloga v obliki ko\u0161ka - \u0161nofka\",\"breadcrumb\":{\"@id\":\"https:\\\/\\\/trgovina.pasjauniverza.si\\\/product\\\/vohalna-podloga-snofka\\\/#breadcrumb\"},\"inLanguage\":\"en-US\",\"potentialAction\":[{\"@type\":\"ReadAction\",\"target\":[\"https:\\\/\\\/trgovina.pasjauniverza.si\\\/product\\\/vohalna-podloga-snofka\\\/\"]}]},{\"@type\":\"ImageObject\",\"inLanguage\":\"en-US\",\"@id\":\"https:\\\/\\\/trgovina.pasjauniverza.si\\\/product\\\/vohalna-podloga-snofka\\\/#primaryimage\",\"url\":\"https:\\\/\\\/trgovina.pasjauniverza.si\\\/wp-content\\\/uploads\\\/2024\\\/08\\\/snofka-zelena.avif\",\"contentUrl\":\"https:\\\/\\\/trgovina.pasjauniverza.si\\\/wp-content\\\/uploads\\\/2024\\\/08\\\/snofka-zelena.avif\",\"width\":640,\"height\":640},{\"@type\":\"BreadcrumbList\",\"@id\":\"https:\\\/\\\/trgovina.pasjauniverza.si\\\/product\\\/vohalna-podloga-snofka\\\/#breadcrumb\",\"itemListElement\":[{\"@type\":\"ListItem\",\"position\":1,\"name\":\"Home\",\"item\":\"https:\\\/\\\/trgovina.pasjauniverza.si\\\/\"},{\"@type\":\"ListItem\",\"position\":2,\"name\":\"Trgovina\",\"item\":\"https:\\\/\\\/trgovina.pasjauniverza.si\\\/trgovina\\\/\"},{\"@type\":\"ListItem\",\"position\":3,\"name\":\"Vohalna podloga &#8211; \u0160nofka\"}]},{\"@type\":\"WebSite\",\"@id\":\"https:\\\/\\\/trgovina.pasjauniverza.si\\\/#website\",\"url\":\"https:\\\/\\\/trgovina.pasjauniverza.si\\\/\",\"name\":\"Trgovina Pasja Univerza\",\"description\":\"pasja univerza trgovina\",\"publisher\":{\"@id\":\"https:\\\/\\\/trgovina.pasjauniverza.si\\\/#organization\"},\"potentialAction\":[{\"@type\":\"SearchAction\",\"target\":{\"@type\":\"EntryPoint\",\"urlTemplate\":\"https:\\\/\\\/trgovina.pasjauniverza.si\\\/?s={search_term_string}\"},\"query-input\":{\"@type\":\"PropertyValueSpecification\",\"valueRequired\":true,\"valueName\":\"search_term_string\"}}],\"inLanguage\":\"en-US\"},{\"@type\":\"Organization\",\"@id\":\"https:\\\/\\\/trgovina.pasjauniverza.si\\\/#organization\",\"name\":\"Trgovina Pasja Univerza\",\"url\":\"https:\\\/\\\/trgovina.pasjauniverza.si\\\/\",\"logo\":{\"@type\":\"ImageObject\",\"inLanguage\":\"en-US\",\"@id\":\"https:\\\/\\\/trgovina.pasjauniverza.si\\\/#\\\/schema\\\/logo\\\/image\\\/\",\"url\":\"https:\\\/\\\/trgovina.pasjauniverza.si\\\/wp-content\\\/uploads\\\/2024\\\/08\\\/cropped-logotipi-vector-04.png\",\"contentUrl\":\"https:\\\/\\\/trgovina.pasjauniverza.si\\\/wp-content\\\/uploads\\\/2024\\\/08\\\/cropped-logotipi-vector-04.png\",\"width\":942,\"height\":908,\"caption\":\"Trgovina Pasja Univerza\"},\"image\":{\"@id\":\"https:\\\/\\\/trgovina.pasjauniverza.si\\\/#\\\/schema\\\/logo\\\/image\\\/\"}}]}<\/script>\n<!-- \/ Yoast SEO plugin. -->","yoast_head_json":{"title":"Vohalna podloga v obliki ko\u0161ka - \u0161nofka","description":"Vohalna podloga v obliki ko\u0161ka - \u0161nofka","robots":{"index":"index","follow":"follow","max-snippet":"max-snippet:-1","max-image-preview":"max-image-preview:large","max-video-preview":"max-video-preview:-1"},"canonical":"https:\/\/trgovina.pasjauniverza.si\/en\/product\/vohalna-podloga-snofka\/","og_locale":"en_US","og_type":"article","og_title":"Vohalna podloga v obliki ko\u0161ka - \u0161nofka","og_description":"Vohalna podloga v obliki ko\u0161ka - \u0161nofka","og_url":"https:\/\/trgovina.pasjauniverza.si\/en\/product\/vohalna-podloga-snofka\/","og_site_name":"Trgovina Pasja Univerza","article_modified_time":"2025-11-30T18:38:42+00:00","twitter_card":"summary_large_image","twitter_misc":{"Est. reading time":"2 minutes"},"schema":{"@context":"https:\/\/schema.org","@graph":[{"@type":"WebPage","@id":"https:\/\/trgovina.pasjauniverza.si\/product\/vohalna-podloga-snofka\/","url":"https:\/\/trgovina.pasjauniverza.si\/product\/vohalna-podloga-snofka\/","name":"Vohalna podloga v obliki ko\u0161ka - \u0161nofka","isPartOf":{"@id":"https:\/\/trgovina.pasjauniverza.si\/#website"},"primaryImageOfPage":{"@id":"https:\/\/trgovina.pasjauniverza.si\/product\/vohalna-podloga-snofka\/#primaryimage"},"image":{"@id":"https:\/\/trgovina.pasjauniverza.si\/product\/vohalna-podloga-snofka\/#primaryimage"},"thumbnailUrl":"https:\/\/trgovina.pasjauniverza.si\/wp-content\/uploads\/2024\/08\/snofka-zelena.avif","datePublished":"2024-08-29T16:37:38+00:00","dateModified":"2025-11-30T18:38:42+00:00","description":"Vohalna podloga v obliki ko\u0161ka - \u0161nofka","breadcrumb":{"@id":"https:\/\/trgovina.pasjauniverza.si\/product\/vohalna-podloga-snofka\/#breadcrumb"},"inLanguage":"en-US","potentialAction":[{"@type":"ReadAction","target":["https:\/\/trgovina.pasjauniverza.si\/product\/vohalna-podloga-snofka\/"]}]},{"@type":"ImageObject","inLanguage":"en-US","@id":"https:\/\/trgovina.pasjauniverza.si\/product\/vohalna-podloga-snofka\/#primaryimage","url":"https:\/\/trgovina.pasjauniverza.si\/wp-content\/uploads\/2024\/08\/snofka-zelena.avif","contentUrl":"https:\/\/trgovina.pasjauniverza.si\/wp-content\/uploads\/2024\/08\/snofka-zelena.avif","width":640,"height":640},{"@type":"BreadcrumbList","@id":"https:\/\/trgovina.pasjauniverza.si\/product\/vohalna-podloga-snofka\/#breadcrumb","itemListElement":[{"@type":"ListItem","position":1,"name":"Home","item":"https:\/\/trgovina.pasjauniverza.si\/"},{"@type":"ListItem","position":2,"name":"Trgovina","item":"https:\/\/trgovina.pasjauniverza.si\/trgovina\/"},{"@type":"ListItem","position":3,"name":"Vohalna podloga &#8211; \u0160nofka"}]},{"@type":"WebSite","@id":"https:\/\/trgovina.pasjauniverza.si\/#website","url":"https:\/\/trgovina.pasjauniverza.si\/","name":"Trgovina Pasja Univerza","description":"pasja univerza trgovina","publisher":{"@id":"https:\/\/trgovina.pasjauniverza.si\/#organization"},"potentialAction":[{"@type":"SearchAction","target":{"@type":"EntryPoint","urlTemplate":"https:\/\/trgovina.pasjauniverza.si\/?s={search_term_string}"},"query-input":{"@type":"PropertyValueSpecification","valueRequired":true,"valueName":"search_term_string"}}],"inLanguage":"en-US"},{"@type":"Organization","@id":"https:\/\/trgovina.pasjauniverza.si\/#organization","name":"Trgovina Pasja Univerza","url":"https:\/\/trgovina.pasjauniverza.si\/","logo":{"@type":"ImageObject","inLanguage":"en-US","@id":"https:\/\/trgovina.pasjauniverza.si\/#\/schema\/logo\/image\/","url":"https:\/\/trgovina.pasjauniverza.si\/wp-content\/uploads\/2024\/08\/cropped-logotipi-vector-04.png","contentUrl":"https:\/\/trgovina.pasjauniverza.si\/wp-content\/uploads\/2024\/08\/cropped-logotipi-vector-04.png","width":942,"height":908,"caption":"Trgovina Pasja Univerza"},"image":{"@id":"https:\/\/trgovina.pasjauniverza.si\/#\/schema\/logo\/image\/"}}]}},"uagb_featured_image_src":{"full":["https:\/\/trgovina.pasjauniverza.si\/wp-content\/uploads\/2024\/08\/snofka-zelena.avif",640,640,false],"thumbnail":["https:\/\/trgovina.pasjauniverza.si\/wp-content\/uploads\/2024\/08\/snofka-zelena-150x150.avif",150,150,true],"medium":["https:\/\/trgovina.pasjauniverza.si\/wp-content\/uploads\/2024\/08\/snofka-zelena-300x300.avif",300,300,true],"medium_large":["https:\/\/trgovina.pasjauniverza.si\/wp-content\/uploads\/2024\/08\/snofka-zelena.avif",640,640,false],"large":["https:\/\/trgovina.pasjauniverza.si\/wp-content\/uploads\/2024\/08\/snofka-zelena.avif",640,640,false],"1536x1536":["https:\/\/trgovina.pasjauniverza.si\/wp-content\/uploads\/2024\/08\/snofka-zelena.avif",640,640,false],"2048x2048":["https:\/\/trgovina.pasjauniverza.si\/wp-content\/uploads\/2024\/08\/snofka-zelena.avif",640,640,false],"trp-custom-language-flag":["https:\/\/trgovina.pasjauniverza.si\/wp-content\/uploads\/2024\/08\/snofka-zelena.avif",12,12,false],"woocommerce_thumbnail":["https:\/\/trgovina.pasjauniverza.si\/wp-content\/uploads\/2024\/08\/snofka-zelena-300x300.avif",300,300,true],"woocommerce_single":["https:\/\/trgovina.pasjauniverza.si\/wp-content\/uploads\/2024\/08\/snofka-zelena-600x600.avif",600,600,true],"woocommerce_gallery_thumbnail":["https:\/\/trgovina.pasjauniverza.si\/wp-content\/uploads\/2024\/08\/snofka-zelena-100x100.avif",100,100,true]},"uagb_author_info":{"display_name":"Karmen Grubeli\u0107, dr.vet.med.","author_link":"https:\/\/trgovina.pasjauniverza.si\/en\/author\/"},"uagb_comment_info":0,"uagb_excerpt":"Vohalna podloga v obliki ko\u0161ka je interaktivna igra\u010da, ki psa miselno in telesno zaposli z iskanjem hrane, s \u010dimer upo\u010dasni hranjenje ter pomirja nervozne ali hiperaktivne pse. Zahtevnost iskanja lahko prilagodite, podloga pa je pralna, nedrse\u010da in primerna za pse vseh starosti ter velikosti.","jetpack_sharing_enabled":true,"_links":{"self":[{"href":"https:\/\/trgovina.pasjauniverza.si\/en\/wp-json\/wp\/v2\/product\/5403","targetHints":{"allow":["GET"]}}],"collection":[{"href":"https:\/\/trgovina.pasjauniverza.si\/en\/wp-json\/wp\/v2\/product"}],"about":[{"href":"https:\/\/trgovina.pasjauniverza.si\/en\/wp-json\/wp\/v2\/types\/product"}],"replies":[{"embeddable":true,"href":"https:\/\/trgovina.pasjauniverza.si\/en\/wp-json\/wp\/v2\/comments?post=5403"}],"wp:featuredmedia":[{"embeddable":true,"href":"https:\/\/trgovina.pasjauniverza.si\/en\/wp-json\/wp\/v2\/media\/5408"}],"wp:attachment":[{"href":"https:\/\/trgovina.pasjauniverza.si\/en\/wp-json\/wp\/v2\/media?parent=5403"}],"wp:term":[{"taxonomy":"product_brand","embeddable":true,"href":"https:\/\/trgovina.pasjauniverza.si\/en\/wp-json\/wp\/v2\/product_brand?post=5403"},{"taxonomy":"product_cat","embeddable":true,"href":"https:\/\/trgovina.pasjauniverza.si\/en\/wp-json\/wp\/v2\/product_cat?post=5403"},{"taxonomy":"product_tag","embeddable":true,"href":"https:\/\/trgovina.pasjauniverza.si\/en\/wp-json\/wp\/v2\/product_tag?post=5403"}],"curies":[{"name":"wp","href":"https:\/\/api.w.org\/{rel}","templated":true}]}}