
{"id":5389,"date":"2024-08-29T11:55:10","date_gmt":"2024-08-29T11:55:10","guid":{"rendered":"https:\/\/trgovina.pasjauniverza.si\/?post_type=product&#038;p=5389"},"modified":"2025-11-28T17:13:21","modified_gmt":"2025-11-28T17:13:21","slug":"natures-protection-superior-care-white-dogs-dentalne-hipoalergene-palcke-insekti","status":"publish","type":"product","link":"https:\/\/trgovina.pasjauniverza.si\/en\/product\/natures-protection-superior-care-white-dogs-dentalne-hipoalergene-palcke-insekti\/","title":{"rendered":"Nature&#8217;s Protection Superior Care White Dogs &#8211; Dentalne hipoalergene pal\u010dke &#8211; Insekti"},"content":{"rendered":"<h4>Z mislijo na bele pse<\/h4>\n<h4><\/h4>\n<p>Pribolj\u0161ki, ustvarjeni z mislijo na vse lastnike psov z belo oziroma svetlo dlako.\u00a0Vrhunski veterinarji in prehranski strokovnjaki so razvili prigrizke, s katerimi bo \u0161tirino\u017eec ohranjal ble\u0161\u010de\u010d ko\u017eu\u0161\u010dek, obenem pa bo pridobil hranila za zdrave kosti in sklepe. Hipoalergena formula je primerna tudi za alergike in ob\u010dutljive pse.<\/p>\n<p>&nbsp;<\/p>\n<h4>Ble\u0161\u010de\u010da bela dlaka<\/h4>\n<p>Psi z belo dlako so pogosto nagnjeni k made\u017eem, ki nastanejo okoli o\u010di, ust in ta\u010dk ter so navadno posledica solz in sline. Skrbno izbrani viri beljakovin v hrani ohranjajo pravo sestavo solz in sline ter tako prepre\u010dujejo rjave made\u017ee.<\/p>\n<h4>Vrhunska sestava za zdrav razvoj in\u00a0in dolgo \u017eivljenje<\/h4>\n<h4><\/h4>\n<p>Glavni vir beljakovin je pridobljen iz \u017eu\u017eelk, ki so poleg beljakovin bogate tudi z zdravimi ma\u0161\u010dobami ter minerali. Insekti predstavljajo tudi odli\u010den vir beljakovin za vse kosmatince, ki so sicer alergi\u010dni na obi\u010dajne vire, obenem pa je tudi sama pridelava take hrane veliko bolj okolju prijazna.<\/p>\n<p>Pribolj\u0161ki vsebujejo tudi glukozamin in hondroitin, ki dokazano pomagata ohranjati zdrave in pro\u017ene sklepe hi\u0161nega ljubljen\u010dka, krepita kite, vezi, sklepni hrustanec in hrbteni\u010dne plo\u0161\u010dice. Obenem pa krepita imunski sistem, pripomoreta k zdravju jeter ter zmanj\u0161ujeta tveganje za nastanek sr\u010dno-\u017eilnih bolezni.<\/p>\n<p>Pribolj\u0161kom so dodane \u0161e morske alge, ki so naravni vir vitaminov A, C, K in B6, kalcija, kalija, bakra, joda in mangana. Pripomorejo k izbolj\u0161anemu splo\u0161nemu zdravju ter mo\u010dnej\u0161emu imunskemu sistemu, prepre\u010dujejo pa tudi nastanek zobnih oblog. Za dodatno izbolj\u0161ano prebavo se v izdelku nahajajo tudi probiotiki.<\/p>\n<p>Izdelek ne vsebuje nobenih umetnih barvil, arom in konzervansov. Je popolnoma naravna in narejena iz vrhunskih sestavin znanega porekla, obdelanih na profesionalen na\u010din. Prigrizki brez \u017eitaric in mle\u010dnin so primerni za tudi za \u0161tirino\u017ece, ki ne tolerirajo glutena ali laktoze.<\/p>\n<h4>MicroZeoGen: inovacija narave<\/h4>\n<h4><\/h4>\n<p>V izdelkih se nahaja tudi MicroZeoGen, naraven mineral, ki pomaga zagotavljati zdravo in vitalno \u017eivljenje hi\u0161nih ljubljen\u010dkov. Desetletja raziskav so potrdila \u0161tevilne pozitivne u\u010dinke, ki jih MicroZeoGen ima na zdravje va\u0161ega kosmatinca.<\/p>\n<p>Med drugim pripomore k:<br \/>\n&#8211; Odstranjevanju toksinov, te\u017ekih kovin ter amoniaka iz telesa;<br \/>\n&#8211; Izbolj\u0161anju absorpcije hranil;<br \/>\n&#8211; Mo\u010dnej\u0161emu imunskemu sistemu.<\/p>\n<p>&nbsp;<\/p>\n<p>Sestava:<br \/>\nPredelane beljakovine \u017eu\u017eelk min. 26 % (posu\u0161ene in fino mlete)*, pred\u017eelatiniziran krompirjev \u0161krob, krompirjevi kosmi\u010di, morske alge Ascophyllum nodosum (4 %), sorbitol, glicerin, glukozni sirup, grahove vlaknine (4 %), dinami\u010dno mikroniziran klinoptilolit (1 %), hitozamin (iz vodne \u017eivali) (1 %), fruktooligosaharidi (FOS), posu\u0161ene alge Schizochytrium sp. (0,16 %), izvle\u010dek zelenega \u010daja (0,05 %), posu\u0161en ognji\u010d (0,02 %).<br \/>\n*Vsebuje predelane \u017eivalske beljakovine nepre\u017evekovalcev \u2013 ni dovoljeno krmiti rejnih \u017eivali, razen \u017eivali iz ribogojstva in ko\u017euharjev.<\/p>\n<p>Analiti\u010dna\u00a0sestava:<br \/>\nSurove beljakovine \u2013 20 %, surove\u00a0vlaknine\u00a0\u2013 4 %, surove\u00a0ma\u0161\u010dobe\u00a0\u2013 3 %, surovi pepel \u2013 4 %, \u0161krob \u2013 34 %, vlaga \u2013 20 %, fosfor \u2013 1,35 %, natrij \u2013 0,7 %. , kalij \u2013 0,7 %, glicerol \u2013 3,7 %, skupni sladkorji \u2013 4,5 %.<\/p>\n<p>Prehranski dodatki:<br \/>\nVitamin D\u2083 (3a671)* \u2013 577 IU, vitamin E (3a700) \u2013 204 mg, biotin (3a880) \u2013 0,08 mg, tavrin (3a370) \u2013 1000 mg.<br \/>\nTehnolo\u0161ki dodatki: antioksidanti, konzervansi.<br \/>\nZootehni\u010dni dodatki: stabilizatorji \u010drevesne flore: Bacillus velezensis DSM 15544 (4b1820) \u2013 1\u00d71010 CFU.<br \/>\n*So\u010dasna uporaba z vitaminom D2 ni dovoljena.<\/p>","protected":false},"excerpt":{"rendered":"<p>Dentalne pal\u010dke z insekti, predvsem za pse z belo oz. svetlo dlako.<\/p>\n<p>Popoln prigrizek za vse bele pse! Pasji pribolj\u0161ki so pogosto krivec za nastajanje rjavih made\u017eev na beli dlaki, saj neugodno vplivajo na ravnovesje v telesu in posledi\u010dno spremenijo sestavo solz in sline. Pribolj\u0161ki iz kolekcije &#8220;White Dogs&#8221; so bili posebej zasnovani za bele pse, obenem pa krepijo zdravje zob in psa zaposlijo.<\/p>\n<ul>\n<li>Hipoalergeni pasji pribolj\u0161ki brez \u017eitaric<\/li>\n<li>Prepre\u010dujejo nastanek rjavih made\u017eev<\/li>\n<li>Vse, kar pes potrebuje za zdrav razvoj<\/li>\n<li>Dopolnjeni z vitamini in minerali<\/li>\n<li>Brez\u00a0umetnih barvil, arom in konzervansov<\/li>\n<\/ul>","protected":false},"featured_media":5390,"comment_status":"open","ping_status":"closed","template":"","meta":{"_acf_changed":false,"_uag_custom_page_level_css":"","site-sidebar-layout":"default","site-content-layout":"","ast-site-content-layout":"default","site-content-style":"default","site-sidebar-style":"default","ast-global-header-display":"","ast-banner-title-visibility":"","ast-main-header-display":"","ast-hfb-above-header-display":"","ast-hfb-below-header-display":"","ast-hfb-mobile-header-display":"","site-post-title":"","ast-breadcrumbs-content":"","ast-featured-img":"","footer-sml-layout":"","ast-disable-related-posts":"","theme-transparent-header-meta":"default","adv-header-id-meta":"","stick-header-meta":"","header-above-stick-meta":"","header-main-stick-meta":"","header-below-stick-meta":"","astra-migrate-meta-layouts":"set","ast-page-background-enabled":"default","ast-page-background-meta":{"desktop":{"background-color":"","background-image":"","background-repeat":"repeat","background-position":"center center","background-size":"auto","background-attachment":"scroll","background-type":"","background-media":"","overlay-type":"","overlay-color":"","overlay-opacity":"","overlay-gradient":""},"tablet":{"background-color":"","background-image":"","background-repeat":"repeat","background-position":"center center","background-size":"auto","background-attachment":"scroll","background-type":"","background-media":"","overlay-type":"","overlay-color":"","overlay-opacity":"","overlay-gradient":""},"mobile":{"background-color":"","background-image":"","background-repeat":"repeat","background-position":"center center","background-size":"auto","background-attachment":"scroll","background-type":"","background-media":"","overlay-type":"","overlay-color":"","overlay-opacity":"","overlay-gradient":""}},"ast-content-background-meta":{"desktop":{"background-color":"var(--ast-global-color-5)","background-image":"","background-repeat":"repeat","background-position":"center center","background-size":"auto","background-attachment":"scroll","background-type":"","background-media":"","overlay-type":"","overlay-color":"","overlay-opacity":"","overlay-gradient":""},"tablet":{"background-color":"var(--ast-global-color-5)","background-image":"","background-repeat":"repeat","background-position":"center center","background-size":"auto","background-attachment":"scroll","background-type":"","background-media":"","overlay-type":"","overlay-color":"","overlay-opacity":"","overlay-gradient":""},"mobile":{"background-color":"var(--ast-global-color-5)","background-image":"","background-repeat":"repeat","background-position":"center center","background-size":"auto","background-attachment":"scroll","background-type":"","background-media":"","overlay-type":"","overlay-color":"","overlay-opacity":"","overlay-gradient":""}}},"product_brand":[939],"product_cat":[725,154,366,723,18],"product_tag":[141,146,143,133,135,136,149,147,148],"class_list":{"0":"post-5389","1":"product","2":"type-product","3":"status-publish","4":"has-post-thumbnail","6":"product_brand-np-lifestyle","7":"product_cat-hrana-za-pse","8":"product_cat-pasja-sola","9":"product_cat-priboljski","10":"product_cat-psi","11":"product_cat-vsi-izdelki","12":"product_tag-alergije","13":"product_tag-dlesni","14":"product_tag-hipoalergena-hrana","15":"product_tag-insekti","16":"product_tag-prebava","17":"product_tag-priboljski","18":"product_tag-zdravje-zob","19":"product_tag-zobje","20":"product_tag-zvecilka","21":"desktop-align-center","22":"tablet-align-center","23":"mobile-align-center","25":"first","26":"outofstock","27":"shipping-taxable","28":"purchasable","29":"product-type-variable"},"acf":[],"yoast_head":"<!-- This site is optimized with the Yoast SEO plugin v27.4 - https:\/\/yoast.com\/product\/yoast-seo-wordpress\/ -->\n<title>hipoalergene pal\u010dke za \u010di\u0161\u010denje zob\u2013 insekti<\/title>\n<meta name=\"description\" content=\"hipoalergene pal\u010dke za \u010di\u0161\u010denje zob\u2013 insekti.\" \/>\n<meta name=\"robots\" content=\"index, follow, max-snippet:-1, max-image-preview:large, max-video-preview:-1\" \/>\n<link rel=\"canonical\" href=\"https:\/\/trgovina.pasjauniverza.si\/en\/product\/natures-protection-superior-care-white-dogs-dentalne-hipoalergene-palcke-insekti\/\" \/>\n<meta property=\"og:locale\" content=\"en_US\" \/>\n<meta property=\"og:type\" content=\"article\" \/>\n<meta property=\"og:title\" content=\"hipoalergene pal\u010dke za \u010di\u0161\u010denje zob\u2013 insekti\" \/>\n<meta property=\"og:description\" content=\"hipoalergene pal\u010dke za \u010di\u0161\u010denje zob\u2013 insekti.\" \/>\n<meta property=\"og:url\" content=\"https:\/\/trgovina.pasjauniverza.si\/en\/product\/natures-protection-superior-care-white-dogs-dentalne-hipoalergene-palcke-insekti\/\" \/>\n<meta property=\"og:site_name\" content=\"Trgovina Pasja Univerza\" \/>\n<meta property=\"article:modified_time\" content=\"2025-11-28T17:13:21+00:00\" \/>\n<meta property=\"og:image\" content=\"https:\/\/trgovina.pasjauniverza.si\/wp-content\/uploads\/2024\/08\/natures-protection-superior-care-white-dogs-dentalne-hipoalergene-palcke-za-bele-pse-insekti.jpg\" \/>\n\t<meta property=\"og:image:width\" content=\"600\" \/>\n\t<meta property=\"og:image:height\" content=\"600\" \/>\n\t<meta property=\"og:image:type\" content=\"image\/jpeg\" \/>\n<meta name=\"twitter:card\" content=\"summary_large_image\" \/>\n<meta name=\"twitter:label1\" content=\"Est. reading time\" \/>\n\t<meta name=\"twitter:data1\" content=\"3 minutes\" \/>\n<script type=\"application\/ld+json\" class=\"yoast-schema-graph\">{\"@context\":\"https:\\\/\\\/schema.org\",\"@graph\":[{\"@type\":\"WebPage\",\"@id\":\"https:\\\/\\\/trgovina.pasjauniverza.si\\\/product\\\/natures-protection-superior-care-white-dogs-dentalne-hipoalergene-palcke-insekti\\\/\",\"url\":\"https:\\\/\\\/trgovina.pasjauniverza.si\\\/product\\\/natures-protection-superior-care-white-dogs-dentalne-hipoalergene-palcke-insekti\\\/\",\"name\":\"hipoalergene pal\u010dke za \u010di\u0161\u010denje zob\u2013 insekti\",\"isPartOf\":{\"@id\":\"https:\\\/\\\/trgovina.pasjauniverza.si\\\/#website\"},\"primaryImageOfPage\":{\"@id\":\"https:\\\/\\\/trgovina.pasjauniverza.si\\\/product\\\/natures-protection-superior-care-white-dogs-dentalne-hipoalergene-palcke-insekti\\\/#primaryimage\"},\"image\":{\"@id\":\"https:\\\/\\\/trgovina.pasjauniverza.si\\\/product\\\/natures-protection-superior-care-white-dogs-dentalne-hipoalergene-palcke-insekti\\\/#primaryimage\"},\"thumbnailUrl\":\"https:\\\/\\\/trgovina.pasjauniverza.si\\\/wp-content\\\/uploads\\\/2024\\\/08\\\/natures-protection-superior-care-white-dogs-dentalne-hipoalergene-palcke-za-bele-pse-insekti.jpg\",\"datePublished\":\"2024-08-29T11:55:10+00:00\",\"dateModified\":\"2025-11-28T17:13:21+00:00\",\"description\":\"hipoalergene pal\u010dke za \u010di\u0161\u010denje zob\u2013 insekti.\",\"breadcrumb\":{\"@id\":\"https:\\\/\\\/trgovina.pasjauniverza.si\\\/product\\\/natures-protection-superior-care-white-dogs-dentalne-hipoalergene-palcke-insekti\\\/#breadcrumb\"},\"inLanguage\":\"en-US\",\"potentialAction\":[{\"@type\":\"ReadAction\",\"target\":[\"https:\\\/\\\/trgovina.pasjauniverza.si\\\/product\\\/natures-protection-superior-care-white-dogs-dentalne-hipoalergene-palcke-insekti\\\/\"]}]},{\"@type\":\"ImageObject\",\"inLanguage\":\"en-US\",\"@id\":\"https:\\\/\\\/trgovina.pasjauniverza.si\\\/product\\\/natures-protection-superior-care-white-dogs-dentalne-hipoalergene-palcke-insekti\\\/#primaryimage\",\"url\":\"https:\\\/\\\/trgovina.pasjauniverza.si\\\/wp-content\\\/uploads\\\/2024\\\/08\\\/natures-protection-superior-care-white-dogs-dentalne-hipoalergene-palcke-za-bele-pse-insekti.jpg\",\"contentUrl\":\"https:\\\/\\\/trgovina.pasjauniverza.si\\\/wp-content\\\/uploads\\\/2024\\\/08\\\/natures-protection-superior-care-white-dogs-dentalne-hipoalergene-palcke-za-bele-pse-insekti.jpg\",\"width\":600,\"height\":600},{\"@type\":\"BreadcrumbList\",\"@id\":\"https:\\\/\\\/trgovina.pasjauniverza.si\\\/product\\\/natures-protection-superior-care-white-dogs-dentalne-hipoalergene-palcke-insekti\\\/#breadcrumb\",\"itemListElement\":[{\"@type\":\"ListItem\",\"position\":1,\"name\":\"Home\",\"item\":\"https:\\\/\\\/trgovina.pasjauniverza.si\\\/\"},{\"@type\":\"ListItem\",\"position\":2,\"name\":\"Trgovina\",\"item\":\"https:\\\/\\\/trgovina.pasjauniverza.si\\\/trgovina\\\/\"},{\"@type\":\"ListItem\",\"position\":3,\"name\":\"Nature&#8217;s Protection Superior Care White Dogs &#8211; Dentalne hipoalergene pal\u010dke &#8211; Insekti\"}]},{\"@type\":\"WebSite\",\"@id\":\"https:\\\/\\\/trgovina.pasjauniverza.si\\\/#website\",\"url\":\"https:\\\/\\\/trgovina.pasjauniverza.si\\\/\",\"name\":\"Trgovina Pasja Univerza\",\"description\":\"pasja univerza trgovina\",\"publisher\":{\"@id\":\"https:\\\/\\\/trgovina.pasjauniverza.si\\\/#organization\"},\"potentialAction\":[{\"@type\":\"SearchAction\",\"target\":{\"@type\":\"EntryPoint\",\"urlTemplate\":\"https:\\\/\\\/trgovina.pasjauniverza.si\\\/?s={search_term_string}\"},\"query-input\":{\"@type\":\"PropertyValueSpecification\",\"valueRequired\":true,\"valueName\":\"search_term_string\"}}],\"inLanguage\":\"en-US\"},{\"@type\":\"Organization\",\"@id\":\"https:\\\/\\\/trgovina.pasjauniverza.si\\\/#organization\",\"name\":\"Trgovina Pasja Univerza\",\"url\":\"https:\\\/\\\/trgovina.pasjauniverza.si\\\/\",\"logo\":{\"@type\":\"ImageObject\",\"inLanguage\":\"en-US\",\"@id\":\"https:\\\/\\\/trgovina.pasjauniverza.si\\\/#\\\/schema\\\/logo\\\/image\\\/\",\"url\":\"https:\\\/\\\/trgovina.pasjauniverza.si\\\/wp-content\\\/uploads\\\/2024\\\/08\\\/cropped-logotipi-vector-04.png\",\"contentUrl\":\"https:\\\/\\\/trgovina.pasjauniverza.si\\\/wp-content\\\/uploads\\\/2024\\\/08\\\/cropped-logotipi-vector-04.png\",\"width\":942,\"height\":908,\"caption\":\"Trgovina Pasja Univerza\"},\"image\":{\"@id\":\"https:\\\/\\\/trgovina.pasjauniverza.si\\\/#\\\/schema\\\/logo\\\/image\\\/\"}}]}<\/script>\n<!-- \/ Yoast SEO plugin. -->","yoast_head_json":{"title":"hipoalergene pal\u010dke za \u010di\u0161\u010denje zob\u2013 insekti","description":"hipoalergene pal\u010dke za \u010di\u0161\u010denje zob\u2013 insekti.","robots":{"index":"index","follow":"follow","max-snippet":"max-snippet:-1","max-image-preview":"max-image-preview:large","max-video-preview":"max-video-preview:-1"},"canonical":"https:\/\/trgovina.pasjauniverza.si\/en\/product\/natures-protection-superior-care-white-dogs-dentalne-hipoalergene-palcke-insekti\/","og_locale":"en_US","og_type":"article","og_title":"hipoalergene pal\u010dke za \u010di\u0161\u010denje zob\u2013 insekti","og_description":"hipoalergene pal\u010dke za \u010di\u0161\u010denje zob\u2013 insekti.","og_url":"https:\/\/trgovina.pasjauniverza.si\/en\/product\/natures-protection-superior-care-white-dogs-dentalne-hipoalergene-palcke-insekti\/","og_site_name":"Trgovina Pasja Univerza","article_modified_time":"2025-11-28T17:13:21+00:00","og_image":[{"width":600,"height":600,"url":"https:\/\/trgovina.pasjauniverza.si\/wp-content\/uploads\/2024\/08\/natures-protection-superior-care-white-dogs-dentalne-hipoalergene-palcke-za-bele-pse-insekti.jpg","type":"image\/jpeg"}],"twitter_card":"summary_large_image","twitter_misc":{"Est. reading time":"3 minutes"},"schema":{"@context":"https:\/\/schema.org","@graph":[{"@type":"WebPage","@id":"https:\/\/trgovina.pasjauniverza.si\/product\/natures-protection-superior-care-white-dogs-dentalne-hipoalergene-palcke-insekti\/","url":"https:\/\/trgovina.pasjauniverza.si\/product\/natures-protection-superior-care-white-dogs-dentalne-hipoalergene-palcke-insekti\/","name":"hipoalergene pal\u010dke za \u010di\u0161\u010denje zob\u2013 insekti","isPartOf":{"@id":"https:\/\/trgovina.pasjauniverza.si\/#website"},"primaryImageOfPage":{"@id":"https:\/\/trgovina.pasjauniverza.si\/product\/natures-protection-superior-care-white-dogs-dentalne-hipoalergene-palcke-insekti\/#primaryimage"},"image":{"@id":"https:\/\/trgovina.pasjauniverza.si\/product\/natures-protection-superior-care-white-dogs-dentalne-hipoalergene-palcke-insekti\/#primaryimage"},"thumbnailUrl":"https:\/\/trgovina.pasjauniverza.si\/wp-content\/uploads\/2024\/08\/natures-protection-superior-care-white-dogs-dentalne-hipoalergene-palcke-za-bele-pse-insekti.jpg","datePublished":"2024-08-29T11:55:10+00:00","dateModified":"2025-11-28T17:13:21+00:00","description":"hipoalergene pal\u010dke za \u010di\u0161\u010denje zob\u2013 insekti.","breadcrumb":{"@id":"https:\/\/trgovina.pasjauniverza.si\/product\/natures-protection-superior-care-white-dogs-dentalne-hipoalergene-palcke-insekti\/#breadcrumb"},"inLanguage":"en-US","potentialAction":[{"@type":"ReadAction","target":["https:\/\/trgovina.pasjauniverza.si\/product\/natures-protection-superior-care-white-dogs-dentalne-hipoalergene-palcke-insekti\/"]}]},{"@type":"ImageObject","inLanguage":"en-US","@id":"https:\/\/trgovina.pasjauniverza.si\/product\/natures-protection-superior-care-white-dogs-dentalne-hipoalergene-palcke-insekti\/#primaryimage","url":"https:\/\/trgovina.pasjauniverza.si\/wp-content\/uploads\/2024\/08\/natures-protection-superior-care-white-dogs-dentalne-hipoalergene-palcke-za-bele-pse-insekti.jpg","contentUrl":"https:\/\/trgovina.pasjauniverza.si\/wp-content\/uploads\/2024\/08\/natures-protection-superior-care-white-dogs-dentalne-hipoalergene-palcke-za-bele-pse-insekti.jpg","width":600,"height":600},{"@type":"BreadcrumbList","@id":"https:\/\/trgovina.pasjauniverza.si\/product\/natures-protection-superior-care-white-dogs-dentalne-hipoalergene-palcke-insekti\/#breadcrumb","itemListElement":[{"@type":"ListItem","position":1,"name":"Home","item":"https:\/\/trgovina.pasjauniverza.si\/"},{"@type":"ListItem","position":2,"name":"Trgovina","item":"https:\/\/trgovina.pasjauniverza.si\/trgovina\/"},{"@type":"ListItem","position":3,"name":"Nature&#8217;s Protection Superior Care White Dogs &#8211; Dentalne hipoalergene pal\u010dke &#8211; Insekti"}]},{"@type":"WebSite","@id":"https:\/\/trgovina.pasjauniverza.si\/#website","url":"https:\/\/trgovina.pasjauniverza.si\/","name":"Trgovina Pasja Univerza","description":"pasja univerza trgovina","publisher":{"@id":"https:\/\/trgovina.pasjauniverza.si\/#organization"},"potentialAction":[{"@type":"SearchAction","target":{"@type":"EntryPoint","urlTemplate":"https:\/\/trgovina.pasjauniverza.si\/?s={search_term_string}"},"query-input":{"@type":"PropertyValueSpecification","valueRequired":true,"valueName":"search_term_string"}}],"inLanguage":"en-US"},{"@type":"Organization","@id":"https:\/\/trgovina.pasjauniverza.si\/#organization","name":"Trgovina Pasja Univerza","url":"https:\/\/trgovina.pasjauniverza.si\/","logo":{"@type":"ImageObject","inLanguage":"en-US","@id":"https:\/\/trgovina.pasjauniverza.si\/#\/schema\/logo\/image\/","url":"https:\/\/trgovina.pasjauniverza.si\/wp-content\/uploads\/2024\/08\/cropped-logotipi-vector-04.png","contentUrl":"https:\/\/trgovina.pasjauniverza.si\/wp-content\/uploads\/2024\/08\/cropped-logotipi-vector-04.png","width":942,"height":908,"caption":"Trgovina Pasja Univerza"},"image":{"@id":"https:\/\/trgovina.pasjauniverza.si\/#\/schema\/logo\/image\/"}}]}},"uagb_featured_image_src":{"full":["https:\/\/trgovina.pasjauniverza.si\/wp-content\/uploads\/2024\/08\/natures-protection-superior-care-white-dogs-dentalne-hipoalergene-palcke-za-bele-pse-insekti.jpg",600,600,false],"thumbnail":["https:\/\/trgovina.pasjauniverza.si\/wp-content\/uploads\/2024\/08\/natures-protection-superior-care-white-dogs-dentalne-hipoalergene-palcke-za-bele-pse-insekti-150x150.jpg",150,150,true],"medium":["https:\/\/trgovina.pasjauniverza.si\/wp-content\/uploads\/2024\/08\/natures-protection-superior-care-white-dogs-dentalne-hipoalergene-palcke-za-bele-pse-insekti-300x300.jpg",300,300,true],"medium_large":["https:\/\/trgovina.pasjauniverza.si\/wp-content\/uploads\/2024\/08\/natures-protection-superior-care-white-dogs-dentalne-hipoalergene-palcke-za-bele-pse-insekti.jpg",600,600,false],"large":["https:\/\/trgovina.pasjauniverza.si\/wp-content\/uploads\/2024\/08\/natures-protection-superior-care-white-dogs-dentalne-hipoalergene-palcke-za-bele-pse-insekti.jpg",600,600,false],"1536x1536":["https:\/\/trgovina.pasjauniverza.si\/wp-content\/uploads\/2024\/08\/natures-protection-superior-care-white-dogs-dentalne-hipoalergene-palcke-za-bele-pse-insekti.jpg",600,600,false],"2048x2048":["https:\/\/trgovina.pasjauniverza.si\/wp-content\/uploads\/2024\/08\/natures-protection-superior-care-white-dogs-dentalne-hipoalergene-palcke-za-bele-pse-insekti.jpg",600,600,false],"trp-custom-language-flag":["https:\/\/trgovina.pasjauniverza.si\/wp-content\/uploads\/2024\/08\/natures-protection-superior-care-white-dogs-dentalne-hipoalergene-palcke-za-bele-pse-insekti.jpg",12,12,false],"woocommerce_thumbnail":["https:\/\/trgovina.pasjauniverza.si\/wp-content\/uploads\/2024\/08\/natures-protection-superior-care-white-dogs-dentalne-hipoalergene-palcke-za-bele-pse-insekti-300x300.jpg",300,300,true],"woocommerce_single":["https:\/\/trgovina.pasjauniverza.si\/wp-content\/uploads\/2024\/08\/natures-protection-superior-care-white-dogs-dentalne-hipoalergene-palcke-za-bele-pse-insekti.jpg",600,600,false],"woocommerce_gallery_thumbnail":["https:\/\/trgovina.pasjauniverza.si\/wp-content\/uploads\/2024\/08\/natures-protection-superior-care-white-dogs-dentalne-hipoalergene-palcke-za-bele-pse-insekti-100x100.jpg",100,100,true]},"uagb_author_info":{"display_name":"Karmen Grubeli\u0107, dr.vet.med.","author_link":"https:\/\/trgovina.pasjauniverza.si\/en\/author\/"},"uagb_comment_info":0,"uagb_excerpt":"Dentalne pal\u010dke z insekti, predvsem za pse z belo oz. svetlo dlako. Popoln prigrizek za vse bele pse! Pasji pribolj\u0161ki so pogosto krivec za nastajanje rjavih made\u017eev na beli dlaki, saj neugodno vplivajo na ravnovesje v telesu in posledi\u010dno spremenijo sestavo solz in sline. Pribolj\u0161ki iz kolekcije \"White Dogs\" so bili posebej zasnovani za bele&hellip;","jetpack_sharing_enabled":true,"_links":{"self":[{"href":"https:\/\/trgovina.pasjauniverza.si\/en\/wp-json\/wp\/v2\/product\/5389","targetHints":{"allow":["GET"]}}],"collection":[{"href":"https:\/\/trgovina.pasjauniverza.si\/en\/wp-json\/wp\/v2\/product"}],"about":[{"href":"https:\/\/trgovina.pasjauniverza.si\/en\/wp-json\/wp\/v2\/types\/product"}],"replies":[{"embeddable":true,"href":"https:\/\/trgovina.pasjauniverza.si\/en\/wp-json\/wp\/v2\/comments?post=5389"}],"wp:featuredmedia":[{"embeddable":true,"href":"https:\/\/trgovina.pasjauniverza.si\/en\/wp-json\/wp\/v2\/media\/5390"}],"wp:attachment":[{"href":"https:\/\/trgovina.pasjauniverza.si\/en\/wp-json\/wp\/v2\/media?parent=5389"}],"wp:term":[{"taxonomy":"product_brand","embeddable":true,"href":"https:\/\/trgovina.pasjauniverza.si\/en\/wp-json\/wp\/v2\/product_brand?post=5389"},{"taxonomy":"product_cat","embeddable":true,"href":"https:\/\/trgovina.pasjauniverza.si\/en\/wp-json\/wp\/v2\/product_cat?post=5389"},{"taxonomy":"product_tag","embeddable":true,"href":"https:\/\/trgovina.pasjauniverza.si\/en\/wp-json\/wp\/v2\/product_tag?post=5389"}],"curies":[{"name":"wp","href":"https:\/\/api.w.org\/{rel}","templated":true}]}}