
{"id":5378,"date":"2024-08-29T11:39:10","date_gmt":"2024-08-29T11:39:10","guid":{"rendered":"https:\/\/trgovina.pasjauniverza.si\/?post_type=product&#038;p=5378"},"modified":"2025-09-16T16:17:45","modified_gmt":"2025-09-16T16:17:45","slug":"natures-protection-zajcja-usesa-z-raco","status":"publish","type":"product","link":"https:\/\/trgovina.pasjauniverza.si\/en\/product\/natures-protection-zajcja-usesa-z-raco\/","title":{"rendered":"Nature&#8217;s Protection Lifestyle &#8211; Zaj\u010dja u\u0161esa in posu\u0161eno ra\u010dje meso"},"content":{"rendered":"<h4>Vrhunski pribolj\u0161ki za psa polnega okusa<\/h4>\n<h4><\/h4>\n<p>Nature&#8217;s Protection pribolj\u0161ki se pona\u0161ajo z odli\u010dno sestavo, visoko kakovostjo ter polnim okusom. Vsebujejo samo izbrane sestavine, ki pripomorejo k zdravju, po\u010dutju in dalj\u0161i \u017eivljenjski dobi psa. Vsi izdelki so brez umetnih barvil, arom, konzervansov in ostalih snovi, ki bi lahko \u0161kodile va\u0161emu ljubljen\u010dku.<\/p>\n<p>Pribolj\u0161ki so zasnovani tako, da ku\u017eku z grizenjem odstranjujejo tudi zobne obloge in pripomorejo k ustni higieni.<\/p>\n<h4>Primerno tudi za ob\u010dutljive pse<\/h4>\n<h4><\/h4>\n<p>Zajec in raca veljata za lahko prebavljiva vira beljakovin, zato je ta poslastica\u00a0primerna tudi za kosmatince z ob\u010dutljivo prebavo. Odli\u010dno se obnese tudi pri alergikih, obenem pa je super izbira tudi za pse s prekomerno telesno te\u017eo.<\/p>\n<h4>Priro\u010dno pakiranje<\/h4>\n<h4><\/h4>\n<p>Prakti\u010dno pakiranje omogo\u010da enostaven prenos pribolj\u0161kov, obenem pa pametno zapiranje onemogo\u010da vdor vlage, ki bi lahko spremenila kakovost izdelka.<\/p>\n<p>&nbsp;<\/p>\n<p>Sestava:<br \/>\nRa\u010dje meso\u00a045,8 %, zaj\u010dja u\u0161esa 45 %, glicerin 3 %, \u0161krob 2 %, rastlinske beljakovine 2 %, sorbitol 2 %, sol 0,2 %.<\/p>\n<p>&nbsp;<\/p>\n<p>NAVODILA ZA HRANJENJE<\/p>\n<p>Hranite med glavnimi obroki, kot pribolj\u0161ek. Med \u017eve\u010denjem naj bo pes stalno pod nadzorom.\u00a0<strong>Ni primerno za mladi\u010dke mlaj\u0161e od 3 mesecev.<\/strong><\/p>\n<p><strong>Doziranje glede na te\u017eo psa:<\/strong><\/p>\n<p>1-5kg: 1 kos na dan<\/p>\n<p>5-10kg: 1-2 kosa na dan<\/p>\n<p>10-15kg: 2-3 kose na dan<\/p>\n<p>15-20kg: 3-4 kose na dan<\/p>\n<p>20-30kg: 4-6 kosov na dan<\/p>\n<p>30-40 kg: 6-7 kosov na dan<\/p>\n<p>Po odprtju porabite v 3 dneh.<\/p>\n<p><strong>Pes naj ima vedno na voljo dovolj sve\u017ee pitne vode.<\/strong><\/p>","protected":false},"excerpt":{"rendered":"<p>Pasji pribolj\u0161ki &#8211; zaj\u010dja u\u0161esa in ra\u010dje meso, 75g.<\/p>\n<p>Pribolj\u0161ki za odrasle pse so zasnovani\u00a0tako, da psu med \u017eve\u010denjem odstranjujejo zobne obloge. Lahko prebavljivo zaj\u010dje meso v kombinaciji z raco je primerno tudi za ob\u010dutljive pse, alergike ter kosmatince s prekomerno telesno te\u017eo.<\/p>\n<ul>\n<li>Visok dele\u017e mesa<\/li>\n<li>Primerno za ob\u010dutljive pse<\/li>\n<li>Pomaga\u00a0pri uravnavanju telesne te\u017ee<\/li>\n<li>Brez konzervansov, barvil in umetnih arom<\/li>\n<li>Pomaga odstranjevati zobne obloge<\/li>\n<\/ul>","protected":false},"featured_media":5379,"comment_status":"open","ping_status":"closed","template":"","meta":{"_acf_changed":false,"_uag_custom_page_level_css":"","site-sidebar-layout":"default","site-content-layout":"","ast-site-content-layout":"default","site-content-style":"default","site-sidebar-style":"default","ast-global-header-display":"","ast-banner-title-visibility":"","ast-main-header-display":"","ast-hfb-above-header-display":"","ast-hfb-below-header-display":"","ast-hfb-mobile-header-display":"","site-post-title":"","ast-breadcrumbs-content":"","ast-featured-img":"","footer-sml-layout":"","ast-disable-related-posts":"","theme-transparent-header-meta":"default","adv-header-id-meta":"","stick-header-meta":"","header-above-stick-meta":"","header-main-stick-meta":"","header-below-stick-meta":"","astra-migrate-meta-layouts":"set","ast-page-background-enabled":"default","ast-page-background-meta":{"desktop":{"background-color":"","background-image":"","background-repeat":"repeat","background-position":"center center","background-size":"auto","background-attachment":"scroll","background-type":"","background-media":"","overlay-type":"","overlay-color":"","overlay-opacity":"","overlay-gradient":""},"tablet":{"background-color":"","background-image":"","background-repeat":"repeat","background-position":"center center","background-size":"auto","background-attachment":"scroll","background-type":"","background-media":"","overlay-type":"","overlay-color":"","overlay-opacity":"","overlay-gradient":""},"mobile":{"background-color":"","background-image":"","background-repeat":"repeat","background-position":"center center","background-size":"auto","background-attachment":"scroll","background-type":"","background-media":"","overlay-type":"","overlay-color":"","overlay-opacity":"","overlay-gradient":""}},"ast-content-background-meta":{"desktop":{"background-color":"var(--ast-global-color-5)","background-image":"","background-repeat":"repeat","background-position":"center center","background-size":"auto","background-attachment":"scroll","background-type":"","background-media":"","overlay-type":"","overlay-color":"","overlay-opacity":"","overlay-gradient":""},"tablet":{"background-color":"var(--ast-global-color-5)","background-image":"","background-repeat":"repeat","background-position":"center center","background-size":"auto","background-attachment":"scroll","background-type":"","background-media":"","overlay-type":"","overlay-color":"","overlay-opacity":"","overlay-gradient":""},"mobile":{"background-color":"var(--ast-global-color-5)","background-image":"","background-repeat":"repeat","background-position":"center center","background-size":"auto","background-attachment":"scroll","background-type":"","background-media":"","overlay-type":"","overlay-color":"","overlay-opacity":"","overlay-gradient":""}}},"product_brand":[939],"product_cat":[725,365,154,366,723,18],"product_tag":[141,146,143,135,136,152,151,149,147,148],"class_list":{"0":"post-5378","1":"product","2":"type-product","3":"status-publish","4":"has-post-thumbnail","6":"product_brand-np-lifestyle","7":"product_cat-hrana-za-pse","8":"product_cat-lifestyle","9":"product_cat-pasja-sola","10":"product_cat-priboljski","11":"product_cat-psi","12":"product_cat-vsi-izdelki","13":"product_tag-alergije","14":"product_tag-dlesni","15":"product_tag-hipoalergena-hrana","16":"product_tag-prebava","17":"product_tag-priboljski","18":"product_tag-raca","19":"product_tag-zajec","20":"product_tag-zdravje-zob","21":"product_tag-zobje","22":"product_tag-zvecilka","23":"desktop-align-center","24":"tablet-align-center","25":"mobile-align-center","27":"first","28":"outofstock","29":"shipping-taxable","30":"purchasable","31":"product-type-simple"},"acf":[],"yoast_head":"<!-- This site is optimized with the Yoast SEO plugin v27.4 - https:\/\/yoast.com\/product\/yoast-seo-wordpress\/ -->\n<title>\u017eve\u010dilke Zaj\u010dja u\u0161esa z raco<\/title>\n<meta name=\"description\" content=\"\u017eve\u010dilke Zaj\u010dja u\u0161esa z raco\" \/>\n<meta name=\"robots\" content=\"index, follow, max-snippet:-1, max-image-preview:large, max-video-preview:-1\" \/>\n<link rel=\"canonical\" href=\"https:\/\/trgovina.pasjauniverza.si\/en\/product\/natures-protection-zajcja-usesa-z-raco\/\" \/>\n<meta property=\"og:locale\" content=\"en_US\" \/>\n<meta property=\"og:type\" content=\"article\" \/>\n<meta property=\"og:title\" content=\"\u017eve\u010dilke Zaj\u010dja u\u0161esa z raco\" \/>\n<meta property=\"og:description\" content=\"\u017eve\u010dilke Zaj\u010dja u\u0161esa z raco\" \/>\n<meta property=\"og:url\" content=\"https:\/\/trgovina.pasjauniverza.si\/en\/product\/natures-protection-zajcja-usesa-z-raco\/\" \/>\n<meta property=\"og:site_name\" content=\"Trgovina Pasja Univerza\" \/>\n<meta property=\"article:modified_time\" content=\"2025-09-16T16:17:45+00:00\" \/>\n<meta property=\"og:image\" content=\"https:\/\/trgovina.pasjauniverza.si\/wp-content\/uploads\/2024\/08\/natures-protection-zajcja-usesa-z-raco.jpg\" \/>\n\t<meta property=\"og:image:width\" content=\"600\" \/>\n\t<meta property=\"og:image:height\" content=\"960\" \/>\n\t<meta property=\"og:image:type\" content=\"image\/jpeg\" \/>\n<meta name=\"twitter:card\" content=\"summary_large_image\" \/>\n<meta name=\"twitter:label1\" content=\"Est. reading time\" \/>\n\t<meta name=\"twitter:data1\" content=\"2 minutes\" \/>\n<script type=\"application\/ld+json\" class=\"yoast-schema-graph\">{\"@context\":\"https:\\\/\\\/schema.org\",\"@graph\":[{\"@type\":\"WebPage\",\"@id\":\"https:\\\/\\\/trgovina.pasjauniverza.si\\\/product\\\/natures-protection-zajcja-usesa-z-raco\\\/\",\"url\":\"https:\\\/\\\/trgovina.pasjauniverza.si\\\/product\\\/natures-protection-zajcja-usesa-z-raco\\\/\",\"name\":\"\u017eve\u010dilke Zaj\u010dja u\u0161esa z raco\",\"isPartOf\":{\"@id\":\"https:\\\/\\\/trgovina.pasjauniverza.si\\\/#website\"},\"primaryImageOfPage\":{\"@id\":\"https:\\\/\\\/trgovina.pasjauniverza.si\\\/product\\\/natures-protection-zajcja-usesa-z-raco\\\/#primaryimage\"},\"image\":{\"@id\":\"https:\\\/\\\/trgovina.pasjauniverza.si\\\/product\\\/natures-protection-zajcja-usesa-z-raco\\\/#primaryimage\"},\"thumbnailUrl\":\"https:\\\/\\\/trgovina.pasjauniverza.si\\\/wp-content\\\/uploads\\\/2024\\\/08\\\/natures-protection-zajcja-usesa-z-raco.jpg\",\"datePublished\":\"2024-08-29T11:39:10+00:00\",\"dateModified\":\"2025-09-16T16:17:45+00:00\",\"description\":\"\u017eve\u010dilke Zaj\u010dja u\u0161esa z raco\",\"breadcrumb\":{\"@id\":\"https:\\\/\\\/trgovina.pasjauniverza.si\\\/product\\\/natures-protection-zajcja-usesa-z-raco\\\/#breadcrumb\"},\"inLanguage\":\"en-US\",\"potentialAction\":[{\"@type\":\"ReadAction\",\"target\":[\"https:\\\/\\\/trgovina.pasjauniverza.si\\\/product\\\/natures-protection-zajcja-usesa-z-raco\\\/\"]}]},{\"@type\":\"ImageObject\",\"inLanguage\":\"en-US\",\"@id\":\"https:\\\/\\\/trgovina.pasjauniverza.si\\\/product\\\/natures-protection-zajcja-usesa-z-raco\\\/#primaryimage\",\"url\":\"https:\\\/\\\/trgovina.pasjauniverza.si\\\/wp-content\\\/uploads\\\/2024\\\/08\\\/natures-protection-zajcja-usesa-z-raco.jpg\",\"contentUrl\":\"https:\\\/\\\/trgovina.pasjauniverza.si\\\/wp-content\\\/uploads\\\/2024\\\/08\\\/natures-protection-zajcja-usesa-z-raco.jpg\",\"width\":600,\"height\":960},{\"@type\":\"BreadcrumbList\",\"@id\":\"https:\\\/\\\/trgovina.pasjauniverza.si\\\/product\\\/natures-protection-zajcja-usesa-z-raco\\\/#breadcrumb\",\"itemListElement\":[{\"@type\":\"ListItem\",\"position\":1,\"name\":\"Home\",\"item\":\"https:\\\/\\\/trgovina.pasjauniverza.si\\\/\"},{\"@type\":\"ListItem\",\"position\":2,\"name\":\"Trgovina\",\"item\":\"https:\\\/\\\/trgovina.pasjauniverza.si\\\/trgovina\\\/\"},{\"@type\":\"ListItem\",\"position\":3,\"name\":\"Nature&#8217;s Protection Lifestyle &#8211; Zaj\u010dja u\u0161esa in posu\u0161eno ra\u010dje meso\"}]},{\"@type\":\"WebSite\",\"@id\":\"https:\\\/\\\/trgovina.pasjauniverza.si\\\/#website\",\"url\":\"https:\\\/\\\/trgovina.pasjauniverza.si\\\/\",\"name\":\"Trgovina Pasja Univerza\",\"description\":\"pasja univerza trgovina\",\"publisher\":{\"@id\":\"https:\\\/\\\/trgovina.pasjauniverza.si\\\/#organization\"},\"potentialAction\":[{\"@type\":\"SearchAction\",\"target\":{\"@type\":\"EntryPoint\",\"urlTemplate\":\"https:\\\/\\\/trgovina.pasjauniverza.si\\\/?s={search_term_string}\"},\"query-input\":{\"@type\":\"PropertyValueSpecification\",\"valueRequired\":true,\"valueName\":\"search_term_string\"}}],\"inLanguage\":\"en-US\"},{\"@type\":\"Organization\",\"@id\":\"https:\\\/\\\/trgovina.pasjauniverza.si\\\/#organization\",\"name\":\"Trgovina Pasja Univerza\",\"url\":\"https:\\\/\\\/trgovina.pasjauniverza.si\\\/\",\"logo\":{\"@type\":\"ImageObject\",\"inLanguage\":\"en-US\",\"@id\":\"https:\\\/\\\/trgovina.pasjauniverza.si\\\/#\\\/schema\\\/logo\\\/image\\\/\",\"url\":\"https:\\\/\\\/trgovina.pasjauniverza.si\\\/wp-content\\\/uploads\\\/2024\\\/08\\\/cropped-logotipi-vector-04.png\",\"contentUrl\":\"https:\\\/\\\/trgovina.pasjauniverza.si\\\/wp-content\\\/uploads\\\/2024\\\/08\\\/cropped-logotipi-vector-04.png\",\"width\":942,\"height\":908,\"caption\":\"Trgovina Pasja Univerza\"},\"image\":{\"@id\":\"https:\\\/\\\/trgovina.pasjauniverza.si\\\/#\\\/schema\\\/logo\\\/image\\\/\"}}]}<\/script>\n<!-- \/ Yoast SEO plugin. -->","yoast_head_json":{"title":"\u017eve\u010dilke Zaj\u010dja u\u0161esa z raco","description":"\u017eve\u010dilke Zaj\u010dja u\u0161esa z raco","robots":{"index":"index","follow":"follow","max-snippet":"max-snippet:-1","max-image-preview":"max-image-preview:large","max-video-preview":"max-video-preview:-1"},"canonical":"https:\/\/trgovina.pasjauniverza.si\/en\/product\/natures-protection-zajcja-usesa-z-raco\/","og_locale":"en_US","og_type":"article","og_title":"\u017eve\u010dilke Zaj\u010dja u\u0161esa z raco","og_description":"\u017eve\u010dilke Zaj\u010dja u\u0161esa z raco","og_url":"https:\/\/trgovina.pasjauniverza.si\/en\/product\/natures-protection-zajcja-usesa-z-raco\/","og_site_name":"Trgovina Pasja Univerza","article_modified_time":"2025-09-16T16:17:45+00:00","og_image":[{"width":600,"height":960,"url":"https:\/\/trgovina.pasjauniverza.si\/wp-content\/uploads\/2024\/08\/natures-protection-zajcja-usesa-z-raco.jpg","type":"image\/jpeg"}],"twitter_card":"summary_large_image","twitter_misc":{"Est. reading time":"2 minutes"},"schema":{"@context":"https:\/\/schema.org","@graph":[{"@type":"WebPage","@id":"https:\/\/trgovina.pasjauniverza.si\/product\/natures-protection-zajcja-usesa-z-raco\/","url":"https:\/\/trgovina.pasjauniverza.si\/product\/natures-protection-zajcja-usesa-z-raco\/","name":"\u017eve\u010dilke Zaj\u010dja u\u0161esa z raco","isPartOf":{"@id":"https:\/\/trgovina.pasjauniverza.si\/#website"},"primaryImageOfPage":{"@id":"https:\/\/trgovina.pasjauniverza.si\/product\/natures-protection-zajcja-usesa-z-raco\/#primaryimage"},"image":{"@id":"https:\/\/trgovina.pasjauniverza.si\/product\/natures-protection-zajcja-usesa-z-raco\/#primaryimage"},"thumbnailUrl":"https:\/\/trgovina.pasjauniverza.si\/wp-content\/uploads\/2024\/08\/natures-protection-zajcja-usesa-z-raco.jpg","datePublished":"2024-08-29T11:39:10+00:00","dateModified":"2025-09-16T16:17:45+00:00","description":"\u017eve\u010dilke Zaj\u010dja u\u0161esa z raco","breadcrumb":{"@id":"https:\/\/trgovina.pasjauniverza.si\/product\/natures-protection-zajcja-usesa-z-raco\/#breadcrumb"},"inLanguage":"en-US","potentialAction":[{"@type":"ReadAction","target":["https:\/\/trgovina.pasjauniverza.si\/product\/natures-protection-zajcja-usesa-z-raco\/"]}]},{"@type":"ImageObject","inLanguage":"en-US","@id":"https:\/\/trgovina.pasjauniverza.si\/product\/natures-protection-zajcja-usesa-z-raco\/#primaryimage","url":"https:\/\/trgovina.pasjauniverza.si\/wp-content\/uploads\/2024\/08\/natures-protection-zajcja-usesa-z-raco.jpg","contentUrl":"https:\/\/trgovina.pasjauniverza.si\/wp-content\/uploads\/2024\/08\/natures-protection-zajcja-usesa-z-raco.jpg","width":600,"height":960},{"@type":"BreadcrumbList","@id":"https:\/\/trgovina.pasjauniverza.si\/product\/natures-protection-zajcja-usesa-z-raco\/#breadcrumb","itemListElement":[{"@type":"ListItem","position":1,"name":"Home","item":"https:\/\/trgovina.pasjauniverza.si\/"},{"@type":"ListItem","position":2,"name":"Trgovina","item":"https:\/\/trgovina.pasjauniverza.si\/trgovina\/"},{"@type":"ListItem","position":3,"name":"Nature&#8217;s Protection Lifestyle &#8211; Zaj\u010dja u\u0161esa in posu\u0161eno ra\u010dje meso"}]},{"@type":"WebSite","@id":"https:\/\/trgovina.pasjauniverza.si\/#website","url":"https:\/\/trgovina.pasjauniverza.si\/","name":"Trgovina Pasja Univerza","description":"pasja univerza trgovina","publisher":{"@id":"https:\/\/trgovina.pasjauniverza.si\/#organization"},"potentialAction":[{"@type":"SearchAction","target":{"@type":"EntryPoint","urlTemplate":"https:\/\/trgovina.pasjauniverza.si\/?s={search_term_string}"},"query-input":{"@type":"PropertyValueSpecification","valueRequired":true,"valueName":"search_term_string"}}],"inLanguage":"en-US"},{"@type":"Organization","@id":"https:\/\/trgovina.pasjauniverza.si\/#organization","name":"Trgovina Pasja Univerza","url":"https:\/\/trgovina.pasjauniverza.si\/","logo":{"@type":"ImageObject","inLanguage":"en-US","@id":"https:\/\/trgovina.pasjauniverza.si\/#\/schema\/logo\/image\/","url":"https:\/\/trgovina.pasjauniverza.si\/wp-content\/uploads\/2024\/08\/cropped-logotipi-vector-04.png","contentUrl":"https:\/\/trgovina.pasjauniverza.si\/wp-content\/uploads\/2024\/08\/cropped-logotipi-vector-04.png","width":942,"height":908,"caption":"Trgovina Pasja Univerza"},"image":{"@id":"https:\/\/trgovina.pasjauniverza.si\/#\/schema\/logo\/image\/"}}]}},"uagb_featured_image_src":{"full":["https:\/\/trgovina.pasjauniverza.si\/wp-content\/uploads\/2024\/08\/natures-protection-zajcja-usesa-z-raco.jpg",600,960,false],"thumbnail":["https:\/\/trgovina.pasjauniverza.si\/wp-content\/uploads\/2024\/08\/natures-protection-zajcja-usesa-z-raco-150x150.jpg",150,150,true],"medium":["https:\/\/trgovina.pasjauniverza.si\/wp-content\/uploads\/2024\/08\/natures-protection-zajcja-usesa-z-raco-188x300.jpg",188,300,true],"medium_large":["https:\/\/trgovina.pasjauniverza.si\/wp-content\/uploads\/2024\/08\/natures-protection-zajcja-usesa-z-raco.jpg",600,960,false],"large":["https:\/\/trgovina.pasjauniverza.si\/wp-content\/uploads\/2024\/08\/natures-protection-zajcja-usesa-z-raco.jpg",600,960,false],"1536x1536":["https:\/\/trgovina.pasjauniverza.si\/wp-content\/uploads\/2024\/08\/natures-protection-zajcja-usesa-z-raco.jpg",600,960,false],"2048x2048":["https:\/\/trgovina.pasjauniverza.si\/wp-content\/uploads\/2024\/08\/natures-protection-zajcja-usesa-z-raco.jpg",600,960,false],"trp-custom-language-flag":["https:\/\/trgovina.pasjauniverza.si\/wp-content\/uploads\/2024\/08\/natures-protection-zajcja-usesa-z-raco.jpg",8,12,false],"woocommerce_thumbnail":["https:\/\/trgovina.pasjauniverza.si\/wp-content\/uploads\/2024\/08\/natures-protection-zajcja-usesa-z-raco-300x300.jpg",300,300,true],"woocommerce_single":["https:\/\/trgovina.pasjauniverza.si\/wp-content\/uploads\/2024\/08\/natures-protection-zajcja-usesa-z-raco.jpg",600,960,false],"woocommerce_gallery_thumbnail":["https:\/\/trgovina.pasjauniverza.si\/wp-content\/uploads\/2024\/08\/natures-protection-zajcja-usesa-z-raco-100x100.jpg",100,100,true]},"uagb_author_info":{"display_name":"Karmen Grubeli\u0107, dr.vet.med.","author_link":"https:\/\/trgovina.pasjauniverza.si\/en\/author\/"},"uagb_comment_info":0,"uagb_excerpt":"Pasji pribolj\u0161ki - zaj\u010dja u\u0161esa in ra\u010dje meso, 75g. Pribolj\u0161ki za odrasle pse so zasnovani\u00a0tako, da psu med \u017eve\u010denjem odstranjujejo zobne obloge. Lahko prebavljivo zaj\u010dje meso v kombinaciji z raco je primerno tudi za ob\u010dutljive pse, alergike ter kosmatince s prekomerno telesno te\u017eo. Visok dele\u017e mesa Primerno za ob\u010dutljive pse Pomaga\u00a0pri uravnavanju telesne te\u017ee Brez&hellip;","jetpack_sharing_enabled":true,"_links":{"self":[{"href":"https:\/\/trgovina.pasjauniverza.si\/en\/wp-json\/wp\/v2\/product\/5378","targetHints":{"allow":["GET"]}}],"collection":[{"href":"https:\/\/trgovina.pasjauniverza.si\/en\/wp-json\/wp\/v2\/product"}],"about":[{"href":"https:\/\/trgovina.pasjauniverza.si\/en\/wp-json\/wp\/v2\/types\/product"}],"replies":[{"embeddable":true,"href":"https:\/\/trgovina.pasjauniverza.si\/en\/wp-json\/wp\/v2\/comments?post=5378"}],"wp:featuredmedia":[{"embeddable":true,"href":"https:\/\/trgovina.pasjauniverza.si\/en\/wp-json\/wp\/v2\/media\/5379"}],"wp:attachment":[{"href":"https:\/\/trgovina.pasjauniverza.si\/en\/wp-json\/wp\/v2\/media?parent=5378"}],"wp:term":[{"taxonomy":"product_brand","embeddable":true,"href":"https:\/\/trgovina.pasjauniverza.si\/en\/wp-json\/wp\/v2\/product_brand?post=5378"},{"taxonomy":"product_cat","embeddable":true,"href":"https:\/\/trgovina.pasjauniverza.si\/en\/wp-json\/wp\/v2\/product_cat?post=5378"},{"taxonomy":"product_tag","embeddable":true,"href":"https:\/\/trgovina.pasjauniverza.si\/en\/wp-json\/wp\/v2\/product_tag?post=5378"}],"curies":[{"name":"wp","href":"https:\/\/api.w.org\/{rel}","templated":true}]}}