
{"id":5375,"date":"2024-08-29T11:31:57","date_gmt":"2024-08-29T11:31:57","guid":{"rendered":"https:\/\/trgovina.pasjauniverza.si\/?post_type=product&#038;p=5375"},"modified":"2025-09-16T16:14:06","modified_gmt":"2025-09-16T16:14:06","slug":"natures-protection-lifestyle-lamb-lollipop-zvecljivi-priboljski-z-jagnjetino","status":"publish","type":"product","link":"https:\/\/trgovina.pasjauniverza.si\/en\/product\/natures-protection-lifestyle-lamb-lollipop-zvecljivi-priboljski-z-jagnjetino\/","title":{"rendered":"Nature&#8217;s Protection Lifestyle Lamb Lollipop &#8211; \u017dve\u010dljivi pribolj\u0161ki z jagnjetino"},"content":{"rendered":"<h4>Hipoalergeni pribolj\u0161ki za psa<\/h4>\n<p>\u017dve\u010dljivi pasji prigrizki so posebej namenjeni \u0161tirino\u017ecem, ki so ob\u010dutljivi ali imajo alergije. Narejeni so iz skrbno izbranih sestavin, za katere je manj verjetno, da bi spro\u017eile ne\u017eelene u\u010dinke.<\/p>\n<p>Ker so lahko prebavljivi, so primerni tudi za pse z ob\u010dutljivim \u017eelodcem. Zaradi ne\u017ene sestave namre\u010d zmanj\u0161ujejo tveganje za kakr\u0161ne koli prebavne te\u017eave.<\/p>\n<h4>Vrhunska sestava<\/h4>\n<p>Hipoalergene \u017eve\u010dljive pal\u010dke\u00a0vsebujejo kakovostne sestavine in se pona\u0161ajo z visokim dele\u017eem mesa. Zaradi tega predstavljajo odli\u010den vir dodatnih beljakovin, ki so eno najpomembnej\u0161ih hranil v prehrani vsakega psa.<\/p>\n<p>Izdelek ne vsebuje aditivov, konzervansov ali barvil.\u00a0Ker je sestavin manj, je tudi manj mo\u017enosti za razne alergijske reakcije.<\/p>\n<p>\u017dve\u010dljive pal\u010dke psu zagotavljajo tudi esencialne vitamine, minerale in naravne antioksidante. Uravnote\u017eena sestava tako pripomore k izbolj\u0161anemu zdravju, mo\u010dnej\u0161emu imunskemu sistemu ter odli\u010dnemu po\u010dutju.<\/p>\n<p>SESTAVINE:<\/p>\n<p>Sestava:<br \/>\nJagnjetina 65 %, surova ko\u017ea 25 %, krompirjev \u0161krob 7 %, glicerin 3 %.<\/p>\n<p>Analiti\u010dna sestava:<br \/>\nSurove beljakovine \u2013 30 %, surove vlaknine \u2013 1 %, surove\u00a0ma\u0161\u010dobe\u00a0\u2013 4 %, surovi pepel \u2013 3 %, vlaga \u2013 23 %.<\/p>","protected":false},"excerpt":{"rendered":"<p>Hipoalergene \u017eve\u010dljive pal\u010dke z jagnjetino, 75g.<\/p>\n<p>\u017dve\u010dljive pal\u010dke iz jagnjetine so poslastica, ki bo navdu\u0161ila in zaposlila va\u0161ega ljubljen\u010dka, obenem pa pripomogla k bolj\u0161emu zdravju in po\u010dutju. Hipoalergeni pribolj\u0161ki so narejeni iz visokokakovostnih sestavin in se pona\u0161ajo z velikim dele\u017eem mesa, so lahko prebavljivi in navdu\u0161ujejo z odli\u010dnim okusom.<\/p>\n<ul>\n<li>Hipoalergeni pribolj\u0161ki<\/li>\n<li>Visok dele\u017e mesa<\/li>\n<li>Odli\u010dna zaposlitev za ljubljen\u010dka<\/li>\n<li>Lahka prebavljivost<\/li>\n<li>Okus, ki ga psi obo\u017eujejo<\/li>\n<\/ul>","protected":false},"featured_media":5376,"comment_status":"open","ping_status":"closed","template":"","meta":{"_acf_changed":false,"_uag_custom_page_level_css":"","site-sidebar-layout":"default","site-content-layout":"","ast-site-content-layout":"default","site-content-style":"default","site-sidebar-style":"default","ast-global-header-display":"","ast-banner-title-visibility":"","ast-main-header-display":"","ast-hfb-above-header-display":"","ast-hfb-below-header-display":"","ast-hfb-mobile-header-display":"","site-post-title":"","ast-breadcrumbs-content":"","ast-featured-img":"","footer-sml-layout":"","ast-disable-related-posts":"","theme-transparent-header-meta":"default","adv-header-id-meta":"","stick-header-meta":"","header-above-stick-meta":"","header-main-stick-meta":"","header-below-stick-meta":"","astra-migrate-meta-layouts":"set","ast-page-background-enabled":"default","ast-page-background-meta":{"desktop":{"background-color":"","background-image":"","background-repeat":"repeat","background-position":"center center","background-size":"auto","background-attachment":"scroll","background-type":"","background-media":"","overlay-type":"","overlay-color":"","overlay-opacity":"","overlay-gradient":""},"tablet":{"background-color":"","background-image":"","background-repeat":"repeat","background-position":"center center","background-size":"auto","background-attachment":"scroll","background-type":"","background-media":"","overlay-type":"","overlay-color":"","overlay-opacity":"","overlay-gradient":""},"mobile":{"background-color":"","background-image":"","background-repeat":"repeat","background-position":"center center","background-size":"auto","background-attachment":"scroll","background-type":"","background-media":"","overlay-type":"","overlay-color":"","overlay-opacity":"","overlay-gradient":""}},"ast-content-background-meta":{"desktop":{"background-color":"var(--ast-global-color-5)","background-image":"","background-repeat":"repeat","background-position":"center center","background-size":"auto","background-attachment":"scroll","background-type":"","background-media":"","overlay-type":"","overlay-color":"","overlay-opacity":"","overlay-gradient":""},"tablet":{"background-color":"var(--ast-global-color-5)","background-image":"","background-repeat":"repeat","background-position":"center center","background-size":"auto","background-attachment":"scroll","background-type":"","background-media":"","overlay-type":"","overlay-color":"","overlay-opacity":"","overlay-gradient":""},"mobile":{"background-color":"var(--ast-global-color-5)","background-image":"","background-repeat":"repeat","background-position":"center center","background-size":"auto","background-attachment":"scroll","background-type":"","background-media":"","overlay-type":"","overlay-color":"","overlay-opacity":"","overlay-gradient":""}}},"product_brand":[939],"product_cat":[725,365,154,366,723,18],"product_tag":[141,146,143,150,135,136,149,147,148],"class_list":{"0":"post-5375","1":"product","2":"type-product","3":"status-publish","4":"has-post-thumbnail","6":"product_brand-np-lifestyle","7":"product_cat-hrana-za-pse","8":"product_cat-lifestyle","9":"product_cat-pasja-sola","10":"product_cat-priboljski","11":"product_cat-psi","12":"product_cat-vsi-izdelki","13":"product_tag-alergije","14":"product_tag-dlesni","15":"product_tag-hipoalergena-hrana","16":"product_tag-jagnjetina","17":"product_tag-prebava","18":"product_tag-priboljski","19":"product_tag-zdravje-zob","20":"product_tag-zobje","21":"product_tag-zvecilka","22":"desktop-align-center","23":"tablet-align-center","24":"mobile-align-center","26":"first","27":"outofstock","28":"shipping-taxable","29":"purchasable","30":"product-type-simple"},"acf":[],"yoast_head":"<!-- This site is optimized with the Yoast SEO plugin v27.4 - https:\/\/yoast.com\/product\/yoast-seo-wordpress\/ -->\n<title>\u017dve\u010dljivi pribolj\u0161ki z jagnjetino<\/title>\n<meta name=\"description\" content=\"\u017dve\u010dljivi pribolj\u0161ki z jagnjetino\" \/>\n<meta name=\"robots\" content=\"index, follow, max-snippet:-1, max-image-preview:large, max-video-preview:-1\" \/>\n<link rel=\"canonical\" href=\"https:\/\/trgovina.pasjauniverza.si\/en\/product\/natures-protection-lifestyle-lamb-lollipop-zvecljivi-priboljski-z-jagnjetino\/\" \/>\n<meta property=\"og:locale\" content=\"en_US\" \/>\n<meta property=\"og:type\" content=\"article\" \/>\n<meta property=\"og:title\" content=\"\u017dve\u010dljivi pribolj\u0161ki z jagnjetino\" \/>\n<meta property=\"og:description\" content=\"\u017dve\u010dljivi pribolj\u0161ki z jagnjetino\" \/>\n<meta property=\"og:url\" content=\"https:\/\/trgovina.pasjauniverza.si\/en\/product\/natures-protection-lifestyle-lamb-lollipop-zvecljivi-priboljski-z-jagnjetino\/\" \/>\n<meta property=\"og:site_name\" content=\"Trgovina Pasja Univerza\" \/>\n<meta property=\"article:modified_time\" content=\"2025-09-16T16:14:06+00:00\" \/>\n<meta property=\"og:image\" content=\"https:\/\/trgovina.pasjauniverza.si\/wp-content\/uploads\/2024\/08\/natures-protection-lifestyle-lamb-lollipop-zvecljivi-priboljski-z-jagnjetino.png\" \/>\n\t<meta property=\"og:image:width\" content=\"600\" \/>\n\t<meta property=\"og:image:height\" content=\"600\" \/>\n\t<meta property=\"og:image:type\" content=\"image\/png\" \/>\n<meta name=\"twitter:card\" content=\"summary_large_image\" \/>\n<meta name=\"twitter:label1\" content=\"Est. reading time\" \/>\n\t<meta name=\"twitter:data1\" content=\"2 minutes\" \/>\n<script type=\"application\/ld+json\" class=\"yoast-schema-graph\">{\"@context\":\"https:\\\/\\\/schema.org\",\"@graph\":[{\"@type\":\"WebPage\",\"@id\":\"https:\\\/\\\/trgovina.pasjauniverza.si\\\/product\\\/natures-protection-lifestyle-lamb-lollipop-zvecljivi-priboljski-z-jagnjetino\\\/\",\"url\":\"https:\\\/\\\/trgovina.pasjauniverza.si\\\/product\\\/natures-protection-lifestyle-lamb-lollipop-zvecljivi-priboljski-z-jagnjetino\\\/\",\"name\":\"\u017dve\u010dljivi pribolj\u0161ki z jagnjetino\",\"isPartOf\":{\"@id\":\"https:\\\/\\\/trgovina.pasjauniverza.si\\\/#website\"},\"primaryImageOfPage\":{\"@id\":\"https:\\\/\\\/trgovina.pasjauniverza.si\\\/product\\\/natures-protection-lifestyle-lamb-lollipop-zvecljivi-priboljski-z-jagnjetino\\\/#primaryimage\"},\"image\":{\"@id\":\"https:\\\/\\\/trgovina.pasjauniverza.si\\\/product\\\/natures-protection-lifestyle-lamb-lollipop-zvecljivi-priboljski-z-jagnjetino\\\/#primaryimage\"},\"thumbnailUrl\":\"https:\\\/\\\/trgovina.pasjauniverza.si\\\/wp-content\\\/uploads\\\/2024\\\/08\\\/natures-protection-lifestyle-lamb-lollipop-zvecljivi-priboljski-z-jagnjetino.png\",\"datePublished\":\"2024-08-29T11:31:57+00:00\",\"dateModified\":\"2025-09-16T16:14:06+00:00\",\"description\":\"\u017dve\u010dljivi pribolj\u0161ki z jagnjetino\",\"breadcrumb\":{\"@id\":\"https:\\\/\\\/trgovina.pasjauniverza.si\\\/product\\\/natures-protection-lifestyle-lamb-lollipop-zvecljivi-priboljski-z-jagnjetino\\\/#breadcrumb\"},\"inLanguage\":\"en-US\",\"potentialAction\":[{\"@type\":\"ReadAction\",\"target\":[\"https:\\\/\\\/trgovina.pasjauniverza.si\\\/product\\\/natures-protection-lifestyle-lamb-lollipop-zvecljivi-priboljski-z-jagnjetino\\\/\"]}]},{\"@type\":\"ImageObject\",\"inLanguage\":\"en-US\",\"@id\":\"https:\\\/\\\/trgovina.pasjauniverza.si\\\/product\\\/natures-protection-lifestyle-lamb-lollipop-zvecljivi-priboljski-z-jagnjetino\\\/#primaryimage\",\"url\":\"https:\\\/\\\/trgovina.pasjauniverza.si\\\/wp-content\\\/uploads\\\/2024\\\/08\\\/natures-protection-lifestyle-lamb-lollipop-zvecljivi-priboljski-z-jagnjetino.png\",\"contentUrl\":\"https:\\\/\\\/trgovina.pasjauniverza.si\\\/wp-content\\\/uploads\\\/2024\\\/08\\\/natures-protection-lifestyle-lamb-lollipop-zvecljivi-priboljski-z-jagnjetino.png\",\"width\":600,\"height\":600},{\"@type\":\"BreadcrumbList\",\"@id\":\"https:\\\/\\\/trgovina.pasjauniverza.si\\\/product\\\/natures-protection-lifestyle-lamb-lollipop-zvecljivi-priboljski-z-jagnjetino\\\/#breadcrumb\",\"itemListElement\":[{\"@type\":\"ListItem\",\"position\":1,\"name\":\"Home\",\"item\":\"https:\\\/\\\/trgovina.pasjauniverza.si\\\/\"},{\"@type\":\"ListItem\",\"position\":2,\"name\":\"Trgovina\",\"item\":\"https:\\\/\\\/trgovina.pasjauniverza.si\\\/trgovina\\\/\"},{\"@type\":\"ListItem\",\"position\":3,\"name\":\"Nature&#8217;s Protection Lifestyle Lamb Lollipop &#8211; \u017dve\u010dljivi pribolj\u0161ki z jagnjetino\"}]},{\"@type\":\"WebSite\",\"@id\":\"https:\\\/\\\/trgovina.pasjauniverza.si\\\/#website\",\"url\":\"https:\\\/\\\/trgovina.pasjauniverza.si\\\/\",\"name\":\"Trgovina Pasja Univerza\",\"description\":\"pasja univerza trgovina\",\"publisher\":{\"@id\":\"https:\\\/\\\/trgovina.pasjauniverza.si\\\/#organization\"},\"potentialAction\":[{\"@type\":\"SearchAction\",\"target\":{\"@type\":\"EntryPoint\",\"urlTemplate\":\"https:\\\/\\\/trgovina.pasjauniverza.si\\\/?s={search_term_string}\"},\"query-input\":{\"@type\":\"PropertyValueSpecification\",\"valueRequired\":true,\"valueName\":\"search_term_string\"}}],\"inLanguage\":\"en-US\"},{\"@type\":\"Organization\",\"@id\":\"https:\\\/\\\/trgovina.pasjauniverza.si\\\/#organization\",\"name\":\"Trgovina Pasja Univerza\",\"url\":\"https:\\\/\\\/trgovina.pasjauniverza.si\\\/\",\"logo\":{\"@type\":\"ImageObject\",\"inLanguage\":\"en-US\",\"@id\":\"https:\\\/\\\/trgovina.pasjauniverza.si\\\/#\\\/schema\\\/logo\\\/image\\\/\",\"url\":\"https:\\\/\\\/trgovina.pasjauniverza.si\\\/wp-content\\\/uploads\\\/2024\\\/08\\\/cropped-logotipi-vector-04.png\",\"contentUrl\":\"https:\\\/\\\/trgovina.pasjauniverza.si\\\/wp-content\\\/uploads\\\/2024\\\/08\\\/cropped-logotipi-vector-04.png\",\"width\":942,\"height\":908,\"caption\":\"Trgovina Pasja Univerza\"},\"image\":{\"@id\":\"https:\\\/\\\/trgovina.pasjauniverza.si\\\/#\\\/schema\\\/logo\\\/image\\\/\"}}]}<\/script>\n<!-- \/ Yoast SEO plugin. -->","yoast_head_json":{"title":"\u017dve\u010dljivi pribolj\u0161ki z jagnjetino","description":"\u017dve\u010dljivi pribolj\u0161ki z jagnjetino","robots":{"index":"index","follow":"follow","max-snippet":"max-snippet:-1","max-image-preview":"max-image-preview:large","max-video-preview":"max-video-preview:-1"},"canonical":"https:\/\/trgovina.pasjauniverza.si\/en\/product\/natures-protection-lifestyle-lamb-lollipop-zvecljivi-priboljski-z-jagnjetino\/","og_locale":"en_US","og_type":"article","og_title":"\u017dve\u010dljivi pribolj\u0161ki z jagnjetino","og_description":"\u017dve\u010dljivi pribolj\u0161ki z jagnjetino","og_url":"https:\/\/trgovina.pasjauniverza.si\/en\/product\/natures-protection-lifestyle-lamb-lollipop-zvecljivi-priboljski-z-jagnjetino\/","og_site_name":"Trgovina Pasja Univerza","article_modified_time":"2025-09-16T16:14:06+00:00","og_image":[{"width":600,"height":600,"url":"https:\/\/trgovina.pasjauniverza.si\/wp-content\/uploads\/2024\/08\/natures-protection-lifestyle-lamb-lollipop-zvecljivi-priboljski-z-jagnjetino.png","type":"image\/png"}],"twitter_card":"summary_large_image","twitter_misc":{"Est. reading time":"2 minutes"},"schema":{"@context":"https:\/\/schema.org","@graph":[{"@type":"WebPage","@id":"https:\/\/trgovina.pasjauniverza.si\/product\/natures-protection-lifestyle-lamb-lollipop-zvecljivi-priboljski-z-jagnjetino\/","url":"https:\/\/trgovina.pasjauniverza.si\/product\/natures-protection-lifestyle-lamb-lollipop-zvecljivi-priboljski-z-jagnjetino\/","name":"\u017dve\u010dljivi pribolj\u0161ki z jagnjetino","isPartOf":{"@id":"https:\/\/trgovina.pasjauniverza.si\/#website"},"primaryImageOfPage":{"@id":"https:\/\/trgovina.pasjauniverza.si\/product\/natures-protection-lifestyle-lamb-lollipop-zvecljivi-priboljski-z-jagnjetino\/#primaryimage"},"image":{"@id":"https:\/\/trgovina.pasjauniverza.si\/product\/natures-protection-lifestyle-lamb-lollipop-zvecljivi-priboljski-z-jagnjetino\/#primaryimage"},"thumbnailUrl":"https:\/\/trgovina.pasjauniverza.si\/wp-content\/uploads\/2024\/08\/natures-protection-lifestyle-lamb-lollipop-zvecljivi-priboljski-z-jagnjetino.png","datePublished":"2024-08-29T11:31:57+00:00","dateModified":"2025-09-16T16:14:06+00:00","description":"\u017dve\u010dljivi pribolj\u0161ki z jagnjetino","breadcrumb":{"@id":"https:\/\/trgovina.pasjauniverza.si\/product\/natures-protection-lifestyle-lamb-lollipop-zvecljivi-priboljski-z-jagnjetino\/#breadcrumb"},"inLanguage":"en-US","potentialAction":[{"@type":"ReadAction","target":["https:\/\/trgovina.pasjauniverza.si\/product\/natures-protection-lifestyle-lamb-lollipop-zvecljivi-priboljski-z-jagnjetino\/"]}]},{"@type":"ImageObject","inLanguage":"en-US","@id":"https:\/\/trgovina.pasjauniverza.si\/product\/natures-protection-lifestyle-lamb-lollipop-zvecljivi-priboljski-z-jagnjetino\/#primaryimage","url":"https:\/\/trgovina.pasjauniverza.si\/wp-content\/uploads\/2024\/08\/natures-protection-lifestyle-lamb-lollipop-zvecljivi-priboljski-z-jagnjetino.png","contentUrl":"https:\/\/trgovina.pasjauniverza.si\/wp-content\/uploads\/2024\/08\/natures-protection-lifestyle-lamb-lollipop-zvecljivi-priboljski-z-jagnjetino.png","width":600,"height":600},{"@type":"BreadcrumbList","@id":"https:\/\/trgovina.pasjauniverza.si\/product\/natures-protection-lifestyle-lamb-lollipop-zvecljivi-priboljski-z-jagnjetino\/#breadcrumb","itemListElement":[{"@type":"ListItem","position":1,"name":"Home","item":"https:\/\/trgovina.pasjauniverza.si\/"},{"@type":"ListItem","position":2,"name":"Trgovina","item":"https:\/\/trgovina.pasjauniverza.si\/trgovina\/"},{"@type":"ListItem","position":3,"name":"Nature&#8217;s Protection Lifestyle Lamb Lollipop &#8211; \u017dve\u010dljivi pribolj\u0161ki z jagnjetino"}]},{"@type":"WebSite","@id":"https:\/\/trgovina.pasjauniverza.si\/#website","url":"https:\/\/trgovina.pasjauniverza.si\/","name":"Trgovina Pasja Univerza","description":"pasja univerza trgovina","publisher":{"@id":"https:\/\/trgovina.pasjauniverza.si\/#organization"},"potentialAction":[{"@type":"SearchAction","target":{"@type":"EntryPoint","urlTemplate":"https:\/\/trgovina.pasjauniverza.si\/?s={search_term_string}"},"query-input":{"@type":"PropertyValueSpecification","valueRequired":true,"valueName":"search_term_string"}}],"inLanguage":"en-US"},{"@type":"Organization","@id":"https:\/\/trgovina.pasjauniverza.si\/#organization","name":"Trgovina Pasja Univerza","url":"https:\/\/trgovina.pasjauniverza.si\/","logo":{"@type":"ImageObject","inLanguage":"en-US","@id":"https:\/\/trgovina.pasjauniverza.si\/#\/schema\/logo\/image\/","url":"https:\/\/trgovina.pasjauniverza.si\/wp-content\/uploads\/2024\/08\/cropped-logotipi-vector-04.png","contentUrl":"https:\/\/trgovina.pasjauniverza.si\/wp-content\/uploads\/2024\/08\/cropped-logotipi-vector-04.png","width":942,"height":908,"caption":"Trgovina Pasja Univerza"},"image":{"@id":"https:\/\/trgovina.pasjauniverza.si\/#\/schema\/logo\/image\/"}}]}},"uagb_featured_image_src":{"full":["https:\/\/trgovina.pasjauniverza.si\/wp-content\/uploads\/2024\/08\/natures-protection-lifestyle-lamb-lollipop-zvecljivi-priboljski-z-jagnjetino.png",600,600,false],"thumbnail":["https:\/\/trgovina.pasjauniverza.si\/wp-content\/uploads\/2024\/08\/natures-protection-lifestyle-lamb-lollipop-zvecljivi-priboljski-z-jagnjetino-150x150.png",150,150,true],"medium":["https:\/\/trgovina.pasjauniverza.si\/wp-content\/uploads\/2024\/08\/natures-protection-lifestyle-lamb-lollipop-zvecljivi-priboljski-z-jagnjetino-300x300.png",300,300,true],"medium_large":["https:\/\/trgovina.pasjauniverza.si\/wp-content\/uploads\/2024\/08\/natures-protection-lifestyle-lamb-lollipop-zvecljivi-priboljski-z-jagnjetino.png",600,600,false],"large":["https:\/\/trgovina.pasjauniverza.si\/wp-content\/uploads\/2024\/08\/natures-protection-lifestyle-lamb-lollipop-zvecljivi-priboljski-z-jagnjetino.png",600,600,false],"1536x1536":["https:\/\/trgovina.pasjauniverza.si\/wp-content\/uploads\/2024\/08\/natures-protection-lifestyle-lamb-lollipop-zvecljivi-priboljski-z-jagnjetino.png",600,600,false],"2048x2048":["https:\/\/trgovina.pasjauniverza.si\/wp-content\/uploads\/2024\/08\/natures-protection-lifestyle-lamb-lollipop-zvecljivi-priboljski-z-jagnjetino.png",600,600,false],"trp-custom-language-flag":["https:\/\/trgovina.pasjauniverza.si\/wp-content\/uploads\/2024\/08\/natures-protection-lifestyle-lamb-lollipop-zvecljivi-priboljski-z-jagnjetino.png",12,12,false],"woocommerce_thumbnail":["https:\/\/trgovina.pasjauniverza.si\/wp-content\/uploads\/2024\/08\/natures-protection-lifestyle-lamb-lollipop-zvecljivi-priboljski-z-jagnjetino-300x300.png",300,300,true],"woocommerce_single":["https:\/\/trgovina.pasjauniverza.si\/wp-content\/uploads\/2024\/08\/natures-protection-lifestyle-lamb-lollipop-zvecljivi-priboljski-z-jagnjetino.png",600,600,false],"woocommerce_gallery_thumbnail":["https:\/\/trgovina.pasjauniverza.si\/wp-content\/uploads\/2024\/08\/natures-protection-lifestyle-lamb-lollipop-zvecljivi-priboljski-z-jagnjetino-100x100.png",100,100,true]},"uagb_author_info":{"display_name":"Karmen Grubeli\u0107, dr.vet.med.","author_link":"https:\/\/trgovina.pasjauniverza.si\/en\/author\/"},"uagb_comment_info":0,"uagb_excerpt":"Hipoalergene \u017eve\u010dljive pal\u010dke z jagnjetino, 75g. \u017dve\u010dljive pal\u010dke iz jagnjetine so poslastica, ki bo navdu\u0161ila in zaposlila va\u0161ega ljubljen\u010dka, obenem pa pripomogla k bolj\u0161emu zdravju in po\u010dutju. Hipoalergeni pribolj\u0161ki so narejeni iz visokokakovostnih sestavin in se pona\u0161ajo z velikim dele\u017eem mesa, so lahko prebavljivi in navdu\u0161ujejo z odli\u010dnim okusom. Hipoalergeni pribolj\u0161ki Visok dele\u017e mesa Odli\u010dna&hellip;","jetpack_sharing_enabled":true,"_links":{"self":[{"href":"https:\/\/trgovina.pasjauniverza.si\/en\/wp-json\/wp\/v2\/product\/5375","targetHints":{"allow":["GET"]}}],"collection":[{"href":"https:\/\/trgovina.pasjauniverza.si\/en\/wp-json\/wp\/v2\/product"}],"about":[{"href":"https:\/\/trgovina.pasjauniverza.si\/en\/wp-json\/wp\/v2\/types\/product"}],"replies":[{"embeddable":true,"href":"https:\/\/trgovina.pasjauniverza.si\/en\/wp-json\/wp\/v2\/comments?post=5375"}],"wp:featuredmedia":[{"embeddable":true,"href":"https:\/\/trgovina.pasjauniverza.si\/en\/wp-json\/wp\/v2\/media\/5376"}],"wp:attachment":[{"href":"https:\/\/trgovina.pasjauniverza.si\/en\/wp-json\/wp\/v2\/media?parent=5375"}],"wp:term":[{"taxonomy":"product_brand","embeddable":true,"href":"https:\/\/trgovina.pasjauniverza.si\/en\/wp-json\/wp\/v2\/product_brand?post=5375"},{"taxonomy":"product_cat","embeddable":true,"href":"https:\/\/trgovina.pasjauniverza.si\/en\/wp-json\/wp\/v2\/product_cat?post=5375"},{"taxonomy":"product_tag","embeddable":true,"href":"https:\/\/trgovina.pasjauniverza.si\/en\/wp-json\/wp\/v2\/product_tag?post=5375"}],"curies":[{"name":"wp","href":"https:\/\/api.w.org\/{rel}","templated":true}]}}