
{"id":5370,"date":"2024-08-29T10:59:54","date_gmt":"2024-08-29T10:59:54","guid":{"rendered":"https:\/\/trgovina.pasjauniverza.si\/?post_type=product&#038;p=5370"},"modified":"2026-04-15T12:32:08","modified_gmt":"2026-04-15T12:32:08","slug":"natures-protection-lifestyle-pasji-priboljski-za-zdravje-sklepov-bela-riba","status":"publish","type":"product","link":"https:\/\/trgovina.pasjauniverza.si\/en\/product\/natures-protection-lifestyle-pasji-priboljski-za-zdravje-sklepov-bela-riba\/","title":{"rendered":"Nature&#8217;s Protection Lifestyle &#8211; Pasji pribolj\u0161ki za zdravje sklepov &#8211; Bela riba"},"content":{"rendered":"<div class=\"product_page\">\n<div class=\"container\">\n<div class=\"long-description\">\n<div class=\"row\">\n<div class=\"col-md-12\">\n<div>\n<h4>Za zdrave sklepe<\/h4>\n<p>Pribolj\u0161ki za pse, ki so bili ustvarjeni posebej za zdrave kosti in sklepe.\u00a0Vrhunski veterinarji in prehranski strokovnjaki so razvili slastne prigrizke, s katerimi\u00a0bo \u0161tirino\u017eec ohranjal zdravje kosti in se tako nemoteno gibal. V izdelku so dodani \u0161e vitamini, minerali in antioksidanti, ki \u0161e dodatno pripomorejo k celostnemu zdravju va\u0161ega ljubljen\u010dka.<\/p>\n<h4>Vrhunska sestava za zdravo in dolgo \u017eivljenje<\/h4>\n<h4><\/h4>\n<p>Glavni vir beljakovin je hipoalergena bela riba, ki je lahko prebavljiva in tako primerna tudi za pse z ob\u010dutljivo prebavo. Nizka vsebnost ma\u0161\u010dob dela pribolj\u0161ke \u0161e posebej primerne za aktivne pse, pa tudi za ljubljen\u010dke s prekomerno telesno te\u017eo. Dodatek probiotikov blagodejno vpliva na prebavo.<\/p>\n<p>Pribolj\u0161ki za pse vsebujejo tudi morske alge, pravo super\u017eivilo in\u00a0naraven vir\u00a0 vitaminov A, C, K in B6, kalcija, kalija, bakra, joda in mangana. Pripomorejo k izbolj\u0161anemu splo\u0161nemu zdravju ter\u00a0mo\u010dnej\u0161emu imunskemu sistemu, prepre\u010dujejo pa tudi nastanek zobnih oblog in prispevajo k sve\u017eemu dahu.<\/p>\n<p>Izdelek ne vsebuje nobenih umetnih barvil, arom in konzervansov. Je popolnoma naravna in narejena iz vrhunskih sestavin znanega porekla, obdelanih na profesionalen na\u010din. Pribolj\u0161ki za pse so\u00a0brez \u017eitaric in mle\u010dnin in so tako primerne\u00a0za tudi za ljubljen\u010dke, ki ne tolerirajo glutena ali laktoze.<\/p>\n<h4>MicroZeoGen: inovacija narave<\/h4>\n<h4><\/h4>\n<p>V izdelkih se nahaja tudi MicroZeoGen, naraven mineral, ki pomaga zagotavljati zdravo in vitalno \u017eivljenje hi\u0161nih ljubljen\u010dkov. Desetletja raziskav so potrdila \u0161tevilne pozitivne u\u010dinke, ki jih MicroZeoGen ima na zdravje va\u0161ega kosmatinca.<\/p>\n<p>Med drugim pripomore k:<br \/>\n&#8211; Odstranjevanju toksinov, te\u017ekih kovin ter amoniaka iz telesa;<br \/>\n&#8211; Izbolj\u0161anju absorpcije hranil;<br \/>\n&#8211; Mo\u010dnej\u0161emu imunskemu sistemu.<\/p>\n<\/div>\n<\/div>\n<\/div>\n<\/div>\n<\/div>\n<\/div>\n<div class=\"suggested-products\"><\/div>\n<div>Sestava:<br \/>\nBela riba, min. 24 % (posu\u0161ena in fino mleta), su\u0161en krompir, \u0161krob, hidrolizirana moka iz perja (visoka vsebnost beljakovin), grah, morske alge Ascophyllum nodosum (6 %), sorbitol, glicerin, glukozni sirup, grahove vlaknine (4 %), natrijev heksametafosfat (2 %), dinami\u010dno mikroniziran klinoptilolit &#8211; MicroZeoGen (1 %), glukozamin, inulin, izvle\u010dek zelenega \u010daja (0,5 %), minerali, probiotiki Bacillus subtilis.<\/div>","protected":false},"excerpt":{"rendered":"<p>Polmehki pasji pribolj\u0161ki za zdravje sklepov z belo ribo. 110g<\/p>\n<p>Pribolj\u0161ki za pse, ki so bili ustvarjeni posebej za mo\u010dne in zdrave kosti ter sklepe. Zaradi manj\u0161e vsebnosti ma\u0161\u010dob so \u0161e posebej dobra izbira za aktivne pse, lahko prebavljiva riba pa je odli\u010dna tudi za kosmatince z ob\u010dutljivim \u017eelodcem.<\/p>\n<ul>\n<li>Lahko prebavljiva bela riba &#8211; primerna za ob\u010dutljiv \u017eelodec<\/li>\n<li>Manj\u0161a vsebnost ma\u0161\u010dob<\/li>\n<li>Podpora sklepom in kostem<\/li>\n<li>Primerno za aktivne pse<\/li>\n<li>Dodani probiotiki<\/li>\n<\/ul>","protected":false},"featured_media":5371,"comment_status":"open","ping_status":"closed","template":"","meta":{"_acf_changed":false,"_uag_custom_page_level_css":"","site-sidebar-layout":"default","site-content-layout":"","ast-site-content-layout":"default","site-content-style":"default","site-sidebar-style":"default","ast-global-header-display":"","ast-banner-title-visibility":"","ast-main-header-display":"","ast-hfb-above-header-display":"","ast-hfb-below-header-display":"","ast-hfb-mobile-header-display":"","site-post-title":"","ast-breadcrumbs-content":"","ast-featured-img":"","footer-sml-layout":"","ast-disable-related-posts":"","theme-transparent-header-meta":"default","adv-header-id-meta":"","stick-header-meta":"","header-above-stick-meta":"","header-main-stick-meta":"","header-below-stick-meta":"","astra-migrate-meta-layouts":"set","ast-page-background-enabled":"default","ast-page-background-meta":{"desktop":{"background-color":"","background-image":"","background-repeat":"repeat","background-position":"center center","background-size":"auto","background-attachment":"scroll","background-type":"","background-media":"","overlay-type":"","overlay-color":"","overlay-opacity":"","overlay-gradient":""},"tablet":{"background-color":"","background-image":"","background-repeat":"repeat","background-position":"center center","background-size":"auto","background-attachment":"scroll","background-type":"","background-media":"","overlay-type":"","overlay-color":"","overlay-opacity":"","overlay-gradient":""},"mobile":{"background-color":"","background-image":"","background-repeat":"repeat","background-position":"center center","background-size":"auto","background-attachment":"scroll","background-type":"","background-media":"","overlay-type":"","overlay-color":"","overlay-opacity":"","overlay-gradient":""}},"ast-content-background-meta":{"desktop":{"background-color":"var(--ast-global-color-5)","background-image":"","background-repeat":"repeat","background-position":"center center","background-size":"auto","background-attachment":"scroll","background-type":"","background-media":"","overlay-type":"","overlay-color":"","overlay-opacity":"","overlay-gradient":""},"tablet":{"background-color":"var(--ast-global-color-5)","background-image":"","background-repeat":"repeat","background-position":"center center","background-size":"auto","background-attachment":"scroll","background-type":"","background-media":"","overlay-type":"","overlay-color":"","overlay-opacity":"","overlay-gradient":""},"mobile":{"background-color":"var(--ast-global-color-5)","background-image":"","background-repeat":"repeat","background-position":"center center","background-size":"auto","background-attachment":"scroll","background-type":"","background-media":"","overlay-type":"","overlay-color":"","overlay-opacity":"","overlay-gradient":""}}},"product_brand":[939],"product_cat":[725,365,154,366,723,18],"product_tag":[141,140,146,143,135,136,149,147,148],"class_list":{"0":"post-5370","1":"product","2":"type-product","3":"status-publish","4":"has-post-thumbnail","6":"product_brand-np-lifestyle","7":"product_cat-hrana-za-pse","8":"product_cat-lifestyle","9":"product_cat-pasja-sola","10":"product_cat-priboljski","11":"product_cat-psi","12":"product_cat-vsi-izdelki","13":"product_tag-alergije","14":"product_tag-bela-riba","15":"product_tag-dlesni","16":"product_tag-hipoalergena-hrana","17":"product_tag-prebava","18":"product_tag-priboljski","19":"product_tag-zdravje-zob","20":"product_tag-zobje","21":"product_tag-zvecilka","22":"desktop-align-center","23":"tablet-align-center","24":"mobile-align-center","26":"first","27":"outofstock","28":"shipping-taxable","29":"purchasable","30":"product-type-simple"},"acf":[],"yoast_head":"<!-- This site is optimized with the Yoast SEO plugin v27.4 - https:\/\/yoast.com\/product\/yoast-seo-wordpress\/ -->\n<title>Pasji pribolj\u0161ki za zdravje sklepov - Bela rib<\/title>\n<meta name=\"description\" content=\"Nature&#039;s Protection Lifestyle - Pasji pribolj\u0161ki za zdravje sklepov - Bela riba\" \/>\n<meta name=\"robots\" content=\"index, follow, max-snippet:-1, max-image-preview:large, max-video-preview:-1\" \/>\n<link rel=\"canonical\" href=\"https:\/\/trgovina.pasjauniverza.si\/en\/product\/natures-protection-lifestyle-pasji-priboljski-za-zdravje-sklepov-bela-riba\/\" \/>\n<meta property=\"og:locale\" content=\"en_US\" \/>\n<meta property=\"og:type\" content=\"article\" \/>\n<meta property=\"og:title\" content=\"Pasji pribolj\u0161ki za zdravje sklepov - Bela rib\" \/>\n<meta property=\"og:description\" content=\"Nature&#039;s Protection Lifestyle - Pasji pribolj\u0161ki za zdravje sklepov - Bela riba\" \/>\n<meta property=\"og:url\" content=\"https:\/\/trgovina.pasjauniverza.si\/en\/product\/natures-protection-lifestyle-pasji-priboljski-za-zdravje-sklepov-bela-riba\/\" \/>\n<meta property=\"og:site_name\" content=\"Trgovina Pasja Univerza\" \/>\n<meta property=\"article:modified_time\" content=\"2026-04-15T12:32:08+00:00\" \/>\n<meta property=\"og:image\" content=\"https:\/\/trgovina.pasjauniverza.si\/wp-content\/uploads\/2024\/08\/natures-protection-lifestyle-pasji-priboljski-za-zdravje-sklepov-bela-riba.jpg\" \/>\n\t<meta property=\"og:image:width\" content=\"600\" \/>\n\t<meta property=\"og:image:height\" content=\"984\" \/>\n\t<meta property=\"og:image:type\" content=\"image\/jpeg\" \/>\n<meta name=\"twitter:card\" content=\"summary_large_image\" \/>\n<meta name=\"twitter:label1\" content=\"Est. reading time\" \/>\n\t<meta name=\"twitter:data1\" content=\"2 minutes\" \/>\n<script type=\"application\/ld+json\" class=\"yoast-schema-graph\">{\"@context\":\"https:\\\/\\\/schema.org\",\"@graph\":[{\"@type\":\"WebPage\",\"@id\":\"https:\\\/\\\/trgovina.pasjauniverza.si\\\/product\\\/natures-protection-lifestyle-pasji-priboljski-za-zdravje-sklepov-bela-riba\\\/\",\"url\":\"https:\\\/\\\/trgovina.pasjauniverza.si\\\/product\\\/natures-protection-lifestyle-pasji-priboljski-za-zdravje-sklepov-bela-riba\\\/\",\"name\":\"Pasji pribolj\u0161ki za zdravje sklepov - Bela rib\",\"isPartOf\":{\"@id\":\"https:\\\/\\\/trgovina.pasjauniverza.si\\\/#website\"},\"primaryImageOfPage\":{\"@id\":\"https:\\\/\\\/trgovina.pasjauniverza.si\\\/product\\\/natures-protection-lifestyle-pasji-priboljski-za-zdravje-sklepov-bela-riba\\\/#primaryimage\"},\"image\":{\"@id\":\"https:\\\/\\\/trgovina.pasjauniverza.si\\\/product\\\/natures-protection-lifestyle-pasji-priboljski-za-zdravje-sklepov-bela-riba\\\/#primaryimage\"},\"thumbnailUrl\":\"https:\\\/\\\/trgovina.pasjauniverza.si\\\/wp-content\\\/uploads\\\/2024\\\/08\\\/natures-protection-lifestyle-pasji-priboljski-za-zdravje-sklepov-bela-riba.jpg\",\"datePublished\":\"2024-08-29T10:59:54+00:00\",\"dateModified\":\"2026-04-15T12:32:08+00:00\",\"description\":\"Nature's Protection Lifestyle - Pasji pribolj\u0161ki za zdravje sklepov - Bela riba\",\"breadcrumb\":{\"@id\":\"https:\\\/\\\/trgovina.pasjauniverza.si\\\/product\\\/natures-protection-lifestyle-pasji-priboljski-za-zdravje-sklepov-bela-riba\\\/#breadcrumb\"},\"inLanguage\":\"en-US\",\"potentialAction\":[{\"@type\":\"ReadAction\",\"target\":[\"https:\\\/\\\/trgovina.pasjauniverza.si\\\/product\\\/natures-protection-lifestyle-pasji-priboljski-za-zdravje-sklepov-bela-riba\\\/\"]}]},{\"@type\":\"ImageObject\",\"inLanguage\":\"en-US\",\"@id\":\"https:\\\/\\\/trgovina.pasjauniverza.si\\\/product\\\/natures-protection-lifestyle-pasji-priboljski-za-zdravje-sklepov-bela-riba\\\/#primaryimage\",\"url\":\"https:\\\/\\\/trgovina.pasjauniverza.si\\\/wp-content\\\/uploads\\\/2024\\\/08\\\/natures-protection-lifestyle-pasji-priboljski-za-zdravje-sklepov-bela-riba.jpg\",\"contentUrl\":\"https:\\\/\\\/trgovina.pasjauniverza.si\\\/wp-content\\\/uploads\\\/2024\\\/08\\\/natures-protection-lifestyle-pasji-priboljski-za-zdravje-sklepov-bela-riba.jpg\",\"width\":600,\"height\":984},{\"@type\":\"BreadcrumbList\",\"@id\":\"https:\\\/\\\/trgovina.pasjauniverza.si\\\/product\\\/natures-protection-lifestyle-pasji-priboljski-za-zdravje-sklepov-bela-riba\\\/#breadcrumb\",\"itemListElement\":[{\"@type\":\"ListItem\",\"position\":1,\"name\":\"Home\",\"item\":\"https:\\\/\\\/trgovina.pasjauniverza.si\\\/\"},{\"@type\":\"ListItem\",\"position\":2,\"name\":\"Trgovina\",\"item\":\"https:\\\/\\\/trgovina.pasjauniverza.si\\\/trgovina\\\/\"},{\"@type\":\"ListItem\",\"position\":3,\"name\":\"Nature&#8217;s Protection Lifestyle &#8211; Pasji pribolj\u0161ki za zdravje sklepov &#8211; Bela riba\"}]},{\"@type\":\"WebSite\",\"@id\":\"https:\\\/\\\/trgovina.pasjauniverza.si\\\/#website\",\"url\":\"https:\\\/\\\/trgovina.pasjauniverza.si\\\/\",\"name\":\"Trgovina Pasja Univerza\",\"description\":\"pasja univerza trgovina\",\"publisher\":{\"@id\":\"https:\\\/\\\/trgovina.pasjauniverza.si\\\/#organization\"},\"potentialAction\":[{\"@type\":\"SearchAction\",\"target\":{\"@type\":\"EntryPoint\",\"urlTemplate\":\"https:\\\/\\\/trgovina.pasjauniverza.si\\\/?s={search_term_string}\"},\"query-input\":{\"@type\":\"PropertyValueSpecification\",\"valueRequired\":true,\"valueName\":\"search_term_string\"}}],\"inLanguage\":\"en-US\"},{\"@type\":\"Organization\",\"@id\":\"https:\\\/\\\/trgovina.pasjauniverza.si\\\/#organization\",\"name\":\"Trgovina Pasja Univerza\",\"url\":\"https:\\\/\\\/trgovina.pasjauniverza.si\\\/\",\"logo\":{\"@type\":\"ImageObject\",\"inLanguage\":\"en-US\",\"@id\":\"https:\\\/\\\/trgovina.pasjauniverza.si\\\/#\\\/schema\\\/logo\\\/image\\\/\",\"url\":\"https:\\\/\\\/trgovina.pasjauniverza.si\\\/wp-content\\\/uploads\\\/2024\\\/08\\\/cropped-logotipi-vector-04.png\",\"contentUrl\":\"https:\\\/\\\/trgovina.pasjauniverza.si\\\/wp-content\\\/uploads\\\/2024\\\/08\\\/cropped-logotipi-vector-04.png\",\"width\":942,\"height\":908,\"caption\":\"Trgovina Pasja Univerza\"},\"image\":{\"@id\":\"https:\\\/\\\/trgovina.pasjauniverza.si\\\/#\\\/schema\\\/logo\\\/image\\\/\"}}]}<\/script>\n<!-- \/ Yoast SEO plugin. -->","yoast_head_json":{"title":"Pasji pribolj\u0161ki za zdravje sklepov - Bela rib","description":"Nature's Protection Lifestyle - Pasji pribolj\u0161ki za zdravje sklepov - Bela riba","robots":{"index":"index","follow":"follow","max-snippet":"max-snippet:-1","max-image-preview":"max-image-preview:large","max-video-preview":"max-video-preview:-1"},"canonical":"https:\/\/trgovina.pasjauniverza.si\/en\/product\/natures-protection-lifestyle-pasji-priboljski-za-zdravje-sklepov-bela-riba\/","og_locale":"en_US","og_type":"article","og_title":"Pasji pribolj\u0161ki za zdravje sklepov - Bela rib","og_description":"Nature's Protection Lifestyle - Pasji pribolj\u0161ki za zdravje sklepov - Bela riba","og_url":"https:\/\/trgovina.pasjauniverza.si\/en\/product\/natures-protection-lifestyle-pasji-priboljski-za-zdravje-sklepov-bela-riba\/","og_site_name":"Trgovina Pasja Univerza","article_modified_time":"2026-04-15T12:32:08+00:00","og_image":[{"width":600,"height":984,"url":"https:\/\/trgovina.pasjauniverza.si\/wp-content\/uploads\/2024\/08\/natures-protection-lifestyle-pasji-priboljski-za-zdravje-sklepov-bela-riba.jpg","type":"image\/jpeg"}],"twitter_card":"summary_large_image","twitter_misc":{"Est. reading time":"2 minutes"},"schema":{"@context":"https:\/\/schema.org","@graph":[{"@type":"WebPage","@id":"https:\/\/trgovina.pasjauniverza.si\/product\/natures-protection-lifestyle-pasji-priboljski-za-zdravje-sklepov-bela-riba\/","url":"https:\/\/trgovina.pasjauniverza.si\/product\/natures-protection-lifestyle-pasji-priboljski-za-zdravje-sklepov-bela-riba\/","name":"Pasji pribolj\u0161ki za zdravje sklepov - Bela rib","isPartOf":{"@id":"https:\/\/trgovina.pasjauniverza.si\/#website"},"primaryImageOfPage":{"@id":"https:\/\/trgovina.pasjauniverza.si\/product\/natures-protection-lifestyle-pasji-priboljski-za-zdravje-sklepov-bela-riba\/#primaryimage"},"image":{"@id":"https:\/\/trgovina.pasjauniverza.si\/product\/natures-protection-lifestyle-pasji-priboljski-za-zdravje-sklepov-bela-riba\/#primaryimage"},"thumbnailUrl":"https:\/\/trgovina.pasjauniverza.si\/wp-content\/uploads\/2024\/08\/natures-protection-lifestyle-pasji-priboljski-za-zdravje-sklepov-bela-riba.jpg","datePublished":"2024-08-29T10:59:54+00:00","dateModified":"2026-04-15T12:32:08+00:00","description":"Nature's Protection Lifestyle - Pasji pribolj\u0161ki za zdravje sklepov - Bela riba","breadcrumb":{"@id":"https:\/\/trgovina.pasjauniverza.si\/product\/natures-protection-lifestyle-pasji-priboljski-za-zdravje-sklepov-bela-riba\/#breadcrumb"},"inLanguage":"en-US","potentialAction":[{"@type":"ReadAction","target":["https:\/\/trgovina.pasjauniverza.si\/product\/natures-protection-lifestyle-pasji-priboljski-za-zdravje-sklepov-bela-riba\/"]}]},{"@type":"ImageObject","inLanguage":"en-US","@id":"https:\/\/trgovina.pasjauniverza.si\/product\/natures-protection-lifestyle-pasji-priboljski-za-zdravje-sklepov-bela-riba\/#primaryimage","url":"https:\/\/trgovina.pasjauniverza.si\/wp-content\/uploads\/2024\/08\/natures-protection-lifestyle-pasji-priboljski-za-zdravje-sklepov-bela-riba.jpg","contentUrl":"https:\/\/trgovina.pasjauniverza.si\/wp-content\/uploads\/2024\/08\/natures-protection-lifestyle-pasji-priboljski-za-zdravje-sklepov-bela-riba.jpg","width":600,"height":984},{"@type":"BreadcrumbList","@id":"https:\/\/trgovina.pasjauniverza.si\/product\/natures-protection-lifestyle-pasji-priboljski-za-zdravje-sklepov-bela-riba\/#breadcrumb","itemListElement":[{"@type":"ListItem","position":1,"name":"Home","item":"https:\/\/trgovina.pasjauniverza.si\/"},{"@type":"ListItem","position":2,"name":"Trgovina","item":"https:\/\/trgovina.pasjauniverza.si\/trgovina\/"},{"@type":"ListItem","position":3,"name":"Nature&#8217;s Protection Lifestyle &#8211; Pasji pribolj\u0161ki za zdravje sklepov &#8211; Bela riba"}]},{"@type":"WebSite","@id":"https:\/\/trgovina.pasjauniverza.si\/#website","url":"https:\/\/trgovina.pasjauniverza.si\/","name":"Trgovina Pasja Univerza","description":"pasja univerza trgovina","publisher":{"@id":"https:\/\/trgovina.pasjauniverza.si\/#organization"},"potentialAction":[{"@type":"SearchAction","target":{"@type":"EntryPoint","urlTemplate":"https:\/\/trgovina.pasjauniverza.si\/?s={search_term_string}"},"query-input":{"@type":"PropertyValueSpecification","valueRequired":true,"valueName":"search_term_string"}}],"inLanguage":"en-US"},{"@type":"Organization","@id":"https:\/\/trgovina.pasjauniverza.si\/#organization","name":"Trgovina Pasja Univerza","url":"https:\/\/trgovina.pasjauniverza.si\/","logo":{"@type":"ImageObject","inLanguage":"en-US","@id":"https:\/\/trgovina.pasjauniverza.si\/#\/schema\/logo\/image\/","url":"https:\/\/trgovina.pasjauniverza.si\/wp-content\/uploads\/2024\/08\/cropped-logotipi-vector-04.png","contentUrl":"https:\/\/trgovina.pasjauniverza.si\/wp-content\/uploads\/2024\/08\/cropped-logotipi-vector-04.png","width":942,"height":908,"caption":"Trgovina Pasja Univerza"},"image":{"@id":"https:\/\/trgovina.pasjauniverza.si\/#\/schema\/logo\/image\/"}}]}},"uagb_featured_image_src":{"full":["https:\/\/trgovina.pasjauniverza.si\/wp-content\/uploads\/2024\/08\/natures-protection-lifestyle-pasji-priboljski-za-zdravje-sklepov-bela-riba.jpg",600,984,false],"thumbnail":["https:\/\/trgovina.pasjauniverza.si\/wp-content\/uploads\/2024\/08\/natures-protection-lifestyle-pasji-priboljski-za-zdravje-sklepov-bela-riba-150x150.jpg",150,150,true],"medium":["https:\/\/trgovina.pasjauniverza.si\/wp-content\/uploads\/2024\/08\/natures-protection-lifestyle-pasji-priboljski-za-zdravje-sklepov-bela-riba-183x300.jpg",183,300,true],"medium_large":["https:\/\/trgovina.pasjauniverza.si\/wp-content\/uploads\/2024\/08\/natures-protection-lifestyle-pasji-priboljski-za-zdravje-sklepov-bela-riba.jpg",600,984,false],"large":["https:\/\/trgovina.pasjauniverza.si\/wp-content\/uploads\/2024\/08\/natures-protection-lifestyle-pasji-priboljski-za-zdravje-sklepov-bela-riba.jpg",600,984,false],"1536x1536":["https:\/\/trgovina.pasjauniverza.si\/wp-content\/uploads\/2024\/08\/natures-protection-lifestyle-pasji-priboljski-za-zdravje-sklepov-bela-riba.jpg",600,984,false],"2048x2048":["https:\/\/trgovina.pasjauniverza.si\/wp-content\/uploads\/2024\/08\/natures-protection-lifestyle-pasji-priboljski-za-zdravje-sklepov-bela-riba.jpg",600,984,false],"trp-custom-language-flag":["https:\/\/trgovina.pasjauniverza.si\/wp-content\/uploads\/2024\/08\/natures-protection-lifestyle-pasji-priboljski-za-zdravje-sklepov-bela-riba.jpg",7,12,false],"woocommerce_thumbnail":["https:\/\/trgovina.pasjauniverza.si\/wp-content\/uploads\/2024\/08\/natures-protection-lifestyle-pasji-priboljski-za-zdravje-sklepov-bela-riba-300x300.jpg",300,300,true],"woocommerce_single":["https:\/\/trgovina.pasjauniverza.si\/wp-content\/uploads\/2024\/08\/natures-protection-lifestyle-pasji-priboljski-za-zdravje-sklepov-bela-riba.jpg",600,984,false],"woocommerce_gallery_thumbnail":["https:\/\/trgovina.pasjauniverza.si\/wp-content\/uploads\/2024\/08\/natures-protection-lifestyle-pasji-priboljski-za-zdravje-sklepov-bela-riba-100x100.jpg",100,100,true]},"uagb_author_info":{"display_name":"Karmen Grubeli\u0107, dr.vet.med.","author_link":"https:\/\/trgovina.pasjauniverza.si\/en\/author\/"},"uagb_comment_info":0,"uagb_excerpt":"Polmehki pasji pribolj\u0161ki za zdravje sklepov z belo ribo. 110g Pribolj\u0161ki za pse, ki so bili ustvarjeni posebej za mo\u010dne in zdrave kosti ter sklepe. Zaradi manj\u0161e vsebnosti ma\u0161\u010dob so \u0161e posebej dobra izbira za aktivne pse, lahko prebavljiva riba pa je odli\u010dna tudi za kosmatince z ob\u010dutljivim \u017eelodcem. Lahko prebavljiva bela riba - primerna&hellip;","jetpack_sharing_enabled":true,"_links":{"self":[{"href":"https:\/\/trgovina.pasjauniverza.si\/en\/wp-json\/wp\/v2\/product\/5370","targetHints":{"allow":["GET"]}}],"collection":[{"href":"https:\/\/trgovina.pasjauniverza.si\/en\/wp-json\/wp\/v2\/product"}],"about":[{"href":"https:\/\/trgovina.pasjauniverza.si\/en\/wp-json\/wp\/v2\/types\/product"}],"replies":[{"embeddable":true,"href":"https:\/\/trgovina.pasjauniverza.si\/en\/wp-json\/wp\/v2\/comments?post=5370"}],"wp:featuredmedia":[{"embeddable":true,"href":"https:\/\/trgovina.pasjauniverza.si\/en\/wp-json\/wp\/v2\/media\/5371"}],"wp:attachment":[{"href":"https:\/\/trgovina.pasjauniverza.si\/en\/wp-json\/wp\/v2\/media?parent=5370"}],"wp:term":[{"taxonomy":"product_brand","embeddable":true,"href":"https:\/\/trgovina.pasjauniverza.si\/en\/wp-json\/wp\/v2\/product_brand?post=5370"},{"taxonomy":"product_cat","embeddable":true,"href":"https:\/\/trgovina.pasjauniverza.si\/en\/wp-json\/wp\/v2\/product_cat?post=5370"},{"taxonomy":"product_tag","embeddable":true,"href":"https:\/\/trgovina.pasjauniverza.si\/en\/wp-json\/wp\/v2\/product_tag?post=5370"}],"curies":[{"name":"wp","href":"https:\/\/api.w.org\/{rel}","templated":true}]}}