
{"id":17420,"date":"2026-03-18T13:07:34","date_gmt":"2026-03-18T13:07:34","guid":{"rendered":"https:\/\/trgovina.pasjauniverza.si\/?post_type=product&#038;p=17420"},"modified":"2026-03-18T13:21:47","modified_gmt":"2026-03-18T13:21:47","slug":"doggy-joy-raca-na-zvecljivi-palcki-za-velike-pasme-psov-90-g","status":"publish","type":"product","link":"https:\/\/trgovina.pasjauniverza.si\/en\/product\/doggy-joy-raca-na-zvecljivi-palcki-za-velike-pasme-psov-90-g\/","title":{"rendered":"Doggy Joy Raca na \u017eve\u010dljivi pal\u010dki za velike pasme psov (90 g)"},"content":{"rendered":"<p>Pribolj\u0161ki Doggy Joy so narejeni iz kakovostnega mesa po recepturah, razvitih za zdravo nagrajevanje psov, brez umetnih barvil in nepotrebnih dodatkov.<\/p>\n<h2 data-section-id=\"7zt24\" data-start=\"535\" data-end=\"561\">Zakaj jih psi obo\u017eujejo<\/h2>\n<ul>\n<li data-section-id=\"10895wb\" data-start=\"505\" data-end=\"545\">\n<p data-start=\"507\" data-end=\"545\">Kombinacija lahko prebavljivega ra\u010djega mesa in \u017eve\u010dljive pal\u010dke<\/p>\n<\/li>\n<li data-section-id=\"ec4l4f\" data-start=\"546\" data-end=\"570\">\n<p data-start=\"548\" data-end=\"570\">Dolgotrajno \u017eve\u010denje<\/p>\n<\/li>\n<li data-section-id=\"xtbj3d\" data-start=\"571\" data-end=\"594\">\n<p data-start=\"573\" data-end=\"594\">Privla\u010den okus race<\/p>\n<\/li>\n<li data-section-id=\"xtbj3d\" data-start=\"571\" data-end=\"594\">velika vsebnost beljakovin<\/li>\n<li data-section-id=\"1m4fc4n\" data-start=\"595\" data-end=\"637\">\n<p data-start=\"597\" data-end=\"637\">Pomaga pri naravni potrebi po \u017eve\u010denju<\/p>\n<\/li>\n<li data-section-id=\"awqj69\" data-start=\"638\" data-end=\"675\">\n<p data-start=\"640\" data-end=\"675\">Primeren za srednje in velike pse<\/p>\n<\/li>\n<\/ul>\n<hr data-start=\"770\" data-end=\"773\" \/>\n<h2 data-section-id=\"1tvbd7m\" data-start=\"775\" data-end=\"785\">Sestava<\/h2>\n<p data-start=\"787\" data-end=\"837\">ra\u010dje meso, surova ko\u017ea, rastlinski stranski proizvodi, minerali.<\/p>\n<hr data-start=\"839\" data-end=\"842\" \/>\n<h2 data-section-id=\"1ao17sz\" data-start=\"844\" data-end=\"866\">Analitske sestavine<\/h2>\n<ul>\n<li data-section-id=\"15eb17b\" data-start=\"782\" data-end=\"811\">\n<p data-start=\"784\" data-end=\"811\">surove beljakovine: ~35 %<\/p>\n<\/li>\n<li data-section-id=\"16kykaj\" data-start=\"812\" data-end=\"836\">\n<p data-start=\"814\" data-end=\"836\">surove ma\u0161\u010dobe: ~2 %<\/p>\n<\/li>\n<li data-section-id=\"5t1zp\" data-start=\"837\" data-end=\"859\">\n<p data-start=\"839\" data-end=\"859\">surovi pepel: ~4 %<\/p>\n<\/li>\n<li data-section-id=\"wksjbg\" data-start=\"860\" data-end=\"885\">\n<p data-start=\"862\" data-end=\"885\">surove vlaknine: ~1 %<\/p>\n<\/li>\n<li data-section-id=\"qeipy5\" data-start=\"886\" data-end=\"900\">\n<p data-start=\"888\" data-end=\"900\">vlaga: ~18 %<\/p>\n<\/li>\n<\/ul>\n<hr data-start=\"985\" data-end=\"988\" \/>\n<h2 data-section-id=\"gfhh83\" data-start=\"990\" data-end=\"1014\">Navodila za hranjenje<\/h2>\n<p data-start=\"1016\" data-end=\"1173\">Postrezite kot pribolj\u0161ek ali nagrado med obroki ali treningom.<br data-start=\"1079\" data-end=\"1082\" \/>Pribolj\u0161ki naj ne predstavljajo ve\u010d kot pribli\u017eno <strong data-start=\"1132\" data-end=\"1172\">10 % dnevnega energijskega vnosa psa<\/strong>.<\/p>\n<p data-start=\"1175\" data-end=\"1294\">Pes naj ima vedno na voljo sve\u017eo pitno vodo.<br data-start=\"1219\" data-end=\"1222\" \/>Shranjujte v suhem in hladnem prostoru, po odprtju vre\u010dko dobro zaprite.<\/p>","protected":false},"excerpt":{"rendered":"<p data-start=\"172\" data-end=\"392\">Okusen pribolj\u0161ek iz so\u010dnega ra\u010djega mesa na \u017eve\u010dljivi pal\u010dki, ki psa zaposli za dlje \u010dasa in zadovolji njegovo naravno potrebo po \u017eve\u010denju. Idealen za srednje in velike pse kot nagrada ali zabava.<\/p>","protected":false},"featured_media":17421,"comment_status":"open","ping_status":"closed","template":"","meta":{"_acf_changed":false,"_uag_custom_page_level_css":"","site-sidebar-layout":"default","site-content-layout":"","ast-site-content-layout":"default","site-content-style":"default","site-sidebar-style":"default","ast-global-header-display":"","ast-banner-title-visibility":"","ast-main-header-display":"","ast-hfb-above-header-display":"","ast-hfb-below-header-display":"","ast-hfb-mobile-header-display":"","site-post-title":"","ast-breadcrumbs-content":"","ast-featured-img":"","footer-sml-layout":"","ast-disable-related-posts":"","theme-transparent-header-meta":"default","adv-header-id-meta":"","stick-header-meta":"","header-above-stick-meta":"","header-main-stick-meta":"","header-below-stick-meta":"","astra-migrate-meta-layouts":"set","ast-page-background-enabled":"default","ast-page-background-meta":{"desktop":{"background-color":"","background-image":"","background-repeat":"repeat","background-position":"center center","background-size":"auto","background-attachment":"scroll","background-type":"","background-media":"","overlay-type":"","overlay-color":"","overlay-opacity":"","overlay-gradient":""},"tablet":{"background-color":"","background-image":"","background-repeat":"repeat","background-position":"center center","background-size":"auto","background-attachment":"scroll","background-type":"","background-media":"","overlay-type":"","overlay-color":"","overlay-opacity":"","overlay-gradient":""},"mobile":{"background-color":"","background-image":"","background-repeat":"repeat","background-position":"center center","background-size":"auto","background-attachment":"scroll","background-type":"","background-media":"","overlay-type":"","overlay-color":"","overlay-opacity":"","overlay-gradient":""}},"ast-content-background-meta":{"desktop":{"background-color":"var(--ast-global-color-5)","background-image":"","background-repeat":"repeat","background-position":"center center","background-size":"auto","background-attachment":"scroll","background-type":"","background-media":"","overlay-type":"","overlay-color":"","overlay-opacity":"","overlay-gradient":""},"tablet":{"background-color":"var(--ast-global-color-5)","background-image":"","background-repeat":"repeat","background-position":"center center","background-size":"auto","background-attachment":"scroll","background-type":"","background-media":"","overlay-type":"","overlay-color":"","overlay-opacity":"","overlay-gradient":""},"mobile":{"background-color":"var(--ast-global-color-5)","background-image":"","background-repeat":"repeat","background-position":"center center","background-size":"auto","background-attachment":"scroll","background-type":"","background-media":"","overlay-type":"","overlay-color":"","overlay-opacity":"","overlay-gradient":""}}},"product_brand":[],"product_cat":[966,725,366,723,18],"product_tag":[],"class_list":{"0":"post-17420","1":"product","2":"type-product","3":"status-publish","4":"has-post-thumbnail","6":"product_cat-doggyjoy","7":"product_cat-hrana-za-pse","8":"product_cat-priboljski","9":"product_cat-psi","10":"product_cat-vsi-izdelki","11":"desktop-align-center","12":"tablet-align-center","13":"mobile-align-center","15":"first","16":"instock","17":"shipping-taxable","18":"purchasable","19":"product-type-simple"},"acf":[],"yoast_head":"<!-- This site is optimized with the Yoast SEO plugin v27.4 - https:\/\/yoast.com\/product\/yoast-seo-wordpress\/ -->\n<title>Doggy Joy Raca na \u017eve\u010dljivi pal\u010dki za velike pasme psov (90 g) - Trgovina Pasja Univerza<\/title>\n<meta name=\"description\" content=\"Raca na \u017eve\u010dljivi pal\u010dki\" \/>\n<meta name=\"robots\" content=\"index, follow, max-snippet:-1, max-image-preview:large, max-video-preview:-1\" \/>\n<link rel=\"canonical\" href=\"https:\/\/trgovina.pasjauniverza.si\/en\/product\/doggy-joy-raca-na-zvecljivi-palcki-za-velike-pasme-psov-90-g\/\" \/>\n<meta property=\"og:locale\" content=\"en_US\" \/>\n<meta property=\"og:type\" content=\"article\" \/>\n<meta property=\"og:title\" content=\"Doggy Joy Raca na \u017eve\u010dljivi pal\u010dki za velike pasme psov (90 g) - Trgovina Pasja Univerza\" \/>\n<meta property=\"og:description\" content=\"Raca na \u017eve\u010dljivi pal\u010dki\" \/>\n<meta property=\"og:url\" content=\"https:\/\/trgovina.pasjauniverza.si\/en\/product\/doggy-joy-raca-na-zvecljivi-palcki-za-velike-pasme-psov-90-g\/\" \/>\n<meta property=\"og:site_name\" content=\"Trgovina Pasja Univerza\" \/>\n<meta property=\"article:modified_time\" content=\"2026-03-18T13:21:47+00:00\" \/>\n<meta property=\"og:image\" content=\"https:\/\/trgovina.pasjauniverza.si\/wp-content\/uploads\/2026\/03\/doggyjoy_raca_na_palcki-removebg-preview.png\" \/>\n\t<meta property=\"og:image:width\" content=\"396\" \/>\n\t<meta property=\"og:image:height\" content=\"400\" \/>\n\t<meta property=\"og:image:type\" content=\"image\/png\" \/>\n<meta name=\"twitter:card\" content=\"summary_large_image\" \/>\n<meta name=\"twitter:label1\" content=\"Est. reading time\" \/>\n\t<meta name=\"twitter:data1\" content=\"1 minute\" \/>\n<script type=\"application\/ld+json\" class=\"yoast-schema-graph\">{\"@context\":\"https:\\\/\\\/schema.org\",\"@graph\":[{\"@type\":\"WebPage\",\"@id\":\"https:\\\/\\\/trgovina.pasjauniverza.si\\\/product\\\/doggy-joy-raca-na-zvecljivi-palcki-za-velike-pasme-psov-90-g\\\/\",\"url\":\"https:\\\/\\\/trgovina.pasjauniverza.si\\\/product\\\/doggy-joy-raca-na-zvecljivi-palcki-za-velike-pasme-psov-90-g\\\/\",\"name\":\"Doggy Joy Raca na \u017eve\u010dljivi pal\u010dki za velike pasme psov (90 g) - Trgovina Pasja Univerza\",\"isPartOf\":{\"@id\":\"https:\\\/\\\/trgovina.pasjauniverza.si\\\/#website\"},\"primaryImageOfPage\":{\"@id\":\"https:\\\/\\\/trgovina.pasjauniverza.si\\\/product\\\/doggy-joy-raca-na-zvecljivi-palcki-za-velike-pasme-psov-90-g\\\/#primaryimage\"},\"image\":{\"@id\":\"https:\\\/\\\/trgovina.pasjauniverza.si\\\/product\\\/doggy-joy-raca-na-zvecljivi-palcki-za-velike-pasme-psov-90-g\\\/#primaryimage\"},\"thumbnailUrl\":\"https:\\\/\\\/trgovina.pasjauniverza.si\\\/wp-content\\\/uploads\\\/2026\\\/03\\\/doggyjoy_raca_na_palcki-removebg-preview.png\",\"datePublished\":\"2026-03-18T13:07:34+00:00\",\"dateModified\":\"2026-03-18T13:21:47+00:00\",\"description\":\"Raca na \u017eve\u010dljivi pal\u010dki\",\"breadcrumb\":{\"@id\":\"https:\\\/\\\/trgovina.pasjauniverza.si\\\/product\\\/doggy-joy-raca-na-zvecljivi-palcki-za-velike-pasme-psov-90-g\\\/#breadcrumb\"},\"inLanguage\":\"en-US\",\"potentialAction\":[{\"@type\":\"ReadAction\",\"target\":[\"https:\\\/\\\/trgovina.pasjauniverza.si\\\/product\\\/doggy-joy-raca-na-zvecljivi-palcki-za-velike-pasme-psov-90-g\\\/\"]}]},{\"@type\":\"ImageObject\",\"inLanguage\":\"en-US\",\"@id\":\"https:\\\/\\\/trgovina.pasjauniverza.si\\\/product\\\/doggy-joy-raca-na-zvecljivi-palcki-za-velike-pasme-psov-90-g\\\/#primaryimage\",\"url\":\"https:\\\/\\\/trgovina.pasjauniverza.si\\\/wp-content\\\/uploads\\\/2026\\\/03\\\/doggyjoy_raca_na_palcki-removebg-preview.png\",\"contentUrl\":\"https:\\\/\\\/trgovina.pasjauniverza.si\\\/wp-content\\\/uploads\\\/2026\\\/03\\\/doggyjoy_raca_na_palcki-removebg-preview.png\",\"width\":396,\"height\":400,\"caption\":\"doggyjoy_raca_na_palcki\"},{\"@type\":\"BreadcrumbList\",\"@id\":\"https:\\\/\\\/trgovina.pasjauniverza.si\\\/product\\\/doggy-joy-raca-na-zvecljivi-palcki-za-velike-pasme-psov-90-g\\\/#breadcrumb\",\"itemListElement\":[{\"@type\":\"ListItem\",\"position\":1,\"name\":\"Home\",\"item\":\"https:\\\/\\\/trgovina.pasjauniverza.si\\\/\"},{\"@type\":\"ListItem\",\"position\":2,\"name\":\"Trgovina\",\"item\":\"https:\\\/\\\/trgovina.pasjauniverza.si\\\/trgovina\\\/\"},{\"@type\":\"ListItem\",\"position\":3,\"name\":\"Doggy Joy Raca na \u017eve\u010dljivi pal\u010dki za velike pasme psov (90 g)\"}]},{\"@type\":\"WebSite\",\"@id\":\"https:\\\/\\\/trgovina.pasjauniverza.si\\\/#website\",\"url\":\"https:\\\/\\\/trgovina.pasjauniverza.si\\\/\",\"name\":\"Trgovina Pasja Univerza\",\"description\":\"pasja univerza trgovina\",\"publisher\":{\"@id\":\"https:\\\/\\\/trgovina.pasjauniverza.si\\\/#organization\"},\"potentialAction\":[{\"@type\":\"SearchAction\",\"target\":{\"@type\":\"EntryPoint\",\"urlTemplate\":\"https:\\\/\\\/trgovina.pasjauniverza.si\\\/?s={search_term_string}\"},\"query-input\":{\"@type\":\"PropertyValueSpecification\",\"valueRequired\":true,\"valueName\":\"search_term_string\"}}],\"inLanguage\":\"en-US\"},{\"@type\":\"Organization\",\"@id\":\"https:\\\/\\\/trgovina.pasjauniverza.si\\\/#organization\",\"name\":\"Trgovina Pasja Univerza\",\"url\":\"https:\\\/\\\/trgovina.pasjauniverza.si\\\/\",\"logo\":{\"@type\":\"ImageObject\",\"inLanguage\":\"en-US\",\"@id\":\"https:\\\/\\\/trgovina.pasjauniverza.si\\\/#\\\/schema\\\/logo\\\/image\\\/\",\"url\":\"https:\\\/\\\/trgovina.pasjauniverza.si\\\/wp-content\\\/uploads\\\/2024\\\/08\\\/cropped-logotipi-vector-04.png\",\"contentUrl\":\"https:\\\/\\\/trgovina.pasjauniverza.si\\\/wp-content\\\/uploads\\\/2024\\\/08\\\/cropped-logotipi-vector-04.png\",\"width\":942,\"height\":908,\"caption\":\"Trgovina Pasja Univerza\"},\"image\":{\"@id\":\"https:\\\/\\\/trgovina.pasjauniverza.si\\\/#\\\/schema\\\/logo\\\/image\\\/\"}}]}<\/script>\n<!-- \/ Yoast SEO plugin. -->","yoast_head_json":{"title":"Doggy Joy Raca na \u017eve\u010dljivi pal\u010dki za velike pasme psov (90 g) - Trgovina Pasja Univerza","description":"Raca na \u017eve\u010dljivi pal\u010dki","robots":{"index":"index","follow":"follow","max-snippet":"max-snippet:-1","max-image-preview":"max-image-preview:large","max-video-preview":"max-video-preview:-1"},"canonical":"https:\/\/trgovina.pasjauniverza.si\/en\/product\/doggy-joy-raca-na-zvecljivi-palcki-za-velike-pasme-psov-90-g\/","og_locale":"en_US","og_type":"article","og_title":"Doggy Joy Raca na \u017eve\u010dljivi pal\u010dki za velike pasme psov (90 g) - Trgovina Pasja Univerza","og_description":"Raca na \u017eve\u010dljivi pal\u010dki","og_url":"https:\/\/trgovina.pasjauniverza.si\/en\/product\/doggy-joy-raca-na-zvecljivi-palcki-za-velike-pasme-psov-90-g\/","og_site_name":"Trgovina Pasja Univerza","article_modified_time":"2026-03-18T13:21:47+00:00","og_image":[{"width":396,"height":400,"url":"https:\/\/trgovina.pasjauniverza.si\/wp-content\/uploads\/2026\/03\/doggyjoy_raca_na_palcki-removebg-preview.png","type":"image\/png"}],"twitter_card":"summary_large_image","twitter_misc":{"Est. reading time":"1 minute"},"schema":{"@context":"https:\/\/schema.org","@graph":[{"@type":"WebPage","@id":"https:\/\/trgovina.pasjauniverza.si\/product\/doggy-joy-raca-na-zvecljivi-palcki-za-velike-pasme-psov-90-g\/","url":"https:\/\/trgovina.pasjauniverza.si\/product\/doggy-joy-raca-na-zvecljivi-palcki-za-velike-pasme-psov-90-g\/","name":"Doggy Joy Raca na \u017eve\u010dljivi pal\u010dki za velike pasme psov (90 g) - Trgovina Pasja Univerza","isPartOf":{"@id":"https:\/\/trgovina.pasjauniverza.si\/#website"},"primaryImageOfPage":{"@id":"https:\/\/trgovina.pasjauniverza.si\/product\/doggy-joy-raca-na-zvecljivi-palcki-za-velike-pasme-psov-90-g\/#primaryimage"},"image":{"@id":"https:\/\/trgovina.pasjauniverza.si\/product\/doggy-joy-raca-na-zvecljivi-palcki-za-velike-pasme-psov-90-g\/#primaryimage"},"thumbnailUrl":"https:\/\/trgovina.pasjauniverza.si\/wp-content\/uploads\/2026\/03\/doggyjoy_raca_na_palcki-removebg-preview.png","datePublished":"2026-03-18T13:07:34+00:00","dateModified":"2026-03-18T13:21:47+00:00","description":"Raca na \u017eve\u010dljivi pal\u010dki","breadcrumb":{"@id":"https:\/\/trgovina.pasjauniverza.si\/product\/doggy-joy-raca-na-zvecljivi-palcki-za-velike-pasme-psov-90-g\/#breadcrumb"},"inLanguage":"en-US","potentialAction":[{"@type":"ReadAction","target":["https:\/\/trgovina.pasjauniverza.si\/product\/doggy-joy-raca-na-zvecljivi-palcki-za-velike-pasme-psov-90-g\/"]}]},{"@type":"ImageObject","inLanguage":"en-US","@id":"https:\/\/trgovina.pasjauniverza.si\/product\/doggy-joy-raca-na-zvecljivi-palcki-za-velike-pasme-psov-90-g\/#primaryimage","url":"https:\/\/trgovina.pasjauniverza.si\/wp-content\/uploads\/2026\/03\/doggyjoy_raca_na_palcki-removebg-preview.png","contentUrl":"https:\/\/trgovina.pasjauniverza.si\/wp-content\/uploads\/2026\/03\/doggyjoy_raca_na_palcki-removebg-preview.png","width":396,"height":400,"caption":"doggyjoy_raca_na_palcki"},{"@type":"BreadcrumbList","@id":"https:\/\/trgovina.pasjauniverza.si\/product\/doggy-joy-raca-na-zvecljivi-palcki-za-velike-pasme-psov-90-g\/#breadcrumb","itemListElement":[{"@type":"ListItem","position":1,"name":"Home","item":"https:\/\/trgovina.pasjauniverza.si\/"},{"@type":"ListItem","position":2,"name":"Trgovina","item":"https:\/\/trgovina.pasjauniverza.si\/trgovina\/"},{"@type":"ListItem","position":3,"name":"Doggy Joy Raca na \u017eve\u010dljivi pal\u010dki za velike pasme psov (90 g)"}]},{"@type":"WebSite","@id":"https:\/\/trgovina.pasjauniverza.si\/#website","url":"https:\/\/trgovina.pasjauniverza.si\/","name":"Trgovina Pasja Univerza","description":"pasja univerza trgovina","publisher":{"@id":"https:\/\/trgovina.pasjauniverza.si\/#organization"},"potentialAction":[{"@type":"SearchAction","target":{"@type":"EntryPoint","urlTemplate":"https:\/\/trgovina.pasjauniverza.si\/?s={search_term_string}"},"query-input":{"@type":"PropertyValueSpecification","valueRequired":true,"valueName":"search_term_string"}}],"inLanguage":"en-US"},{"@type":"Organization","@id":"https:\/\/trgovina.pasjauniverza.si\/#organization","name":"Trgovina Pasja Univerza","url":"https:\/\/trgovina.pasjauniverza.si\/","logo":{"@type":"ImageObject","inLanguage":"en-US","@id":"https:\/\/trgovina.pasjauniverza.si\/#\/schema\/logo\/image\/","url":"https:\/\/trgovina.pasjauniverza.si\/wp-content\/uploads\/2024\/08\/cropped-logotipi-vector-04.png","contentUrl":"https:\/\/trgovina.pasjauniverza.si\/wp-content\/uploads\/2024\/08\/cropped-logotipi-vector-04.png","width":942,"height":908,"caption":"Trgovina Pasja Univerza"},"image":{"@id":"https:\/\/trgovina.pasjauniverza.si\/#\/schema\/logo\/image\/"}}]}},"uagb_featured_image_src":{"full":["https:\/\/trgovina.pasjauniverza.si\/wp-content\/uploads\/2026\/03\/doggyjoy_raca_na_palcki-removebg-preview.png",396,400,false],"thumbnail":["https:\/\/trgovina.pasjauniverza.si\/wp-content\/uploads\/2026\/03\/doggyjoy_raca_na_palcki-removebg-preview-150x150.png",150,150,true],"medium":["https:\/\/trgovina.pasjauniverza.si\/wp-content\/uploads\/2026\/03\/doggyjoy_raca_na_palcki-removebg-preview-297x300.png",297,300,true],"medium_large":["https:\/\/trgovina.pasjauniverza.si\/wp-content\/uploads\/2026\/03\/doggyjoy_raca_na_palcki-removebg-preview.png",396,400,false],"large":["https:\/\/trgovina.pasjauniverza.si\/wp-content\/uploads\/2026\/03\/doggyjoy_raca_na_palcki-removebg-preview.png",396,400,false],"1536x1536":["https:\/\/trgovina.pasjauniverza.si\/wp-content\/uploads\/2026\/03\/doggyjoy_raca_na_palcki-removebg-preview.png",396,400,false],"2048x2048":["https:\/\/trgovina.pasjauniverza.si\/wp-content\/uploads\/2026\/03\/doggyjoy_raca_na_palcki-removebg-preview.png",396,400,false],"trp-custom-language-flag":["https:\/\/trgovina.pasjauniverza.si\/wp-content\/uploads\/2026\/03\/doggyjoy_raca_na_palcki-removebg-preview-12x12.png",12,12,true],"woocommerce_thumbnail":["https:\/\/trgovina.pasjauniverza.si\/wp-content\/uploads\/2026\/03\/doggyjoy_raca_na_palcki-removebg-preview-300x300.png",300,300,true],"woocommerce_single":["https:\/\/trgovina.pasjauniverza.si\/wp-content\/uploads\/2026\/03\/doggyjoy_raca_na_palcki-removebg-preview.png",396,400,false],"woocommerce_gallery_thumbnail":["https:\/\/trgovina.pasjauniverza.si\/wp-content\/uploads\/2026\/03\/doggyjoy_raca_na_palcki-removebg-preview-100x100.png",100,100,true]},"uagb_author_info":{"display_name":"Karmen Grubeli\u0107, dr.vet.med.","author_link":"https:\/\/trgovina.pasjauniverza.si\/en\/author\/"},"uagb_comment_info":0,"uagb_excerpt":"Okusen pribolj\u0161ek iz so\u010dnega ra\u010djega mesa na \u017eve\u010dljivi pal\u010dki, ki psa zaposli za dlje \u010dasa in zadovolji njegovo naravno potrebo po \u017eve\u010denju. Idealen za srednje in velike pse kot nagrada ali zabava.","jetpack_sharing_enabled":true,"_links":{"self":[{"href":"https:\/\/trgovina.pasjauniverza.si\/en\/wp-json\/wp\/v2\/product\/17420","targetHints":{"allow":["GET"]}}],"collection":[{"href":"https:\/\/trgovina.pasjauniverza.si\/en\/wp-json\/wp\/v2\/product"}],"about":[{"href":"https:\/\/trgovina.pasjauniverza.si\/en\/wp-json\/wp\/v2\/types\/product"}],"replies":[{"embeddable":true,"href":"https:\/\/trgovina.pasjauniverza.si\/en\/wp-json\/wp\/v2\/comments?post=17420"}],"wp:featuredmedia":[{"embeddable":true,"href":"https:\/\/trgovina.pasjauniverza.si\/en\/wp-json\/wp\/v2\/media\/17421"}],"wp:attachment":[{"href":"https:\/\/trgovina.pasjauniverza.si\/en\/wp-json\/wp\/v2\/media?parent=17420"}],"wp:term":[{"taxonomy":"product_brand","embeddable":true,"href":"https:\/\/trgovina.pasjauniverza.si\/en\/wp-json\/wp\/v2\/product_brand?post=17420"},{"taxonomy":"product_cat","embeddable":true,"href":"https:\/\/trgovina.pasjauniverza.si\/en\/wp-json\/wp\/v2\/product_cat?post=17420"},{"taxonomy":"product_tag","embeddable":true,"href":"https:\/\/trgovina.pasjauniverza.si\/en\/wp-json\/wp\/v2\/product_tag?post=17420"}],"curies":[{"name":"wp","href":"https:\/\/api.w.org\/{rel}","templated":true}]}}