
{"id":17399,"date":"2026-04-01T06:27:45","date_gmt":"2026-04-01T06:27:45","guid":{"rendered":"https:\/\/trgovina.pasjauniverza.si\/?post_type=product&#038;p=17399"},"modified":"2026-04-01T06:27:45","modified_gmt":"2026-04-01T06:27:45","slug":"nomad-100-mesni-trakovi-riba-100g","status":"publish","type":"product","link":"https:\/\/trgovina.pasjauniverza.si\/en\/product\/nomad-100-mesni-trakovi-riba-100g\/","title":{"rendered":"NOMAD 100 % mesni trakovi &#8211; riba (100g)"},"content":{"rendered":"<p data-start=\"213\" data-end=\"442\">Naravni mesni pribolj\u0161ki za pse in ma\u010dke iz <strong data-start=\"257\" data-end=\"279\">100 % ribjega mesa<\/strong>, brez \u017eit, konzervansov ali umetnih dodatkov. Ne\u017eno su\u0161eni mesni trakovi ohranijo veliko hranil in predstavljajo okusno ter naravno nagrado za va\u0161ega ljubljen\u010dka.<\/p>\n<ul data-start=\"444\" data-end=\"749\">\n<li data-section-id=\"1rbl99n\" data-start=\"444\" data-end=\"498\">\n<p data-start=\"446\" data-end=\"498\"><strong data-start=\"446\" data-end=\"466\">100 % ribje meso<\/strong> \u2013 en vir \u017eivalskih beljakovin<\/p>\n<\/li>\n<li data-section-id=\"fle4qo\" data-start=\"499\" data-end=\"531\">\n<p data-start=\"501\" data-end=\"531\">naravni su\u0161eni mesni trakovi<\/p>\n<\/li>\n<li data-section-id=\"pryun5\" data-start=\"532\" data-end=\"577\">\n<p data-start=\"534\" data-end=\"577\"><strong data-start=\"534\" data-end=\"575\">brez \u017eit, glutena in umetnih dodatkov<\/strong><\/p>\n<\/li>\n<li data-section-id=\"1b7zuse\" data-start=\"578\" data-end=\"628\">\n<p data-start=\"580\" data-end=\"628\">brez konzervansov, barvil in oja\u010devalcev okusa<\/p>\n<\/li>\n<li data-section-id=\"1k51y7y\" data-start=\"629\" data-end=\"686\">\n<p data-start=\"631\" data-end=\"686\">primerno kot <strong data-start=\"644\" data-end=\"684\">nagrada ali pribolj\u0161ek med treningom<\/strong><\/p>\n<\/li>\n<li data-section-id=\"gbbnfy\" data-start=\"687\" data-end=\"749\">\n<p data-start=\"689\" data-end=\"749\">primerno za <strong data-start=\"701\" data-end=\"749\">pse vseh pasem in starosti ter tudi za ma\u010dke<\/strong><\/p>\n<\/li>\n<\/ul>","protected":false},"excerpt":{"rendered":"<p data-start=\"213\" data-end=\"442\">Naravni mesni pribolj\u0161ki za pse in ma\u010dke iz <strong data-start=\"257\" data-end=\"279\">100 % ribjega mesa<\/strong>, brez \u017eit, konzervansov ali umetnih dodatkov. Ne\u017eno su\u0161eni mesni trakovi ohranijo veliko hranil in predstavljajo okusno ter naravno nagrado za va\u0161ega ljubljen\u010dka.<\/p>\n<ul data-start=\"444\" data-end=\"749\">\n<li data-section-id=\"1rbl99n\" data-start=\"444\" data-end=\"498\">\n<p data-start=\"446\" data-end=\"498\"><strong data-start=\"446\" data-end=\"466\">100 % ribje meso<\/strong> \u2013 en vir \u017eivalskih beljakovin<\/p>\n<\/li>\n<li data-section-id=\"fle4qo\" data-start=\"499\" data-end=\"531\">\n<p data-start=\"501\" data-end=\"531\">naravni su\u0161eni mesni trakovi<\/p>\n<\/li>\n<li data-section-id=\"pryun5\" data-start=\"532\" data-end=\"577\">\n<p data-start=\"534\" data-end=\"577\"><strong data-start=\"534\" data-end=\"575\">brez \u017eit, glutena in umetnih dodatkov<\/strong><\/p>\n<\/li>\n<li data-section-id=\"1b7zuse\" data-start=\"578\" data-end=\"628\">\n<p data-start=\"580\" data-end=\"628\">brez konzervansov, barvil in oja\u010devalcev okusa<\/p>\n<\/li>\n<li data-section-id=\"1k51y7y\" data-start=\"629\" data-end=\"686\">\n<p data-start=\"631\" data-end=\"686\">primerno kot <strong data-start=\"644\" data-end=\"684\">nagrada ali pribolj\u0161ek med treningom<\/strong><\/p>\n<\/li>\n<li data-section-id=\"gbbnfy\" data-start=\"687\" data-end=\"749\">\n<p data-start=\"689\" data-end=\"749\">primerno za <strong data-start=\"701\" data-end=\"749\">pse vseh pasem in starosti ter tudi za ma\u010dke<\/strong><\/p>\n<\/li>\n<\/ul>","protected":false},"featured_media":17400,"comment_status":"open","ping_status":"closed","template":"","meta":{"_acf_changed":false,"_uag_custom_page_level_css":"","site-sidebar-layout":"default","site-content-layout":"","ast-site-content-layout":"default","site-content-style":"default","site-sidebar-style":"default","ast-global-header-display":"","ast-banner-title-visibility":"","ast-main-header-display":"","ast-hfb-above-header-display":"","ast-hfb-below-header-display":"","ast-hfb-mobile-header-display":"","site-post-title":"","ast-breadcrumbs-content":"","ast-featured-img":"","footer-sml-layout":"","ast-disable-related-posts":"","theme-transparent-header-meta":"default","adv-header-id-meta":"","stick-header-meta":"","header-above-stick-meta":"","header-main-stick-meta":"","header-below-stick-meta":"","astra-migrate-meta-layouts":"set","ast-page-background-enabled":"default","ast-page-background-meta":{"desktop":{"background-color":"","background-image":"","background-repeat":"repeat","background-position":"center center","background-size":"auto","background-attachment":"scroll","background-type":"","background-media":"","overlay-type":"","overlay-color":"","overlay-opacity":"","overlay-gradient":""},"tablet":{"background-color":"","background-image":"","background-repeat":"repeat","background-position":"center center","background-size":"auto","background-attachment":"scroll","background-type":"","background-media":"","overlay-type":"","overlay-color":"","overlay-opacity":"","overlay-gradient":""},"mobile":{"background-color":"","background-image":"","background-repeat":"repeat","background-position":"center center","background-size":"auto","background-attachment":"scroll","background-type":"","background-media":"","overlay-type":"","overlay-color":"","overlay-opacity":"","overlay-gradient":""}},"ast-content-background-meta":{"desktop":{"background-color":"var(--ast-global-color-5)","background-image":"","background-repeat":"repeat","background-position":"center center","background-size":"auto","background-attachment":"scroll","background-type":"","background-media":"","overlay-type":"","overlay-color":"","overlay-opacity":"","overlay-gradient":""},"tablet":{"background-color":"var(--ast-global-color-5)","background-image":"","background-repeat":"repeat","background-position":"center center","background-size":"auto","background-attachment":"scroll","background-type":"","background-media":"","overlay-type":"","overlay-color":"","overlay-opacity":"","overlay-gradient":""},"mobile":{"background-color":"var(--ast-global-color-5)","background-image":"","background-repeat":"repeat","background-position":"center center","background-size":"auto","background-attachment":"scroll","background-type":"","background-media":"","overlay-type":"","overlay-color":"","overlay-opacity":"","overlay-gradient":""}}},"product_brand":[],"product_cat":[970,725,724,366,957,723,18],"product_tag":[],"class_list":{"0":"post-17399","1":"product","2":"type-product","3":"status-publish","4":"has-post-thumbnail","6":"product_cat-bodreek","7":"product_cat-hrana-za-pse","8":"product_cat-macke","9":"product_cat-priboljski","10":"product_cat-priboljski-za-macke","11":"product_cat-psi","12":"product_cat-vsi-izdelki","13":"desktop-align-center","14":"tablet-align-center","15":"mobile-align-center","17":"first","18":"instock","19":"shipping-taxable","20":"purchasable","21":"product-type-simple"},"acf":[],"yoast_head":"<!-- This site is optimized with the Yoast SEO plugin v27.4 - https:\/\/yoast.com\/product\/yoast-seo-wordpress\/ -->\n<title>NOMAD 100 % mesni trakovi - riba (100g) - Trgovina Pasja Univerza<\/title>\n<meta name=\"description\" content=\"NOMAD 100 % mesni trakovi - riba (100g)\" \/>\n<meta name=\"robots\" content=\"index, follow, max-snippet:-1, max-image-preview:large, max-video-preview:-1\" \/>\n<link rel=\"canonical\" href=\"https:\/\/trgovina.pasjauniverza.si\/en\/product\/nomad-100-mesni-trakovi-riba-100g\/\" \/>\n<meta property=\"og:locale\" content=\"en_US\" \/>\n<meta property=\"og:type\" content=\"article\" \/>\n<meta property=\"og:title\" content=\"NOMAD 100 % mesni trakovi - riba (100g) - Trgovina Pasja Univerza\" \/>\n<meta property=\"og:description\" content=\"NOMAD 100 % mesni trakovi - riba (100g)\" \/>\n<meta property=\"og:url\" content=\"https:\/\/trgovina.pasjauniverza.si\/en\/product\/nomad-100-mesni-trakovi-riba-100g\/\" \/>\n<meta property=\"og:site_name\" content=\"Trgovina Pasja Univerza\" \/>\n<meta property=\"og:image\" content=\"https:\/\/trgovina.pasjauniverza.si\/wp-content\/uploads\/2026\/03\/nomad-riba-trakovi.png\" \/>\n\t<meta property=\"og:image:width\" content=\"2160\" \/>\n\t<meta property=\"og:image:height\" content=\"2160\" \/>\n\t<meta property=\"og:image:type\" content=\"image\/png\" \/>\n<meta name=\"twitter:card\" content=\"summary_large_image\" \/>\n<meta name=\"twitter:label1\" content=\"Est. reading time\" \/>\n\t<meta name=\"twitter:data1\" content=\"1 minute\" \/>\n<script type=\"application\/ld+json\" class=\"yoast-schema-graph\">{\"@context\":\"https:\\\/\\\/schema.org\",\"@graph\":[{\"@type\":\"WebPage\",\"@id\":\"https:\\\/\\\/trgovina.pasjauniverza.si\\\/product\\\/nomad-100-mesni-trakovi-riba-100g\\\/\",\"url\":\"https:\\\/\\\/trgovina.pasjauniverza.si\\\/product\\\/nomad-100-mesni-trakovi-riba-100g\\\/\",\"name\":\"NOMAD 100 % mesni trakovi - riba (100g) - Trgovina Pasja Univerza\",\"isPartOf\":{\"@id\":\"https:\\\/\\\/trgovina.pasjauniverza.si\\\/#website\"},\"primaryImageOfPage\":{\"@id\":\"https:\\\/\\\/trgovina.pasjauniverza.si\\\/product\\\/nomad-100-mesni-trakovi-riba-100g\\\/#primaryimage\"},\"image\":{\"@id\":\"https:\\\/\\\/trgovina.pasjauniverza.si\\\/product\\\/nomad-100-mesni-trakovi-riba-100g\\\/#primaryimage\"},\"thumbnailUrl\":\"https:\\\/\\\/trgovina.pasjauniverza.si\\\/wp-content\\\/uploads\\\/2026\\\/03\\\/nomad-riba-trakovi.png\",\"datePublished\":\"2026-04-01T06:27:45+00:00\",\"description\":\"NOMAD 100 % mesni trakovi - riba (100g)\",\"breadcrumb\":{\"@id\":\"https:\\\/\\\/trgovina.pasjauniverza.si\\\/product\\\/nomad-100-mesni-trakovi-riba-100g\\\/#breadcrumb\"},\"inLanguage\":\"en-US\",\"potentialAction\":[{\"@type\":\"ReadAction\",\"target\":[\"https:\\\/\\\/trgovina.pasjauniverza.si\\\/product\\\/nomad-100-mesni-trakovi-riba-100g\\\/\"]}]},{\"@type\":\"ImageObject\",\"inLanguage\":\"en-US\",\"@id\":\"https:\\\/\\\/trgovina.pasjauniverza.si\\\/product\\\/nomad-100-mesni-trakovi-riba-100g\\\/#primaryimage\",\"url\":\"https:\\\/\\\/trgovina.pasjauniverza.si\\\/wp-content\\\/uploads\\\/2026\\\/03\\\/nomad-riba-trakovi.png\",\"contentUrl\":\"https:\\\/\\\/trgovina.pasjauniverza.si\\\/wp-content\\\/uploads\\\/2026\\\/03\\\/nomad-riba-trakovi.png\",\"width\":2160,\"height\":2160,\"caption\":\"nomad riba trakovi\"},{\"@type\":\"BreadcrumbList\",\"@id\":\"https:\\\/\\\/trgovina.pasjauniverza.si\\\/product\\\/nomad-100-mesni-trakovi-riba-100g\\\/#breadcrumb\",\"itemListElement\":[{\"@type\":\"ListItem\",\"position\":1,\"name\":\"Home\",\"item\":\"https:\\\/\\\/trgovina.pasjauniverza.si\\\/\"},{\"@type\":\"ListItem\",\"position\":2,\"name\":\"Trgovina\",\"item\":\"https:\\\/\\\/trgovina.pasjauniverza.si\\\/trgovina\\\/\"},{\"@type\":\"ListItem\",\"position\":3,\"name\":\"NOMAD 100 % mesni trakovi &#8211; riba (100g)\"}]},{\"@type\":\"WebSite\",\"@id\":\"https:\\\/\\\/trgovina.pasjauniverza.si\\\/#website\",\"url\":\"https:\\\/\\\/trgovina.pasjauniverza.si\\\/\",\"name\":\"Trgovina Pasja Univerza\",\"description\":\"pasja univerza trgovina\",\"publisher\":{\"@id\":\"https:\\\/\\\/trgovina.pasjauniverza.si\\\/#organization\"},\"potentialAction\":[{\"@type\":\"SearchAction\",\"target\":{\"@type\":\"EntryPoint\",\"urlTemplate\":\"https:\\\/\\\/trgovina.pasjauniverza.si\\\/?s={search_term_string}\"},\"query-input\":{\"@type\":\"PropertyValueSpecification\",\"valueRequired\":true,\"valueName\":\"search_term_string\"}}],\"inLanguage\":\"en-US\"},{\"@type\":\"Organization\",\"@id\":\"https:\\\/\\\/trgovina.pasjauniverza.si\\\/#organization\",\"name\":\"Trgovina Pasja Univerza\",\"url\":\"https:\\\/\\\/trgovina.pasjauniverza.si\\\/\",\"logo\":{\"@type\":\"ImageObject\",\"inLanguage\":\"en-US\",\"@id\":\"https:\\\/\\\/trgovina.pasjauniverza.si\\\/#\\\/schema\\\/logo\\\/image\\\/\",\"url\":\"https:\\\/\\\/trgovina.pasjauniverza.si\\\/wp-content\\\/uploads\\\/2024\\\/08\\\/cropped-logotipi-vector-04.png\",\"contentUrl\":\"https:\\\/\\\/trgovina.pasjauniverza.si\\\/wp-content\\\/uploads\\\/2024\\\/08\\\/cropped-logotipi-vector-04.png\",\"width\":942,\"height\":908,\"caption\":\"Trgovina Pasja Univerza\"},\"image\":{\"@id\":\"https:\\\/\\\/trgovina.pasjauniverza.si\\\/#\\\/schema\\\/logo\\\/image\\\/\"}}]}<\/script>\n<!-- \/ Yoast SEO plugin. -->","yoast_head_json":{"title":"NOMAD 100 % mesni trakovi - riba (100g) - Trgovina Pasja Univerza","description":"NOMAD 100 % mesni trakovi - riba (100g)","robots":{"index":"index","follow":"follow","max-snippet":"max-snippet:-1","max-image-preview":"max-image-preview:large","max-video-preview":"max-video-preview:-1"},"canonical":"https:\/\/trgovina.pasjauniverza.si\/en\/product\/nomad-100-mesni-trakovi-riba-100g\/","og_locale":"en_US","og_type":"article","og_title":"NOMAD 100 % mesni trakovi - riba (100g) - Trgovina Pasja Univerza","og_description":"NOMAD 100 % mesni trakovi - riba (100g)","og_url":"https:\/\/trgovina.pasjauniverza.si\/en\/product\/nomad-100-mesni-trakovi-riba-100g\/","og_site_name":"Trgovina Pasja Univerza","og_image":[{"width":2160,"height":2160,"url":"https:\/\/trgovina.pasjauniverza.si\/wp-content\/uploads\/2026\/03\/nomad-riba-trakovi.png","type":"image\/png"}],"twitter_card":"summary_large_image","twitter_misc":{"Est. reading time":"1 minute"},"schema":{"@context":"https:\/\/schema.org","@graph":[{"@type":"WebPage","@id":"https:\/\/trgovina.pasjauniverza.si\/product\/nomad-100-mesni-trakovi-riba-100g\/","url":"https:\/\/trgovina.pasjauniverza.si\/product\/nomad-100-mesni-trakovi-riba-100g\/","name":"NOMAD 100 % mesni trakovi - riba (100g) - Trgovina Pasja Univerza","isPartOf":{"@id":"https:\/\/trgovina.pasjauniverza.si\/#website"},"primaryImageOfPage":{"@id":"https:\/\/trgovina.pasjauniverza.si\/product\/nomad-100-mesni-trakovi-riba-100g\/#primaryimage"},"image":{"@id":"https:\/\/trgovina.pasjauniverza.si\/product\/nomad-100-mesni-trakovi-riba-100g\/#primaryimage"},"thumbnailUrl":"https:\/\/trgovina.pasjauniverza.si\/wp-content\/uploads\/2026\/03\/nomad-riba-trakovi.png","datePublished":"2026-04-01T06:27:45+00:00","description":"NOMAD 100 % mesni trakovi - riba (100g)","breadcrumb":{"@id":"https:\/\/trgovina.pasjauniverza.si\/product\/nomad-100-mesni-trakovi-riba-100g\/#breadcrumb"},"inLanguage":"en-US","potentialAction":[{"@type":"ReadAction","target":["https:\/\/trgovina.pasjauniverza.si\/product\/nomad-100-mesni-trakovi-riba-100g\/"]}]},{"@type":"ImageObject","inLanguage":"en-US","@id":"https:\/\/trgovina.pasjauniverza.si\/product\/nomad-100-mesni-trakovi-riba-100g\/#primaryimage","url":"https:\/\/trgovina.pasjauniverza.si\/wp-content\/uploads\/2026\/03\/nomad-riba-trakovi.png","contentUrl":"https:\/\/trgovina.pasjauniverza.si\/wp-content\/uploads\/2026\/03\/nomad-riba-trakovi.png","width":2160,"height":2160,"caption":"nomad riba trakovi"},{"@type":"BreadcrumbList","@id":"https:\/\/trgovina.pasjauniverza.si\/product\/nomad-100-mesni-trakovi-riba-100g\/#breadcrumb","itemListElement":[{"@type":"ListItem","position":1,"name":"Home","item":"https:\/\/trgovina.pasjauniverza.si\/"},{"@type":"ListItem","position":2,"name":"Trgovina","item":"https:\/\/trgovina.pasjauniverza.si\/trgovina\/"},{"@type":"ListItem","position":3,"name":"NOMAD 100 % mesni trakovi &#8211; riba (100g)"}]},{"@type":"WebSite","@id":"https:\/\/trgovina.pasjauniverza.si\/#website","url":"https:\/\/trgovina.pasjauniverza.si\/","name":"Trgovina Pasja Univerza","description":"pasja univerza trgovina","publisher":{"@id":"https:\/\/trgovina.pasjauniverza.si\/#organization"},"potentialAction":[{"@type":"SearchAction","target":{"@type":"EntryPoint","urlTemplate":"https:\/\/trgovina.pasjauniverza.si\/?s={search_term_string}"},"query-input":{"@type":"PropertyValueSpecification","valueRequired":true,"valueName":"search_term_string"}}],"inLanguage":"en-US"},{"@type":"Organization","@id":"https:\/\/trgovina.pasjauniverza.si\/#organization","name":"Trgovina Pasja Univerza","url":"https:\/\/trgovina.pasjauniverza.si\/","logo":{"@type":"ImageObject","inLanguage":"en-US","@id":"https:\/\/trgovina.pasjauniverza.si\/#\/schema\/logo\/image\/","url":"https:\/\/trgovina.pasjauniverza.si\/wp-content\/uploads\/2024\/08\/cropped-logotipi-vector-04.png","contentUrl":"https:\/\/trgovina.pasjauniverza.si\/wp-content\/uploads\/2024\/08\/cropped-logotipi-vector-04.png","width":942,"height":908,"caption":"Trgovina Pasja Univerza"},"image":{"@id":"https:\/\/trgovina.pasjauniverza.si\/#\/schema\/logo\/image\/"}}]}},"uagb_featured_image_src":{"full":["https:\/\/trgovina.pasjauniverza.si\/wp-content\/uploads\/2026\/03\/nomad-riba-trakovi.png",2160,2160,false],"thumbnail":["https:\/\/trgovina.pasjauniverza.si\/wp-content\/uploads\/2026\/03\/nomad-riba-trakovi-150x150.png",150,150,true],"medium":["https:\/\/trgovina.pasjauniverza.si\/wp-content\/uploads\/2026\/03\/nomad-riba-trakovi-300x300.png",300,300,true],"medium_large":["https:\/\/trgovina.pasjauniverza.si\/wp-content\/uploads\/2026\/03\/nomad-riba-trakovi-768x768.png",768,768,true],"large":["https:\/\/trgovina.pasjauniverza.si\/wp-content\/uploads\/2026\/03\/nomad-riba-trakovi-1024x1024.png",1024,1024,true],"1536x1536":["https:\/\/trgovina.pasjauniverza.si\/wp-content\/uploads\/2026\/03\/nomad-riba-trakovi-1536x1536.png",1536,1536,true],"2048x2048":["https:\/\/trgovina.pasjauniverza.si\/wp-content\/uploads\/2026\/03\/nomad-riba-trakovi-2048x2048.png",2048,2048,true],"trp-custom-language-flag":["https:\/\/trgovina.pasjauniverza.si\/wp-content\/uploads\/2026\/03\/nomad-riba-trakovi-12x12.png",12,12,true],"woocommerce_thumbnail":["https:\/\/trgovina.pasjauniverza.si\/wp-content\/uploads\/2026\/03\/nomad-riba-trakovi-300x300.png",300,300,true],"woocommerce_single":["https:\/\/trgovina.pasjauniverza.si\/wp-content\/uploads\/2026\/03\/nomad-riba-trakovi-600x600.png",600,600,true],"woocommerce_gallery_thumbnail":["https:\/\/trgovina.pasjauniverza.si\/wp-content\/uploads\/2026\/03\/nomad-riba-trakovi-100x100.png",100,100,true]},"uagb_author_info":{"display_name":"Karmen Grubeli\u0107, dr.vet.med.","author_link":"https:\/\/trgovina.pasjauniverza.si\/en\/author\/"},"uagb_comment_info":0,"uagb_excerpt":"Naravni mesni pribolj\u0161ki za pse in ma\u010dke iz 100 % ribjega mesa, brez \u017eit, konzervansov ali umetnih dodatkov. Ne\u017eno su\u0161eni mesni trakovi ohranijo veliko hranil in predstavljajo okusno ter naravno nagrado za va\u0161ega ljubljen\u010dka. 100 % ribje meso \u2013 en vir \u017eivalskih beljakovin naravni su\u0161eni mesni trakovi brez \u017eit, glutena in umetnih dodatkov brez konzervansov,&hellip;","jetpack_sharing_enabled":true,"_links":{"self":[{"href":"https:\/\/trgovina.pasjauniverza.si\/en\/wp-json\/wp\/v2\/product\/17399","targetHints":{"allow":["GET"]}}],"collection":[{"href":"https:\/\/trgovina.pasjauniverza.si\/en\/wp-json\/wp\/v2\/product"}],"about":[{"href":"https:\/\/trgovina.pasjauniverza.si\/en\/wp-json\/wp\/v2\/types\/product"}],"replies":[{"embeddable":true,"href":"https:\/\/trgovina.pasjauniverza.si\/en\/wp-json\/wp\/v2\/comments?post=17399"}],"wp:featuredmedia":[{"embeddable":true,"href":"https:\/\/trgovina.pasjauniverza.si\/en\/wp-json\/wp\/v2\/media\/17400"}],"wp:attachment":[{"href":"https:\/\/trgovina.pasjauniverza.si\/en\/wp-json\/wp\/v2\/media?parent=17399"}],"wp:term":[{"taxonomy":"product_brand","embeddable":true,"href":"https:\/\/trgovina.pasjauniverza.si\/en\/wp-json\/wp\/v2\/product_brand?post=17399"},{"taxonomy":"product_cat","embeddable":true,"href":"https:\/\/trgovina.pasjauniverza.si\/en\/wp-json\/wp\/v2\/product_cat?post=17399"},{"taxonomy":"product_tag","embeddable":true,"href":"https:\/\/trgovina.pasjauniverza.si\/en\/wp-json\/wp\/v2\/product_tag?post=17399"}],"curies":[{"name":"wp","href":"https:\/\/api.w.org\/{rel}","templated":true}]}}