
{"id":17395,"date":"2026-04-01T06:27:45","date_gmt":"2026-04-01T06:27:45","guid":{"rendered":"https:\/\/trgovina.pasjauniverza.si\/?post_type=product&#038;p=17395"},"modified":"2026-04-24T14:04:15","modified_gmt":"2026-04-24T14:04:15","slug":"bodreek-100-mesni-trakovi-fazan-100g","status":"publish","type":"product","link":"https:\/\/trgovina.pasjauniverza.si\/en\/product\/bodreek-100-mesni-trakovi-fazan-100g\/","title":{"rendered":"Bodreek 100 % mesni trakovi &#8211; fazan (100g)"},"content":{"rendered":"<p data-start=\"769\" data-end=\"998\"><strong data-start=\"769\" data-end=\"808\">Bodreek Fazan \u2013 100 % mesni trakovi<\/strong> so naravni pribolj\u0161ki za pse in ma\u010dke, izdelani izklju\u010dno iz su\u0161enega mesa fazana. Meso je su\u0161eno s <strong data-start=\"909\" data-end=\"930\">ne\u017eno tehnologijo<\/strong>, ki pomaga ohraniti naravne hranilne snovi in intenziven okus mesa.<\/p>\n<p data-start=\"1000\" data-end=\"1203\">Zaradi preproste sestave brez dodatkov so pribolj\u0161ki primerni tudi za \u017eivali z ob\u010dutljivim prebavnim sistemom ali za skrbnike, ki \u017eelijo svojemu ljubljen\u010dku ponuditi <strong data-start=\"1166\" data-end=\"1202\">\u010dim bolj naraven mesni prigrizek<\/strong>.<\/p>\n<p data-start=\"1205\" data-end=\"1323\">Mesni trakovi so odli\u010dna izbira kot nagrada med treningom, motivacija pri u\u010denju ali kot manj\u0161i pribolj\u0161ek med obroki.<\/p>\n<hr data-start=\"1325\" data-end=\"1328\" \/>\n<h2 data-section-id=\"1tvbd7m\" data-start=\"1330\" data-end=\"1340\">Sestava<\/h2>\n<p data-start=\"1342\" data-end=\"1368\">su\u0161eno meso fazana (100 %)<\/p>\n<hr data-start=\"1370\" data-end=\"1373\" \/>\n<h2 data-section-id=\"f02sly\" data-start=\"1375\" data-end=\"1396\">Analiti\u010dna sestava<\/h2>\n<ul data-start=\"1398\" data-end=\"1505\">\n<li data-section-id=\"ttv580\" data-start=\"1398\" data-end=\"1432\">\n<p data-start=\"1400\" data-end=\"1432\">surove beljakovine: <strong data-start=\"1420\" data-end=\"1430\">38,8 %<\/strong><\/p>\n<\/li>\n<li data-section-id=\"lkz4g5\" data-start=\"1433\" data-end=\"1463\">\n<p data-start=\"1435\" data-end=\"1463\">surove ma\u0161\u010dobe: <strong data-start=\"1451\" data-end=\"1461\">34,9 %<\/strong><\/p>\n<\/li>\n<li data-section-id=\"11w56ok\" data-start=\"1464\" data-end=\"1485\">\n<p data-start=\"1466\" data-end=\"1485\">vlaga: <strong data-start=\"1473\" data-end=\"1483\">12,1 %<\/strong><\/p>\n<\/li>\n<li data-section-id=\"17kdhpf\" data-start=\"1486\" data-end=\"1505\">\n<p data-start=\"1488\" data-end=\"1505\">pepel: <strong data-start=\"1495\" data-end=\"1505\">14,1 %<\/strong><\/p>\n<\/li>\n<\/ul>\n<hr data-start=\"1507\" data-end=\"1510\" \/>\n<h2 data-section-id=\"1gnttwc\" data-start=\"1512\" data-end=\"1534\">Navodila za uporabo<\/h2>\n<p data-start=\"1536\" data-end=\"1633\">Postrezite kot pribolj\u0161ek ali nagrado. Vedno zagotovite psu ali ma\u010dki dostop do sve\u017ee pitne vode.<\/p>\n<hr data-start=\"1635\" data-end=\"1638\" \/>\n<h2 data-section-id=\"4x6bqy\" data-start=\"1640\" data-end=\"1655\">Shranjevanje<\/h2>\n<p data-start=\"1657\" data-end=\"1750\">Shranjujte v suhem in hladnem prostoru. Po odprtju priporo\u010damo porabo v pribli\u017eno <strong data-start=\"1739\" data-end=\"1749\">7 dneh<\/strong>.<\/p>","protected":false},"excerpt":{"rendered":"<p data-start=\"208\" data-end=\"438\">Naravni mesni pribolj\u0161ki za pse in ma\u010dke iz <strong data-start=\"252\" data-end=\"273\">100 % mesa fazana<\/strong>, brez \u017eit, konzervansov ali umetnih dodatkov. Ne\u017eno su\u0161eni mesni trakovi ohranijo veliko hranil in predstavljajo okusno ter hranljivo nagrado za va\u0161ega ljubljen\u010dka.<\/p>\n<ul data-start=\"440\" data-end=\"746\">\n<li data-section-id=\"iv3q3y\" data-start=\"440\" data-end=\"495\">\n<p data-start=\"442\" data-end=\"495\"><strong data-start=\"442\" data-end=\"463\">100 % meso fazana<\/strong> \u2013 en vir \u017eivalskih beljakovin<\/p>\n<\/li>\n<li data-section-id=\"fle4qo\" data-start=\"496\" data-end=\"528\">\n<p data-start=\"498\" data-end=\"528\">naravni su\u0161eni mesni trakovi<\/p>\n<\/li>\n<li data-section-id=\"pryun5\" data-start=\"529\" data-end=\"574\">\n<p data-start=\"531\" data-end=\"574\"><strong data-start=\"531\" data-end=\"572\">brez \u017eit, glutena in umetnih dodatkov<\/strong><\/p>\n<\/li>\n<li data-section-id=\"1b7zuse\" data-start=\"575\" data-end=\"625\">\n<p data-start=\"577\" data-end=\"625\">brez konzervansov, barvil in oja\u010devalcev okusa<\/p>\n<\/li>\n<li data-section-id=\"1k51y7y\" data-start=\"626\" data-end=\"683\">\n<p data-start=\"628\" data-end=\"683\">primerno kot <strong data-start=\"641\" data-end=\"681\">nagrada ali pribolj\u0161ek med treningom<\/strong><\/p>\n<\/li>\n<li data-section-id=\"gbbnfy\" data-start=\"684\" data-end=\"746\">\n<p data-start=\"686\" data-end=\"746\">primerno za <strong data-start=\"698\" data-end=\"746\">pse vseh pasem in starosti ter tudi za ma\u010dke<\/strong><\/p>\n<\/li>\n<\/ul>","protected":false},"featured_media":17396,"comment_status":"open","ping_status":"closed","template":"","meta":{"_acf_changed":false,"_uag_custom_page_level_css":"","site-sidebar-layout":"default","site-content-layout":"","ast-site-content-layout":"default","site-content-style":"default","site-sidebar-style":"default","ast-global-header-display":"","ast-banner-title-visibility":"","ast-main-header-display":"","ast-hfb-above-header-display":"","ast-hfb-below-header-display":"","ast-hfb-mobile-header-display":"","site-post-title":"","ast-breadcrumbs-content":"","ast-featured-img":"","footer-sml-layout":"","ast-disable-related-posts":"","theme-transparent-header-meta":"default","adv-header-id-meta":"","stick-header-meta":"","header-above-stick-meta":"","header-main-stick-meta":"","header-below-stick-meta":"","astra-migrate-meta-layouts":"set","ast-page-background-enabled":"default","ast-page-background-meta":{"desktop":{"background-color":"","background-image":"","background-repeat":"repeat","background-position":"center center","background-size":"auto","background-attachment":"scroll","background-type":"","background-media":"","overlay-type":"","overlay-color":"","overlay-opacity":"","overlay-gradient":""},"tablet":{"background-color":"","background-image":"","background-repeat":"repeat","background-position":"center center","background-size":"auto","background-attachment":"scroll","background-type":"","background-media":"","overlay-type":"","overlay-color":"","overlay-opacity":"","overlay-gradient":""},"mobile":{"background-color":"","background-image":"","background-repeat":"repeat","background-position":"center center","background-size":"auto","background-attachment":"scroll","background-type":"","background-media":"","overlay-type":"","overlay-color":"","overlay-opacity":"","overlay-gradient":""}},"ast-content-background-meta":{"desktop":{"background-color":"var(--ast-global-color-5)","background-image":"","background-repeat":"repeat","background-position":"center center","background-size":"auto","background-attachment":"scroll","background-type":"","background-media":"","overlay-type":"","overlay-color":"","overlay-opacity":"","overlay-gradient":""},"tablet":{"background-color":"var(--ast-global-color-5)","background-image":"","background-repeat":"repeat","background-position":"center center","background-size":"auto","background-attachment":"scroll","background-type":"","background-media":"","overlay-type":"","overlay-color":"","overlay-opacity":"","overlay-gradient":""},"mobile":{"background-color":"var(--ast-global-color-5)","background-image":"","background-repeat":"repeat","background-position":"center center","background-size":"auto","background-attachment":"scroll","background-type":"","background-media":"","overlay-type":"","overlay-color":"","overlay-opacity":"","overlay-gradient":""}}},"product_brand":[],"product_cat":[970,725,724,366,957,723,18],"product_tag":[],"class_list":{"0":"post-17395","1":"product","2":"type-product","3":"status-publish","4":"has-post-thumbnail","6":"product_cat-bodreek","7":"product_cat-hrana-za-pse","8":"product_cat-macke","9":"product_cat-priboljski","10":"product_cat-priboljski-za-macke","11":"product_cat-psi","12":"product_cat-vsi-izdelki","13":"desktop-align-center","14":"tablet-align-center","15":"mobile-align-center","17":"first","18":"instock","19":"shipping-taxable","20":"purchasable","21":"product-type-simple"},"acf":[],"yoast_head":"<!-- This site is optimized with the Yoast SEO plugin v27.4 - https:\/\/yoast.com\/product\/yoast-seo-wordpress\/ -->\n<title>Bodreek 100 % mesni trakovi - fazan (100g) - Trgovina Pasja Univerza<\/title>\n<meta name=\"description\" content=\"Bodreek 100 % mesni trakovi - fazan (100g)\" \/>\n<meta name=\"robots\" content=\"index, follow, max-snippet:-1, max-image-preview:large, max-video-preview:-1\" \/>\n<link rel=\"canonical\" href=\"https:\/\/trgovina.pasjauniverza.si\/en\/product\/bodreek-100-mesni-trakovi-fazan-100g\/\" \/>\n<meta property=\"og:locale\" content=\"en_US\" \/>\n<meta property=\"og:type\" content=\"article\" \/>\n<meta property=\"og:title\" content=\"Bodreek 100 % mesni trakovi - fazan (100g) - Trgovina Pasja Univerza\" \/>\n<meta property=\"og:description\" content=\"Bodreek 100 % mesni trakovi - fazan (100g)\" \/>\n<meta property=\"og:url\" content=\"https:\/\/trgovina.pasjauniverza.si\/en\/product\/bodreek-100-mesni-trakovi-fazan-100g\/\" \/>\n<meta property=\"og:site_name\" content=\"Trgovina Pasja Univerza\" \/>\n<meta property=\"article:modified_time\" content=\"2026-04-24T14:04:15+00:00\" \/>\n<meta property=\"og:image\" content=\"https:\/\/trgovina.pasjauniverza.si\/wp-content\/uploads\/2026\/03\/bodreek-fazan.png\" \/>\n\t<meta property=\"og:image:width\" content=\"2160\" \/>\n\t<meta property=\"og:image:height\" content=\"2160\" \/>\n\t<meta property=\"og:image:type\" content=\"image\/png\" \/>\n<meta name=\"twitter:card\" content=\"summary_large_image\" \/>\n<meta name=\"twitter:label1\" content=\"Est. reading time\" \/>\n\t<meta name=\"twitter:data1\" content=\"1 minute\" \/>\n<script type=\"application\/ld+json\" class=\"yoast-schema-graph\">{\"@context\":\"https:\\\/\\\/schema.org\",\"@graph\":[{\"@type\":\"WebPage\",\"@id\":\"https:\\\/\\\/trgovina.pasjauniverza.si\\\/product\\\/bodreek-100-mesni-trakovi-fazan-100g\\\/\",\"url\":\"https:\\\/\\\/trgovina.pasjauniverza.si\\\/product\\\/bodreek-100-mesni-trakovi-fazan-100g\\\/\",\"name\":\"Bodreek 100 % mesni trakovi - fazan (100g) - Trgovina Pasja Univerza\",\"isPartOf\":{\"@id\":\"https:\\\/\\\/trgovina.pasjauniverza.si\\\/#website\"},\"primaryImageOfPage\":{\"@id\":\"https:\\\/\\\/trgovina.pasjauniverza.si\\\/product\\\/bodreek-100-mesni-trakovi-fazan-100g\\\/#primaryimage\"},\"image\":{\"@id\":\"https:\\\/\\\/trgovina.pasjauniverza.si\\\/product\\\/bodreek-100-mesni-trakovi-fazan-100g\\\/#primaryimage\"},\"thumbnailUrl\":\"https:\\\/\\\/trgovina.pasjauniverza.si\\\/wp-content\\\/uploads\\\/2026\\\/03\\\/bodreek-fazan.png\",\"datePublished\":\"2026-04-01T06:27:45+00:00\",\"dateModified\":\"2026-04-24T14:04:15+00:00\",\"description\":\"Bodreek 100 % mesni trakovi - fazan (100g)\",\"breadcrumb\":{\"@id\":\"https:\\\/\\\/trgovina.pasjauniverza.si\\\/product\\\/bodreek-100-mesni-trakovi-fazan-100g\\\/#breadcrumb\"},\"inLanguage\":\"en-US\",\"potentialAction\":[{\"@type\":\"ReadAction\",\"target\":[\"https:\\\/\\\/trgovina.pasjauniverza.si\\\/product\\\/bodreek-100-mesni-trakovi-fazan-100g\\\/\"]}]},{\"@type\":\"ImageObject\",\"inLanguage\":\"en-US\",\"@id\":\"https:\\\/\\\/trgovina.pasjauniverza.si\\\/product\\\/bodreek-100-mesni-trakovi-fazan-100g\\\/#primaryimage\",\"url\":\"https:\\\/\\\/trgovina.pasjauniverza.si\\\/wp-content\\\/uploads\\\/2026\\\/03\\\/bodreek-fazan.png\",\"contentUrl\":\"https:\\\/\\\/trgovina.pasjauniverza.si\\\/wp-content\\\/uploads\\\/2026\\\/03\\\/bodreek-fazan.png\",\"width\":2160,\"height\":2160,\"caption\":\"bodreek fazan\"},{\"@type\":\"BreadcrumbList\",\"@id\":\"https:\\\/\\\/trgovina.pasjauniverza.si\\\/product\\\/bodreek-100-mesni-trakovi-fazan-100g\\\/#breadcrumb\",\"itemListElement\":[{\"@type\":\"ListItem\",\"position\":1,\"name\":\"Home\",\"item\":\"https:\\\/\\\/trgovina.pasjauniverza.si\\\/\"},{\"@type\":\"ListItem\",\"position\":2,\"name\":\"Trgovina\",\"item\":\"https:\\\/\\\/trgovina.pasjauniverza.si\\\/trgovina\\\/\"},{\"@type\":\"ListItem\",\"position\":3,\"name\":\"Bodreek 100 % mesni trakovi &#8211; fazan (100g)\"}]},{\"@type\":\"WebSite\",\"@id\":\"https:\\\/\\\/trgovina.pasjauniverza.si\\\/#website\",\"url\":\"https:\\\/\\\/trgovina.pasjauniverza.si\\\/\",\"name\":\"Trgovina Pasja Univerza\",\"description\":\"pasja univerza trgovina\",\"publisher\":{\"@id\":\"https:\\\/\\\/trgovina.pasjauniverza.si\\\/#organization\"},\"potentialAction\":[{\"@type\":\"SearchAction\",\"target\":{\"@type\":\"EntryPoint\",\"urlTemplate\":\"https:\\\/\\\/trgovina.pasjauniverza.si\\\/?s={search_term_string}\"},\"query-input\":{\"@type\":\"PropertyValueSpecification\",\"valueRequired\":true,\"valueName\":\"search_term_string\"}}],\"inLanguage\":\"en-US\"},{\"@type\":\"Organization\",\"@id\":\"https:\\\/\\\/trgovina.pasjauniverza.si\\\/#organization\",\"name\":\"Trgovina Pasja Univerza\",\"url\":\"https:\\\/\\\/trgovina.pasjauniverza.si\\\/\",\"logo\":{\"@type\":\"ImageObject\",\"inLanguage\":\"en-US\",\"@id\":\"https:\\\/\\\/trgovina.pasjauniverza.si\\\/#\\\/schema\\\/logo\\\/image\\\/\",\"url\":\"https:\\\/\\\/trgovina.pasjauniverza.si\\\/wp-content\\\/uploads\\\/2024\\\/08\\\/cropped-logotipi-vector-04.png\",\"contentUrl\":\"https:\\\/\\\/trgovina.pasjauniverza.si\\\/wp-content\\\/uploads\\\/2024\\\/08\\\/cropped-logotipi-vector-04.png\",\"width\":942,\"height\":908,\"caption\":\"Trgovina Pasja Univerza\"},\"image\":{\"@id\":\"https:\\\/\\\/trgovina.pasjauniverza.si\\\/#\\\/schema\\\/logo\\\/image\\\/\"}}]}<\/script>\n<!-- \/ Yoast SEO plugin. -->","yoast_head_json":{"title":"Bodreek 100 % mesni trakovi - fazan (100g) - Trgovina Pasja Univerza","description":"Bodreek 100 % mesni trakovi - fazan (100g)","robots":{"index":"index","follow":"follow","max-snippet":"max-snippet:-1","max-image-preview":"max-image-preview:large","max-video-preview":"max-video-preview:-1"},"canonical":"https:\/\/trgovina.pasjauniverza.si\/en\/product\/bodreek-100-mesni-trakovi-fazan-100g\/","og_locale":"en_US","og_type":"article","og_title":"Bodreek 100 % mesni trakovi - fazan (100g) - Trgovina Pasja Univerza","og_description":"Bodreek 100 % mesni trakovi - fazan (100g)","og_url":"https:\/\/trgovina.pasjauniverza.si\/en\/product\/bodreek-100-mesni-trakovi-fazan-100g\/","og_site_name":"Trgovina Pasja Univerza","article_modified_time":"2026-04-24T14:04:15+00:00","og_image":[{"width":2160,"height":2160,"url":"https:\/\/trgovina.pasjauniverza.si\/wp-content\/uploads\/2026\/03\/bodreek-fazan.png","type":"image\/png"}],"twitter_card":"summary_large_image","twitter_misc":{"Est. reading time":"1 minute"},"schema":{"@context":"https:\/\/schema.org","@graph":[{"@type":"WebPage","@id":"https:\/\/trgovina.pasjauniverza.si\/product\/bodreek-100-mesni-trakovi-fazan-100g\/","url":"https:\/\/trgovina.pasjauniverza.si\/product\/bodreek-100-mesni-trakovi-fazan-100g\/","name":"Bodreek 100 % mesni trakovi - fazan (100g) - Trgovina Pasja Univerza","isPartOf":{"@id":"https:\/\/trgovina.pasjauniverza.si\/#website"},"primaryImageOfPage":{"@id":"https:\/\/trgovina.pasjauniverza.si\/product\/bodreek-100-mesni-trakovi-fazan-100g\/#primaryimage"},"image":{"@id":"https:\/\/trgovina.pasjauniverza.si\/product\/bodreek-100-mesni-trakovi-fazan-100g\/#primaryimage"},"thumbnailUrl":"https:\/\/trgovina.pasjauniverza.si\/wp-content\/uploads\/2026\/03\/bodreek-fazan.png","datePublished":"2026-04-01T06:27:45+00:00","dateModified":"2026-04-24T14:04:15+00:00","description":"Bodreek 100 % mesni trakovi - fazan (100g)","breadcrumb":{"@id":"https:\/\/trgovina.pasjauniverza.si\/product\/bodreek-100-mesni-trakovi-fazan-100g\/#breadcrumb"},"inLanguage":"en-US","potentialAction":[{"@type":"ReadAction","target":["https:\/\/trgovina.pasjauniverza.si\/product\/bodreek-100-mesni-trakovi-fazan-100g\/"]}]},{"@type":"ImageObject","inLanguage":"en-US","@id":"https:\/\/trgovina.pasjauniverza.si\/product\/bodreek-100-mesni-trakovi-fazan-100g\/#primaryimage","url":"https:\/\/trgovina.pasjauniverza.si\/wp-content\/uploads\/2026\/03\/bodreek-fazan.png","contentUrl":"https:\/\/trgovina.pasjauniverza.si\/wp-content\/uploads\/2026\/03\/bodreek-fazan.png","width":2160,"height":2160,"caption":"bodreek fazan"},{"@type":"BreadcrumbList","@id":"https:\/\/trgovina.pasjauniverza.si\/product\/bodreek-100-mesni-trakovi-fazan-100g\/#breadcrumb","itemListElement":[{"@type":"ListItem","position":1,"name":"Home","item":"https:\/\/trgovina.pasjauniverza.si\/"},{"@type":"ListItem","position":2,"name":"Trgovina","item":"https:\/\/trgovina.pasjauniverza.si\/trgovina\/"},{"@type":"ListItem","position":3,"name":"Bodreek 100 % mesni trakovi &#8211; fazan (100g)"}]},{"@type":"WebSite","@id":"https:\/\/trgovina.pasjauniverza.si\/#website","url":"https:\/\/trgovina.pasjauniverza.si\/","name":"Trgovina Pasja Univerza","description":"pasja univerza trgovina","publisher":{"@id":"https:\/\/trgovina.pasjauniverza.si\/#organization"},"potentialAction":[{"@type":"SearchAction","target":{"@type":"EntryPoint","urlTemplate":"https:\/\/trgovina.pasjauniverza.si\/?s={search_term_string}"},"query-input":{"@type":"PropertyValueSpecification","valueRequired":true,"valueName":"search_term_string"}}],"inLanguage":"en-US"},{"@type":"Organization","@id":"https:\/\/trgovina.pasjauniverza.si\/#organization","name":"Trgovina Pasja Univerza","url":"https:\/\/trgovina.pasjauniverza.si\/","logo":{"@type":"ImageObject","inLanguage":"en-US","@id":"https:\/\/trgovina.pasjauniverza.si\/#\/schema\/logo\/image\/","url":"https:\/\/trgovina.pasjauniverza.si\/wp-content\/uploads\/2024\/08\/cropped-logotipi-vector-04.png","contentUrl":"https:\/\/trgovina.pasjauniverza.si\/wp-content\/uploads\/2024\/08\/cropped-logotipi-vector-04.png","width":942,"height":908,"caption":"Trgovina Pasja Univerza"},"image":{"@id":"https:\/\/trgovina.pasjauniverza.si\/#\/schema\/logo\/image\/"}}]}},"uagb_featured_image_src":{"full":["https:\/\/trgovina.pasjauniverza.si\/wp-content\/uploads\/2026\/03\/bodreek-fazan.png",2160,2160,false],"thumbnail":["https:\/\/trgovina.pasjauniverza.si\/wp-content\/uploads\/2026\/03\/bodreek-fazan-150x150.png",150,150,true],"medium":["https:\/\/trgovina.pasjauniverza.si\/wp-content\/uploads\/2026\/03\/bodreek-fazan-300x300.png",300,300,true],"medium_large":["https:\/\/trgovina.pasjauniverza.si\/wp-content\/uploads\/2026\/03\/bodreek-fazan-768x768.png",768,768,true],"large":["https:\/\/trgovina.pasjauniverza.si\/wp-content\/uploads\/2026\/03\/bodreek-fazan-1024x1024.png",1024,1024,true],"1536x1536":["https:\/\/trgovina.pasjauniverza.si\/wp-content\/uploads\/2026\/03\/bodreek-fazan-1536x1536.png",1536,1536,true],"2048x2048":["https:\/\/trgovina.pasjauniverza.si\/wp-content\/uploads\/2026\/03\/bodreek-fazan-2048x2048.png",2048,2048,true],"trp-custom-language-flag":["https:\/\/trgovina.pasjauniverza.si\/wp-content\/uploads\/2026\/03\/bodreek-fazan-12x12.png",12,12,true],"woocommerce_thumbnail":["https:\/\/trgovina.pasjauniverza.si\/wp-content\/uploads\/2026\/03\/bodreek-fazan-300x300.png",300,300,true],"woocommerce_single":["https:\/\/trgovina.pasjauniverza.si\/wp-content\/uploads\/2026\/03\/bodreek-fazan-600x600.png",600,600,true],"woocommerce_gallery_thumbnail":["https:\/\/trgovina.pasjauniverza.si\/wp-content\/uploads\/2026\/03\/bodreek-fazan-100x100.png",100,100,true]},"uagb_author_info":{"display_name":"Karmen Grubeli\u0107, dr.vet.med.","author_link":"https:\/\/trgovina.pasjauniverza.si\/en\/author\/"},"uagb_comment_info":0,"uagb_excerpt":"Naravni mesni pribolj\u0161ki za pse in ma\u010dke iz 100 % mesa fazana, brez \u017eit, konzervansov ali umetnih dodatkov. Ne\u017eno su\u0161eni mesni trakovi ohranijo veliko hranil in predstavljajo okusno ter hranljivo nagrado za va\u0161ega ljubljen\u010dka. 100 % meso fazana \u2013 en vir \u017eivalskih beljakovin naravni su\u0161eni mesni trakovi brez \u017eit, glutena in umetnih dodatkov brez konzervansov,&hellip;","jetpack_sharing_enabled":true,"_links":{"self":[{"href":"https:\/\/trgovina.pasjauniverza.si\/en\/wp-json\/wp\/v2\/product\/17395","targetHints":{"allow":["GET"]}}],"collection":[{"href":"https:\/\/trgovina.pasjauniverza.si\/en\/wp-json\/wp\/v2\/product"}],"about":[{"href":"https:\/\/trgovina.pasjauniverza.si\/en\/wp-json\/wp\/v2\/types\/product"}],"replies":[{"embeddable":true,"href":"https:\/\/trgovina.pasjauniverza.si\/en\/wp-json\/wp\/v2\/comments?post=17395"}],"wp:featuredmedia":[{"embeddable":true,"href":"https:\/\/trgovina.pasjauniverza.si\/en\/wp-json\/wp\/v2\/media\/17396"}],"wp:attachment":[{"href":"https:\/\/trgovina.pasjauniverza.si\/en\/wp-json\/wp\/v2\/media?parent=17395"}],"wp:term":[{"taxonomy":"product_brand","embeddable":true,"href":"https:\/\/trgovina.pasjauniverza.si\/en\/wp-json\/wp\/v2\/product_brand?post=17395"},{"taxonomy":"product_cat","embeddable":true,"href":"https:\/\/trgovina.pasjauniverza.si\/en\/wp-json\/wp\/v2\/product_cat?post=17395"},{"taxonomy":"product_tag","embeddable":true,"href":"https:\/\/trgovina.pasjauniverza.si\/en\/wp-json\/wp\/v2\/product_tag?post=17395"}],"curies":[{"name":"wp","href":"https:\/\/api.w.org\/{rel}","templated":true}]}}