
{"id":17393,"date":"2026-04-01T06:27:45","date_gmt":"2026-04-01T06:27:45","guid":{"rendered":"https:\/\/trgovina.pasjauniverza.si\/?post_type=product&#038;p=17393"},"modified":"2026-04-01T06:27:45","modified_gmt":"2026-04-01T06:27:45","slug":"bodreek-100-mesni-trakovi-koza-100g","status":"publish","type":"product","link":"https:\/\/trgovina.pasjauniverza.si\/en\/product\/bodreek-100-mesni-trakovi-koza-100g\/","title":{"rendered":"Bodreek 100 % mesni trakovi &#8211; koza (100g)"},"content":{"rendered":"<p data-start=\"771\" data-end=\"1033\"><strong data-start=\"771\" data-end=\"809\">Bodreek Koza \u2013 100 % mesni trakovi<\/strong> so naravni pribolj\u0161ki za pse in ma\u010dke, izdelani izklju\u010dno iz su\u0161enega kozjega mesa. Meso je su\u0161eno s <strong data-start=\"911\" data-end=\"932\">ne\u017eno tehnologijo<\/strong>, ki pomaga ohraniti visok dele\u017e hranil in naravni okus mesa.<\/p>\n<p data-start=\"1035\" data-end=\"1248\">Enostavna sestava brez dodatkov omogo\u010da, da so ti pribolj\u0161ki primerni tudi za \u017eivali z ob\u010dutljivim prebavnim sistemom ali za skrbnike, ki \u017eelijo ponuditi svojemu ljubljen\u010dku <strong data-start=\"1209\" data-end=\"1245\">\u010dim bolj naraven mesni prigrizek<\/strong>.<\/p>\n<p data-start=\"1250\" data-end=\"1365\">Mesni trakovi so odli\u010dni kot nagrada med treningom, kot motivacija pri u\u010denju ali kot majhen pribolj\u0161ek med obroki.<\/p>\n<hr data-start=\"1367\" data-end=\"1370\" \/>\n<h2 data-section-id=\"1tvbd7m\" data-start=\"1372\" data-end=\"1382\">Sestava<\/h2>\n<p data-start=\"1384\" data-end=\"1449\">su\u0161eno kozje meso (100 %)<\/p>\n<hr data-start=\"1451\" data-end=\"1454\" \/>\n<h2 data-section-id=\"f02sly\" data-start=\"1456\" data-end=\"1477\">Analiti\u010dna sestava<\/h2>\n<ul data-start=\"1479\" data-end=\"1624\">\n<li data-section-id=\"163bk2a\" data-start=\"1479\" data-end=\"1513\">\n<p data-start=\"1481\" data-end=\"1513\">surove beljakovine: <strong data-start=\"1501\" data-end=\"1511\">61,6 %<\/strong><\/p>\n<\/li>\n<li data-section-id=\"rya6n\" data-start=\"1514\" data-end=\"1544\">\n<p data-start=\"1516\" data-end=\"1544\">surove ma\u0161\u010dobe: <strong data-start=\"1532\" data-end=\"1542\">11,4 %<\/strong><\/p>\n<\/li>\n<li data-section-id=\"ne7uuu\" data-start=\"1545\" data-end=\"1565\">\n<p data-start=\"1547\" data-end=\"1565\">pepel: <strong data-start=\"1554\" data-end=\"1563\">7,6 %<\/strong><\/p>\n<\/li>\n<li data-section-id=\"ugh673\" data-start=\"1566\" data-end=\"1624\">\n<p data-start=\"1568\" data-end=\"1624\">vlaga: <strong data-start=\"1575\" data-end=\"1584\">7,3 %<\/strong><\/p>\n<\/li>\n<\/ul>\n<hr data-start=\"1626\" data-end=\"1629\" \/>\n<h2 data-section-id=\"1gnttwc\" data-start=\"1631\" data-end=\"1653\">Navodila za uporabo<\/h2>\n<p data-start=\"1655\" data-end=\"1792\">Postrezite kot pribolj\u0161ek ali nagrado. Vedno zagotovite psu ali ma\u010dki dostop do sve\u017ee pitne vode.<\/p>\n<hr data-start=\"1794\" data-end=\"1797\" \/>\n<h2 data-section-id=\"4x6bqy\" data-start=\"1799\" data-end=\"1814\">Shranjevanje<\/h2>\n<p data-start=\"1816\" data-end=\"1949\">Shranjujte v suhem in hladnem prostoru. Po odprtju priporo\u010damo porabo v pribli\u017eno <strong data-start=\"1898\" data-end=\"1908\">7 dneh<\/strong>.<\/p>","protected":false},"excerpt":{"rendered":"<p data-start=\"121\" data-end=\"318\">Naravni mesni pribolj\u0161ki za pse iz <strong data-start=\"156\" data-end=\"178\">100 % gosjega mesa<\/strong>, brez dodanih \u017eit, konzervansov ali umetnih dodatkov. Su\u0161eni mesni trakovi so okusna in hranljiva nagrada, primerna tudi za ob\u010dutljive pse.<\/p>\n<ul data-start=\"320\" data-end=\"598\">\n<li data-section-id=\"ptdg89\" data-start=\"320\" data-end=\"374\">\n<p data-start=\"322\" data-end=\"374\"><strong data-start=\"322\" data-end=\"342\">100 % gosje meso<\/strong> \u2013 en vir \u017eivalskih beljakovin<\/p>\n<\/li>\n<li data-section-id=\"fle4qo\" data-start=\"375\" data-end=\"407\">\n<p data-start=\"377\" data-end=\"407\">naravni su\u0161eni mesni trakovi<\/p>\n<\/li>\n<li data-section-id=\"pryun5\" data-start=\"408\" data-end=\"453\">\n<p data-start=\"410\" data-end=\"453\"><strong data-start=\"410\" data-end=\"451\">brez \u017eit, glutena in umetnih dodatkov<\/strong><\/p>\n<\/li>\n<li data-section-id=\"z9cno6\" data-start=\"454\" data-end=\"485\">\n<p data-start=\"456\" data-end=\"485\">brez konzervansov in barvil<\/p>\n<\/li>\n<li data-section-id=\"1k51y7y\" data-start=\"486\" data-end=\"543\">\n<p data-start=\"488\" data-end=\"543\">primerno kot <strong data-start=\"501\" data-end=\"541\">nagrada ali pribolj\u0161ek med treningom<\/strong><\/p>\n<\/li>\n<li data-section-id=\"13fu1yf\" data-start=\"544\" data-end=\"598\">\n<p data-start=\"546\" data-end=\"598\">naraven in zelo okusen prigrizek za pse vseh pasem<\/p>\n<\/li>\n<\/ul>","protected":false},"featured_media":17394,"comment_status":"open","ping_status":"closed","template":"","meta":{"_acf_changed":false,"_uag_custom_page_level_css":"","site-sidebar-layout":"default","site-content-layout":"","ast-site-content-layout":"default","site-content-style":"default","site-sidebar-style":"default","ast-global-header-display":"","ast-banner-title-visibility":"","ast-main-header-display":"","ast-hfb-above-header-display":"","ast-hfb-below-header-display":"","ast-hfb-mobile-header-display":"","site-post-title":"","ast-breadcrumbs-content":"","ast-featured-img":"","footer-sml-layout":"","ast-disable-related-posts":"","theme-transparent-header-meta":"default","adv-header-id-meta":"","stick-header-meta":"","header-above-stick-meta":"","header-main-stick-meta":"","header-below-stick-meta":"","astra-migrate-meta-layouts":"set","ast-page-background-enabled":"default","ast-page-background-meta":{"desktop":{"background-color":"","background-image":"","background-repeat":"repeat","background-position":"center center","background-size":"auto","background-attachment":"scroll","background-type":"","background-media":"","overlay-type":"","overlay-color":"","overlay-opacity":"","overlay-gradient":""},"tablet":{"background-color":"","background-image":"","background-repeat":"repeat","background-position":"center center","background-size":"auto","background-attachment":"scroll","background-type":"","background-media":"","overlay-type":"","overlay-color":"","overlay-opacity":"","overlay-gradient":""},"mobile":{"background-color":"","background-image":"","background-repeat":"repeat","background-position":"center center","background-size":"auto","background-attachment":"scroll","background-type":"","background-media":"","overlay-type":"","overlay-color":"","overlay-opacity":"","overlay-gradient":""}},"ast-content-background-meta":{"desktop":{"background-color":"var(--ast-global-color-5)","background-image":"","background-repeat":"repeat","background-position":"center center","background-size":"auto","background-attachment":"scroll","background-type":"","background-media":"","overlay-type":"","overlay-color":"","overlay-opacity":"","overlay-gradient":""},"tablet":{"background-color":"var(--ast-global-color-5)","background-image":"","background-repeat":"repeat","background-position":"center center","background-size":"auto","background-attachment":"scroll","background-type":"","background-media":"","overlay-type":"","overlay-color":"","overlay-opacity":"","overlay-gradient":""},"mobile":{"background-color":"var(--ast-global-color-5)","background-image":"","background-repeat":"repeat","background-position":"center center","background-size":"auto","background-attachment":"scroll","background-type":"","background-media":"","overlay-type":"","overlay-color":"","overlay-opacity":"","overlay-gradient":""}}},"product_brand":[],"product_cat":[970,725,724,366,957,723,18],"product_tag":[],"class_list":{"0":"post-17393","1":"product","2":"type-product","3":"status-publish","4":"has-post-thumbnail","6":"product_cat-bodreek","7":"product_cat-hrana-za-pse","8":"product_cat-macke","9":"product_cat-priboljski","10":"product_cat-priboljski-za-macke","11":"product_cat-psi","12":"product_cat-vsi-izdelki","13":"desktop-align-center","14":"tablet-align-center","15":"mobile-align-center","17":"first","18":"instock","19":"shipping-taxable","20":"purchasable","21":"product-type-simple"},"acf":[],"yoast_head":"<!-- This site is optimized with the Yoast SEO plugin v27.4 - https:\/\/yoast.com\/product\/yoast-seo-wordpress\/ -->\n<title>Bodreek 100 % mesni trakovi - koza (100g) - Trgovina Pasja Univerza<\/title>\n<meta name=\"description\" content=\"Bodreek 100 % mesni trakovi - koza (100g)\" \/>\n<meta name=\"robots\" content=\"index, follow, max-snippet:-1, max-image-preview:large, max-video-preview:-1\" \/>\n<link rel=\"canonical\" href=\"https:\/\/trgovina.pasjauniverza.si\/en\/product\/bodreek-100-mesni-trakovi-koza-100g\/\" \/>\n<meta property=\"og:locale\" content=\"en_US\" \/>\n<meta property=\"og:type\" content=\"article\" \/>\n<meta property=\"og:title\" content=\"Bodreek 100 % mesni trakovi - koza (100g) - Trgovina Pasja Univerza\" \/>\n<meta property=\"og:description\" content=\"Bodreek 100 % mesni trakovi - koza (100g)\" \/>\n<meta property=\"og:url\" content=\"https:\/\/trgovina.pasjauniverza.si\/en\/product\/bodreek-100-mesni-trakovi-koza-100g\/\" \/>\n<meta property=\"og:site_name\" content=\"Trgovina Pasja Univerza\" \/>\n<meta property=\"og:image\" content=\"https:\/\/trgovina.pasjauniverza.si\/wp-content\/uploads\/2026\/03\/bodreek-koza-1024x1024.png\" \/>\n\t<meta property=\"og:image:width\" content=\"1024\" \/>\n\t<meta property=\"og:image:height\" content=\"1024\" \/>\n\t<meta property=\"og:image:type\" content=\"image\/png\" \/>\n<meta name=\"twitter:card\" content=\"summary_large_image\" \/>\n<meta name=\"twitter:label1\" content=\"Est. reading time\" \/>\n\t<meta name=\"twitter:data1\" content=\"1 minute\" \/>\n<script type=\"application\/ld+json\" class=\"yoast-schema-graph\">{\"@context\":\"https:\\\/\\\/schema.org\",\"@graph\":[{\"@type\":\"WebPage\",\"@id\":\"https:\\\/\\\/trgovina.pasjauniverza.si\\\/product\\\/bodreek-100-mesni-trakovi-koza-100g\\\/\",\"url\":\"https:\\\/\\\/trgovina.pasjauniverza.si\\\/product\\\/bodreek-100-mesni-trakovi-koza-100g\\\/\",\"name\":\"Bodreek 100 % mesni trakovi - koza (100g) - Trgovina Pasja Univerza\",\"isPartOf\":{\"@id\":\"https:\\\/\\\/trgovina.pasjauniverza.si\\\/#website\"},\"primaryImageOfPage\":{\"@id\":\"https:\\\/\\\/trgovina.pasjauniverza.si\\\/product\\\/bodreek-100-mesni-trakovi-koza-100g\\\/#primaryimage\"},\"image\":{\"@id\":\"https:\\\/\\\/trgovina.pasjauniverza.si\\\/product\\\/bodreek-100-mesni-trakovi-koza-100g\\\/#primaryimage\"},\"thumbnailUrl\":\"https:\\\/\\\/trgovina.pasjauniverza.si\\\/wp-content\\\/uploads\\\/2026\\\/03\\\/bodreek-koza.png\",\"datePublished\":\"2026-04-01T06:27:45+00:00\",\"description\":\"Bodreek 100 % mesni trakovi - koza (100g)\",\"breadcrumb\":{\"@id\":\"https:\\\/\\\/trgovina.pasjauniverza.si\\\/product\\\/bodreek-100-mesni-trakovi-koza-100g\\\/#breadcrumb\"},\"inLanguage\":\"en-US\",\"potentialAction\":[{\"@type\":\"ReadAction\",\"target\":[\"https:\\\/\\\/trgovina.pasjauniverza.si\\\/product\\\/bodreek-100-mesni-trakovi-koza-100g\\\/\"]}]},{\"@type\":\"ImageObject\",\"inLanguage\":\"en-US\",\"@id\":\"https:\\\/\\\/trgovina.pasjauniverza.si\\\/product\\\/bodreek-100-mesni-trakovi-koza-100g\\\/#primaryimage\",\"url\":\"https:\\\/\\\/trgovina.pasjauniverza.si\\\/wp-content\\\/uploads\\\/2026\\\/03\\\/bodreek-koza.png\",\"contentUrl\":\"https:\\\/\\\/trgovina.pasjauniverza.si\\\/wp-content\\\/uploads\\\/2026\\\/03\\\/bodreek-koza.png\",\"width\":2160,\"height\":2160,\"caption\":\"bodreek koza\"},{\"@type\":\"BreadcrumbList\",\"@id\":\"https:\\\/\\\/trgovina.pasjauniverza.si\\\/product\\\/bodreek-100-mesni-trakovi-koza-100g\\\/#breadcrumb\",\"itemListElement\":[{\"@type\":\"ListItem\",\"position\":1,\"name\":\"Home\",\"item\":\"https:\\\/\\\/trgovina.pasjauniverza.si\\\/\"},{\"@type\":\"ListItem\",\"position\":2,\"name\":\"Trgovina\",\"item\":\"https:\\\/\\\/trgovina.pasjauniverza.si\\\/trgovina\\\/\"},{\"@type\":\"ListItem\",\"position\":3,\"name\":\"Bodreek 100 % mesni trakovi &#8211; koza (100g)\"}]},{\"@type\":\"WebSite\",\"@id\":\"https:\\\/\\\/trgovina.pasjauniverza.si\\\/#website\",\"url\":\"https:\\\/\\\/trgovina.pasjauniverza.si\\\/\",\"name\":\"Trgovina Pasja Univerza\",\"description\":\"pasja univerza trgovina\",\"publisher\":{\"@id\":\"https:\\\/\\\/trgovina.pasjauniverza.si\\\/#organization\"},\"potentialAction\":[{\"@type\":\"SearchAction\",\"target\":{\"@type\":\"EntryPoint\",\"urlTemplate\":\"https:\\\/\\\/trgovina.pasjauniverza.si\\\/?s={search_term_string}\"},\"query-input\":{\"@type\":\"PropertyValueSpecification\",\"valueRequired\":true,\"valueName\":\"search_term_string\"}}],\"inLanguage\":\"en-US\"},{\"@type\":\"Organization\",\"@id\":\"https:\\\/\\\/trgovina.pasjauniverza.si\\\/#organization\",\"name\":\"Trgovina Pasja Univerza\",\"url\":\"https:\\\/\\\/trgovina.pasjauniverza.si\\\/\",\"logo\":{\"@type\":\"ImageObject\",\"inLanguage\":\"en-US\",\"@id\":\"https:\\\/\\\/trgovina.pasjauniverza.si\\\/#\\\/schema\\\/logo\\\/image\\\/\",\"url\":\"https:\\\/\\\/trgovina.pasjauniverza.si\\\/wp-content\\\/uploads\\\/2024\\\/08\\\/cropped-logotipi-vector-04.png\",\"contentUrl\":\"https:\\\/\\\/trgovina.pasjauniverza.si\\\/wp-content\\\/uploads\\\/2024\\\/08\\\/cropped-logotipi-vector-04.png\",\"width\":942,\"height\":908,\"caption\":\"Trgovina Pasja Univerza\"},\"image\":{\"@id\":\"https:\\\/\\\/trgovina.pasjauniverza.si\\\/#\\\/schema\\\/logo\\\/image\\\/\"}}]}<\/script>\n<!-- \/ Yoast SEO plugin. -->","yoast_head_json":{"title":"Bodreek 100 % mesni trakovi - koza (100g) - Trgovina Pasja Univerza","description":"Bodreek 100 % mesni trakovi - koza (100g)","robots":{"index":"index","follow":"follow","max-snippet":"max-snippet:-1","max-image-preview":"max-image-preview:large","max-video-preview":"max-video-preview:-1"},"canonical":"https:\/\/trgovina.pasjauniverza.si\/en\/product\/bodreek-100-mesni-trakovi-koza-100g\/","og_locale":"en_US","og_type":"article","og_title":"Bodreek 100 % mesni trakovi - koza (100g) - Trgovina Pasja Univerza","og_description":"Bodreek 100 % mesni trakovi - koza (100g)","og_url":"https:\/\/trgovina.pasjauniverza.si\/en\/product\/bodreek-100-mesni-trakovi-koza-100g\/","og_site_name":"Trgovina Pasja Univerza","og_image":[{"width":1024,"height":1024,"url":"https:\/\/trgovina.pasjauniverza.si\/wp-content\/uploads\/2026\/03\/bodreek-koza-1024x1024.png","type":"image\/png"}],"twitter_card":"summary_large_image","twitter_misc":{"Est. reading time":"1 minute"},"schema":{"@context":"https:\/\/schema.org","@graph":[{"@type":"WebPage","@id":"https:\/\/trgovina.pasjauniverza.si\/product\/bodreek-100-mesni-trakovi-koza-100g\/","url":"https:\/\/trgovina.pasjauniverza.si\/product\/bodreek-100-mesni-trakovi-koza-100g\/","name":"Bodreek 100 % mesni trakovi - koza (100g) - Trgovina Pasja Univerza","isPartOf":{"@id":"https:\/\/trgovina.pasjauniverza.si\/#website"},"primaryImageOfPage":{"@id":"https:\/\/trgovina.pasjauniverza.si\/product\/bodreek-100-mesni-trakovi-koza-100g\/#primaryimage"},"image":{"@id":"https:\/\/trgovina.pasjauniverza.si\/product\/bodreek-100-mesni-trakovi-koza-100g\/#primaryimage"},"thumbnailUrl":"https:\/\/trgovina.pasjauniverza.si\/wp-content\/uploads\/2026\/03\/bodreek-koza.png","datePublished":"2026-04-01T06:27:45+00:00","description":"Bodreek 100 % mesni trakovi - koza (100g)","breadcrumb":{"@id":"https:\/\/trgovina.pasjauniverza.si\/product\/bodreek-100-mesni-trakovi-koza-100g\/#breadcrumb"},"inLanguage":"en-US","potentialAction":[{"@type":"ReadAction","target":["https:\/\/trgovina.pasjauniverza.si\/product\/bodreek-100-mesni-trakovi-koza-100g\/"]}]},{"@type":"ImageObject","inLanguage":"en-US","@id":"https:\/\/trgovina.pasjauniverza.si\/product\/bodreek-100-mesni-trakovi-koza-100g\/#primaryimage","url":"https:\/\/trgovina.pasjauniverza.si\/wp-content\/uploads\/2026\/03\/bodreek-koza.png","contentUrl":"https:\/\/trgovina.pasjauniverza.si\/wp-content\/uploads\/2026\/03\/bodreek-koza.png","width":2160,"height":2160,"caption":"bodreek koza"},{"@type":"BreadcrumbList","@id":"https:\/\/trgovina.pasjauniverza.si\/product\/bodreek-100-mesni-trakovi-koza-100g\/#breadcrumb","itemListElement":[{"@type":"ListItem","position":1,"name":"Home","item":"https:\/\/trgovina.pasjauniverza.si\/"},{"@type":"ListItem","position":2,"name":"Trgovina","item":"https:\/\/trgovina.pasjauniverza.si\/trgovina\/"},{"@type":"ListItem","position":3,"name":"Bodreek 100 % mesni trakovi &#8211; koza (100g)"}]},{"@type":"WebSite","@id":"https:\/\/trgovina.pasjauniverza.si\/#website","url":"https:\/\/trgovina.pasjauniverza.si\/","name":"Trgovina Pasja Univerza","description":"pasja univerza trgovina","publisher":{"@id":"https:\/\/trgovina.pasjauniverza.si\/#organization"},"potentialAction":[{"@type":"SearchAction","target":{"@type":"EntryPoint","urlTemplate":"https:\/\/trgovina.pasjauniverza.si\/?s={search_term_string}"},"query-input":{"@type":"PropertyValueSpecification","valueRequired":true,"valueName":"search_term_string"}}],"inLanguage":"en-US"},{"@type":"Organization","@id":"https:\/\/trgovina.pasjauniverza.si\/#organization","name":"Trgovina Pasja Univerza","url":"https:\/\/trgovina.pasjauniverza.si\/","logo":{"@type":"ImageObject","inLanguage":"en-US","@id":"https:\/\/trgovina.pasjauniverza.si\/#\/schema\/logo\/image\/","url":"https:\/\/trgovina.pasjauniverza.si\/wp-content\/uploads\/2024\/08\/cropped-logotipi-vector-04.png","contentUrl":"https:\/\/trgovina.pasjauniverza.si\/wp-content\/uploads\/2024\/08\/cropped-logotipi-vector-04.png","width":942,"height":908,"caption":"Trgovina Pasja Univerza"},"image":{"@id":"https:\/\/trgovina.pasjauniverza.si\/#\/schema\/logo\/image\/"}}]}},"uagb_featured_image_src":{"full":["https:\/\/trgovina.pasjauniverza.si\/wp-content\/uploads\/2026\/03\/bodreek-koza.png",2160,2160,false],"thumbnail":["https:\/\/trgovina.pasjauniverza.si\/wp-content\/uploads\/2026\/03\/bodreek-koza-150x150.png",150,150,true],"medium":["https:\/\/trgovina.pasjauniverza.si\/wp-content\/uploads\/2026\/03\/bodreek-koza-300x300.png",300,300,true],"medium_large":["https:\/\/trgovina.pasjauniverza.si\/wp-content\/uploads\/2026\/03\/bodreek-koza-768x768.png",768,768,true],"large":["https:\/\/trgovina.pasjauniverza.si\/wp-content\/uploads\/2026\/03\/bodreek-koza-1024x1024.png",1024,1024,true],"1536x1536":["https:\/\/trgovina.pasjauniverza.si\/wp-content\/uploads\/2026\/03\/bodreek-koza-1536x1536.png",1536,1536,true],"2048x2048":["https:\/\/trgovina.pasjauniverza.si\/wp-content\/uploads\/2026\/03\/bodreek-koza-2048x2048.png",2048,2048,true],"trp-custom-language-flag":["https:\/\/trgovina.pasjauniverza.si\/wp-content\/uploads\/2026\/03\/bodreek-koza-12x12.png",12,12,true],"woocommerce_thumbnail":["https:\/\/trgovina.pasjauniverza.si\/wp-content\/uploads\/2026\/03\/bodreek-koza-300x300.png",300,300,true],"woocommerce_single":["https:\/\/trgovina.pasjauniverza.si\/wp-content\/uploads\/2026\/03\/bodreek-koza-600x600.png",600,600,true],"woocommerce_gallery_thumbnail":["https:\/\/trgovina.pasjauniverza.si\/wp-content\/uploads\/2026\/03\/bodreek-koza-100x100.png",100,100,true]},"uagb_author_info":{"display_name":"Karmen Grubeli\u0107, dr.vet.med.","author_link":"https:\/\/trgovina.pasjauniverza.si\/en\/author\/"},"uagb_comment_info":0,"uagb_excerpt":"Naravni mesni pribolj\u0161ki za pse iz 100 % gosjega mesa, brez dodanih \u017eit, konzervansov ali umetnih dodatkov. Su\u0161eni mesni trakovi so okusna in hranljiva nagrada, primerna tudi za ob\u010dutljive pse. 100 % gosje meso \u2013 en vir \u017eivalskih beljakovin naravni su\u0161eni mesni trakovi brez \u017eit, glutena in umetnih dodatkov brez konzervansov in barvil primerno kot&hellip;","jetpack_sharing_enabled":true,"_links":{"self":[{"href":"https:\/\/trgovina.pasjauniverza.si\/en\/wp-json\/wp\/v2\/product\/17393","targetHints":{"allow":["GET"]}}],"collection":[{"href":"https:\/\/trgovina.pasjauniverza.si\/en\/wp-json\/wp\/v2\/product"}],"about":[{"href":"https:\/\/trgovina.pasjauniverza.si\/en\/wp-json\/wp\/v2\/types\/product"}],"replies":[{"embeddable":true,"href":"https:\/\/trgovina.pasjauniverza.si\/en\/wp-json\/wp\/v2\/comments?post=17393"}],"wp:featuredmedia":[{"embeddable":true,"href":"https:\/\/trgovina.pasjauniverza.si\/en\/wp-json\/wp\/v2\/media\/17394"}],"wp:attachment":[{"href":"https:\/\/trgovina.pasjauniverza.si\/en\/wp-json\/wp\/v2\/media?parent=17393"}],"wp:term":[{"taxonomy":"product_brand","embeddable":true,"href":"https:\/\/trgovina.pasjauniverza.si\/en\/wp-json\/wp\/v2\/product_brand?post=17393"},{"taxonomy":"product_cat","embeddable":true,"href":"https:\/\/trgovina.pasjauniverza.si\/en\/wp-json\/wp\/v2\/product_cat?post=17393"},{"taxonomy":"product_tag","embeddable":true,"href":"https:\/\/trgovina.pasjauniverza.si\/en\/wp-json\/wp\/v2\/product_tag?post=17393"}],"curies":[{"name":"wp","href":"https:\/\/api.w.org\/{rel}","templated":true}]}}