
{"id":17373,"date":"2026-04-01T06:27:46","date_gmt":"2026-04-01T06:27:46","guid":{"rendered":"https:\/\/trgovina.pasjauniverza.si\/?post_type=product&#038;p=17373"},"modified":"2026-04-20T18:49:56","modified_gmt":"2026-04-20T18:49:56","slug":"bodreek-mokra-hrana-jagnjetina-z-jagodo-400g","status":"publish","type":"product","link":"https:\/\/trgovina.pasjauniverza.si\/en\/product\/bodreek-mokra-hrana-jagnjetina-z-jagodo-400g\/","title":{"rendered":"Bodreek mokra hrana &#8211; Jagnjetina z jagodo 400g"},"content":{"rendered":"<p data-start=\"761\" data-end=\"980\"><strong data-start=\"761\" data-end=\"788\">Bodreek Jagnje z jagodo<\/strong> je naravna mokra hrana za pse z zelo visokim dele\u017eem kakovostnega mesa jagnjetine. Receptura zdru\u017euje izbrano meso in sadje ter tako zagotavlja okusno in hranljivo prehrano za pse vseh pasem.<\/p>\n<p data-start=\"982\" data-end=\"1255\">Mokra hrana Bodreek ima zna\u010dilno <strong data-start=\"1015\" data-end=\"1041\">ne\u017eno penasto teksturo<\/strong>, zaradi katere je obrok zelo dobro prebavljiv in enostaven za zau\u017eitje. Zaradi odli\u010dnega naravnega okusa je hrana primerna tudi za <strong data-start=\"1173\" data-end=\"1201\">neje\u0161\u010de ali izbir\u010dne pse<\/strong>, hkrati pa je ne\u017ena tudi za pse z ob\u010dutljivo prebavo.<\/p>\n<p data-start=\"1257\" data-end=\"1490\">Receptura temelji na konceptu <strong data-start=\"1287\" data-end=\"1315\">Endemic Nutrition System<\/strong>, ki zdru\u017euje kakovostne regionalne sestavine ter funkcionalno sadje, ki obogati prehrano psa z naravnimi hranili in bioaktivnimi snovmi.<\/p>\n<hr data-start=\"1492\" data-end=\"1495\">\n<h1 data-section-id=\"1pwni4e\" data-start=\"1497\" data-end=\"1513\">Vir beljakovin<\/h1>\n<p data-start=\"1515\" data-end=\"1639\">Glavni vir beljakovin v recepturi je <strong data-start=\"1552\" data-end=\"1566\">jagnjetina<\/strong>, ki je znana po svoji dobri prebavljivosti in bogatem hranilnem profilu.<\/p>\n<p data-start=\"1641\" data-end=\"1652\">Jagnjetina:<\/p>\n<ul data-start=\"1654\" data-end=\"1797\">\n<li data-section-id=\"eae92z\" data-start=\"1654\" data-end=\"1688\">\n<p data-start=\"1656\" data-end=\"1688\">vsebuje kakovostne beljakovine<\/p>\n<\/li>\n<li data-section-id=\"1otgzbt\" data-start=\"1689\" data-end=\"1713\">\n<p data-start=\"1691\" data-end=\"1713\">je dobro prebavljiva<\/p>\n<\/li>\n<li data-section-id=\"1ipfgf9\" data-start=\"1714\" data-end=\"1742\">\n<p data-start=\"1716\" data-end=\"1742\">ima izrazit naravni okus<\/p>\n<\/li>\n<li data-section-id=\"1m90ifb\" data-start=\"1743\" data-end=\"1797\">\n<p data-start=\"1745\" data-end=\"1797\">je pogosto primerna tudi za pse z ob\u010dutljivo prebavo<\/p>\n<\/li>\n<\/ul>\n<hr data-start=\"1799\" data-end=\"1802\">\n<h1 data-section-id=\"1sqdca1\" data-start=\"1804\" data-end=\"1830\">Jagode in funkcija sadja<\/h1>\n<p data-start=\"1832\" data-end=\"1943\">Receptura vsebuje <strong data-start=\"1850\" data-end=\"1860\">jagode<\/strong>, ki dopolnjujejo obrok z naravnimi vitamini, antioksidanti in bioaktivnimi snovmi.<\/p>\n<p data-start=\"1945\" data-end=\"1952\">Jagode:<\/p>\n<ul data-start=\"1954\" data-end=\"2101\">\n<li data-section-id=\"185ynj7\" data-start=\"1954\" data-end=\"1985\">\n<p data-start=\"1956\" data-end=\"1985\">vsebujejo <strong data-start=\"1966\" data-end=\"1983\">antioksidante<\/strong><\/p>\n<\/li>\n<li data-section-id=\"khwh90\" data-start=\"1986\" data-end=\"2014\">\n<p data-start=\"1988\" data-end=\"2014\">prispevajo <strong data-start=\"1999\" data-end=\"2012\">vitamin C<\/strong><\/p>\n<\/li>\n<li data-section-id=\"1pckilj\" data-start=\"2015\" data-end=\"2047\">\n<p data-start=\"2017\" data-end=\"2047\">podpirajo <strong data-start=\"2027\" data-end=\"2045\">imunski sistem<\/strong><\/p>\n<\/li>\n<li data-section-id=\"1aulkm3\" data-start=\"2048\" data-end=\"2101\">\n<p data-start=\"2050\" data-end=\"2101\">pomagajo za\u0161\u010dititi celice pred oksidativnim stresom<\/p>\n<\/li>\n<\/ul>\n<hr data-start=\"2103\" data-end=\"2106\">\n<h1 data-section-id=\"rybzfx\" data-start=\"2108\" data-end=\"2132\">Glavne prednosti hrane<\/h1>\n<p data-start=\"2134\" data-end=\"2395\">&#x2714; zelo visok dele\u017e mesa (<strong data-start=\"2159\" data-end=\"2178\">92 % jagnjetine<\/strong>)<br \/>\n&#x2714; monoproteinska receptura<br \/>\n&#x2714; brez \u017eit in glutena<br \/>\n&#x2714; brez umetnih konzervansov in barvil<br \/>\n&#x2714; naravne sestavine<br \/>\n&#x2714; ne\u017ena penasta tekstura<br \/>\n&#x2714; visoka prebavljivost<br \/>\n&#x2714; <strong data-start=\"2351\" data-end=\"2395\">primerno tudi za neje\u0161\u010de in izbir\u010dne pse<\/strong><\/p>\n<h3>Popolna mokra krmna me\u0161anica za odrasle pse vseh pasem, izdelana iz izbranih surovin, obogatena s sve\u017eim sadjem.Uravnote\u017eena in zdrava prehrana z visoko okusnostjo in prebavljivostjo.<br \/>\nSve\u017ee meso prihaja iz prese\u017ekov proizvodnje, namenjene za \u010dlove\u0161ko prehrano.<br \/>\nBrez konzervansov in brez dodanih barvil.<br \/>\n<\/h3>\n<h3>\n&#x2714; 100 % naravni izdelek<br \/>\n&#x2714; samo sve\u017ee meso<br \/>\n&#x2714; ko\u0161\u010dki sve\u017eega sadja<br \/>\n&#x2714; fina pa\u0161tetna struktura<br \/>\n&#x2714; receptura z enim \u017eivalskim proteinom<br \/>\n&#x2714; brez \u017eit in glutena<br \/>\n&#x2714; ni testirano na \u017eivalih<br \/>\n<\/h3>\n<h3>\nSestava:<br \/>\njagnjetina 92 %, jagode 4 %, mineralne snovi, ksiloza.<br \/>\n<\/h3>\n<h3>\nAnaliza:<br \/>\nvlaga: 81,2 %<br \/>\nsurove beljakovine: 8 %<br \/>\nsurove ma\u0161\u010dobe in olja: 5,2 %<br \/>\nsurovi pepel: 2 %<br \/>\nsurove vlaknine: 0,3 %<br \/>\n<\/h3>\n<h3>\nPrehranski dodatki (na kg):<br \/>\nVitamin A 5.000 IU\/kg<br \/>\nVitamin D3 335 IU\/kg<br \/>\nVitamin E 41 mg\/kg<br \/>\n\u017eelezo 13 mg\/kg<br \/>\nbaker 2,5 mg\/kg<br \/>\nmangan 10,3 mg\/kg<br \/>\njod 0,6 mg\/kg<br \/>\ncink 8 mg\/kg<br \/>\nselen 0,014 mg\/kg<br \/>\n<\/h3>\n<h3>\nNavodila:<br \/>\nPostrezite pri sobni temperaturi.<br \/>\nPo odprtju hranite v hladilniku in porabite v 24 urah.<\/h3>\n<h3>Zagotovite dostop do vode.<\/h3>\n<p data-start=\"3307\" data-end=\"3446\">\n<h3>Priporo\u010deno dnevno odmerjanje:1\u20135 kg: 120\u2013350 g<br \/>\n10\u201315 kg: 600\u2013850 g<br \/>\n20\u201325 kg: 1100\u20131200 g<\/h3>\n<h3>30\u201335 kg: 1400\u20131600 g<\/h3>\n<p>Dnevni obrok je orientacijski in ga prilagodite glede na starost, aktivnost in telesno kondicijo psa.<\/p>","protected":false},"excerpt":{"rendered":"<p data-start=\"122\" data-end=\"447\">Popolna mokra hrana za pse z zelo visokim dele\u017eem kakovostnega mesa (<strong data-start=\"191\" data-end=\"210\">92 % jagnjetina<\/strong>), dopolnjena z jagodo kot naravnim virom antioksidantov in vitaminov. <strong data-start=\"281\" data-end=\"447\">Ne\u017ena penasta tekstura in izrazit naravni okus zagotavljata visoko prebavljivost in odli\u010den okus tudi za ob\u010dutljive pse. Primerno tudi za neje\u0161\u010de in izbir\u010dne pse.<\/strong><\/p>\n<ul data-start=\"449\" data-end=\"739\">\n<li data-section-id=\"1h9073p\" data-start=\"449\" data-end=\"520\">\n<p data-start=\"451\" data-end=\"520\"><strong data-start=\"451\" data-end=\"470\">92 % jagnjetine<\/strong> \u2013 kakovosten in dobro prebavljiv vir beljakovin<\/p>\n<\/li>\n<li data-section-id=\"1jeuj5w\" data-start=\"521\" data-end=\"566\">\n<p data-start=\"523\" data-end=\"566\"><strong data-start=\"523\" data-end=\"551\">monoproteinska receptura<\/strong> (jagnjetina)<\/p>\n<\/li>\n<li data-section-id=\"62gjg0\" data-start=\"567\" data-end=\"612\">\n<p data-start=\"569\" data-end=\"612\"><strong data-start=\"569\" data-end=\"579\">jagode<\/strong> kot naravni vir antioksidantov<\/p>\n<\/li>\n<li data-section-id=\"1uagl0j\" data-start=\"613\" data-end=\"640\">\n<p data-start=\"615\" data-end=\"640\"><strong data-start=\"615\" data-end=\"638\">brez \u017eit in glutena<\/strong><\/p>\n<\/li>\n<li data-section-id=\"1tca0wg\" data-start=\"641\" data-end=\"684\">\n<p data-start=\"643\" data-end=\"684\"><strong data-start=\"643\" data-end=\"682\">brez umetnih konzervansov in barvil<\/strong><\/p>\n<\/li>\n<li data-section-id=\"xw6iy3\" data-start=\"685\" data-end=\"739\">\n<p data-start=\"687\" data-end=\"739\">primerno kot <strong data-start=\"700\" data-end=\"739\">popoln obrok ali dodatek k briketom<\/strong><\/p>\n<\/li>\n<\/ul>","protected":false},"featured_media":17374,"comment_status":"open","ping_status":"closed","template":"","meta":{"_acf_changed":false,"_uag_custom_page_level_css":"","site-sidebar-layout":"default","site-content-layout":"","ast-site-content-layout":"default","site-content-style":"default","site-sidebar-style":"default","ast-global-header-display":"","ast-banner-title-visibility":"","ast-main-header-display":"","ast-hfb-above-header-display":"","ast-hfb-below-header-display":"","ast-hfb-mobile-header-display":"","site-post-title":"","ast-breadcrumbs-content":"","ast-featured-img":"","footer-sml-layout":"","ast-disable-related-posts":"","theme-transparent-header-meta":"default","adv-header-id-meta":"","stick-header-meta":"","header-above-stick-meta":"","header-main-stick-meta":"","header-below-stick-meta":"","astra-migrate-meta-layouts":"set","ast-page-background-enabled":"default","ast-page-background-meta":{"desktop":{"background-color":"","background-image":"","background-repeat":"repeat","background-position":"center center","background-size":"auto","background-attachment":"scroll","background-type":"","background-media":"","overlay-type":"","overlay-color":"","overlay-opacity":"","overlay-gradient":""},"tablet":{"background-color":"","background-image":"","background-repeat":"repeat","background-position":"center center","background-size":"auto","background-attachment":"scroll","background-type":"","background-media":"","overlay-type":"","overlay-color":"","overlay-opacity":"","overlay-gradient":""},"mobile":{"background-color":"","background-image":"","background-repeat":"repeat","background-position":"center center","background-size":"auto","background-attachment":"scroll","background-type":"","background-media":"","overlay-type":"","overlay-color":"","overlay-opacity":"","overlay-gradient":""}},"ast-content-background-meta":{"desktop":{"background-color":"var(--ast-global-color-5)","background-image":"","background-repeat":"repeat","background-position":"center center","background-size":"auto","background-attachment":"scroll","background-type":"","background-media":"","overlay-type":"","overlay-color":"","overlay-opacity":"","overlay-gradient":""},"tablet":{"background-color":"var(--ast-global-color-5)","background-image":"","background-repeat":"repeat","background-position":"center center","background-size":"auto","background-attachment":"scroll","background-type":"","background-media":"","overlay-type":"","overlay-color":"","overlay-opacity":"","overlay-gradient":""},"mobile":{"background-color":"var(--ast-global-color-5)","background-image":"","background-repeat":"repeat","background-position":"center center","background-size":"auto","background-attachment":"scroll","background-type":"","background-media":"","overlay-type":"","overlay-color":"","overlay-opacity":"","overlay-gradient":""}}},"product_brand":[],"product_cat":[970,947,725,946,953,727,948,944,945,942,952,723,951,18,760,950],"product_tag":[],"class_list":{"0":"post-17373","1":"product","2":"type-product","3":"status-publish","4":"has-post-thumbnail","6":"product_cat-bodreek","7":"product_cat-brez-glutena","8":"product_cat-hrana-za-pse","9":"product_cat-manj-mascob","10":"product_cat-mehko-blato-in-driska","11":"product_cat-mokra-hrana-za-pse","12":"product_cat-monoproteinska-hrana","13":"product_cat-nejesci-psi","14":"product_cat-obcutljiv-zelodec","15":"product_cat-posebne-prehranske-potrebe","16":"product_cat-proti-izpadanju-dlake","17":"product_cat-psi","18":"product_cat-starejsi-psi","19":"product_cat-vsi-izdelki","20":"product_cat-za-pasje-mladice","21":"product_cat-za-prekomerno-telesno-tezo","22":"desktop-align-center","23":"tablet-align-center","24":"mobile-align-center","26":"first","27":"instock","28":"shipping-taxable","29":"purchasable","30":"product-type-simple"},"acf":[],"yoast_head":"<!-- This site is optimized with the Yoast SEO plugin v27.4 - https:\/\/yoast.com\/product\/yoast-seo-wordpress\/ -->\n<title>Bodreek mokra hrana - Jagnjetina z jagodo 400g - Trgovina Pasja Univerza<\/title>\n<meta name=\"description\" content=\"Bodreek mokra hrana - Jagnjetina z jagodo 400g\" \/>\n<meta name=\"robots\" content=\"index, follow, max-snippet:-1, max-image-preview:large, max-video-preview:-1\" \/>\n<link rel=\"canonical\" href=\"https:\/\/trgovina.pasjauniverza.si\/en\/product\/bodreek-mokra-hrana-jagnjetina-z-jagodo-400g\/\" \/>\n<meta property=\"og:locale\" content=\"en_US\" \/>\n<meta property=\"og:type\" content=\"article\" \/>\n<meta property=\"og:title\" content=\"Bodreek mokra hrana - Jagnjetina z jagodo 400g - Trgovina Pasja Univerza\" \/>\n<meta property=\"og:description\" content=\"Bodreek mokra hrana - Jagnjetina z jagodo 400g\" \/>\n<meta property=\"og:url\" content=\"https:\/\/trgovina.pasjauniverza.si\/en\/product\/bodreek-mokra-hrana-jagnjetina-z-jagodo-400g\/\" \/>\n<meta property=\"og:site_name\" content=\"Trgovina Pasja Univerza\" \/>\n<meta property=\"article:modified_time\" content=\"2026-04-20T18:49:56+00:00\" \/>\n<meta property=\"og:image\" content=\"https:\/\/trgovina.pasjauniverza.si\/wp-content\/uploads\/2026\/03\/Bodreek-mokra-hrana-Jagnjetina-z-jagodo-400g.png\" \/>\n\t<meta property=\"og:image:width\" content=\"1080\" \/>\n\t<meta property=\"og:image:height\" content=\"1080\" \/>\n\t<meta property=\"og:image:type\" content=\"image\/png\" \/>\n<meta name=\"twitter:card\" content=\"summary_large_image\" \/>\n<meta name=\"twitter:label1\" content=\"Est. reading time\" \/>\n\t<meta name=\"twitter:data1\" content=\"3 minutes\" \/>\n<script type=\"application\/ld+json\" class=\"yoast-schema-graph\">{\"@context\":\"https:\\\/\\\/schema.org\",\"@graph\":[{\"@type\":\"WebPage\",\"@id\":\"https:\\\/\\\/trgovina.pasjauniverza.si\\\/product\\\/bodreek-mokra-hrana-jagnjetina-z-jagodo-400g\\\/\",\"url\":\"https:\\\/\\\/trgovina.pasjauniverza.si\\\/product\\\/bodreek-mokra-hrana-jagnjetina-z-jagodo-400g\\\/\",\"name\":\"Bodreek mokra hrana - Jagnjetina z jagodo 400g - Trgovina Pasja Univerza\",\"isPartOf\":{\"@id\":\"https:\\\/\\\/trgovina.pasjauniverza.si\\\/#website\"},\"primaryImageOfPage\":{\"@id\":\"https:\\\/\\\/trgovina.pasjauniverza.si\\\/product\\\/bodreek-mokra-hrana-jagnjetina-z-jagodo-400g\\\/#primaryimage\"},\"image\":{\"@id\":\"https:\\\/\\\/trgovina.pasjauniverza.si\\\/product\\\/bodreek-mokra-hrana-jagnjetina-z-jagodo-400g\\\/#primaryimage\"},\"thumbnailUrl\":\"https:\\\/\\\/trgovina.pasjauniverza.si\\\/wp-content\\\/uploads\\\/2026\\\/03\\\/Bodreek-mokra-hrana-Jagnjetina-z-jagodo-400g.png\",\"datePublished\":\"2026-04-01T06:27:46+00:00\",\"dateModified\":\"2026-04-20T18:49:56+00:00\",\"description\":\"Bodreek mokra hrana - Jagnjetina z jagodo 400g\",\"breadcrumb\":{\"@id\":\"https:\\\/\\\/trgovina.pasjauniverza.si\\\/product\\\/bodreek-mokra-hrana-jagnjetina-z-jagodo-400g\\\/#breadcrumb\"},\"inLanguage\":\"en-US\",\"potentialAction\":[{\"@type\":\"ReadAction\",\"target\":[\"https:\\\/\\\/trgovina.pasjauniverza.si\\\/product\\\/bodreek-mokra-hrana-jagnjetina-z-jagodo-400g\\\/\"]}]},{\"@type\":\"ImageObject\",\"inLanguage\":\"en-US\",\"@id\":\"https:\\\/\\\/trgovina.pasjauniverza.si\\\/product\\\/bodreek-mokra-hrana-jagnjetina-z-jagodo-400g\\\/#primaryimage\",\"url\":\"https:\\\/\\\/trgovina.pasjauniverza.si\\\/wp-content\\\/uploads\\\/2026\\\/03\\\/Bodreek-mokra-hrana-Jagnjetina-z-jagodo-400g.png\",\"contentUrl\":\"https:\\\/\\\/trgovina.pasjauniverza.si\\\/wp-content\\\/uploads\\\/2026\\\/03\\\/Bodreek-mokra-hrana-Jagnjetina-z-jagodo-400g.png\",\"width\":1080,\"height\":1080,\"caption\":\"Bodreek mokra hrana - Jagnjetina z jagodo 400g\"},{\"@type\":\"BreadcrumbList\",\"@id\":\"https:\\\/\\\/trgovina.pasjauniverza.si\\\/product\\\/bodreek-mokra-hrana-jagnjetina-z-jagodo-400g\\\/#breadcrumb\",\"itemListElement\":[{\"@type\":\"ListItem\",\"position\":1,\"name\":\"Home\",\"item\":\"https:\\\/\\\/trgovina.pasjauniverza.si\\\/\"},{\"@type\":\"ListItem\",\"position\":2,\"name\":\"Trgovina\",\"item\":\"https:\\\/\\\/trgovina.pasjauniverza.si\\\/trgovina\\\/\"},{\"@type\":\"ListItem\",\"position\":3,\"name\":\"Bodreek mokra hrana &#8211; Jagnjetina z jagodo 400g\"}]},{\"@type\":\"WebSite\",\"@id\":\"https:\\\/\\\/trgovina.pasjauniverza.si\\\/#website\",\"url\":\"https:\\\/\\\/trgovina.pasjauniverza.si\\\/\",\"name\":\"Trgovina Pasja Univerza\",\"description\":\"pasja univerza trgovina\",\"publisher\":{\"@id\":\"https:\\\/\\\/trgovina.pasjauniverza.si\\\/#organization\"},\"potentialAction\":[{\"@type\":\"SearchAction\",\"target\":{\"@type\":\"EntryPoint\",\"urlTemplate\":\"https:\\\/\\\/trgovina.pasjauniverza.si\\\/?s={search_term_string}\"},\"query-input\":{\"@type\":\"PropertyValueSpecification\",\"valueRequired\":true,\"valueName\":\"search_term_string\"}}],\"inLanguage\":\"en-US\"},{\"@type\":\"Organization\",\"@id\":\"https:\\\/\\\/trgovina.pasjauniverza.si\\\/#organization\",\"name\":\"Trgovina Pasja Univerza\",\"url\":\"https:\\\/\\\/trgovina.pasjauniverza.si\\\/\",\"logo\":{\"@type\":\"ImageObject\",\"inLanguage\":\"en-US\",\"@id\":\"https:\\\/\\\/trgovina.pasjauniverza.si\\\/#\\\/schema\\\/logo\\\/image\\\/\",\"url\":\"https:\\\/\\\/trgovina.pasjauniverza.si\\\/wp-content\\\/uploads\\\/2024\\\/08\\\/cropped-logotipi-vector-04.png\",\"contentUrl\":\"https:\\\/\\\/trgovina.pasjauniverza.si\\\/wp-content\\\/uploads\\\/2024\\\/08\\\/cropped-logotipi-vector-04.png\",\"width\":942,\"height\":908,\"caption\":\"Trgovina Pasja Univerza\"},\"image\":{\"@id\":\"https:\\\/\\\/trgovina.pasjauniverza.si\\\/#\\\/schema\\\/logo\\\/image\\\/\"}}]}<\/script>\n<!-- \/ Yoast SEO plugin. -->","yoast_head_json":{"title":"Bodreek mokra hrana - Jagnjetina z jagodo 400g - Trgovina Pasja Univerza","description":"Bodreek mokra hrana - Jagnjetina z jagodo 400g","robots":{"index":"index","follow":"follow","max-snippet":"max-snippet:-1","max-image-preview":"max-image-preview:large","max-video-preview":"max-video-preview:-1"},"canonical":"https:\/\/trgovina.pasjauniverza.si\/en\/product\/bodreek-mokra-hrana-jagnjetina-z-jagodo-400g\/","og_locale":"en_US","og_type":"article","og_title":"Bodreek mokra hrana - Jagnjetina z jagodo 400g - Trgovina Pasja Univerza","og_description":"Bodreek mokra hrana - Jagnjetina z jagodo 400g","og_url":"https:\/\/trgovina.pasjauniverza.si\/en\/product\/bodreek-mokra-hrana-jagnjetina-z-jagodo-400g\/","og_site_name":"Trgovina Pasja Univerza","article_modified_time":"2026-04-20T18:49:56+00:00","og_image":[{"width":1080,"height":1080,"url":"https:\/\/trgovina.pasjauniverza.si\/wp-content\/uploads\/2026\/03\/Bodreek-mokra-hrana-Jagnjetina-z-jagodo-400g.png","type":"image\/png"}],"twitter_card":"summary_large_image","twitter_misc":{"Est. reading time":"3 minutes"},"schema":{"@context":"https:\/\/schema.org","@graph":[{"@type":"WebPage","@id":"https:\/\/trgovina.pasjauniverza.si\/product\/bodreek-mokra-hrana-jagnjetina-z-jagodo-400g\/","url":"https:\/\/trgovina.pasjauniverza.si\/product\/bodreek-mokra-hrana-jagnjetina-z-jagodo-400g\/","name":"Bodreek mokra hrana - Jagnjetina z jagodo 400g - Trgovina Pasja Univerza","isPartOf":{"@id":"https:\/\/trgovina.pasjauniverza.si\/#website"},"primaryImageOfPage":{"@id":"https:\/\/trgovina.pasjauniverza.si\/product\/bodreek-mokra-hrana-jagnjetina-z-jagodo-400g\/#primaryimage"},"image":{"@id":"https:\/\/trgovina.pasjauniverza.si\/product\/bodreek-mokra-hrana-jagnjetina-z-jagodo-400g\/#primaryimage"},"thumbnailUrl":"https:\/\/trgovina.pasjauniverza.si\/wp-content\/uploads\/2026\/03\/Bodreek-mokra-hrana-Jagnjetina-z-jagodo-400g.png","datePublished":"2026-04-01T06:27:46+00:00","dateModified":"2026-04-20T18:49:56+00:00","description":"Bodreek mokra hrana - Jagnjetina z jagodo 400g","breadcrumb":{"@id":"https:\/\/trgovina.pasjauniverza.si\/product\/bodreek-mokra-hrana-jagnjetina-z-jagodo-400g\/#breadcrumb"},"inLanguage":"en-US","potentialAction":[{"@type":"ReadAction","target":["https:\/\/trgovina.pasjauniverza.si\/product\/bodreek-mokra-hrana-jagnjetina-z-jagodo-400g\/"]}]},{"@type":"ImageObject","inLanguage":"en-US","@id":"https:\/\/trgovina.pasjauniverza.si\/product\/bodreek-mokra-hrana-jagnjetina-z-jagodo-400g\/#primaryimage","url":"https:\/\/trgovina.pasjauniverza.si\/wp-content\/uploads\/2026\/03\/Bodreek-mokra-hrana-Jagnjetina-z-jagodo-400g.png","contentUrl":"https:\/\/trgovina.pasjauniverza.si\/wp-content\/uploads\/2026\/03\/Bodreek-mokra-hrana-Jagnjetina-z-jagodo-400g.png","width":1080,"height":1080,"caption":"Bodreek mokra hrana - Jagnjetina z jagodo 400g"},{"@type":"BreadcrumbList","@id":"https:\/\/trgovina.pasjauniverza.si\/product\/bodreek-mokra-hrana-jagnjetina-z-jagodo-400g\/#breadcrumb","itemListElement":[{"@type":"ListItem","position":1,"name":"Home","item":"https:\/\/trgovina.pasjauniverza.si\/"},{"@type":"ListItem","position":2,"name":"Trgovina","item":"https:\/\/trgovina.pasjauniverza.si\/trgovina\/"},{"@type":"ListItem","position":3,"name":"Bodreek mokra hrana &#8211; Jagnjetina z jagodo 400g"}]},{"@type":"WebSite","@id":"https:\/\/trgovina.pasjauniverza.si\/#website","url":"https:\/\/trgovina.pasjauniverza.si\/","name":"Trgovina Pasja Univerza","description":"pasja univerza trgovina","publisher":{"@id":"https:\/\/trgovina.pasjauniverza.si\/#organization"},"potentialAction":[{"@type":"SearchAction","target":{"@type":"EntryPoint","urlTemplate":"https:\/\/trgovina.pasjauniverza.si\/?s={search_term_string}"},"query-input":{"@type":"PropertyValueSpecification","valueRequired":true,"valueName":"search_term_string"}}],"inLanguage":"en-US"},{"@type":"Organization","@id":"https:\/\/trgovina.pasjauniverza.si\/#organization","name":"Trgovina Pasja Univerza","url":"https:\/\/trgovina.pasjauniverza.si\/","logo":{"@type":"ImageObject","inLanguage":"en-US","@id":"https:\/\/trgovina.pasjauniverza.si\/#\/schema\/logo\/image\/","url":"https:\/\/trgovina.pasjauniverza.si\/wp-content\/uploads\/2024\/08\/cropped-logotipi-vector-04.png","contentUrl":"https:\/\/trgovina.pasjauniverza.si\/wp-content\/uploads\/2024\/08\/cropped-logotipi-vector-04.png","width":942,"height":908,"caption":"Trgovina Pasja Univerza"},"image":{"@id":"https:\/\/trgovina.pasjauniverza.si\/#\/schema\/logo\/image\/"}}]}},"uagb_featured_image_src":{"full":["https:\/\/trgovina.pasjauniverza.si\/wp-content\/uploads\/2026\/03\/Bodreek-mokra-hrana-Jagnjetina-z-jagodo-400g.png",1080,1080,false],"thumbnail":["https:\/\/trgovina.pasjauniverza.si\/wp-content\/uploads\/2026\/03\/Bodreek-mokra-hrana-Jagnjetina-z-jagodo-400g-150x150.png",150,150,true],"medium":["https:\/\/trgovina.pasjauniverza.si\/wp-content\/uploads\/2026\/03\/Bodreek-mokra-hrana-Jagnjetina-z-jagodo-400g-300x300.png",300,300,true],"medium_large":["https:\/\/trgovina.pasjauniverza.si\/wp-content\/uploads\/2026\/03\/Bodreek-mokra-hrana-Jagnjetina-z-jagodo-400g-768x768.png",768,768,true],"large":["https:\/\/trgovina.pasjauniverza.si\/wp-content\/uploads\/2026\/03\/Bodreek-mokra-hrana-Jagnjetina-z-jagodo-400g-1024x1024.png",1024,1024,true],"1536x1536":["https:\/\/trgovina.pasjauniverza.si\/wp-content\/uploads\/2026\/03\/Bodreek-mokra-hrana-Jagnjetina-z-jagodo-400g.png",1080,1080,false],"2048x2048":["https:\/\/trgovina.pasjauniverza.si\/wp-content\/uploads\/2026\/03\/Bodreek-mokra-hrana-Jagnjetina-z-jagodo-400g.png",1080,1080,false],"trp-custom-language-flag":["https:\/\/trgovina.pasjauniverza.si\/wp-content\/uploads\/2026\/03\/Bodreek-mokra-hrana-Jagnjetina-z-jagodo-400g-12x12.png",12,12,true],"woocommerce_thumbnail":["https:\/\/trgovina.pasjauniverza.si\/wp-content\/uploads\/2026\/03\/Bodreek-mokra-hrana-Jagnjetina-z-jagodo-400g-300x300.png",300,300,true],"woocommerce_single":["https:\/\/trgovina.pasjauniverza.si\/wp-content\/uploads\/2026\/03\/Bodreek-mokra-hrana-Jagnjetina-z-jagodo-400g-600x600.png",600,600,true],"woocommerce_gallery_thumbnail":["https:\/\/trgovina.pasjauniverza.si\/wp-content\/uploads\/2026\/03\/Bodreek-mokra-hrana-Jagnjetina-z-jagodo-400g-100x100.png",100,100,true]},"uagb_author_info":{"display_name":"Karmen Grubeli\u0107, dr.vet.med.","author_link":"https:\/\/trgovina.pasjauniverza.si\/en\/author\/"},"uagb_comment_info":0,"uagb_excerpt":"Popolna mokra hrana za pse z zelo visokim dele\u017eem kakovostnega mesa (92 % jagnjetina), dopolnjena z jagodo kot naravnim virom antioksidantov in vitaminov. Ne\u017ena penasta tekstura in izrazit naravni okus zagotavljata visoko prebavljivost in odli\u010den okus tudi za ob\u010dutljive pse. Primerno tudi za neje\u0161\u010de in izbir\u010dne pse. 92 % jagnjetine \u2013 kakovosten in dobro prebavljiv&hellip;","jetpack_sharing_enabled":true,"_links":{"self":[{"href":"https:\/\/trgovina.pasjauniverza.si\/en\/wp-json\/wp\/v2\/product\/17373","targetHints":{"allow":["GET"]}}],"collection":[{"href":"https:\/\/trgovina.pasjauniverza.si\/en\/wp-json\/wp\/v2\/product"}],"about":[{"href":"https:\/\/trgovina.pasjauniverza.si\/en\/wp-json\/wp\/v2\/types\/product"}],"replies":[{"embeddable":true,"href":"https:\/\/trgovina.pasjauniverza.si\/en\/wp-json\/wp\/v2\/comments?post=17373"}],"wp:featuredmedia":[{"embeddable":true,"href":"https:\/\/trgovina.pasjauniverza.si\/en\/wp-json\/wp\/v2\/media\/17374"}],"wp:attachment":[{"href":"https:\/\/trgovina.pasjauniverza.si\/en\/wp-json\/wp\/v2\/media?parent=17373"}],"wp:term":[{"taxonomy":"product_brand","embeddable":true,"href":"https:\/\/trgovina.pasjauniverza.si\/en\/wp-json\/wp\/v2\/product_brand?post=17373"},{"taxonomy":"product_cat","embeddable":true,"href":"https:\/\/trgovina.pasjauniverza.si\/en\/wp-json\/wp\/v2\/product_cat?post=17373"},{"taxonomy":"product_tag","embeddable":true,"href":"https:\/\/trgovina.pasjauniverza.si\/en\/wp-json\/wp\/v2\/product_tag?post=17373"}],"curies":[{"name":"wp","href":"https:\/\/api.w.org\/{rel}","templated":true}]}}