
{"id":17370,"date":"2026-04-01T06:27:46","date_gmt":"2026-04-01T06:27:46","guid":{"rendered":"https:\/\/trgovina.pasjauniverza.si\/?post_type=product&#038;p=17370"},"modified":"2026-04-19T07:41:18","modified_gmt":"2026-04-19T07:41:18","slug":"bodreek-mokra-hrana-raca-z-malinami-400g","status":"publish","type":"product","link":"https:\/\/trgovina.pasjauniverza.si\/en\/product\/bodreek-mokra-hrana-raca-z-malinami-400g\/","title":{"rendered":"Bodreek mokra hrana &#8211; Raca z malinami 400g"},"content":{"rendered":"<p data-start=\"775\" data-end=\"1006\"><strong data-start=\"775\" data-end=\"802\">Bodreek Raca z malinami<\/strong> je naravna popolna mokra hrana za pse z zelo visokim dele\u017eem kakovostnega mesa race. Receptura temelji na izbranih sestavinah ter sve\u017eem sadju, ki obogati prehrano psa z naravnimi hranili in bioaktivnimi snovmi.<\/p>\n<p data-start=\"1008\" data-end=\"1281\">Mokra hrana Bodreek ima zna\u010dilno <strong data-start=\"1041\" data-end=\"1071\">lahkotno penasto strukturo<\/strong>, ki omogo\u010da zelo dobro prebavljivost in prijetno teksturo obroka. Zaradi odli\u010dnega okusa je hrana primerna tudi za <strong data-start=\"1187\" data-end=\"1215\">neje\u0161\u010de ali izbir\u010dne pse<\/strong>, hkrati pa je lahko prebavljiva tudi za pse z ob\u010dutljivo prebavo.<\/p>\n<p data-start=\"1283\" data-end=\"1481\">Receptura sledi filozofiji <strong data-start=\"1310\" data-end=\"1338\">Endemic Nutrition System<\/strong>, ki temelji na uporabi kakovostnih regionalnih sestavin ter funkcionalnega sadja. Tako lahko psu ponudite raznolik vir mesa, okusov in hranil.<\/p>\n<hr data-start=\"1483\" data-end=\"1486\">\n<h1 data-section-id=\"1pwni4e\" data-start=\"1488\" data-end=\"1504\">Vir beljakovin<\/h1>\n<p data-start=\"1506\" data-end=\"1552\">Glavni vir beljakovin v recepturi je <strong data-start=\"1543\" data-end=\"1551\">raca<\/strong>.<\/p>\n<p data-start=\"1554\" data-end=\"1564\">Meso race:<\/p>\n<ul data-start=\"1566\" data-end=\"1720\">\n<li data-section-id=\"eae92z\" data-start=\"1566\" data-end=\"1600\">\n<p data-start=\"1568\" data-end=\"1600\">vsebuje kakovostne beljakovine<\/p>\n<\/li>\n<li data-section-id=\"1ipfgf9\" data-start=\"1601\" data-end=\"1629\">\n<p data-start=\"1603\" data-end=\"1629\">ima izrazit naravni okus<\/p>\n<\/li>\n<li data-section-id=\"pd4vcq\" data-start=\"1630\" data-end=\"1667\">\n<p data-start=\"1632\" data-end=\"1667\">vsebuje pomembne ma\u0161\u010dobne kisline<\/p>\n<\/li>\n<li data-section-id=\"gshfca\" data-start=\"1668\" data-end=\"1720\">\n<p data-start=\"1670\" data-end=\"1720\">predstavlja dobro prebavljiv vir energije za psa<\/p>\n<\/li>\n<\/ul>\n<hr data-start=\"1722\" data-end=\"1725\">\n<h1 data-section-id=\"1gibk6h\" data-start=\"1727\" data-end=\"1753\">Maline in funkcija sadja<\/h1>\n<p data-start=\"1755\" data-end=\"1845\">Receptura vsebuje <strong data-start=\"1773\" data-end=\"1783\">maline<\/strong>, ki dopolnjujejo obrok z naravnimi vitamini in antioksidanti.<\/p>\n<p data-start=\"1847\" data-end=\"1854\">Maline:<\/p>\n<ul data-start=\"1856\" data-end=\"2039\">\n<li data-section-id=\"145ftvx\" data-start=\"1856\" data-end=\"1895\">\n<p data-start=\"1858\" data-end=\"1895\">vsebujejo veliko <strong data-start=\"1875\" data-end=\"1893\">antioksidantov<\/strong><\/p>\n<\/li>\n<li data-section-id=\"13rmoc0\" data-start=\"1896\" data-end=\"1944\">\n<p data-start=\"1898\" data-end=\"1944\">prispevajo <strong data-start=\"1909\" data-end=\"1942\">vitamin C in bioaktivne snovi<\/strong><\/p>\n<\/li>\n<li data-section-id=\"1pckilj\" data-start=\"1945\" data-end=\"1977\">\n<p data-start=\"1947\" data-end=\"1977\">podpirajo <strong data-start=\"1957\" data-end=\"1975\">imunski sistem<\/strong><\/p>\n<\/li>\n<li data-section-id=\"1jcct6\" data-start=\"1978\" data-end=\"2039\">\n<p data-start=\"1980\" data-end=\"2039\">lahko pomagajo za\u0161\u010dititi celice pred oksidativnim stresom<\/p>\n<\/li>\n<\/ul>\n<hr data-start=\"2041\" data-end=\"2044\">\n<h1 data-section-id=\"rybzfx\" data-start=\"2046\" data-end=\"2070\">Glavne prednosti hrane<\/h1>\n<p data-start=\"2072\" data-end=\"2327\">&#x2714; zelo visok dele\u017e mesa (<strong data-start=\"2097\" data-end=\"2110\">92 % race<\/strong>)<br \/>\n&#x2714; monoproteinska receptura<br \/>\n&#x2714; brez \u017eit in glutena<br \/>\n&#x2714; brez umetnih konzervansov in barvil<br \/>\n&#x2714; naravne sestavine<br \/>\n&#x2714; ne\u017ena penasta tekstura<br \/>\n&#x2714; visoka prebavljivost<br \/>\n&#x2714; <strong data-start=\"2283\" data-end=\"2327\">primerno tudi za neje\u0161\u010de in izbir\u010dne pse<\/strong><\/p>\n<h3>Popolna krmna me\u0161anica za odrasle pse vseh pasem, izdelana iz izbranih surovin.<br \/>\nObogatena z gozdnimi sade\u017ei.<br \/>\nUravnote\u017eena in zdrava prehrana z visoko okusnostjo in prebavljivostjo.<br \/>\nIzdelano iz prese\u017ekov surovin, namenjenih za \u010dlove\u0161ko prehrano.<br \/>\n<\/h3>\n<h3>Brez konzervansov, barvil in arom.<br \/>\n&#x2714; 100 % naravni izdelek<br \/>\n&#x2714; brez dodanih ma\u0161\u010dob<br \/>\n&#x2714; vsebuje sve\u017ee sadje<br \/>\n&#x2714; fina pa\u0161tetna struktura<br \/>\n&#x2714; z enim \u017eivalskim proteinom<br \/>\n&#x2714; brez \u017eit in glutena<br \/>\n&#x2714; ni testirano na \u017eivalih<br \/>\n<\/h3>\n<h3>Sestava:<br \/>\nraca 92 %, maline 4 %, mineralne snovi, zeli\u0161\u010da.<br \/>\n<\/h3>\n<h3>Analiza:<br \/>\nvlaga 81,8 %, surove beljakovine 8,1 %, surove ma\u0161\u010dobe 7,6 %, surovi pepel 3,2 %, surove vlaknine 0,2 %<br \/>\n<\/h3>\n<h3>Dodatki (na kg):<br \/>\nVitamin A 5 000 IU, Vitamin D3 500 IU, Vitamin E 41 mg,<br \/>\n\u017eelezo 13 mg (kelat \u017eeleza), mangan 10,3 mg (oksid manganov),<br \/>\nbaker 2,5 mg (pentahidrat bakrovega sulfata),<br \/>\njod 0,6 mg (kalijev jodid),<br \/>\ncink 8 mg (cinkov oksid),<br \/>\nselen 0,014 mg (natrijev selenit)<br \/>\n<\/h3>\n<h3>Navodila:<br \/>\nPostrezite pri sobni temperaturi.<br \/>\nPo odprtju hranite v hladilniku in porabite v 24 urah.<br \/>\nZagotovite dostop do vode.<\/h3>\n<p>Priporo\u010den dnevni odmerek:<\/p>\n<p>do 5 kg: 120 \u2013 350 g<\/p>\n<h3>10 \u2013 15 kg: 600 \u2013 850 g<br \/>\n20 \u2013 25 kg: 1100 \u2013 1200 g<br \/>\n30 \u2013 35 kg: 1400 \u2013 1600 g<\/h3>","protected":false},"excerpt":{"rendered":"<p data-start=\"126\" data-end=\"455\">Popolna mokra hrana za pse z zelo visokim dele\u017eem kakovostnega mesa (<strong data-start=\"195\" data-end=\"208\">92 % raca<\/strong>), dopolnjena z malinami kot naravnim virom antioksidantov in bioaktivnih snovi. <strong data-start=\"289\" data-end=\"455\">Ne\u017ena penasta tekstura in izrazit naravni okus zagotavljata visoko prebavljivost in odli\u010den okus tudi za ob\u010dutljive pse. Primerno tudi za neje\u0161\u010de in izbir\u010dne pse.<\/strong><\/p>\n<ul data-start=\"457\" data-end=\"753\">\n<li data-section-id=\"1xkdq4h\" data-start=\"457\" data-end=\"527\">\n<p data-start=\"459\" data-end=\"527\"><strong data-start=\"459\" data-end=\"477\">92 % mesa race<\/strong> \u2013 kakovosten in dobro prebavljiv vir beljakovin<\/p>\n<\/li>\n<li data-section-id=\"lzkne\" data-start=\"528\" data-end=\"567\">\n<p data-start=\"530\" data-end=\"567\"><strong data-start=\"530\" data-end=\"558\">monoproteinska receptura<\/strong> (raca)<\/p>\n<\/li>\n<li data-section-id=\"14g7ctq\" data-start=\"568\" data-end=\"626\">\n<p data-start=\"570\" data-end=\"626\"><strong data-start=\"570\" data-end=\"580\">maline<\/strong> kot naravni vir antioksidantov in vitaminov<\/p>\n<\/li>\n<li data-section-id=\"1uagl0j\" data-start=\"627\" data-end=\"654\">\n<p data-start=\"629\" data-end=\"654\"><strong data-start=\"629\" data-end=\"652\">brez \u017eit in glutena<\/strong><\/p>\n<\/li>\n<li data-section-id=\"1tca0wg\" data-start=\"655\" data-end=\"698\">\n<p data-start=\"657\" data-end=\"698\"><strong data-start=\"657\" data-end=\"696\">brez umetnih konzervansov in barvil<\/strong><\/p>\n<\/li>\n<li data-section-id=\"xw6iy3\" data-start=\"699\" data-end=\"753\">\n<p data-start=\"701\" data-end=\"753\">primerno kot <strong data-start=\"714\" data-end=\"753\">popoln obrok ali dodatek k briketom<\/strong><\/p>\n<\/li>\n<\/ul>","protected":false},"featured_media":17371,"comment_status":"open","ping_status":"closed","template":"","meta":{"_acf_changed":false,"_uag_custom_page_level_css":"","site-sidebar-layout":"default","site-content-layout":"","ast-site-content-layout":"default","site-content-style":"default","site-sidebar-style":"default","ast-global-header-display":"","ast-banner-title-visibility":"","ast-main-header-display":"","ast-hfb-above-header-display":"","ast-hfb-below-header-display":"","ast-hfb-mobile-header-display":"","site-post-title":"","ast-breadcrumbs-content":"","ast-featured-img":"","footer-sml-layout":"","ast-disable-related-posts":"","theme-transparent-header-meta":"default","adv-header-id-meta":"","stick-header-meta":"","header-above-stick-meta":"","header-main-stick-meta":"","header-below-stick-meta":"","astra-migrate-meta-layouts":"set","ast-page-background-enabled":"default","ast-page-background-meta":{"desktop":{"background-color":"","background-image":"","background-repeat":"repeat","background-position":"center center","background-size":"auto","background-attachment":"scroll","background-type":"","background-media":"","overlay-type":"","overlay-color":"","overlay-opacity":"","overlay-gradient":""},"tablet":{"background-color":"","background-image":"","background-repeat":"repeat","background-position":"center center","background-size":"auto","background-attachment":"scroll","background-type":"","background-media":"","overlay-type":"","overlay-color":"","overlay-opacity":"","overlay-gradient":""},"mobile":{"background-color":"","background-image":"","background-repeat":"repeat","background-position":"center center","background-size":"auto","background-attachment":"scroll","background-type":"","background-media":"","overlay-type":"","overlay-color":"","overlay-opacity":"","overlay-gradient":""}},"ast-content-background-meta":{"desktop":{"background-color":"var(--ast-global-color-5)","background-image":"","background-repeat":"repeat","background-position":"center center","background-size":"auto","background-attachment":"scroll","background-type":"","background-media":"","overlay-type":"","overlay-color":"","overlay-opacity":"","overlay-gradient":""},"tablet":{"background-color":"var(--ast-global-color-5)","background-image":"","background-repeat":"repeat","background-position":"center center","background-size":"auto","background-attachment":"scroll","background-type":"","background-media":"","overlay-type":"","overlay-color":"","overlay-opacity":"","overlay-gradient":""},"mobile":{"background-color":"var(--ast-global-color-5)","background-image":"","background-repeat":"repeat","background-position":"center center","background-size":"auto","background-attachment":"scroll","background-type":"","background-media":"","overlay-type":"","overlay-color":"","overlay-opacity":"","overlay-gradient":""}}},"product_brand":[],"product_cat":[970,947,725,946,953,727,948,944,945,942,952,723,951,18,760,950],"product_tag":[],"class_list":{"0":"post-17370","1":"product","2":"type-product","3":"status-publish","4":"has-post-thumbnail","6":"product_cat-bodreek","7":"product_cat-brez-glutena","8":"product_cat-hrana-za-pse","9":"product_cat-manj-mascob","10":"product_cat-mehko-blato-in-driska","11":"product_cat-mokra-hrana-za-pse","12":"product_cat-monoproteinska-hrana","13":"product_cat-nejesci-psi","14":"product_cat-obcutljiv-zelodec","15":"product_cat-posebne-prehranske-potrebe","16":"product_cat-proti-izpadanju-dlake","17":"product_cat-psi","18":"product_cat-starejsi-psi","19":"product_cat-vsi-izdelki","20":"product_cat-za-pasje-mladice","21":"product_cat-za-prekomerno-telesno-tezo","22":"desktop-align-center","23":"tablet-align-center","24":"mobile-align-center","26":"first","27":"instock","28":"shipping-taxable","29":"purchasable","30":"product-type-simple"},"acf":[],"yoast_head":"<!-- This site is optimized with the Yoast SEO plugin v27.4 - https:\/\/yoast.com\/product\/yoast-seo-wordpress\/ -->\n<title>Bodreek mokra hrana - Raca z malinami 400g - Trgovina Pasja Univerza<\/title>\n<meta name=\"description\" content=\"Bodreek mokra hrana - Raca z malinami 400g\" \/>\n<meta name=\"robots\" content=\"index, follow, max-snippet:-1, max-image-preview:large, max-video-preview:-1\" \/>\n<link rel=\"canonical\" href=\"https:\/\/trgovina.pasjauniverza.si\/en\/product\/bodreek-mokra-hrana-raca-z-malinami-400g\/\" \/>\n<meta property=\"og:locale\" content=\"en_US\" \/>\n<meta property=\"og:type\" content=\"article\" \/>\n<meta property=\"og:title\" content=\"Bodreek mokra hrana - Raca z malinami 400g - Trgovina Pasja Univerza\" \/>\n<meta property=\"og:description\" content=\"Bodreek mokra hrana - Raca z malinami 400g\" \/>\n<meta property=\"og:url\" content=\"https:\/\/trgovina.pasjauniverza.si\/en\/product\/bodreek-mokra-hrana-raca-z-malinami-400g\/\" \/>\n<meta property=\"og:site_name\" content=\"Trgovina Pasja Univerza\" \/>\n<meta property=\"article:modified_time\" content=\"2026-04-19T07:41:18+00:00\" \/>\n<meta property=\"og:image\" content=\"https:\/\/trgovina.pasjauniverza.si\/wp-content\/uploads\/2026\/03\/bodreek-raca-z-malinami.png\" \/>\n\t<meta property=\"og:image:width\" content=\"1080\" \/>\n\t<meta property=\"og:image:height\" content=\"1080\" \/>\n\t<meta property=\"og:image:type\" content=\"image\/png\" \/>\n<meta name=\"twitter:card\" content=\"summary_large_image\" \/>\n<meta name=\"twitter:label1\" content=\"Est. reading time\" \/>\n\t<meta name=\"twitter:data1\" content=\"2 minutes\" \/>\n<script type=\"application\/ld+json\" class=\"yoast-schema-graph\">{\"@context\":\"https:\\\/\\\/schema.org\",\"@graph\":[{\"@type\":\"WebPage\",\"@id\":\"https:\\\/\\\/trgovina.pasjauniverza.si\\\/product\\\/bodreek-mokra-hrana-raca-z-malinami-400g\\\/\",\"url\":\"https:\\\/\\\/trgovina.pasjauniverza.si\\\/product\\\/bodreek-mokra-hrana-raca-z-malinami-400g\\\/\",\"name\":\"Bodreek mokra hrana - Raca z malinami 400g - Trgovina Pasja Univerza\",\"isPartOf\":{\"@id\":\"https:\\\/\\\/trgovina.pasjauniverza.si\\\/#website\"},\"primaryImageOfPage\":{\"@id\":\"https:\\\/\\\/trgovina.pasjauniverza.si\\\/product\\\/bodreek-mokra-hrana-raca-z-malinami-400g\\\/#primaryimage\"},\"image\":{\"@id\":\"https:\\\/\\\/trgovina.pasjauniverza.si\\\/product\\\/bodreek-mokra-hrana-raca-z-malinami-400g\\\/#primaryimage\"},\"thumbnailUrl\":\"https:\\\/\\\/trgovina.pasjauniverza.si\\\/wp-content\\\/uploads\\\/2026\\\/03\\\/bodreek-raca-z-malinami.png\",\"datePublished\":\"2026-04-01T06:27:46+00:00\",\"dateModified\":\"2026-04-19T07:41:18+00:00\",\"description\":\"Bodreek mokra hrana - Raca z malinami 400g\",\"breadcrumb\":{\"@id\":\"https:\\\/\\\/trgovina.pasjauniverza.si\\\/product\\\/bodreek-mokra-hrana-raca-z-malinami-400g\\\/#breadcrumb\"},\"inLanguage\":\"en-US\",\"potentialAction\":[{\"@type\":\"ReadAction\",\"target\":[\"https:\\\/\\\/trgovina.pasjauniverza.si\\\/product\\\/bodreek-mokra-hrana-raca-z-malinami-400g\\\/\"]}]},{\"@type\":\"ImageObject\",\"inLanguage\":\"en-US\",\"@id\":\"https:\\\/\\\/trgovina.pasjauniverza.si\\\/product\\\/bodreek-mokra-hrana-raca-z-malinami-400g\\\/#primaryimage\",\"url\":\"https:\\\/\\\/trgovina.pasjauniverza.si\\\/wp-content\\\/uploads\\\/2026\\\/03\\\/bodreek-raca-z-malinami.png\",\"contentUrl\":\"https:\\\/\\\/trgovina.pasjauniverza.si\\\/wp-content\\\/uploads\\\/2026\\\/03\\\/bodreek-raca-z-malinami.png\",\"width\":1080,\"height\":1080,\"caption\":\"bodreek raca z malinami\"},{\"@type\":\"BreadcrumbList\",\"@id\":\"https:\\\/\\\/trgovina.pasjauniverza.si\\\/product\\\/bodreek-mokra-hrana-raca-z-malinami-400g\\\/#breadcrumb\",\"itemListElement\":[{\"@type\":\"ListItem\",\"position\":1,\"name\":\"Home\",\"item\":\"https:\\\/\\\/trgovina.pasjauniverza.si\\\/\"},{\"@type\":\"ListItem\",\"position\":2,\"name\":\"Trgovina\",\"item\":\"https:\\\/\\\/trgovina.pasjauniverza.si\\\/trgovina\\\/\"},{\"@type\":\"ListItem\",\"position\":3,\"name\":\"Bodreek mokra hrana &#8211; Raca z malinami 400g\"}]},{\"@type\":\"WebSite\",\"@id\":\"https:\\\/\\\/trgovina.pasjauniverza.si\\\/#website\",\"url\":\"https:\\\/\\\/trgovina.pasjauniverza.si\\\/\",\"name\":\"Trgovina Pasja Univerza\",\"description\":\"pasja univerza trgovina\",\"publisher\":{\"@id\":\"https:\\\/\\\/trgovina.pasjauniverza.si\\\/#organization\"},\"potentialAction\":[{\"@type\":\"SearchAction\",\"target\":{\"@type\":\"EntryPoint\",\"urlTemplate\":\"https:\\\/\\\/trgovina.pasjauniverza.si\\\/?s={search_term_string}\"},\"query-input\":{\"@type\":\"PropertyValueSpecification\",\"valueRequired\":true,\"valueName\":\"search_term_string\"}}],\"inLanguage\":\"en-US\"},{\"@type\":\"Organization\",\"@id\":\"https:\\\/\\\/trgovina.pasjauniverza.si\\\/#organization\",\"name\":\"Trgovina Pasja Univerza\",\"url\":\"https:\\\/\\\/trgovina.pasjauniverza.si\\\/\",\"logo\":{\"@type\":\"ImageObject\",\"inLanguage\":\"en-US\",\"@id\":\"https:\\\/\\\/trgovina.pasjauniverza.si\\\/#\\\/schema\\\/logo\\\/image\\\/\",\"url\":\"https:\\\/\\\/trgovina.pasjauniverza.si\\\/wp-content\\\/uploads\\\/2024\\\/08\\\/cropped-logotipi-vector-04.png\",\"contentUrl\":\"https:\\\/\\\/trgovina.pasjauniverza.si\\\/wp-content\\\/uploads\\\/2024\\\/08\\\/cropped-logotipi-vector-04.png\",\"width\":942,\"height\":908,\"caption\":\"Trgovina Pasja Univerza\"},\"image\":{\"@id\":\"https:\\\/\\\/trgovina.pasjauniverza.si\\\/#\\\/schema\\\/logo\\\/image\\\/\"}}]}<\/script>\n<!-- \/ Yoast SEO plugin. -->","yoast_head_json":{"title":"Bodreek mokra hrana - Raca z malinami 400g - Trgovina Pasja Univerza","description":"Bodreek mokra hrana - Raca z malinami 400g","robots":{"index":"index","follow":"follow","max-snippet":"max-snippet:-1","max-image-preview":"max-image-preview:large","max-video-preview":"max-video-preview:-1"},"canonical":"https:\/\/trgovina.pasjauniverza.si\/en\/product\/bodreek-mokra-hrana-raca-z-malinami-400g\/","og_locale":"en_US","og_type":"article","og_title":"Bodreek mokra hrana - Raca z malinami 400g - Trgovina Pasja Univerza","og_description":"Bodreek mokra hrana - Raca z malinami 400g","og_url":"https:\/\/trgovina.pasjauniverza.si\/en\/product\/bodreek-mokra-hrana-raca-z-malinami-400g\/","og_site_name":"Trgovina Pasja Univerza","article_modified_time":"2026-04-19T07:41:18+00:00","og_image":[{"width":1080,"height":1080,"url":"https:\/\/trgovina.pasjauniverza.si\/wp-content\/uploads\/2026\/03\/bodreek-raca-z-malinami.png","type":"image\/png"}],"twitter_card":"summary_large_image","twitter_misc":{"Est. reading time":"2 minutes"},"schema":{"@context":"https:\/\/schema.org","@graph":[{"@type":"WebPage","@id":"https:\/\/trgovina.pasjauniverza.si\/product\/bodreek-mokra-hrana-raca-z-malinami-400g\/","url":"https:\/\/trgovina.pasjauniverza.si\/product\/bodreek-mokra-hrana-raca-z-malinami-400g\/","name":"Bodreek mokra hrana - Raca z malinami 400g - Trgovina Pasja Univerza","isPartOf":{"@id":"https:\/\/trgovina.pasjauniverza.si\/#website"},"primaryImageOfPage":{"@id":"https:\/\/trgovina.pasjauniverza.si\/product\/bodreek-mokra-hrana-raca-z-malinami-400g\/#primaryimage"},"image":{"@id":"https:\/\/trgovina.pasjauniverza.si\/product\/bodreek-mokra-hrana-raca-z-malinami-400g\/#primaryimage"},"thumbnailUrl":"https:\/\/trgovina.pasjauniverza.si\/wp-content\/uploads\/2026\/03\/bodreek-raca-z-malinami.png","datePublished":"2026-04-01T06:27:46+00:00","dateModified":"2026-04-19T07:41:18+00:00","description":"Bodreek mokra hrana - Raca z malinami 400g","breadcrumb":{"@id":"https:\/\/trgovina.pasjauniverza.si\/product\/bodreek-mokra-hrana-raca-z-malinami-400g\/#breadcrumb"},"inLanguage":"en-US","potentialAction":[{"@type":"ReadAction","target":["https:\/\/trgovina.pasjauniverza.si\/product\/bodreek-mokra-hrana-raca-z-malinami-400g\/"]}]},{"@type":"ImageObject","inLanguage":"en-US","@id":"https:\/\/trgovina.pasjauniverza.si\/product\/bodreek-mokra-hrana-raca-z-malinami-400g\/#primaryimage","url":"https:\/\/trgovina.pasjauniverza.si\/wp-content\/uploads\/2026\/03\/bodreek-raca-z-malinami.png","contentUrl":"https:\/\/trgovina.pasjauniverza.si\/wp-content\/uploads\/2026\/03\/bodreek-raca-z-malinami.png","width":1080,"height":1080,"caption":"bodreek raca z malinami"},{"@type":"BreadcrumbList","@id":"https:\/\/trgovina.pasjauniverza.si\/product\/bodreek-mokra-hrana-raca-z-malinami-400g\/#breadcrumb","itemListElement":[{"@type":"ListItem","position":1,"name":"Home","item":"https:\/\/trgovina.pasjauniverza.si\/"},{"@type":"ListItem","position":2,"name":"Trgovina","item":"https:\/\/trgovina.pasjauniverza.si\/trgovina\/"},{"@type":"ListItem","position":3,"name":"Bodreek mokra hrana &#8211; Raca z malinami 400g"}]},{"@type":"WebSite","@id":"https:\/\/trgovina.pasjauniverza.si\/#website","url":"https:\/\/trgovina.pasjauniverza.si\/","name":"Trgovina Pasja Univerza","description":"pasja univerza trgovina","publisher":{"@id":"https:\/\/trgovina.pasjauniverza.si\/#organization"},"potentialAction":[{"@type":"SearchAction","target":{"@type":"EntryPoint","urlTemplate":"https:\/\/trgovina.pasjauniverza.si\/?s={search_term_string}"},"query-input":{"@type":"PropertyValueSpecification","valueRequired":true,"valueName":"search_term_string"}}],"inLanguage":"en-US"},{"@type":"Organization","@id":"https:\/\/trgovina.pasjauniverza.si\/#organization","name":"Trgovina Pasja Univerza","url":"https:\/\/trgovina.pasjauniverza.si\/","logo":{"@type":"ImageObject","inLanguage":"en-US","@id":"https:\/\/trgovina.pasjauniverza.si\/#\/schema\/logo\/image\/","url":"https:\/\/trgovina.pasjauniverza.si\/wp-content\/uploads\/2024\/08\/cropped-logotipi-vector-04.png","contentUrl":"https:\/\/trgovina.pasjauniverza.si\/wp-content\/uploads\/2024\/08\/cropped-logotipi-vector-04.png","width":942,"height":908,"caption":"Trgovina Pasja Univerza"},"image":{"@id":"https:\/\/trgovina.pasjauniverza.si\/#\/schema\/logo\/image\/"}}]}},"uagb_featured_image_src":{"full":["https:\/\/trgovina.pasjauniverza.si\/wp-content\/uploads\/2026\/03\/bodreek-raca-z-malinami.png",1080,1080,false],"thumbnail":["https:\/\/trgovina.pasjauniverza.si\/wp-content\/uploads\/2026\/03\/bodreek-raca-z-malinami-150x150.png",150,150,true],"medium":["https:\/\/trgovina.pasjauniverza.si\/wp-content\/uploads\/2026\/03\/bodreek-raca-z-malinami-300x300.png",300,300,true],"medium_large":["https:\/\/trgovina.pasjauniverza.si\/wp-content\/uploads\/2026\/03\/bodreek-raca-z-malinami-768x768.png",768,768,true],"large":["https:\/\/trgovina.pasjauniverza.si\/wp-content\/uploads\/2026\/03\/bodreek-raca-z-malinami-1024x1024.png",1024,1024,true],"1536x1536":["https:\/\/trgovina.pasjauniverza.si\/wp-content\/uploads\/2026\/03\/bodreek-raca-z-malinami.png",1080,1080,false],"2048x2048":["https:\/\/trgovina.pasjauniverza.si\/wp-content\/uploads\/2026\/03\/bodreek-raca-z-malinami.png",1080,1080,false],"trp-custom-language-flag":["https:\/\/trgovina.pasjauniverza.si\/wp-content\/uploads\/2026\/03\/bodreek-raca-z-malinami-12x12.png",12,12,true],"woocommerce_thumbnail":["https:\/\/trgovina.pasjauniverza.si\/wp-content\/uploads\/2026\/03\/bodreek-raca-z-malinami-300x300.png",300,300,true],"woocommerce_single":["https:\/\/trgovina.pasjauniverza.si\/wp-content\/uploads\/2026\/03\/bodreek-raca-z-malinami-600x600.png",600,600,true],"woocommerce_gallery_thumbnail":["https:\/\/trgovina.pasjauniverza.si\/wp-content\/uploads\/2026\/03\/bodreek-raca-z-malinami-100x100.png",100,100,true]},"uagb_author_info":{"display_name":"Karmen Grubeli\u0107, dr.vet.med.","author_link":"https:\/\/trgovina.pasjauniverza.si\/en\/author\/"},"uagb_comment_info":0,"uagb_excerpt":"Popolna mokra hrana za pse z zelo visokim dele\u017eem kakovostnega mesa (92 % raca), dopolnjena z malinami kot naravnim virom antioksidantov in bioaktivnih snovi. Ne\u017ena penasta tekstura in izrazit naravni okus zagotavljata visoko prebavljivost in odli\u010den okus tudi za ob\u010dutljive pse. Primerno tudi za neje\u0161\u010de in izbir\u010dne pse. 92 % mesa race \u2013 kakovosten in&hellip;","jetpack_sharing_enabled":true,"_links":{"self":[{"href":"https:\/\/trgovina.pasjauniverza.si\/en\/wp-json\/wp\/v2\/product\/17370","targetHints":{"allow":["GET"]}}],"collection":[{"href":"https:\/\/trgovina.pasjauniverza.si\/en\/wp-json\/wp\/v2\/product"}],"about":[{"href":"https:\/\/trgovina.pasjauniverza.si\/en\/wp-json\/wp\/v2\/types\/product"}],"replies":[{"embeddable":true,"href":"https:\/\/trgovina.pasjauniverza.si\/en\/wp-json\/wp\/v2\/comments?post=17370"}],"wp:featuredmedia":[{"embeddable":true,"href":"https:\/\/trgovina.pasjauniverza.si\/en\/wp-json\/wp\/v2\/media\/17371"}],"wp:attachment":[{"href":"https:\/\/trgovina.pasjauniverza.si\/en\/wp-json\/wp\/v2\/media?parent=17370"}],"wp:term":[{"taxonomy":"product_brand","embeddable":true,"href":"https:\/\/trgovina.pasjauniverza.si\/en\/wp-json\/wp\/v2\/product_brand?post=17370"},{"taxonomy":"product_cat","embeddable":true,"href":"https:\/\/trgovina.pasjauniverza.si\/en\/wp-json\/wp\/v2\/product_cat?post=17370"},{"taxonomy":"product_tag","embeddable":true,"href":"https:\/\/trgovina.pasjauniverza.si\/en\/wp-json\/wp\/v2\/product_tag?post=17370"}],"curies":[{"name":"wp","href":"https:\/\/api.w.org\/{rel}","templated":true}]}}