
{"id":17367,"date":"2026-04-01T06:27:46","date_gmt":"2026-04-01T06:27:46","guid":{"rendered":"https:\/\/trgovina.pasjauniverza.si\/?post_type=product&#038;p=17367"},"modified":"2026-04-01T06:27:46","modified_gmt":"2026-04-01T06:27:46","slug":"bodreek-mokra-hrana-prepelica-s-hrusko-400g","status":"publish","type":"product","link":"https:\/\/trgovina.pasjauniverza.si\/en\/product\/bodreek-mokra-hrana-prepelica-s-hrusko-400g\/","title":{"rendered":"Bodreek mokra hrana &#8211; Prepelica s hru\u0161ko 400g"},"content":{"rendered":"<p data-start=\"901\" data-end=\"1119\"><strong data-start=\"901\" data-end=\"931\">Bodreek Prepelica z hru\u0161ko<\/strong> je naravna mokra hrana za pse z zelo visokim dele\u017eem kakovostnega mesa prepelice. Receptura temelji na ne\u017enem mesu prepelice, ki je znano po svoji izjemni prebavljivosti in bogatem okusu.<\/p>\n<p data-start=\"1121\" data-end=\"1382\">Mokra hrana Bodreek ima zna\u010dilno <strong data-start=\"1154\" data-end=\"1183\">lahkotno penasto teksturo<\/strong>, zaradi katere je obrok zelo dobro prebavljiv in enostaven za zau\u017eitje. Zaradi izrazitega naravnega okusa je \u0161e posebej primerna za <strong data-start=\"1316\" data-end=\"1344\">neje\u0161\u010de ali izbir\u010dne pse<\/strong>, pa tudi za pse z ob\u010dutljivo prebavo.<\/p>\n<p data-start=\"1384\" data-end=\"1604\">Receptura sledi filozofiji <strong data-start=\"1411\" data-end=\"1439\">Endemic Nutrition System<\/strong>, ki temelji na uporabi kakovostnih regionalnih surovin in funkcionalnega sadja, ki obogati prehrano psa z naravnimi hranili.<\/p>\n<hr data-start=\"1606\" data-end=\"1609\" \/>\n<h1 data-section-id=\"1pwni4e\" data-start=\"1611\" data-end=\"1627\">Vir beljakovin<\/h1>\n<p data-start=\"1629\" data-end=\"1722\">Glavni vir beljakovin v recepturi je <strong data-start=\"1666\" data-end=\"1679\">prepelica<\/strong>, ki ima zelo ne\u017eno in fino vlaknasto meso.<\/p>\n<p data-start=\"1724\" data-end=\"1739\">Meso prepelice:<\/p>\n<ul data-start=\"1741\" data-end=\"1883\">\n<li data-section-id=\"3ttsgy\" data-start=\"1741\" data-end=\"1765\">\n<p data-start=\"1743\" data-end=\"1765\">je lahko prebavljivo<\/p>\n<\/li>\n<li data-section-id=\"v6r4m9\" data-start=\"1766\" data-end=\"1797\">\n<p data-start=\"1768\" data-end=\"1797\">ima zelo bogat naravni okus<\/p>\n<\/li>\n<li data-section-id=\"3t4mfg\" data-start=\"1798\" data-end=\"1841\">\n<p data-start=\"1800\" data-end=\"1841\">alergije na to vrsto mesa so zelo redke<\/p>\n<\/li>\n<li data-section-id=\"1l7jra7\" data-start=\"1842\" data-end=\"1883\">\n<p data-start=\"1844\" data-end=\"1883\">predstavlja kakovosten vir beljakovin<\/p>\n<\/li>\n<\/ul>\n<p data-start=\"1885\" data-end=\"2053\">Prepelica je cenjena tudi zato, ker se lahko vzreja brez uporabe kemije in antibiotikov, zato velja za zelo kakovosten vir mesa.<\/p>\n<hr data-start=\"2055\" data-end=\"2058\" \/>\n<h1 data-section-id=\"up9scv\" data-start=\"2060\" data-end=\"2086\">Hru\u0161ka in funkcija sadja<\/h1>\n<p data-start=\"2088\" data-end=\"2185\">Receptura vsebuje <strong data-start=\"2106\" data-end=\"2116\">hru\u0161ke<\/strong>, ki dopolnjujejo meso z naravnimi vlakninami in bioaktivnimi snovmi.<\/p>\n<p data-start=\"2187\" data-end=\"2194\">Hru\u0161ke:<\/p>\n<ul data-start=\"2196\" data-end=\"2420\">\n<li data-section-id=\"fyp1k8\" data-start=\"2196\" data-end=\"2249\">\n<p data-start=\"2198\" data-end=\"2249\">pomagajo pri <strong data-start=\"2211\" data-end=\"2247\">zmanj\u0161evanju napenjanja \u010drevesja<\/strong><\/p>\n<\/li>\n<li data-section-id=\"il3uad\" data-start=\"2250\" data-end=\"2282\">\n<p data-start=\"2252\" data-end=\"2282\">podpirajo <strong data-start=\"2262\" data-end=\"2280\">zdravo prebavo<\/strong><\/p>\n<\/li>\n<li data-section-id=\"1ycts9w\" data-start=\"2283\" data-end=\"2314\">\n<p data-start=\"2285\" data-end=\"2314\">vsebujejo <strong data-start=\"2295\" data-end=\"2312\">folno kislino<\/strong><\/p>\n<\/li>\n<li data-section-id=\"35krqp\" data-start=\"2315\" data-end=\"2420\">\n<p data-start=\"2317\" data-end=\"2420\">imajo <strong data-start=\"2323\" data-end=\"2352\">antioksidativne lastnosti<\/strong> in podpirajo imunski sistem<\/p>\n<\/li>\n<\/ul>\n<hr data-start=\"2422\" data-end=\"2425\" \/>\n<h1 data-section-id=\"rybzfx\" data-start=\"2427\" data-end=\"2451\">Glavne prednosti hrane<\/h1>\n<p data-start=\"2453\" data-end=\"2713\">&#x2714; zelo visok dele\u017e mesa (<strong data-start=\"2478\" data-end=\"2496\">92 % prepelice<\/strong>)<br data-start=\"2497\" data-end=\"2500\" \/>&#x2714; monoproteinska receptura<br data-start=\"2526\" data-end=\"2529\" \/>&#x2714; brez \u017eit in glutena<br data-start=\"2550\" data-end=\"2553\" \/>&#x2714; brez umetnih konzervansov in barvil<br data-start=\"2590\" data-end=\"2593\" \/>&#x2714; naravne sestavine<br data-start=\"2612\" data-end=\"2615\" \/>&#x2714; ne\u017ena penasta tekstura<br data-start=\"2639\" data-end=\"2642\" \/>&#x2714; visoka prebavljivost<br data-start=\"2664\" data-end=\"2667\" \/>&#x2714; <strong data-start=\"2669\" data-end=\"2713\">primerno tudi za neje\u0161\u010de in izbir\u010dne pse<\/strong><\/p>\n<hr data-start=\"2715\" data-end=\"2718\" \/>\n<h1 data-section-id=\"1tq8bb5\" data-start=\"2720\" data-end=\"2729\">Sestava<\/h1>\n<p data-start=\"2731\" data-end=\"2823\">prepelica 92 %, hru\u0161ke 4 %, mineralne snovi, ksiloza<\/p>\n<hr data-start=\"2825\" data-end=\"2828\" \/>\n<h1 data-section-id=\"1ahii6t\" data-start=\"2830\" data-end=\"2850\">Analiti\u010dna sestava<\/h1>\n<p data-start=\"2852\" data-end=\"3002\">vlaga 82 %<br data-start=\"2862\" data-end=\"2865\" \/>surove beljakovine 8,2 %<br data-start=\"2889\" data-end=\"2892\" \/>surove ma\u0161\u010dobe in olja 5,6 %<br data-start=\"2920\" data-end=\"2923\" \/>surov pepel 3 %<br data-start=\"2938\" data-end=\"2941\" \/>surova vlaknina 0,3 %<\/p>\n<hr data-start=\"3004\" data-end=\"3007\" \/>\n<h1 data-section-id=\"5ml08t\" data-start=\"3009\" data-end=\"3029\">Prehranski dodatki<\/h1>\n<p data-start=\"3031\" data-end=\"3097\">vitamin A 5000 IU\/kg<br data-start=\"3051\" data-end=\"3054\" \/>vitamin D3 335 IU\/kg<br data-start=\"3074\" data-end=\"3077\" \/>vitamin E 41 mg\/kg<\/p>\n<p data-start=\"3099\" data-end=\"3245\">\u017eelezo 3,29 mg\/kg<br data-start=\"3116\" data-end=\"3119\" \/>baker 2,5 mg\/kg<br data-start=\"3134\" data-end=\"3137\" \/>mangan 10,3 mg\/kg<br data-start=\"3154\" data-end=\"3157\" \/>jod 131 mg\/kg<br data-start=\"3170\" data-end=\"3173\" \/>cink 8 mg\/kg<br data-start=\"3185\" data-end=\"3188\" \/>selen 0,014 mg\/kg<\/p>\n<hr data-start=\"3247\" data-end=\"3250\" \/>\n<h1 data-section-id=\"vdobrk\" data-start=\"3252\" data-end=\"3275\">Navodila za hranjenje<\/h1>\n<p data-start=\"3277\" data-end=\"3454\">Postrezite pri sobni temperaturi. Po odprtju hranite v hladilniku in porabite v 24 urah. Vedno zagotovite psu dostop do sve\u017ee pitne vode.<\/p>\n<hr data-start=\"3456\" data-end=\"3459\" \/>\n<h1 data-section-id=\"1bakajc\" data-start=\"3461\" data-end=\"3489\">Orientacijski dnevni obrok<\/h1>\n<div class=\"TyagGW_tableContainer\">\n<div class=\"group TyagGW_tableWrapper flex flex-col-reverse w-fit\" tabindex=\"-1\">\n<table class=\"w-fit min-w-(--thread-content-width)\" data-start=\"3491\" data-end=\"3630\">\n<thead data-start=\"3491\" data-end=\"3518\">\n<tr data-start=\"3491\" data-end=\"3518\">\n<th class=\"\" data-start=\"3491\" data-end=\"3502\" data-col-size=\"sm\">Te\u017ea psa<\/th>\n<th class=\"\" data-start=\"3502\" data-end=\"3518\" data-col-size=\"sm\">Dnevni obrok<\/th>\n<\/tr>\n<\/thead>\n<tbody data-start=\"3529\" data-end=\"3630\">\n<tr data-start=\"3529\" data-end=\"3551\">\n<td data-start=\"3529\" data-end=\"3538\" data-col-size=\"sm\">1\u20135 kg<\/td>\n<td data-start=\"3538\" data-end=\"3551\" data-col-size=\"sm\">120\u2013350 g<\/td>\n<\/tr>\n<tr data-start=\"3552\" data-end=\"3576\">\n<td data-start=\"3552\" data-end=\"3563\" data-col-size=\"sm\">10\u201315 kg<\/td>\n<td data-start=\"3563\" data-end=\"3576\" data-col-size=\"sm\">600\u2013850 g<\/td>\n<\/tr>\n<tr data-start=\"3577\" data-end=\"3603\">\n<td data-start=\"3577\" data-end=\"3588\" data-col-size=\"sm\">20\u201325 kg<\/td>\n<td data-start=\"3588\" data-end=\"3603\" data-col-size=\"sm\">1100\u20131200 g<\/td>\n<\/tr>\n<tr data-start=\"3604\" data-end=\"3630\">\n<td data-start=\"3604\" data-end=\"3615\" data-col-size=\"sm\">30\u201335 kg<\/td>\n<td data-start=\"3615\" data-end=\"3630\" data-col-size=\"sm\">1400\u20131600 g<\/td>\n<\/tr>\n<\/tbody>\n<\/table>\n<\/div>\n<\/div>","protected":false},"excerpt":{"rendered":"<p data-start=\"149\" data-end=\"480\">Popolna mokra hrana za pse z zelo visokim dele\u017eem kakovostnega mesa (<strong data-start=\"218\" data-end=\"236\">92 % prepelica<\/strong>), dopolnjena s hru\u0161ko, ki podpira prebavo in prispeva naravne antioksidante. <strong data-start=\"314\" data-end=\"480\">Ne\u017ena penasta tekstura in izrazit naravni okus zagotavljata visoko prebavljivost in odli\u010den okus tudi za ob\u010dutljive pse. Primerno tudi za neje\u0161\u010de in izbir\u010dne pse.<\/strong><\/p>\n<ul data-start=\"482\" data-end=\"772\">\n<li data-section-id=\"ah2rbg\" data-start=\"482\" data-end=\"543\">\n<p data-start=\"484\" data-end=\"543\"><strong data-start=\"484\" data-end=\"507\">92 % mesa prepelice<\/strong> \u2013 lahko prebavljiv vir beljakovin<\/p>\n<\/li>\n<li data-section-id=\"1gjqub2\" data-start=\"544\" data-end=\"588\">\n<p data-start=\"546\" data-end=\"588\"><strong data-start=\"546\" data-end=\"574\">monoproteinska receptura<\/strong> (prepelica)<\/p>\n<\/li>\n<li data-section-id=\"1dqy7u0\" data-start=\"589\" data-end=\"645\">\n<p data-start=\"591\" data-end=\"645\"><strong data-start=\"591\" data-end=\"601\">hru\u0161ka<\/strong> kot naravni vir vlaknin in antioksidantov<\/p>\n<\/li>\n<li data-section-id=\"1uagl0j\" data-start=\"646\" data-end=\"673\">\n<p data-start=\"648\" data-end=\"673\"><strong data-start=\"648\" data-end=\"671\">brez \u017eit in glutena<\/strong><\/p>\n<\/li>\n<li data-section-id=\"1tca0wg\" data-start=\"674\" data-end=\"717\">\n<p data-start=\"676\" data-end=\"717\"><strong data-start=\"676\" data-end=\"715\">brez umetnih konzervansov in barvil<\/strong><\/p>\n<\/li>\n<li data-section-id=\"xw6iy3\" data-start=\"718\" data-end=\"772\">\n<p data-start=\"720\" data-end=\"772\">primerno kot <strong data-start=\"733\" data-end=\"772\">popoln obrok ali dodatek k briketom<\/strong><\/p>\n<\/li>\n<\/ul>","protected":false},"featured_media":17368,"comment_status":"open","ping_status":"closed","template":"","meta":{"_acf_changed":false,"_uag_custom_page_level_css":"","site-sidebar-layout":"default","site-content-layout":"","ast-site-content-layout":"default","site-content-style":"default","site-sidebar-style":"default","ast-global-header-display":"","ast-banner-title-visibility":"","ast-main-header-display":"","ast-hfb-above-header-display":"","ast-hfb-below-header-display":"","ast-hfb-mobile-header-display":"","site-post-title":"","ast-breadcrumbs-content":"","ast-featured-img":"","footer-sml-layout":"","ast-disable-related-posts":"","theme-transparent-header-meta":"default","adv-header-id-meta":"","stick-header-meta":"","header-above-stick-meta":"","header-main-stick-meta":"","header-below-stick-meta":"","astra-migrate-meta-layouts":"set","ast-page-background-enabled":"default","ast-page-background-meta":{"desktop":{"background-color":"","background-image":"","background-repeat":"repeat","background-position":"center center","background-size":"auto","background-attachment":"scroll","background-type":"","background-media":"","overlay-type":"","overlay-color":"","overlay-opacity":"","overlay-gradient":""},"tablet":{"background-color":"","background-image":"","background-repeat":"repeat","background-position":"center center","background-size":"auto","background-attachment":"scroll","background-type":"","background-media":"","overlay-type":"","overlay-color":"","overlay-opacity":"","overlay-gradient":""},"mobile":{"background-color":"","background-image":"","background-repeat":"repeat","background-position":"center center","background-size":"auto","background-attachment":"scroll","background-type":"","background-media":"","overlay-type":"","overlay-color":"","overlay-opacity":"","overlay-gradient":""}},"ast-content-background-meta":{"desktop":{"background-color":"var(--ast-global-color-5)","background-image":"","background-repeat":"repeat","background-position":"center center","background-size":"auto","background-attachment":"scroll","background-type":"","background-media":"","overlay-type":"","overlay-color":"","overlay-opacity":"","overlay-gradient":""},"tablet":{"background-color":"var(--ast-global-color-5)","background-image":"","background-repeat":"repeat","background-position":"center center","background-size":"auto","background-attachment":"scroll","background-type":"","background-media":"","overlay-type":"","overlay-color":"","overlay-opacity":"","overlay-gradient":""},"mobile":{"background-color":"var(--ast-global-color-5)","background-image":"","background-repeat":"repeat","background-position":"center center","background-size":"auto","background-attachment":"scroll","background-type":"","background-media":"","overlay-type":"","overlay-color":"","overlay-opacity":"","overlay-gradient":""}}},"product_brand":[],"product_cat":[970,947,725,946,953,727,948,944,945,942,952,723,951,18,760,950],"product_tag":[],"class_list":{"0":"post-17367","1":"product","2":"type-product","3":"status-publish","4":"has-post-thumbnail","6":"product_cat-bodreek","7":"product_cat-brez-glutena","8":"product_cat-hrana-za-pse","9":"product_cat-manj-mascob","10":"product_cat-mehko-blato-in-driska","11":"product_cat-mokra-hrana-za-pse","12":"product_cat-monoproteinska-hrana","13":"product_cat-nejesci-psi","14":"product_cat-obcutljiv-zelodec","15":"product_cat-posebne-prehranske-potrebe","16":"product_cat-proti-izpadanju-dlake","17":"product_cat-psi","18":"product_cat-starejsi-psi","19":"product_cat-vsi-izdelki","20":"product_cat-za-pasje-mladice","21":"product_cat-za-prekomerno-telesno-tezo","22":"desktop-align-center","23":"tablet-align-center","24":"mobile-align-center","26":"first","27":"outofstock","28":"shipping-taxable","29":"purchasable","30":"product-type-simple"},"acf":[],"yoast_head":"<!-- This site is optimized with the Yoast SEO plugin v27.4 - https:\/\/yoast.com\/product\/yoast-seo-wordpress\/ -->\n<title>Bodreek mokra hrana - Prepelica s hru\u0161ko 400g - Trgovina Pasja Univerza<\/title>\n<meta name=\"description\" content=\"Bodreek mokra hrana - Prepelica s hru\u0161ko 400g\" \/>\n<meta name=\"robots\" content=\"index, follow, max-snippet:-1, max-image-preview:large, max-video-preview:-1\" \/>\n<link rel=\"canonical\" href=\"https:\/\/trgovina.pasjauniverza.si\/en\/product\/bodreek-mokra-hrana-prepelica-s-hrusko-400g\/\" \/>\n<meta property=\"og:locale\" content=\"en_US\" \/>\n<meta property=\"og:type\" content=\"article\" \/>\n<meta property=\"og:title\" content=\"Bodreek mokra hrana - Prepelica s hru\u0161ko 400g - Trgovina Pasja Univerza\" \/>\n<meta property=\"og:description\" content=\"Bodreek mokra hrana - Prepelica s hru\u0161ko 400g\" \/>\n<meta property=\"og:url\" content=\"https:\/\/trgovina.pasjauniverza.si\/en\/product\/bodreek-mokra-hrana-prepelica-s-hrusko-400g\/\" \/>\n<meta property=\"og:site_name\" content=\"Trgovina Pasja Univerza\" \/>\n<meta property=\"og:image\" content=\"https:\/\/trgovina.pasjauniverza.si\/wp-content\/uploads\/2026\/03\/Bodreek-mokra-hrana-Prepelica-s-hrusko-400g-.png\" \/>\n\t<meta property=\"og:image:width\" content=\"1080\" \/>\n\t<meta property=\"og:image:height\" content=\"1080\" \/>\n\t<meta property=\"og:image:type\" content=\"image\/png\" \/>\n<meta name=\"twitter:card\" content=\"summary_large_image\" \/>\n<meta name=\"twitter:label1\" content=\"Est. reading time\" \/>\n\t<meta name=\"twitter:data1\" content=\"3 minutes\" \/>\n<script type=\"application\/ld+json\" class=\"yoast-schema-graph\">{\"@context\":\"https:\\\/\\\/schema.org\",\"@graph\":[{\"@type\":\"WebPage\",\"@id\":\"https:\\\/\\\/trgovina.pasjauniverza.si\\\/product\\\/bodreek-mokra-hrana-prepelica-s-hrusko-400g\\\/\",\"url\":\"https:\\\/\\\/trgovina.pasjauniverza.si\\\/product\\\/bodreek-mokra-hrana-prepelica-s-hrusko-400g\\\/\",\"name\":\"Bodreek mokra hrana - Prepelica s hru\u0161ko 400g - Trgovina Pasja Univerza\",\"isPartOf\":{\"@id\":\"https:\\\/\\\/trgovina.pasjauniverza.si\\\/#website\"},\"primaryImageOfPage\":{\"@id\":\"https:\\\/\\\/trgovina.pasjauniverza.si\\\/product\\\/bodreek-mokra-hrana-prepelica-s-hrusko-400g\\\/#primaryimage\"},\"image\":{\"@id\":\"https:\\\/\\\/trgovina.pasjauniverza.si\\\/product\\\/bodreek-mokra-hrana-prepelica-s-hrusko-400g\\\/#primaryimage\"},\"thumbnailUrl\":\"https:\\\/\\\/trgovina.pasjauniverza.si\\\/wp-content\\\/uploads\\\/2026\\\/03\\\/Bodreek-mokra-hrana-Prepelica-s-hrusko-400g-.png\",\"datePublished\":\"2026-04-01T06:27:46+00:00\",\"description\":\"Bodreek mokra hrana - Prepelica s hru\u0161ko 400g\",\"breadcrumb\":{\"@id\":\"https:\\\/\\\/trgovina.pasjauniverza.si\\\/product\\\/bodreek-mokra-hrana-prepelica-s-hrusko-400g\\\/#breadcrumb\"},\"inLanguage\":\"en-US\",\"potentialAction\":[{\"@type\":\"ReadAction\",\"target\":[\"https:\\\/\\\/trgovina.pasjauniverza.si\\\/product\\\/bodreek-mokra-hrana-prepelica-s-hrusko-400g\\\/\"]}]},{\"@type\":\"ImageObject\",\"inLanguage\":\"en-US\",\"@id\":\"https:\\\/\\\/trgovina.pasjauniverza.si\\\/product\\\/bodreek-mokra-hrana-prepelica-s-hrusko-400g\\\/#primaryimage\",\"url\":\"https:\\\/\\\/trgovina.pasjauniverza.si\\\/wp-content\\\/uploads\\\/2026\\\/03\\\/Bodreek-mokra-hrana-Prepelica-s-hrusko-400g-.png\",\"contentUrl\":\"https:\\\/\\\/trgovina.pasjauniverza.si\\\/wp-content\\\/uploads\\\/2026\\\/03\\\/Bodreek-mokra-hrana-Prepelica-s-hrusko-400g-.png\",\"width\":1080,\"height\":1080,\"caption\":\"Bodreek mokra hrana - Prepelica s hru\u0161ko 400g\"},{\"@type\":\"BreadcrumbList\",\"@id\":\"https:\\\/\\\/trgovina.pasjauniverza.si\\\/product\\\/bodreek-mokra-hrana-prepelica-s-hrusko-400g\\\/#breadcrumb\",\"itemListElement\":[{\"@type\":\"ListItem\",\"position\":1,\"name\":\"Home\",\"item\":\"https:\\\/\\\/trgovina.pasjauniverza.si\\\/\"},{\"@type\":\"ListItem\",\"position\":2,\"name\":\"Trgovina\",\"item\":\"https:\\\/\\\/trgovina.pasjauniverza.si\\\/trgovina\\\/\"},{\"@type\":\"ListItem\",\"position\":3,\"name\":\"Bodreek mokra hrana &#8211; Prepelica s hru\u0161ko 400g\"}]},{\"@type\":\"WebSite\",\"@id\":\"https:\\\/\\\/trgovina.pasjauniverza.si\\\/#website\",\"url\":\"https:\\\/\\\/trgovina.pasjauniverza.si\\\/\",\"name\":\"Trgovina Pasja Univerza\",\"description\":\"pasja univerza trgovina\",\"publisher\":{\"@id\":\"https:\\\/\\\/trgovina.pasjauniverza.si\\\/#organization\"},\"potentialAction\":[{\"@type\":\"SearchAction\",\"target\":{\"@type\":\"EntryPoint\",\"urlTemplate\":\"https:\\\/\\\/trgovina.pasjauniverza.si\\\/?s={search_term_string}\"},\"query-input\":{\"@type\":\"PropertyValueSpecification\",\"valueRequired\":true,\"valueName\":\"search_term_string\"}}],\"inLanguage\":\"en-US\"},{\"@type\":\"Organization\",\"@id\":\"https:\\\/\\\/trgovina.pasjauniverza.si\\\/#organization\",\"name\":\"Trgovina Pasja Univerza\",\"url\":\"https:\\\/\\\/trgovina.pasjauniverza.si\\\/\",\"logo\":{\"@type\":\"ImageObject\",\"inLanguage\":\"en-US\",\"@id\":\"https:\\\/\\\/trgovina.pasjauniverza.si\\\/#\\\/schema\\\/logo\\\/image\\\/\",\"url\":\"https:\\\/\\\/trgovina.pasjauniverza.si\\\/wp-content\\\/uploads\\\/2024\\\/08\\\/cropped-logotipi-vector-04.png\",\"contentUrl\":\"https:\\\/\\\/trgovina.pasjauniverza.si\\\/wp-content\\\/uploads\\\/2024\\\/08\\\/cropped-logotipi-vector-04.png\",\"width\":942,\"height\":908,\"caption\":\"Trgovina Pasja Univerza\"},\"image\":{\"@id\":\"https:\\\/\\\/trgovina.pasjauniverza.si\\\/#\\\/schema\\\/logo\\\/image\\\/\"}}]}<\/script>\n<!-- \/ Yoast SEO plugin. -->","yoast_head_json":{"title":"Bodreek mokra hrana - Prepelica s hru\u0161ko 400g - Trgovina Pasja Univerza","description":"Bodreek mokra hrana - Prepelica s hru\u0161ko 400g","robots":{"index":"index","follow":"follow","max-snippet":"max-snippet:-1","max-image-preview":"max-image-preview:large","max-video-preview":"max-video-preview:-1"},"canonical":"https:\/\/trgovina.pasjauniverza.si\/en\/product\/bodreek-mokra-hrana-prepelica-s-hrusko-400g\/","og_locale":"en_US","og_type":"article","og_title":"Bodreek mokra hrana - Prepelica s hru\u0161ko 400g - Trgovina Pasja Univerza","og_description":"Bodreek mokra hrana - Prepelica s hru\u0161ko 400g","og_url":"https:\/\/trgovina.pasjauniverza.si\/en\/product\/bodreek-mokra-hrana-prepelica-s-hrusko-400g\/","og_site_name":"Trgovina Pasja Univerza","og_image":[{"width":1080,"height":1080,"url":"https:\/\/trgovina.pasjauniverza.si\/wp-content\/uploads\/2026\/03\/Bodreek-mokra-hrana-Prepelica-s-hrusko-400g-.png","type":"image\/png"}],"twitter_card":"summary_large_image","twitter_misc":{"Est. reading time":"3 minutes"},"schema":{"@context":"https:\/\/schema.org","@graph":[{"@type":"WebPage","@id":"https:\/\/trgovina.pasjauniverza.si\/product\/bodreek-mokra-hrana-prepelica-s-hrusko-400g\/","url":"https:\/\/trgovina.pasjauniverza.si\/product\/bodreek-mokra-hrana-prepelica-s-hrusko-400g\/","name":"Bodreek mokra hrana - Prepelica s hru\u0161ko 400g - Trgovina Pasja Univerza","isPartOf":{"@id":"https:\/\/trgovina.pasjauniverza.si\/#website"},"primaryImageOfPage":{"@id":"https:\/\/trgovina.pasjauniverza.si\/product\/bodreek-mokra-hrana-prepelica-s-hrusko-400g\/#primaryimage"},"image":{"@id":"https:\/\/trgovina.pasjauniverza.si\/product\/bodreek-mokra-hrana-prepelica-s-hrusko-400g\/#primaryimage"},"thumbnailUrl":"https:\/\/trgovina.pasjauniverza.si\/wp-content\/uploads\/2026\/03\/Bodreek-mokra-hrana-Prepelica-s-hrusko-400g-.png","datePublished":"2026-04-01T06:27:46+00:00","description":"Bodreek mokra hrana - Prepelica s hru\u0161ko 400g","breadcrumb":{"@id":"https:\/\/trgovina.pasjauniverza.si\/product\/bodreek-mokra-hrana-prepelica-s-hrusko-400g\/#breadcrumb"},"inLanguage":"en-US","potentialAction":[{"@type":"ReadAction","target":["https:\/\/trgovina.pasjauniverza.si\/product\/bodreek-mokra-hrana-prepelica-s-hrusko-400g\/"]}]},{"@type":"ImageObject","inLanguage":"en-US","@id":"https:\/\/trgovina.pasjauniverza.si\/product\/bodreek-mokra-hrana-prepelica-s-hrusko-400g\/#primaryimage","url":"https:\/\/trgovina.pasjauniverza.si\/wp-content\/uploads\/2026\/03\/Bodreek-mokra-hrana-Prepelica-s-hrusko-400g-.png","contentUrl":"https:\/\/trgovina.pasjauniverza.si\/wp-content\/uploads\/2026\/03\/Bodreek-mokra-hrana-Prepelica-s-hrusko-400g-.png","width":1080,"height":1080,"caption":"Bodreek mokra hrana - Prepelica s hru\u0161ko 400g"},{"@type":"BreadcrumbList","@id":"https:\/\/trgovina.pasjauniverza.si\/product\/bodreek-mokra-hrana-prepelica-s-hrusko-400g\/#breadcrumb","itemListElement":[{"@type":"ListItem","position":1,"name":"Home","item":"https:\/\/trgovina.pasjauniverza.si\/"},{"@type":"ListItem","position":2,"name":"Trgovina","item":"https:\/\/trgovina.pasjauniverza.si\/trgovina\/"},{"@type":"ListItem","position":3,"name":"Bodreek mokra hrana &#8211; Prepelica s hru\u0161ko 400g"}]},{"@type":"WebSite","@id":"https:\/\/trgovina.pasjauniverza.si\/#website","url":"https:\/\/trgovina.pasjauniverza.si\/","name":"Trgovina Pasja Univerza","description":"pasja univerza trgovina","publisher":{"@id":"https:\/\/trgovina.pasjauniverza.si\/#organization"},"potentialAction":[{"@type":"SearchAction","target":{"@type":"EntryPoint","urlTemplate":"https:\/\/trgovina.pasjauniverza.si\/?s={search_term_string}"},"query-input":{"@type":"PropertyValueSpecification","valueRequired":true,"valueName":"search_term_string"}}],"inLanguage":"en-US"},{"@type":"Organization","@id":"https:\/\/trgovina.pasjauniverza.si\/#organization","name":"Trgovina Pasja Univerza","url":"https:\/\/trgovina.pasjauniverza.si\/","logo":{"@type":"ImageObject","inLanguage":"en-US","@id":"https:\/\/trgovina.pasjauniverza.si\/#\/schema\/logo\/image\/","url":"https:\/\/trgovina.pasjauniverza.si\/wp-content\/uploads\/2024\/08\/cropped-logotipi-vector-04.png","contentUrl":"https:\/\/trgovina.pasjauniverza.si\/wp-content\/uploads\/2024\/08\/cropped-logotipi-vector-04.png","width":942,"height":908,"caption":"Trgovina Pasja Univerza"},"image":{"@id":"https:\/\/trgovina.pasjauniverza.si\/#\/schema\/logo\/image\/"}}]}},"uagb_featured_image_src":{"full":["https:\/\/trgovina.pasjauniverza.si\/wp-content\/uploads\/2026\/03\/Bodreek-mokra-hrana-Prepelica-s-hrusko-400g-.png",1080,1080,false],"thumbnail":["https:\/\/trgovina.pasjauniverza.si\/wp-content\/uploads\/2026\/03\/Bodreek-mokra-hrana-Prepelica-s-hrusko-400g--150x150.png",150,150,true],"medium":["https:\/\/trgovina.pasjauniverza.si\/wp-content\/uploads\/2026\/03\/Bodreek-mokra-hrana-Prepelica-s-hrusko-400g--300x300.png",300,300,true],"medium_large":["https:\/\/trgovina.pasjauniverza.si\/wp-content\/uploads\/2026\/03\/Bodreek-mokra-hrana-Prepelica-s-hrusko-400g--768x768.png",768,768,true],"large":["https:\/\/trgovina.pasjauniverza.si\/wp-content\/uploads\/2026\/03\/Bodreek-mokra-hrana-Prepelica-s-hrusko-400g--1024x1024.png",1024,1024,true],"1536x1536":["https:\/\/trgovina.pasjauniverza.si\/wp-content\/uploads\/2026\/03\/Bodreek-mokra-hrana-Prepelica-s-hrusko-400g-.png",1080,1080,false],"2048x2048":["https:\/\/trgovina.pasjauniverza.si\/wp-content\/uploads\/2026\/03\/Bodreek-mokra-hrana-Prepelica-s-hrusko-400g-.png",1080,1080,false],"trp-custom-language-flag":["https:\/\/trgovina.pasjauniverza.si\/wp-content\/uploads\/2026\/03\/Bodreek-mokra-hrana-Prepelica-s-hrusko-400g--12x12.png",12,12,true],"woocommerce_thumbnail":["https:\/\/trgovina.pasjauniverza.si\/wp-content\/uploads\/2026\/03\/Bodreek-mokra-hrana-Prepelica-s-hrusko-400g--300x300.png",300,300,true],"woocommerce_single":["https:\/\/trgovina.pasjauniverza.si\/wp-content\/uploads\/2026\/03\/Bodreek-mokra-hrana-Prepelica-s-hrusko-400g--600x600.png",600,600,true],"woocommerce_gallery_thumbnail":["https:\/\/trgovina.pasjauniverza.si\/wp-content\/uploads\/2026\/03\/Bodreek-mokra-hrana-Prepelica-s-hrusko-400g--100x100.png",100,100,true]},"uagb_author_info":{"display_name":"Karmen Grubeli\u0107, dr.vet.med.","author_link":"https:\/\/trgovina.pasjauniverza.si\/en\/author\/"},"uagb_comment_info":0,"uagb_excerpt":"Popolna mokra hrana za pse z zelo visokim dele\u017eem kakovostnega mesa (92 % prepelica), dopolnjena s hru\u0161ko, ki podpira prebavo in prispeva naravne antioksidante. Ne\u017ena penasta tekstura in izrazit naravni okus zagotavljata visoko prebavljivost in odli\u010den okus tudi za ob\u010dutljive pse. Primerno tudi za neje\u0161\u010de in izbir\u010dne pse. 92 % mesa prepelice \u2013 lahko prebavljiv&hellip;","jetpack_sharing_enabled":true,"_links":{"self":[{"href":"https:\/\/trgovina.pasjauniverza.si\/en\/wp-json\/wp\/v2\/product\/17367","targetHints":{"allow":["GET"]}}],"collection":[{"href":"https:\/\/trgovina.pasjauniverza.si\/en\/wp-json\/wp\/v2\/product"}],"about":[{"href":"https:\/\/trgovina.pasjauniverza.si\/en\/wp-json\/wp\/v2\/types\/product"}],"replies":[{"embeddable":true,"href":"https:\/\/trgovina.pasjauniverza.si\/en\/wp-json\/wp\/v2\/comments?post=17367"}],"wp:featuredmedia":[{"embeddable":true,"href":"https:\/\/trgovina.pasjauniverza.si\/en\/wp-json\/wp\/v2\/media\/17368"}],"wp:attachment":[{"href":"https:\/\/trgovina.pasjauniverza.si\/en\/wp-json\/wp\/v2\/media?parent=17367"}],"wp:term":[{"taxonomy":"product_brand","embeddable":true,"href":"https:\/\/trgovina.pasjauniverza.si\/en\/wp-json\/wp\/v2\/product_brand?post=17367"},{"taxonomy":"product_cat","embeddable":true,"href":"https:\/\/trgovina.pasjauniverza.si\/en\/wp-json\/wp\/v2\/product_cat?post=17367"},{"taxonomy":"product_tag","embeddable":true,"href":"https:\/\/trgovina.pasjauniverza.si\/en\/wp-json\/wp\/v2\/product_tag?post=17367"}],"curies":[{"name":"wp","href":"https:\/\/api.w.org\/{rel}","templated":true}]}}