
{"id":17363,"date":"2026-04-01T06:27:46","date_gmt":"2026-04-01T06:27:46","guid":{"rendered":"https:\/\/trgovina.pasjauniverza.si\/?post_type=product&#038;p=17363"},"modified":"2026-04-24T14:04:15","modified_gmt":"2026-04-24T14:04:15","slug":"bodreek-mokra-hrana-zajec-z-jabolkom-400g","status":"publish","type":"product","link":"https:\/\/trgovina.pasjauniverza.si\/en\/product\/bodreek-mokra-hrana-zajec-z-jabolkom-400g\/","title":{"rendered":"Bodreek mokra hrana &#8211; Zajec z jabolkom 400g"},"content":{"rendered":"<p data-start=\"726\" data-end=\"985\"><strong data-start=\"726\" data-end=\"754\">Bodreek Zajec z jabolkom<\/strong> je naravna popolna mokra hrana za pse z visokim dele\u017eem kakovostnega mesa zajca. Receptura temelji na ne\u017enem mesu zajca, ki je lahko prebavljivo, ima visoko biolo\u0161ko vrednost beljakovin in je zelo dobro sprejeto tudi pri ob\u010dutljivih psih.<\/p>\n<p data-start=\"987\" data-end=\"1270\">Mokra hrana Bodreek je znana po <strong data-start=\"1019\" data-end=\"1046\">ne\u017eni penasti strukturi<\/strong>, ki omogo\u010da enostavno zau\u017eitje, visoko prebavljivost in prijetno teksturo obroka. Zaradi tega je hrana primerna tudi za pse z ob\u010dutljivo prebavo ali za pse, ki te\u017eje \u017eve\u010dijo suho hrano.<\/p>\n<p data-start=\"1272\" data-end=\"1492\">Receptura sledi konceptu <strong data-start=\"1297\" data-end=\"1325\">Endemic Nutrition System<\/strong>, ki temelji na uporabi kakovostnih regionalnih sestavin ter funkcionalnega sadja, ki obogatijo prehrano psa z naravnimi hranili.<\/p>\n<hr data-start=\"1494\" data-end=\"1497\">\n<h1 data-section-id=\"1pwni4e\" data-start=\"1499\" data-end=\"1515\">Vir beljakovin<\/h1>\n<p data-start=\"1517\" data-end=\"1564\">Glavni vir beljakovin v recepturi je <strong data-start=\"1554\" data-end=\"1563\">zajec<\/strong>.<\/p>\n<p data-start=\"1566\" data-end=\"1577\">Meso zajca:<\/p>\n<ul data-start=\"1579\" data-end=\"1768\">\n<li data-section-id=\"1paxsq5\" data-start=\"1579\" data-end=\"1617\">\n<p data-start=\"1581\" data-end=\"1617\">je zelo ne\u017eno in lahko prebavljivo<\/p>\n<\/li>\n<li data-section-id=\"8238pm\" data-start=\"1618\" data-end=\"1677\">\n<p data-start=\"1620\" data-end=\"1677\">ima zelo visoko izkoristljivost beljakovin (okoli 90 %)<\/p>\n<\/li>\n<li data-section-id=\"17k455y\" data-start=\"1678\" data-end=\"1719\">\n<p data-start=\"1680\" data-end=\"1719\">alergije na zaj\u010dje meso so zelo redke<\/p>\n<\/li>\n<li data-section-id=\"1ji0bpy\" data-start=\"1720\" data-end=\"1768\">\n<p data-start=\"1722\" data-end=\"1768\">je primerno tudi za pse z ob\u010dutljivo prebavo<\/p>\n<\/li>\n<\/ul>\n<p data-start=\"1770\" data-end=\"1906\">Zaradi svoje lahke prebavljivosti je zaj\u010dje meso pogosto priporo\u010deno za pse s prebavnimi te\u017eavami.<\/p>\n<hr data-start=\"1908\" data-end=\"1911\">\n<h1 data-section-id=\"wj8e9x\" data-start=\"1913\" data-end=\"1940\">Jabolko in funkcija sadja<\/h1>\n<p data-start=\"1942\" data-end=\"2034\">Receptura vsebuje <strong data-start=\"1960\" data-end=\"1971\">jabolka<\/strong>, ki so naravni vir \u0161tevilnih mineralov in prehranskih vlaknin.<\/p>\n<p data-start=\"2036\" data-end=\"2044\">Jabolka:<\/p>\n<ul data-start=\"2046\" data-end=\"2178\">\n<li data-section-id=\"1esnfey\" data-start=\"2046\" data-end=\"2087\">\n<p data-start=\"2048\" data-end=\"2087\">vsebujejo ve\u010d kot 30 mineralnih snovi<\/p>\n<\/li>\n<li data-section-id=\"13f3u91\" data-start=\"2088\" data-end=\"2117\">\n<p data-start=\"2090\" data-end=\"2117\">vsebujejo prebavne encime<\/p>\n<\/li>\n<li data-section-id=\"nbd22e\" data-start=\"2118\" data-end=\"2142\">\n<p data-start=\"2120\" data-end=\"2142\">so bogata s pektinom<\/p>\n<\/li>\n<li data-section-id=\"1cb6res\" data-start=\"2143\" data-end=\"2178\">\n<p data-start=\"2145\" data-end=\"2178\">imajo antioksidativne lastnosti<\/p>\n<\/li>\n<\/ul>\n<p data-start=\"2180\" data-end=\"2310\">Pektin v jabolkih podpira zdravo prebavo in pomaga ohranjati ravnovesje \u010drevesne mikrobiote.<\/p>\n<hr data-start=\"2312\" data-end=\"2315\">\n<h1 data-section-id=\"rybzfx\" data-start=\"2317\" data-end=\"2341\">Glavne prednosti hrane<\/h1>\n<p data-start=\"2343\" data-end=\"2588\">&#x2714; zelo visok dele\u017e mesa (<strong data-start=\"2368\" data-end=\"2382\">92 % zajca<\/strong>)<br \/>\n&#x2714; monoproteinska receptura<br \/>\n&#x2714; brez \u017eit in glutena<br \/>\n&#x2714; brez umetnih konzervansov in barvil<br \/>\n&#x2714; naravne sestavine<br \/>\n&#x2714; ne\u017ena penasta tekstura<br \/>\n&#x2714; visoka prebavljivost<br \/>\n&#x2714; primerno tudi za ob\u010dutljive pse<\/p>\n<h3>Popolna mokra hrana za odrasle pse vseh pasem, izdelana iz izbranih surovin, obogatena s sve\u017eim sadjem.Uravnote\u017eena in zdrava prehrana z visoko okusnostjo in prebavljivostjo.<br \/>\nSve\u017ee meso prihaja iz prese\u017ekov proizvodnje, namenjene za \u010dlove\u0161ko prehrano.<\/h3>\n<h3>Brez konzervansov in brez dodanih barvil.<br \/>\n&#x2714; 100 % naravni izdelek<br \/>\n&#x2714; samo sve\u017ee meso<br \/>\n&#x2714; ko\u0161\u010dki sve\u017eega sadja<br \/>\n&#x2714; fina pa\u0161tetna struktura<br \/>\n&#x2714; receptura z enim \u017eivalskim proteinom<br \/>\n&#x2714; brez \u017eit in glutena<br \/>\n&#x2714; ni testirano na \u017eivalih<br \/>\n<\/h3>\n<h3>\nSestava:<br \/>\nzajec 92 %, jabolka 4 %, mineralne snovi, ksiloza.<br \/>\n<\/h3>\n<h3>\nAnaliza:<br \/>\nvlaga: 80,7 %<br \/>\nsurove beljakovine: 8,5 %<br \/>\nsurove ma\u0161\u010dobe in olja: 5,5 %<br \/>\nsurovi pepel: 2,5 %<br \/>\nsurove vlaknine: 0,3 %<br \/>\n<\/h3>\n<h3>\nPrehranski dodatki (na kg):<br \/>\nVitamin A 5.000 IU\/kg<br \/>\nVitamin D3 335 IU\/kg<br \/>\nVitamin E 41 mg\/kg<br \/>\n\u017eelezo 13 mg\/kg<br \/>\nbaker 2,5 mg\/kg<br \/>\nmangan 10,3 mg\/kg<br \/>\njod 0,6 mg\/kg<br \/>\ncink 8 mg\/kg<br \/>\nselen 0,014 mg\/kg<br \/>\n<\/h3>\n<h3>\nNavodila:<br \/>\nPostrezite pri sobni temperaturi.<br \/>\nPo odprtju hranite v hladilniku in porabite v 24 urah.<\/h3>\n<h3>Zagotovite dostop do vode.<br \/>\n<\/h3>\n<h3>Priporo\u010deno dnevno odmerjanje:1\u20135 kg: 120\u2013350 g<br \/>\n10\u201315 kg: 600\u2013850 g<br \/>\n20\u201325 kg: 1100\u20131200 g<\/h3>\n<h3>30\u201335 kg: 1400\u20131600 g<\/h3>\n<p data-start=\"3500\" data-end=\"3639\">Dnevni obrok je orientacijski in ga prilagodite glede na starost, aktivnost in telesno kondicijo psa.<\/p>","protected":false},"excerpt":{"rendered":"<p data-start=\"100\" data-end=\"365\">Popolna mokra hrana za pse z zelo visokim dele\u017eem kakovostnega mesa (<strong data-start=\"169\" data-end=\"183\">92 % zajec<\/strong>), dopolnjena z jabolkom, ki podpira prebavo in prispeva naravne antioksidante. Ne\u017ena penasta tekstura in izrazit naravni okus zagotavljata visoko prebavljivost in odli\u010den okus tudi za ob\u010dutljive pse. Primerno tudi za <strong data-start=\"337\" data-end=\"364\">neje\u0161\u010de in izbir\u010dne pse<\/strong>.<\/p>\n<ul data-start=\"367\" data-end=\"761\" data-is-last-node=\"\" data-is-only-node=\"\">\n<li data-section-id=\"1b6snxq\" data-start=\"367\" data-end=\"424\">\n<p data-start=\"369\" data-end=\"424\"><strong data-start=\"369\" data-end=\"388\">92 % mesa zajca<\/strong> \u2013 lahko prebavljiv vir beljakovin<\/p>\n<\/li>\n<li data-section-id=\"1ao434c\" data-start=\"425\" data-end=\"465\">\n<p data-start=\"427\" data-end=\"465\"><strong data-start=\"427\" data-end=\"455\">monoproteinska receptura<\/strong> (zajec)<\/p>\n<\/li>\n<li data-section-id=\"1fj4f4q\" data-start=\"466\" data-end=\"518\">\n<p data-start=\"468\" data-end=\"518\"><strong data-start=\"468\" data-end=\"479\">jabolka<\/strong> kot naravni vir pektina in mineralov<\/p>\n<\/li>\n<li data-section-id=\"1uagl0j\" data-start=\"519\" data-end=\"546\">\n<p data-start=\"521\" data-end=\"546\"><strong data-start=\"521\" data-end=\"544\">brez \u017eit in glutena<\/strong><\/p>\n<\/li>\n<li data-section-id=\"1dly5ug\" data-start=\"547\" data-end=\"609\">\n<p data-start=\"549\" data-end=\"609\"><strong data-start=\"549\" data-end=\"607\">brez umetnih konzervansov, barvil in oja\u010devalcev okusa<\/strong><\/p>\n<\/li>\n<li data-section-id=\"bzkt94\" data-start=\"610\" data-end=\"657\">\n<p data-start=\"612\" data-end=\"657\">zelo <strong data-start=\"617\" data-end=\"655\">lahko prebavljiva penasta tekstura<\/strong><\/p>\n<\/li>\n<li data-section-id=\"1l127rj\" data-start=\"658\" data-end=\"706\">\n<p data-start=\"660\" data-end=\"706\"><strong data-start=\"660\" data-end=\"704\">primerno tudi za neje\u0161\u010de in izbir\u010dne pse<\/strong><\/p>\n<\/li>\n<li data-section-id=\"xw6iy3\" data-start=\"707\" data-end=\"761\" data-is-last-node=\"\">\n<p data-start=\"709\" data-end=\"761\" data-is-last-node=\"\">primerno kot <strong data-start=\"722\" data-end=\"761\" data-is-last-node=\"\">popoln obrok ali dodatek k briketom<\/strong><\/p>\n<\/li>\n<\/ul>","protected":false},"featured_media":17364,"comment_status":"open","ping_status":"closed","template":"","meta":{"_acf_changed":false,"_uag_custom_page_level_css":"","site-sidebar-layout":"default","site-content-layout":"","ast-site-content-layout":"default","site-content-style":"default","site-sidebar-style":"default","ast-global-header-display":"","ast-banner-title-visibility":"","ast-main-header-display":"","ast-hfb-above-header-display":"","ast-hfb-below-header-display":"","ast-hfb-mobile-header-display":"","site-post-title":"","ast-breadcrumbs-content":"","ast-featured-img":"","footer-sml-layout":"","ast-disable-related-posts":"","theme-transparent-header-meta":"default","adv-header-id-meta":"","stick-header-meta":"","header-above-stick-meta":"","header-main-stick-meta":"","header-below-stick-meta":"","astra-migrate-meta-layouts":"set","ast-page-background-enabled":"default","ast-page-background-meta":{"desktop":{"background-color":"","background-image":"","background-repeat":"repeat","background-position":"center center","background-size":"auto","background-attachment":"scroll","background-type":"","background-media":"","overlay-type":"","overlay-color":"","overlay-opacity":"","overlay-gradient":""},"tablet":{"background-color":"","background-image":"","background-repeat":"repeat","background-position":"center center","background-size":"auto","background-attachment":"scroll","background-type":"","background-media":"","overlay-type":"","overlay-color":"","overlay-opacity":"","overlay-gradient":""},"mobile":{"background-color":"","background-image":"","background-repeat":"repeat","background-position":"center center","background-size":"auto","background-attachment":"scroll","background-type":"","background-media":"","overlay-type":"","overlay-color":"","overlay-opacity":"","overlay-gradient":""}},"ast-content-background-meta":{"desktop":{"background-color":"var(--ast-global-color-5)","background-image":"","background-repeat":"repeat","background-position":"center center","background-size":"auto","background-attachment":"scroll","background-type":"","background-media":"","overlay-type":"","overlay-color":"","overlay-opacity":"","overlay-gradient":""},"tablet":{"background-color":"var(--ast-global-color-5)","background-image":"","background-repeat":"repeat","background-position":"center center","background-size":"auto","background-attachment":"scroll","background-type":"","background-media":"","overlay-type":"","overlay-color":"","overlay-opacity":"","overlay-gradient":""},"mobile":{"background-color":"var(--ast-global-color-5)","background-image":"","background-repeat":"repeat","background-position":"center center","background-size":"auto","background-attachment":"scroll","background-type":"","background-media":"","overlay-type":"","overlay-color":"","overlay-opacity":"","overlay-gradient":""}}},"product_brand":[],"product_cat":[970,947,725,946,953,727,948,944,945,942,952,723,951,18,760,950],"product_tag":[],"class_list":{"0":"post-17363","1":"product","2":"type-product","3":"status-publish","4":"has-post-thumbnail","6":"product_cat-bodreek","7":"product_cat-brez-glutena","8":"product_cat-hrana-za-pse","9":"product_cat-manj-mascob","10":"product_cat-mehko-blato-in-driska","11":"product_cat-mokra-hrana-za-pse","12":"product_cat-monoproteinska-hrana","13":"product_cat-nejesci-psi","14":"product_cat-obcutljiv-zelodec","15":"product_cat-posebne-prehranske-potrebe","16":"product_cat-proti-izpadanju-dlake","17":"product_cat-psi","18":"product_cat-starejsi-psi","19":"product_cat-vsi-izdelki","20":"product_cat-za-pasje-mladice","21":"product_cat-za-prekomerno-telesno-tezo","22":"desktop-align-center","23":"tablet-align-center","24":"mobile-align-center","26":"first","27":"instock","28":"shipping-taxable","29":"purchasable","30":"product-type-simple"},"acf":[],"yoast_head":"<!-- This site is optimized with the Yoast SEO plugin v27.4 - https:\/\/yoast.com\/product\/yoast-seo-wordpress\/ -->\n<title>Bodreek mokra hrana - Zajec z jabolkom 400g - Trgovina Pasja Univerza<\/title>\n<meta name=\"description\" content=\"Bodreek mokra hrana - Zajec z jabolkom 400g\" \/>\n<meta name=\"robots\" content=\"index, follow, max-snippet:-1, max-image-preview:large, max-video-preview:-1\" \/>\n<link rel=\"canonical\" href=\"https:\/\/trgovina.pasjauniverza.si\/en\/product\/bodreek-mokra-hrana-zajec-z-jabolkom-400g\/\" \/>\n<meta property=\"og:locale\" content=\"en_US\" \/>\n<meta property=\"og:type\" content=\"article\" \/>\n<meta property=\"og:title\" content=\"Bodreek mokra hrana - Zajec z jabolkom 400g - Trgovina Pasja Univerza\" \/>\n<meta property=\"og:description\" content=\"Bodreek mokra hrana - Zajec z jabolkom 400g\" \/>\n<meta property=\"og:url\" content=\"https:\/\/trgovina.pasjauniverza.si\/en\/product\/bodreek-mokra-hrana-zajec-z-jabolkom-400g\/\" \/>\n<meta property=\"og:site_name\" content=\"Trgovina Pasja Univerza\" \/>\n<meta property=\"article:modified_time\" content=\"2026-04-24T14:04:15+00:00\" \/>\n<meta property=\"og:image\" content=\"https:\/\/trgovina.pasjauniverza.si\/wp-content\/uploads\/2026\/03\/Bodreek-Zajec-z-jabolkom.png\" \/>\n\t<meta property=\"og:image:width\" content=\"1080\" \/>\n\t<meta property=\"og:image:height\" content=\"1080\" \/>\n\t<meta property=\"og:image:type\" content=\"image\/png\" \/>\n<meta name=\"twitter:card\" content=\"summary_large_image\" \/>\n<meta name=\"twitter:label1\" content=\"Est. reading time\" \/>\n\t<meta name=\"twitter:data1\" content=\"3 minutes\" \/>\n<script type=\"application\/ld+json\" class=\"yoast-schema-graph\">{\"@context\":\"https:\\\/\\\/schema.org\",\"@graph\":[{\"@type\":\"WebPage\",\"@id\":\"https:\\\/\\\/trgovina.pasjauniverza.si\\\/product\\\/bodreek-mokra-hrana-zajec-z-jabolkom-400g\\\/\",\"url\":\"https:\\\/\\\/trgovina.pasjauniverza.si\\\/product\\\/bodreek-mokra-hrana-zajec-z-jabolkom-400g\\\/\",\"name\":\"Bodreek mokra hrana - Zajec z jabolkom 400g - Trgovina Pasja Univerza\",\"isPartOf\":{\"@id\":\"https:\\\/\\\/trgovina.pasjauniverza.si\\\/#website\"},\"primaryImageOfPage\":{\"@id\":\"https:\\\/\\\/trgovina.pasjauniverza.si\\\/product\\\/bodreek-mokra-hrana-zajec-z-jabolkom-400g\\\/#primaryimage\"},\"image\":{\"@id\":\"https:\\\/\\\/trgovina.pasjauniverza.si\\\/product\\\/bodreek-mokra-hrana-zajec-z-jabolkom-400g\\\/#primaryimage\"},\"thumbnailUrl\":\"https:\\\/\\\/trgovina.pasjauniverza.si\\\/wp-content\\\/uploads\\\/2026\\\/03\\\/Bodreek-Zajec-z-jabolkom.png\",\"datePublished\":\"2026-04-01T06:27:46+00:00\",\"dateModified\":\"2026-04-24T14:04:15+00:00\",\"description\":\"Bodreek mokra hrana - Zajec z jabolkom 400g\",\"breadcrumb\":{\"@id\":\"https:\\\/\\\/trgovina.pasjauniverza.si\\\/product\\\/bodreek-mokra-hrana-zajec-z-jabolkom-400g\\\/#breadcrumb\"},\"inLanguage\":\"en-US\",\"potentialAction\":[{\"@type\":\"ReadAction\",\"target\":[\"https:\\\/\\\/trgovina.pasjauniverza.si\\\/product\\\/bodreek-mokra-hrana-zajec-z-jabolkom-400g\\\/\"]}]},{\"@type\":\"ImageObject\",\"inLanguage\":\"en-US\",\"@id\":\"https:\\\/\\\/trgovina.pasjauniverza.si\\\/product\\\/bodreek-mokra-hrana-zajec-z-jabolkom-400g\\\/#primaryimage\",\"url\":\"https:\\\/\\\/trgovina.pasjauniverza.si\\\/wp-content\\\/uploads\\\/2026\\\/03\\\/Bodreek-Zajec-z-jabolkom.png\",\"contentUrl\":\"https:\\\/\\\/trgovina.pasjauniverza.si\\\/wp-content\\\/uploads\\\/2026\\\/03\\\/Bodreek-Zajec-z-jabolkom.png\",\"width\":1080,\"height\":1080,\"caption\":\"Bodreek Zajec z jabolkom\"},{\"@type\":\"BreadcrumbList\",\"@id\":\"https:\\\/\\\/trgovina.pasjauniverza.si\\\/product\\\/bodreek-mokra-hrana-zajec-z-jabolkom-400g\\\/#breadcrumb\",\"itemListElement\":[{\"@type\":\"ListItem\",\"position\":1,\"name\":\"Home\",\"item\":\"https:\\\/\\\/trgovina.pasjauniverza.si\\\/\"},{\"@type\":\"ListItem\",\"position\":2,\"name\":\"Trgovina\",\"item\":\"https:\\\/\\\/trgovina.pasjauniverza.si\\\/trgovina\\\/\"},{\"@type\":\"ListItem\",\"position\":3,\"name\":\"Bodreek mokra hrana &#8211; Zajec z jabolkom 400g\"}]},{\"@type\":\"WebSite\",\"@id\":\"https:\\\/\\\/trgovina.pasjauniverza.si\\\/#website\",\"url\":\"https:\\\/\\\/trgovina.pasjauniverza.si\\\/\",\"name\":\"Trgovina Pasja Univerza\",\"description\":\"pasja univerza trgovina\",\"publisher\":{\"@id\":\"https:\\\/\\\/trgovina.pasjauniverza.si\\\/#organization\"},\"potentialAction\":[{\"@type\":\"SearchAction\",\"target\":{\"@type\":\"EntryPoint\",\"urlTemplate\":\"https:\\\/\\\/trgovina.pasjauniverza.si\\\/?s={search_term_string}\"},\"query-input\":{\"@type\":\"PropertyValueSpecification\",\"valueRequired\":true,\"valueName\":\"search_term_string\"}}],\"inLanguage\":\"en-US\"},{\"@type\":\"Organization\",\"@id\":\"https:\\\/\\\/trgovina.pasjauniverza.si\\\/#organization\",\"name\":\"Trgovina Pasja Univerza\",\"url\":\"https:\\\/\\\/trgovina.pasjauniverza.si\\\/\",\"logo\":{\"@type\":\"ImageObject\",\"inLanguage\":\"en-US\",\"@id\":\"https:\\\/\\\/trgovina.pasjauniverza.si\\\/#\\\/schema\\\/logo\\\/image\\\/\",\"url\":\"https:\\\/\\\/trgovina.pasjauniverza.si\\\/wp-content\\\/uploads\\\/2024\\\/08\\\/cropped-logotipi-vector-04.png\",\"contentUrl\":\"https:\\\/\\\/trgovina.pasjauniverza.si\\\/wp-content\\\/uploads\\\/2024\\\/08\\\/cropped-logotipi-vector-04.png\",\"width\":942,\"height\":908,\"caption\":\"Trgovina Pasja Univerza\"},\"image\":{\"@id\":\"https:\\\/\\\/trgovina.pasjauniverza.si\\\/#\\\/schema\\\/logo\\\/image\\\/\"}}]}<\/script>\n<!-- \/ Yoast SEO plugin. -->","yoast_head_json":{"title":"Bodreek mokra hrana - Zajec z jabolkom 400g - Trgovina Pasja Univerza","description":"Bodreek mokra hrana - Zajec z jabolkom 400g","robots":{"index":"index","follow":"follow","max-snippet":"max-snippet:-1","max-image-preview":"max-image-preview:large","max-video-preview":"max-video-preview:-1"},"canonical":"https:\/\/trgovina.pasjauniverza.si\/en\/product\/bodreek-mokra-hrana-zajec-z-jabolkom-400g\/","og_locale":"en_US","og_type":"article","og_title":"Bodreek mokra hrana - Zajec z jabolkom 400g - Trgovina Pasja Univerza","og_description":"Bodreek mokra hrana - Zajec z jabolkom 400g","og_url":"https:\/\/trgovina.pasjauniverza.si\/en\/product\/bodreek-mokra-hrana-zajec-z-jabolkom-400g\/","og_site_name":"Trgovina Pasja Univerza","article_modified_time":"2026-04-24T14:04:15+00:00","og_image":[{"width":1080,"height":1080,"url":"https:\/\/trgovina.pasjauniverza.si\/wp-content\/uploads\/2026\/03\/Bodreek-Zajec-z-jabolkom.png","type":"image\/png"}],"twitter_card":"summary_large_image","twitter_misc":{"Est. reading time":"3 minutes"},"schema":{"@context":"https:\/\/schema.org","@graph":[{"@type":"WebPage","@id":"https:\/\/trgovina.pasjauniverza.si\/product\/bodreek-mokra-hrana-zajec-z-jabolkom-400g\/","url":"https:\/\/trgovina.pasjauniverza.si\/product\/bodreek-mokra-hrana-zajec-z-jabolkom-400g\/","name":"Bodreek mokra hrana - Zajec z jabolkom 400g - Trgovina Pasja Univerza","isPartOf":{"@id":"https:\/\/trgovina.pasjauniverza.si\/#website"},"primaryImageOfPage":{"@id":"https:\/\/trgovina.pasjauniverza.si\/product\/bodreek-mokra-hrana-zajec-z-jabolkom-400g\/#primaryimage"},"image":{"@id":"https:\/\/trgovina.pasjauniverza.si\/product\/bodreek-mokra-hrana-zajec-z-jabolkom-400g\/#primaryimage"},"thumbnailUrl":"https:\/\/trgovina.pasjauniverza.si\/wp-content\/uploads\/2026\/03\/Bodreek-Zajec-z-jabolkom.png","datePublished":"2026-04-01T06:27:46+00:00","dateModified":"2026-04-24T14:04:15+00:00","description":"Bodreek mokra hrana - Zajec z jabolkom 400g","breadcrumb":{"@id":"https:\/\/trgovina.pasjauniverza.si\/product\/bodreek-mokra-hrana-zajec-z-jabolkom-400g\/#breadcrumb"},"inLanguage":"en-US","potentialAction":[{"@type":"ReadAction","target":["https:\/\/trgovina.pasjauniverza.si\/product\/bodreek-mokra-hrana-zajec-z-jabolkom-400g\/"]}]},{"@type":"ImageObject","inLanguage":"en-US","@id":"https:\/\/trgovina.pasjauniverza.si\/product\/bodreek-mokra-hrana-zajec-z-jabolkom-400g\/#primaryimage","url":"https:\/\/trgovina.pasjauniverza.si\/wp-content\/uploads\/2026\/03\/Bodreek-Zajec-z-jabolkom.png","contentUrl":"https:\/\/trgovina.pasjauniverza.si\/wp-content\/uploads\/2026\/03\/Bodreek-Zajec-z-jabolkom.png","width":1080,"height":1080,"caption":"Bodreek Zajec z jabolkom"},{"@type":"BreadcrumbList","@id":"https:\/\/trgovina.pasjauniverza.si\/product\/bodreek-mokra-hrana-zajec-z-jabolkom-400g\/#breadcrumb","itemListElement":[{"@type":"ListItem","position":1,"name":"Home","item":"https:\/\/trgovina.pasjauniverza.si\/"},{"@type":"ListItem","position":2,"name":"Trgovina","item":"https:\/\/trgovina.pasjauniverza.si\/trgovina\/"},{"@type":"ListItem","position":3,"name":"Bodreek mokra hrana &#8211; Zajec z jabolkom 400g"}]},{"@type":"WebSite","@id":"https:\/\/trgovina.pasjauniverza.si\/#website","url":"https:\/\/trgovina.pasjauniverza.si\/","name":"Trgovina Pasja Univerza","description":"pasja univerza trgovina","publisher":{"@id":"https:\/\/trgovina.pasjauniverza.si\/#organization"},"potentialAction":[{"@type":"SearchAction","target":{"@type":"EntryPoint","urlTemplate":"https:\/\/trgovina.pasjauniverza.si\/?s={search_term_string}"},"query-input":{"@type":"PropertyValueSpecification","valueRequired":true,"valueName":"search_term_string"}}],"inLanguage":"en-US"},{"@type":"Organization","@id":"https:\/\/trgovina.pasjauniverza.si\/#organization","name":"Trgovina Pasja Univerza","url":"https:\/\/trgovina.pasjauniverza.si\/","logo":{"@type":"ImageObject","inLanguage":"en-US","@id":"https:\/\/trgovina.pasjauniverza.si\/#\/schema\/logo\/image\/","url":"https:\/\/trgovina.pasjauniverza.si\/wp-content\/uploads\/2024\/08\/cropped-logotipi-vector-04.png","contentUrl":"https:\/\/trgovina.pasjauniverza.si\/wp-content\/uploads\/2024\/08\/cropped-logotipi-vector-04.png","width":942,"height":908,"caption":"Trgovina Pasja Univerza"},"image":{"@id":"https:\/\/trgovina.pasjauniverza.si\/#\/schema\/logo\/image\/"}}]}},"uagb_featured_image_src":{"full":["https:\/\/trgovina.pasjauniverza.si\/wp-content\/uploads\/2026\/03\/Bodreek-Zajec-z-jabolkom.png",1080,1080,false],"thumbnail":["https:\/\/trgovina.pasjauniverza.si\/wp-content\/uploads\/2026\/03\/Bodreek-Zajec-z-jabolkom-150x150.png",150,150,true],"medium":["https:\/\/trgovina.pasjauniverza.si\/wp-content\/uploads\/2026\/03\/Bodreek-Zajec-z-jabolkom-300x300.png",300,300,true],"medium_large":["https:\/\/trgovina.pasjauniverza.si\/wp-content\/uploads\/2026\/03\/Bodreek-Zajec-z-jabolkom-768x768.png",768,768,true],"large":["https:\/\/trgovina.pasjauniverza.si\/wp-content\/uploads\/2026\/03\/Bodreek-Zajec-z-jabolkom-1024x1024.png",1024,1024,true],"1536x1536":["https:\/\/trgovina.pasjauniverza.si\/wp-content\/uploads\/2026\/03\/Bodreek-Zajec-z-jabolkom.png",1080,1080,false],"2048x2048":["https:\/\/trgovina.pasjauniverza.si\/wp-content\/uploads\/2026\/03\/Bodreek-Zajec-z-jabolkom.png",1080,1080,false],"trp-custom-language-flag":["https:\/\/trgovina.pasjauniverza.si\/wp-content\/uploads\/2026\/03\/Bodreek-Zajec-z-jabolkom-12x12.png",12,12,true],"woocommerce_thumbnail":["https:\/\/trgovina.pasjauniverza.si\/wp-content\/uploads\/2026\/03\/Bodreek-Zajec-z-jabolkom-300x300.png",300,300,true],"woocommerce_single":["https:\/\/trgovina.pasjauniverza.si\/wp-content\/uploads\/2026\/03\/Bodreek-Zajec-z-jabolkom-600x600.png",600,600,true],"woocommerce_gallery_thumbnail":["https:\/\/trgovina.pasjauniverza.si\/wp-content\/uploads\/2026\/03\/Bodreek-Zajec-z-jabolkom-100x100.png",100,100,true]},"uagb_author_info":{"display_name":"Karmen Grubeli\u0107, dr.vet.med.","author_link":"https:\/\/trgovina.pasjauniverza.si\/en\/author\/"},"uagb_comment_info":0,"uagb_excerpt":"Popolna mokra hrana za pse z zelo visokim dele\u017eem kakovostnega mesa (92 % zajec), dopolnjena z jabolkom, ki podpira prebavo in prispeva naravne antioksidante. Ne\u017ena penasta tekstura in izrazit naravni okus zagotavljata visoko prebavljivost in odli\u010den okus tudi za ob\u010dutljive pse. Primerno tudi za neje\u0161\u010de in izbir\u010dne pse. 92 % mesa zajca \u2013 lahko prebavljiv&hellip;","jetpack_sharing_enabled":true,"_links":{"self":[{"href":"https:\/\/trgovina.pasjauniverza.si\/en\/wp-json\/wp\/v2\/product\/17363","targetHints":{"allow":["GET"]}}],"collection":[{"href":"https:\/\/trgovina.pasjauniverza.si\/en\/wp-json\/wp\/v2\/product"}],"about":[{"href":"https:\/\/trgovina.pasjauniverza.si\/en\/wp-json\/wp\/v2\/types\/product"}],"replies":[{"embeddable":true,"href":"https:\/\/trgovina.pasjauniverza.si\/en\/wp-json\/wp\/v2\/comments?post=17363"}],"wp:featuredmedia":[{"embeddable":true,"href":"https:\/\/trgovina.pasjauniverza.si\/en\/wp-json\/wp\/v2\/media\/17364"}],"wp:attachment":[{"href":"https:\/\/trgovina.pasjauniverza.si\/en\/wp-json\/wp\/v2\/media?parent=17363"}],"wp:term":[{"taxonomy":"product_brand","embeddable":true,"href":"https:\/\/trgovina.pasjauniverza.si\/en\/wp-json\/wp\/v2\/product_brand?post=17363"},{"taxonomy":"product_cat","embeddable":true,"href":"https:\/\/trgovina.pasjauniverza.si\/en\/wp-json\/wp\/v2\/product_cat?post=17363"},{"taxonomy":"product_tag","embeddable":true,"href":"https:\/\/trgovina.pasjauniverza.si\/en\/wp-json\/wp\/v2\/product_tag?post=17363"}],"curies":[{"name":"wp","href":"https:\/\/api.w.org\/{rel}","templated":true}]}}