
{"id":17305,"date":"2026-03-13T15:02:24","date_gmt":"2026-03-13T15:02:24","guid":{"rendered":"https:\/\/trgovina.pasjauniverza.si\/?post_type=product&#038;p=17305"},"modified":"2026-04-22T08:51:11","modified_gmt":"2026-04-22T08:51:11","slug":"kitty-joy-kremni-priboljsek-z-okusom-tune-za-macke-60-g","status":"publish","type":"product","link":"https:\/\/trgovina.pasjauniverza.si\/en\/product\/kitty-joy-kremni-priboljsek-z-okusom-tune-za-macke-60-g\/","title":{"rendered":"Kitty Joy Kremni pribolj\u0161ek z okusom tune za ma\u010dke ( 60 g)"},"content":{"rendered":"<p data-section-id=\"h7ddy1\" data-start=\"443\" data-end=\"471\">KittyJoy izdelki so narejeni iz kakovostnega mesa po recepturah, razvitih za zdravo prehrano ma\u010dk, brez umetnih barvil in nepotrebnih dodatkov.<\/p>\n<h2 data-section-id=\"nj7c6s\" data-start=\"523\" data-end=\"550\">Zakaj ga ma\u010dke obo\u017eujejo<\/h2>\n<p data-start=\"551\" data-end=\"737\">\u2022 kremna tekstura za lizanje<br data-start=\"579\" data-end=\"582\" \/>\u2022 bogat okus tune<br data-start=\"599\" data-end=\"602\" \/>\u2022 visoka vsebnost vlage pomaga pove\u010dati vnos teko\u010dine<br data-start=\"655\" data-end=\"658\" \/>\u2022 vsebuje Omega-ma\u0161\u010dobne kisline<br data-start=\"690\" data-end=\"693\" \/>\u2022 odli\u010den kot nagrada ali dodatek k obroku<\/p>\n<hr data-start=\"739\" data-end=\"742\" \/>\n<h2 data-section-id=\"1q479cy\" data-start=\"744\" data-end=\"756\">Sestava<\/h2>\n<p data-start=\"757\" data-end=\"938\">tunino meso (78 %), krompirjev \u0161krob (1 %), son\u010dni\u010dno olje (2 %), natrijev klorid (0,05 %), voda; dodatki: tavrin, guar gumi, kalijev sorbat.<\/p>\n<hr data-start=\"940\" data-end=\"943\" \/>\n<h2 data-section-id=\"xx9u83\" data-start=\"945\" data-end=\"969\">Analitske sestavine<\/h2>\n<p data-start=\"970\" data-end=\"1153\">\u2022 surove beljakovine: min. 9,2 %<br data-start=\"1002\" data-end=\"1005\" \/>\u2022 surove ma\u0161\u010dobe: min. 1,5 %<br data-start=\"1033\" data-end=\"1036\" \/>\u2022 surova vlaknina: max. 2 %<br data-start=\"1063\" data-end=\"1066\" \/>\u2022 surovi pepel: max. 2,5 %<br data-start=\"1092\" data-end=\"1095\" \/>\u2022 vlaga: max. 83 %<\/p>\n<hr data-start=\"1155\" data-end=\"1158\" \/>\n<h2 data-section-id=\"1rogak3\" data-start=\"1160\" data-end=\"1186\">Navodila za hranjenje<\/h2>\n<p data-start=\"1187\" data-end=\"1290\">Postrezite kot pribolj\u0161ek ali dodatek k redni prehrani.<br data-start=\"1242\" data-end=\"1245\" \/>Primerno za ma\u010dke <strong data-start=\"1263\" data-end=\"1287\">starej\u0161e od 6 tednov<\/strong>.<\/p>\n<p data-start=\"1292\" data-end=\"1464\">Ma\u010dka naj ima vedno na voljo sve\u017eo pitno vodo.<br data-start=\"1338\" data-end=\"1341\" \/>Shranjujte v hladnem in suhem prostoru; po odprtju izdelek porabite v kratkem \u010dasu.<\/p>","protected":false},"excerpt":{"rendered":"<p data-start=\"80\" data-end=\"397\">Okusen kremni pribolj\u0161ek z okusom tune je mehka pasta, ki jo ma\u010dke z veseljem li\u017eejo neposredno iz vre\u010dke ali kot dodatek k hrani. Zaradi visoke vsebnosti vlage pomaga pove\u010dati vnos teko\u010dine, kar je pomembno za pravilno delovanje ledvic in prepre\u010devanje dehidracije pri ma\u010dkah.<\/p>\n<p data-start=\"399\" data-end=\"516\">Ta pribolj\u0161ek vsebuje kakovostno tunino meso in je odli\u010den kot nagrada, razvajanje ali motivacija pri igri in u\u010denju.<\/p>","protected":false},"featured_media":17301,"comment_status":"open","ping_status":"closed","template":"","meta":{"_acf_changed":false,"_uag_custom_page_level_css":"","site-sidebar-layout":"default","site-content-layout":"","ast-site-content-layout":"default","site-content-style":"default","site-sidebar-style":"default","ast-global-header-display":"","ast-banner-title-visibility":"","ast-main-header-display":"","ast-hfb-above-header-display":"","ast-hfb-below-header-display":"","ast-hfb-mobile-header-display":"","site-post-title":"","ast-breadcrumbs-content":"","ast-featured-img":"","footer-sml-layout":"","ast-disable-related-posts":"","theme-transparent-header-meta":"default","adv-header-id-meta":"","stick-header-meta":"","header-above-stick-meta":"","header-main-stick-meta":"","header-below-stick-meta":"","astra-migrate-meta-layouts":"set","ast-page-background-enabled":"default","ast-page-background-meta":{"desktop":{"background-color":"","background-image":"","background-repeat":"repeat","background-position":"center center","background-size":"auto","background-attachment":"scroll","background-type":"","background-media":"","overlay-type":"","overlay-color":"","overlay-opacity":"","overlay-gradient":""},"tablet":{"background-color":"","background-image":"","background-repeat":"repeat","background-position":"center center","background-size":"auto","background-attachment":"scroll","background-type":"","background-media":"","overlay-type":"","overlay-color":"","overlay-opacity":"","overlay-gradient":""},"mobile":{"background-color":"","background-image":"","background-repeat":"repeat","background-position":"center center","background-size":"auto","background-attachment":"scroll","background-type":"","background-media":"","overlay-type":"","overlay-color":"","overlay-opacity":"","overlay-gradient":""}},"ast-content-background-meta":{"desktop":{"background-color":"var(--ast-global-color-5)","background-image":"","background-repeat":"repeat","background-position":"center center","background-size":"auto","background-attachment":"scroll","background-type":"","background-media":"","overlay-type":"","overlay-color":"","overlay-opacity":"","overlay-gradient":""},"tablet":{"background-color":"var(--ast-global-color-5)","background-image":"","background-repeat":"repeat","background-position":"center center","background-size":"auto","background-attachment":"scroll","background-type":"","background-media":"","overlay-type":"","overlay-color":"","overlay-opacity":"","overlay-gradient":""},"mobile":{"background-color":"var(--ast-global-color-5)","background-image":"","background-repeat":"repeat","background-position":"center center","background-size":"auto","background-attachment":"scroll","background-type":"","background-media":"","overlay-type":"","overlay-color":"","overlay-opacity":"","overlay-gradient":""}}},"product_brand":[],"product_cat":[744,732,968,724,957,18],"product_tag":[],"class_list":{"0":"post-17305","1":"product","2":"type-product","3":"status-publish","4":"has-post-thumbnail","6":"product_cat-blagovne-znamke","7":"product_cat-hrana-za-macke","8":"product_cat-kittyjoy","9":"product_cat-macke","10":"product_cat-priboljski-za-macke","11":"product_cat-vsi-izdelki","12":"desktop-align-center","13":"tablet-align-center","14":"mobile-align-center","16":"first","17":"instock","18":"shipping-taxable","19":"purchasable","20":"product-type-simple"},"acf":[],"yoast_head":"<!-- This site is optimized with the Yoast SEO plugin v27.4 - https:\/\/yoast.com\/product\/yoast-seo-wordpress\/ -->\n<title>Kitty Joy Kremni pribolj\u0161ek z okusom tune za ma\u010dke ( 60 g) - Trgovina Pasja Univerza<\/title>\n<meta name=\"description\" content=\"Kitty Joy Hrustljavi pi\u0161koti z nadevom lososa za ma\u010dke (20 g)\" \/>\n<meta name=\"robots\" content=\"index, follow, max-snippet:-1, max-image-preview:large, max-video-preview:-1\" \/>\n<link rel=\"canonical\" href=\"https:\/\/trgovina.pasjauniverza.si\/en\/product\/kitty-joy-kremni-priboljsek-z-okusom-tune-za-macke-60-g\/\" \/>\n<meta property=\"og:locale\" content=\"en_US\" \/>\n<meta property=\"og:type\" content=\"article\" \/>\n<meta property=\"og:title\" content=\"Kitty Joy Kremni pribolj\u0161ek z okusom tune za ma\u010dke ( 60 g) - Trgovina Pasja Univerza\" \/>\n<meta property=\"og:description\" content=\"Kitty Joy Hrustljavi pi\u0161koti z nadevom lososa za ma\u010dke (20 g)\" \/>\n<meta property=\"og:url\" content=\"https:\/\/trgovina.pasjauniverza.si\/en\/product\/kitty-joy-kremni-priboljsek-z-okusom-tune-za-macke-60-g\/\" \/>\n<meta property=\"og:site_name\" content=\"Trgovina Pasja Univerza\" \/>\n<meta property=\"article:modified_time\" content=\"2026-04-22T08:51:11+00:00\" \/>\n<meta property=\"og:image\" content=\"https:\/\/trgovina.pasjauniverza.si\/wp-content\/uploads\/2026\/03\/Kremni-priboljsek-z-okusom-tune-za-macke-\u2013-Cat-Lick-4-\u00d7-15-g.jpg\" \/>\n\t<meta property=\"og:image:width\" content=\"400\" \/>\n\t<meta property=\"og:image:height\" content=\"400\" \/>\n\t<meta property=\"og:image:type\" content=\"image\/jpeg\" \/>\n<meta name=\"twitter:card\" content=\"summary_large_image\" \/>\n<meta name=\"twitter:label1\" content=\"Est. reading time\" \/>\n\t<meta name=\"twitter:data1\" content=\"2 minutes\" \/>\n<script type=\"application\/ld+json\" class=\"yoast-schema-graph\">{\"@context\":\"https:\\\/\\\/schema.org\",\"@graph\":[{\"@type\":\"WebPage\",\"@id\":\"https:\\\/\\\/trgovina.pasjauniverza.si\\\/product\\\/kitty-joy-kremni-priboljsek-z-okusom-tune-za-macke-60-g\\\/\",\"url\":\"https:\\\/\\\/trgovina.pasjauniverza.si\\\/product\\\/kitty-joy-kremni-priboljsek-z-okusom-tune-za-macke-60-g\\\/\",\"name\":\"Kitty Joy Kremni pribolj\u0161ek z okusom tune za ma\u010dke ( 60 g) - Trgovina Pasja Univerza\",\"isPartOf\":{\"@id\":\"https:\\\/\\\/trgovina.pasjauniverza.si\\\/#website\"},\"primaryImageOfPage\":{\"@id\":\"https:\\\/\\\/trgovina.pasjauniverza.si\\\/product\\\/kitty-joy-kremni-priboljsek-z-okusom-tune-za-macke-60-g\\\/#primaryimage\"},\"image\":{\"@id\":\"https:\\\/\\\/trgovina.pasjauniverza.si\\\/product\\\/kitty-joy-kremni-priboljsek-z-okusom-tune-za-macke-60-g\\\/#primaryimage\"},\"thumbnailUrl\":\"https:\\\/\\\/trgovina.pasjauniverza.si\\\/wp-content\\\/uploads\\\/2026\\\/03\\\/Kremni-priboljsek-z-okusom-tune-za-macke-\u2013-Cat-Lick-4-\u00d7-15-g.jpg\",\"datePublished\":\"2026-03-13T15:02:24+00:00\",\"dateModified\":\"2026-04-22T08:51:11+00:00\",\"description\":\"Kitty Joy Hrustljavi pi\u0161koti z nadevom lososa za ma\u010dke (20 g)\",\"breadcrumb\":{\"@id\":\"https:\\\/\\\/trgovina.pasjauniverza.si\\\/product\\\/kitty-joy-kremni-priboljsek-z-okusom-tune-za-macke-60-g\\\/#breadcrumb\"},\"inLanguage\":\"en-US\",\"potentialAction\":[{\"@type\":\"ReadAction\",\"target\":[\"https:\\\/\\\/trgovina.pasjauniverza.si\\\/product\\\/kitty-joy-kremni-priboljsek-z-okusom-tune-za-macke-60-g\\\/\"]}]},{\"@type\":\"ImageObject\",\"inLanguage\":\"en-US\",\"@id\":\"https:\\\/\\\/trgovina.pasjauniverza.si\\\/product\\\/kitty-joy-kremni-priboljsek-z-okusom-tune-za-macke-60-g\\\/#primaryimage\",\"url\":\"https:\\\/\\\/trgovina.pasjauniverza.si\\\/wp-content\\\/uploads\\\/2026\\\/03\\\/Kremni-priboljsek-z-okusom-tune-za-macke-\u2013-Cat-Lick-4-\u00d7-15-g.jpg\",\"contentUrl\":\"https:\\\/\\\/trgovina.pasjauniverza.si\\\/wp-content\\\/uploads\\\/2026\\\/03\\\/Kremni-priboljsek-z-okusom-tune-za-macke-\u2013-Cat-Lick-4-\u00d7-15-g.jpg\",\"width\":400,\"height\":400,\"caption\":\"Kremni pribolj\u0161ek z okusom tune za ma\u010dke \u2013 Cat Lick (4 \u00d7 15 g)\"},{\"@type\":\"BreadcrumbList\",\"@id\":\"https:\\\/\\\/trgovina.pasjauniverza.si\\\/product\\\/kitty-joy-kremni-priboljsek-z-okusom-tune-za-macke-60-g\\\/#breadcrumb\",\"itemListElement\":[{\"@type\":\"ListItem\",\"position\":1,\"name\":\"Home\",\"item\":\"https:\\\/\\\/trgovina.pasjauniverza.si\\\/\"},{\"@type\":\"ListItem\",\"position\":2,\"name\":\"Trgovina\",\"item\":\"https:\\\/\\\/trgovina.pasjauniverza.si\\\/trgovina\\\/\"},{\"@type\":\"ListItem\",\"position\":3,\"name\":\"Kitty Joy Kremni pribolj\u0161ek z okusom tune za ma\u010dke ( 60 g)\"}]},{\"@type\":\"WebSite\",\"@id\":\"https:\\\/\\\/trgovina.pasjauniverza.si\\\/#website\",\"url\":\"https:\\\/\\\/trgovina.pasjauniverza.si\\\/\",\"name\":\"Trgovina Pasja Univerza\",\"description\":\"pasja univerza trgovina\",\"publisher\":{\"@id\":\"https:\\\/\\\/trgovina.pasjauniverza.si\\\/#organization\"},\"potentialAction\":[{\"@type\":\"SearchAction\",\"target\":{\"@type\":\"EntryPoint\",\"urlTemplate\":\"https:\\\/\\\/trgovina.pasjauniverza.si\\\/?s={search_term_string}\"},\"query-input\":{\"@type\":\"PropertyValueSpecification\",\"valueRequired\":true,\"valueName\":\"search_term_string\"}}],\"inLanguage\":\"en-US\"},{\"@type\":\"Organization\",\"@id\":\"https:\\\/\\\/trgovina.pasjauniverza.si\\\/#organization\",\"name\":\"Trgovina Pasja Univerza\",\"url\":\"https:\\\/\\\/trgovina.pasjauniverza.si\\\/\",\"logo\":{\"@type\":\"ImageObject\",\"inLanguage\":\"en-US\",\"@id\":\"https:\\\/\\\/trgovina.pasjauniverza.si\\\/#\\\/schema\\\/logo\\\/image\\\/\",\"url\":\"https:\\\/\\\/trgovina.pasjauniverza.si\\\/wp-content\\\/uploads\\\/2024\\\/08\\\/cropped-logotipi-vector-04.png\",\"contentUrl\":\"https:\\\/\\\/trgovina.pasjauniverza.si\\\/wp-content\\\/uploads\\\/2024\\\/08\\\/cropped-logotipi-vector-04.png\",\"width\":942,\"height\":908,\"caption\":\"Trgovina Pasja Univerza\"},\"image\":{\"@id\":\"https:\\\/\\\/trgovina.pasjauniverza.si\\\/#\\\/schema\\\/logo\\\/image\\\/\"}}]}<\/script>\n<!-- \/ Yoast SEO plugin. -->","yoast_head_json":{"title":"Kitty Joy Kremni pribolj\u0161ek z okusom tune za ma\u010dke ( 60 g) - Trgovina Pasja Univerza","description":"Kitty Joy Hrustljavi pi\u0161koti z nadevom lososa za ma\u010dke (20 g)","robots":{"index":"index","follow":"follow","max-snippet":"max-snippet:-1","max-image-preview":"max-image-preview:large","max-video-preview":"max-video-preview:-1"},"canonical":"https:\/\/trgovina.pasjauniverza.si\/en\/product\/kitty-joy-kremni-priboljsek-z-okusom-tune-za-macke-60-g\/","og_locale":"en_US","og_type":"article","og_title":"Kitty Joy Kremni pribolj\u0161ek z okusom tune za ma\u010dke ( 60 g) - Trgovina Pasja Univerza","og_description":"Kitty Joy Hrustljavi pi\u0161koti z nadevom lososa za ma\u010dke (20 g)","og_url":"https:\/\/trgovina.pasjauniverza.si\/en\/product\/kitty-joy-kremni-priboljsek-z-okusom-tune-za-macke-60-g\/","og_site_name":"Trgovina Pasja Univerza","article_modified_time":"2026-04-22T08:51:11+00:00","og_image":[{"width":400,"height":400,"url":"https:\/\/trgovina.pasjauniverza.si\/wp-content\/uploads\/2026\/03\/Kremni-priboljsek-z-okusom-tune-za-macke-\u2013-Cat-Lick-4-\u00d7-15-g.jpg","type":"image\/jpeg"}],"twitter_card":"summary_large_image","twitter_misc":{"Est. reading time":"2 minutes"},"schema":{"@context":"https:\/\/schema.org","@graph":[{"@type":"WebPage","@id":"https:\/\/trgovina.pasjauniverza.si\/product\/kitty-joy-kremni-priboljsek-z-okusom-tune-za-macke-60-g\/","url":"https:\/\/trgovina.pasjauniverza.si\/product\/kitty-joy-kremni-priboljsek-z-okusom-tune-za-macke-60-g\/","name":"Kitty Joy Kremni pribolj\u0161ek z okusom tune za ma\u010dke ( 60 g) - Trgovina Pasja Univerza","isPartOf":{"@id":"https:\/\/trgovina.pasjauniverza.si\/#website"},"primaryImageOfPage":{"@id":"https:\/\/trgovina.pasjauniverza.si\/product\/kitty-joy-kremni-priboljsek-z-okusom-tune-za-macke-60-g\/#primaryimage"},"image":{"@id":"https:\/\/trgovina.pasjauniverza.si\/product\/kitty-joy-kremni-priboljsek-z-okusom-tune-za-macke-60-g\/#primaryimage"},"thumbnailUrl":"https:\/\/trgovina.pasjauniverza.si\/wp-content\/uploads\/2026\/03\/Kremni-priboljsek-z-okusom-tune-za-macke-\u2013-Cat-Lick-4-\u00d7-15-g.jpg","datePublished":"2026-03-13T15:02:24+00:00","dateModified":"2026-04-22T08:51:11+00:00","description":"Kitty Joy Hrustljavi pi\u0161koti z nadevom lososa za ma\u010dke (20 g)","breadcrumb":{"@id":"https:\/\/trgovina.pasjauniverza.si\/product\/kitty-joy-kremni-priboljsek-z-okusom-tune-za-macke-60-g\/#breadcrumb"},"inLanguage":"en-US","potentialAction":[{"@type":"ReadAction","target":["https:\/\/trgovina.pasjauniverza.si\/product\/kitty-joy-kremni-priboljsek-z-okusom-tune-za-macke-60-g\/"]}]},{"@type":"ImageObject","inLanguage":"en-US","@id":"https:\/\/trgovina.pasjauniverza.si\/product\/kitty-joy-kremni-priboljsek-z-okusom-tune-za-macke-60-g\/#primaryimage","url":"https:\/\/trgovina.pasjauniverza.si\/wp-content\/uploads\/2026\/03\/Kremni-priboljsek-z-okusom-tune-za-macke-\u2013-Cat-Lick-4-\u00d7-15-g.jpg","contentUrl":"https:\/\/trgovina.pasjauniverza.si\/wp-content\/uploads\/2026\/03\/Kremni-priboljsek-z-okusom-tune-za-macke-\u2013-Cat-Lick-4-\u00d7-15-g.jpg","width":400,"height":400,"caption":"Kremni pribolj\u0161ek z okusom tune za ma\u010dke \u2013 Cat Lick (4 \u00d7 15 g)"},{"@type":"BreadcrumbList","@id":"https:\/\/trgovina.pasjauniverza.si\/product\/kitty-joy-kremni-priboljsek-z-okusom-tune-za-macke-60-g\/#breadcrumb","itemListElement":[{"@type":"ListItem","position":1,"name":"Home","item":"https:\/\/trgovina.pasjauniverza.si\/"},{"@type":"ListItem","position":2,"name":"Trgovina","item":"https:\/\/trgovina.pasjauniverza.si\/trgovina\/"},{"@type":"ListItem","position":3,"name":"Kitty Joy Kremni pribolj\u0161ek z okusom tune za ma\u010dke ( 60 g)"}]},{"@type":"WebSite","@id":"https:\/\/trgovina.pasjauniverza.si\/#website","url":"https:\/\/trgovina.pasjauniverza.si\/","name":"Trgovina Pasja Univerza","description":"pasja univerza trgovina","publisher":{"@id":"https:\/\/trgovina.pasjauniverza.si\/#organization"},"potentialAction":[{"@type":"SearchAction","target":{"@type":"EntryPoint","urlTemplate":"https:\/\/trgovina.pasjauniverza.si\/?s={search_term_string}"},"query-input":{"@type":"PropertyValueSpecification","valueRequired":true,"valueName":"search_term_string"}}],"inLanguage":"en-US"},{"@type":"Organization","@id":"https:\/\/trgovina.pasjauniverza.si\/#organization","name":"Trgovina Pasja Univerza","url":"https:\/\/trgovina.pasjauniverza.si\/","logo":{"@type":"ImageObject","inLanguage":"en-US","@id":"https:\/\/trgovina.pasjauniverza.si\/#\/schema\/logo\/image\/","url":"https:\/\/trgovina.pasjauniverza.si\/wp-content\/uploads\/2024\/08\/cropped-logotipi-vector-04.png","contentUrl":"https:\/\/trgovina.pasjauniverza.si\/wp-content\/uploads\/2024\/08\/cropped-logotipi-vector-04.png","width":942,"height":908,"caption":"Trgovina Pasja Univerza"},"image":{"@id":"https:\/\/trgovina.pasjauniverza.si\/#\/schema\/logo\/image\/"}}]}},"uagb_featured_image_src":{"full":["https:\/\/trgovina.pasjauniverza.si\/wp-content\/uploads\/2026\/03\/Kremni-priboljsek-z-okusom-tune-za-macke-\u2013-Cat-Lick-4-\u00d7-15-g.jpg",400,400,false],"thumbnail":["https:\/\/trgovina.pasjauniverza.si\/wp-content\/uploads\/2026\/03\/Kremni-priboljsek-z-okusom-tune-za-macke-\u2013-Cat-Lick-4-\u00d7-15-g-150x150.jpg",150,150,true],"medium":["https:\/\/trgovina.pasjauniverza.si\/wp-content\/uploads\/2026\/03\/Kremni-priboljsek-z-okusom-tune-za-macke-\u2013-Cat-Lick-4-\u00d7-15-g-300x300.jpg",300,300,true],"medium_large":["https:\/\/trgovina.pasjauniverza.si\/wp-content\/uploads\/2026\/03\/Kremni-priboljsek-z-okusom-tune-za-macke-\u2013-Cat-Lick-4-\u00d7-15-g.jpg",400,400,false],"large":["https:\/\/trgovina.pasjauniverza.si\/wp-content\/uploads\/2026\/03\/Kremni-priboljsek-z-okusom-tune-za-macke-\u2013-Cat-Lick-4-\u00d7-15-g.jpg",400,400,false],"1536x1536":["https:\/\/trgovina.pasjauniverza.si\/wp-content\/uploads\/2026\/03\/Kremni-priboljsek-z-okusom-tune-za-macke-\u2013-Cat-Lick-4-\u00d7-15-g.jpg",400,400,false],"2048x2048":["https:\/\/trgovina.pasjauniverza.si\/wp-content\/uploads\/2026\/03\/Kremni-priboljsek-z-okusom-tune-za-macke-\u2013-Cat-Lick-4-\u00d7-15-g.jpg",400,400,false],"trp-custom-language-flag":["https:\/\/trgovina.pasjauniverza.si\/wp-content\/uploads\/2026\/03\/Kremni-priboljsek-z-okusom-tune-za-macke-\u2013-Cat-Lick-4-\u00d7-15-g-12x12.jpg",12,12,true],"woocommerce_thumbnail":["https:\/\/trgovina.pasjauniverza.si\/wp-content\/uploads\/2026\/03\/Kremni-priboljsek-z-okusom-tune-za-macke-\u2013-Cat-Lick-4-\u00d7-15-g-300x300.jpg",300,300,true],"woocommerce_single":["https:\/\/trgovina.pasjauniverza.si\/wp-content\/uploads\/2026\/03\/Kremni-priboljsek-z-okusom-tune-za-macke-\u2013-Cat-Lick-4-\u00d7-15-g.jpg",400,400,false],"woocommerce_gallery_thumbnail":["https:\/\/trgovina.pasjauniverza.si\/wp-content\/uploads\/2026\/03\/Kremni-priboljsek-z-okusom-tune-za-macke-\u2013-Cat-Lick-4-\u00d7-15-g-100x100.jpg",100,100,true]},"uagb_author_info":{"display_name":"Karmen Grubeli\u0107, dr.vet.med.","author_link":"https:\/\/trgovina.pasjauniverza.si\/en\/author\/"},"uagb_comment_info":0,"uagb_excerpt":"Okusen kremni pribolj\u0161ek z okusom tune je mehka pasta, ki jo ma\u010dke z veseljem li\u017eejo neposredno iz vre\u010dke ali kot dodatek k hrani. Zaradi visoke vsebnosti vlage pomaga pove\u010dati vnos teko\u010dine, kar je pomembno za pravilno delovanje ledvic in prepre\u010devanje dehidracije pri ma\u010dkah. Ta pribolj\u0161ek vsebuje kakovostno tunino meso in je odli\u010den kot nagrada, razvajanje&hellip;","jetpack_sharing_enabled":true,"_links":{"self":[{"href":"https:\/\/trgovina.pasjauniverza.si\/en\/wp-json\/wp\/v2\/product\/17305","targetHints":{"allow":["GET"]}}],"collection":[{"href":"https:\/\/trgovina.pasjauniverza.si\/en\/wp-json\/wp\/v2\/product"}],"about":[{"href":"https:\/\/trgovina.pasjauniverza.si\/en\/wp-json\/wp\/v2\/types\/product"}],"replies":[{"embeddable":true,"href":"https:\/\/trgovina.pasjauniverza.si\/en\/wp-json\/wp\/v2\/comments?post=17305"}],"wp:featuredmedia":[{"embeddable":true,"href":"https:\/\/trgovina.pasjauniverza.si\/en\/wp-json\/wp\/v2\/media\/17301"}],"wp:attachment":[{"href":"https:\/\/trgovina.pasjauniverza.si\/en\/wp-json\/wp\/v2\/media?parent=17305"}],"wp:term":[{"taxonomy":"product_brand","embeddable":true,"href":"https:\/\/trgovina.pasjauniverza.si\/en\/wp-json\/wp\/v2\/product_brand?post=17305"},{"taxonomy":"product_cat","embeddable":true,"href":"https:\/\/trgovina.pasjauniverza.si\/en\/wp-json\/wp\/v2\/product_cat?post=17305"},{"taxonomy":"product_tag","embeddable":true,"href":"https:\/\/trgovina.pasjauniverza.si\/en\/wp-json\/wp\/v2\/product_tag?post=17305"}],"curies":[{"name":"wp","href":"https:\/\/api.w.org\/{rel}","templated":true}]}}