
{"id":17304,"date":"2026-03-13T14:57:05","date_gmt":"2026-03-13T14:57:05","guid":{"rendered":"https:\/\/trgovina.pasjauniverza.si\/?post_type=product&#038;p=17304"},"modified":"2026-04-22T08:51:11","modified_gmt":"2026-04-22T08:51:11","slug":"kitty-joy-hrustljavi-piskoti-z-nadevom-lososa-za-macke-20-g","status":"publish","type":"product","link":"https:\/\/trgovina.pasjauniverza.si\/en\/product\/kitty-joy-hrustljavi-piskoti-z-nadevom-lososa-za-macke-20-g\/","title":{"rendered":"Kitty Joy Hrustljavi pi\u0161koti z nadevom lososa za ma\u010dke (20 g)"},"content":{"rendered":"<p data-section-id=\"h7ddy1\" data-start=\"443\" data-end=\"471\">KittyJoy izdelki so narejeni iz kakovostnega mesa po recepturah, razvitih za zdravo prehrano ma\u010dk, brez umetnih barvil in nepotrebnih dodatkov.<\/p>\n<h2 data-section-id=\"h7ddy1\" data-start=\"503\" data-end=\"531\">Zakaj jih ma\u010dke obo\u017eujejo<\/h2>\n<p data-start=\"532\" data-end=\"739\">\u2022 hrustljava tekstura za ve\u010d u\u017eitka pri grizenju<br data-start=\"580\" data-end=\"583\" \/>\u2022 mehko polnilo z okusom lososa<br data-start=\"614\" data-end=\"617\" \/>\u2022 vsebuje Omega-3 in Omega-6 ma\u0161\u010dobne kisline<br data-start=\"662\" data-end=\"665\" \/>\u2022 pomaga zmanj\u0161evati zobne obloge<br data-start=\"698\" data-end=\"701\" \/>\u2022 idealno kot nagrada ali pribolj\u0161ek<\/p>\n<hr data-start=\"741\" data-end=\"744\" \/>\n<h2 data-section-id=\"1q479cy\" data-start=\"746\" data-end=\"758\">Sestava<\/h2>\n<p data-start=\"759\" data-end=\"1142\">ri\u017eeva moka, koruzna moka, ara\u0161idovi proteinski prah, losos v prahu, pi\u0161\u010dan\u010dji prah, ribji in \u0161kolj\u010dni prah, rumenjak v prahu, maslo, ribje olje, natrijev klorid, bakrov sulfat, cinkov sulfat; dodatki: fosfolipidi 100 mg, kalcijev laktat 200 mg, tavrin 6 mg, vitamin A 60 IU, vitamin D3 70 IU, vitamin E 5 mg, barvilo Sunset Yellow FCF 3,2 mg.<\/p>\n<hr data-start=\"1144\" data-end=\"1147\" \/>\n<h2 data-section-id=\"xx9u83\" data-start=\"1149\" data-end=\"1173\">Analitske sestavine<\/h2>\n<p data-start=\"1174\" data-end=\"1352\">\u2022 surove beljakovine: min. 20 %<br data-start=\"1205\" data-end=\"1208\" \/>\u2022 surove ma\u0161\u010dobe: min. 17 %<br data-start=\"1235\" data-end=\"1238\" \/>\u2022 surova vlaknina: max. 4 %<br data-start=\"1265\" data-end=\"1268\" \/>\u2022 surovi pepel: max. 8 %<br data-start=\"1292\" data-end=\"1295\" \/>\u2022 vlaga: max. 8 %<\/p>\n<hr data-start=\"1354\" data-end=\"1357\" \/>\n<h2 data-section-id=\"1rogak3\" data-start=\"1359\" data-end=\"1385\">Navodila za hranjenje<\/h2>\n<p data-start=\"1386\" data-end=\"1564\">Postrezite kot pribolj\u0161ek ali nagrado.<br data-start=\"1424\" data-end=\"1427\" \/>Priporo\u010dena koli\u010dina: <strong data-start=\"1449\" data-end=\"1488\">do 50 kosov na dan za odrasle ma\u010dke<\/strong>, za mladi\u010de <strong data-start=\"1501\" data-end=\"1523\">do 20 kosov na dan<\/strong>.<\/p>\n<p data-start=\"1566\" data-end=\"1752\">Dnevno koli\u010dino osnovne hrane ustrezno prilagodite.<br data-start=\"1617\" data-end=\"1620\" \/>Ma\u010dka naj ima vedno na voljo sve\u017eo pitno vodo.<br data-start=\"1666\" data-end=\"1669\" \/>Primerno za ma\u010dke starej\u0161e od <strong data-start=\"1699\" data-end=\"1711\">8 tednov<\/strong>.<\/p>","protected":false},"excerpt":{"rendered":"<p data-start=\"73\" data-end=\"405\">Hrustljavi pi\u0161koti z mehkim nadevom z okusom lososa so okusna nagrada za ma\u010dke, ki obo\u017eujejo kombinacijo hrustljave teksture in kremnega polnila. Ti pribolj\u0161ki so bogati z Omega-3 in Omega-6 ma\u0161\u010dobnimi kislinami, ki pomagajo ohranjati zdravje zob, zmanj\u0161evati zobne obloge ter osve\u017eiti zadah.<\/p>\n<p data-start=\"407\" data-end=\"496\">Odli\u010dni so za vsakodnevno razvajanje, nagrajevanje ali kot motivacija pri igri in u\u010denju.<\/p>","protected":false},"featured_media":17302,"comment_status":"open","ping_status":"closed","template":"","meta":{"_acf_changed":false,"_uag_custom_page_level_css":"","site-sidebar-layout":"default","site-content-layout":"","ast-site-content-layout":"default","site-content-style":"default","site-sidebar-style":"default","ast-global-header-display":"","ast-banner-title-visibility":"","ast-main-header-display":"","ast-hfb-above-header-display":"","ast-hfb-below-header-display":"","ast-hfb-mobile-header-display":"","site-post-title":"","ast-breadcrumbs-content":"","ast-featured-img":"","footer-sml-layout":"","ast-disable-related-posts":"","theme-transparent-header-meta":"default","adv-header-id-meta":"","stick-header-meta":"","header-above-stick-meta":"","header-main-stick-meta":"","header-below-stick-meta":"","astra-migrate-meta-layouts":"set","ast-page-background-enabled":"default","ast-page-background-meta":{"desktop":{"background-color":"","background-image":"","background-repeat":"repeat","background-position":"center center","background-size":"auto","background-attachment":"scroll","background-type":"","background-media":"","overlay-type":"","overlay-color":"","overlay-opacity":"","overlay-gradient":""},"tablet":{"background-color":"","background-image":"","background-repeat":"repeat","background-position":"center center","background-size":"auto","background-attachment":"scroll","background-type":"","background-media":"","overlay-type":"","overlay-color":"","overlay-opacity":"","overlay-gradient":""},"mobile":{"background-color":"","background-image":"","background-repeat":"repeat","background-position":"center center","background-size":"auto","background-attachment":"scroll","background-type":"","background-media":"","overlay-type":"","overlay-color":"","overlay-opacity":"","overlay-gradient":""}},"ast-content-background-meta":{"desktop":{"background-color":"var(--ast-global-color-5)","background-image":"","background-repeat":"repeat","background-position":"center center","background-size":"auto","background-attachment":"scroll","background-type":"","background-media":"","overlay-type":"","overlay-color":"","overlay-opacity":"","overlay-gradient":""},"tablet":{"background-color":"var(--ast-global-color-5)","background-image":"","background-repeat":"repeat","background-position":"center center","background-size":"auto","background-attachment":"scroll","background-type":"","background-media":"","overlay-type":"","overlay-color":"","overlay-opacity":"","overlay-gradient":""},"mobile":{"background-color":"var(--ast-global-color-5)","background-image":"","background-repeat":"repeat","background-position":"center center","background-size":"auto","background-attachment":"scroll","background-type":"","background-media":"","overlay-type":"","overlay-color":"","overlay-opacity":"","overlay-gradient":""}}},"product_brand":[],"product_cat":[744,732,968,724,957,18],"product_tag":[],"class_list":{"0":"post-17304","1":"product","2":"type-product","3":"status-publish","4":"has-post-thumbnail","6":"product_cat-blagovne-znamke","7":"product_cat-hrana-za-macke","8":"product_cat-kittyjoy","9":"product_cat-macke","10":"product_cat-priboljski-za-macke","11":"product_cat-vsi-izdelki","12":"desktop-align-center","13":"tablet-align-center","14":"mobile-align-center","16":"first","17":"instock","18":"shipping-taxable","19":"purchasable","20":"product-type-simple"},"acf":[],"yoast_head":"<!-- This site is optimized with the Yoast SEO plugin v27.4 - https:\/\/yoast.com\/product\/yoast-seo-wordpress\/ -->\n<title>Kitty Joy Hrustljavi pi\u0161koti z nadevom lososa za ma\u010dke (20 g) - Trgovina Pasja Univerza<\/title>\n<meta name=\"description\" content=\"Kitty Joy Hrustljavi pi\u0161koti z nadevom lososa za ma\u010dke (20 g)\" \/>\n<meta name=\"robots\" content=\"index, follow, max-snippet:-1, max-image-preview:large, max-video-preview:-1\" \/>\n<link rel=\"canonical\" href=\"https:\/\/trgovina.pasjauniverza.si\/en\/product\/kitty-joy-hrustljavi-piskoti-z-nadevom-lososa-za-macke-20-g\/\" \/>\n<meta property=\"og:locale\" content=\"en_US\" \/>\n<meta property=\"og:type\" content=\"article\" \/>\n<meta property=\"og:title\" content=\"Kitty Joy Hrustljavi pi\u0161koti z nadevom lososa za ma\u010dke (20 g) - Trgovina Pasja Univerza\" \/>\n<meta property=\"og:description\" content=\"Kitty Joy Hrustljavi pi\u0161koti z nadevom lososa za ma\u010dke (20 g)\" \/>\n<meta property=\"og:url\" content=\"https:\/\/trgovina.pasjauniverza.si\/en\/product\/kitty-joy-hrustljavi-piskoti-z-nadevom-lososa-za-macke-20-g\/\" \/>\n<meta property=\"og:site_name\" content=\"Trgovina Pasja Univerza\" \/>\n<meta property=\"article:modified_time\" content=\"2026-04-22T08:51:11+00:00\" \/>\n<meta property=\"og:image\" content=\"https:\/\/trgovina.pasjauniverza.si\/wp-content\/uploads\/2026\/03\/Hrustljavi-piskoti-z-nadevom-lososa-za-macke.jpg\" \/>\n\t<meta property=\"og:image:width\" content=\"400\" \/>\n\t<meta property=\"og:image:height\" content=\"400\" \/>\n\t<meta property=\"og:image:type\" content=\"image\/jpeg\" \/>\n<meta name=\"twitter:card\" content=\"summary_large_image\" \/>\n<meta name=\"twitter:label1\" content=\"Est. reading time\" \/>\n\t<meta name=\"twitter:data1\" content=\"2 minutes\" \/>\n<script type=\"application\/ld+json\" class=\"yoast-schema-graph\">{\"@context\":\"https:\\\/\\\/schema.org\",\"@graph\":[{\"@type\":\"WebPage\",\"@id\":\"https:\\\/\\\/trgovina.pasjauniverza.si\\\/product\\\/kitty-joy-hrustljavi-piskoti-z-nadevom-lososa-za-macke-20-g\\\/\",\"url\":\"https:\\\/\\\/trgovina.pasjauniverza.si\\\/product\\\/kitty-joy-hrustljavi-piskoti-z-nadevom-lososa-za-macke-20-g\\\/\",\"name\":\"Kitty Joy Hrustljavi pi\u0161koti z nadevom lososa za ma\u010dke (20 g) - Trgovina Pasja Univerza\",\"isPartOf\":{\"@id\":\"https:\\\/\\\/trgovina.pasjauniverza.si\\\/#website\"},\"primaryImageOfPage\":{\"@id\":\"https:\\\/\\\/trgovina.pasjauniverza.si\\\/product\\\/kitty-joy-hrustljavi-piskoti-z-nadevom-lososa-za-macke-20-g\\\/#primaryimage\"},\"image\":{\"@id\":\"https:\\\/\\\/trgovina.pasjauniverza.si\\\/product\\\/kitty-joy-hrustljavi-piskoti-z-nadevom-lososa-za-macke-20-g\\\/#primaryimage\"},\"thumbnailUrl\":\"https:\\\/\\\/trgovina.pasjauniverza.si\\\/wp-content\\\/uploads\\\/2026\\\/03\\\/Hrustljavi-piskoti-z-nadevom-lososa-za-macke.jpg\",\"datePublished\":\"2026-03-13T14:57:05+00:00\",\"dateModified\":\"2026-04-22T08:51:11+00:00\",\"description\":\"Kitty Joy Hrustljavi pi\u0161koti z nadevom lososa za ma\u010dke (20 g)\",\"breadcrumb\":{\"@id\":\"https:\\\/\\\/trgovina.pasjauniverza.si\\\/product\\\/kitty-joy-hrustljavi-piskoti-z-nadevom-lososa-za-macke-20-g\\\/#breadcrumb\"},\"inLanguage\":\"en-US\",\"potentialAction\":[{\"@type\":\"ReadAction\",\"target\":[\"https:\\\/\\\/trgovina.pasjauniverza.si\\\/product\\\/kitty-joy-hrustljavi-piskoti-z-nadevom-lososa-za-macke-20-g\\\/\"]}]},{\"@type\":\"ImageObject\",\"inLanguage\":\"en-US\",\"@id\":\"https:\\\/\\\/trgovina.pasjauniverza.si\\\/product\\\/kitty-joy-hrustljavi-piskoti-z-nadevom-lososa-za-macke-20-g\\\/#primaryimage\",\"url\":\"https:\\\/\\\/trgovina.pasjauniverza.si\\\/wp-content\\\/uploads\\\/2026\\\/03\\\/Hrustljavi-piskoti-z-nadevom-lososa-za-macke.jpg\",\"contentUrl\":\"https:\\\/\\\/trgovina.pasjauniverza.si\\\/wp-content\\\/uploads\\\/2026\\\/03\\\/Hrustljavi-piskoti-z-nadevom-lososa-za-macke.jpg\",\"width\":400,\"height\":400,\"caption\":\"Hrustljavi pi\u0161koti z nadevom lososa za ma\u010dke\"},{\"@type\":\"BreadcrumbList\",\"@id\":\"https:\\\/\\\/trgovina.pasjauniverza.si\\\/product\\\/kitty-joy-hrustljavi-piskoti-z-nadevom-lososa-za-macke-20-g\\\/#breadcrumb\",\"itemListElement\":[{\"@type\":\"ListItem\",\"position\":1,\"name\":\"Home\",\"item\":\"https:\\\/\\\/trgovina.pasjauniverza.si\\\/\"},{\"@type\":\"ListItem\",\"position\":2,\"name\":\"Trgovina\",\"item\":\"https:\\\/\\\/trgovina.pasjauniverza.si\\\/trgovina\\\/\"},{\"@type\":\"ListItem\",\"position\":3,\"name\":\"Kitty Joy Hrustljavi pi\u0161koti z nadevom lososa za ma\u010dke (20 g)\"}]},{\"@type\":\"WebSite\",\"@id\":\"https:\\\/\\\/trgovina.pasjauniverza.si\\\/#website\",\"url\":\"https:\\\/\\\/trgovina.pasjauniverza.si\\\/\",\"name\":\"Trgovina Pasja Univerza\",\"description\":\"pasja univerza trgovina\",\"publisher\":{\"@id\":\"https:\\\/\\\/trgovina.pasjauniverza.si\\\/#organization\"},\"potentialAction\":[{\"@type\":\"SearchAction\",\"target\":{\"@type\":\"EntryPoint\",\"urlTemplate\":\"https:\\\/\\\/trgovina.pasjauniverza.si\\\/?s={search_term_string}\"},\"query-input\":{\"@type\":\"PropertyValueSpecification\",\"valueRequired\":true,\"valueName\":\"search_term_string\"}}],\"inLanguage\":\"en-US\"},{\"@type\":\"Organization\",\"@id\":\"https:\\\/\\\/trgovina.pasjauniverza.si\\\/#organization\",\"name\":\"Trgovina Pasja Univerza\",\"url\":\"https:\\\/\\\/trgovina.pasjauniverza.si\\\/\",\"logo\":{\"@type\":\"ImageObject\",\"inLanguage\":\"en-US\",\"@id\":\"https:\\\/\\\/trgovina.pasjauniverza.si\\\/#\\\/schema\\\/logo\\\/image\\\/\",\"url\":\"https:\\\/\\\/trgovina.pasjauniverza.si\\\/wp-content\\\/uploads\\\/2024\\\/08\\\/cropped-logotipi-vector-04.png\",\"contentUrl\":\"https:\\\/\\\/trgovina.pasjauniverza.si\\\/wp-content\\\/uploads\\\/2024\\\/08\\\/cropped-logotipi-vector-04.png\",\"width\":942,\"height\":908,\"caption\":\"Trgovina Pasja Univerza\"},\"image\":{\"@id\":\"https:\\\/\\\/trgovina.pasjauniverza.si\\\/#\\\/schema\\\/logo\\\/image\\\/\"}}]}<\/script>\n<!-- \/ Yoast SEO plugin. -->","yoast_head_json":{"title":"Kitty Joy Hrustljavi pi\u0161koti z nadevom lososa za ma\u010dke (20 g) - Trgovina Pasja Univerza","description":"Kitty Joy Hrustljavi pi\u0161koti z nadevom lososa za ma\u010dke (20 g)","robots":{"index":"index","follow":"follow","max-snippet":"max-snippet:-1","max-image-preview":"max-image-preview:large","max-video-preview":"max-video-preview:-1"},"canonical":"https:\/\/trgovina.pasjauniverza.si\/en\/product\/kitty-joy-hrustljavi-piskoti-z-nadevom-lososa-za-macke-20-g\/","og_locale":"en_US","og_type":"article","og_title":"Kitty Joy Hrustljavi pi\u0161koti z nadevom lososa za ma\u010dke (20 g) - Trgovina Pasja Univerza","og_description":"Kitty Joy Hrustljavi pi\u0161koti z nadevom lososa za ma\u010dke (20 g)","og_url":"https:\/\/trgovina.pasjauniverza.si\/en\/product\/kitty-joy-hrustljavi-piskoti-z-nadevom-lososa-za-macke-20-g\/","og_site_name":"Trgovina Pasja Univerza","article_modified_time":"2026-04-22T08:51:11+00:00","og_image":[{"width":400,"height":400,"url":"https:\/\/trgovina.pasjauniverza.si\/wp-content\/uploads\/2026\/03\/Hrustljavi-piskoti-z-nadevom-lososa-za-macke.jpg","type":"image\/jpeg"}],"twitter_card":"summary_large_image","twitter_misc":{"Est. reading time":"2 minutes"},"schema":{"@context":"https:\/\/schema.org","@graph":[{"@type":"WebPage","@id":"https:\/\/trgovina.pasjauniverza.si\/product\/kitty-joy-hrustljavi-piskoti-z-nadevom-lososa-za-macke-20-g\/","url":"https:\/\/trgovina.pasjauniverza.si\/product\/kitty-joy-hrustljavi-piskoti-z-nadevom-lososa-za-macke-20-g\/","name":"Kitty Joy Hrustljavi pi\u0161koti z nadevom lososa za ma\u010dke (20 g) - Trgovina Pasja Univerza","isPartOf":{"@id":"https:\/\/trgovina.pasjauniverza.si\/#website"},"primaryImageOfPage":{"@id":"https:\/\/trgovina.pasjauniverza.si\/product\/kitty-joy-hrustljavi-piskoti-z-nadevom-lososa-za-macke-20-g\/#primaryimage"},"image":{"@id":"https:\/\/trgovina.pasjauniverza.si\/product\/kitty-joy-hrustljavi-piskoti-z-nadevom-lososa-za-macke-20-g\/#primaryimage"},"thumbnailUrl":"https:\/\/trgovina.pasjauniverza.si\/wp-content\/uploads\/2026\/03\/Hrustljavi-piskoti-z-nadevom-lososa-za-macke.jpg","datePublished":"2026-03-13T14:57:05+00:00","dateModified":"2026-04-22T08:51:11+00:00","description":"Kitty Joy Hrustljavi pi\u0161koti z nadevom lososa za ma\u010dke (20 g)","breadcrumb":{"@id":"https:\/\/trgovina.pasjauniverza.si\/product\/kitty-joy-hrustljavi-piskoti-z-nadevom-lososa-za-macke-20-g\/#breadcrumb"},"inLanguage":"en-US","potentialAction":[{"@type":"ReadAction","target":["https:\/\/trgovina.pasjauniverza.si\/product\/kitty-joy-hrustljavi-piskoti-z-nadevom-lososa-za-macke-20-g\/"]}]},{"@type":"ImageObject","inLanguage":"en-US","@id":"https:\/\/trgovina.pasjauniverza.si\/product\/kitty-joy-hrustljavi-piskoti-z-nadevom-lososa-za-macke-20-g\/#primaryimage","url":"https:\/\/trgovina.pasjauniverza.si\/wp-content\/uploads\/2026\/03\/Hrustljavi-piskoti-z-nadevom-lososa-za-macke.jpg","contentUrl":"https:\/\/trgovina.pasjauniverza.si\/wp-content\/uploads\/2026\/03\/Hrustljavi-piskoti-z-nadevom-lososa-za-macke.jpg","width":400,"height":400,"caption":"Hrustljavi pi\u0161koti z nadevom lososa za ma\u010dke"},{"@type":"BreadcrumbList","@id":"https:\/\/trgovina.pasjauniverza.si\/product\/kitty-joy-hrustljavi-piskoti-z-nadevom-lososa-za-macke-20-g\/#breadcrumb","itemListElement":[{"@type":"ListItem","position":1,"name":"Home","item":"https:\/\/trgovina.pasjauniverza.si\/"},{"@type":"ListItem","position":2,"name":"Trgovina","item":"https:\/\/trgovina.pasjauniverza.si\/trgovina\/"},{"@type":"ListItem","position":3,"name":"Kitty Joy Hrustljavi pi\u0161koti z nadevom lososa za ma\u010dke (20 g)"}]},{"@type":"WebSite","@id":"https:\/\/trgovina.pasjauniverza.si\/#website","url":"https:\/\/trgovina.pasjauniverza.si\/","name":"Trgovina Pasja Univerza","description":"pasja univerza trgovina","publisher":{"@id":"https:\/\/trgovina.pasjauniverza.si\/#organization"},"potentialAction":[{"@type":"SearchAction","target":{"@type":"EntryPoint","urlTemplate":"https:\/\/trgovina.pasjauniverza.si\/?s={search_term_string}"},"query-input":{"@type":"PropertyValueSpecification","valueRequired":true,"valueName":"search_term_string"}}],"inLanguage":"en-US"},{"@type":"Organization","@id":"https:\/\/trgovina.pasjauniverza.si\/#organization","name":"Trgovina Pasja Univerza","url":"https:\/\/trgovina.pasjauniverza.si\/","logo":{"@type":"ImageObject","inLanguage":"en-US","@id":"https:\/\/trgovina.pasjauniverza.si\/#\/schema\/logo\/image\/","url":"https:\/\/trgovina.pasjauniverza.si\/wp-content\/uploads\/2024\/08\/cropped-logotipi-vector-04.png","contentUrl":"https:\/\/trgovina.pasjauniverza.si\/wp-content\/uploads\/2024\/08\/cropped-logotipi-vector-04.png","width":942,"height":908,"caption":"Trgovina Pasja Univerza"},"image":{"@id":"https:\/\/trgovina.pasjauniverza.si\/#\/schema\/logo\/image\/"}}]}},"uagb_featured_image_src":{"full":["https:\/\/trgovina.pasjauniverza.si\/wp-content\/uploads\/2026\/03\/Hrustljavi-piskoti-z-nadevom-lososa-za-macke.jpg",400,400,false],"thumbnail":["https:\/\/trgovina.pasjauniverza.si\/wp-content\/uploads\/2026\/03\/Hrustljavi-piskoti-z-nadevom-lososa-za-macke-150x150.jpg",150,150,true],"medium":["https:\/\/trgovina.pasjauniverza.si\/wp-content\/uploads\/2026\/03\/Hrustljavi-piskoti-z-nadevom-lososa-za-macke-300x300.jpg",300,300,true],"medium_large":["https:\/\/trgovina.pasjauniverza.si\/wp-content\/uploads\/2026\/03\/Hrustljavi-piskoti-z-nadevom-lososa-za-macke.jpg",400,400,false],"large":["https:\/\/trgovina.pasjauniverza.si\/wp-content\/uploads\/2026\/03\/Hrustljavi-piskoti-z-nadevom-lososa-za-macke.jpg",400,400,false],"1536x1536":["https:\/\/trgovina.pasjauniverza.si\/wp-content\/uploads\/2026\/03\/Hrustljavi-piskoti-z-nadevom-lososa-za-macke.jpg",400,400,false],"2048x2048":["https:\/\/trgovina.pasjauniverza.si\/wp-content\/uploads\/2026\/03\/Hrustljavi-piskoti-z-nadevom-lososa-za-macke.jpg",400,400,false],"trp-custom-language-flag":["https:\/\/trgovina.pasjauniverza.si\/wp-content\/uploads\/2026\/03\/Hrustljavi-piskoti-z-nadevom-lososa-za-macke-12x12.jpg",12,12,true],"woocommerce_thumbnail":["https:\/\/trgovina.pasjauniverza.si\/wp-content\/uploads\/2026\/03\/Hrustljavi-piskoti-z-nadevom-lososa-za-macke-300x300.jpg",300,300,true],"woocommerce_single":["https:\/\/trgovina.pasjauniverza.si\/wp-content\/uploads\/2026\/03\/Hrustljavi-piskoti-z-nadevom-lososa-za-macke.jpg",400,400,false],"woocommerce_gallery_thumbnail":["https:\/\/trgovina.pasjauniverza.si\/wp-content\/uploads\/2026\/03\/Hrustljavi-piskoti-z-nadevom-lososa-za-macke-100x100.jpg",100,100,true]},"uagb_author_info":{"display_name":"Karmen Grubeli\u0107, dr.vet.med.","author_link":"https:\/\/trgovina.pasjauniverza.si\/en\/author\/"},"uagb_comment_info":0,"uagb_excerpt":"Hrustljavi pi\u0161koti z mehkim nadevom z okusom lososa so okusna nagrada za ma\u010dke, ki obo\u017eujejo kombinacijo hrustljave teksture in kremnega polnila. Ti pribolj\u0161ki so bogati z Omega-3 in Omega-6 ma\u0161\u010dobnimi kislinami, ki pomagajo ohranjati zdravje zob, zmanj\u0161evati zobne obloge ter osve\u017eiti zadah. Odli\u010dni so za vsakodnevno razvajanje, nagrajevanje ali kot motivacija pri igri in u\u010denju.","jetpack_sharing_enabled":true,"_links":{"self":[{"href":"https:\/\/trgovina.pasjauniverza.si\/en\/wp-json\/wp\/v2\/product\/17304","targetHints":{"allow":["GET"]}}],"collection":[{"href":"https:\/\/trgovina.pasjauniverza.si\/en\/wp-json\/wp\/v2\/product"}],"about":[{"href":"https:\/\/trgovina.pasjauniverza.si\/en\/wp-json\/wp\/v2\/types\/product"}],"replies":[{"embeddable":true,"href":"https:\/\/trgovina.pasjauniverza.si\/en\/wp-json\/wp\/v2\/comments?post=17304"}],"wp:featuredmedia":[{"embeddable":true,"href":"https:\/\/trgovina.pasjauniverza.si\/en\/wp-json\/wp\/v2\/media\/17302"}],"wp:attachment":[{"href":"https:\/\/trgovina.pasjauniverza.si\/en\/wp-json\/wp\/v2\/media?parent=17304"}],"wp:term":[{"taxonomy":"product_brand","embeddable":true,"href":"https:\/\/trgovina.pasjauniverza.si\/en\/wp-json\/wp\/v2\/product_brand?post=17304"},{"taxonomy":"product_cat","embeddable":true,"href":"https:\/\/trgovina.pasjauniverza.si\/en\/wp-json\/wp\/v2\/product_cat?post=17304"},{"taxonomy":"product_tag","embeddable":true,"href":"https:\/\/trgovina.pasjauniverza.si\/en\/wp-json\/wp\/v2\/product_tag?post=17304"}],"curies":[{"name":"wp","href":"https:\/\/api.w.org\/{rel}","templated":true}]}}