
{"id":17294,"date":"2026-03-18T10:04:18","date_gmt":"2026-03-18T10:04:18","guid":{"rendered":"https:\/\/trgovina.pasjauniverza.si\/?post_type=product&#038;p=17294"},"modified":"2026-04-22T08:51:11","modified_gmt":"2026-04-22T08:51:11","slug":"kitty-joy-mehki-fileji-kuhane-skuse-za-macke-25-g","status":"publish","type":"product","link":"https:\/\/trgovina.pasjauniverza.si\/en\/product\/kitty-joy-mehki-fileji-kuhane-skuse-za-macke-25-g\/","title":{"rendered":"Kitty Joy Mehki fileji kuhane sku\u0161e za ma\u010dke (25 g)"},"content":{"rendered":"<p data-section-id=\"h7ddy1\" data-start=\"443\" data-end=\"471\">KittyJoy izdelki so narejeni iz kakovostnega mesa po recepturah, razvitih za zdravo prehrano ma\u010dk, brez umetnih barvil in nepotrebnih dodatkov.<\/p>\n<h2 data-section-id=\"h7ddy1\" data-start=\"443\" data-end=\"471\">Zakaj jih ma\u010dke obo\u017eujejo<\/h2>\n<p data-start=\"472\" data-end=\"645\">\u2022 ne\u017eni fileji iz sku\u0161e<br data-start=\"495\" data-end=\"498\" \/>\u2022 bogat naravni ribji okus<br data-start=\"524\" data-end=\"527\" \/>\u2022 mehka tekstura \u2013 enostavno za u\u017eivanje<br data-start=\"567\" data-end=\"570\" \/>\u2022 visoka vsebnost beljakovin<br data-start=\"598\" data-end=\"601\" \/>\u2022 odli\u010dno kot pribolj\u0161ek ali dodatek hrani<\/p>\n<hr data-start=\"647\" data-end=\"650\" \/>\n<h2 data-section-id=\"1q479cy\" data-start=\"652\" data-end=\"664\">Sestava<\/h2>\n<p data-start=\"665\" data-end=\"679\">100% sku\u0161a v lastnem soku.<\/p>\n<hr data-start=\"681\" data-end=\"684\" \/>\n<h2 data-section-id=\"xx9u83\" data-start=\"686\" data-end=\"710\">Analitske sestavine<\/h2>\n<p data-start=\"711\" data-end=\"824\">\u2022 surove beljakovine: 23 %<br data-start=\"737\" data-end=\"740\" \/>\u2022 surove ma\u0161\u010dobe: 5 %<br data-start=\"761\" data-end=\"764\" \/>\u2022 surova vlaknina: 1 %<br data-start=\"786\" data-end=\"789\" \/>\u2022 surovi pepel: 3 %<br data-start=\"808\" data-end=\"811\" \/>\u2022 vlaga: 80 %<\/p>\n<hr data-start=\"826\" data-end=\"829\" \/>\n<h2 data-section-id=\"1rogak3\" data-start=\"831\" data-end=\"857\">Navodila za hranjenje<\/h2>\n<p data-start=\"858\" data-end=\"1011\">Postrezite kot pribolj\u0161ek ali dodatek k redni prehrani.<br data-start=\"913\" data-end=\"916\" \/>Pribolj\u0161ki naj ne predstavljajo ve\u010d kot pribli\u017eno <strong data-start=\"966\" data-end=\"1008\">10 % dnevnega energijskega vnosa ma\u010dke<\/strong>.<\/p>\n<p data-start=\"1013\" data-end=\"1169\">Ma\u010dka naj ima vedno na voljo sve\u017eo pitno vodo.<br data-start=\"1059\" data-end=\"1062\" \/>Shranjujte v hladnem in suhem prostoru, po odprtju izdelek hranite v hladilniku in porabite v kratkem \u010dasu.<\/p>","protected":false},"excerpt":{"rendered":"<p data-start=\"56\" data-end=\"262\">Ne\u017eni fileji sku\u0161e so okusna in aromati\u010dna nagrada za ma\u010dke, pripravljena iz kakovostne ribe. Sku\u0161a je rahlo pe\u010dena in kuhana, zato ohrani bogat naravni okus ter mehko teksturo, ki jo ma\u010dke zlahka pojedo.<\/p>\n<p data-start=\"264\" data-end=\"436\">Ta ribji pribolj\u0161ek je odli\u010den kot nagrada, dodatek k obroku ali kot razvajanje za izbir\u010dne ma\u010dke, saj vsebuje veliko beljakovin in ma\u010dke privla\u010di z naravnim ribjim okusom.<\/p>","protected":false},"featured_media":17295,"comment_status":"open","ping_status":"closed","template":"","meta":{"_acf_changed":false,"_uag_custom_page_level_css":"","site-sidebar-layout":"default","site-content-layout":"","ast-site-content-layout":"default","site-content-style":"default","site-sidebar-style":"default","ast-global-header-display":"","ast-banner-title-visibility":"","ast-main-header-display":"","ast-hfb-above-header-display":"","ast-hfb-below-header-display":"","ast-hfb-mobile-header-display":"","site-post-title":"","ast-breadcrumbs-content":"","ast-featured-img":"","footer-sml-layout":"","ast-disable-related-posts":"","theme-transparent-header-meta":"default","adv-header-id-meta":"","stick-header-meta":"","header-above-stick-meta":"","header-main-stick-meta":"","header-below-stick-meta":"","astra-migrate-meta-layouts":"set","ast-page-background-enabled":"default","ast-page-background-meta":{"desktop":{"background-color":"","background-image":"","background-repeat":"repeat","background-position":"center center","background-size":"auto","background-attachment":"scroll","background-type":"","background-media":"","overlay-type":"","overlay-color":"","overlay-opacity":"","overlay-gradient":""},"tablet":{"background-color":"","background-image":"","background-repeat":"repeat","background-position":"center center","background-size":"auto","background-attachment":"scroll","background-type":"","background-media":"","overlay-type":"","overlay-color":"","overlay-opacity":"","overlay-gradient":""},"mobile":{"background-color":"","background-image":"","background-repeat":"repeat","background-position":"center center","background-size":"auto","background-attachment":"scroll","background-type":"","background-media":"","overlay-type":"","overlay-color":"","overlay-opacity":"","overlay-gradient":""}},"ast-content-background-meta":{"desktop":{"background-color":"var(--ast-global-color-5)","background-image":"","background-repeat":"repeat","background-position":"center center","background-size":"auto","background-attachment":"scroll","background-type":"","background-media":"","overlay-type":"","overlay-color":"","overlay-opacity":"","overlay-gradient":""},"tablet":{"background-color":"var(--ast-global-color-5)","background-image":"","background-repeat":"repeat","background-position":"center center","background-size":"auto","background-attachment":"scroll","background-type":"","background-media":"","overlay-type":"","overlay-color":"","overlay-opacity":"","overlay-gradient":""},"mobile":{"background-color":"var(--ast-global-color-5)","background-image":"","background-repeat":"repeat","background-position":"center center","background-size":"auto","background-attachment":"scroll","background-type":"","background-media":"","overlay-type":"","overlay-color":"","overlay-opacity":"","overlay-gradient":""}}},"product_brand":[],"product_cat":[744,732,968,724,957,18],"product_tag":[],"class_list":{"0":"post-17294","1":"product","2":"type-product","3":"status-publish","4":"has-post-thumbnail","6":"product_cat-blagovne-znamke","7":"product_cat-hrana-za-macke","8":"product_cat-kittyjoy","9":"product_cat-macke","10":"product_cat-priboljski-za-macke","11":"product_cat-vsi-izdelki","12":"desktop-align-center","13":"tablet-align-center","14":"mobile-align-center","16":"first","17":"instock","18":"shipping-taxable","19":"purchasable","20":"product-type-simple"},"acf":[],"yoast_head":"<!-- This site is optimized with the Yoast SEO plugin v27.4 - https:\/\/yoast.com\/product\/yoast-seo-wordpress\/ -->\n<title>Kitty Joy Mehki fileji kuhane sku\u0161e za ma\u010dke (25 g) - Trgovina Pasja Univerza<\/title>\n<meta name=\"description\" content=\"Kitty Joy Mehki fileji sku\u0161e za ma\u010dke (25 g)\" \/>\n<meta name=\"robots\" content=\"index, follow, max-snippet:-1, max-image-preview:large, max-video-preview:-1\" \/>\n<link rel=\"canonical\" href=\"https:\/\/trgovina.pasjauniverza.si\/en\/product\/kitty-joy-mehki-fileji-kuhane-skuse-za-macke-25-g\/\" \/>\n<meta property=\"og:locale\" content=\"en_US\" \/>\n<meta property=\"og:type\" content=\"article\" \/>\n<meta property=\"og:title\" content=\"Kitty Joy Mehki fileji kuhane sku\u0161e za ma\u010dke (25 g) - Trgovina Pasja Univerza\" \/>\n<meta property=\"og:description\" content=\"Kitty Joy Mehki fileji sku\u0161e za ma\u010dke (25 g)\" \/>\n<meta property=\"og:url\" content=\"https:\/\/trgovina.pasjauniverza.si\/en\/product\/kitty-joy-mehki-fileji-kuhane-skuse-za-macke-25-g\/\" \/>\n<meta property=\"og:site_name\" content=\"Trgovina Pasja Univerza\" \/>\n<meta property=\"article:modified_time\" content=\"2026-04-22T08:51:11+00:00\" \/>\n<meta property=\"og:image\" content=\"https:\/\/trgovina.pasjauniverza.si\/wp-content\/uploads\/2026\/03\/Mehki-fileji-kuhane-skuse-za-macke.jpg\" \/>\n\t<meta property=\"og:image:width\" content=\"400\" \/>\n\t<meta property=\"og:image:height\" content=\"400\" \/>\n\t<meta property=\"og:image:type\" content=\"image\/jpeg\" \/>\n<meta name=\"twitter:card\" content=\"summary_large_image\" \/>\n<meta name=\"twitter:label1\" content=\"Est. reading time\" \/>\n\t<meta name=\"twitter:data1\" content=\"1 minute\" \/>\n<script type=\"application\/ld+json\" class=\"yoast-schema-graph\">{\"@context\":\"https:\\\/\\\/schema.org\",\"@graph\":[{\"@type\":\"WebPage\",\"@id\":\"https:\\\/\\\/trgovina.pasjauniverza.si\\\/product\\\/kitty-joy-mehki-fileji-kuhane-skuse-za-macke-25-g\\\/\",\"url\":\"https:\\\/\\\/trgovina.pasjauniverza.si\\\/product\\\/kitty-joy-mehki-fileji-kuhane-skuse-za-macke-25-g\\\/\",\"name\":\"Kitty Joy Mehki fileji kuhane sku\u0161e za ma\u010dke (25 g) - Trgovina Pasja Univerza\",\"isPartOf\":{\"@id\":\"https:\\\/\\\/trgovina.pasjauniverza.si\\\/#website\"},\"primaryImageOfPage\":{\"@id\":\"https:\\\/\\\/trgovina.pasjauniverza.si\\\/product\\\/kitty-joy-mehki-fileji-kuhane-skuse-za-macke-25-g\\\/#primaryimage\"},\"image\":{\"@id\":\"https:\\\/\\\/trgovina.pasjauniverza.si\\\/product\\\/kitty-joy-mehki-fileji-kuhane-skuse-za-macke-25-g\\\/#primaryimage\"},\"thumbnailUrl\":\"https:\\\/\\\/trgovina.pasjauniverza.si\\\/wp-content\\\/uploads\\\/2026\\\/03\\\/Mehki-fileji-kuhane-skuse-za-macke.jpg\",\"datePublished\":\"2026-03-18T10:04:18+00:00\",\"dateModified\":\"2026-04-22T08:51:11+00:00\",\"description\":\"Kitty Joy Mehki fileji sku\u0161e za ma\u010dke (25 g)\",\"breadcrumb\":{\"@id\":\"https:\\\/\\\/trgovina.pasjauniverza.si\\\/product\\\/kitty-joy-mehki-fileji-kuhane-skuse-za-macke-25-g\\\/#breadcrumb\"},\"inLanguage\":\"en-US\",\"potentialAction\":[{\"@type\":\"ReadAction\",\"target\":[\"https:\\\/\\\/trgovina.pasjauniverza.si\\\/product\\\/kitty-joy-mehki-fileji-kuhane-skuse-za-macke-25-g\\\/\"]}]},{\"@type\":\"ImageObject\",\"inLanguage\":\"en-US\",\"@id\":\"https:\\\/\\\/trgovina.pasjauniverza.si\\\/product\\\/kitty-joy-mehki-fileji-kuhane-skuse-za-macke-25-g\\\/#primaryimage\",\"url\":\"https:\\\/\\\/trgovina.pasjauniverza.si\\\/wp-content\\\/uploads\\\/2026\\\/03\\\/Mehki-fileji-kuhane-skuse-za-macke.jpg\",\"contentUrl\":\"https:\\\/\\\/trgovina.pasjauniverza.si\\\/wp-content\\\/uploads\\\/2026\\\/03\\\/Mehki-fileji-kuhane-skuse-za-macke.jpg\",\"width\":400,\"height\":400,\"caption\":\"Mehki fileji kuhane sku\u0161e za ma\u010dke\"},{\"@type\":\"BreadcrumbList\",\"@id\":\"https:\\\/\\\/trgovina.pasjauniverza.si\\\/product\\\/kitty-joy-mehki-fileji-kuhane-skuse-za-macke-25-g\\\/#breadcrumb\",\"itemListElement\":[{\"@type\":\"ListItem\",\"position\":1,\"name\":\"Home\",\"item\":\"https:\\\/\\\/trgovina.pasjauniverza.si\\\/\"},{\"@type\":\"ListItem\",\"position\":2,\"name\":\"Trgovina\",\"item\":\"https:\\\/\\\/trgovina.pasjauniverza.si\\\/trgovina\\\/\"},{\"@type\":\"ListItem\",\"position\":3,\"name\":\"Kitty Joy Mehki fileji kuhane sku\u0161e za ma\u010dke (25 g)\"}]},{\"@type\":\"WebSite\",\"@id\":\"https:\\\/\\\/trgovina.pasjauniverza.si\\\/#website\",\"url\":\"https:\\\/\\\/trgovina.pasjauniverza.si\\\/\",\"name\":\"Trgovina Pasja Univerza\",\"description\":\"pasja univerza trgovina\",\"publisher\":{\"@id\":\"https:\\\/\\\/trgovina.pasjauniverza.si\\\/#organization\"},\"potentialAction\":[{\"@type\":\"SearchAction\",\"target\":{\"@type\":\"EntryPoint\",\"urlTemplate\":\"https:\\\/\\\/trgovina.pasjauniverza.si\\\/?s={search_term_string}\"},\"query-input\":{\"@type\":\"PropertyValueSpecification\",\"valueRequired\":true,\"valueName\":\"search_term_string\"}}],\"inLanguage\":\"en-US\"},{\"@type\":\"Organization\",\"@id\":\"https:\\\/\\\/trgovina.pasjauniverza.si\\\/#organization\",\"name\":\"Trgovina Pasja Univerza\",\"url\":\"https:\\\/\\\/trgovina.pasjauniverza.si\\\/\",\"logo\":{\"@type\":\"ImageObject\",\"inLanguage\":\"en-US\",\"@id\":\"https:\\\/\\\/trgovina.pasjauniverza.si\\\/#\\\/schema\\\/logo\\\/image\\\/\",\"url\":\"https:\\\/\\\/trgovina.pasjauniverza.si\\\/wp-content\\\/uploads\\\/2024\\\/08\\\/cropped-logotipi-vector-04.png\",\"contentUrl\":\"https:\\\/\\\/trgovina.pasjauniverza.si\\\/wp-content\\\/uploads\\\/2024\\\/08\\\/cropped-logotipi-vector-04.png\",\"width\":942,\"height\":908,\"caption\":\"Trgovina Pasja Univerza\"},\"image\":{\"@id\":\"https:\\\/\\\/trgovina.pasjauniverza.si\\\/#\\\/schema\\\/logo\\\/image\\\/\"}}]}<\/script>\n<!-- \/ Yoast SEO plugin. -->","yoast_head_json":{"title":"Kitty Joy Mehki fileji kuhane sku\u0161e za ma\u010dke (25 g) - Trgovina Pasja Univerza","description":"Kitty Joy Mehki fileji sku\u0161e za ma\u010dke (25 g)","robots":{"index":"index","follow":"follow","max-snippet":"max-snippet:-1","max-image-preview":"max-image-preview:large","max-video-preview":"max-video-preview:-1"},"canonical":"https:\/\/trgovina.pasjauniverza.si\/en\/product\/kitty-joy-mehki-fileji-kuhane-skuse-za-macke-25-g\/","og_locale":"en_US","og_type":"article","og_title":"Kitty Joy Mehki fileji kuhane sku\u0161e za ma\u010dke (25 g) - Trgovina Pasja Univerza","og_description":"Kitty Joy Mehki fileji sku\u0161e za ma\u010dke (25 g)","og_url":"https:\/\/trgovina.pasjauniverza.si\/en\/product\/kitty-joy-mehki-fileji-kuhane-skuse-za-macke-25-g\/","og_site_name":"Trgovina Pasja Univerza","article_modified_time":"2026-04-22T08:51:11+00:00","og_image":[{"width":400,"height":400,"url":"https:\/\/trgovina.pasjauniverza.si\/wp-content\/uploads\/2026\/03\/Mehki-fileji-kuhane-skuse-za-macke.jpg","type":"image\/jpeg"}],"twitter_card":"summary_large_image","twitter_misc":{"Est. reading time":"1 minute"},"schema":{"@context":"https:\/\/schema.org","@graph":[{"@type":"WebPage","@id":"https:\/\/trgovina.pasjauniverza.si\/product\/kitty-joy-mehki-fileji-kuhane-skuse-za-macke-25-g\/","url":"https:\/\/trgovina.pasjauniverza.si\/product\/kitty-joy-mehki-fileji-kuhane-skuse-za-macke-25-g\/","name":"Kitty Joy Mehki fileji kuhane sku\u0161e za ma\u010dke (25 g) - Trgovina Pasja Univerza","isPartOf":{"@id":"https:\/\/trgovina.pasjauniverza.si\/#website"},"primaryImageOfPage":{"@id":"https:\/\/trgovina.pasjauniverza.si\/product\/kitty-joy-mehki-fileji-kuhane-skuse-za-macke-25-g\/#primaryimage"},"image":{"@id":"https:\/\/trgovina.pasjauniverza.si\/product\/kitty-joy-mehki-fileji-kuhane-skuse-za-macke-25-g\/#primaryimage"},"thumbnailUrl":"https:\/\/trgovina.pasjauniverza.si\/wp-content\/uploads\/2026\/03\/Mehki-fileji-kuhane-skuse-za-macke.jpg","datePublished":"2026-03-18T10:04:18+00:00","dateModified":"2026-04-22T08:51:11+00:00","description":"Kitty Joy Mehki fileji sku\u0161e za ma\u010dke (25 g)","breadcrumb":{"@id":"https:\/\/trgovina.pasjauniverza.si\/product\/kitty-joy-mehki-fileji-kuhane-skuse-za-macke-25-g\/#breadcrumb"},"inLanguage":"en-US","potentialAction":[{"@type":"ReadAction","target":["https:\/\/trgovina.pasjauniverza.si\/product\/kitty-joy-mehki-fileji-kuhane-skuse-za-macke-25-g\/"]}]},{"@type":"ImageObject","inLanguage":"en-US","@id":"https:\/\/trgovina.pasjauniverza.si\/product\/kitty-joy-mehki-fileji-kuhane-skuse-za-macke-25-g\/#primaryimage","url":"https:\/\/trgovina.pasjauniverza.si\/wp-content\/uploads\/2026\/03\/Mehki-fileji-kuhane-skuse-za-macke.jpg","contentUrl":"https:\/\/trgovina.pasjauniverza.si\/wp-content\/uploads\/2026\/03\/Mehki-fileji-kuhane-skuse-za-macke.jpg","width":400,"height":400,"caption":"Mehki fileji kuhane sku\u0161e za ma\u010dke"},{"@type":"BreadcrumbList","@id":"https:\/\/trgovina.pasjauniverza.si\/product\/kitty-joy-mehki-fileji-kuhane-skuse-za-macke-25-g\/#breadcrumb","itemListElement":[{"@type":"ListItem","position":1,"name":"Home","item":"https:\/\/trgovina.pasjauniverza.si\/"},{"@type":"ListItem","position":2,"name":"Trgovina","item":"https:\/\/trgovina.pasjauniverza.si\/trgovina\/"},{"@type":"ListItem","position":3,"name":"Kitty Joy Mehki fileji kuhane sku\u0161e za ma\u010dke (25 g)"}]},{"@type":"WebSite","@id":"https:\/\/trgovina.pasjauniverza.si\/#website","url":"https:\/\/trgovina.pasjauniverza.si\/","name":"Trgovina Pasja Univerza","description":"pasja univerza trgovina","publisher":{"@id":"https:\/\/trgovina.pasjauniverza.si\/#organization"},"potentialAction":[{"@type":"SearchAction","target":{"@type":"EntryPoint","urlTemplate":"https:\/\/trgovina.pasjauniverza.si\/?s={search_term_string}"},"query-input":{"@type":"PropertyValueSpecification","valueRequired":true,"valueName":"search_term_string"}}],"inLanguage":"en-US"},{"@type":"Organization","@id":"https:\/\/trgovina.pasjauniverza.si\/#organization","name":"Trgovina Pasja Univerza","url":"https:\/\/trgovina.pasjauniverza.si\/","logo":{"@type":"ImageObject","inLanguage":"en-US","@id":"https:\/\/trgovina.pasjauniverza.si\/#\/schema\/logo\/image\/","url":"https:\/\/trgovina.pasjauniverza.si\/wp-content\/uploads\/2024\/08\/cropped-logotipi-vector-04.png","contentUrl":"https:\/\/trgovina.pasjauniverza.si\/wp-content\/uploads\/2024\/08\/cropped-logotipi-vector-04.png","width":942,"height":908,"caption":"Trgovina Pasja Univerza"},"image":{"@id":"https:\/\/trgovina.pasjauniverza.si\/#\/schema\/logo\/image\/"}}]}},"uagb_featured_image_src":{"full":["https:\/\/trgovina.pasjauniverza.si\/wp-content\/uploads\/2026\/03\/Mehki-fileji-kuhane-skuse-za-macke.jpg",400,400,false],"thumbnail":["https:\/\/trgovina.pasjauniverza.si\/wp-content\/uploads\/2026\/03\/Mehki-fileji-kuhane-skuse-za-macke-150x150.jpg",150,150,true],"medium":["https:\/\/trgovina.pasjauniverza.si\/wp-content\/uploads\/2026\/03\/Mehki-fileji-kuhane-skuse-za-macke-300x300.jpg",300,300,true],"medium_large":["https:\/\/trgovina.pasjauniverza.si\/wp-content\/uploads\/2026\/03\/Mehki-fileji-kuhane-skuse-za-macke.jpg",400,400,false],"large":["https:\/\/trgovina.pasjauniverza.si\/wp-content\/uploads\/2026\/03\/Mehki-fileji-kuhane-skuse-za-macke.jpg",400,400,false],"1536x1536":["https:\/\/trgovina.pasjauniverza.si\/wp-content\/uploads\/2026\/03\/Mehki-fileji-kuhane-skuse-za-macke.jpg",400,400,false],"2048x2048":["https:\/\/trgovina.pasjauniverza.si\/wp-content\/uploads\/2026\/03\/Mehki-fileji-kuhane-skuse-za-macke.jpg",400,400,false],"trp-custom-language-flag":["https:\/\/trgovina.pasjauniverza.si\/wp-content\/uploads\/2026\/03\/Mehki-fileji-kuhane-skuse-za-macke-12x12.jpg",12,12,true],"woocommerce_thumbnail":["https:\/\/trgovina.pasjauniverza.si\/wp-content\/uploads\/2026\/03\/Mehki-fileji-kuhane-skuse-za-macke-300x300.jpg",300,300,true],"woocommerce_single":["https:\/\/trgovina.pasjauniverza.si\/wp-content\/uploads\/2026\/03\/Mehki-fileji-kuhane-skuse-za-macke.jpg",400,400,false],"woocommerce_gallery_thumbnail":["https:\/\/trgovina.pasjauniverza.si\/wp-content\/uploads\/2026\/03\/Mehki-fileji-kuhane-skuse-za-macke-100x100.jpg",100,100,true]},"uagb_author_info":{"display_name":"Karmen Grubeli\u0107, dr.vet.med.","author_link":"https:\/\/trgovina.pasjauniverza.si\/en\/author\/"},"uagb_comment_info":0,"uagb_excerpt":"Ne\u017eni fileji sku\u0161e so okusna in aromati\u010dna nagrada za ma\u010dke, pripravljena iz kakovostne ribe. Sku\u0161a je rahlo pe\u010dena in kuhana, zato ohrani bogat naravni okus ter mehko teksturo, ki jo ma\u010dke zlahka pojedo. Ta ribji pribolj\u0161ek je odli\u010den kot nagrada, dodatek k obroku ali kot razvajanje za izbir\u010dne ma\u010dke, saj vsebuje veliko beljakovin in ma\u010dke&hellip;","jetpack_sharing_enabled":true,"_links":{"self":[{"href":"https:\/\/trgovina.pasjauniverza.si\/en\/wp-json\/wp\/v2\/product\/17294","targetHints":{"allow":["GET"]}}],"collection":[{"href":"https:\/\/trgovina.pasjauniverza.si\/en\/wp-json\/wp\/v2\/product"}],"about":[{"href":"https:\/\/trgovina.pasjauniverza.si\/en\/wp-json\/wp\/v2\/types\/product"}],"replies":[{"embeddable":true,"href":"https:\/\/trgovina.pasjauniverza.si\/en\/wp-json\/wp\/v2\/comments?post=17294"}],"wp:featuredmedia":[{"embeddable":true,"href":"https:\/\/trgovina.pasjauniverza.si\/en\/wp-json\/wp\/v2\/media\/17295"}],"wp:attachment":[{"href":"https:\/\/trgovina.pasjauniverza.si\/en\/wp-json\/wp\/v2\/media?parent=17294"}],"wp:term":[{"taxonomy":"product_brand","embeddable":true,"href":"https:\/\/trgovina.pasjauniverza.si\/en\/wp-json\/wp\/v2\/product_brand?post=17294"},{"taxonomy":"product_cat","embeddable":true,"href":"https:\/\/trgovina.pasjauniverza.si\/en\/wp-json\/wp\/v2\/product_cat?post=17294"},{"taxonomy":"product_tag","embeddable":true,"href":"https:\/\/trgovina.pasjauniverza.si\/en\/wp-json\/wp\/v2\/product_tag?post=17294"}],"curies":[{"name":"wp","href":"https:\/\/api.w.org\/{rel}","templated":true}]}}