
{"id":17289,"date":"2026-03-13T12:37:55","date_gmt":"2026-03-13T12:37:55","guid":{"rendered":"https:\/\/trgovina.pasjauniverza.si\/?post_type=product&#038;p=17289"},"modified":"2026-04-15T10:42:21","modified_gmt":"2026-04-15T10:42:21","slug":"doggy-joy-mesne-palcke-za-velike-pasme-psov-raca-90-g","status":"publish","type":"product","link":"https:\/\/trgovina.pasjauniverza.si\/en\/product\/doggy-joy-mesne-palcke-za-velike-pasme-psov-raca-90-g\/","title":{"rendered":"Doggy Joy Mesne pal\u010dke za velike pasme psov &#8211; Raca (45 g)"},"content":{"rendered":"<p>Pribolj\u0161ki Doggy Joy so narejeni iz kakovostnega mesa po recepturah, razvitih za zdravo nagrajevanje psov, brez umetnih barvil in nepotrebnih dodatkov.<\/p>\n<h2 data-section-id=\"7zt24\" data-start=\"399\" data-end=\"425\">Zakaj jih psi obo\u017eujejo<\/h2>\n<p data-start=\"426\" data-end=\"629\">\u2022 okusno ra\u010dje meso z naravnim mesnim okusom<br data-start=\"470\" data-end=\"473\" \/>\u2022 mehke pal\u010dke \u2013 enostavne za lomljenje<br data-start=\"512\" data-end=\"515\" \/>\u2022 odli\u010dne za trening in nagrajevanje<br data-start=\"551\" data-end=\"554\" \/>\u2022 visoka vsebnost beljakovin<br data-start=\"582\" data-end=\"585\" \/>\u2022 primerne za srednje in velike pasme psov<\/p>\n<hr data-start=\"631\" data-end=\"634\" \/>\n<h2 data-section-id=\"1q479cy\" data-start=\"636\" data-end=\"648\">Sestava<\/h2>\n<p data-start=\"649\" data-end=\"745\">raca (\u224877,3 %), rastlinski stranski proizvodi, minerali.<\/p>\n<hr data-start=\"747\" data-end=\"750\" \/>\n<h2 data-section-id=\"xx9u83\" data-start=\"752\" data-end=\"776\">Analitske sestavine<\/h2>\n<p data-start=\"777\" data-end=\"934\">\u2022 surove beljakovine: 23 %<br data-start=\"803\" data-end=\"806\" \/>\u2022 surove ma\u0161\u010dobe: 3,5 %<br data-start=\"829\" data-end=\"832\" \/>\u2022 surova vlaknina: 0,2 %<br data-start=\"856\" data-end=\"859\" \/>\u2022 surovi pepel: 4 %<br data-start=\"878\" data-end=\"881\" \/>\u2022 vlaga: 23 %<\/p>\n<hr data-start=\"936\" data-end=\"939\" \/>\n<h2 data-section-id=\"1rogak3\" data-start=\"941\" data-end=\"967\">Navodila za hranjenje<\/h2>\n<p data-start=\"968\" data-end=\"1120\">Postrezite kot pribolj\u0161ek ali nagrado med obroki ali treningom.<br data-start=\"1031\" data-end=\"1034\" \/>Priporo\u010dena koli\u010dina: <strong data-start=\"1056\" data-end=\"1077\">1\u20132 pal\u010dki na dan<\/strong>, odvisno od velikosti in aktivnosti psa.<\/p>\n<p data-start=\"1122\" data-end=\"1281\">Pes naj ima vedno na voljo sve\u017eo pitno vodo.<br data-start=\"1166\" data-end=\"1169\" \/>Shranjujte v hladnem in suhem prostoru, po odprtju vre\u010dko dobro zaprite.<\/p>","protected":false},"excerpt":{"rendered":"<p data-start=\"79\" data-end=\"392\">Mehke mesne pal\u010dke iz ra\u010djega mesa so okusna in priro\u010dna nagrada za pse. Zaradi mehke teksture jih lahko enostavno prelomi\u0161 na manj\u0161e ko\u0161\u010dke, zato so odli\u010dne za trening, nagrajevanje ali kot pribolj\u0161ek med obroki. Bogat okus ra\u010djega mesa bo navdu\u0161il tudi bolj izbir\u010dne pse.<\/p>","protected":false},"featured_media":17275,"comment_status":"open","ping_status":"closed","template":"","meta":{"_acf_changed":false,"_uag_custom_page_level_css":"","site-sidebar-layout":"default","site-content-layout":"","ast-site-content-layout":"default","site-content-style":"default","site-sidebar-style":"default","ast-global-header-display":"","ast-banner-title-visibility":"","ast-main-header-display":"","ast-hfb-above-header-display":"","ast-hfb-below-header-display":"","ast-hfb-mobile-header-display":"","site-post-title":"","ast-breadcrumbs-content":"","ast-featured-img":"","footer-sml-layout":"","ast-disable-related-posts":"","theme-transparent-header-meta":"default","adv-header-id-meta":"","stick-header-meta":"","header-above-stick-meta":"","header-main-stick-meta":"","header-below-stick-meta":"","astra-migrate-meta-layouts":"set","ast-page-background-enabled":"default","ast-page-background-meta":{"desktop":{"background-color":"","background-image":"","background-repeat":"repeat","background-position":"center center","background-size":"auto","background-attachment":"scroll","background-type":"","background-media":"","overlay-type":"","overlay-color":"","overlay-opacity":"","overlay-gradient":""},"tablet":{"background-color":"","background-image":"","background-repeat":"repeat","background-position":"center center","background-size":"auto","background-attachment":"scroll","background-type":"","background-media":"","overlay-type":"","overlay-color":"","overlay-opacity":"","overlay-gradient":""},"mobile":{"background-color":"","background-image":"","background-repeat":"repeat","background-position":"center center","background-size":"auto","background-attachment":"scroll","background-type":"","background-media":"","overlay-type":"","overlay-color":"","overlay-opacity":"","overlay-gradient":""}},"ast-content-background-meta":{"desktop":{"background-color":"var(--ast-global-color-5)","background-image":"","background-repeat":"repeat","background-position":"center center","background-size":"auto","background-attachment":"scroll","background-type":"","background-media":"","overlay-type":"","overlay-color":"","overlay-opacity":"","overlay-gradient":""},"tablet":{"background-color":"var(--ast-global-color-5)","background-image":"","background-repeat":"repeat","background-position":"center center","background-size":"auto","background-attachment":"scroll","background-type":"","background-media":"","overlay-type":"","overlay-color":"","overlay-opacity":"","overlay-gradient":""},"mobile":{"background-color":"var(--ast-global-color-5)","background-image":"","background-repeat":"repeat","background-position":"center center","background-size":"auto","background-attachment":"scroll","background-type":"","background-media":"","overlay-type":"","overlay-color":"","overlay-opacity":"","overlay-gradient":""}}},"product_brand":[],"product_cat":[966,725,366,723,18],"product_tag":[],"class_list":{"0":"post-17289","1":"product","2":"type-product","3":"status-publish","4":"has-post-thumbnail","6":"product_cat-doggyjoy","7":"product_cat-hrana-za-pse","8":"product_cat-priboljski","9":"product_cat-psi","10":"product_cat-vsi-izdelki","11":"desktop-align-center","12":"tablet-align-center","13":"mobile-align-center","15":"first","16":"instock","17":"shipping-taxable","18":"purchasable","19":"product-type-simple"},"acf":[],"yoast_head":"<!-- This site is optimized with the Yoast SEO plugin v27.4 - https:\/\/yoast.com\/product\/yoast-seo-wordpress\/ -->\n<title>Doggy Joy Mesne pal\u010dke za velike pasme psov - Raca (45 g) - Trgovina Pasja Univerza<\/title>\n<meta name=\"description\" content=\"Mesne pal\u010dke za velike pasme psov - Raca\" \/>\n<meta name=\"robots\" content=\"index, follow, max-snippet:-1, max-image-preview:large, max-video-preview:-1\" \/>\n<link rel=\"canonical\" href=\"https:\/\/trgovina.pasjauniverza.si\/en\/product\/doggy-joy-mesne-palcke-za-velike-pasme-psov-raca-90-g\/\" \/>\n<meta property=\"og:locale\" content=\"en_US\" \/>\n<meta property=\"og:type\" content=\"article\" \/>\n<meta property=\"og:title\" content=\"Doggy Joy Mesne pal\u010dke za velike pasme psov - Raca (45 g) - Trgovina Pasja Univerza\" \/>\n<meta property=\"og:description\" content=\"Mesne pal\u010dke za velike pasme psov - Raca\" \/>\n<meta property=\"og:url\" content=\"https:\/\/trgovina.pasjauniverza.si\/en\/product\/doggy-joy-mesne-palcke-za-velike-pasme-psov-raca-90-g\/\" \/>\n<meta property=\"og:site_name\" content=\"Trgovina Pasja Univerza\" \/>\n<meta property=\"article:modified_time\" content=\"2026-04-15T10:42:21+00:00\" \/>\n<meta property=\"og:image\" content=\"https:\/\/trgovina.pasjauniverza.si\/wp-content\/uploads\/2026\/03\/Mesne_palcke_za_velike_pasme_psov_-_raca-removebg-preview.png\" \/>\n\t<meta property=\"og:image:width\" content=\"230\" \/>\n\t<meta property=\"og:image:height\" content=\"400\" \/>\n\t<meta property=\"og:image:type\" content=\"image\/png\" \/>\n<meta name=\"twitter:card\" content=\"summary_large_image\" \/>\n<meta name=\"twitter:label1\" content=\"Est. reading time\" \/>\n\t<meta name=\"twitter:data1\" content=\"1 minute\" \/>\n<script type=\"application\/ld+json\" class=\"yoast-schema-graph\">{\"@context\":\"https:\\\/\\\/schema.org\",\"@graph\":[{\"@type\":\"WebPage\",\"@id\":\"https:\\\/\\\/trgovina.pasjauniverza.si\\\/product\\\/doggy-joy-mesne-palcke-za-velike-pasme-psov-raca-90-g\\\/\",\"url\":\"https:\\\/\\\/trgovina.pasjauniverza.si\\\/product\\\/doggy-joy-mesne-palcke-za-velike-pasme-psov-raca-90-g\\\/\",\"name\":\"Doggy Joy Mesne pal\u010dke za velike pasme psov - Raca (45 g) - Trgovina Pasja Univerza\",\"isPartOf\":{\"@id\":\"https:\\\/\\\/trgovina.pasjauniverza.si\\\/#website\"},\"primaryImageOfPage\":{\"@id\":\"https:\\\/\\\/trgovina.pasjauniverza.si\\\/product\\\/doggy-joy-mesne-palcke-za-velike-pasme-psov-raca-90-g\\\/#primaryimage\"},\"image\":{\"@id\":\"https:\\\/\\\/trgovina.pasjauniverza.si\\\/product\\\/doggy-joy-mesne-palcke-za-velike-pasme-psov-raca-90-g\\\/#primaryimage\"},\"thumbnailUrl\":\"https:\\\/\\\/trgovina.pasjauniverza.si\\\/wp-content\\\/uploads\\\/2026\\\/03\\\/Mesne_palcke_za_velike_pasme_psov_-_raca-removebg-preview.png\",\"datePublished\":\"2026-03-13T12:37:55+00:00\",\"dateModified\":\"2026-04-15T10:42:21+00:00\",\"description\":\"Mesne pal\u010dke za velike pasme psov - Raca\",\"breadcrumb\":{\"@id\":\"https:\\\/\\\/trgovina.pasjauniverza.si\\\/product\\\/doggy-joy-mesne-palcke-za-velike-pasme-psov-raca-90-g\\\/#breadcrumb\"},\"inLanguage\":\"en-US\",\"potentialAction\":[{\"@type\":\"ReadAction\",\"target\":[\"https:\\\/\\\/trgovina.pasjauniverza.si\\\/product\\\/doggy-joy-mesne-palcke-za-velike-pasme-psov-raca-90-g\\\/\"]}]},{\"@type\":\"ImageObject\",\"inLanguage\":\"en-US\",\"@id\":\"https:\\\/\\\/trgovina.pasjauniverza.si\\\/product\\\/doggy-joy-mesne-palcke-za-velike-pasme-psov-raca-90-g\\\/#primaryimage\",\"url\":\"https:\\\/\\\/trgovina.pasjauniverza.si\\\/wp-content\\\/uploads\\\/2026\\\/03\\\/Mesne_palcke_za_velike_pasme_psov_-_raca-removebg-preview.png\",\"contentUrl\":\"https:\\\/\\\/trgovina.pasjauniverza.si\\\/wp-content\\\/uploads\\\/2026\\\/03\\\/Mesne_palcke_za_velike_pasme_psov_-_raca-removebg-preview.png\",\"width\":230,\"height\":400,\"caption\":\"Mesne_pal\u010dke_za_velike_pasme_psov_-_raca\"},{\"@type\":\"BreadcrumbList\",\"@id\":\"https:\\\/\\\/trgovina.pasjauniverza.si\\\/product\\\/doggy-joy-mesne-palcke-za-velike-pasme-psov-raca-90-g\\\/#breadcrumb\",\"itemListElement\":[{\"@type\":\"ListItem\",\"position\":1,\"name\":\"Home\",\"item\":\"https:\\\/\\\/trgovina.pasjauniverza.si\\\/\"},{\"@type\":\"ListItem\",\"position\":2,\"name\":\"Trgovina\",\"item\":\"https:\\\/\\\/trgovina.pasjauniverza.si\\\/trgovina\\\/\"},{\"@type\":\"ListItem\",\"position\":3,\"name\":\"Doggy Joy Mesne pal\u010dke za velike pasme psov &#8211; Raca (45 g)\"}]},{\"@type\":\"WebSite\",\"@id\":\"https:\\\/\\\/trgovina.pasjauniverza.si\\\/#website\",\"url\":\"https:\\\/\\\/trgovina.pasjauniverza.si\\\/\",\"name\":\"Trgovina Pasja Univerza\",\"description\":\"pasja univerza trgovina\",\"publisher\":{\"@id\":\"https:\\\/\\\/trgovina.pasjauniverza.si\\\/#organization\"},\"potentialAction\":[{\"@type\":\"SearchAction\",\"target\":{\"@type\":\"EntryPoint\",\"urlTemplate\":\"https:\\\/\\\/trgovina.pasjauniverza.si\\\/?s={search_term_string}\"},\"query-input\":{\"@type\":\"PropertyValueSpecification\",\"valueRequired\":true,\"valueName\":\"search_term_string\"}}],\"inLanguage\":\"en-US\"},{\"@type\":\"Organization\",\"@id\":\"https:\\\/\\\/trgovina.pasjauniverza.si\\\/#organization\",\"name\":\"Trgovina Pasja Univerza\",\"url\":\"https:\\\/\\\/trgovina.pasjauniverza.si\\\/\",\"logo\":{\"@type\":\"ImageObject\",\"inLanguage\":\"en-US\",\"@id\":\"https:\\\/\\\/trgovina.pasjauniverza.si\\\/#\\\/schema\\\/logo\\\/image\\\/\",\"url\":\"https:\\\/\\\/trgovina.pasjauniverza.si\\\/wp-content\\\/uploads\\\/2024\\\/08\\\/cropped-logotipi-vector-04.png\",\"contentUrl\":\"https:\\\/\\\/trgovina.pasjauniverza.si\\\/wp-content\\\/uploads\\\/2024\\\/08\\\/cropped-logotipi-vector-04.png\",\"width\":942,\"height\":908,\"caption\":\"Trgovina Pasja Univerza\"},\"image\":{\"@id\":\"https:\\\/\\\/trgovina.pasjauniverza.si\\\/#\\\/schema\\\/logo\\\/image\\\/\"}}]}<\/script>\n<!-- \/ Yoast SEO plugin. -->","yoast_head_json":{"title":"Doggy Joy Mesne pal\u010dke za velike pasme psov - Raca (45 g) - Trgovina Pasja Univerza","description":"Mesne pal\u010dke za velike pasme psov - Raca","robots":{"index":"index","follow":"follow","max-snippet":"max-snippet:-1","max-image-preview":"max-image-preview:large","max-video-preview":"max-video-preview:-1"},"canonical":"https:\/\/trgovina.pasjauniverza.si\/en\/product\/doggy-joy-mesne-palcke-za-velike-pasme-psov-raca-90-g\/","og_locale":"en_US","og_type":"article","og_title":"Doggy Joy Mesne pal\u010dke za velike pasme psov - Raca (45 g) - Trgovina Pasja Univerza","og_description":"Mesne pal\u010dke za velike pasme psov - Raca","og_url":"https:\/\/trgovina.pasjauniverza.si\/en\/product\/doggy-joy-mesne-palcke-za-velike-pasme-psov-raca-90-g\/","og_site_name":"Trgovina Pasja Univerza","article_modified_time":"2026-04-15T10:42:21+00:00","og_image":[{"width":230,"height":400,"url":"https:\/\/trgovina.pasjauniverza.si\/wp-content\/uploads\/2026\/03\/Mesne_palcke_za_velike_pasme_psov_-_raca-removebg-preview.png","type":"image\/png"}],"twitter_card":"summary_large_image","twitter_misc":{"Est. reading time":"1 minute"},"schema":{"@context":"https:\/\/schema.org","@graph":[{"@type":"WebPage","@id":"https:\/\/trgovina.pasjauniverza.si\/product\/doggy-joy-mesne-palcke-za-velike-pasme-psov-raca-90-g\/","url":"https:\/\/trgovina.pasjauniverza.si\/product\/doggy-joy-mesne-palcke-za-velike-pasme-psov-raca-90-g\/","name":"Doggy Joy Mesne pal\u010dke za velike pasme psov - Raca (45 g) - Trgovina Pasja Univerza","isPartOf":{"@id":"https:\/\/trgovina.pasjauniverza.si\/#website"},"primaryImageOfPage":{"@id":"https:\/\/trgovina.pasjauniverza.si\/product\/doggy-joy-mesne-palcke-za-velike-pasme-psov-raca-90-g\/#primaryimage"},"image":{"@id":"https:\/\/trgovina.pasjauniverza.si\/product\/doggy-joy-mesne-palcke-za-velike-pasme-psov-raca-90-g\/#primaryimage"},"thumbnailUrl":"https:\/\/trgovina.pasjauniverza.si\/wp-content\/uploads\/2026\/03\/Mesne_palcke_za_velike_pasme_psov_-_raca-removebg-preview.png","datePublished":"2026-03-13T12:37:55+00:00","dateModified":"2026-04-15T10:42:21+00:00","description":"Mesne pal\u010dke za velike pasme psov - Raca","breadcrumb":{"@id":"https:\/\/trgovina.pasjauniverza.si\/product\/doggy-joy-mesne-palcke-za-velike-pasme-psov-raca-90-g\/#breadcrumb"},"inLanguage":"en-US","potentialAction":[{"@type":"ReadAction","target":["https:\/\/trgovina.pasjauniverza.si\/product\/doggy-joy-mesne-palcke-za-velike-pasme-psov-raca-90-g\/"]}]},{"@type":"ImageObject","inLanguage":"en-US","@id":"https:\/\/trgovina.pasjauniverza.si\/product\/doggy-joy-mesne-palcke-za-velike-pasme-psov-raca-90-g\/#primaryimage","url":"https:\/\/trgovina.pasjauniverza.si\/wp-content\/uploads\/2026\/03\/Mesne_palcke_za_velike_pasme_psov_-_raca-removebg-preview.png","contentUrl":"https:\/\/trgovina.pasjauniverza.si\/wp-content\/uploads\/2026\/03\/Mesne_palcke_za_velike_pasme_psov_-_raca-removebg-preview.png","width":230,"height":400,"caption":"Mesne_pal\u010dke_za_velike_pasme_psov_-_raca"},{"@type":"BreadcrumbList","@id":"https:\/\/trgovina.pasjauniverza.si\/product\/doggy-joy-mesne-palcke-za-velike-pasme-psov-raca-90-g\/#breadcrumb","itemListElement":[{"@type":"ListItem","position":1,"name":"Home","item":"https:\/\/trgovina.pasjauniverza.si\/"},{"@type":"ListItem","position":2,"name":"Trgovina","item":"https:\/\/trgovina.pasjauniverza.si\/trgovina\/"},{"@type":"ListItem","position":3,"name":"Doggy Joy Mesne pal\u010dke za velike pasme psov &#8211; Raca (45 g)"}]},{"@type":"WebSite","@id":"https:\/\/trgovina.pasjauniverza.si\/#website","url":"https:\/\/trgovina.pasjauniverza.si\/","name":"Trgovina Pasja Univerza","description":"pasja univerza trgovina","publisher":{"@id":"https:\/\/trgovina.pasjauniverza.si\/#organization"},"potentialAction":[{"@type":"SearchAction","target":{"@type":"EntryPoint","urlTemplate":"https:\/\/trgovina.pasjauniverza.si\/?s={search_term_string}"},"query-input":{"@type":"PropertyValueSpecification","valueRequired":true,"valueName":"search_term_string"}}],"inLanguage":"en-US"},{"@type":"Organization","@id":"https:\/\/trgovina.pasjauniverza.si\/#organization","name":"Trgovina Pasja Univerza","url":"https:\/\/trgovina.pasjauniverza.si\/","logo":{"@type":"ImageObject","inLanguage":"en-US","@id":"https:\/\/trgovina.pasjauniverza.si\/#\/schema\/logo\/image\/","url":"https:\/\/trgovina.pasjauniverza.si\/wp-content\/uploads\/2024\/08\/cropped-logotipi-vector-04.png","contentUrl":"https:\/\/trgovina.pasjauniverza.si\/wp-content\/uploads\/2024\/08\/cropped-logotipi-vector-04.png","width":942,"height":908,"caption":"Trgovina Pasja Univerza"},"image":{"@id":"https:\/\/trgovina.pasjauniverza.si\/#\/schema\/logo\/image\/"}}]}},"uagb_featured_image_src":{"full":["https:\/\/trgovina.pasjauniverza.si\/wp-content\/uploads\/2026\/03\/Mesne_palcke_za_velike_pasme_psov_-_raca-removebg-preview.png",230,400,false],"thumbnail":["https:\/\/trgovina.pasjauniverza.si\/wp-content\/uploads\/2026\/03\/Mesne_palcke_za_velike_pasme_psov_-_raca-removebg-preview-150x150.png",150,150,true],"medium":["https:\/\/trgovina.pasjauniverza.si\/wp-content\/uploads\/2026\/03\/Mesne_palcke_za_velike_pasme_psov_-_raca-removebg-preview-173x300.png",173,300,true],"medium_large":["https:\/\/trgovina.pasjauniverza.si\/wp-content\/uploads\/2026\/03\/Mesne_palcke_za_velike_pasme_psov_-_raca-removebg-preview.png",230,400,false],"large":["https:\/\/trgovina.pasjauniverza.si\/wp-content\/uploads\/2026\/03\/Mesne_palcke_za_velike_pasme_psov_-_raca-removebg-preview.png",230,400,false],"1536x1536":["https:\/\/trgovina.pasjauniverza.si\/wp-content\/uploads\/2026\/03\/Mesne_palcke_za_velike_pasme_psov_-_raca-removebg-preview.png",230,400,false],"2048x2048":["https:\/\/trgovina.pasjauniverza.si\/wp-content\/uploads\/2026\/03\/Mesne_palcke_za_velike_pasme_psov_-_raca-removebg-preview.png",230,400,false],"trp-custom-language-flag":["https:\/\/trgovina.pasjauniverza.si\/wp-content\/uploads\/2026\/03\/Mesne_palcke_za_velike_pasme_psov_-_raca-removebg-preview-7x12.png",7,12,true],"woocommerce_thumbnail":["https:\/\/trgovina.pasjauniverza.si\/wp-content\/uploads\/2026\/03\/Mesne_palcke_za_velike_pasme_psov_-_raca-removebg-preview-230x300.png",230,300,true],"woocommerce_single":["https:\/\/trgovina.pasjauniverza.si\/wp-content\/uploads\/2026\/03\/Mesne_palcke_za_velike_pasme_psov_-_raca-removebg-preview.png",230,400,false],"woocommerce_gallery_thumbnail":["https:\/\/trgovina.pasjauniverza.si\/wp-content\/uploads\/2026\/03\/Mesne_palcke_za_velike_pasme_psov_-_raca-removebg-preview-100x100.png",100,100,true]},"uagb_author_info":{"display_name":"Karmen Grubeli\u0107, dr.vet.med.","author_link":"https:\/\/trgovina.pasjauniverza.si\/en\/author\/"},"uagb_comment_info":0,"uagb_excerpt":"Mehke mesne pal\u010dke iz ra\u010djega mesa so okusna in priro\u010dna nagrada za pse. Zaradi mehke teksture jih lahko enostavno prelomi\u0161 na manj\u0161e ko\u0161\u010dke, zato so odli\u010dne za trening, nagrajevanje ali kot pribolj\u0161ek med obroki. Bogat okus ra\u010djega mesa bo navdu\u0161il tudi bolj izbir\u010dne pse.","jetpack_sharing_enabled":true,"_links":{"self":[{"href":"https:\/\/trgovina.pasjauniverza.si\/en\/wp-json\/wp\/v2\/product\/17289","targetHints":{"allow":["GET"]}}],"collection":[{"href":"https:\/\/trgovina.pasjauniverza.si\/en\/wp-json\/wp\/v2\/product"}],"about":[{"href":"https:\/\/trgovina.pasjauniverza.si\/en\/wp-json\/wp\/v2\/types\/product"}],"replies":[{"embeddable":true,"href":"https:\/\/trgovina.pasjauniverza.si\/en\/wp-json\/wp\/v2\/comments?post=17289"}],"wp:featuredmedia":[{"embeddable":true,"href":"https:\/\/trgovina.pasjauniverza.si\/en\/wp-json\/wp\/v2\/media\/17275"}],"wp:attachment":[{"href":"https:\/\/trgovina.pasjauniverza.si\/en\/wp-json\/wp\/v2\/media?parent=17289"}],"wp:term":[{"taxonomy":"product_brand","embeddable":true,"href":"https:\/\/trgovina.pasjauniverza.si\/en\/wp-json\/wp\/v2\/product_brand?post=17289"},{"taxonomy":"product_cat","embeddable":true,"href":"https:\/\/trgovina.pasjauniverza.si\/en\/wp-json\/wp\/v2\/product_cat?post=17289"},{"taxonomy":"product_tag","embeddable":true,"href":"https:\/\/trgovina.pasjauniverza.si\/en\/wp-json\/wp\/v2\/product_tag?post=17289"}],"curies":[{"name":"wp","href":"https:\/\/api.w.org\/{rel}","templated":true}]}}