
{"id":17284,"date":"2026-03-13T11:26:48","date_gmt":"2026-03-13T11:26:48","guid":{"rendered":"https:\/\/trgovina.pasjauniverza.si\/?post_type=product&#038;p=17284"},"modified":"2026-04-17T20:15:20","modified_gmt":"2026-04-17T20:15:20","slug":"doggy-joy-filejski-trakovi-za-majhne-pasme-psov-raca-55-g","status":"publish","type":"product","link":"https:\/\/trgovina.pasjauniverza.si\/en\/product\/doggy-joy-filejski-trakovi-za-majhne-pasme-psov-raca-55-g\/","title":{"rendered":"Doggy Joy Filejski trakovi za majhne pasme psov &#8211; Raca (55 g)"},"content":{"rendered":"<p>Pribolj\u0161ki Doggy Joy so narejeni iz kakovostnega mesa po recepturah, razvitih za zdravo nagrajevanje psov, brez umetnih barvil in nepotrebnih dodatkov.<\/p>\n<h2 data-section-id=\"sqtvq4\" data-start=\"507\" data-end=\"535\">Zakaj jih psi obo\u017eujejo<\/h2>\n<p data-start=\"536\" data-end=\"731\">\u2022 okusno ra\u010dje meso z naravnim mesnim okusom<br data-start=\"580\" data-end=\"583\" \/>\u2022 mehki trakovi \u2013 primerni za trening<br data-start=\"620\" data-end=\"623\" \/>\u2022 visoka vsebnost beljakovin<br data-start=\"651\" data-end=\"654\" \/>\u2022 enostavno jih razdeli\u0161 na manj\u0161e ko\u0161\u010dke<br data-start=\"695\" data-end=\"698\" \/>\u2022 primerni za majhne pasme psov<\/p>\n<hr data-start=\"733\" data-end=\"736\" \/>\n<h2 data-section-id=\"1q479cy\" data-start=\"738\" data-end=\"750\">Sestava<\/h2>\n<p data-start=\"751\" data-end=\"837\">raca, rastlinski stranski proizvodi, minerali.<\/p>\n<hr data-start=\"839\" data-end=\"842\" \/>\n<h2 data-section-id=\"xx9u83\" data-start=\"844\" data-end=\"868\">Analitske sestavine<\/h2>\n<p data-start=\"869\" data-end=\"986\">\u2022 surove beljakovine: 41 %<br data-start=\"895\" data-end=\"898\" \/>\u2022 surove ma\u0161\u010dobe: 3,5 %<br data-start=\"921\" data-end=\"924\" \/>\u2022 surova vlaknina: 0,2 %<br data-start=\"948\" data-end=\"951\" \/>\u2022 surovi pepel: 4 %<br data-start=\"970\" data-end=\"973\" \/>\u2022 vlaga: 23 %<\/p>\n<hr data-start=\"988\" data-end=\"991\" \/>\n<h2 data-section-id=\"1rogak3\" data-start=\"993\" data-end=\"1019\">Navodila za hranjenje<\/h2>\n<p data-start=\"1020\" data-end=\"1179\">Postrezite kot pribolj\u0161ek ali nagrado med obroki ali treningom.<br data-start=\"1083\" data-end=\"1086\" \/>Pribolj\u0161ki naj ne predstavljajo ve\u010d kot pribli\u017eno <strong data-start=\"1136\" data-end=\"1176\">10 % dnevnega energijskega vnosa psa<\/strong>.<\/p>\n<p data-start=\"1181\" data-end=\"1302\">Pes naj ima vedno na voljo sve\u017eo pitno vodo.<br data-start=\"1225\" data-end=\"1228\" \/>Shranjujte v hladnem in suhem prostoru, po odprtju vre\u010dko dobro zaprite.<\/p>","protected":false},"excerpt":{"rendered":"<p data-start=\"72\" data-end=\"327\">Ne\u017eni trakovi iz ra\u010djega fileja so okusna mesna nagrada, posebej prilagojena manj\u0161im psom. Pripravljeni so iz kakovostnega ra\u010djega mesa, ki je po\u010dasi pe\u010deno in narezano na trakove primerne velikosti za majhne pasme.<\/p>\n<p data-start=\"329\" data-end=\"500\">Zaradi mehke teksture so odli\u010dni za trening, nagrajevanje ali kot majhen pribolj\u0161ek med obroki \u2013 va\u0161 pes pa bo gotovo \u017eelel \u0161e ve\u010d.<\/p>","protected":false},"featured_media":17280,"comment_status":"open","ping_status":"closed","template":"","meta":{"_acf_changed":false,"_uag_custom_page_level_css":"","site-sidebar-layout":"default","site-content-layout":"","ast-site-content-layout":"default","site-content-style":"default","site-sidebar-style":"default","ast-global-header-display":"","ast-banner-title-visibility":"","ast-main-header-display":"","ast-hfb-above-header-display":"","ast-hfb-below-header-display":"","ast-hfb-mobile-header-display":"","site-post-title":"","ast-breadcrumbs-content":"","ast-featured-img":"","footer-sml-layout":"","ast-disable-related-posts":"","theme-transparent-header-meta":"default","adv-header-id-meta":"","stick-header-meta":"","header-above-stick-meta":"","header-main-stick-meta":"","header-below-stick-meta":"","astra-migrate-meta-layouts":"set","ast-page-background-enabled":"default","ast-page-background-meta":{"desktop":{"background-color":"","background-image":"","background-repeat":"repeat","background-position":"center center","background-size":"auto","background-attachment":"scroll","background-type":"","background-media":"","overlay-type":"","overlay-color":"","overlay-opacity":"","overlay-gradient":""},"tablet":{"background-color":"","background-image":"","background-repeat":"repeat","background-position":"center center","background-size":"auto","background-attachment":"scroll","background-type":"","background-media":"","overlay-type":"","overlay-color":"","overlay-opacity":"","overlay-gradient":""},"mobile":{"background-color":"","background-image":"","background-repeat":"repeat","background-position":"center center","background-size":"auto","background-attachment":"scroll","background-type":"","background-media":"","overlay-type":"","overlay-color":"","overlay-opacity":"","overlay-gradient":""}},"ast-content-background-meta":{"desktop":{"background-color":"var(--ast-global-color-5)","background-image":"","background-repeat":"repeat","background-position":"center center","background-size":"auto","background-attachment":"scroll","background-type":"","background-media":"","overlay-type":"","overlay-color":"","overlay-opacity":"","overlay-gradient":""},"tablet":{"background-color":"var(--ast-global-color-5)","background-image":"","background-repeat":"repeat","background-position":"center center","background-size":"auto","background-attachment":"scroll","background-type":"","background-media":"","overlay-type":"","overlay-color":"","overlay-opacity":"","overlay-gradient":""},"mobile":{"background-color":"var(--ast-global-color-5)","background-image":"","background-repeat":"repeat","background-position":"center center","background-size":"auto","background-attachment":"scroll","background-type":"","background-media":"","overlay-type":"","overlay-color":"","overlay-opacity":"","overlay-gradient":""}}},"product_brand":[],"product_cat":[966,725,366,723,18],"product_tag":[],"class_list":{"0":"post-17284","1":"product","2":"type-product","3":"status-publish","4":"has-post-thumbnail","6":"product_cat-doggyjoy","7":"product_cat-hrana-za-pse","8":"product_cat-priboljski","9":"product_cat-psi","10":"product_cat-vsi-izdelki","11":"desktop-align-center","12":"tablet-align-center","13":"mobile-align-center","15":"first","16":"instock","17":"shipping-taxable","18":"purchasable","19":"product-type-simple"},"acf":[],"yoast_head":"<!-- This site is optimized with the Yoast SEO plugin v27.4 - https:\/\/yoast.com\/product\/yoast-seo-wordpress\/ -->\n<title>Doggy Joy Filejski trakovi za majhne pasme psov - Raca (55 g) - Trgovina Pasja Univerza<\/title>\n<meta name=\"description\" content=\"Doggy Joy Filejski trakovi za majhne pasme psov - Raca (55 g)\" \/>\n<meta name=\"robots\" content=\"index, follow, max-snippet:-1, max-image-preview:large, max-video-preview:-1\" \/>\n<link rel=\"canonical\" href=\"https:\/\/trgovina.pasjauniverza.si\/en\/product\/doggy-joy-filejski-trakovi-za-majhne-pasme-psov-raca-55-g\/\" \/>\n<meta property=\"og:locale\" content=\"en_US\" \/>\n<meta property=\"og:type\" content=\"article\" \/>\n<meta property=\"og:title\" content=\"Doggy Joy Filejski trakovi za majhne pasme psov - Raca (55 g) - Trgovina Pasja Univerza\" \/>\n<meta property=\"og:description\" content=\"Doggy Joy Filejski trakovi za majhne pasme psov - Raca (55 g)\" \/>\n<meta property=\"og:url\" content=\"https:\/\/trgovina.pasjauniverza.si\/en\/product\/doggy-joy-filejski-trakovi-za-majhne-pasme-psov-raca-55-g\/\" \/>\n<meta property=\"og:site_name\" content=\"Trgovina Pasja Univerza\" \/>\n<meta property=\"article:modified_time\" content=\"2026-04-17T20:15:20+00:00\" \/>\n<meta property=\"og:image\" content=\"https:\/\/trgovina.pasjauniverza.si\/wp-content\/uploads\/2026\/03\/trakovi_iz_racjega_fileja_za_majhne_pasme_psov-removebg-preview.png\" \/>\n\t<meta property=\"og:image:width\" content=\"408\" \/>\n\t<meta property=\"og:image:height\" content=\"612\" \/>\n\t<meta property=\"og:image:type\" content=\"image\/png\" \/>\n<meta name=\"twitter:card\" content=\"summary_large_image\" \/>\n<meta name=\"twitter:label1\" content=\"Est. reading time\" \/>\n\t<meta name=\"twitter:data1\" content=\"1 minute\" \/>\n<script type=\"application\/ld+json\" class=\"yoast-schema-graph\">{\"@context\":\"https:\\\/\\\/schema.org\",\"@graph\":[{\"@type\":\"WebPage\",\"@id\":\"https:\\\/\\\/trgovina.pasjauniverza.si\\\/product\\\/doggy-joy-filejski-trakovi-za-majhne-pasme-psov-raca-55-g\\\/\",\"url\":\"https:\\\/\\\/trgovina.pasjauniverza.si\\\/product\\\/doggy-joy-filejski-trakovi-za-majhne-pasme-psov-raca-55-g\\\/\",\"name\":\"Doggy Joy Filejski trakovi za majhne pasme psov - Raca (55 g) - Trgovina Pasja Univerza\",\"isPartOf\":{\"@id\":\"https:\\\/\\\/trgovina.pasjauniverza.si\\\/#website\"},\"primaryImageOfPage\":{\"@id\":\"https:\\\/\\\/trgovina.pasjauniverza.si\\\/product\\\/doggy-joy-filejski-trakovi-za-majhne-pasme-psov-raca-55-g\\\/#primaryimage\"},\"image\":{\"@id\":\"https:\\\/\\\/trgovina.pasjauniverza.si\\\/product\\\/doggy-joy-filejski-trakovi-za-majhne-pasme-psov-raca-55-g\\\/#primaryimage\"},\"thumbnailUrl\":\"https:\\\/\\\/trgovina.pasjauniverza.si\\\/wp-content\\\/uploads\\\/2026\\\/03\\\/trakovi_iz_racjega_fileja_za_majhne_pasme_psov-removebg-preview.png\",\"datePublished\":\"2026-03-13T11:26:48+00:00\",\"dateModified\":\"2026-04-17T20:15:20+00:00\",\"description\":\"Doggy Joy Filejski trakovi za majhne pasme psov - Raca (55 g)\",\"breadcrumb\":{\"@id\":\"https:\\\/\\\/trgovina.pasjauniverza.si\\\/product\\\/doggy-joy-filejski-trakovi-za-majhne-pasme-psov-raca-55-g\\\/#breadcrumb\"},\"inLanguage\":\"en-US\",\"potentialAction\":[{\"@type\":\"ReadAction\",\"target\":[\"https:\\\/\\\/trgovina.pasjauniverza.si\\\/product\\\/doggy-joy-filejski-trakovi-za-majhne-pasme-psov-raca-55-g\\\/\"]}]},{\"@type\":\"ImageObject\",\"inLanguage\":\"en-US\",\"@id\":\"https:\\\/\\\/trgovina.pasjauniverza.si\\\/product\\\/doggy-joy-filejski-trakovi-za-majhne-pasme-psov-raca-55-g\\\/#primaryimage\",\"url\":\"https:\\\/\\\/trgovina.pasjauniverza.si\\\/wp-content\\\/uploads\\\/2026\\\/03\\\/trakovi_iz_racjega_fileja_za_majhne_pasme_psov-removebg-preview.png\",\"contentUrl\":\"https:\\\/\\\/trgovina.pasjauniverza.si\\\/wp-content\\\/uploads\\\/2026\\\/03\\\/trakovi_iz_racjega_fileja_za_majhne_pasme_psov-removebg-preview.png\",\"width\":408,\"height\":612,\"caption\":\"trakovi_iz_ra\u010djega_fileja_za_majhne_pasme_psov\"},{\"@type\":\"BreadcrumbList\",\"@id\":\"https:\\\/\\\/trgovina.pasjauniverza.si\\\/product\\\/doggy-joy-filejski-trakovi-za-majhne-pasme-psov-raca-55-g\\\/#breadcrumb\",\"itemListElement\":[{\"@type\":\"ListItem\",\"position\":1,\"name\":\"Home\",\"item\":\"https:\\\/\\\/trgovina.pasjauniverza.si\\\/\"},{\"@type\":\"ListItem\",\"position\":2,\"name\":\"Trgovina\",\"item\":\"https:\\\/\\\/trgovina.pasjauniverza.si\\\/trgovina\\\/\"},{\"@type\":\"ListItem\",\"position\":3,\"name\":\"Doggy Joy Filejski trakovi za majhne pasme psov &#8211; Raca (55 g)\"}]},{\"@type\":\"WebSite\",\"@id\":\"https:\\\/\\\/trgovina.pasjauniverza.si\\\/#website\",\"url\":\"https:\\\/\\\/trgovina.pasjauniverza.si\\\/\",\"name\":\"Trgovina Pasja Univerza\",\"description\":\"pasja univerza trgovina\",\"publisher\":{\"@id\":\"https:\\\/\\\/trgovina.pasjauniverza.si\\\/#organization\"},\"potentialAction\":[{\"@type\":\"SearchAction\",\"target\":{\"@type\":\"EntryPoint\",\"urlTemplate\":\"https:\\\/\\\/trgovina.pasjauniverza.si\\\/?s={search_term_string}\"},\"query-input\":{\"@type\":\"PropertyValueSpecification\",\"valueRequired\":true,\"valueName\":\"search_term_string\"}}],\"inLanguage\":\"en-US\"},{\"@type\":\"Organization\",\"@id\":\"https:\\\/\\\/trgovina.pasjauniverza.si\\\/#organization\",\"name\":\"Trgovina Pasja Univerza\",\"url\":\"https:\\\/\\\/trgovina.pasjauniverza.si\\\/\",\"logo\":{\"@type\":\"ImageObject\",\"inLanguage\":\"en-US\",\"@id\":\"https:\\\/\\\/trgovina.pasjauniverza.si\\\/#\\\/schema\\\/logo\\\/image\\\/\",\"url\":\"https:\\\/\\\/trgovina.pasjauniverza.si\\\/wp-content\\\/uploads\\\/2024\\\/08\\\/cropped-logotipi-vector-04.png\",\"contentUrl\":\"https:\\\/\\\/trgovina.pasjauniverza.si\\\/wp-content\\\/uploads\\\/2024\\\/08\\\/cropped-logotipi-vector-04.png\",\"width\":942,\"height\":908,\"caption\":\"Trgovina Pasja Univerza\"},\"image\":{\"@id\":\"https:\\\/\\\/trgovina.pasjauniverza.si\\\/#\\\/schema\\\/logo\\\/image\\\/\"}}]}<\/script>\n<!-- \/ Yoast SEO plugin. -->","yoast_head_json":{"title":"Doggy Joy Filejski trakovi za majhne pasme psov - Raca (55 g) - Trgovina Pasja Univerza","description":"Doggy Joy Filejski trakovi za majhne pasme psov - Raca (55 g)","robots":{"index":"index","follow":"follow","max-snippet":"max-snippet:-1","max-image-preview":"max-image-preview:large","max-video-preview":"max-video-preview:-1"},"canonical":"https:\/\/trgovina.pasjauniverza.si\/en\/product\/doggy-joy-filejski-trakovi-za-majhne-pasme-psov-raca-55-g\/","og_locale":"en_US","og_type":"article","og_title":"Doggy Joy Filejski trakovi za majhne pasme psov - Raca (55 g) - Trgovina Pasja Univerza","og_description":"Doggy Joy Filejski trakovi za majhne pasme psov - Raca (55 g)","og_url":"https:\/\/trgovina.pasjauniverza.si\/en\/product\/doggy-joy-filejski-trakovi-za-majhne-pasme-psov-raca-55-g\/","og_site_name":"Trgovina Pasja Univerza","article_modified_time":"2026-04-17T20:15:20+00:00","og_image":[{"width":408,"height":612,"url":"https:\/\/trgovina.pasjauniverza.si\/wp-content\/uploads\/2026\/03\/trakovi_iz_racjega_fileja_za_majhne_pasme_psov-removebg-preview.png","type":"image\/png"}],"twitter_card":"summary_large_image","twitter_misc":{"Est. reading time":"1 minute"},"schema":{"@context":"https:\/\/schema.org","@graph":[{"@type":"WebPage","@id":"https:\/\/trgovina.pasjauniverza.si\/product\/doggy-joy-filejski-trakovi-za-majhne-pasme-psov-raca-55-g\/","url":"https:\/\/trgovina.pasjauniverza.si\/product\/doggy-joy-filejski-trakovi-za-majhne-pasme-psov-raca-55-g\/","name":"Doggy Joy Filejski trakovi za majhne pasme psov - Raca (55 g) - Trgovina Pasja Univerza","isPartOf":{"@id":"https:\/\/trgovina.pasjauniverza.si\/#website"},"primaryImageOfPage":{"@id":"https:\/\/trgovina.pasjauniverza.si\/product\/doggy-joy-filejski-trakovi-za-majhne-pasme-psov-raca-55-g\/#primaryimage"},"image":{"@id":"https:\/\/trgovina.pasjauniverza.si\/product\/doggy-joy-filejski-trakovi-za-majhne-pasme-psov-raca-55-g\/#primaryimage"},"thumbnailUrl":"https:\/\/trgovina.pasjauniverza.si\/wp-content\/uploads\/2026\/03\/trakovi_iz_racjega_fileja_za_majhne_pasme_psov-removebg-preview.png","datePublished":"2026-03-13T11:26:48+00:00","dateModified":"2026-04-17T20:15:20+00:00","description":"Doggy Joy Filejski trakovi za majhne pasme psov - Raca (55 g)","breadcrumb":{"@id":"https:\/\/trgovina.pasjauniverza.si\/product\/doggy-joy-filejski-trakovi-za-majhne-pasme-psov-raca-55-g\/#breadcrumb"},"inLanguage":"en-US","potentialAction":[{"@type":"ReadAction","target":["https:\/\/trgovina.pasjauniverza.si\/product\/doggy-joy-filejski-trakovi-za-majhne-pasme-psov-raca-55-g\/"]}]},{"@type":"ImageObject","inLanguage":"en-US","@id":"https:\/\/trgovina.pasjauniverza.si\/product\/doggy-joy-filejski-trakovi-za-majhne-pasme-psov-raca-55-g\/#primaryimage","url":"https:\/\/trgovina.pasjauniverza.si\/wp-content\/uploads\/2026\/03\/trakovi_iz_racjega_fileja_za_majhne_pasme_psov-removebg-preview.png","contentUrl":"https:\/\/trgovina.pasjauniverza.si\/wp-content\/uploads\/2026\/03\/trakovi_iz_racjega_fileja_za_majhne_pasme_psov-removebg-preview.png","width":408,"height":612,"caption":"trakovi_iz_ra\u010djega_fileja_za_majhne_pasme_psov"},{"@type":"BreadcrumbList","@id":"https:\/\/trgovina.pasjauniverza.si\/product\/doggy-joy-filejski-trakovi-za-majhne-pasme-psov-raca-55-g\/#breadcrumb","itemListElement":[{"@type":"ListItem","position":1,"name":"Home","item":"https:\/\/trgovina.pasjauniverza.si\/"},{"@type":"ListItem","position":2,"name":"Trgovina","item":"https:\/\/trgovina.pasjauniverza.si\/trgovina\/"},{"@type":"ListItem","position":3,"name":"Doggy Joy Filejski trakovi za majhne pasme psov &#8211; Raca (55 g)"}]},{"@type":"WebSite","@id":"https:\/\/trgovina.pasjauniverza.si\/#website","url":"https:\/\/trgovina.pasjauniverza.si\/","name":"Trgovina Pasja Univerza","description":"pasja univerza trgovina","publisher":{"@id":"https:\/\/trgovina.pasjauniverza.si\/#organization"},"potentialAction":[{"@type":"SearchAction","target":{"@type":"EntryPoint","urlTemplate":"https:\/\/trgovina.pasjauniverza.si\/?s={search_term_string}"},"query-input":{"@type":"PropertyValueSpecification","valueRequired":true,"valueName":"search_term_string"}}],"inLanguage":"en-US"},{"@type":"Organization","@id":"https:\/\/trgovina.pasjauniverza.si\/#organization","name":"Trgovina Pasja Univerza","url":"https:\/\/trgovina.pasjauniverza.si\/","logo":{"@type":"ImageObject","inLanguage":"en-US","@id":"https:\/\/trgovina.pasjauniverza.si\/#\/schema\/logo\/image\/","url":"https:\/\/trgovina.pasjauniverza.si\/wp-content\/uploads\/2024\/08\/cropped-logotipi-vector-04.png","contentUrl":"https:\/\/trgovina.pasjauniverza.si\/wp-content\/uploads\/2024\/08\/cropped-logotipi-vector-04.png","width":942,"height":908,"caption":"Trgovina Pasja Univerza"},"image":{"@id":"https:\/\/trgovina.pasjauniverza.si\/#\/schema\/logo\/image\/"}}]}},"uagb_featured_image_src":{"full":["https:\/\/trgovina.pasjauniverza.si\/wp-content\/uploads\/2026\/03\/trakovi_iz_racjega_fileja_za_majhne_pasme_psov-removebg-preview.png",408,612,false],"thumbnail":["https:\/\/trgovina.pasjauniverza.si\/wp-content\/uploads\/2026\/03\/trakovi_iz_racjega_fileja_za_majhne_pasme_psov-removebg-preview-150x150.png",150,150,true],"medium":["https:\/\/trgovina.pasjauniverza.si\/wp-content\/uploads\/2026\/03\/trakovi_iz_racjega_fileja_za_majhne_pasme_psov-removebg-preview-200x300.png",200,300,true],"medium_large":["https:\/\/trgovina.pasjauniverza.si\/wp-content\/uploads\/2026\/03\/trakovi_iz_racjega_fileja_za_majhne_pasme_psov-removebg-preview.png",408,612,false],"large":["https:\/\/trgovina.pasjauniverza.si\/wp-content\/uploads\/2026\/03\/trakovi_iz_racjega_fileja_za_majhne_pasme_psov-removebg-preview.png",408,612,false],"1536x1536":["https:\/\/trgovina.pasjauniverza.si\/wp-content\/uploads\/2026\/03\/trakovi_iz_racjega_fileja_za_majhne_pasme_psov-removebg-preview.png",408,612,false],"2048x2048":["https:\/\/trgovina.pasjauniverza.si\/wp-content\/uploads\/2026\/03\/trakovi_iz_racjega_fileja_za_majhne_pasme_psov-removebg-preview.png",408,612,false],"trp-custom-language-flag":["https:\/\/trgovina.pasjauniverza.si\/wp-content\/uploads\/2026\/03\/trakovi_iz_racjega_fileja_za_majhne_pasme_psov-removebg-preview-8x12.png",8,12,true],"woocommerce_thumbnail":["https:\/\/trgovina.pasjauniverza.si\/wp-content\/uploads\/2026\/03\/trakovi_iz_racjega_fileja_za_majhne_pasme_psov-removebg-preview-300x300.png",300,300,true],"woocommerce_single":["https:\/\/trgovina.pasjauniverza.si\/wp-content\/uploads\/2026\/03\/trakovi_iz_racjega_fileja_za_majhne_pasme_psov-removebg-preview.png",408,612,false],"woocommerce_gallery_thumbnail":["https:\/\/trgovina.pasjauniverza.si\/wp-content\/uploads\/2026\/03\/trakovi_iz_racjega_fileja_za_majhne_pasme_psov-removebg-preview-100x100.png",100,100,true]},"uagb_author_info":{"display_name":"Karmen Grubeli\u0107, dr.vet.med.","author_link":"https:\/\/trgovina.pasjauniverza.si\/en\/author\/"},"uagb_comment_info":0,"uagb_excerpt":"Ne\u017eni trakovi iz ra\u010djega fileja so okusna mesna nagrada, posebej prilagojena manj\u0161im psom. Pripravljeni so iz kakovostnega ra\u010djega mesa, ki je po\u010dasi pe\u010deno in narezano na trakove primerne velikosti za majhne pasme. Zaradi mehke teksture so odli\u010dni za trening, nagrajevanje ali kot majhen pribolj\u0161ek med obroki \u2013 va\u0161 pes pa bo gotovo \u017eelel \u0161e ve\u010d.","jetpack_sharing_enabled":true,"_links":{"self":[{"href":"https:\/\/trgovina.pasjauniverza.si\/en\/wp-json\/wp\/v2\/product\/17284","targetHints":{"allow":["GET"]}}],"collection":[{"href":"https:\/\/trgovina.pasjauniverza.si\/en\/wp-json\/wp\/v2\/product"}],"about":[{"href":"https:\/\/trgovina.pasjauniverza.si\/en\/wp-json\/wp\/v2\/types\/product"}],"replies":[{"embeddable":true,"href":"https:\/\/trgovina.pasjauniverza.si\/en\/wp-json\/wp\/v2\/comments?post=17284"}],"wp:featuredmedia":[{"embeddable":true,"href":"https:\/\/trgovina.pasjauniverza.si\/en\/wp-json\/wp\/v2\/media\/17280"}],"wp:attachment":[{"href":"https:\/\/trgovina.pasjauniverza.si\/en\/wp-json\/wp\/v2\/media?parent=17284"}],"wp:term":[{"taxonomy":"product_brand","embeddable":true,"href":"https:\/\/trgovina.pasjauniverza.si\/en\/wp-json\/wp\/v2\/product_brand?post=17284"},{"taxonomy":"product_cat","embeddable":true,"href":"https:\/\/trgovina.pasjauniverza.si\/en\/wp-json\/wp\/v2\/product_cat?post=17284"},{"taxonomy":"product_tag","embeddable":true,"href":"https:\/\/trgovina.pasjauniverza.si\/en\/wp-json\/wp\/v2\/product_tag?post=17284"}],"curies":[{"name":"wp","href":"https:\/\/api.w.org\/{rel}","templated":true}]}}