
{"id":17282,"date":"2026-03-13T11:17:18","date_gmt":"2026-03-13T11:17:18","guid":{"rendered":"https:\/\/trgovina.pasjauniverza.si\/?post_type=product&#038;p=17282"},"modified":"2026-03-19T08:22:54","modified_gmt":"2026-03-19T08:22:54","slug":"doggy-joy-mesni-trakovi-za-majhne-pasme-psov-raca-55-g","status":"publish","type":"product","link":"https:\/\/trgovina.pasjauniverza.si\/en\/product\/doggy-joy-mesni-trakovi-za-majhne-pasme-psov-raca-55-g\/","title":{"rendered":"Doggy Joy Mesni trakovi za majhne pasme psov &#8211; Raca (55 g)"},"content":{"rendered":"<p>Pribolj\u0161ki Doggy Joy so narejeni iz kakovostnega mesa po recepturah, razvitih za zdravo nagrajevanje psov, brez umetnih barvil in nepotrebnih dodatkov.<\/p>\n<h2 data-section-id=\"7zt24\" data-start=\"349\" data-end=\"375\">Zakaj jih psi obo\u017eujejo<\/h2>\n<p data-start=\"376\" data-end=\"571\">\u2022 okusno ra\u010dje meso z naravnim mesnim okusom<br data-start=\"420\" data-end=\"423\" \/>\u2022 mehka tekstura \u2013 idealna za trening<br data-start=\"460\" data-end=\"463\" \/>\u2022 visoka vsebnost beljakovin<br data-start=\"491\" data-end=\"494\" \/>\u2022 ko\u0161\u010dke lahko razdeli\u0161 na manj\u0161e nagrade<br data-start=\"535\" data-end=\"538\" \/>\u2022 primerni za majhne pasme psov<\/p>\n<hr data-start=\"573\" data-end=\"576\" \/>\n<h2 data-section-id=\"1q479cy\" data-start=\"578\" data-end=\"590\">Sestava<\/h2>\n<p data-start=\"591\" data-end=\"677\">raca, rastlinski stranski proizvodi, minerali.<\/p>\n<hr data-start=\"679\" data-end=\"682\" \/>\n<h2 data-section-id=\"xx9u83\" data-start=\"684\" data-end=\"708\">Analitske sestavine<\/h2>\n<p data-start=\"709\" data-end=\"866\">\u2022 surove beljakovine: 41 %<br data-start=\"735\" data-end=\"738\" \/>\u2022 surove ma\u0161\u010dobe: 3,5 %<br data-start=\"761\" data-end=\"764\" \/>\u2022 surova vlaknina: 0,2 %<br data-start=\"788\" data-end=\"791\" \/>\u2022 surovi pepel: 4 %<br data-start=\"810\" data-end=\"813\" \/>\u2022 vlaga: 23 %<\/p>\n<hr data-start=\"868\" data-end=\"871\" \/>\n<h2 data-section-id=\"1rogak3\" data-start=\"873\" data-end=\"899\">Navodila za hranjenje<\/h2>\n<p data-start=\"900\" data-end=\"1059\">Postrezite kot pribolj\u0161ek ali nagrado med obroki ali treningom.<br data-start=\"963\" data-end=\"966\" \/>Pribolj\u0161ki naj ne predstavljajo ve\u010d kot pribli\u017eno <strong data-start=\"1016\" data-end=\"1056\">10 % dnevnega energijskega vnosa psa<\/strong>.<\/p>\n<p data-start=\"1061\" data-end=\"1149\">Pes naj ima vedno na voljo sve\u017eo pitno vodo.<br data-start=\"1105\" data-end=\"1108\" \/>Shranjujte v hladnem in suhem prostoru.<\/p>","protected":false},"excerpt":{"rendered":"<p data-start=\"68\" data-end=\"342\">Mehki ra\u010dji trakci so okusna mesna nagrada, posebej prilagojena manj\u0161im psom. Izdelani so iz kakovostnega ra\u010djega mesa, zato imajo bogat naravni okus in mehko teksturo, ki je idealna za trening, nagrajevanje ali razvajanje va\u0161ega psa.<\/p>","protected":false},"featured_media":17270,"comment_status":"open","ping_status":"closed","template":"","meta":{"_acf_changed":false,"_uag_custom_page_level_css":"","site-sidebar-layout":"default","site-content-layout":"","ast-site-content-layout":"default","site-content-style":"default","site-sidebar-style":"default","ast-global-header-display":"","ast-banner-title-visibility":"","ast-main-header-display":"","ast-hfb-above-header-display":"","ast-hfb-below-header-display":"","ast-hfb-mobile-header-display":"","site-post-title":"","ast-breadcrumbs-content":"","ast-featured-img":"","footer-sml-layout":"","ast-disable-related-posts":"","theme-transparent-header-meta":"default","adv-header-id-meta":"","stick-header-meta":"","header-above-stick-meta":"","header-main-stick-meta":"","header-below-stick-meta":"","astra-migrate-meta-layouts":"set","ast-page-background-enabled":"default","ast-page-background-meta":{"desktop":{"background-color":"","background-image":"","background-repeat":"repeat","background-position":"center center","background-size":"auto","background-attachment":"scroll","background-type":"","background-media":"","overlay-type":"","overlay-color":"","overlay-opacity":"","overlay-gradient":""},"tablet":{"background-color":"","background-image":"","background-repeat":"repeat","background-position":"center center","background-size":"auto","background-attachment":"scroll","background-type":"","background-media":"","overlay-type":"","overlay-color":"","overlay-opacity":"","overlay-gradient":""},"mobile":{"background-color":"","background-image":"","background-repeat":"repeat","background-position":"center center","background-size":"auto","background-attachment":"scroll","background-type":"","background-media":"","overlay-type":"","overlay-color":"","overlay-opacity":"","overlay-gradient":""}},"ast-content-background-meta":{"desktop":{"background-color":"var(--ast-global-color-5)","background-image":"","background-repeat":"repeat","background-position":"center center","background-size":"auto","background-attachment":"scroll","background-type":"","background-media":"","overlay-type":"","overlay-color":"","overlay-opacity":"","overlay-gradient":""},"tablet":{"background-color":"var(--ast-global-color-5)","background-image":"","background-repeat":"repeat","background-position":"center center","background-size":"auto","background-attachment":"scroll","background-type":"","background-media":"","overlay-type":"","overlay-color":"","overlay-opacity":"","overlay-gradient":""},"mobile":{"background-color":"var(--ast-global-color-5)","background-image":"","background-repeat":"repeat","background-position":"center center","background-size":"auto","background-attachment":"scroll","background-type":"","background-media":"","overlay-type":"","overlay-color":"","overlay-opacity":"","overlay-gradient":""}}},"product_brand":[],"product_cat":[966,725,366,723,18],"product_tag":[],"class_list":{"0":"post-17282","1":"product","2":"type-product","3":"status-publish","4":"has-post-thumbnail","6":"product_cat-doggyjoy","7":"product_cat-hrana-za-pse","8":"product_cat-priboljski","9":"product_cat-psi","10":"product_cat-vsi-izdelki","11":"desktop-align-center","12":"tablet-align-center","13":"mobile-align-center","15":"first","16":"instock","17":"shipping-taxable","18":"purchasable","19":"product-type-simple"},"acf":[],"yoast_head":"<!-- This site is optimized with the Yoast SEO plugin v27.4 - https:\/\/yoast.com\/product\/yoast-seo-wordpress\/ -->\n<title>Doggy Joy Mesni trakovi za majhne pasme psov - Raca (55 g) - Trgovina Pasja Univerza<\/title>\n<meta name=\"description\" content=\"Doggy Joy Kosti z ra\u010djim mesom Doggy Joy Mesni trakovi za majhne pasme psov - Raca (55 g) majhne pasme psov.\" \/>\n<meta name=\"robots\" content=\"index, follow, max-snippet:-1, max-image-preview:large, max-video-preview:-1\" \/>\n<link rel=\"canonical\" href=\"https:\/\/trgovina.pasjauniverza.si\/en\/product\/doggy-joy-mesni-trakovi-za-majhne-pasme-psov-raca-55-g\/\" \/>\n<meta property=\"og:locale\" content=\"en_US\" \/>\n<meta property=\"og:type\" content=\"article\" \/>\n<meta property=\"og:title\" content=\"Doggy Joy Mesni trakovi za majhne pasme psov - Raca (55 g) - Trgovina Pasja Univerza\" \/>\n<meta property=\"og:description\" content=\"Doggy Joy Kosti z ra\u010djim mesom Doggy Joy Mesni trakovi za majhne pasme psov - Raca (55 g) majhne pasme psov.\" \/>\n<meta property=\"og:url\" content=\"https:\/\/trgovina.pasjauniverza.si\/en\/product\/doggy-joy-mesni-trakovi-za-majhne-pasme-psov-raca-55-g\/\" \/>\n<meta property=\"og:site_name\" content=\"Trgovina Pasja Univerza\" \/>\n<meta property=\"article:modified_time\" content=\"2026-03-19T08:22:54+00:00\" \/>\n<meta property=\"og:image\" content=\"https:\/\/trgovina.pasjauniverza.si\/wp-content\/uploads\/2026\/03\/Racji_mesni_trakovi_za_majhne_pasme_psov-removebg-preview.png\" \/>\n\t<meta property=\"og:image:width\" content=\"408\" \/>\n\t<meta property=\"og:image:height\" content=\"612\" \/>\n\t<meta property=\"og:image:type\" content=\"image\/png\" \/>\n<meta name=\"twitter:card\" content=\"summary_large_image\" \/>\n<meta name=\"twitter:label1\" content=\"Est. reading time\" \/>\n\t<meta name=\"twitter:data1\" content=\"1 minute\" \/>\n<script type=\"application\/ld+json\" class=\"yoast-schema-graph\">{\"@context\":\"https:\\\/\\\/schema.org\",\"@graph\":[{\"@type\":\"WebPage\",\"@id\":\"https:\\\/\\\/trgovina.pasjauniverza.si\\\/product\\\/doggy-joy-mesni-trakovi-za-majhne-pasme-psov-raca-55-g\\\/\",\"url\":\"https:\\\/\\\/trgovina.pasjauniverza.si\\\/product\\\/doggy-joy-mesni-trakovi-za-majhne-pasme-psov-raca-55-g\\\/\",\"name\":\"Doggy Joy Mesni trakovi za majhne pasme psov - Raca (55 g) - Trgovina Pasja Univerza\",\"isPartOf\":{\"@id\":\"https:\\\/\\\/trgovina.pasjauniverza.si\\\/#website\"},\"primaryImageOfPage\":{\"@id\":\"https:\\\/\\\/trgovina.pasjauniverza.si\\\/product\\\/doggy-joy-mesni-trakovi-za-majhne-pasme-psov-raca-55-g\\\/#primaryimage\"},\"image\":{\"@id\":\"https:\\\/\\\/trgovina.pasjauniverza.si\\\/product\\\/doggy-joy-mesni-trakovi-za-majhne-pasme-psov-raca-55-g\\\/#primaryimage\"},\"thumbnailUrl\":\"https:\\\/\\\/trgovina.pasjauniverza.si\\\/wp-content\\\/uploads\\\/2026\\\/03\\\/Racji_mesni_trakovi_za_majhne_pasme_psov-removebg-preview.png\",\"datePublished\":\"2026-03-13T11:17:18+00:00\",\"dateModified\":\"2026-03-19T08:22:54+00:00\",\"description\":\"Doggy Joy Kosti z ra\u010djim mesom Doggy Joy Mesni trakovi za majhne pasme psov - Raca (55 g) majhne pasme psov.\",\"breadcrumb\":{\"@id\":\"https:\\\/\\\/trgovina.pasjauniverza.si\\\/product\\\/doggy-joy-mesni-trakovi-za-majhne-pasme-psov-raca-55-g\\\/#breadcrumb\"},\"inLanguage\":\"en-US\",\"potentialAction\":[{\"@type\":\"ReadAction\",\"target\":[\"https:\\\/\\\/trgovina.pasjauniverza.si\\\/product\\\/doggy-joy-mesni-trakovi-za-majhne-pasme-psov-raca-55-g\\\/\"]}]},{\"@type\":\"ImageObject\",\"inLanguage\":\"en-US\",\"@id\":\"https:\\\/\\\/trgovina.pasjauniverza.si\\\/product\\\/doggy-joy-mesni-trakovi-za-majhne-pasme-psov-raca-55-g\\\/#primaryimage\",\"url\":\"https:\\\/\\\/trgovina.pasjauniverza.si\\\/wp-content\\\/uploads\\\/2026\\\/03\\\/Racji_mesni_trakovi_za_majhne_pasme_psov-removebg-preview.png\",\"contentUrl\":\"https:\\\/\\\/trgovina.pasjauniverza.si\\\/wp-content\\\/uploads\\\/2026\\\/03\\\/Racji_mesni_trakovi_za_majhne_pasme_psov-removebg-preview.png\",\"width\":408,\"height\":612,\"caption\":\"Ra\u010dji_mesni_trakovi_za_majhne_pasme_psov\"},{\"@type\":\"BreadcrumbList\",\"@id\":\"https:\\\/\\\/trgovina.pasjauniverza.si\\\/product\\\/doggy-joy-mesni-trakovi-za-majhne-pasme-psov-raca-55-g\\\/#breadcrumb\",\"itemListElement\":[{\"@type\":\"ListItem\",\"position\":1,\"name\":\"Home\",\"item\":\"https:\\\/\\\/trgovina.pasjauniverza.si\\\/\"},{\"@type\":\"ListItem\",\"position\":2,\"name\":\"Trgovina\",\"item\":\"https:\\\/\\\/trgovina.pasjauniverza.si\\\/trgovina\\\/\"},{\"@type\":\"ListItem\",\"position\":3,\"name\":\"Doggy Joy Mesni trakovi za majhne pasme psov &#8211; Raca (55 g)\"}]},{\"@type\":\"WebSite\",\"@id\":\"https:\\\/\\\/trgovina.pasjauniverza.si\\\/#website\",\"url\":\"https:\\\/\\\/trgovina.pasjauniverza.si\\\/\",\"name\":\"Trgovina Pasja Univerza\",\"description\":\"pasja univerza trgovina\",\"publisher\":{\"@id\":\"https:\\\/\\\/trgovina.pasjauniverza.si\\\/#organization\"},\"potentialAction\":[{\"@type\":\"SearchAction\",\"target\":{\"@type\":\"EntryPoint\",\"urlTemplate\":\"https:\\\/\\\/trgovina.pasjauniverza.si\\\/?s={search_term_string}\"},\"query-input\":{\"@type\":\"PropertyValueSpecification\",\"valueRequired\":true,\"valueName\":\"search_term_string\"}}],\"inLanguage\":\"en-US\"},{\"@type\":\"Organization\",\"@id\":\"https:\\\/\\\/trgovina.pasjauniverza.si\\\/#organization\",\"name\":\"Trgovina Pasja Univerza\",\"url\":\"https:\\\/\\\/trgovina.pasjauniverza.si\\\/\",\"logo\":{\"@type\":\"ImageObject\",\"inLanguage\":\"en-US\",\"@id\":\"https:\\\/\\\/trgovina.pasjauniverza.si\\\/#\\\/schema\\\/logo\\\/image\\\/\",\"url\":\"https:\\\/\\\/trgovina.pasjauniverza.si\\\/wp-content\\\/uploads\\\/2024\\\/08\\\/cropped-logotipi-vector-04.png\",\"contentUrl\":\"https:\\\/\\\/trgovina.pasjauniverza.si\\\/wp-content\\\/uploads\\\/2024\\\/08\\\/cropped-logotipi-vector-04.png\",\"width\":942,\"height\":908,\"caption\":\"Trgovina Pasja Univerza\"},\"image\":{\"@id\":\"https:\\\/\\\/trgovina.pasjauniverza.si\\\/#\\\/schema\\\/logo\\\/image\\\/\"}}]}<\/script>\n<!-- \/ Yoast SEO plugin. -->","yoast_head_json":{"title":"Doggy Joy Mesni trakovi za majhne pasme psov - Raca (55 g) - Trgovina Pasja Univerza","description":"Doggy Joy Kosti z ra\u010djim mesom Doggy Joy Mesni trakovi za majhne pasme psov - Raca (55 g) majhne pasme psov.","robots":{"index":"index","follow":"follow","max-snippet":"max-snippet:-1","max-image-preview":"max-image-preview:large","max-video-preview":"max-video-preview:-1"},"canonical":"https:\/\/trgovina.pasjauniverza.si\/en\/product\/doggy-joy-mesni-trakovi-za-majhne-pasme-psov-raca-55-g\/","og_locale":"en_US","og_type":"article","og_title":"Doggy Joy Mesni trakovi za majhne pasme psov - Raca (55 g) - Trgovina Pasja Univerza","og_description":"Doggy Joy Kosti z ra\u010djim mesom Doggy Joy Mesni trakovi za majhne pasme psov - Raca (55 g) majhne pasme psov.","og_url":"https:\/\/trgovina.pasjauniverza.si\/en\/product\/doggy-joy-mesni-trakovi-za-majhne-pasme-psov-raca-55-g\/","og_site_name":"Trgovina Pasja Univerza","article_modified_time":"2026-03-19T08:22:54+00:00","og_image":[{"width":408,"height":612,"url":"https:\/\/trgovina.pasjauniverza.si\/wp-content\/uploads\/2026\/03\/Racji_mesni_trakovi_za_majhne_pasme_psov-removebg-preview.png","type":"image\/png"}],"twitter_card":"summary_large_image","twitter_misc":{"Est. reading time":"1 minute"},"schema":{"@context":"https:\/\/schema.org","@graph":[{"@type":"WebPage","@id":"https:\/\/trgovina.pasjauniverza.si\/product\/doggy-joy-mesni-trakovi-za-majhne-pasme-psov-raca-55-g\/","url":"https:\/\/trgovina.pasjauniverza.si\/product\/doggy-joy-mesni-trakovi-za-majhne-pasme-psov-raca-55-g\/","name":"Doggy Joy Mesni trakovi za majhne pasme psov - Raca (55 g) - Trgovina Pasja Univerza","isPartOf":{"@id":"https:\/\/trgovina.pasjauniverza.si\/#website"},"primaryImageOfPage":{"@id":"https:\/\/trgovina.pasjauniverza.si\/product\/doggy-joy-mesni-trakovi-za-majhne-pasme-psov-raca-55-g\/#primaryimage"},"image":{"@id":"https:\/\/trgovina.pasjauniverza.si\/product\/doggy-joy-mesni-trakovi-za-majhne-pasme-psov-raca-55-g\/#primaryimage"},"thumbnailUrl":"https:\/\/trgovina.pasjauniverza.si\/wp-content\/uploads\/2026\/03\/Racji_mesni_trakovi_za_majhne_pasme_psov-removebg-preview.png","datePublished":"2026-03-13T11:17:18+00:00","dateModified":"2026-03-19T08:22:54+00:00","description":"Doggy Joy Kosti z ra\u010djim mesom Doggy Joy Mesni trakovi za majhne pasme psov - Raca (55 g) majhne pasme psov.","breadcrumb":{"@id":"https:\/\/trgovina.pasjauniverza.si\/product\/doggy-joy-mesni-trakovi-za-majhne-pasme-psov-raca-55-g\/#breadcrumb"},"inLanguage":"en-US","potentialAction":[{"@type":"ReadAction","target":["https:\/\/trgovina.pasjauniverza.si\/product\/doggy-joy-mesni-trakovi-za-majhne-pasme-psov-raca-55-g\/"]}]},{"@type":"ImageObject","inLanguage":"en-US","@id":"https:\/\/trgovina.pasjauniverza.si\/product\/doggy-joy-mesni-trakovi-za-majhne-pasme-psov-raca-55-g\/#primaryimage","url":"https:\/\/trgovina.pasjauniverza.si\/wp-content\/uploads\/2026\/03\/Racji_mesni_trakovi_za_majhne_pasme_psov-removebg-preview.png","contentUrl":"https:\/\/trgovina.pasjauniverza.si\/wp-content\/uploads\/2026\/03\/Racji_mesni_trakovi_za_majhne_pasme_psov-removebg-preview.png","width":408,"height":612,"caption":"Ra\u010dji_mesni_trakovi_za_majhne_pasme_psov"},{"@type":"BreadcrumbList","@id":"https:\/\/trgovina.pasjauniverza.si\/product\/doggy-joy-mesni-trakovi-za-majhne-pasme-psov-raca-55-g\/#breadcrumb","itemListElement":[{"@type":"ListItem","position":1,"name":"Home","item":"https:\/\/trgovina.pasjauniverza.si\/"},{"@type":"ListItem","position":2,"name":"Trgovina","item":"https:\/\/trgovina.pasjauniverza.si\/trgovina\/"},{"@type":"ListItem","position":3,"name":"Doggy Joy Mesni trakovi za majhne pasme psov &#8211; Raca (55 g)"}]},{"@type":"WebSite","@id":"https:\/\/trgovina.pasjauniverza.si\/#website","url":"https:\/\/trgovina.pasjauniverza.si\/","name":"Trgovina Pasja Univerza","description":"pasja univerza trgovina","publisher":{"@id":"https:\/\/trgovina.pasjauniverza.si\/#organization"},"potentialAction":[{"@type":"SearchAction","target":{"@type":"EntryPoint","urlTemplate":"https:\/\/trgovina.pasjauniverza.si\/?s={search_term_string}"},"query-input":{"@type":"PropertyValueSpecification","valueRequired":true,"valueName":"search_term_string"}}],"inLanguage":"en-US"},{"@type":"Organization","@id":"https:\/\/trgovina.pasjauniverza.si\/#organization","name":"Trgovina Pasja Univerza","url":"https:\/\/trgovina.pasjauniverza.si\/","logo":{"@type":"ImageObject","inLanguage":"en-US","@id":"https:\/\/trgovina.pasjauniverza.si\/#\/schema\/logo\/image\/","url":"https:\/\/trgovina.pasjauniverza.si\/wp-content\/uploads\/2024\/08\/cropped-logotipi-vector-04.png","contentUrl":"https:\/\/trgovina.pasjauniverza.si\/wp-content\/uploads\/2024\/08\/cropped-logotipi-vector-04.png","width":942,"height":908,"caption":"Trgovina Pasja Univerza"},"image":{"@id":"https:\/\/trgovina.pasjauniverza.si\/#\/schema\/logo\/image\/"}}]}},"uagb_featured_image_src":{"full":["https:\/\/trgovina.pasjauniverza.si\/wp-content\/uploads\/2026\/03\/Racji_mesni_trakovi_za_majhne_pasme_psov-removebg-preview.png",408,612,false],"thumbnail":["https:\/\/trgovina.pasjauniverza.si\/wp-content\/uploads\/2026\/03\/Racji_mesni_trakovi_za_majhne_pasme_psov-removebg-preview-150x150.png",150,150,true],"medium":["https:\/\/trgovina.pasjauniverza.si\/wp-content\/uploads\/2026\/03\/Racji_mesni_trakovi_za_majhne_pasme_psov-removebg-preview-200x300.png",200,300,true],"medium_large":["https:\/\/trgovina.pasjauniverza.si\/wp-content\/uploads\/2026\/03\/Racji_mesni_trakovi_za_majhne_pasme_psov-removebg-preview.png",408,612,false],"large":["https:\/\/trgovina.pasjauniverza.si\/wp-content\/uploads\/2026\/03\/Racji_mesni_trakovi_za_majhne_pasme_psov-removebg-preview.png",408,612,false],"1536x1536":["https:\/\/trgovina.pasjauniverza.si\/wp-content\/uploads\/2026\/03\/Racji_mesni_trakovi_za_majhne_pasme_psov-removebg-preview.png",408,612,false],"2048x2048":["https:\/\/trgovina.pasjauniverza.si\/wp-content\/uploads\/2026\/03\/Racji_mesni_trakovi_za_majhne_pasme_psov-removebg-preview.png",408,612,false],"trp-custom-language-flag":["https:\/\/trgovina.pasjauniverza.si\/wp-content\/uploads\/2026\/03\/Racji_mesni_trakovi_za_majhne_pasme_psov-removebg-preview-8x12.png",8,12,true],"woocommerce_thumbnail":["https:\/\/trgovina.pasjauniverza.si\/wp-content\/uploads\/2026\/03\/Racji_mesni_trakovi_za_majhne_pasme_psov-removebg-preview-300x300.png",300,300,true],"woocommerce_single":["https:\/\/trgovina.pasjauniverza.si\/wp-content\/uploads\/2026\/03\/Racji_mesni_trakovi_za_majhne_pasme_psov-removebg-preview.png",408,612,false],"woocommerce_gallery_thumbnail":["https:\/\/trgovina.pasjauniverza.si\/wp-content\/uploads\/2026\/03\/Racji_mesni_trakovi_za_majhne_pasme_psov-removebg-preview-100x100.png",100,100,true]},"uagb_author_info":{"display_name":"Karmen Grubeli\u0107, dr.vet.med.","author_link":"https:\/\/trgovina.pasjauniverza.si\/en\/author\/"},"uagb_comment_info":0,"uagb_excerpt":"Mehki ra\u010dji trakci so okusna mesna nagrada, posebej prilagojena manj\u0161im psom. Izdelani so iz kakovostnega ra\u010djega mesa, zato imajo bogat naravni okus in mehko teksturo, ki je idealna za trening, nagrajevanje ali razvajanje va\u0161ega psa.","jetpack_sharing_enabled":true,"_links":{"self":[{"href":"https:\/\/trgovina.pasjauniverza.si\/en\/wp-json\/wp\/v2\/product\/17282","targetHints":{"allow":["GET"]}}],"collection":[{"href":"https:\/\/trgovina.pasjauniverza.si\/en\/wp-json\/wp\/v2\/product"}],"about":[{"href":"https:\/\/trgovina.pasjauniverza.si\/en\/wp-json\/wp\/v2\/types\/product"}],"replies":[{"embeddable":true,"href":"https:\/\/trgovina.pasjauniverza.si\/en\/wp-json\/wp\/v2\/comments?post=17282"}],"wp:featuredmedia":[{"embeddable":true,"href":"https:\/\/trgovina.pasjauniverza.si\/en\/wp-json\/wp\/v2\/media\/17270"}],"wp:attachment":[{"href":"https:\/\/trgovina.pasjauniverza.si\/en\/wp-json\/wp\/v2\/media?parent=17282"}],"wp:term":[{"taxonomy":"product_brand","embeddable":true,"href":"https:\/\/trgovina.pasjauniverza.si\/en\/wp-json\/wp\/v2\/product_brand?post=17282"},{"taxonomy":"product_cat","embeddable":true,"href":"https:\/\/trgovina.pasjauniverza.si\/en\/wp-json\/wp\/v2\/product_cat?post=17282"},{"taxonomy":"product_tag","embeddable":true,"href":"https:\/\/trgovina.pasjauniverza.si\/en\/wp-json\/wp\/v2\/product_tag?post=17282"}],"curies":[{"name":"wp","href":"https:\/\/api.w.org\/{rel}","templated":true}]}}