
{"id":17281,"date":"2026-03-13T11:13:12","date_gmt":"2026-03-13T11:13:12","guid":{"rendered":"https:\/\/trgovina.pasjauniverza.si\/?post_type=product&#038;p=17281"},"modified":"2026-03-18T09:59:27","modified_gmt":"2026-03-18T09:59:27","slug":"doggy-joy-kosti-z-racjim-mesom-za-majhne-pasme-psov-55-g","status":"publish","type":"product","link":"https:\/\/trgovina.pasjauniverza.si\/en\/product\/doggy-joy-kosti-z-racjim-mesom-za-majhne-pasme-psov-55-g\/","title":{"rendered":"Doggy Joy Kosti z ra\u010djim mesom za majhne pasme psov (55 g)"},"content":{"rendered":"<p>Pribolj\u0161ki Doggy Joy so narejeni iz kakovostnega mesa po recepturah, razvitih za zdravo nagrajevanje psov, brez umetnih barvil in nepotrebnih dodatkov.<\/p>\n<h2 data-section-id=\"7zt24\" data-start=\"307\" data-end=\"333\">Zakaj jih psi obo\u017eujejo<\/h2>\n<p data-start=\"334\" data-end=\"529\">\u2022 okusno ra\u010dje meso za bogat mesni okus<br data-start=\"373\" data-end=\"376\" \/>\u2022 \u017eve\u010dljiva kost za dolgotrajno \u017eve\u010denje<br data-start=\"416\" data-end=\"419\" \/>\u2022 pomaga pri mehanskem \u010di\u0161\u010denju zob<br data-start=\"454\" data-end=\"457\" \/>\u2022 primerne za majhne pasme psov<br data-start=\"488\" data-end=\"491\" \/>\u2022 odli\u010dne kot nagrada ali pribolj\u0161ek<\/p>\n<hr data-start=\"531\" data-end=\"534\" \/>\n<h2 data-section-id=\"1tvbd7m\" data-start=\"536\" data-end=\"546\">Sestava<\/h2>\n<p data-start=\"547\" data-end=\"676\">ra\u010dje meso (62,6 %), surova ko\u017ea 26 %, rastlinski stranski proizvodi, minerali.<\/p>\n<hr data-start=\"678\" data-end=\"681\" \/>\n<h2 data-section-id=\"1ao17sz\" data-start=\"683\" data-end=\"705\">Analitske sestavine<\/h2>\n<p data-start=\"706\" data-end=\"865\">\u2022 surove beljakovine: 33 %<br data-start=\"732\" data-end=\"735\" \/>\u2022 surove ma\u0161\u010dobe: 3,5 %<br data-start=\"758\" data-end=\"761\" \/>\u2022 surova vlaknina: 0,2 %<br data-start=\"785\" data-end=\"788\" \/>\u2022 surovi pepel: 4,5 %<br data-start=\"809\" data-end=\"812\" \/>\u2022 vlaga: 18 %<\/p>\n<hr data-start=\"867\" data-end=\"870\" \/>\n<h2 data-section-id=\"gfhh83\" data-start=\"872\" data-end=\"896\">Navodila za hranjenje<\/h2>\n<p data-start=\"897\" data-end=\"1042\">Postrezite kot pribolj\u0161ek ali nagrado med obroki.<br data-start=\"946\" data-end=\"949\" \/>Pribolj\u0161ki naj ne predstavljajo ve\u010d kot pribli\u017eno <strong data-start=\"999\" data-end=\"1039\">10 % dnevnega energijskega vnosa psa<\/strong>.<\/p>\n<p data-start=\"1044\" data-end=\"1132\">Pes naj ima vedno na voljo sve\u017eo pitno vodo.<br data-start=\"1088\" data-end=\"1091\" \/>Shranjujte v hladnem in suhem prostoru.<\/p>","protected":false},"excerpt":{"rendered":"<p data-start=\"73\" data-end=\"356\">Okusen pribolj\u0161ek, ki zdru\u017euje \u017eve\u010dljivo kost in slasten ovoj iz ra\u010djega mesa. Ta kombinacija psu ponuja odli\u010den okus, hkrati pa spodbuja \u017eve\u010denje in pomaga mehansko \u010distiti zobe med grizenjem.<\/p>","protected":false},"featured_media":17271,"comment_status":"open","ping_status":"closed","template":"","meta":{"_acf_changed":false,"_uag_custom_page_level_css":"","site-sidebar-layout":"default","site-content-layout":"","ast-site-content-layout":"default","site-content-style":"default","site-sidebar-style":"default","ast-global-header-display":"","ast-banner-title-visibility":"","ast-main-header-display":"","ast-hfb-above-header-display":"","ast-hfb-below-header-display":"","ast-hfb-mobile-header-display":"","site-post-title":"","ast-breadcrumbs-content":"","ast-featured-img":"","footer-sml-layout":"","ast-disable-related-posts":"","theme-transparent-header-meta":"default","adv-header-id-meta":"","stick-header-meta":"","header-above-stick-meta":"","header-main-stick-meta":"","header-below-stick-meta":"","astra-migrate-meta-layouts":"set","ast-page-background-enabled":"default","ast-page-background-meta":{"desktop":{"background-color":"","background-image":"","background-repeat":"repeat","background-position":"center center","background-size":"auto","background-attachment":"scroll","background-type":"","background-media":"","overlay-type":"","overlay-color":"","overlay-opacity":"","overlay-gradient":""},"tablet":{"background-color":"","background-image":"","background-repeat":"repeat","background-position":"center center","background-size":"auto","background-attachment":"scroll","background-type":"","background-media":"","overlay-type":"","overlay-color":"","overlay-opacity":"","overlay-gradient":""},"mobile":{"background-color":"","background-image":"","background-repeat":"repeat","background-position":"center center","background-size":"auto","background-attachment":"scroll","background-type":"","background-media":"","overlay-type":"","overlay-color":"","overlay-opacity":"","overlay-gradient":""}},"ast-content-background-meta":{"desktop":{"background-color":"var(--ast-global-color-5)","background-image":"","background-repeat":"repeat","background-position":"center center","background-size":"auto","background-attachment":"scroll","background-type":"","background-media":"","overlay-type":"","overlay-color":"","overlay-opacity":"","overlay-gradient":""},"tablet":{"background-color":"var(--ast-global-color-5)","background-image":"","background-repeat":"repeat","background-position":"center center","background-size":"auto","background-attachment":"scroll","background-type":"","background-media":"","overlay-type":"","overlay-color":"","overlay-opacity":"","overlay-gradient":""},"mobile":{"background-color":"var(--ast-global-color-5)","background-image":"","background-repeat":"repeat","background-position":"center center","background-size":"auto","background-attachment":"scroll","background-type":"","background-media":"","overlay-type":"","overlay-color":"","overlay-opacity":"","overlay-gradient":""}}},"product_brand":[],"product_cat":[966,725,366,723,18],"product_tag":[],"class_list":{"0":"post-17281","1":"product","2":"type-product","3":"status-publish","4":"has-post-thumbnail","6":"product_cat-doggyjoy","7":"product_cat-hrana-za-pse","8":"product_cat-priboljski","9":"product_cat-psi","10":"product_cat-vsi-izdelki","11":"desktop-align-center","12":"tablet-align-center","13":"mobile-align-center","15":"first","16":"instock","17":"shipping-taxable","18":"purchasable","19":"product-type-simple"},"acf":[],"yoast_head":"<!-- This site is optimized with the Yoast SEO plugin v27.4 - https:\/\/yoast.com\/product\/yoast-seo-wordpress\/ -->\n<title>Doggy Joy Kosti z ra\u010djim mesom za majhne pasme psov (55 g) - Trgovina Pasja Univerza<\/title>\n<meta name=\"description\" content=\"Doggy Joy Kosti z ra\u010djim mesom za majhne pasme psov.\" \/>\n<meta name=\"robots\" content=\"index, follow, max-snippet:-1, max-image-preview:large, max-video-preview:-1\" \/>\n<link rel=\"canonical\" href=\"https:\/\/trgovina.pasjauniverza.si\/en\/product\/doggy-joy-kosti-z-racjim-mesom-za-majhne-pasme-psov-55-g\/\" \/>\n<meta property=\"og:locale\" content=\"en_US\" \/>\n<meta property=\"og:type\" content=\"article\" \/>\n<meta property=\"og:title\" content=\"Doggy Joy Kosti z ra\u010djim mesom za majhne pasme psov (55 g) - Trgovina Pasja Univerza\" \/>\n<meta property=\"og:description\" content=\"Doggy Joy Kosti z ra\u010djim mesom za majhne pasme psov.\" \/>\n<meta property=\"og:url\" content=\"https:\/\/trgovina.pasjauniverza.si\/en\/product\/doggy-joy-kosti-z-racjim-mesom-za-majhne-pasme-psov-55-g\/\" \/>\n<meta property=\"og:site_name\" content=\"Trgovina Pasja Univerza\" \/>\n<meta property=\"article:modified_time\" content=\"2026-03-18T09:59:27+00:00\" \/>\n<meta property=\"og:image\" content=\"https:\/\/trgovina.pasjauniverza.si\/wp-content\/uploads\/2026\/03\/Racje_mesne_kosti_za_majhne_pasme_psov-removebg-preview.png\" \/>\n\t<meta property=\"og:image:width\" content=\"346\" \/>\n\t<meta property=\"og:image:height\" content=\"400\" \/>\n\t<meta property=\"og:image:type\" content=\"image\/png\" \/>\n<meta name=\"twitter:card\" content=\"summary_large_image\" \/>\n<meta name=\"twitter:label1\" content=\"Est. reading time\" \/>\n\t<meta name=\"twitter:data1\" content=\"1 minute\" \/>\n<script type=\"application\/ld+json\" class=\"yoast-schema-graph\">{\"@context\":\"https:\\\/\\\/schema.org\",\"@graph\":[{\"@type\":\"WebPage\",\"@id\":\"https:\\\/\\\/trgovina.pasjauniverza.si\\\/product\\\/doggy-joy-kosti-z-racjim-mesom-za-majhne-pasme-psov-55-g\\\/\",\"url\":\"https:\\\/\\\/trgovina.pasjauniverza.si\\\/product\\\/doggy-joy-kosti-z-racjim-mesom-za-majhne-pasme-psov-55-g\\\/\",\"name\":\"Doggy Joy Kosti z ra\u010djim mesom za majhne pasme psov (55 g) - Trgovina Pasja Univerza\",\"isPartOf\":{\"@id\":\"https:\\\/\\\/trgovina.pasjauniverza.si\\\/#website\"},\"primaryImageOfPage\":{\"@id\":\"https:\\\/\\\/trgovina.pasjauniverza.si\\\/product\\\/doggy-joy-kosti-z-racjim-mesom-za-majhne-pasme-psov-55-g\\\/#primaryimage\"},\"image\":{\"@id\":\"https:\\\/\\\/trgovina.pasjauniverza.si\\\/product\\\/doggy-joy-kosti-z-racjim-mesom-za-majhne-pasme-psov-55-g\\\/#primaryimage\"},\"thumbnailUrl\":\"https:\\\/\\\/trgovina.pasjauniverza.si\\\/wp-content\\\/uploads\\\/2026\\\/03\\\/Racje_mesne_kosti_za_majhne_pasme_psov-removebg-preview.png\",\"datePublished\":\"2026-03-13T11:13:12+00:00\",\"dateModified\":\"2026-03-18T09:59:27+00:00\",\"description\":\"Doggy Joy Kosti z ra\u010djim mesom za majhne pasme psov.\",\"breadcrumb\":{\"@id\":\"https:\\\/\\\/trgovina.pasjauniverza.si\\\/product\\\/doggy-joy-kosti-z-racjim-mesom-za-majhne-pasme-psov-55-g\\\/#breadcrumb\"},\"inLanguage\":\"en-US\",\"potentialAction\":[{\"@type\":\"ReadAction\",\"target\":[\"https:\\\/\\\/trgovina.pasjauniverza.si\\\/product\\\/doggy-joy-kosti-z-racjim-mesom-za-majhne-pasme-psov-55-g\\\/\"]}]},{\"@type\":\"ImageObject\",\"inLanguage\":\"en-US\",\"@id\":\"https:\\\/\\\/trgovina.pasjauniverza.si\\\/product\\\/doggy-joy-kosti-z-racjim-mesom-za-majhne-pasme-psov-55-g\\\/#primaryimage\",\"url\":\"https:\\\/\\\/trgovina.pasjauniverza.si\\\/wp-content\\\/uploads\\\/2026\\\/03\\\/Racje_mesne_kosti_za_majhne_pasme_psov-removebg-preview.png\",\"contentUrl\":\"https:\\\/\\\/trgovina.pasjauniverza.si\\\/wp-content\\\/uploads\\\/2026\\\/03\\\/Racje_mesne_kosti_za_majhne_pasme_psov-removebg-preview.png\",\"width\":346,\"height\":400,\"caption\":\"Ra\u010dje_mesne_kosti_za_majhne_pasme_psov\"},{\"@type\":\"BreadcrumbList\",\"@id\":\"https:\\\/\\\/trgovina.pasjauniverza.si\\\/product\\\/doggy-joy-kosti-z-racjim-mesom-za-majhne-pasme-psov-55-g\\\/#breadcrumb\",\"itemListElement\":[{\"@type\":\"ListItem\",\"position\":1,\"name\":\"Home\",\"item\":\"https:\\\/\\\/trgovina.pasjauniverza.si\\\/\"},{\"@type\":\"ListItem\",\"position\":2,\"name\":\"Trgovina\",\"item\":\"https:\\\/\\\/trgovina.pasjauniverza.si\\\/trgovina\\\/\"},{\"@type\":\"ListItem\",\"position\":3,\"name\":\"Doggy Joy Kosti z ra\u010djim mesom za majhne pasme psov (55 g)\"}]},{\"@type\":\"WebSite\",\"@id\":\"https:\\\/\\\/trgovina.pasjauniverza.si\\\/#website\",\"url\":\"https:\\\/\\\/trgovina.pasjauniverza.si\\\/\",\"name\":\"Trgovina Pasja Univerza\",\"description\":\"pasja univerza trgovina\",\"publisher\":{\"@id\":\"https:\\\/\\\/trgovina.pasjauniverza.si\\\/#organization\"},\"potentialAction\":[{\"@type\":\"SearchAction\",\"target\":{\"@type\":\"EntryPoint\",\"urlTemplate\":\"https:\\\/\\\/trgovina.pasjauniverza.si\\\/?s={search_term_string}\"},\"query-input\":{\"@type\":\"PropertyValueSpecification\",\"valueRequired\":true,\"valueName\":\"search_term_string\"}}],\"inLanguage\":\"en-US\"},{\"@type\":\"Organization\",\"@id\":\"https:\\\/\\\/trgovina.pasjauniverza.si\\\/#organization\",\"name\":\"Trgovina Pasja Univerza\",\"url\":\"https:\\\/\\\/trgovina.pasjauniverza.si\\\/\",\"logo\":{\"@type\":\"ImageObject\",\"inLanguage\":\"en-US\",\"@id\":\"https:\\\/\\\/trgovina.pasjauniverza.si\\\/#\\\/schema\\\/logo\\\/image\\\/\",\"url\":\"https:\\\/\\\/trgovina.pasjauniverza.si\\\/wp-content\\\/uploads\\\/2024\\\/08\\\/cropped-logotipi-vector-04.png\",\"contentUrl\":\"https:\\\/\\\/trgovina.pasjauniverza.si\\\/wp-content\\\/uploads\\\/2024\\\/08\\\/cropped-logotipi-vector-04.png\",\"width\":942,\"height\":908,\"caption\":\"Trgovina Pasja Univerza\"},\"image\":{\"@id\":\"https:\\\/\\\/trgovina.pasjauniverza.si\\\/#\\\/schema\\\/logo\\\/image\\\/\"}}]}<\/script>\n<!-- \/ Yoast SEO plugin. -->","yoast_head_json":{"title":"Doggy Joy Kosti z ra\u010djim mesom za majhne pasme psov (55 g) - Trgovina Pasja Univerza","description":"Doggy Joy Kosti z ra\u010djim mesom za majhne pasme psov.","robots":{"index":"index","follow":"follow","max-snippet":"max-snippet:-1","max-image-preview":"max-image-preview:large","max-video-preview":"max-video-preview:-1"},"canonical":"https:\/\/trgovina.pasjauniverza.si\/en\/product\/doggy-joy-kosti-z-racjim-mesom-za-majhne-pasme-psov-55-g\/","og_locale":"en_US","og_type":"article","og_title":"Doggy Joy Kosti z ra\u010djim mesom za majhne pasme psov (55 g) - Trgovina Pasja Univerza","og_description":"Doggy Joy Kosti z ra\u010djim mesom za majhne pasme psov.","og_url":"https:\/\/trgovina.pasjauniverza.si\/en\/product\/doggy-joy-kosti-z-racjim-mesom-za-majhne-pasme-psov-55-g\/","og_site_name":"Trgovina Pasja Univerza","article_modified_time":"2026-03-18T09:59:27+00:00","og_image":[{"width":346,"height":400,"url":"https:\/\/trgovina.pasjauniverza.si\/wp-content\/uploads\/2026\/03\/Racje_mesne_kosti_za_majhne_pasme_psov-removebg-preview.png","type":"image\/png"}],"twitter_card":"summary_large_image","twitter_misc":{"Est. reading time":"1 minute"},"schema":{"@context":"https:\/\/schema.org","@graph":[{"@type":"WebPage","@id":"https:\/\/trgovina.pasjauniverza.si\/product\/doggy-joy-kosti-z-racjim-mesom-za-majhne-pasme-psov-55-g\/","url":"https:\/\/trgovina.pasjauniverza.si\/product\/doggy-joy-kosti-z-racjim-mesom-za-majhne-pasme-psov-55-g\/","name":"Doggy Joy Kosti z ra\u010djim mesom za majhne pasme psov (55 g) - Trgovina Pasja Univerza","isPartOf":{"@id":"https:\/\/trgovina.pasjauniverza.si\/#website"},"primaryImageOfPage":{"@id":"https:\/\/trgovina.pasjauniverza.si\/product\/doggy-joy-kosti-z-racjim-mesom-za-majhne-pasme-psov-55-g\/#primaryimage"},"image":{"@id":"https:\/\/trgovina.pasjauniverza.si\/product\/doggy-joy-kosti-z-racjim-mesom-za-majhne-pasme-psov-55-g\/#primaryimage"},"thumbnailUrl":"https:\/\/trgovina.pasjauniverza.si\/wp-content\/uploads\/2026\/03\/Racje_mesne_kosti_za_majhne_pasme_psov-removebg-preview.png","datePublished":"2026-03-13T11:13:12+00:00","dateModified":"2026-03-18T09:59:27+00:00","description":"Doggy Joy Kosti z ra\u010djim mesom za majhne pasme psov.","breadcrumb":{"@id":"https:\/\/trgovina.pasjauniverza.si\/product\/doggy-joy-kosti-z-racjim-mesom-za-majhne-pasme-psov-55-g\/#breadcrumb"},"inLanguage":"en-US","potentialAction":[{"@type":"ReadAction","target":["https:\/\/trgovina.pasjauniverza.si\/product\/doggy-joy-kosti-z-racjim-mesom-za-majhne-pasme-psov-55-g\/"]}]},{"@type":"ImageObject","inLanguage":"en-US","@id":"https:\/\/trgovina.pasjauniverza.si\/product\/doggy-joy-kosti-z-racjim-mesom-za-majhne-pasme-psov-55-g\/#primaryimage","url":"https:\/\/trgovina.pasjauniverza.si\/wp-content\/uploads\/2026\/03\/Racje_mesne_kosti_za_majhne_pasme_psov-removebg-preview.png","contentUrl":"https:\/\/trgovina.pasjauniverza.si\/wp-content\/uploads\/2026\/03\/Racje_mesne_kosti_za_majhne_pasme_psov-removebg-preview.png","width":346,"height":400,"caption":"Ra\u010dje_mesne_kosti_za_majhne_pasme_psov"},{"@type":"BreadcrumbList","@id":"https:\/\/trgovina.pasjauniverza.si\/product\/doggy-joy-kosti-z-racjim-mesom-za-majhne-pasme-psov-55-g\/#breadcrumb","itemListElement":[{"@type":"ListItem","position":1,"name":"Home","item":"https:\/\/trgovina.pasjauniverza.si\/"},{"@type":"ListItem","position":2,"name":"Trgovina","item":"https:\/\/trgovina.pasjauniverza.si\/trgovina\/"},{"@type":"ListItem","position":3,"name":"Doggy Joy Kosti z ra\u010djim mesom za majhne pasme psov (55 g)"}]},{"@type":"WebSite","@id":"https:\/\/trgovina.pasjauniverza.si\/#website","url":"https:\/\/trgovina.pasjauniverza.si\/","name":"Trgovina Pasja Univerza","description":"pasja univerza trgovina","publisher":{"@id":"https:\/\/trgovina.pasjauniverza.si\/#organization"},"potentialAction":[{"@type":"SearchAction","target":{"@type":"EntryPoint","urlTemplate":"https:\/\/trgovina.pasjauniverza.si\/?s={search_term_string}"},"query-input":{"@type":"PropertyValueSpecification","valueRequired":true,"valueName":"search_term_string"}}],"inLanguage":"en-US"},{"@type":"Organization","@id":"https:\/\/trgovina.pasjauniverza.si\/#organization","name":"Trgovina Pasja Univerza","url":"https:\/\/trgovina.pasjauniverza.si\/","logo":{"@type":"ImageObject","inLanguage":"en-US","@id":"https:\/\/trgovina.pasjauniverza.si\/#\/schema\/logo\/image\/","url":"https:\/\/trgovina.pasjauniverza.si\/wp-content\/uploads\/2024\/08\/cropped-logotipi-vector-04.png","contentUrl":"https:\/\/trgovina.pasjauniverza.si\/wp-content\/uploads\/2024\/08\/cropped-logotipi-vector-04.png","width":942,"height":908,"caption":"Trgovina Pasja Univerza"},"image":{"@id":"https:\/\/trgovina.pasjauniverza.si\/#\/schema\/logo\/image\/"}}]}},"uagb_featured_image_src":{"full":["https:\/\/trgovina.pasjauniverza.si\/wp-content\/uploads\/2026\/03\/Racje_mesne_kosti_za_majhne_pasme_psov-removebg-preview.png",346,400,false],"thumbnail":["https:\/\/trgovina.pasjauniverza.si\/wp-content\/uploads\/2026\/03\/Racje_mesne_kosti_za_majhne_pasme_psov-removebg-preview-150x150.png",150,150,true],"medium":["https:\/\/trgovina.pasjauniverza.si\/wp-content\/uploads\/2026\/03\/Racje_mesne_kosti_za_majhne_pasme_psov-removebg-preview-260x300.png",260,300,true],"medium_large":["https:\/\/trgovina.pasjauniverza.si\/wp-content\/uploads\/2026\/03\/Racje_mesne_kosti_za_majhne_pasme_psov-removebg-preview.png",346,400,false],"large":["https:\/\/trgovina.pasjauniverza.si\/wp-content\/uploads\/2026\/03\/Racje_mesne_kosti_za_majhne_pasme_psov-removebg-preview.png",346,400,false],"1536x1536":["https:\/\/trgovina.pasjauniverza.si\/wp-content\/uploads\/2026\/03\/Racje_mesne_kosti_za_majhne_pasme_psov-removebg-preview.png",346,400,false],"2048x2048":["https:\/\/trgovina.pasjauniverza.si\/wp-content\/uploads\/2026\/03\/Racje_mesne_kosti_za_majhne_pasme_psov-removebg-preview.png",346,400,false],"trp-custom-language-flag":["https:\/\/trgovina.pasjauniverza.si\/wp-content\/uploads\/2026\/03\/Racje_mesne_kosti_za_majhne_pasme_psov-removebg-preview-10x12.png",10,12,true],"woocommerce_thumbnail":["https:\/\/trgovina.pasjauniverza.si\/wp-content\/uploads\/2026\/03\/Racje_mesne_kosti_za_majhne_pasme_psov-removebg-preview-300x300.png",300,300,true],"woocommerce_single":["https:\/\/trgovina.pasjauniverza.si\/wp-content\/uploads\/2026\/03\/Racje_mesne_kosti_za_majhne_pasme_psov-removebg-preview.png",346,400,false],"woocommerce_gallery_thumbnail":["https:\/\/trgovina.pasjauniverza.si\/wp-content\/uploads\/2026\/03\/Racje_mesne_kosti_za_majhne_pasme_psov-removebg-preview-100x100.png",100,100,true]},"uagb_author_info":{"display_name":"Karmen Grubeli\u0107, dr.vet.med.","author_link":"https:\/\/trgovina.pasjauniverza.si\/en\/author\/"},"uagb_comment_info":0,"uagb_excerpt":"Okusen pribolj\u0161ek, ki zdru\u017euje \u017eve\u010dljivo kost in slasten ovoj iz ra\u010djega mesa. Ta kombinacija psu ponuja odli\u010den okus, hkrati pa spodbuja \u017eve\u010denje in pomaga mehansko \u010distiti zobe med grizenjem.","jetpack_sharing_enabled":true,"_links":{"self":[{"href":"https:\/\/trgovina.pasjauniverza.si\/en\/wp-json\/wp\/v2\/product\/17281","targetHints":{"allow":["GET"]}}],"collection":[{"href":"https:\/\/trgovina.pasjauniverza.si\/en\/wp-json\/wp\/v2\/product"}],"about":[{"href":"https:\/\/trgovina.pasjauniverza.si\/en\/wp-json\/wp\/v2\/types\/product"}],"replies":[{"embeddable":true,"href":"https:\/\/trgovina.pasjauniverza.si\/en\/wp-json\/wp\/v2\/comments?post=17281"}],"wp:featuredmedia":[{"embeddable":true,"href":"https:\/\/trgovina.pasjauniverza.si\/en\/wp-json\/wp\/v2\/media\/17271"}],"wp:attachment":[{"href":"https:\/\/trgovina.pasjauniverza.si\/en\/wp-json\/wp\/v2\/media?parent=17281"}],"wp:term":[{"taxonomy":"product_brand","embeddable":true,"href":"https:\/\/trgovina.pasjauniverza.si\/en\/wp-json\/wp\/v2\/product_brand?post=17281"},{"taxonomy":"product_cat","embeddable":true,"href":"https:\/\/trgovina.pasjauniverza.si\/en\/wp-json\/wp\/v2\/product_cat?post=17281"},{"taxonomy":"product_tag","embeddable":true,"href":"https:\/\/trgovina.pasjauniverza.si\/en\/wp-json\/wp\/v2\/product_tag?post=17281"}],"curies":[{"name":"wp","href":"https:\/\/api.w.org\/{rel}","templated":true}]}}