
{"id":16929,"date":"2026-02-05T14:38:47","date_gmt":"2026-02-05T14:38:47","guid":{"rendered":"https:\/\/trgovina.pasjauniverza.si\/?post_type=product&#038;p=16929"},"modified":"2026-04-15T10:19:43","modified_gmt":"2026-04-15T10:19:43","slug":"canident-oral-spray-sprej-za-zobne-obloge-psov-100ml","status":"publish","type":"product","link":"https:\/\/trgovina.pasjauniverza.si\/en\/product\/canident-oral-spray-sprej-za-zobne-obloge-psov-100ml\/","title":{"rendered":"Canident Oral Spray \u2013 sprej za zobne obloge psov (100ml)"},"content":{"rendered":"<h4 data-start=\"247\" data-end=\"314\">Ne\u017ena podpora zdravju dlesni, zob in sve\u017eemu zadahu BREZ morskih alg (brez joda). Priporo\u010dena za pse, ki imajo te\u017eave s \u0161\u010ditnico.<\/h4>\n<p>&nbsp;<\/p>\n<h3 data-start=\"321\" data-end=\"362\">Ko \u017eeli\u0161 vsakodnevno nego brez stresa<\/h3>\n<p data-start=\"363\" data-end=\"580\">Redna ustna higiena je klju\u010dna za zdravje psa, vendar \u0161\u010detkanje zob ni vedno enostavno ali sprejeto. Agresivni izdelki lahko dra\u017eijo dlesni, medtem ko nepravilna nega pogosto vodi v zobne obloge, slab zadah in vnetja.<\/p>\n<p data-start=\"582\" data-end=\"737\"><strong data-start=\"582\" data-end=\"607\">Canident oralni sprej<\/strong> je priro\u010dna in ne\u017ena re\u0161itev za vsakodnevno podporo ustni higieni \u2013 brez joda, brez abrazivnih sestavin in brez agresivne kemije.<\/p>\n<hr data-start=\"739\" data-end=\"742\" \/>\n<h2 data-start=\"744\" data-end=\"774\">Kaj ta oralni sprej omogo\u010da?<\/h2>\n<ul data-start=\"775\" data-end=\"1004\">\n<li data-start=\"775\" data-end=\"849\">\n<p data-start=\"777\" data-end=\"849\">podporo obvladovanju zobnih oblog in zobnega kamna v okviru redne nege<\/p>\n<\/li>\n<li data-start=\"850\" data-end=\"880\">\n<p data-start=\"852\" data-end=\"880\">naravno osve\u017eevanje zadaha<\/p>\n<\/li>\n<li data-start=\"881\" data-end=\"921\">\n<p data-start=\"883\" data-end=\"921\">pomirjanje in podporo zdravju dlesni<\/p>\n<\/li>\n<li data-start=\"922\" data-end=\"967\">\n<p data-start=\"924\" data-end=\"967\">vzdr\u017eevanje uravnote\u017eenega ustnega okolja<\/p>\n<\/li>\n<li data-start=\"968\" data-end=\"1004\">\n<p data-start=\"970\" data-end=\"1004\">enostavno uporabo brez \u0161\u010detkanja<\/p>\n<\/li>\n<\/ul>\n<hr data-start=\"1006\" data-end=\"1009\" \/>\n<h2 data-start=\"1011\" data-end=\"1053\">Zakaj je Canident oralni sprej druga\u010den?<\/h2>\n<ul data-start=\"1054\" data-end=\"1299\">\n<li data-start=\"1054\" data-end=\"1076\">\n<p data-start=\"1056\" data-end=\"1076\">formula brez joda ( brez morskih alg)<\/p>\n<\/li>\n<li data-start=\"1077\" data-end=\"1134\">\n<p data-start=\"1079\" data-end=\"1134\">rastlinske sestavine, primerne za vsakodnevno uporabo<\/p>\n<\/li>\n<li data-start=\"1135\" data-end=\"1169\">\n<p data-start=\"1137\" data-end=\"1169\">neabraziven in ne\u017een do dlesni<\/p>\n<\/li>\n<li data-start=\"1170\" data-end=\"1221\">\n<p data-start=\"1172\" data-end=\"1221\">primeren tudi za pse, ki ne prena\u0161ajo \u0161\u010detkanja<\/p>\n<\/li>\n<li data-start=\"1222\" data-end=\"1299\">\n<p data-start=\"1224\" data-end=\"1299\">lahko se uporablja samostojno ali v kombinaciji s Canident algnim pra\u0161kom<\/p>\n<\/li>\n<\/ul>\n<hr data-start=\"1301\" data-end=\"1304\" \/>\n<h2 data-start=\"1306\" data-end=\"1354\">Klju\u010dne rastlinske sestavine in njihov u\u010dinek<\/h2>\n<ul data-start=\"1355\" data-end=\"1673\">\n<li data-start=\"1355\" data-end=\"1417\">\n<p data-start=\"1357\" data-end=\"1417\">Aloe vera \u2013 pomirja dlesni in podpira njihovo regeneracijo<\/p>\n<\/li>\n<li data-start=\"1418\" data-end=\"1480\">\n<p data-start=\"1420\" data-end=\"1480\">Ognji\u010d (Calendula) \u2013 protivnetna podpora in za\u0161\u010dita dlesni<\/p>\n<\/li>\n<li data-start=\"1481\" data-end=\"1544\">\n<p data-start=\"1483\" data-end=\"1544\">\u017dajbelj \u2013 tradicionalno uporabljen za podporo ustni higieni<\/p>\n<\/li>\n<li data-start=\"1545\" data-end=\"1596\">\n<p data-start=\"1547\" data-end=\"1596\">Mira \u2013 podpira zdravje dlesni in ustnega okolja<\/p>\n<\/li>\n<li data-start=\"1597\" data-end=\"1673\">\n<p data-start=\"1599\" data-end=\"1673\">Poprova meta \u2013 naravno osve\u017euje zadah in izbolj\u0161uje sprejemljivost okusa<\/p>\n<\/li>\n<\/ul>\n<hr data-start=\"1675\" data-end=\"1678\" \/>\n<h2 data-start=\"1680\" data-end=\"1713\">Zakaj skrbniki prisegajo nanj?<\/h2>\n<ul data-start=\"1714\" data-end=\"1890\">\n<li data-start=\"1714\" data-end=\"1744\">\n<p data-start=\"1716\" data-end=\"1744\">enostavna in hitra uporaba<\/p>\n<\/li>\n<li data-start=\"1745\" data-end=\"1777\">\n<p data-start=\"1747\" data-end=\"1777\">primeren za vsakodnevno nego<\/p>\n<\/li>\n<li data-start=\"1778\" data-end=\"1814\">\n<p data-start=\"1780\" data-end=\"1814\">brez joda in agresivnih sestavin<\/p>\n<\/li>\n<li data-start=\"1815\" data-end=\"1848\">\n<p data-start=\"1817\" data-end=\"1848\">primeren za pse vseh starosti<\/p>\n<\/li>\n<li data-start=\"1849\" data-end=\"1890\">\n<p data-start=\"1851\" data-end=\"1890\">odli\u010den dodatek k celostni zobni negi<\/p>\n<\/li>\n<\/ul>\n<hr data-start=\"1892\" data-end=\"1895\" \/>\n<h2 data-start=\"1897\" data-end=\"1919\">Navodila za uporabo<\/h2>\n<ul data-start=\"1920\" data-end=\"2144\">\n<li data-start=\"1920\" data-end=\"1969\">\n<p data-start=\"1922\" data-end=\"1969\">Sprej razpr\u0161ite neposredno na zobe in dlesni 2x\/dan.<\/p>\n<\/li>\n<li data-start=\"1970\" data-end=\"2023\">\n<p data-start=\"1972\" data-end=\"2023\">Uporabljajte po potrebi kot del redne ustne nege.<\/p>\n<\/li>\n<li data-start=\"2024\" data-end=\"2060\">\n<p data-start=\"2026\" data-end=\"2060\">Primeren za vsakodnevno uporabo.<\/p>\n<\/li>\n<li data-start=\"2061\" data-end=\"2144\">\n<p data-start=\"2063\" data-end=\"2144\">Za najbolj\u0161e rezultate uporabljajte dosledno in glede na potrebe posameznega psa, a ne manj kot 15 tednov.<\/p>\n<\/li>\n<\/ul>\n<hr data-start=\"2146\" data-end=\"2149\" \/>\n<h2 data-start=\"2151\" data-end=\"2163\">Sestavine<\/h2>\n<p data-start=\"2164\" data-end=\"2380\">Izvle\u010dek listov aloe vere (Aloe barbadensis), izvle\u010dek ognji\u010da (Calendula officinalis), izvle\u010dek \u017eajblja (Salvia officinalis), eteri\u010dno olje poprove mete (Mentha piperita), izvle\u010dek mire (Commiphora myrrha), alkohol<\/p>","protected":false},"excerpt":{"rendered":"<p>Canident oralni sprej je ne\u017ena, rastlinska in priro\u010dna re\u0161itev za vsakodnevno podporo ustni higieni psov. Izdelek NE VSEBUJE morskih alg (joda), zato je primeren tudi za pse, ki imajo te\u017eave s \u0161\u010ditnico.<\/p>\n<p>Pomaga ohranjati \u010distej\u0161e zobe, zdrave dlesni in sve\u017e zadah \u2013 brez stresa in brez agresivnih sestavin.<\/p>","protected":false},"featured_media":16952,"comment_status":"open","ping_status":"closed","template":"","meta":{"_acf_changed":false,"_uag_custom_page_level_css":"","site-sidebar-layout":"default","site-content-layout":"","ast-site-content-layout":"default","site-content-style":"default","site-sidebar-style":"default","ast-global-header-display":"","ast-banner-title-visibility":"","ast-main-header-display":"","ast-hfb-above-header-display":"","ast-hfb-below-header-display":"","ast-hfb-mobile-header-display":"","site-post-title":"","ast-breadcrumbs-content":"","ast-featured-img":"","footer-sml-layout":"","ast-disable-related-posts":"","theme-transparent-header-meta":"default","adv-header-id-meta":"","stick-header-meta":"","header-above-stick-meta":"","header-main-stick-meta":"","header-below-stick-meta":"","astra-migrate-meta-layouts":"set","ast-page-background-enabled":"default","ast-page-background-meta":{"desktop":{"background-color":"","background-image":"","background-repeat":"repeat","background-position":"center center","background-size":"auto","background-attachment":"scroll","background-type":"","background-media":"","overlay-type":"","overlay-color":"","overlay-opacity":"","overlay-gradient":""},"tablet":{"background-color":"","background-image":"","background-repeat":"repeat","background-position":"center center","background-size":"auto","background-attachment":"scroll","background-type":"","background-media":"","overlay-type":"","overlay-color":"","overlay-opacity":"","overlay-gradient":""},"mobile":{"background-color":"","background-image":"","background-repeat":"repeat","background-position":"center center","background-size":"auto","background-attachment":"scroll","background-type":"","background-media":"","overlay-type":"","overlay-color":"","overlay-opacity":"","overlay-gradient":""}},"ast-content-background-meta":{"desktop":{"background-color":"var(--ast-global-color-5)","background-image":"","background-repeat":"repeat","background-position":"center center","background-size":"auto","background-attachment":"scroll","background-type":"","background-media":"","overlay-type":"","overlay-color":"","overlay-opacity":"","overlay-gradient":""},"tablet":{"background-color":"var(--ast-global-color-5)","background-image":"","background-repeat":"repeat","background-position":"center center","background-size":"auto","background-attachment":"scroll","background-type":"","background-media":"","overlay-type":"","overlay-color":"","overlay-opacity":"","overlay-gradient":""},"mobile":{"background-color":"var(--ast-global-color-5)","background-image":"","background-repeat":"repeat","background-position":"center center","background-size":"auto","background-attachment":"scroll","background-type":"","background-media":"","overlay-type":"","overlay-color":"","overlay-opacity":"","overlay-gradient":""}}},"product_brand":[],"product_cat":[770,94,763,420,723,18,736],"product_tag":[774,772,777,775,776,172,773,147,771],"class_list":{"0":"post-16929","1":"product","2":"type-product","3":"status-publish","4":"has-post-thumbnail","6":"product_cat-akcije","7":"product_cat-nega","8":"product_cat-nega-zob","9":"product_cat-prehranski-dodatki-za-pse","10":"product_cat-psi","11":"product_cat-vsi-izdelki","12":"product_cat-zobje-in-dlesni","13":"product_tag-alge","14":"product_tag-belizobje","15":"product_tag-negazob","16":"product_tag-scetkanjezob","17":"product_tag-scetkazapsa","18":"product_tag-sprej","19":"product_tag-zdravadlesen","20":"product_tag-zobje","21":"product_tag-zobne-obloge","22":"desktop-align-center","23":"tablet-align-center","24":"mobile-align-center","26":"first","27":"instock","28":"shipping-taxable","29":"purchasable","30":"product-type-simple"},"acf":[],"yoast_head":"<!-- This site is optimized with the Yoast SEO plugin v27.4 - https:\/\/yoast.com\/product\/yoast-seo-wordpress\/ -->\n<title>Canident Oral Spray \u2013 sprej za zobne obloge psov (100ml) - Trgovina Pasja Univerza<\/title>\n<meta name=\"description\" content=\"Canident \u2013 sprej za zobne obloge psov brez morskih alg (joda).\" \/>\n<meta name=\"robots\" content=\"index, follow, max-snippet:-1, max-image-preview:large, max-video-preview:-1\" \/>\n<link rel=\"canonical\" href=\"https:\/\/trgovina.pasjauniverza.si\/en\/product\/canident-oral-spray-sprej-za-zobne-obloge-psov-100ml\/\" \/>\n<meta property=\"og:locale\" content=\"en_US\" \/>\n<meta property=\"og:type\" content=\"article\" \/>\n<meta property=\"og:title\" content=\"Canident Oral Spray \u2013 sprej za zobne obloge psov (100ml) - Trgovina Pasja Univerza\" \/>\n<meta property=\"og:description\" content=\"Canident \u2013 sprej za zobne obloge psov brez morskih alg (joda).\" \/>\n<meta property=\"og:url\" content=\"https:\/\/trgovina.pasjauniverza.si\/en\/product\/canident-oral-spray-sprej-za-zobne-obloge-psov-100ml\/\" \/>\n<meta property=\"og:site_name\" content=\"Trgovina Pasja Univerza\" \/>\n<meta property=\"article:modified_time\" content=\"2026-04-15T10:19:43+00:00\" \/>\n<meta property=\"og:image\" content=\"https:\/\/trgovina.pasjauniverza.si\/wp-content\/uploads\/2026\/02\/spray-product-shot_ff08b1e6-6803-4288-a46c-0ae154240951.webp\" \/>\n\t<meta property=\"og:image:width\" content=\"1080\" \/>\n\t<meta property=\"og:image:height\" content=\"1080\" \/>\n\t<meta property=\"og:image:type\" content=\"image\/webp\" \/>\n<meta name=\"twitter:card\" content=\"summary_large_image\" \/>\n<meta name=\"twitter:label1\" content=\"Est. reading time\" \/>\n\t<meta name=\"twitter:data1\" content=\"2 minutes\" \/>\n<script type=\"application\/ld+json\" class=\"yoast-schema-graph\">{\"@context\":\"https:\\\/\\\/schema.org\",\"@graph\":[{\"@type\":\"WebPage\",\"@id\":\"https:\\\/\\\/trgovina.pasjauniverza.si\\\/product\\\/canident-oral-spray-sprej-za-zobne-obloge-psov-100ml\\\/\",\"url\":\"https:\\\/\\\/trgovina.pasjauniverza.si\\\/product\\\/canident-oral-spray-sprej-za-zobne-obloge-psov-100ml\\\/\",\"name\":\"Canident Oral Spray \u2013 sprej za zobne obloge psov (100ml) - Trgovina Pasja Univerza\",\"isPartOf\":{\"@id\":\"https:\\\/\\\/trgovina.pasjauniverza.si\\\/#website\"},\"primaryImageOfPage\":{\"@id\":\"https:\\\/\\\/trgovina.pasjauniverza.si\\\/product\\\/canident-oral-spray-sprej-za-zobne-obloge-psov-100ml\\\/#primaryimage\"},\"image\":{\"@id\":\"https:\\\/\\\/trgovina.pasjauniverza.si\\\/product\\\/canident-oral-spray-sprej-za-zobne-obloge-psov-100ml\\\/#primaryimage\"},\"thumbnailUrl\":\"https:\\\/\\\/trgovina.pasjauniverza.si\\\/wp-content\\\/uploads\\\/2026\\\/02\\\/spray-product-shot_ff08b1e6-6803-4288-a46c-0ae154240951.webp\",\"datePublished\":\"2026-02-05T14:38:47+00:00\",\"dateModified\":\"2026-04-15T10:19:43+00:00\",\"description\":\"Canident \u2013 sprej za zobne obloge psov brez morskih alg (joda).\",\"breadcrumb\":{\"@id\":\"https:\\\/\\\/trgovina.pasjauniverza.si\\\/product\\\/canident-oral-spray-sprej-za-zobne-obloge-psov-100ml\\\/#breadcrumb\"},\"inLanguage\":\"en-US\",\"potentialAction\":[{\"@type\":\"ReadAction\",\"target\":[\"https:\\\/\\\/trgovina.pasjauniverza.si\\\/product\\\/canident-oral-spray-sprej-za-zobne-obloge-psov-100ml\\\/\"]}]},{\"@type\":\"ImageObject\",\"inLanguage\":\"en-US\",\"@id\":\"https:\\\/\\\/trgovina.pasjauniverza.si\\\/product\\\/canident-oral-spray-sprej-za-zobne-obloge-psov-100ml\\\/#primaryimage\",\"url\":\"https:\\\/\\\/trgovina.pasjauniverza.si\\\/wp-content\\\/uploads\\\/2026\\\/02\\\/spray-product-shot_ff08b1e6-6803-4288-a46c-0ae154240951.webp\",\"contentUrl\":\"https:\\\/\\\/trgovina.pasjauniverza.si\\\/wp-content\\\/uploads\\\/2026\\\/02\\\/spray-product-shot_ff08b1e6-6803-4288-a46c-0ae154240951.webp\",\"width\":1080,\"height\":1080,\"caption\":\"canident sprej za zobe\"},{\"@type\":\"BreadcrumbList\",\"@id\":\"https:\\\/\\\/trgovina.pasjauniverza.si\\\/product\\\/canident-oral-spray-sprej-za-zobne-obloge-psov-100ml\\\/#breadcrumb\",\"itemListElement\":[{\"@type\":\"ListItem\",\"position\":1,\"name\":\"Home\",\"item\":\"https:\\\/\\\/trgovina.pasjauniverza.si\\\/\"},{\"@type\":\"ListItem\",\"position\":2,\"name\":\"Trgovina\",\"item\":\"https:\\\/\\\/trgovina.pasjauniverza.si\\\/trgovina\\\/\"},{\"@type\":\"ListItem\",\"position\":3,\"name\":\"Canident Oral Spray \u2013 sprej za zobne obloge psov (100ml)\"}]},{\"@type\":\"WebSite\",\"@id\":\"https:\\\/\\\/trgovina.pasjauniverza.si\\\/#website\",\"url\":\"https:\\\/\\\/trgovina.pasjauniverza.si\\\/\",\"name\":\"Trgovina Pasja Univerza\",\"description\":\"pasja univerza trgovina\",\"publisher\":{\"@id\":\"https:\\\/\\\/trgovina.pasjauniverza.si\\\/#organization\"},\"potentialAction\":[{\"@type\":\"SearchAction\",\"target\":{\"@type\":\"EntryPoint\",\"urlTemplate\":\"https:\\\/\\\/trgovina.pasjauniverza.si\\\/?s={search_term_string}\"},\"query-input\":{\"@type\":\"PropertyValueSpecification\",\"valueRequired\":true,\"valueName\":\"search_term_string\"}}],\"inLanguage\":\"en-US\"},{\"@type\":\"Organization\",\"@id\":\"https:\\\/\\\/trgovina.pasjauniverza.si\\\/#organization\",\"name\":\"Trgovina Pasja Univerza\",\"url\":\"https:\\\/\\\/trgovina.pasjauniverza.si\\\/\",\"logo\":{\"@type\":\"ImageObject\",\"inLanguage\":\"en-US\",\"@id\":\"https:\\\/\\\/trgovina.pasjauniverza.si\\\/#\\\/schema\\\/logo\\\/image\\\/\",\"url\":\"https:\\\/\\\/trgovina.pasjauniverza.si\\\/wp-content\\\/uploads\\\/2024\\\/08\\\/cropped-logotipi-vector-04.png\",\"contentUrl\":\"https:\\\/\\\/trgovina.pasjauniverza.si\\\/wp-content\\\/uploads\\\/2024\\\/08\\\/cropped-logotipi-vector-04.png\",\"width\":942,\"height\":908,\"caption\":\"Trgovina Pasja Univerza\"},\"image\":{\"@id\":\"https:\\\/\\\/trgovina.pasjauniverza.si\\\/#\\\/schema\\\/logo\\\/image\\\/\"}}]}<\/script>\n<!-- \/ Yoast SEO plugin. -->","yoast_head_json":{"title":"Canident Oral Spray \u2013 sprej za zobne obloge psov (100ml) - Trgovina Pasja Univerza","description":"Canident \u2013 sprej za zobne obloge psov brez morskih alg (joda).","robots":{"index":"index","follow":"follow","max-snippet":"max-snippet:-1","max-image-preview":"max-image-preview:large","max-video-preview":"max-video-preview:-1"},"canonical":"https:\/\/trgovina.pasjauniverza.si\/en\/product\/canident-oral-spray-sprej-za-zobne-obloge-psov-100ml\/","og_locale":"en_US","og_type":"article","og_title":"Canident Oral Spray \u2013 sprej za zobne obloge psov (100ml) - Trgovina Pasja Univerza","og_description":"Canident \u2013 sprej za zobne obloge psov brez morskih alg (joda).","og_url":"https:\/\/trgovina.pasjauniverza.si\/en\/product\/canident-oral-spray-sprej-za-zobne-obloge-psov-100ml\/","og_site_name":"Trgovina Pasja Univerza","article_modified_time":"2026-04-15T10:19:43+00:00","og_image":[{"width":1080,"height":1080,"url":"https:\/\/trgovina.pasjauniverza.si\/wp-content\/uploads\/2026\/02\/spray-product-shot_ff08b1e6-6803-4288-a46c-0ae154240951.webp","type":"image\/webp"}],"twitter_card":"summary_large_image","twitter_misc":{"Est. reading time":"2 minutes"},"schema":{"@context":"https:\/\/schema.org","@graph":[{"@type":"WebPage","@id":"https:\/\/trgovina.pasjauniverza.si\/product\/canident-oral-spray-sprej-za-zobne-obloge-psov-100ml\/","url":"https:\/\/trgovina.pasjauniverza.si\/product\/canident-oral-spray-sprej-za-zobne-obloge-psov-100ml\/","name":"Canident Oral Spray \u2013 sprej za zobne obloge psov (100ml) - Trgovina Pasja Univerza","isPartOf":{"@id":"https:\/\/trgovina.pasjauniverza.si\/#website"},"primaryImageOfPage":{"@id":"https:\/\/trgovina.pasjauniverza.si\/product\/canident-oral-spray-sprej-za-zobne-obloge-psov-100ml\/#primaryimage"},"image":{"@id":"https:\/\/trgovina.pasjauniverza.si\/product\/canident-oral-spray-sprej-za-zobne-obloge-psov-100ml\/#primaryimage"},"thumbnailUrl":"https:\/\/trgovina.pasjauniverza.si\/wp-content\/uploads\/2026\/02\/spray-product-shot_ff08b1e6-6803-4288-a46c-0ae154240951.webp","datePublished":"2026-02-05T14:38:47+00:00","dateModified":"2026-04-15T10:19:43+00:00","description":"Canident \u2013 sprej za zobne obloge psov brez morskih alg (joda).","breadcrumb":{"@id":"https:\/\/trgovina.pasjauniverza.si\/product\/canident-oral-spray-sprej-za-zobne-obloge-psov-100ml\/#breadcrumb"},"inLanguage":"en-US","potentialAction":[{"@type":"ReadAction","target":["https:\/\/trgovina.pasjauniverza.si\/product\/canident-oral-spray-sprej-za-zobne-obloge-psov-100ml\/"]}]},{"@type":"ImageObject","inLanguage":"en-US","@id":"https:\/\/trgovina.pasjauniverza.si\/product\/canident-oral-spray-sprej-za-zobne-obloge-psov-100ml\/#primaryimage","url":"https:\/\/trgovina.pasjauniverza.si\/wp-content\/uploads\/2026\/02\/spray-product-shot_ff08b1e6-6803-4288-a46c-0ae154240951.webp","contentUrl":"https:\/\/trgovina.pasjauniverza.si\/wp-content\/uploads\/2026\/02\/spray-product-shot_ff08b1e6-6803-4288-a46c-0ae154240951.webp","width":1080,"height":1080,"caption":"canident sprej za zobe"},{"@type":"BreadcrumbList","@id":"https:\/\/trgovina.pasjauniverza.si\/product\/canident-oral-spray-sprej-za-zobne-obloge-psov-100ml\/#breadcrumb","itemListElement":[{"@type":"ListItem","position":1,"name":"Home","item":"https:\/\/trgovina.pasjauniverza.si\/"},{"@type":"ListItem","position":2,"name":"Trgovina","item":"https:\/\/trgovina.pasjauniverza.si\/trgovina\/"},{"@type":"ListItem","position":3,"name":"Canident Oral Spray \u2013 sprej za zobne obloge psov (100ml)"}]},{"@type":"WebSite","@id":"https:\/\/trgovina.pasjauniverza.si\/#website","url":"https:\/\/trgovina.pasjauniverza.si\/","name":"Trgovina Pasja Univerza","description":"pasja univerza trgovina","publisher":{"@id":"https:\/\/trgovina.pasjauniverza.si\/#organization"},"potentialAction":[{"@type":"SearchAction","target":{"@type":"EntryPoint","urlTemplate":"https:\/\/trgovina.pasjauniverza.si\/?s={search_term_string}"},"query-input":{"@type":"PropertyValueSpecification","valueRequired":true,"valueName":"search_term_string"}}],"inLanguage":"en-US"},{"@type":"Organization","@id":"https:\/\/trgovina.pasjauniverza.si\/#organization","name":"Trgovina Pasja Univerza","url":"https:\/\/trgovina.pasjauniverza.si\/","logo":{"@type":"ImageObject","inLanguage":"en-US","@id":"https:\/\/trgovina.pasjauniverza.si\/#\/schema\/logo\/image\/","url":"https:\/\/trgovina.pasjauniverza.si\/wp-content\/uploads\/2024\/08\/cropped-logotipi-vector-04.png","contentUrl":"https:\/\/trgovina.pasjauniverza.si\/wp-content\/uploads\/2024\/08\/cropped-logotipi-vector-04.png","width":942,"height":908,"caption":"Trgovina Pasja Univerza"},"image":{"@id":"https:\/\/trgovina.pasjauniverza.si\/#\/schema\/logo\/image\/"}}]}},"uagb_featured_image_src":{"full":["https:\/\/trgovina.pasjauniverza.si\/wp-content\/uploads\/2026\/02\/spray-product-shot_ff08b1e6-6803-4288-a46c-0ae154240951.webp",1080,1080,false],"thumbnail":["https:\/\/trgovina.pasjauniverza.si\/wp-content\/uploads\/2026\/02\/spray-product-shot_ff08b1e6-6803-4288-a46c-0ae154240951-150x150.webp",150,150,true],"medium":["https:\/\/trgovina.pasjauniverza.si\/wp-content\/uploads\/2026\/02\/spray-product-shot_ff08b1e6-6803-4288-a46c-0ae154240951-300x300.webp",300,300,true],"medium_large":["https:\/\/trgovina.pasjauniverza.si\/wp-content\/uploads\/2026\/02\/spray-product-shot_ff08b1e6-6803-4288-a46c-0ae154240951-768x768.webp",768,768,true],"large":["https:\/\/trgovina.pasjauniverza.si\/wp-content\/uploads\/2026\/02\/spray-product-shot_ff08b1e6-6803-4288-a46c-0ae154240951-1024x1024.webp",1024,1024,true],"1536x1536":["https:\/\/trgovina.pasjauniverza.si\/wp-content\/uploads\/2026\/02\/spray-product-shot_ff08b1e6-6803-4288-a46c-0ae154240951.webp",1080,1080,false],"2048x2048":["https:\/\/trgovina.pasjauniverza.si\/wp-content\/uploads\/2026\/02\/spray-product-shot_ff08b1e6-6803-4288-a46c-0ae154240951.webp",1080,1080,false],"trp-custom-language-flag":["https:\/\/trgovina.pasjauniverza.si\/wp-content\/uploads\/2026\/02\/spray-product-shot_ff08b1e6-6803-4288-a46c-0ae154240951-12x12.webp",12,12,true],"woocommerce_thumbnail":["https:\/\/trgovina.pasjauniverza.si\/wp-content\/uploads\/2026\/02\/spray-product-shot_ff08b1e6-6803-4288-a46c-0ae154240951-300x300.webp",300,300,true],"woocommerce_single":["https:\/\/trgovina.pasjauniverza.si\/wp-content\/uploads\/2026\/02\/spray-product-shot_ff08b1e6-6803-4288-a46c-0ae154240951-600x600.webp",600,600,true],"woocommerce_gallery_thumbnail":["https:\/\/trgovina.pasjauniverza.si\/wp-content\/uploads\/2026\/02\/spray-product-shot_ff08b1e6-6803-4288-a46c-0ae154240951-100x100.webp",100,100,true]},"uagb_author_info":{"display_name":"An\u017ee","author_link":"https:\/\/trgovina.pasjauniverza.si\/en\/author\/"},"uagb_comment_info":0,"uagb_excerpt":"Canident oralni sprej je ne\u017ena, rastlinska in priro\u010dna re\u0161itev za vsakodnevno podporo ustni higieni psov. Izdelek NE VSEBUJE morskih alg (joda), zato je primeren tudi za pse, ki imajo te\u017eave s \u0161\u010ditnico. Pomaga ohranjati \u010distej\u0161e zobe, zdrave dlesni in sve\u017e zadah \u2013 brez stresa in brez agresivnih sestavin.","jetpack_sharing_enabled":true,"_links":{"self":[{"href":"https:\/\/trgovina.pasjauniverza.si\/en\/wp-json\/wp\/v2\/product\/16929","targetHints":{"allow":["GET"]}}],"collection":[{"href":"https:\/\/trgovina.pasjauniverza.si\/en\/wp-json\/wp\/v2\/product"}],"about":[{"href":"https:\/\/trgovina.pasjauniverza.si\/en\/wp-json\/wp\/v2\/types\/product"}],"replies":[{"embeddable":true,"href":"https:\/\/trgovina.pasjauniverza.si\/en\/wp-json\/wp\/v2\/comments?post=16929"}],"wp:featuredmedia":[{"embeddable":true,"href":"https:\/\/trgovina.pasjauniverza.si\/en\/wp-json\/wp\/v2\/media\/16952"}],"wp:attachment":[{"href":"https:\/\/trgovina.pasjauniverza.si\/en\/wp-json\/wp\/v2\/media?parent=16929"}],"wp:term":[{"taxonomy":"product_brand","embeddable":true,"href":"https:\/\/trgovina.pasjauniverza.si\/en\/wp-json\/wp\/v2\/product_brand?post=16929"},{"taxonomy":"product_cat","embeddable":true,"href":"https:\/\/trgovina.pasjauniverza.si\/en\/wp-json\/wp\/v2\/product_cat?post=16929"},{"taxonomy":"product_tag","embeddable":true,"href":"https:\/\/trgovina.pasjauniverza.si\/en\/wp-json\/wp\/v2\/product_tag?post=16929"}],"curies":[{"name":"wp","href":"https:\/\/api.w.org\/{rel}","templated":true}]}}