
{"id":16907,"date":"2026-02-03T20:18:26","date_gmt":"2026-02-03T20:18:26","guid":{"rendered":"https:\/\/trgovina.pasjauniverza.si\/?post_type=product&#038;p=16907"},"modified":"2026-03-18T15:13:04","modified_gmt":"2026-03-18T15:13:04","slug":"essential-dog-cat-bambusova-dvostranska-krtaca","status":"publish","type":"product","link":"https:\/\/trgovina.pasjauniverza.si\/en\/product\/essential-dog-cat-bambusova-dvostranska-krtaca\/","title":{"rendered":"Essential Dog &#038; Cat bambusova dvostranska krta\u010da"},"content":{"rendered":"<h3 data-start=\"219\" data-end=\"278\">Naravna, u\u010dinkovita in ne\u017ena nega dlake za pse in ma\u010dke<\/h3>\n<hr data-start=\"280\" data-end=\"283\" \/>\n<h3 data-start=\"285\" data-end=\"318\">Ko krta\u010denje ni samo estetsko<\/h3>\n<p data-start=\"319\" data-end=\"514\">Redno krta\u010denje ni pomembno le za lep videz dlake, temve\u010d tudi za zdravje ko\u017ee. Pomaga odstranjevati odmrlo dlako, prepre\u010devati vozlanje in enakomerno razporejati naravna za\u0161\u010ditna olja po ko\u017euhu.<\/p>\n<p data-start=\"516\" data-end=\"693\"><strong data-start=\"516\" data-end=\"568\">Essential Dog &amp; Cat bambusova dvostranska krta\u010da<\/strong> je zasnovana kot vsestranski in trajnostni pripomo\u010dek za nego dlake \u2013 primeren za pse in ma\u010dke vseh starosti in tipov dlake.<\/p>\n<hr data-start=\"695\" data-end=\"698\" \/>\n<h2 data-start=\"700\" data-end=\"724\">Kaj ta krta\u010da omogo\u010da<\/h2>\n<ul data-start=\"725\" data-end=\"938\">\n<li data-start=\"725\" data-end=\"772\">\n<p data-start=\"727\" data-end=\"772\">ne\u017eno raz\u010desavanje in odstranjevanje vozlov<\/p>\n<\/li>\n<li data-start=\"773\" data-end=\"821\">\n<p data-start=\"775\" data-end=\"821\">glajenje dlake in dodajanje naravnega sijaja<\/p>\n<\/li>\n<li data-start=\"822\" data-end=\"853\">\n<p data-start=\"824\" data-end=\"853\">spodbujanje zdravega ko\u017euha<\/p>\n<\/li>\n<li data-start=\"854\" data-end=\"898\">\n<p data-start=\"856\" data-end=\"898\">primerna za kratko- in dolgodlake \u017eivali<\/p>\n<\/li>\n<li data-start=\"899\" data-end=\"938\">\n<p data-start=\"901\" data-end=\"938\">udobno uporabo za skrbnika in \u017eival<\/p>\n<\/li>\n<\/ul>\n<hr data-start=\"940\" data-end=\"943\" \/>\n<h2 data-start=\"945\" data-end=\"975\">Zakaj je ta krta\u010da druga\u010dna?<\/h2>\n<ul data-start=\"976\" data-end=\"1188\">\n<li data-start=\"976\" data-end=\"1016\">\n<p data-start=\"978\" data-end=\"1016\">dvostranska zasnova za razli\u010dno nego<\/p>\n<\/li>\n<li data-start=\"1017\" data-end=\"1062\">\n<p data-start=\"1019\" data-end=\"1062\">naravni materiali brez \u0161kodljivih obdelav<\/p>\n<\/li>\n<li data-start=\"1063\" data-end=\"1109\">\n<p data-start=\"1065\" data-end=\"1109\">izdelana iz trajnostno pridelanega bambusa<\/p>\n<\/li>\n<li data-start=\"1110\" data-end=\"1158\">\n<p data-start=\"1112\" data-end=\"1158\">brez pesticidov (obdelava s toploto in vodo)<\/p>\n<\/li>\n<li data-start=\"1159\" data-end=\"1188\">\n<p data-start=\"1161\" data-end=\"1188\">primerna za redno uporabo<\/p>\n<\/li>\n<\/ul>\n<hr data-start=\"1190\" data-end=\"1193\" \/>\n<h2 data-start=\"1195\" data-end=\"1225\">Kako uporabljati obe strani?<\/h2>\n<ul data-start=\"1226\" data-end=\"1387\">\n<li data-start=\"1226\" data-end=\"1307\">\n<p data-start=\"1228\" data-end=\"1307\">kovinski zati\u010di: za ne\u017eno razvozlavanje vozlov in odstranjevanje odmrle dlake<\/p>\n<\/li>\n<li data-start=\"1308\" data-end=\"1387\">\n<p data-start=\"1310\" data-end=\"1387\">veganske \u0161\u010detine: za glajenje dlake in enakomerno porazdelitev naravnih olj<\/p>\n<\/li>\n<\/ul>\n<hr data-start=\"1389\" data-end=\"1392\" \/>\n<h2 data-start=\"1394\" data-end=\"1427\">Zakaj jo skrbniki izberejo?<\/h2>\n<ul data-start=\"1428\" data-end=\"1602\">\n<li data-start=\"1428\" data-end=\"1456\">\n<p data-start=\"1430\" data-end=\"1456\">primerna za pse in ma\u010dke<\/p>\n<\/li>\n<li data-start=\"1457\" data-end=\"1489\">\n<p data-start=\"1459\" data-end=\"1489\">za vse tipe in dol\u017eine dlake<\/p>\n<\/li>\n<li data-start=\"1490\" data-end=\"1530\">\n<p data-start=\"1492\" data-end=\"1530\">trajnostna in okolju prijazna izbira<\/p>\n<\/li>\n<li data-start=\"1531\" data-end=\"1553\">\n<p data-start=\"1533\" data-end=\"1553\">veganski materiali<\/p>\n<\/li>\n<li data-start=\"1554\" data-end=\"1602\">\n<p data-start=\"1556\" data-end=\"1602\">srednje do ve\u010dje velikosti za udoben oprijem<\/p>\n<\/li>\n<\/ul>\n<hr data-start=\"1604\" data-end=\"1607\" \/>\n<h2 data-start=\"1609\" data-end=\"1621\">Materiali<\/h2>\n<p data-start=\"1622\" data-end=\"1672\">Trajnostno pridelan bambus, nerjave\u010de jeklo, guma.<\/p>\n<hr data-start=\"1674\" data-end=\"1677\" \/>\n<h2 data-start=\"1679\" data-end=\"1699\">Pogosta vpra\u0161anja<\/h2>\n<p data-start=\"1700\" data-end=\"1843\"><strong data-start=\"1700\" data-end=\"1745\">Ali je primerna za kratko in dolgo dlako?<\/strong><br data-start=\"1745\" data-end=\"1748\" \/>Da. Dvostranska zasnova omogo\u010da u\u010dinkovito nego tako kratke kot dolge dlake pri psih in ma\u010dkah.<\/p>","protected":false},"excerpt":{"rendered":"<p data-start=\"2199\" data-end=\"2215\">Essential Dog &amp; Cat bambusova dvostranska krta\u010da je naravna, u\u010dinkovita in trajnostna re\u0161itev za redno nego dlake \u2013 ne\u017ena do ko\u017ee, prijazna do okolja in prijetna za uporabo.<\/p>","protected":false},"featured_media":16900,"comment_status":"open","ping_status":"closed","template":"","meta":{"_acf_changed":false,"_uag_custom_page_level_css":"","site-sidebar-layout":"default","site-content-layout":"","ast-site-content-layout":"default","site-content-style":"default","site-sidebar-style":"default","ast-global-header-display":"","ast-banner-title-visibility":"","ast-main-header-display":"","ast-hfb-above-header-display":"","ast-hfb-below-header-display":"","ast-hfb-mobile-header-display":"","site-post-title":"","ast-breadcrumbs-content":"","ast-featured-img":"","footer-sml-layout":"","ast-disable-related-posts":"","theme-transparent-header-meta":"default","adv-header-id-meta":"","stick-header-meta":"","header-above-stick-meta":"","header-main-stick-meta":"","header-below-stick-meta":"","astra-migrate-meta-layouts":"set","ast-page-background-enabled":"default","ast-page-background-meta":{"desktop":{"background-color":"","background-image":"","background-repeat":"repeat","background-position":"center center","background-size":"auto","background-attachment":"scroll","background-type":"","background-media":"","overlay-type":"","overlay-color":"","overlay-opacity":"","overlay-gradient":""},"tablet":{"background-color":"","background-image":"","background-repeat":"repeat","background-position":"center center","background-size":"auto","background-attachment":"scroll","background-type":"","background-media":"","overlay-type":"","overlay-color":"","overlay-opacity":"","overlay-gradient":""},"mobile":{"background-color":"","background-image":"","background-repeat":"repeat","background-position":"center center","background-size":"auto","background-attachment":"scroll","background-type":"","background-media":"","overlay-type":"","overlay-color":"","overlay-opacity":"","overlay-gradient":""}},"ast-content-background-meta":{"desktop":{"background-color":"var(--ast-global-color-5)","background-image":"","background-repeat":"repeat","background-position":"center center","background-size":"auto","background-attachment":"scroll","background-type":"","background-media":"","overlay-type":"","overlay-color":"","overlay-opacity":"","overlay-gradient":""},"tablet":{"background-color":"var(--ast-global-color-5)","background-image":"","background-repeat":"repeat","background-position":"center center","background-size":"auto","background-attachment":"scroll","background-type":"","background-media":"","overlay-type":"","overlay-color":"","overlay-opacity":"","overlay-gradient":""},"mobile":{"background-color":"var(--ast-global-color-5)","background-image":"","background-repeat":"repeat","background-position":"center center","background-size":"auto","background-attachment":"scroll","background-type":"","background-media":"","overlay-type":"","overlay-color":"","overlay-opacity":"","overlay-gradient":""}}},"product_brand":[],"product_cat":[744,958,959,724,94,767,78,723,18],"product_tag":[],"class_list":{"0":"post-16907","1":"product","2":"type-product","3":"status-publish","4":"has-post-thumbnail","6":"product_cat-blagovne-znamke","7":"product_cat-essential-dog","8":"product_cat-essential-dog-blagovne-znamke","9":"product_cat-macke","10":"product_cat-nega","11":"product_cat-nega-dlake","12":"product_cat-oprema","13":"product_cat-psi","14":"product_cat-vsi-izdelki","15":"desktop-align-center","16":"tablet-align-center","17":"mobile-align-center","19":"first","20":"instock","21":"shipping-taxable","22":"purchasable","23":"product-type-simple"},"acf":[],"yoast_head":"<!-- This site is optimized with the Yoast SEO plugin v27.4 - https:\/\/yoast.com\/product\/yoast-seo-wordpress\/ -->\n<title>Essential Dog &amp; Cat bambusova dvostranska krta\u010da - Trgovina Pasja Univerza<\/title>\n<meta name=\"description\" content=\"bambusova dvostranska krta\u010da za pse in ma\u010dke\" \/>\n<meta name=\"robots\" content=\"index, follow, max-snippet:-1, max-image-preview:large, max-video-preview:-1\" \/>\n<link rel=\"canonical\" href=\"https:\/\/trgovina.pasjauniverza.si\/en\/product\/essential-dog-cat-bambusova-dvostranska-krtaca\/\" \/>\n<meta property=\"og:locale\" content=\"en_US\" \/>\n<meta property=\"og:type\" content=\"article\" \/>\n<meta property=\"og:title\" content=\"Essential Dog &amp; Cat bambusova dvostranska krta\u010da - Trgovina Pasja Univerza\" \/>\n<meta property=\"og:description\" content=\"bambusova dvostranska krta\u010da za pse in ma\u010dke\" \/>\n<meta property=\"og:url\" content=\"https:\/\/trgovina.pasjauniverza.si\/en\/product\/essential-dog-cat-bambusova-dvostranska-krtaca\/\" \/>\n<meta property=\"og:site_name\" content=\"Trgovina Pasja Univerza\" \/>\n<meta property=\"article:modified_time\" content=\"2026-03-18T15:13:04+00:00\" \/>\n<meta property=\"og:image\" content=\"https:\/\/trgovina.pasjauniverza.si\/wp-content\/uploads\/2026\/02\/Naravna-bambusova-dvostranska-krtaca-za-pse-in-macke.webp\" \/>\n\t<meta property=\"og:image:width\" content=\"1400\" \/>\n\t<meta property=\"og:image:height\" content=\"1400\" \/>\n\t<meta property=\"og:image:type\" content=\"image\/webp\" \/>\n<meta name=\"twitter:card\" content=\"summary_large_image\" \/>\n<meta name=\"twitter:label1\" content=\"Est. reading time\" \/>\n\t<meta name=\"twitter:data1\" content=\"2 minutes\" \/>\n<script type=\"application\/ld+json\" class=\"yoast-schema-graph\">{\"@context\":\"https:\\\/\\\/schema.org\",\"@graph\":[{\"@type\":\"WebPage\",\"@id\":\"https:\\\/\\\/trgovina.pasjauniverza.si\\\/product\\\/essential-dog-cat-bambusova-dvostranska-krtaca\\\/\",\"url\":\"https:\\\/\\\/trgovina.pasjauniverza.si\\\/product\\\/essential-dog-cat-bambusova-dvostranska-krtaca\\\/\",\"name\":\"Essential Dog & Cat bambusova dvostranska krta\u010da - Trgovina Pasja Univerza\",\"isPartOf\":{\"@id\":\"https:\\\/\\\/trgovina.pasjauniverza.si\\\/#website\"},\"primaryImageOfPage\":{\"@id\":\"https:\\\/\\\/trgovina.pasjauniverza.si\\\/product\\\/essential-dog-cat-bambusova-dvostranska-krtaca\\\/#primaryimage\"},\"image\":{\"@id\":\"https:\\\/\\\/trgovina.pasjauniverza.si\\\/product\\\/essential-dog-cat-bambusova-dvostranska-krtaca\\\/#primaryimage\"},\"thumbnailUrl\":\"https:\\\/\\\/trgovina.pasjauniverza.si\\\/wp-content\\\/uploads\\\/2026\\\/02\\\/Naravna-bambusova-dvostranska-krtaca-za-pse-in-macke.webp\",\"datePublished\":\"2026-02-03T20:18:26+00:00\",\"dateModified\":\"2026-03-18T15:13:04+00:00\",\"description\":\"bambusova dvostranska krta\u010da za pse in ma\u010dke\",\"breadcrumb\":{\"@id\":\"https:\\\/\\\/trgovina.pasjauniverza.si\\\/product\\\/essential-dog-cat-bambusova-dvostranska-krtaca\\\/#breadcrumb\"},\"inLanguage\":\"en-US\",\"potentialAction\":[{\"@type\":\"ReadAction\",\"target\":[\"https:\\\/\\\/trgovina.pasjauniverza.si\\\/product\\\/essential-dog-cat-bambusova-dvostranska-krtaca\\\/\"]}]},{\"@type\":\"ImageObject\",\"inLanguage\":\"en-US\",\"@id\":\"https:\\\/\\\/trgovina.pasjauniverza.si\\\/product\\\/essential-dog-cat-bambusova-dvostranska-krtaca\\\/#primaryimage\",\"url\":\"https:\\\/\\\/trgovina.pasjauniverza.si\\\/wp-content\\\/uploads\\\/2026\\\/02\\\/Naravna-bambusova-dvostranska-krtaca-za-pse-in-macke.webp\",\"contentUrl\":\"https:\\\/\\\/trgovina.pasjauniverza.si\\\/wp-content\\\/uploads\\\/2026\\\/02\\\/Naravna-bambusova-dvostranska-krtaca-za-pse-in-macke.webp\",\"width\":1400,\"height\":1400,\"caption\":\"Naravna bambusova dvostranska krta\u010da za pse in ma\u010dke\"},{\"@type\":\"BreadcrumbList\",\"@id\":\"https:\\\/\\\/trgovina.pasjauniverza.si\\\/product\\\/essential-dog-cat-bambusova-dvostranska-krtaca\\\/#breadcrumb\",\"itemListElement\":[{\"@type\":\"ListItem\",\"position\":1,\"name\":\"Home\",\"item\":\"https:\\\/\\\/trgovina.pasjauniverza.si\\\/\"},{\"@type\":\"ListItem\",\"position\":2,\"name\":\"Trgovina\",\"item\":\"https:\\\/\\\/trgovina.pasjauniverza.si\\\/trgovina\\\/\"},{\"@type\":\"ListItem\",\"position\":3,\"name\":\"Essential Dog &#038; Cat bambusova dvostranska krta\u010da\"}]},{\"@type\":\"WebSite\",\"@id\":\"https:\\\/\\\/trgovina.pasjauniverza.si\\\/#website\",\"url\":\"https:\\\/\\\/trgovina.pasjauniverza.si\\\/\",\"name\":\"Trgovina Pasja Univerza\",\"description\":\"pasja univerza trgovina\",\"publisher\":{\"@id\":\"https:\\\/\\\/trgovina.pasjauniverza.si\\\/#organization\"},\"potentialAction\":[{\"@type\":\"SearchAction\",\"target\":{\"@type\":\"EntryPoint\",\"urlTemplate\":\"https:\\\/\\\/trgovina.pasjauniverza.si\\\/?s={search_term_string}\"},\"query-input\":{\"@type\":\"PropertyValueSpecification\",\"valueRequired\":true,\"valueName\":\"search_term_string\"}}],\"inLanguage\":\"en-US\"},{\"@type\":\"Organization\",\"@id\":\"https:\\\/\\\/trgovina.pasjauniverza.si\\\/#organization\",\"name\":\"Trgovina Pasja Univerza\",\"url\":\"https:\\\/\\\/trgovina.pasjauniverza.si\\\/\",\"logo\":{\"@type\":\"ImageObject\",\"inLanguage\":\"en-US\",\"@id\":\"https:\\\/\\\/trgovina.pasjauniverza.si\\\/#\\\/schema\\\/logo\\\/image\\\/\",\"url\":\"https:\\\/\\\/trgovina.pasjauniverza.si\\\/wp-content\\\/uploads\\\/2024\\\/08\\\/cropped-logotipi-vector-04.png\",\"contentUrl\":\"https:\\\/\\\/trgovina.pasjauniverza.si\\\/wp-content\\\/uploads\\\/2024\\\/08\\\/cropped-logotipi-vector-04.png\",\"width\":942,\"height\":908,\"caption\":\"Trgovina Pasja Univerza\"},\"image\":{\"@id\":\"https:\\\/\\\/trgovina.pasjauniverza.si\\\/#\\\/schema\\\/logo\\\/image\\\/\"}}]}<\/script>\n<!-- \/ Yoast SEO plugin. -->","yoast_head_json":{"title":"Essential Dog & Cat bambusova dvostranska krta\u010da - Trgovina Pasja Univerza","description":"bambusova dvostranska krta\u010da za pse in ma\u010dke","robots":{"index":"index","follow":"follow","max-snippet":"max-snippet:-1","max-image-preview":"max-image-preview:large","max-video-preview":"max-video-preview:-1"},"canonical":"https:\/\/trgovina.pasjauniverza.si\/en\/product\/essential-dog-cat-bambusova-dvostranska-krtaca\/","og_locale":"en_US","og_type":"article","og_title":"Essential Dog & Cat bambusova dvostranska krta\u010da - Trgovina Pasja Univerza","og_description":"bambusova dvostranska krta\u010da za pse in ma\u010dke","og_url":"https:\/\/trgovina.pasjauniverza.si\/en\/product\/essential-dog-cat-bambusova-dvostranska-krtaca\/","og_site_name":"Trgovina Pasja Univerza","article_modified_time":"2026-03-18T15:13:04+00:00","og_image":[{"width":1400,"height":1400,"url":"https:\/\/trgovina.pasjauniverza.si\/wp-content\/uploads\/2026\/02\/Naravna-bambusova-dvostranska-krtaca-za-pse-in-macke.webp","type":"image\/webp"}],"twitter_card":"summary_large_image","twitter_misc":{"Est. reading time":"2 minutes"},"schema":{"@context":"https:\/\/schema.org","@graph":[{"@type":"WebPage","@id":"https:\/\/trgovina.pasjauniverza.si\/product\/essential-dog-cat-bambusova-dvostranska-krtaca\/","url":"https:\/\/trgovina.pasjauniverza.si\/product\/essential-dog-cat-bambusova-dvostranska-krtaca\/","name":"Essential Dog & Cat bambusova dvostranska krta\u010da - Trgovina Pasja Univerza","isPartOf":{"@id":"https:\/\/trgovina.pasjauniverza.si\/#website"},"primaryImageOfPage":{"@id":"https:\/\/trgovina.pasjauniverza.si\/product\/essential-dog-cat-bambusova-dvostranska-krtaca\/#primaryimage"},"image":{"@id":"https:\/\/trgovina.pasjauniverza.si\/product\/essential-dog-cat-bambusova-dvostranska-krtaca\/#primaryimage"},"thumbnailUrl":"https:\/\/trgovina.pasjauniverza.si\/wp-content\/uploads\/2026\/02\/Naravna-bambusova-dvostranska-krtaca-za-pse-in-macke.webp","datePublished":"2026-02-03T20:18:26+00:00","dateModified":"2026-03-18T15:13:04+00:00","description":"bambusova dvostranska krta\u010da za pse in ma\u010dke","breadcrumb":{"@id":"https:\/\/trgovina.pasjauniverza.si\/product\/essential-dog-cat-bambusova-dvostranska-krtaca\/#breadcrumb"},"inLanguage":"en-US","potentialAction":[{"@type":"ReadAction","target":["https:\/\/trgovina.pasjauniverza.si\/product\/essential-dog-cat-bambusova-dvostranska-krtaca\/"]}]},{"@type":"ImageObject","inLanguage":"en-US","@id":"https:\/\/trgovina.pasjauniverza.si\/product\/essential-dog-cat-bambusova-dvostranska-krtaca\/#primaryimage","url":"https:\/\/trgovina.pasjauniverza.si\/wp-content\/uploads\/2026\/02\/Naravna-bambusova-dvostranska-krtaca-za-pse-in-macke.webp","contentUrl":"https:\/\/trgovina.pasjauniverza.si\/wp-content\/uploads\/2026\/02\/Naravna-bambusova-dvostranska-krtaca-za-pse-in-macke.webp","width":1400,"height":1400,"caption":"Naravna bambusova dvostranska krta\u010da za pse in ma\u010dke"},{"@type":"BreadcrumbList","@id":"https:\/\/trgovina.pasjauniverza.si\/product\/essential-dog-cat-bambusova-dvostranska-krtaca\/#breadcrumb","itemListElement":[{"@type":"ListItem","position":1,"name":"Home","item":"https:\/\/trgovina.pasjauniverza.si\/"},{"@type":"ListItem","position":2,"name":"Trgovina","item":"https:\/\/trgovina.pasjauniverza.si\/trgovina\/"},{"@type":"ListItem","position":3,"name":"Essential Dog &#038; Cat bambusova dvostranska krta\u010da"}]},{"@type":"WebSite","@id":"https:\/\/trgovina.pasjauniverza.si\/#website","url":"https:\/\/trgovina.pasjauniverza.si\/","name":"Trgovina Pasja Univerza","description":"pasja univerza trgovina","publisher":{"@id":"https:\/\/trgovina.pasjauniverza.si\/#organization"},"potentialAction":[{"@type":"SearchAction","target":{"@type":"EntryPoint","urlTemplate":"https:\/\/trgovina.pasjauniverza.si\/?s={search_term_string}"},"query-input":{"@type":"PropertyValueSpecification","valueRequired":true,"valueName":"search_term_string"}}],"inLanguage":"en-US"},{"@type":"Organization","@id":"https:\/\/trgovina.pasjauniverza.si\/#organization","name":"Trgovina Pasja Univerza","url":"https:\/\/trgovina.pasjauniverza.si\/","logo":{"@type":"ImageObject","inLanguage":"en-US","@id":"https:\/\/trgovina.pasjauniverza.si\/#\/schema\/logo\/image\/","url":"https:\/\/trgovina.pasjauniverza.si\/wp-content\/uploads\/2024\/08\/cropped-logotipi-vector-04.png","contentUrl":"https:\/\/trgovina.pasjauniverza.si\/wp-content\/uploads\/2024\/08\/cropped-logotipi-vector-04.png","width":942,"height":908,"caption":"Trgovina Pasja Univerza"},"image":{"@id":"https:\/\/trgovina.pasjauniverza.si\/#\/schema\/logo\/image\/"}}]}},"uagb_featured_image_src":{"full":["https:\/\/trgovina.pasjauniverza.si\/wp-content\/uploads\/2026\/02\/Naravna-bambusova-dvostranska-krtaca-za-pse-in-macke.webp",1400,1400,false],"thumbnail":["https:\/\/trgovina.pasjauniverza.si\/wp-content\/uploads\/2026\/02\/Naravna-bambusova-dvostranska-krtaca-za-pse-in-macke-150x150.webp",150,150,true],"medium":["https:\/\/trgovina.pasjauniverza.si\/wp-content\/uploads\/2026\/02\/Naravna-bambusova-dvostranska-krtaca-za-pse-in-macke-300x300.webp",300,300,true],"medium_large":["https:\/\/trgovina.pasjauniverza.si\/wp-content\/uploads\/2026\/02\/Naravna-bambusova-dvostranska-krtaca-za-pse-in-macke-768x768.webp",768,768,true],"large":["https:\/\/trgovina.pasjauniverza.si\/wp-content\/uploads\/2026\/02\/Naravna-bambusova-dvostranska-krtaca-za-pse-in-macke-1024x1024.webp",1024,1024,true],"1536x1536":["https:\/\/trgovina.pasjauniverza.si\/wp-content\/uploads\/2026\/02\/Naravna-bambusova-dvostranska-krtaca-za-pse-in-macke.webp",1400,1400,false],"2048x2048":["https:\/\/trgovina.pasjauniverza.si\/wp-content\/uploads\/2026\/02\/Naravna-bambusova-dvostranska-krtaca-za-pse-in-macke.webp",1400,1400,false],"trp-custom-language-flag":["https:\/\/trgovina.pasjauniverza.si\/wp-content\/uploads\/2026\/02\/Naravna-bambusova-dvostranska-krtaca-za-pse-in-macke-12x12.webp",12,12,true],"woocommerce_thumbnail":["https:\/\/trgovina.pasjauniverza.si\/wp-content\/uploads\/2026\/02\/Naravna-bambusova-dvostranska-krtaca-za-pse-in-macke-300x300.webp",300,300,true],"woocommerce_single":["https:\/\/trgovina.pasjauniverza.si\/wp-content\/uploads\/2026\/02\/Naravna-bambusova-dvostranska-krtaca-za-pse-in-macke-600x600.webp",600,600,true],"woocommerce_gallery_thumbnail":["https:\/\/trgovina.pasjauniverza.si\/wp-content\/uploads\/2026\/02\/Naravna-bambusova-dvostranska-krtaca-za-pse-in-macke-100x100.webp",100,100,true]},"uagb_author_info":{"display_name":"An\u017ee","author_link":"https:\/\/trgovina.pasjauniverza.si\/en\/author\/"},"uagb_comment_info":0,"uagb_excerpt":"Essential Dog &amp; Cat bambusova dvostranska krta\u010da je naravna, u\u010dinkovita in trajnostna re\u0161itev za redno nego dlake \u2013 ne\u017ena do ko\u017ee, prijazna do okolja in prijetna za uporabo.","jetpack_sharing_enabled":true,"_links":{"self":[{"href":"https:\/\/trgovina.pasjauniverza.si\/en\/wp-json\/wp\/v2\/product\/16907","targetHints":{"allow":["GET"]}}],"collection":[{"href":"https:\/\/trgovina.pasjauniverza.si\/en\/wp-json\/wp\/v2\/product"}],"about":[{"href":"https:\/\/trgovina.pasjauniverza.si\/en\/wp-json\/wp\/v2\/types\/product"}],"replies":[{"embeddable":true,"href":"https:\/\/trgovina.pasjauniverza.si\/en\/wp-json\/wp\/v2\/comments?post=16907"}],"wp:featuredmedia":[{"embeddable":true,"href":"https:\/\/trgovina.pasjauniverza.si\/en\/wp-json\/wp\/v2\/media\/16900"}],"wp:attachment":[{"href":"https:\/\/trgovina.pasjauniverza.si\/en\/wp-json\/wp\/v2\/media?parent=16907"}],"wp:term":[{"taxonomy":"product_brand","embeddable":true,"href":"https:\/\/trgovina.pasjauniverza.si\/en\/wp-json\/wp\/v2\/product_brand?post=16907"},{"taxonomy":"product_cat","embeddable":true,"href":"https:\/\/trgovina.pasjauniverza.si\/en\/wp-json\/wp\/v2\/product_cat?post=16907"},{"taxonomy":"product_tag","embeddable":true,"href":"https:\/\/trgovina.pasjauniverza.si\/en\/wp-json\/wp\/v2\/product_tag?post=16907"}],"curies":[{"name":"wp","href":"https:\/\/api.w.org\/{rel}","templated":true}]}}