
{"id":16020,"date":"2025-12-10T13:15:16","date_gmt":"2025-12-10T13:15:16","guid":{"rendered":"https:\/\/trgovina.pasjauniverza.si\/?post_type=product&#038;p=16020"},"modified":"2026-02-03T07:53:40","modified_gmt":"2026-02-03T07:53:40","slug":"natures-protection-za-mlade-macke-piscanec-govedina-in-jagnjetina-100g","status":"publish","type":"product","link":"https:\/\/trgovina.pasjauniverza.si\/en\/product\/natures-protection-za-mlade-macke-piscanec-govedina-in-jagnjetina-100g\/","title":{"rendered":"Nature&#8217;s Protection Za mlade ma\u010dke &#8211; Pi\u0161\u010danec, Govedina in Jagnjetina 100g"},"content":{"rendered":"<h4>Mokra hrana za ma\u010dje mladi\u010de in\u00a0mlade ma\u010dke<\/h4>\n<h4><\/h4>\n<p>Hrana za ma\u010dje mladi\u010de in mlade ma\u010dke\u00a0je zasnovana tako, da va\u0161i ljubljenki zagotavlja vsa potrebna hranila za zdrav razvoj.\u00a0Izdelek\u00a0z ne\u017eno kuhanimi sestavinami skrbi za odli\u010den okus in se tako super obnese kot samostojni obrok, kakor\u00a0tudi kot dodatek za popestritev briketov.\u00a0Ker je hrana izjemno so\u010dna in mehka je primerna tudi za starej\u0161e ma\u010dke oziroma vse ljubljenke, ki te\u017eje grizejo.<\/p>\n<h4>Vse, kar potrebuje va\u0161a ma\u010dka<\/h4>\n<h4><\/h4>\n<p>Izdelek Nature&#8217;s Protection Kitten vsebuje tri vrste mesa, ki imajo razli\u010dno sestavo. Na ta na\u010din je zagotovljena raznolika prehrana, s katero ljubljenka dobi vse, kar potrebuje za zdrav razvoj.\u00a0Mokra hrana za mlade ma\u010dke vsebuje tudi\u00a0fosfor, magnezij in kalcij &#8211; tri minerale, ki so klju\u010dni za zdrave kosti in sklepe. Tavrin skrbi za zdravo srce ter pripomore k razvoju mi\u0161ic in \u017eiv\u010devja, posebna kombinacija vitaminov in mineralov pa zagotavlja tudi zdravo ko\u017eo in sijo\u010do dlako.<\/p>\n<p>Mokra hrana Nature&#8217;s Protection Kitten ne vsebuje nobenih umetnih barvil, arom in konzervansov. Prav tako je brez\u00a0glutena in mle\u010dnin, zaradi \u010desar je lahko primerna tudi za alergike.<\/p>\n<p>Sestava:<br \/>\nMeso in \u017eivalski derivati \u200b\u200b43 % (29 % pi\u0161\u010danec, 4 % govedina, 4 % jagnjetina), minerali, derivati \u200b\u200brastlinskega izvora, razli\u010dni sladkorji.<\/p>\n<p>Analiti\u010dna sestava:<br \/>\nSurove beljakovine \u2013 9,50 %, surove\u00a0vlaknine\u00a0\u2013 1 %, surove\u00a0ma\u0161\u010dobe\u00a0\u2013 5 %, surovi pepel \u2013 2,30 %, vlaga \u2013 82 %.<\/p>\n<p>Prehranski dodatki:<br \/>\nVit. D\u2083 (3a671)* \u2013 300 IE, vit. E (3a700) \u2013 100 mg, \u017eelezov(II) sulfat monohidrat (3b103) \u2013 2 mg, brezvodni kalcijev jodat (3b202) \u2013 0,7 mg, bakrov(II) sulfat pentahidrat (3b405) \u2013 2 mg, manganov sulfat monohidrat (3b503) \u2013 2 mg, cinkov oksid (3b603) \u2013 10 mg, biotin (3a880) \u2013 100 \u00b5g, tavrin (3a370) \u2013 1000 mg.<br \/>\n*So\u010dasna uporaba z vitaminom D\u2082 ni dovoljena.<\/p>\n<h4>Ve\u010d o znamki<\/h4>\n<p>Ekipo, ki stoji za znamko Nature\u2019s Protection, sestavljajo vzreditelji,\u00a0veterinarji in prehranski strokovnjaki, ki nenehno nadgrajujejo svoje znanje in odkrivajo nove surovine, s katerimi bi lahko pripomogli k dalj\u0161emu po\u010dutju va\u0161ega ljubljen\u010dka. Njihova vizija je zagotavljati kakovostno hrano, ki pa je obenem cenovno dostopna za prav vsakega lastnika.<\/p>\n<p>Znamka Nature&#8217;s Protection danes ponuja suho in mokro hrano ter pribolj\u0161ke za pse in ma\u010dke. Poleg tega pa so razvili tudi linijo prehranskih dodatkov, s katerimi lahko \u0161e dodatno okrepite zdravje va\u0161ega ljubljen\u010dka in mu omogo\u010dite bolj kakovostno \u017eivljenje.<\/p>","protected":false},"excerpt":{"rendered":"<article class=\"text-token-text-primary w-full focus:outline-none [--shadow-height:45px] has-data-writing-block:pointer-events-none has-data-writing-block:-mt-(--shadow-height) has-data-writing-block:pt-(--shadow-height) [&amp;:has([data-writing-block])&gt;*]:pointer-events-auto scroll-mt-[calc(var(--header-height)+min(200px,max(70px,20svh)))]\" dir=\"auto\" tabindex=\"-1\" data-turn-id=\"request-692c231d-5290-832a-b8a1-7ae44559eb3d-1\" data-testid=\"conversation-turn-128\" data-scroll-anchor=\"true\" data-turn=\"assistant\">\n<div class=\"text-base my-auto mx-auto pb-10 [--thread-content-margin:--spacing(4)] @w-sm\/main:[--thread-content-margin:--spacing(6)] @w-lg\/main:[--thread-content-margin:--spacing(16)] px-(--thread-content-margin)\">\n<div class=\"[--thread-content-max-width:40rem] @w-lg\/main:[--thread-content-max-width:48rem] mx-auto max-w-(--thread-content-max-width) flex-1 group\/turn-messages focus-visible:outline-hidden relative flex w-full min-w-0 flex-col agent-turn\" tabindex=\"-1\">\n<div class=\"flex max-w-full flex-col grow\">\n<div class=\"min-h-8 text-message relative flex w-full flex-col items-end gap-2 text-start break-words whitespace-normal [.text-message+&amp;]:mt-1\" dir=\"auto\" data-message-author-role=\"assistant\" data-message-id=\"2239e3b5-fdd5-487c-9084-6dca249dc2f1\" data-message-model-slug=\"gpt-5-1\">\n<div class=\"flex w-full flex-col gap-1 empty:hidden first:pt-[1px]\">\n<div class=\"markdown prose dark:prose-invert w-full break-words light markdown-new-styling\">\n<p>Mokra hrana za mlade ma\u010dke \u2014 z okusom pi\u0161\u010danca, govedine in jagnjetine, idealna za zdrav za\u010detek rasti in mo\u010dne mi\u0161ice.<\/p>\n<ul>\n<li>Hrana za ma\u010dje mladi\u010de<\/li>\n<li>Tri vrste mesa<\/li>\n<li>Skrbi za zdrav razvoj<\/li>\n<li>Dodatki za mo\u010dan imunski sistem<\/li>\n<li>Primerna tudi za ob\u010dutljive ma\u010dke<\/li>\n<\/ul>\n<\/div>\n<\/div>\n<\/div>\n<\/div>\n<\/div>\n<\/div>\n<\/article>\n","protected":false},"featured_media":16021,"comment_status":"open","ping_status":"closed","template":"","meta":{"_acf_changed":false,"_uag_custom_page_level_css":"","site-sidebar-layout":"default","site-content-layout":"","ast-site-content-layout":"default","site-content-style":"default","site-sidebar-style":"default","ast-global-header-display":"","ast-banner-title-visibility":"","ast-main-header-display":"","ast-hfb-above-header-display":"","ast-hfb-below-header-display":"","ast-hfb-mobile-header-display":"","site-post-title":"","ast-breadcrumbs-content":"","ast-featured-img":"","footer-sml-layout":"","ast-disable-related-posts":"","theme-transparent-header-meta":"default","adv-header-id-meta":"","stick-header-meta":"","header-above-stick-meta":"","header-main-stick-meta":"","header-below-stick-meta":"","astra-migrate-meta-layouts":"set","ast-page-background-enabled":"default","ast-page-background-meta":{"desktop":{"background-color":"","background-image":"","background-repeat":"repeat","background-position":"center center","background-size":"auto","background-attachment":"scroll","background-type":"","background-media":"","overlay-type":"","overlay-color":"","overlay-opacity":"","overlay-gradient":""},"tablet":{"background-color":"","background-image":"","background-repeat":"repeat","background-position":"center center","background-size":"auto","background-attachment":"scroll","background-type":"","background-media":"","overlay-type":"","overlay-color":"","overlay-opacity":"","overlay-gradient":""},"mobile":{"background-color":"","background-image":"","background-repeat":"repeat","background-position":"center center","background-size":"auto","background-attachment":"scroll","background-type":"","background-media":"","overlay-type":"","overlay-color":"","overlay-opacity":"","overlay-gradient":""}},"ast-content-background-meta":{"desktop":{"background-color":"var(--ast-global-color-5)","background-image":"","background-repeat":"repeat","background-position":"center center","background-size":"auto","background-attachment":"scroll","background-type":"","background-media":"","overlay-type":"","overlay-color":"","overlay-opacity":"","overlay-gradient":""},"tablet":{"background-color":"var(--ast-global-color-5)","background-image":"","background-repeat":"repeat","background-position":"center center","background-size":"auto","background-attachment":"scroll","background-type":"","background-media":"","overlay-type":"","overlay-color":"","overlay-opacity":"","overlay-gradient":""},"mobile":{"background-color":"var(--ast-global-color-5)","background-image":"","background-repeat":"repeat","background-position":"center center","background-size":"auto","background-attachment":"scroll","background-type":"","background-media":"","overlay-type":"","overlay-color":"","overlay-opacity":"","overlay-gradient":""}}},"product_brand":[],"product_cat":[947,643,732,724,731,948,365,945,942,18,950],"product_tag":[],"class_list":{"0":"post-16020","1":"product","2":"type-product","3":"status-publish","4":"has-post-thumbnail","6":"product_cat-brez-glutena","7":"product_cat-hrana-brez-zitaric","8":"product_cat-hrana-za-macke","9":"product_cat-macke","10":"product_cat-mokra-hrana-za-macke","11":"product_cat-monoproteinska-hrana","12":"product_cat-lifestyle","13":"product_cat-obcutljiv-zelodec","14":"product_cat-posebne-prehranske-potrebe","15":"product_cat-vsi-izdelki","16":"product_cat-za-prekomerno-telesno-tezo","17":"desktop-align-center","18":"tablet-align-center","19":"mobile-align-center","21":"first","22":"instock","23":"shipping-taxable","24":"purchasable","25":"product-type-simple"},"acf":[],"yoast_head":"<!-- This site is optimized with the Yoast SEO plugin v27.4 - https:\/\/yoast.com\/product\/yoast-seo-wordpress\/ -->\n<title>Nature&#039;s Protection Za mlade ma\u010dke - Pi\u0161\u010danec, Govedina in Jagnjetina 100g - Trgovina Pasja Univerza<\/title>\n<meta name=\"description\" content=\"Nature&#039;s Protection Za sterilizirane ma\u010dke - Losos &amp; Zeli\u0161\u010da 100g\" \/>\n<meta name=\"robots\" content=\"index, follow, max-snippet:-1, max-image-preview:large, max-video-preview:-1\" \/>\n<link rel=\"canonical\" href=\"https:\/\/trgovina.pasjauniverza.si\/en\/product\/natures-protection-za-mlade-macke-piscanec-govedina-in-jagnjetina-100g\/\" \/>\n<meta property=\"og:locale\" content=\"en_US\" \/>\n<meta property=\"og:type\" content=\"article\" \/>\n<meta property=\"og:title\" content=\"Nature&#039;s Protection Za mlade ma\u010dke - Pi\u0161\u010danec, Govedina in Jagnjetina 100g - Trgovina Pasja Univerza\" \/>\n<meta property=\"og:description\" content=\"Nature&#039;s Protection Za sterilizirane ma\u010dke - Losos &amp; Zeli\u0161\u010da 100g\" \/>\n<meta property=\"og:url\" content=\"https:\/\/trgovina.pasjauniverza.si\/en\/product\/natures-protection-za-mlade-macke-piscanec-govedina-in-jagnjetina-100g\/\" \/>\n<meta property=\"og:site_name\" content=\"Trgovina Pasja Univerza\" \/>\n<meta property=\"article:modified_time\" content=\"2026-02-03T07:53:40+00:00\" \/>\n<meta property=\"og:image\" content=\"https:\/\/trgovina.pasjauniverza.si\/wp-content\/uploads\/2025\/12\/natures-protection-kitten-za-mlade-macke-piscanec-govedina-jagnjetina.jpeg\" \/>\n\t<meta property=\"og:image:width\" content=\"600\" \/>\n\t<meta property=\"og:image:height\" content=\"600\" \/>\n\t<meta property=\"og:image:type\" content=\"image\/jpeg\" \/>\n<meta name=\"twitter:card\" content=\"summary_large_image\" \/>\n<meta name=\"twitter:label1\" content=\"Est. reading time\" \/>\n\t<meta name=\"twitter:data1\" content=\"3 minutes\" \/>\n<script type=\"application\/ld+json\" class=\"yoast-schema-graph\">{\"@context\":\"https:\\\/\\\/schema.org\",\"@graph\":[{\"@type\":\"WebPage\",\"@id\":\"https:\\\/\\\/trgovina.pasjauniverza.si\\\/product\\\/natures-protection-za-mlade-macke-piscanec-govedina-in-jagnjetina-100g\\\/\",\"url\":\"https:\\\/\\\/trgovina.pasjauniverza.si\\\/product\\\/natures-protection-za-mlade-macke-piscanec-govedina-in-jagnjetina-100g\\\/\",\"name\":\"Nature's Protection Za mlade ma\u010dke - Pi\u0161\u010danec, Govedina in Jagnjetina 100g - Trgovina Pasja Univerza\",\"isPartOf\":{\"@id\":\"https:\\\/\\\/trgovina.pasjauniverza.si\\\/#website\"},\"primaryImageOfPage\":{\"@id\":\"https:\\\/\\\/trgovina.pasjauniverza.si\\\/product\\\/natures-protection-za-mlade-macke-piscanec-govedina-in-jagnjetina-100g\\\/#primaryimage\"},\"image\":{\"@id\":\"https:\\\/\\\/trgovina.pasjauniverza.si\\\/product\\\/natures-protection-za-mlade-macke-piscanec-govedina-in-jagnjetina-100g\\\/#primaryimage\"},\"thumbnailUrl\":\"https:\\\/\\\/trgovina.pasjauniverza.si\\\/wp-content\\\/uploads\\\/2025\\\/12\\\/natures-protection-kitten-za-mlade-macke-piscanec-govedina-jagnjetina.jpeg\",\"datePublished\":\"2025-12-10T13:15:16+00:00\",\"dateModified\":\"2026-02-03T07:53:40+00:00\",\"description\":\"Nature's Protection Za sterilizirane ma\u010dke - Losos & Zeli\u0161\u010da 100g\",\"breadcrumb\":{\"@id\":\"https:\\\/\\\/trgovina.pasjauniverza.si\\\/product\\\/natures-protection-za-mlade-macke-piscanec-govedina-in-jagnjetina-100g\\\/#breadcrumb\"},\"inLanguage\":\"en-US\",\"potentialAction\":[{\"@type\":\"ReadAction\",\"target\":[\"https:\\\/\\\/trgovina.pasjauniverza.si\\\/product\\\/natures-protection-za-mlade-macke-piscanec-govedina-in-jagnjetina-100g\\\/\"]}]},{\"@type\":\"ImageObject\",\"inLanguage\":\"en-US\",\"@id\":\"https:\\\/\\\/trgovina.pasjauniverza.si\\\/product\\\/natures-protection-za-mlade-macke-piscanec-govedina-in-jagnjetina-100g\\\/#primaryimage\",\"url\":\"https:\\\/\\\/trgovina.pasjauniverza.si\\\/wp-content\\\/uploads\\\/2025\\\/12\\\/natures-protection-kitten-za-mlade-macke-piscanec-govedina-jagnjetina.jpeg\",\"contentUrl\":\"https:\\\/\\\/trgovina.pasjauniverza.si\\\/wp-content\\\/uploads\\\/2025\\\/12\\\/natures-protection-kitten-za-mlade-macke-piscanec-govedina-jagnjetina.jpeg\",\"width\":600,\"height\":600,\"caption\":\"natures-protection-kitten---za-mlade-macke---piscanec-govedina-jagnjetina\"},{\"@type\":\"BreadcrumbList\",\"@id\":\"https:\\\/\\\/trgovina.pasjauniverza.si\\\/product\\\/natures-protection-za-mlade-macke-piscanec-govedina-in-jagnjetina-100g\\\/#breadcrumb\",\"itemListElement\":[{\"@type\":\"ListItem\",\"position\":1,\"name\":\"Home\",\"item\":\"https:\\\/\\\/trgovina.pasjauniverza.si\\\/\"},{\"@type\":\"ListItem\",\"position\":2,\"name\":\"Trgovina\",\"item\":\"https:\\\/\\\/trgovina.pasjauniverza.si\\\/trgovina\\\/\"},{\"@type\":\"ListItem\",\"position\":3,\"name\":\"Nature&#8217;s Protection Za mlade ma\u010dke &#8211; Pi\u0161\u010danec, Govedina in Jagnjetina 100g\"}]},{\"@type\":\"WebSite\",\"@id\":\"https:\\\/\\\/trgovina.pasjauniverza.si\\\/#website\",\"url\":\"https:\\\/\\\/trgovina.pasjauniverza.si\\\/\",\"name\":\"Trgovina Pasja Univerza\",\"description\":\"pasja univerza trgovina\",\"publisher\":{\"@id\":\"https:\\\/\\\/trgovina.pasjauniverza.si\\\/#organization\"},\"potentialAction\":[{\"@type\":\"SearchAction\",\"target\":{\"@type\":\"EntryPoint\",\"urlTemplate\":\"https:\\\/\\\/trgovina.pasjauniverza.si\\\/?s={search_term_string}\"},\"query-input\":{\"@type\":\"PropertyValueSpecification\",\"valueRequired\":true,\"valueName\":\"search_term_string\"}}],\"inLanguage\":\"en-US\"},{\"@type\":\"Organization\",\"@id\":\"https:\\\/\\\/trgovina.pasjauniverza.si\\\/#organization\",\"name\":\"Trgovina Pasja Univerza\",\"url\":\"https:\\\/\\\/trgovina.pasjauniverza.si\\\/\",\"logo\":{\"@type\":\"ImageObject\",\"inLanguage\":\"en-US\",\"@id\":\"https:\\\/\\\/trgovina.pasjauniverza.si\\\/#\\\/schema\\\/logo\\\/image\\\/\",\"url\":\"https:\\\/\\\/trgovina.pasjauniverza.si\\\/wp-content\\\/uploads\\\/2024\\\/08\\\/cropped-logotipi-vector-04.png\",\"contentUrl\":\"https:\\\/\\\/trgovina.pasjauniverza.si\\\/wp-content\\\/uploads\\\/2024\\\/08\\\/cropped-logotipi-vector-04.png\",\"width\":942,\"height\":908,\"caption\":\"Trgovina Pasja Univerza\"},\"image\":{\"@id\":\"https:\\\/\\\/trgovina.pasjauniverza.si\\\/#\\\/schema\\\/logo\\\/image\\\/\"}}]}<\/script>\n<!-- \/ Yoast SEO plugin. -->","yoast_head_json":{"title":"Nature's Protection Za mlade ma\u010dke - Pi\u0161\u010danec, Govedina in Jagnjetina 100g - Trgovina Pasja Univerza","description":"Nature's Protection Za sterilizirane ma\u010dke - Losos & Zeli\u0161\u010da 100g","robots":{"index":"index","follow":"follow","max-snippet":"max-snippet:-1","max-image-preview":"max-image-preview:large","max-video-preview":"max-video-preview:-1"},"canonical":"https:\/\/trgovina.pasjauniverza.si\/en\/product\/natures-protection-za-mlade-macke-piscanec-govedina-in-jagnjetina-100g\/","og_locale":"en_US","og_type":"article","og_title":"Nature's Protection Za mlade ma\u010dke - Pi\u0161\u010danec, Govedina in Jagnjetina 100g - Trgovina Pasja Univerza","og_description":"Nature's Protection Za sterilizirane ma\u010dke - Losos & Zeli\u0161\u010da 100g","og_url":"https:\/\/trgovina.pasjauniverza.si\/en\/product\/natures-protection-za-mlade-macke-piscanec-govedina-in-jagnjetina-100g\/","og_site_name":"Trgovina Pasja Univerza","article_modified_time":"2026-02-03T07:53:40+00:00","og_image":[{"width":600,"height":600,"url":"https:\/\/trgovina.pasjauniverza.si\/wp-content\/uploads\/2025\/12\/natures-protection-kitten-za-mlade-macke-piscanec-govedina-jagnjetina.jpeg","type":"image\/jpeg"}],"twitter_card":"summary_large_image","twitter_misc":{"Est. reading time":"3 minutes"},"schema":{"@context":"https:\/\/schema.org","@graph":[{"@type":"WebPage","@id":"https:\/\/trgovina.pasjauniverza.si\/product\/natures-protection-za-mlade-macke-piscanec-govedina-in-jagnjetina-100g\/","url":"https:\/\/trgovina.pasjauniverza.si\/product\/natures-protection-za-mlade-macke-piscanec-govedina-in-jagnjetina-100g\/","name":"Nature's Protection Za mlade ma\u010dke - Pi\u0161\u010danec, Govedina in Jagnjetina 100g - Trgovina Pasja Univerza","isPartOf":{"@id":"https:\/\/trgovina.pasjauniverza.si\/#website"},"primaryImageOfPage":{"@id":"https:\/\/trgovina.pasjauniverza.si\/product\/natures-protection-za-mlade-macke-piscanec-govedina-in-jagnjetina-100g\/#primaryimage"},"image":{"@id":"https:\/\/trgovina.pasjauniverza.si\/product\/natures-protection-za-mlade-macke-piscanec-govedina-in-jagnjetina-100g\/#primaryimage"},"thumbnailUrl":"https:\/\/trgovina.pasjauniverza.si\/wp-content\/uploads\/2025\/12\/natures-protection-kitten-za-mlade-macke-piscanec-govedina-jagnjetina.jpeg","datePublished":"2025-12-10T13:15:16+00:00","dateModified":"2026-02-03T07:53:40+00:00","description":"Nature's Protection Za sterilizirane ma\u010dke - Losos & Zeli\u0161\u010da 100g","breadcrumb":{"@id":"https:\/\/trgovina.pasjauniverza.si\/product\/natures-protection-za-mlade-macke-piscanec-govedina-in-jagnjetina-100g\/#breadcrumb"},"inLanguage":"en-US","potentialAction":[{"@type":"ReadAction","target":["https:\/\/trgovina.pasjauniverza.si\/product\/natures-protection-za-mlade-macke-piscanec-govedina-in-jagnjetina-100g\/"]}]},{"@type":"ImageObject","inLanguage":"en-US","@id":"https:\/\/trgovina.pasjauniverza.si\/product\/natures-protection-za-mlade-macke-piscanec-govedina-in-jagnjetina-100g\/#primaryimage","url":"https:\/\/trgovina.pasjauniverza.si\/wp-content\/uploads\/2025\/12\/natures-protection-kitten-za-mlade-macke-piscanec-govedina-jagnjetina.jpeg","contentUrl":"https:\/\/trgovina.pasjauniverza.si\/wp-content\/uploads\/2025\/12\/natures-protection-kitten-za-mlade-macke-piscanec-govedina-jagnjetina.jpeg","width":600,"height":600,"caption":"natures-protection-kitten---za-mlade-macke---piscanec-govedina-jagnjetina"},{"@type":"BreadcrumbList","@id":"https:\/\/trgovina.pasjauniverza.si\/product\/natures-protection-za-mlade-macke-piscanec-govedina-in-jagnjetina-100g\/#breadcrumb","itemListElement":[{"@type":"ListItem","position":1,"name":"Home","item":"https:\/\/trgovina.pasjauniverza.si\/"},{"@type":"ListItem","position":2,"name":"Trgovina","item":"https:\/\/trgovina.pasjauniverza.si\/trgovina\/"},{"@type":"ListItem","position":3,"name":"Nature&#8217;s Protection Za mlade ma\u010dke &#8211; Pi\u0161\u010danec, Govedina in Jagnjetina 100g"}]},{"@type":"WebSite","@id":"https:\/\/trgovina.pasjauniverza.si\/#website","url":"https:\/\/trgovina.pasjauniverza.si\/","name":"Trgovina Pasja Univerza","description":"pasja univerza trgovina","publisher":{"@id":"https:\/\/trgovina.pasjauniverza.si\/#organization"},"potentialAction":[{"@type":"SearchAction","target":{"@type":"EntryPoint","urlTemplate":"https:\/\/trgovina.pasjauniverza.si\/?s={search_term_string}"},"query-input":{"@type":"PropertyValueSpecification","valueRequired":true,"valueName":"search_term_string"}}],"inLanguage":"en-US"},{"@type":"Organization","@id":"https:\/\/trgovina.pasjauniverza.si\/#organization","name":"Trgovina Pasja Univerza","url":"https:\/\/trgovina.pasjauniverza.si\/","logo":{"@type":"ImageObject","inLanguage":"en-US","@id":"https:\/\/trgovina.pasjauniverza.si\/#\/schema\/logo\/image\/","url":"https:\/\/trgovina.pasjauniverza.si\/wp-content\/uploads\/2024\/08\/cropped-logotipi-vector-04.png","contentUrl":"https:\/\/trgovina.pasjauniverza.si\/wp-content\/uploads\/2024\/08\/cropped-logotipi-vector-04.png","width":942,"height":908,"caption":"Trgovina Pasja Univerza"},"image":{"@id":"https:\/\/trgovina.pasjauniverza.si\/#\/schema\/logo\/image\/"}}]}},"uagb_featured_image_src":{"full":["https:\/\/trgovina.pasjauniverza.si\/wp-content\/uploads\/2025\/12\/natures-protection-kitten-za-mlade-macke-piscanec-govedina-jagnjetina.jpeg",600,600,false],"thumbnail":["https:\/\/trgovina.pasjauniverza.si\/wp-content\/uploads\/2025\/12\/natures-protection-kitten-za-mlade-macke-piscanec-govedina-jagnjetina-150x150.jpeg",150,150,true],"medium":["https:\/\/trgovina.pasjauniverza.si\/wp-content\/uploads\/2025\/12\/natures-protection-kitten-za-mlade-macke-piscanec-govedina-jagnjetina-300x300.jpeg",300,300,true],"medium_large":["https:\/\/trgovina.pasjauniverza.si\/wp-content\/uploads\/2025\/12\/natures-protection-kitten-za-mlade-macke-piscanec-govedina-jagnjetina.jpeg",600,600,false],"large":["https:\/\/trgovina.pasjauniverza.si\/wp-content\/uploads\/2025\/12\/natures-protection-kitten-za-mlade-macke-piscanec-govedina-jagnjetina.jpeg",600,600,false],"1536x1536":["https:\/\/trgovina.pasjauniverza.si\/wp-content\/uploads\/2025\/12\/natures-protection-kitten-za-mlade-macke-piscanec-govedina-jagnjetina.jpeg",600,600,false],"2048x2048":["https:\/\/trgovina.pasjauniverza.si\/wp-content\/uploads\/2025\/12\/natures-protection-kitten-za-mlade-macke-piscanec-govedina-jagnjetina.jpeg",600,600,false],"trp-custom-language-flag":["https:\/\/trgovina.pasjauniverza.si\/wp-content\/uploads\/2025\/12\/natures-protection-kitten-za-mlade-macke-piscanec-govedina-jagnjetina-12x12.jpeg",12,12,true],"woocommerce_thumbnail":["https:\/\/trgovina.pasjauniverza.si\/wp-content\/uploads\/2025\/12\/natures-protection-kitten-za-mlade-macke-piscanec-govedina-jagnjetina-300x300.jpeg",300,300,true],"woocommerce_single":["https:\/\/trgovina.pasjauniverza.si\/wp-content\/uploads\/2025\/12\/natures-protection-kitten-za-mlade-macke-piscanec-govedina-jagnjetina.jpeg",600,600,false],"woocommerce_gallery_thumbnail":["https:\/\/trgovina.pasjauniverza.si\/wp-content\/uploads\/2025\/12\/natures-protection-kitten-za-mlade-macke-piscanec-govedina-jagnjetina-100x100.jpeg",100,100,true]},"uagb_author_info":{"display_name":"Karmen Grubeli\u0107, dr.vet.med.","author_link":"https:\/\/trgovina.pasjauniverza.si\/en\/author\/"},"uagb_comment_info":0,"uagb_excerpt":"Mokra hrana za mlade ma\u010dke \u2014 z okusom pi\u0161\u010danca, govedine in jagnjetine, idealna za zdrav za\u010detek rasti in mo\u010dne mi\u0161ice. Hrana za ma\u010dje mladi\u010de Tri vrste mesa Skrbi za zdrav razvoj Dodatki za mo\u010dan imunski sistem Primerna tudi za ob\u010dutljive ma\u010dke","jetpack_sharing_enabled":true,"_links":{"self":[{"href":"https:\/\/trgovina.pasjauniverza.si\/en\/wp-json\/wp\/v2\/product\/16020","targetHints":{"allow":["GET"]}}],"collection":[{"href":"https:\/\/trgovina.pasjauniverza.si\/en\/wp-json\/wp\/v2\/product"}],"about":[{"href":"https:\/\/trgovina.pasjauniverza.si\/en\/wp-json\/wp\/v2\/types\/product"}],"replies":[{"embeddable":true,"href":"https:\/\/trgovina.pasjauniverza.si\/en\/wp-json\/wp\/v2\/comments?post=16020"}],"wp:featuredmedia":[{"embeddable":true,"href":"https:\/\/trgovina.pasjauniverza.si\/en\/wp-json\/wp\/v2\/media\/16021"}],"wp:attachment":[{"href":"https:\/\/trgovina.pasjauniverza.si\/en\/wp-json\/wp\/v2\/media?parent=16020"}],"wp:term":[{"taxonomy":"product_brand","embeddable":true,"href":"https:\/\/trgovina.pasjauniverza.si\/en\/wp-json\/wp\/v2\/product_brand?post=16020"},{"taxonomy":"product_cat","embeddable":true,"href":"https:\/\/trgovina.pasjauniverza.si\/en\/wp-json\/wp\/v2\/product_cat?post=16020"},{"taxonomy":"product_tag","embeddable":true,"href":"https:\/\/trgovina.pasjauniverza.si\/en\/wp-json\/wp\/v2\/product_tag?post=16020"}],"curies":[{"name":"wp","href":"https:\/\/api.w.org\/{rel}","templated":true}]}}