
{"id":16006,"date":"2025-12-10T10:43:37","date_gmt":"2025-12-10T10:43:37","guid":{"rendered":"https:\/\/trgovina.pasjauniverza.si\/?post_type=product&#038;p=16006"},"modified":"2026-02-07T18:52:31","modified_gmt":"2026-02-07T18:52:31","slug":"np-lifestyle-za-starejse-macke-brez-zitaric-losos","status":"publish","type":"product","link":"https:\/\/trgovina.pasjauniverza.si\/en\/product\/np-lifestyle-za-starejse-macke-brez-zitaric-losos\/","title":{"rendered":"NP Lifestyle &#8211; za starej\u0161e ma\u010dke brez \u017eitaric &#8211; Losos"},"content":{"rendered":"<p>Vse, kar potrebuje va\u0161a ma\u010dka za zdravo in dolgo \u017eivljenje!<\/p>\n<p>Nature\u2019s protection je prava izbira za vse lastnike, ki svoji ma\u010dki \u017eelijo zagotoviti hrano vrhunske kakovosti, brez arom, konzervansov, barvil in ostalih snovi, ki bi lahko resno ogrozile zdravje ljubljen\u010dka.<\/p>\n<p>Vrhunski veterinarji in prehranski strokovnjaki so skupaj razvili najbolj optimalno formulo brez \u017eitaric, koruze, mle\u010dnin ter drugih sestavin, ki ma\u010dki pogosto povzro\u010dajo alergije, prebavne motnje ter druge resne te\u017eave.<\/p>\n<p>Pri ustvarjanju izdelka pa so strokovnjaki imeli v mislih starej\u0161e ma\u010dke. Ustvarili so izdelek, ki prispeva k \u010dim bolj zdravi starosti ter dalj\u0161i \u017eivljenjski dobi.<\/p>\n<h4>Vrhunska sestava za zdravo in dolgo \u017eivljenje<\/h4>\n<h4><\/h4>\n<p>Hrana za starej\u0161e ma\u010dke se pona\u0161a z izredno kakovostno sestavo, ki prepre\u010duje ali laj\u0161a \u0161tevilne te\u017eave. Zaradi vsebnosti lososa in lanenih semen predstavlja bogat vir omega-3 ma\u0161\u010dobnih kislin. Slednje skrbijo\u00a0za zdravje ko\u017ee in dlake, krepijo zdravje srca in o\u017eilja ter pripomorejo k zdravju mo\u017eganov in \u017eiv\u010devja. Zaradi lahke prebavljivosti sestavin pa je hrana primerna tudi za ob\u010dutljive ma\u010dke.<\/p>\n<p>V izdelku se nahaja tudi izvle\u010dek ro\u017emarina, odli\u010den vir vitamina E, pomembnega antioksidanta,\u00a0ki celice \u0161\u010diti pred prostimi radikali. Dodatek pivskega kvasa in cinka \u0161e dodatno skrbi za sijo\u010do dlako, probiotiki pa stimulira prebavo. Skupek sestavin pomaga uravnavati telesno te\u017eo in tako pomaga, da va\u0161a ma\u010dka tudi v starosti ohranja vrhunsko kondicijo. Vse sestavine so znanega porekla in so obdelane na profesionalen na\u010din.<\/p>\n<h4>MicroZeoGen: inovacija narave<\/h4>\n<h4><\/h4>\n<p>V izdelkih se nahaja tudi MicroZeoGen, naraven mineral, ki pomaga zagotavljati zdravo in vitalno \u017eivljenje hi\u0161nih ljubljen\u010dkov. Desetletja raziskav so potrdila \u0161tevilne pozitivne u\u010dinke, ki jih MicroZeoGen ima na zdravje va\u0161e ma\u010dke.<\/p>\n<p>Med drugim pripomore k:<br \/>\n&#8211; Odstranjevanju toksinov, te\u017ekih kovin ter amoniaka iz telesa;<br \/>\n&#8211; Izbolj\u0161anju absorpcije hranil;<br \/>\n&#8211; Mo\u010dnej\u0161emu imunskemu sistemu.<\/p>\n<p>Sestava:<br \/>\nLosos 39% (su\u0161en in fino mlet), su\u0161ena krompirjeva pulpa, grahove beljakovine, sladki krompir, grah, perutninska ma\u0161\u010doba, pulpa sladkorne pese, pivski kvas, laneno seme, lososovo olje, dinami\u010dno mikroniziran klinoptilolit &#8211; MicroZeoGen (1%), celuloza, su\u0161ena\u00a0jajca, izvle\u010dek cikorije, manan-oligosaharidi (MOS), moka ognji\u010da.<\/p>\n<p>Analiti\u010dna sestava:<br \/>\nSurove beljakovine &#8211; 31%, surove ma\u0161\u010dobe &#8211; 11%, surovi pepel &#8211; 9%, surove vlaknine &#8211; 3,2%, kalcij &#8211; 1%, fosfor &#8211; 0,8%, kalij &#8211; 0,7%, natrij &#8211; 0,4%, magnezij &#8211; 0,06%, omega-3 \u2013 0,6%, omega-6 \u2013 2,44 %.<\/p>\n<p>Prehranski dodatki:<br \/>\nVitamin A\u00a0 \u2013 25000 IE, vitamin D3\u00a0\u2013 1876 IE, vitamin E\u00a0\u2013 688 mg, \u017eelezov(II) sulfat monohidrat\u00a0\u2013 62,5 mg, brezvodni kalcijev jodat \u2013 1,88 mg, bakrov (II) sulfat pentahidrat\u00a0\u2013 6,25 mg, manganov sulfat monohidrat\u00a0\u2013 25 mg, cinkov sulfat monohidrat\u00a0\u2013 144 mg, natrijev selenit\u00a0\u2013 0,125 mg , L-karnitin\u00a0\u2013 50 mg.<\/p>\n<p>Tehnolo\u0161ki dodatki:<br \/>\nIzvle\u010dek ro\u017emarina, izvle\u010dki tokoferola iz rastlinskih olj.<\/p>\n<p>&nbsp;<\/p>\n<p>Navodila za hranjenje suhih briketov:<br \/>\nOPOMBA: Tabele hranjenja so zgolj izhodi\u0161\u010de, saj je vsaka ma\u010dka razli\u010dna in v razli\u010dnih obdobjih potrebuje razli\u010dno koli\u010dino hrane. Vedno je potrebno spremljati ma\u010dko ter koli\u010dino hrane pove\u010dati ali zmanj\u0161ati v skladu z njeno telesno aktivnostjo in rastjo.<\/p>\n<p>Nasvet za uvajanje nove hrane:<br \/>\nKadar se odlo\u010dite za menjavo hrane, to storite postopoma v 10 dneh tako, da dodate vsak dan 10 % nove hrane ve\u010d in odvzamete 10 % obstoje\u010de.<\/p>\n<p>Redko blato:<br \/>\nHrana Nature&#8217;s Protection je zelo hranilna, zato pri prehodu svetujemo, da jo koli\u010dinsko dajete 10\u201315 % manj od obstoje\u010de hrane in se tako izognete redkej\u0161emu blatu. Ko se blato normalizira, lahko koli\u010dino hrane pove\u010date.<\/p>\n<p>ODRASLE MA\u010cKE (od 12. meseca dalje):<br \/>\nSvetujemo, da odrasle zdrave ma\u010dke hranite 2 x dnevno.<\/p>\n<h4>Ve\u010d o znamki<\/h4>\n<p>Nature&#8217;s Protection Lifestyle je linija znamke Nature&#8217;s Protection, ki ponuja suho in mokro hrano ter pribolj\u0161ke za pse in ma\u010dke. Nudijo izdelke za posebne prehranske potrebe, denimo hrana za sterilizirane ma\u010dke ali\u00a0pasji pribolj\u0161ki za uravnavanje telesne te\u017ee, vsi njihovi artikli pa se pona\u0161ajo z visoko kakovostjo in ugodno sestavo.<\/p>\n<p>Razi\u0161\u010dite celotno ponudbo linije\u00a0Nature&#8217;s Protection Lifestyle in izberite izdelke, ki najbolj ustrezajo va\u0161emu ljubljen\u010dku.<\/p>","protected":false},"excerpt":{"rendered":"<p>Suha hrana za starej\u0161e ma\u010dke z lososom \u2014 prilagojena zrelim mucam za la\u017eje staranje, zdrav metabolizem in pro\u017enost sklepov.<\/p>\n<ul>\n<li>Hrana za starej\u0161e ma\u010dke<\/li>\n<li>Z visoko kakovostnim lososom<\/li>\n<li>Uravnava telesno te\u017eo<\/li>\n<li>Skrbi za mo\u010dan imunski sistem<\/li>\n<li>Z dodatki za zdravo prebavo<\/li>\n<li><\/li>\n<\/ul>","protected":false},"featured_media":16007,"comment_status":"open","ping_status":"closed","template":"","meta":{"_acf_changed":false,"_uag_custom_page_level_css":"","site-sidebar-layout":"default","site-content-layout":"","ast-site-content-layout":"default","site-content-style":"default","site-sidebar-style":"default","ast-global-header-display":"","ast-banner-title-visibility":"","ast-main-header-display":"","ast-hfb-above-header-display":"","ast-hfb-below-header-display":"","ast-hfb-mobile-header-display":"","site-post-title":"","ast-breadcrumbs-content":"","ast-featured-img":"","footer-sml-layout":"","ast-disable-related-posts":"","theme-transparent-header-meta":"default","adv-header-id-meta":"","stick-header-meta":"","header-above-stick-meta":"","header-main-stick-meta":"","header-below-stick-meta":"","astra-migrate-meta-layouts":"set","ast-page-background-enabled":"default","ast-page-background-meta":{"desktop":{"background-color":"","background-image":"","background-repeat":"repeat","background-position":"center center","background-size":"auto","background-attachment":"scroll","background-type":"","background-media":"","overlay-type":"","overlay-color":"","overlay-opacity":"","overlay-gradient":""},"tablet":{"background-color":"","background-image":"","background-repeat":"repeat","background-position":"center center","background-size":"auto","background-attachment":"scroll","background-type":"","background-media":"","overlay-type":"","overlay-color":"","overlay-opacity":"","overlay-gradient":""},"mobile":{"background-color":"","background-image":"","background-repeat":"repeat","background-position":"center center","background-size":"auto","background-attachment":"scroll","background-type":"","background-media":"","overlay-type":"","overlay-color":"","overlay-opacity":"","overlay-gradient":""}},"ast-content-background-meta":{"desktop":{"background-color":"var(--ast-global-color-5)","background-image":"","background-repeat":"repeat","background-position":"center center","background-size":"auto","background-attachment":"scroll","background-type":"","background-media":"","overlay-type":"","overlay-color":"","overlay-opacity":"","overlay-gradient":""},"tablet":{"background-color":"var(--ast-global-color-5)","background-image":"","background-repeat":"repeat","background-position":"center center","background-size":"auto","background-attachment":"scroll","background-type":"","background-media":"","overlay-type":"","overlay-color":"","overlay-opacity":"","overlay-gradient":""},"mobile":{"background-color":"var(--ast-global-color-5)","background-image":"","background-repeat":"repeat","background-position":"center center","background-size":"auto","background-attachment":"scroll","background-type":"","background-media":"","overlay-type":"","overlay-color":"","overlay-opacity":"","overlay-gradient":""}}},"product_brand":[],"product_cat":[947,732,724,946,948,365,945,942,952,730,18,950],"product_tag":[],"class_list":{"0":"post-16006","1":"product","2":"type-product","3":"status-publish","4":"has-post-thumbnail","6":"product_cat-brez-glutena","7":"product_cat-hrana-za-macke","8":"product_cat-macke","9":"product_cat-manj-mascob","10":"product_cat-monoproteinska-hrana","11":"product_cat-lifestyle","12":"product_cat-obcutljiv-zelodec","13":"product_cat-posebne-prehranske-potrebe","14":"product_cat-proti-izpadanju-dlake","15":"product_cat-suha-hrana-za-macke","16":"product_cat-vsi-izdelki","17":"product_cat-za-prekomerno-telesno-tezo","18":"desktop-align-center","19":"tablet-align-center","20":"mobile-align-center","22":"first","23":"outofstock","24":"shipping-taxable","25":"purchasable","26":"product-type-simple"},"acf":[],"yoast_head":"<!-- This site is optimized with the Yoast SEO plugin v27.4 - https:\/\/yoast.com\/product\/yoast-seo-wordpress\/ -->\n<title>NP Lifestyle - za starej\u0161e ma\u010dke brez \u017eitaric - Losos - Trgovina Pasja Univerza<\/title>\n<meta name=\"description\" content=\"NP Lifestyle - za starej\u0161e ma\u010dke brez \u017eitaric - Losos.\" \/>\n<meta name=\"robots\" content=\"index, follow, max-snippet:-1, max-image-preview:large, max-video-preview:-1\" \/>\n<link rel=\"canonical\" href=\"https:\/\/trgovina.pasjauniverza.si\/en\/product\/np-lifestyle-za-starejse-macke-brez-zitaric-losos\/\" \/>\n<meta property=\"og:locale\" content=\"en_US\" \/>\n<meta property=\"og:type\" content=\"article\" \/>\n<meta property=\"og:title\" content=\"NP Lifestyle - za starej\u0161e ma\u010dke brez \u017eitaric - Losos - Trgovina Pasja Univerza\" \/>\n<meta property=\"og:description\" content=\"NP Lifestyle - za starej\u0161e ma\u010dke brez \u017eitaric - Losos.\" \/>\n<meta property=\"og:url\" content=\"https:\/\/trgovina.pasjauniverza.si\/en\/product\/np-lifestyle-za-starejse-macke-brez-zitaric-losos\/\" \/>\n<meta property=\"og:site_name\" content=\"Trgovina Pasja Univerza\" \/>\n<meta property=\"article:modified_time\" content=\"2026-02-07T18:52:31+00:00\" \/>\n<meta property=\"og:image\" content=\"https:\/\/trgovina.pasjauniverza.si\/wp-content\/uploads\/2025\/12\/natures-protection-lifestyle-za-starejse-macke-losos.jpg\" \/>\n\t<meta property=\"og:image:width\" content=\"600\" \/>\n\t<meta property=\"og:image:height\" content=\"848\" \/>\n\t<meta property=\"og:image:type\" content=\"image\/jpeg\" \/>\n<meta name=\"twitter:card\" content=\"summary_large_image\" \/>\n<meta name=\"twitter:label1\" content=\"Est. reading time\" \/>\n\t<meta name=\"twitter:data1\" content=\"4 minutes\" \/>\n<script type=\"application\/ld+json\" class=\"yoast-schema-graph\">{\"@context\":\"https:\\\/\\\/schema.org\",\"@graph\":[{\"@type\":\"WebPage\",\"@id\":\"https:\\\/\\\/trgovina.pasjauniverza.si\\\/product\\\/np-lifestyle-za-starejse-macke-brez-zitaric-losos\\\/\",\"url\":\"https:\\\/\\\/trgovina.pasjauniverza.si\\\/product\\\/np-lifestyle-za-starejse-macke-brez-zitaric-losos\\\/\",\"name\":\"NP Lifestyle - za starej\u0161e ma\u010dke brez \u017eitaric - Losos - Trgovina Pasja Univerza\",\"isPartOf\":{\"@id\":\"https:\\\/\\\/trgovina.pasjauniverza.si\\\/#website\"},\"primaryImageOfPage\":{\"@id\":\"https:\\\/\\\/trgovina.pasjauniverza.si\\\/product\\\/np-lifestyle-za-starejse-macke-brez-zitaric-losos\\\/#primaryimage\"},\"image\":{\"@id\":\"https:\\\/\\\/trgovina.pasjauniverza.si\\\/product\\\/np-lifestyle-za-starejse-macke-brez-zitaric-losos\\\/#primaryimage\"},\"thumbnailUrl\":\"https:\\\/\\\/trgovina.pasjauniverza.si\\\/wp-content\\\/uploads\\\/2025\\\/12\\\/natures-protection-lifestyle-za-starejse-macke-losos.jpg\",\"datePublished\":\"2025-12-10T10:43:37+00:00\",\"dateModified\":\"2026-02-07T18:52:31+00:00\",\"description\":\"NP Lifestyle - za starej\u0161e ma\u010dke brez \u017eitaric - Losos.\",\"breadcrumb\":{\"@id\":\"https:\\\/\\\/trgovina.pasjauniverza.si\\\/product\\\/np-lifestyle-za-starejse-macke-brez-zitaric-losos\\\/#breadcrumb\"},\"inLanguage\":\"en-US\",\"potentialAction\":[{\"@type\":\"ReadAction\",\"target\":[\"https:\\\/\\\/trgovina.pasjauniverza.si\\\/product\\\/np-lifestyle-za-starejse-macke-brez-zitaric-losos\\\/\"]}]},{\"@type\":\"ImageObject\",\"inLanguage\":\"en-US\",\"@id\":\"https:\\\/\\\/trgovina.pasjauniverza.si\\\/product\\\/np-lifestyle-za-starejse-macke-brez-zitaric-losos\\\/#primaryimage\",\"url\":\"https:\\\/\\\/trgovina.pasjauniverza.si\\\/wp-content\\\/uploads\\\/2025\\\/12\\\/natures-protection-lifestyle-za-starejse-macke-losos.jpg\",\"contentUrl\":\"https:\\\/\\\/trgovina.pasjauniverza.si\\\/wp-content\\\/uploads\\\/2025\\\/12\\\/natures-protection-lifestyle-za-starejse-macke-losos.jpg\",\"width\":600,\"height\":848,\"caption\":\"natures-protection-lifestyle---za-starejse-macke---losos\"},{\"@type\":\"BreadcrumbList\",\"@id\":\"https:\\\/\\\/trgovina.pasjauniverza.si\\\/product\\\/np-lifestyle-za-starejse-macke-brez-zitaric-losos\\\/#breadcrumb\",\"itemListElement\":[{\"@type\":\"ListItem\",\"position\":1,\"name\":\"Home\",\"item\":\"https:\\\/\\\/trgovina.pasjauniverza.si\\\/\"},{\"@type\":\"ListItem\",\"position\":2,\"name\":\"Trgovina\",\"item\":\"https:\\\/\\\/trgovina.pasjauniverza.si\\\/trgovina\\\/\"},{\"@type\":\"ListItem\",\"position\":3,\"name\":\"NP Lifestyle &#8211; za starej\u0161e ma\u010dke brez \u017eitaric &#8211; Losos\"}]},{\"@type\":\"WebSite\",\"@id\":\"https:\\\/\\\/trgovina.pasjauniverza.si\\\/#website\",\"url\":\"https:\\\/\\\/trgovina.pasjauniverza.si\\\/\",\"name\":\"Trgovina Pasja Univerza\",\"description\":\"pasja univerza trgovina\",\"publisher\":{\"@id\":\"https:\\\/\\\/trgovina.pasjauniverza.si\\\/#organization\"},\"potentialAction\":[{\"@type\":\"SearchAction\",\"target\":{\"@type\":\"EntryPoint\",\"urlTemplate\":\"https:\\\/\\\/trgovina.pasjauniverza.si\\\/?s={search_term_string}\"},\"query-input\":{\"@type\":\"PropertyValueSpecification\",\"valueRequired\":true,\"valueName\":\"search_term_string\"}}],\"inLanguage\":\"en-US\"},{\"@type\":\"Organization\",\"@id\":\"https:\\\/\\\/trgovina.pasjauniverza.si\\\/#organization\",\"name\":\"Trgovina Pasja Univerza\",\"url\":\"https:\\\/\\\/trgovina.pasjauniverza.si\\\/\",\"logo\":{\"@type\":\"ImageObject\",\"inLanguage\":\"en-US\",\"@id\":\"https:\\\/\\\/trgovina.pasjauniverza.si\\\/#\\\/schema\\\/logo\\\/image\\\/\",\"url\":\"https:\\\/\\\/trgovina.pasjauniverza.si\\\/wp-content\\\/uploads\\\/2024\\\/08\\\/cropped-logotipi-vector-04.png\",\"contentUrl\":\"https:\\\/\\\/trgovina.pasjauniverza.si\\\/wp-content\\\/uploads\\\/2024\\\/08\\\/cropped-logotipi-vector-04.png\",\"width\":942,\"height\":908,\"caption\":\"Trgovina Pasja Univerza\"},\"image\":{\"@id\":\"https:\\\/\\\/trgovina.pasjauniverza.si\\\/#\\\/schema\\\/logo\\\/image\\\/\"}}]}<\/script>\n<!-- \/ Yoast SEO plugin. -->","yoast_head_json":{"title":"NP Lifestyle - za starej\u0161e ma\u010dke brez \u017eitaric - Losos - Trgovina Pasja Univerza","description":"NP Lifestyle - za starej\u0161e ma\u010dke brez \u017eitaric - Losos.","robots":{"index":"index","follow":"follow","max-snippet":"max-snippet:-1","max-image-preview":"max-image-preview:large","max-video-preview":"max-video-preview:-1"},"canonical":"https:\/\/trgovina.pasjauniverza.si\/en\/product\/np-lifestyle-za-starejse-macke-brez-zitaric-losos\/","og_locale":"en_US","og_type":"article","og_title":"NP Lifestyle - za starej\u0161e ma\u010dke brez \u017eitaric - Losos - Trgovina Pasja Univerza","og_description":"NP Lifestyle - za starej\u0161e ma\u010dke brez \u017eitaric - Losos.","og_url":"https:\/\/trgovina.pasjauniverza.si\/en\/product\/np-lifestyle-za-starejse-macke-brez-zitaric-losos\/","og_site_name":"Trgovina Pasja Univerza","article_modified_time":"2026-02-07T18:52:31+00:00","og_image":[{"width":600,"height":848,"url":"https:\/\/trgovina.pasjauniverza.si\/wp-content\/uploads\/2025\/12\/natures-protection-lifestyle-za-starejse-macke-losos.jpg","type":"image\/jpeg"}],"twitter_card":"summary_large_image","twitter_misc":{"Est. reading time":"4 minutes"},"schema":{"@context":"https:\/\/schema.org","@graph":[{"@type":"WebPage","@id":"https:\/\/trgovina.pasjauniverza.si\/product\/np-lifestyle-za-starejse-macke-brez-zitaric-losos\/","url":"https:\/\/trgovina.pasjauniverza.si\/product\/np-lifestyle-za-starejse-macke-brez-zitaric-losos\/","name":"NP Lifestyle - za starej\u0161e ma\u010dke brez \u017eitaric - Losos - Trgovina Pasja Univerza","isPartOf":{"@id":"https:\/\/trgovina.pasjauniverza.si\/#website"},"primaryImageOfPage":{"@id":"https:\/\/trgovina.pasjauniverza.si\/product\/np-lifestyle-za-starejse-macke-brez-zitaric-losos\/#primaryimage"},"image":{"@id":"https:\/\/trgovina.pasjauniverza.si\/product\/np-lifestyle-za-starejse-macke-brez-zitaric-losos\/#primaryimage"},"thumbnailUrl":"https:\/\/trgovina.pasjauniverza.si\/wp-content\/uploads\/2025\/12\/natures-protection-lifestyle-za-starejse-macke-losos.jpg","datePublished":"2025-12-10T10:43:37+00:00","dateModified":"2026-02-07T18:52:31+00:00","description":"NP Lifestyle - za starej\u0161e ma\u010dke brez \u017eitaric - Losos.","breadcrumb":{"@id":"https:\/\/trgovina.pasjauniverza.si\/product\/np-lifestyle-za-starejse-macke-brez-zitaric-losos\/#breadcrumb"},"inLanguage":"en-US","potentialAction":[{"@type":"ReadAction","target":["https:\/\/trgovina.pasjauniverza.si\/product\/np-lifestyle-za-starejse-macke-brez-zitaric-losos\/"]}]},{"@type":"ImageObject","inLanguage":"en-US","@id":"https:\/\/trgovina.pasjauniverza.si\/product\/np-lifestyle-za-starejse-macke-brez-zitaric-losos\/#primaryimage","url":"https:\/\/trgovina.pasjauniverza.si\/wp-content\/uploads\/2025\/12\/natures-protection-lifestyle-za-starejse-macke-losos.jpg","contentUrl":"https:\/\/trgovina.pasjauniverza.si\/wp-content\/uploads\/2025\/12\/natures-protection-lifestyle-za-starejse-macke-losos.jpg","width":600,"height":848,"caption":"natures-protection-lifestyle---za-starejse-macke---losos"},{"@type":"BreadcrumbList","@id":"https:\/\/trgovina.pasjauniverza.si\/product\/np-lifestyle-za-starejse-macke-brez-zitaric-losos\/#breadcrumb","itemListElement":[{"@type":"ListItem","position":1,"name":"Home","item":"https:\/\/trgovina.pasjauniverza.si\/"},{"@type":"ListItem","position":2,"name":"Trgovina","item":"https:\/\/trgovina.pasjauniverza.si\/trgovina\/"},{"@type":"ListItem","position":3,"name":"NP Lifestyle &#8211; za starej\u0161e ma\u010dke brez \u017eitaric &#8211; Losos"}]},{"@type":"WebSite","@id":"https:\/\/trgovina.pasjauniverza.si\/#website","url":"https:\/\/trgovina.pasjauniverza.si\/","name":"Trgovina Pasja Univerza","description":"pasja univerza trgovina","publisher":{"@id":"https:\/\/trgovina.pasjauniverza.si\/#organization"},"potentialAction":[{"@type":"SearchAction","target":{"@type":"EntryPoint","urlTemplate":"https:\/\/trgovina.pasjauniverza.si\/?s={search_term_string}"},"query-input":{"@type":"PropertyValueSpecification","valueRequired":true,"valueName":"search_term_string"}}],"inLanguage":"en-US"},{"@type":"Organization","@id":"https:\/\/trgovina.pasjauniverza.si\/#organization","name":"Trgovina Pasja Univerza","url":"https:\/\/trgovina.pasjauniverza.si\/","logo":{"@type":"ImageObject","inLanguage":"en-US","@id":"https:\/\/trgovina.pasjauniverza.si\/#\/schema\/logo\/image\/","url":"https:\/\/trgovina.pasjauniverza.si\/wp-content\/uploads\/2024\/08\/cropped-logotipi-vector-04.png","contentUrl":"https:\/\/trgovina.pasjauniverza.si\/wp-content\/uploads\/2024\/08\/cropped-logotipi-vector-04.png","width":942,"height":908,"caption":"Trgovina Pasja Univerza"},"image":{"@id":"https:\/\/trgovina.pasjauniverza.si\/#\/schema\/logo\/image\/"}}]}},"uagb_featured_image_src":{"full":["https:\/\/trgovina.pasjauniverza.si\/wp-content\/uploads\/2025\/12\/natures-protection-lifestyle-za-starejse-macke-losos.jpg",600,848,false],"thumbnail":["https:\/\/trgovina.pasjauniverza.si\/wp-content\/uploads\/2025\/12\/natures-protection-lifestyle-za-starejse-macke-losos-150x150.jpg",150,150,true],"medium":["https:\/\/trgovina.pasjauniverza.si\/wp-content\/uploads\/2025\/12\/natures-protection-lifestyle-za-starejse-macke-losos-212x300.jpg",212,300,true],"medium_large":["https:\/\/trgovina.pasjauniverza.si\/wp-content\/uploads\/2025\/12\/natures-protection-lifestyle-za-starejse-macke-losos.jpg",600,848,false],"large":["https:\/\/trgovina.pasjauniverza.si\/wp-content\/uploads\/2025\/12\/natures-protection-lifestyle-za-starejse-macke-losos.jpg",600,848,false],"1536x1536":["https:\/\/trgovina.pasjauniverza.si\/wp-content\/uploads\/2025\/12\/natures-protection-lifestyle-za-starejse-macke-losos.jpg",600,848,false],"2048x2048":["https:\/\/trgovina.pasjauniverza.si\/wp-content\/uploads\/2025\/12\/natures-protection-lifestyle-za-starejse-macke-losos.jpg",600,848,false],"trp-custom-language-flag":["https:\/\/trgovina.pasjauniverza.si\/wp-content\/uploads\/2025\/12\/natures-protection-lifestyle-za-starejse-macke-losos-8x12.jpg",8,12,true],"woocommerce_thumbnail":["https:\/\/trgovina.pasjauniverza.si\/wp-content\/uploads\/2025\/12\/natures-protection-lifestyle-za-starejse-macke-losos-300x300.jpg",300,300,true],"woocommerce_single":["https:\/\/trgovina.pasjauniverza.si\/wp-content\/uploads\/2025\/12\/natures-protection-lifestyle-za-starejse-macke-losos.jpg",600,848,false],"woocommerce_gallery_thumbnail":["https:\/\/trgovina.pasjauniverza.si\/wp-content\/uploads\/2025\/12\/natures-protection-lifestyle-za-starejse-macke-losos-100x100.jpg",100,100,true]},"uagb_author_info":{"display_name":"Karmen Grubeli\u0107, dr.vet.med.","author_link":"https:\/\/trgovina.pasjauniverza.si\/en\/author\/"},"uagb_comment_info":0,"uagb_excerpt":"Suha hrana za starej\u0161e ma\u010dke z lososom \u2014 prilagojena zrelim mucam za la\u017eje staranje, zdrav metabolizem in pro\u017enost sklepov. Hrana za starej\u0161e ma\u010dke Z visoko kakovostnim lososom Uravnava telesno te\u017eo Skrbi za mo\u010dan imunski sistem Z dodatki za zdravo prebavo","jetpack_sharing_enabled":true,"_links":{"self":[{"href":"https:\/\/trgovina.pasjauniverza.si\/en\/wp-json\/wp\/v2\/product\/16006","targetHints":{"allow":["GET"]}}],"collection":[{"href":"https:\/\/trgovina.pasjauniverza.si\/en\/wp-json\/wp\/v2\/product"}],"about":[{"href":"https:\/\/trgovina.pasjauniverza.si\/en\/wp-json\/wp\/v2\/types\/product"}],"replies":[{"embeddable":true,"href":"https:\/\/trgovina.pasjauniverza.si\/en\/wp-json\/wp\/v2\/comments?post=16006"}],"wp:featuredmedia":[{"embeddable":true,"href":"https:\/\/trgovina.pasjauniverza.si\/en\/wp-json\/wp\/v2\/media\/16007"}],"wp:attachment":[{"href":"https:\/\/trgovina.pasjauniverza.si\/en\/wp-json\/wp\/v2\/media?parent=16006"}],"wp:term":[{"taxonomy":"product_brand","embeddable":true,"href":"https:\/\/trgovina.pasjauniverza.si\/en\/wp-json\/wp\/v2\/product_brand?post=16006"},{"taxonomy":"product_cat","embeddable":true,"href":"https:\/\/trgovina.pasjauniverza.si\/en\/wp-json\/wp\/v2\/product_cat?post=16006"},{"taxonomy":"product_tag","embeddable":true,"href":"https:\/\/trgovina.pasjauniverza.si\/en\/wp-json\/wp\/v2\/product_tag?post=16006"}],"curies":[{"name":"wp","href":"https:\/\/api.w.org\/{rel}","templated":true}]}}