
{"id":15995,"date":"2025-12-10T09:56:24","date_gmt":"2025-12-10T09:56:24","guid":{"rendered":"https:\/\/trgovina.pasjauniverza.si\/?post_type=product&#038;p=15995"},"modified":"2025-12-10T10:03:07","modified_gmt":"2025-12-10T10:03:07","slug":"np-lifestyle-priboljski-za-macke-raca-goji-jagode-75g","status":"publish","type":"product","link":"https:\/\/trgovina.pasjauniverza.si\/en\/product\/np-lifestyle-priboljski-za-macke-raca-goji-jagode-75g\/","title":{"rendered":"NP Lifestyle pribolj\u0161ki za ma\u010dke &#8211; Raca &#038; Goji jagode 75g"},"content":{"rendered":"<h4>Ko se zdru\u017eita slasten okus in hranljiva sestava<\/h4>\n<p>\u010ce i\u0161\u010dete pribolj\u0161ek, ki bo navdu\u0161il va\u0161o ma\u010dko in ji hkrati nudil dodatno podporo za zdravje, so pribolj\u0161ki\u00a0Nature\u2019s Protection Lifestyle z raco\u00a0in goji jagodami prava izbira. Gre za premium pribolj\u0161ke, izdelane iz visokokakovostnih naravnih sestavin, brez umetnih dodatkov in z izjemnim okusom.<\/p>\n<p>Glavna sestavina je ra\u010dje meso, ki je odli\u010den vir beljakovin in hkrati nizkokalori\u010dno, zato pomaga pri ohranjanju idealne telesne te\u017ee ter podpira razvoj in vzdr\u017eevanje mi\u0161i\u010dne mase. Zaradi svoje lahko prebavljive narave je idealno tudi za bolj ob\u010dutljive ma\u010dke. Dodane goji jagode, znane kot super\u017eivilo, vsebujejo obilico antioksidantov, ki pomagajo pri boju proti prostim radikalom, krepijo imunski sistem in prispevajo k splo\u0161nemu po\u010dutju va\u0161e ma\u010dke.<\/p>\n<p>Pribolj\u0161ki so ne le hranilno bogati, ampak tudi izjemno okusni, kar pomeni, da bodo z veseljem sprejeti tudi pri najbolj izbir\u010dnih ma\u010dkah. So popolni kot dnevna nagrada, pomo\u010d pri u\u010denju ali preprosto za razvajanje.<\/p>\n<div class=\"product-page\">\n<div class=\"container\">\n<div id=\"product\" class=\"row accordion pt-5\">\n<div class=\"product-description col-md-9 desktop\">\n<div id=\"product_1\" class=\"collapse show\" aria-labelledby=\"producthead_1\" data-parent=\"#product\">\n<div class=\"card-body editor_text\">\n<p>Sestava:<br \/>\nRaca 85 %, krompirjev \u0161krob 7 %, goji jagode 5 %, glicerin 3 %.<\/p>\n<p>Analiti\u010dna sestava:<br \/>\nSurove beljakovine \u2013 30 %, surove\u00a0vlaknine\u00a0\u2013 1 %, surove ma\u0161\u010dobe \u2013 6 %, surov pepel \u2013 3 %, vlaga \u2013 23 %.<\/p>\n<\/div>\n<\/div>\n<\/div>\n<\/div>\n<\/div>\n<\/div>\n<div class=\"container\">\n<div class=\"suggested-products-product suggested-products\">\n<p>Nature&#8217;s Protection Lifestyle je linija znamke Nature&#8217;s Protection, ki ponuja suho in mokro hrano ter pribolj\u0161ke za pse in ma\u010dke. Nudijo izdelke za posebne prehranske potrebe, denimo hrana za sterilizirane ma\u010dke ali\u00a0pasji pribolj\u0161ki za uravnavanje telesne te\u017ee, vsi njihovi artikli pa se pona\u0161ajo z visoko kakovostjo in ugodno sestavo.<\/p>\n<p>Razi\u0161\u010dite celotno ponudbo linije\u00a0Nature&#8217;s Protection Lifestyle in izberite izdelke, ki najbolj ustrezajo va\u0161emu ljubljen\u010dku.<\/p>\n<\/div>\n<\/div>","protected":false},"excerpt":{"rendered":"<article class=\"text-token-text-primary w-full focus:outline-none [--shadow-height:45px] has-data-writing-block:pointer-events-none has-data-writing-block:-mt-(--shadow-height) has-data-writing-block:pt-(--shadow-height) [&amp;:has([data-writing-block])&gt;*]:pointer-events-auto scroll-mt-[calc(var(--header-height)+min(200px,max(70px,20svh)))]\" dir=\"auto\" tabindex=\"-1\" data-turn-id=\"request-692c231d-5290-832a-b8a1-7ae44559eb3d-1\" data-testid=\"conversation-turn-128\" data-scroll-anchor=\"true\" data-turn=\"assistant\">\n<div class=\"text-base my-auto mx-auto pb-10 [--thread-content-margin:--spacing(4)] @w-sm\/main:[--thread-content-margin:--spacing(6)] @w-lg\/main:[--thread-content-margin:--spacing(16)] px-(--thread-content-margin)\">\n<div class=\"[--thread-content-max-width:40rem] @w-lg\/main:[--thread-content-max-width:48rem] mx-auto max-w-(--thread-content-max-width) flex-1 group\/turn-messages focus-visible:outline-hidden relative flex w-full min-w-0 flex-col agent-turn\" tabindex=\"-1\">\n<div class=\"flex max-w-full flex-col grow\">\n<div class=\"min-h-8 text-message relative flex w-full flex-col items-end gap-2 text-start break-words whitespace-normal [.text-message+&amp;]:mt-1\" dir=\"auto\" data-message-author-role=\"assistant\" data-message-id=\"2239e3b5-fdd5-487c-9084-6dca249dc2f1\" data-message-model-slug=\"gpt-5-1\">\n<div class=\"flex w-full flex-col gap-1 empty:hidden first:pt-[1px]\">\n<div class=\"markdown prose dark:prose-invert w-full break-words light markdown-new-styling\">\n<p data-start=\"0\" data-end=\"150\" data-is-last-node=\"\" data-is-only-node=\"\"><strong data-start=\"0\" data-end=\"150\" data-is-last-node=\"\" data-is-only-node=\"\">Okusen naravni pribolj\u0161ek za ma\u010dke iz ra\u010djega mesa in goji jagod, ki podpira imunski sistem ter je primeren tudi za ob\u010dutljive ali izbir\u010dne ma\u010dke.<\/strong><\/p>\n<\/div>\n<\/div>\n<\/div>\n<\/div>\n<\/div>\n<\/div>\n<\/article>\n<ul>\n<li>Lahko prebavljiv vir beljakovin<\/li>\n<li>monoproteinsko &#8211; primerno za alergike<\/li>\n<li>Goji jagode kot odli\u010den vir antioksidantov<\/li>\n<li>Mehki pribolj\u0161ki<\/li>\n<li>Odli\u010den okus<\/li>\n<li>Brez umetnih dodatkov<\/li>\n<\/ul>\n","protected":false},"featured_media":15996,"comment_status":"open","ping_status":"closed","template":"","meta":{"_acf_changed":false,"_uag_custom_page_level_css":"","site-sidebar-layout":"default","site-content-layout":"","ast-site-content-layout":"default","site-content-style":"default","site-sidebar-style":"default","ast-global-header-display":"","ast-banner-title-visibility":"","ast-main-header-display":"","ast-hfb-above-header-display":"","ast-hfb-below-header-display":"","ast-hfb-mobile-header-display":"","site-post-title":"","ast-breadcrumbs-content":"","ast-featured-img":"","footer-sml-layout":"","ast-disable-related-posts":"","theme-transparent-header-meta":"default","adv-header-id-meta":"","stick-header-meta":"","header-above-stick-meta":"","header-main-stick-meta":"","header-below-stick-meta":"","astra-migrate-meta-layouts":"set","ast-page-background-enabled":"default","ast-page-background-meta":{"desktop":{"background-color":"","background-image":"","background-repeat":"repeat","background-position":"center center","background-size":"auto","background-attachment":"scroll","background-type":"","background-media":"","overlay-type":"","overlay-color":"","overlay-opacity":"","overlay-gradient":""},"tablet":{"background-color":"","background-image":"","background-repeat":"repeat","background-position":"center center","background-size":"auto","background-attachment":"scroll","background-type":"","background-media":"","overlay-type":"","overlay-color":"","overlay-opacity":"","overlay-gradient":""},"mobile":{"background-color":"","background-image":"","background-repeat":"repeat","background-position":"center center","background-size":"auto","background-attachment":"scroll","background-type":"","background-media":"","overlay-type":"","overlay-color":"","overlay-opacity":"","overlay-gradient":""}},"ast-content-background-meta":{"desktop":{"background-color":"var(--ast-global-color-5)","background-image":"","background-repeat":"repeat","background-position":"center center","background-size":"auto","background-attachment":"scroll","background-type":"","background-media":"","overlay-type":"","overlay-color":"","overlay-opacity":"","overlay-gradient":""},"tablet":{"background-color":"var(--ast-global-color-5)","background-image":"","background-repeat":"repeat","background-position":"center center","background-size":"auto","background-attachment":"scroll","background-type":"","background-media":"","overlay-type":"","overlay-color":"","overlay-opacity":"","overlay-gradient":""},"mobile":{"background-color":"var(--ast-global-color-5)","background-image":"","background-repeat":"repeat","background-position":"center center","background-size":"auto","background-attachment":"scroll","background-type":"","background-media":"","overlay-type":"","overlay-color":"","overlay-opacity":"","overlay-gradient":""}}},"product_brand":[],"product_cat":[947,643,732,724,948,365,945,942,957,18],"product_tag":[],"class_list":{"0":"post-15995","1":"product","2":"type-product","3":"status-publish","4":"has-post-thumbnail","6":"product_cat-brez-glutena","7":"product_cat-hrana-brez-zitaric","8":"product_cat-hrana-za-macke","9":"product_cat-macke","10":"product_cat-monoproteinska-hrana","11":"product_cat-lifestyle","12":"product_cat-obcutljiv-zelodec","13":"product_cat-posebne-prehranske-potrebe","14":"product_cat-priboljski-za-macke","15":"product_cat-vsi-izdelki","16":"desktop-align-center","17":"tablet-align-center","18":"mobile-align-center","20":"first","21":"instock","22":"shipping-taxable","23":"purchasable","24":"product-type-simple"},"acf":[],"yoast_head":"<!-- This site is optimized with the Yoast SEO plugin v27.4 - https:\/\/yoast.com\/product\/yoast-seo-wordpress\/ -->\n<title>NP Lifestyle pribolj\u0161ki za ma\u010dke - Raca &amp; Goji jagode 75g - Trgovina Pasja Univerza<\/title>\n<meta name=\"description\" content=\"NP Lifestyle pribolj\u0161ki za ma\u010dke - Raca &amp; Goji jagode 75g\" \/>\n<meta name=\"robots\" content=\"index, follow, max-snippet:-1, max-image-preview:large, max-video-preview:-1\" \/>\n<link rel=\"canonical\" href=\"https:\/\/trgovina.pasjauniverza.si\/en\/product\/np-lifestyle-priboljski-za-macke-raca-goji-jagode-75g\/\" \/>\n<meta property=\"og:locale\" content=\"en_US\" \/>\n<meta property=\"og:type\" content=\"article\" \/>\n<meta property=\"og:title\" content=\"NP Lifestyle pribolj\u0161ki za ma\u010dke - Raca &amp; Goji jagode 75g - Trgovina Pasja Univerza\" \/>\n<meta property=\"og:description\" content=\"NP Lifestyle pribolj\u0161ki za ma\u010dke - Raca &amp; Goji jagode 75g\" \/>\n<meta property=\"og:url\" content=\"https:\/\/trgovina.pasjauniverza.si\/en\/product\/np-lifestyle-priboljski-za-macke-raca-goji-jagode-75g\/\" \/>\n<meta property=\"og:site_name\" content=\"Trgovina Pasja Univerza\" \/>\n<meta property=\"article:modified_time\" content=\"2025-12-10T10:03:07+00:00\" \/>\n<meta property=\"og:image\" content=\"https:\/\/trgovina.pasjauniverza.si\/wp-content\/uploads\/2025\/12\/natures-protection-lifestyle-priboljski-za-macke-raca-a-goji-jagode.jpg\" \/>\n\t<meta property=\"og:image:width\" content=\"600\" \/>\n\t<meta property=\"og:image:height\" content=\"600\" \/>\n\t<meta property=\"og:image:type\" content=\"image\/jpeg\" \/>\n<meta name=\"twitter:card\" content=\"summary_large_image\" \/>\n<meta name=\"twitter:label1\" content=\"Est. reading time\" \/>\n\t<meta name=\"twitter:data1\" content=\"2 minutes\" \/>\n<script type=\"application\/ld+json\" class=\"yoast-schema-graph\">{\"@context\":\"https:\\\/\\\/schema.org\",\"@graph\":[{\"@type\":\"WebPage\",\"@id\":\"https:\\\/\\\/trgovina.pasjauniverza.si\\\/product\\\/np-lifestyle-priboljski-za-macke-raca-goji-jagode-75g\\\/\",\"url\":\"https:\\\/\\\/trgovina.pasjauniverza.si\\\/product\\\/np-lifestyle-priboljski-za-macke-raca-goji-jagode-75g\\\/\",\"name\":\"NP Lifestyle pribolj\u0161ki za ma\u010dke - Raca & Goji jagode 75g - Trgovina Pasja Univerza\",\"isPartOf\":{\"@id\":\"https:\\\/\\\/trgovina.pasjauniverza.si\\\/#website\"},\"primaryImageOfPage\":{\"@id\":\"https:\\\/\\\/trgovina.pasjauniverza.si\\\/product\\\/np-lifestyle-priboljski-za-macke-raca-goji-jagode-75g\\\/#primaryimage\"},\"image\":{\"@id\":\"https:\\\/\\\/trgovina.pasjauniverza.si\\\/product\\\/np-lifestyle-priboljski-za-macke-raca-goji-jagode-75g\\\/#primaryimage\"},\"thumbnailUrl\":\"https:\\\/\\\/trgovina.pasjauniverza.si\\\/wp-content\\\/uploads\\\/2025\\\/12\\\/natures-protection-lifestyle-priboljski-za-macke-raca-a-goji-jagode.jpg\",\"datePublished\":\"2025-12-10T09:56:24+00:00\",\"dateModified\":\"2025-12-10T10:03:07+00:00\",\"description\":\"NP Lifestyle pribolj\u0161ki za ma\u010dke - Raca & Goji jagode 75g\",\"breadcrumb\":{\"@id\":\"https:\\\/\\\/trgovina.pasjauniverza.si\\\/product\\\/np-lifestyle-priboljski-za-macke-raca-goji-jagode-75g\\\/#breadcrumb\"},\"inLanguage\":\"en-US\",\"potentialAction\":[{\"@type\":\"ReadAction\",\"target\":[\"https:\\\/\\\/trgovina.pasjauniverza.si\\\/product\\\/np-lifestyle-priboljski-za-macke-raca-goji-jagode-75g\\\/\"]}]},{\"@type\":\"ImageObject\",\"inLanguage\":\"en-US\",\"@id\":\"https:\\\/\\\/trgovina.pasjauniverza.si\\\/product\\\/np-lifestyle-priboljski-za-macke-raca-goji-jagode-75g\\\/#primaryimage\",\"url\":\"https:\\\/\\\/trgovina.pasjauniverza.si\\\/wp-content\\\/uploads\\\/2025\\\/12\\\/natures-protection-lifestyle-priboljski-za-macke-raca-a-goji-jagode.jpg\",\"contentUrl\":\"https:\\\/\\\/trgovina.pasjauniverza.si\\\/wp-content\\\/uploads\\\/2025\\\/12\\\/natures-protection-lifestyle-priboljski-za-macke-raca-a-goji-jagode.jpg\",\"width\":600,\"height\":600,\"caption\":\"Nature's Protection Lifestyle je linija znamke Nature's Protection, ki ponuja suho in mokro hrano ter pribolj\u0161ke za pse in ma\u010dke. Nudijo izdelke za posebne prehranske potrebe, denimo hrana za sterilizirane ma\u010dke ali pasji pribolj\u0161ki za uravnavanje telesne te\u017ee, vsi njihovi artikli pa se pona\u0161ajo z visoko kakovostjo in ugodno sestavo. Razi\u0161\u010dite celotno ponudbo linije Nature's Protection Lifestyle in izberite izdelke, ki najbolj ustrezajo va\u0161emu ljubljen\u010dku.\"},{\"@type\":\"BreadcrumbList\",\"@id\":\"https:\\\/\\\/trgovina.pasjauniverza.si\\\/product\\\/np-lifestyle-priboljski-za-macke-raca-goji-jagode-75g\\\/#breadcrumb\",\"itemListElement\":[{\"@type\":\"ListItem\",\"position\":1,\"name\":\"Home\",\"item\":\"https:\\\/\\\/trgovina.pasjauniverza.si\\\/\"},{\"@type\":\"ListItem\",\"position\":2,\"name\":\"Trgovina\",\"item\":\"https:\\\/\\\/trgovina.pasjauniverza.si\\\/trgovina\\\/\"},{\"@type\":\"ListItem\",\"position\":3,\"name\":\"NP Lifestyle pribolj\u0161ki za ma\u010dke &#8211; Raca &#038; Goji jagode 75g\"}]},{\"@type\":\"WebSite\",\"@id\":\"https:\\\/\\\/trgovina.pasjauniverza.si\\\/#website\",\"url\":\"https:\\\/\\\/trgovina.pasjauniverza.si\\\/\",\"name\":\"Trgovina Pasja Univerza\",\"description\":\"pasja univerza trgovina\",\"publisher\":{\"@id\":\"https:\\\/\\\/trgovina.pasjauniverza.si\\\/#organization\"},\"potentialAction\":[{\"@type\":\"SearchAction\",\"target\":{\"@type\":\"EntryPoint\",\"urlTemplate\":\"https:\\\/\\\/trgovina.pasjauniverza.si\\\/?s={search_term_string}\"},\"query-input\":{\"@type\":\"PropertyValueSpecification\",\"valueRequired\":true,\"valueName\":\"search_term_string\"}}],\"inLanguage\":\"en-US\"},{\"@type\":\"Organization\",\"@id\":\"https:\\\/\\\/trgovina.pasjauniverza.si\\\/#organization\",\"name\":\"Trgovina Pasja Univerza\",\"url\":\"https:\\\/\\\/trgovina.pasjauniverza.si\\\/\",\"logo\":{\"@type\":\"ImageObject\",\"inLanguage\":\"en-US\",\"@id\":\"https:\\\/\\\/trgovina.pasjauniverza.si\\\/#\\\/schema\\\/logo\\\/image\\\/\",\"url\":\"https:\\\/\\\/trgovina.pasjauniverza.si\\\/wp-content\\\/uploads\\\/2024\\\/08\\\/cropped-logotipi-vector-04.png\",\"contentUrl\":\"https:\\\/\\\/trgovina.pasjauniverza.si\\\/wp-content\\\/uploads\\\/2024\\\/08\\\/cropped-logotipi-vector-04.png\",\"width\":942,\"height\":908,\"caption\":\"Trgovina Pasja Univerza\"},\"image\":{\"@id\":\"https:\\\/\\\/trgovina.pasjauniverza.si\\\/#\\\/schema\\\/logo\\\/image\\\/\"}}]}<\/script>\n<!-- \/ Yoast SEO plugin. -->","yoast_head_json":{"title":"NP Lifestyle pribolj\u0161ki za ma\u010dke - Raca & Goji jagode 75g - Trgovina Pasja Univerza","description":"NP Lifestyle pribolj\u0161ki za ma\u010dke - Raca & Goji jagode 75g","robots":{"index":"index","follow":"follow","max-snippet":"max-snippet:-1","max-image-preview":"max-image-preview:large","max-video-preview":"max-video-preview:-1"},"canonical":"https:\/\/trgovina.pasjauniverza.si\/en\/product\/np-lifestyle-priboljski-za-macke-raca-goji-jagode-75g\/","og_locale":"en_US","og_type":"article","og_title":"NP Lifestyle pribolj\u0161ki za ma\u010dke - Raca & Goji jagode 75g - Trgovina Pasja Univerza","og_description":"NP Lifestyle pribolj\u0161ki za ma\u010dke - Raca & Goji jagode 75g","og_url":"https:\/\/trgovina.pasjauniverza.si\/en\/product\/np-lifestyle-priboljski-za-macke-raca-goji-jagode-75g\/","og_site_name":"Trgovina Pasja Univerza","article_modified_time":"2025-12-10T10:03:07+00:00","og_image":[{"width":600,"height":600,"url":"https:\/\/trgovina.pasjauniverza.si\/wp-content\/uploads\/2025\/12\/natures-protection-lifestyle-priboljski-za-macke-raca-a-goji-jagode.jpg","type":"image\/jpeg"}],"twitter_card":"summary_large_image","twitter_misc":{"Est. reading time":"2 minutes"},"schema":{"@context":"https:\/\/schema.org","@graph":[{"@type":"WebPage","@id":"https:\/\/trgovina.pasjauniverza.si\/product\/np-lifestyle-priboljski-za-macke-raca-goji-jagode-75g\/","url":"https:\/\/trgovina.pasjauniverza.si\/product\/np-lifestyle-priboljski-za-macke-raca-goji-jagode-75g\/","name":"NP Lifestyle pribolj\u0161ki za ma\u010dke - Raca & Goji jagode 75g - Trgovina Pasja Univerza","isPartOf":{"@id":"https:\/\/trgovina.pasjauniverza.si\/#website"},"primaryImageOfPage":{"@id":"https:\/\/trgovina.pasjauniverza.si\/product\/np-lifestyle-priboljski-za-macke-raca-goji-jagode-75g\/#primaryimage"},"image":{"@id":"https:\/\/trgovina.pasjauniverza.si\/product\/np-lifestyle-priboljski-za-macke-raca-goji-jagode-75g\/#primaryimage"},"thumbnailUrl":"https:\/\/trgovina.pasjauniverza.si\/wp-content\/uploads\/2025\/12\/natures-protection-lifestyle-priboljski-za-macke-raca-a-goji-jagode.jpg","datePublished":"2025-12-10T09:56:24+00:00","dateModified":"2025-12-10T10:03:07+00:00","description":"NP Lifestyle pribolj\u0161ki za ma\u010dke - Raca & Goji jagode 75g","breadcrumb":{"@id":"https:\/\/trgovina.pasjauniverza.si\/product\/np-lifestyle-priboljski-za-macke-raca-goji-jagode-75g\/#breadcrumb"},"inLanguage":"en-US","potentialAction":[{"@type":"ReadAction","target":["https:\/\/trgovina.pasjauniverza.si\/product\/np-lifestyle-priboljski-za-macke-raca-goji-jagode-75g\/"]}]},{"@type":"ImageObject","inLanguage":"en-US","@id":"https:\/\/trgovina.pasjauniverza.si\/product\/np-lifestyle-priboljski-za-macke-raca-goji-jagode-75g\/#primaryimage","url":"https:\/\/trgovina.pasjauniverza.si\/wp-content\/uploads\/2025\/12\/natures-protection-lifestyle-priboljski-za-macke-raca-a-goji-jagode.jpg","contentUrl":"https:\/\/trgovina.pasjauniverza.si\/wp-content\/uploads\/2025\/12\/natures-protection-lifestyle-priboljski-za-macke-raca-a-goji-jagode.jpg","width":600,"height":600,"caption":"Nature's Protection Lifestyle je linija znamke Nature's Protection, ki ponuja suho in mokro hrano ter pribolj\u0161ke za pse in ma\u010dke. Nudijo izdelke za posebne prehranske potrebe, denimo hrana za sterilizirane ma\u010dke ali pasji pribolj\u0161ki za uravnavanje telesne te\u017ee, vsi njihovi artikli pa se pona\u0161ajo z visoko kakovostjo in ugodno sestavo. Razi\u0161\u010dite celotno ponudbo linije Nature's Protection Lifestyle in izberite izdelke, ki najbolj ustrezajo va\u0161emu ljubljen\u010dku."},{"@type":"BreadcrumbList","@id":"https:\/\/trgovina.pasjauniverza.si\/product\/np-lifestyle-priboljski-za-macke-raca-goji-jagode-75g\/#breadcrumb","itemListElement":[{"@type":"ListItem","position":1,"name":"Home","item":"https:\/\/trgovina.pasjauniverza.si\/"},{"@type":"ListItem","position":2,"name":"Trgovina","item":"https:\/\/trgovina.pasjauniverza.si\/trgovina\/"},{"@type":"ListItem","position":3,"name":"NP Lifestyle pribolj\u0161ki za ma\u010dke &#8211; Raca &#038; Goji jagode 75g"}]},{"@type":"WebSite","@id":"https:\/\/trgovina.pasjauniverza.si\/#website","url":"https:\/\/trgovina.pasjauniverza.si\/","name":"Trgovina Pasja Univerza","description":"pasja univerza trgovina","publisher":{"@id":"https:\/\/trgovina.pasjauniverza.si\/#organization"},"potentialAction":[{"@type":"SearchAction","target":{"@type":"EntryPoint","urlTemplate":"https:\/\/trgovina.pasjauniverza.si\/?s={search_term_string}"},"query-input":{"@type":"PropertyValueSpecification","valueRequired":true,"valueName":"search_term_string"}}],"inLanguage":"en-US"},{"@type":"Organization","@id":"https:\/\/trgovina.pasjauniverza.si\/#organization","name":"Trgovina Pasja Univerza","url":"https:\/\/trgovina.pasjauniverza.si\/","logo":{"@type":"ImageObject","inLanguage":"en-US","@id":"https:\/\/trgovina.pasjauniverza.si\/#\/schema\/logo\/image\/","url":"https:\/\/trgovina.pasjauniverza.si\/wp-content\/uploads\/2024\/08\/cropped-logotipi-vector-04.png","contentUrl":"https:\/\/trgovina.pasjauniverza.si\/wp-content\/uploads\/2024\/08\/cropped-logotipi-vector-04.png","width":942,"height":908,"caption":"Trgovina Pasja Univerza"},"image":{"@id":"https:\/\/trgovina.pasjauniverza.si\/#\/schema\/logo\/image\/"}}]}},"uagb_featured_image_src":{"full":["https:\/\/trgovina.pasjauniverza.si\/wp-content\/uploads\/2025\/12\/natures-protection-lifestyle-priboljski-za-macke-raca-a-goji-jagode.jpg",600,600,false],"thumbnail":["https:\/\/trgovina.pasjauniverza.si\/wp-content\/uploads\/2025\/12\/natures-protection-lifestyle-priboljski-za-macke-raca-a-goji-jagode-150x150.jpg",150,150,true],"medium":["https:\/\/trgovina.pasjauniverza.si\/wp-content\/uploads\/2025\/12\/natures-protection-lifestyle-priboljski-za-macke-raca-a-goji-jagode-300x300.jpg",300,300,true],"medium_large":["https:\/\/trgovina.pasjauniverza.si\/wp-content\/uploads\/2025\/12\/natures-protection-lifestyle-priboljski-za-macke-raca-a-goji-jagode.jpg",600,600,false],"large":["https:\/\/trgovina.pasjauniverza.si\/wp-content\/uploads\/2025\/12\/natures-protection-lifestyle-priboljski-za-macke-raca-a-goji-jagode.jpg",600,600,false],"1536x1536":["https:\/\/trgovina.pasjauniverza.si\/wp-content\/uploads\/2025\/12\/natures-protection-lifestyle-priboljski-za-macke-raca-a-goji-jagode.jpg",600,600,false],"2048x2048":["https:\/\/trgovina.pasjauniverza.si\/wp-content\/uploads\/2025\/12\/natures-protection-lifestyle-priboljski-za-macke-raca-a-goji-jagode.jpg",600,600,false],"trp-custom-language-flag":["https:\/\/trgovina.pasjauniverza.si\/wp-content\/uploads\/2025\/12\/natures-protection-lifestyle-priboljski-za-macke-raca-a-goji-jagode-12x12.jpg",12,12,true],"woocommerce_thumbnail":["https:\/\/trgovina.pasjauniverza.si\/wp-content\/uploads\/2025\/12\/natures-protection-lifestyle-priboljski-za-macke-raca-a-goji-jagode-300x300.jpg",300,300,true],"woocommerce_single":["https:\/\/trgovina.pasjauniverza.si\/wp-content\/uploads\/2025\/12\/natures-protection-lifestyle-priboljski-za-macke-raca-a-goji-jagode.jpg",600,600,false],"woocommerce_gallery_thumbnail":["https:\/\/trgovina.pasjauniverza.si\/wp-content\/uploads\/2025\/12\/natures-protection-lifestyle-priboljski-za-macke-raca-a-goji-jagode-100x100.jpg",100,100,true]},"uagb_author_info":{"display_name":"Karmen Grubeli\u0107, dr.vet.med.","author_link":"https:\/\/trgovina.pasjauniverza.si\/en\/author\/"},"uagb_comment_info":0,"uagb_excerpt":"Okusen naravni pribolj\u0161ek za ma\u010dke iz ra\u010djega mesa in goji jagod, ki podpira imunski sistem ter je primeren tudi za ob\u010dutljive ali izbir\u010dne ma\u010dke. Lahko prebavljiv vir beljakovin monoproteinsko - primerno za alergike Goji jagode kot odli\u010den vir antioksidantov Mehki pribolj\u0161ki Odli\u010den okus Brez umetnih dodatkov","jetpack_sharing_enabled":true,"_links":{"self":[{"href":"https:\/\/trgovina.pasjauniverza.si\/en\/wp-json\/wp\/v2\/product\/15995","targetHints":{"allow":["GET"]}}],"collection":[{"href":"https:\/\/trgovina.pasjauniverza.si\/en\/wp-json\/wp\/v2\/product"}],"about":[{"href":"https:\/\/trgovina.pasjauniverza.si\/en\/wp-json\/wp\/v2\/types\/product"}],"replies":[{"embeddable":true,"href":"https:\/\/trgovina.pasjauniverza.si\/en\/wp-json\/wp\/v2\/comments?post=15995"}],"wp:featuredmedia":[{"embeddable":true,"href":"https:\/\/trgovina.pasjauniverza.si\/en\/wp-json\/wp\/v2\/media\/15996"}],"wp:attachment":[{"href":"https:\/\/trgovina.pasjauniverza.si\/en\/wp-json\/wp\/v2\/media?parent=15995"}],"wp:term":[{"taxonomy":"product_brand","embeddable":true,"href":"https:\/\/trgovina.pasjauniverza.si\/en\/wp-json\/wp\/v2\/product_brand?post=15995"},{"taxonomy":"product_cat","embeddable":true,"href":"https:\/\/trgovina.pasjauniverza.si\/en\/wp-json\/wp\/v2\/product_cat?post=15995"},{"taxonomy":"product_tag","embeddable":true,"href":"https:\/\/trgovina.pasjauniverza.si\/en\/wp-json\/wp\/v2\/product_tag?post=15995"}],"curies":[{"name":"wp","href":"https:\/\/api.w.org\/{rel}","templated":true}]}}