
{"id":15885,"date":"2025-11-28T13:00:30","date_gmt":"2025-11-28T13:00:30","guid":{"rendered":"https:\/\/trgovina.pasjauniverza.si\/?post_type=product&#038;p=15885"},"modified":"2026-04-24T08:38:18","modified_gmt":"2026-04-24T08:38:18","slug":"borvo-nutrients-chaga","status":"publish","type":"product","link":"https:\/\/trgovina.pasjauniverza.si\/en\/product\/borvo-nutrients-chaga\/","title":{"rendered":"Borvo Nutrients medicinska goba Chaga &#8211; naravna podpora imunosti, celicam in protivnetno delovanje 40g"},"content":{"rendered":"<p data-start=\"338\" data-end=\"627\">Borvo Nutrients <em data-start=\"354\" data-end=\"378\">Chaga Mushroom Extract<\/em> je izjemno koncentriran izvle\u010dek arkti\u010dne \u010dage, gojene na certificiranih finskih brezah. Zaradi <strong data-start=\"475\" data-end=\"508\">ultrazvo\u010dne ekstrakcije (UAE)<\/strong> ponuja izjemno biorazpolo\u017eljivost aktivnih spojin, kar pomeni, da pes iz vsakega odmerka dobi najve\u010dji mo\u017eni u\u010dinek.<\/p>\n<p data-start=\"629\" data-end=\"883\">Chaga je ena najmo\u010dnej\u0161ih funkcionalnih gob za podporo imunskega sistema, zmanj\u0161evanje kroni\u010dnega vnetja, za\u0161\u010dito celic in izbolj\u0161anje splo\u0161nega zdravja \u2013 popolna izbira za starej\u0161e pse, pse s \u0161ibko odpornostjo, prebavnimi te\u017eavami ali kroni\u010dnimi vnetji.<\/p>\n<h4 data-start=\"890\" data-end=\"943\"><strong data-start=\"892\" data-end=\"943\">Glavne prednosti Chaga Mushroom Extracta za pse:<\/strong><\/h4>\n<ul data-start=\"944\" data-end=\"1625\">\n<li data-start=\"944\" data-end=\"1066\">\n<p data-start=\"946\" data-end=\"1066\"><strong data-start=\"946\" data-end=\"981\">Mo\u010dna podpora imunskemu sistemu<\/strong><br data-start=\"981\" data-end=\"984\" \/>Bogata z beta-glukani, ki krepijo naravno odpornost in delovanje imunskih celic.<\/p>\n<\/li>\n<li data-start=\"1068\" data-end=\"1179\">\n<p data-start=\"1070\" data-end=\"1179\"><strong data-start=\"1070\" data-end=\"1099\">Zmanj\u0161uje kroni\u010dna vnetja<\/strong><br data-start=\"1099\" data-end=\"1102\" \/>Aktivne spojine \u010dage pomagajo bla\u017eiti vnetja v sklepih in prebavnem traktu.<\/p>\n<\/li>\n<li data-start=\"1181\" data-end=\"1308\">\n<p data-start=\"1183\" data-end=\"1308\"><strong data-start=\"1183\" data-end=\"1214\">Izjemna antioksidativna mo\u010d<\/strong><br data-start=\"1214\" data-end=\"1217\" \/>Triterpeni in melanin \u0161\u010ditijo celice pred oksidativnim stresom in upo\u010dasnjujejo staranje.<\/p>\n<\/li>\n<li data-start=\"1310\" data-end=\"1402\">\n<p data-start=\"1312\" data-end=\"1402\"><strong data-start=\"1312\" data-end=\"1331\">Podpora prebavi<\/strong><br data-start=\"1331\" data-end=\"1334\" \/>Pomaga uravnati \u010drevesno mikrobioto in pomirja razdra\u017eeno prebavo.<\/p>\n<\/li>\n<li data-start=\"1404\" data-end=\"1514\">\n<p data-start=\"1406\" data-end=\"1514\"><strong data-start=\"1406\" data-end=\"1438\">Podpira zdravo delitev celic<\/strong><br data-start=\"1438\" data-end=\"1441\" \/>Bioaktivne spojine pomagajo <strong>\u0161\u010dititi DNA<\/strong> in podpirajo zdravo rast celic.<\/p>\n<\/li>\n<li data-start=\"1516\" data-end=\"1625\">\n<p data-start=\"1518\" data-end=\"1625\"><strong data-start=\"1518\" data-end=\"1625\">Primerno za pse z oslabljenim imunskim sistemom, kroni\u010dnimi vnetji, prebavnimi te\u017eavami in aktivne pse.<\/strong><\/p>\n<\/li>\n<\/ul>\n<h4 data-start=\"1632\" data-end=\"1668\"><strong data-start=\"1634\" data-end=\"1668\">Zakaj je Borvo Chaga druga\u010dna?<\/strong><\/h4>\n<ul data-start=\"1706\" data-end=\"2174\">\n<li data-start=\"1706\" data-end=\"1768\">\n<p data-start=\"1708\" data-end=\"1768\"><strong data-start=\"1708\" data-end=\"1732\">11,3 % beta-glukanov<\/strong> \u2013 ena najvi\u0161jih vsebnosti na trgu<\/p>\n<\/li>\n<li data-start=\"1769\" data-end=\"1858\">\n<p data-start=\"1771\" data-end=\"1858\"><strong data-start=\"1771\" data-end=\"1791\">Arkti\u010dno poreklo<\/strong> \u2013 ro\u010dno nabrana v arkti\u010dnem podnebju za ve\u010djo \u010distost in potenco<\/p>\n<\/li>\n<li data-start=\"1859\" data-end=\"1940\">\n<p data-start=\"1861\" data-end=\"1940\"><strong data-start=\"1861\" data-end=\"1889\">Nordic Organic Certified<\/strong> \u2013 gojeno na certificiranem finskem brezovem lesu<\/p>\n<\/li>\n<li data-start=\"1941\" data-end=\"2020\">\n<p data-start=\"1943\" data-end=\"2020\"><strong data-start=\"1943\" data-end=\"1976\">Samo plodnice (brez micelija)<\/strong> \u2013 brez polnil, brez stelje, brez aditivov<\/p>\n<\/li>\n<li data-start=\"2021\" data-end=\"2107\">\n<p data-start=\"2023\" data-end=\"2107\"><strong data-start=\"2023\" data-end=\"2056\">Ultrazvo\u010dna ekstrakcija (UAE)<\/strong> \u2013 razbije celi\u010dne stene za maksimalno absorpcijo<\/p>\n<\/li>\n<li data-start=\"2108\" data-end=\"2174\">\n<p data-start=\"2110\" data-end=\"2174\"><strong data-start=\"2110\" data-end=\"2135\">Znanstveno preverjeno<\/strong> \u2013 testirano v neodvisnih laboratorijih<\/p>\n<\/li>\n<\/ul>\n<p data-start=\"749\" data-end=\"1032\">*UAE: Na\u010din obdelave prahu se imenuje ultrazvo\u010dna ekstrakcija (Ultrasonic Assisted Extraction).\u00a0 Ta ima dva u\u010dinka:<\/p>\n<ol data-start=\"1033\" data-end=\"1211\">\n<li data-start=\"1033\" data-end=\"1133\">\n<p data-start=\"1036\" data-end=\"1133\">struktura gobe se spremeni tako, da postanejo rastlinski bioaktivni spojine psom bolj dostopne,<\/p>\n<\/li>\n<li data-start=\"1134\" data-end=\"1211\">\n<p data-start=\"1137\" data-end=\"1211\">celice se razgradijo na manj\u0161e delce, kar mo\u010dno pove\u010da biorazpolo\u017eljivost.<\/p>\n<\/li>\n<\/ol>\n<p data-start=\"1213\" data-end=\"1349\">Z uporabo <em data-start=\"1223\" data-end=\"1238\">full-spectrum<\/em> gob zagotavljamo, da na\u0161i izdelki vsebujejo celoten spekter bioaktivnih spojin, vklju\u010dno z bistvenimi hranili.<\/p>\n<h4 data-start=\"2181\" data-end=\"2205\"><strong data-start=\"2183\" data-end=\"2205\">Bioaktivne spojine:<\/strong><\/h4>\n<ul data-start=\"2206\" data-end=\"2298\">\n<li data-start=\"2206\" data-end=\"2233\">\n<p data-start=\"2208\" data-end=\"2233\">\u00df-(1,3)-(1,6)-D-glukani<\/p>\n<\/li>\n<li data-start=\"2234\" data-end=\"2251\">\n<p data-start=\"2236\" data-end=\"2251\">Triterpenoidi<\/p>\n<\/li>\n<li data-start=\"2252\" data-end=\"2274\">\n<p data-start=\"2254\" data-end=\"2274\">Betulinska kislina<\/p>\n<\/li>\n<li data-start=\"2275\" data-end=\"2286\">\n<p data-start=\"2277\" data-end=\"2286\">Steroli<\/p>\n<\/li>\n<li data-start=\"2287\" data-end=\"2298\">\n<p data-start=\"2289\" data-end=\"2298\">Melanin<\/p>\n<\/li>\n<\/ul>\n<hr data-start=\"2300\" data-end=\"2303\" \/>\n<p data-start=\"2305\" data-end=\"2318\"><strong data-start=\"2307\" data-end=\"2318\">Sestava:<\/strong> 100 % evropski ekolo\u0161ki izvle\u010dek chage (Inonotus obliquus).<\/p>\n<p data-start=\"2383\" data-end=\"2425\">Brez micelija, brez polnil, brez aditivov.<\/p>\n<h4 data-start=\"2432\" data-end=\"2460\"><strong data-start=\"2434\" data-end=\"2460\">Priporo\u010deno odmerjanje<\/strong><\/h4>\n<ul data-start=\"2461\" data-end=\"2635\">\n<li data-start=\"2461\" data-end=\"2533\">\n<p data-start=\"2463\" data-end=\"2533\"><strong data-start=\"2463\" data-end=\"2486\">Majhni psi &lt; 10 kg:<\/strong> 0,25 g (\u0161pica \u010dajne \u017eli\u010dke)<\/p>\n<\/li>\n<li data-start=\"2534\" data-end=\"2586\">\n<p data-start=\"2536\" data-end=\"2586\"><strong data-start=\"2536\" data-end=\"2561\">Srednji psi 10\u201320 kg:<\/strong> 0,5 g (\u00bc \u010dajne \u017eli\u010dke)<\/p>\n<\/li>\n<li data-start=\"2587\" data-end=\"2635\">\n<p data-start=\"2589\" data-end=\"2635\"><strong data-start=\"2589\" data-end=\"2612\">Veliki psi &gt; 20 kg:<\/strong> 1 g (\u00bd \u010dajne \u017eli\u010dke)<\/p>\n<\/li>\n<\/ul>\n<p data-start=\"2637\" data-end=\"2658\">Vme\u0161ate direktno v obrok.<\/p>","protected":false},"excerpt":{"rendered":"<p><strong data-start=\"2703\" data-end=\"2744\">Naravni izvle\u010dek zdravilne gobe &#8211; arkti\u010dne chage za pse<\/strong>, bogat z beta-glukani in antioksidanti, ki krepi imunski sistem, zmanj\u0161uje kroni\u010dna vnetja, podpira zdravo delitev celic ter uravnava prebavo.<\/p>\n<p>Pridobljeno iz ekolo\u0161ko gojene \u010dage na finskih brezah, s pomo\u010djo <strong data-start=\"2953\" data-end=\"2980\">ultrazvo\u010dne ekstrakcije<\/strong> za vrhunsko absorpcijo.<\/p>\n<p>Brez micelija, brez polnil, 100 % \u010dist izvle\u010dek.<\/p>","protected":false},"featured_media":15880,"comment_status":"open","ping_status":"closed","template":"","meta":{"_acf_changed":false,"_uag_custom_page_level_css":"","site-sidebar-layout":"default","site-content-layout":"","ast-site-content-layout":"default","site-content-style":"default","site-sidebar-style":"default","ast-global-header-display":"","ast-banner-title-visibility":"","ast-main-header-display":"","ast-hfb-above-header-display":"","ast-hfb-below-header-display":"","ast-hfb-mobile-header-display":"","site-post-title":"","ast-breadcrumbs-content":"","ast-featured-img":"","footer-sml-layout":"","ast-disable-related-posts":"","theme-transparent-header-meta":"default","adv-header-id-meta":"","stick-header-meta":"","header-above-stick-meta":"","header-main-stick-meta":"","header-below-stick-meta":"","astra-migrate-meta-layouts":"set","ast-page-background-enabled":"default","ast-page-background-meta":{"desktop":{"background-color":"","background-image":"","background-repeat":"repeat","background-position":"center center","background-size":"auto","background-attachment":"scroll","background-type":"","background-media":"","overlay-type":"","overlay-color":"","overlay-opacity":"","overlay-gradient":""},"tablet":{"background-color":"","background-image":"","background-repeat":"repeat","background-position":"center center","background-size":"auto","background-attachment":"scroll","background-type":"","background-media":"","overlay-type":"","overlay-color":"","overlay-opacity":"","overlay-gradient":""},"mobile":{"background-color":"","background-image":"","background-repeat":"repeat","background-position":"center center","background-size":"auto","background-attachment":"scroll","background-type":"","background-media":"","overlay-type":"","overlay-color":"","overlay-opacity":"","overlay-gradient":""}},"ast-content-background-meta":{"desktop":{"background-color":"var(--ast-global-color-5)","background-image":"","background-repeat":"repeat","background-position":"center center","background-size":"auto","background-attachment":"scroll","background-type":"","background-media":"","overlay-type":"","overlay-color":"","overlay-opacity":"","overlay-gradient":""},"tablet":{"background-color":"var(--ast-global-color-5)","background-image":"","background-repeat":"repeat","background-position":"center center","background-size":"auto","background-attachment":"scroll","background-type":"","background-media":"","overlay-type":"","overlay-color":"","overlay-opacity":"","overlay-gradient":""},"mobile":{"background-color":"var(--ast-global-color-5)","background-image":"","background-repeat":"repeat","background-position":"center center","background-size":"auto","background-attachment":"scroll","background-type":"","background-media":"","overlay-type":"","overlay-color":"","overlay-opacity":"","overlay-gradient":""}}},"product_brand":[922],"product_cat":[954,738,739,735,420,723,737,18,740,743,742],"product_tag":[790,792,791,788,787,789,830],"class_list":{"0":"post-15885","1":"product","2":"type-product","3":"status-publish","4":"has-post-thumbnail","6":"product_brand-borvo","7":"product_cat-borvo-nutrients","8":"product_cat-imunski-sistem","9":"product_cat-nevroloski-sistem-proti-stresu","10":"product_cat-prebavila","11":"product_cat-prehranski-dodatki-za-pse","12":"product_cat-psi","13":"product_cat-sklepi-kosti-in-misice","14":"product_cat-vsi-izdelki","15":"product_cat-za-jetra-in-razstrupljanje","16":"product_cat-za-ledvica-in-secni-mehur","17":"product_cat-za-srcno-zilni-sistem","18":"product_tag-ciscenjezobpsu","19":"product_tag-pasjiprasek","20":"product_tag-prahzazobe","21":"product_tag-zobjepsa","22":"product_tag-zobneobloge","23":"product_tag-zobneoblogepripsu","24":"product_tag-zobnikamen","25":"desktop-align-center","26":"tablet-align-center","27":"mobile-align-center","29":"first","30":"instock","31":"shipping-taxable","32":"purchasable","33":"product-type-simple"},"acf":[],"yoast_head":"<!-- This site is optimized with the Yoast SEO plugin v27.4 - https:\/\/yoast.com\/product\/yoast-seo-wordpress\/ -->\n<title>Borvo Nutrients medicinska goba Chaga - naravna podpora imunosti, celicam in protivnetno delovanje 40g - Trgovina Pasja Univerza<\/title>\n<meta name=\"description\" content=\"Borvo Nutrients Lion\u2019s Mane \u2013 naravna podpora mo\u017eganom, prebavi in odpornosti\" \/>\n<meta name=\"robots\" content=\"index, follow, max-snippet:-1, max-image-preview:large, max-video-preview:-1\" \/>\n<link rel=\"canonical\" href=\"https:\/\/trgovina.pasjauniverza.si\/en\/product\/borvo-nutrients-chaga\/\" \/>\n<meta property=\"og:locale\" content=\"en_US\" \/>\n<meta property=\"og:type\" content=\"article\" \/>\n<meta property=\"og:title\" content=\"Borvo Nutrients medicinska goba Chaga - naravna podpora imunosti, celicam in protivnetno delovanje 40g - Trgovina Pasja Univerza\" \/>\n<meta property=\"og:description\" content=\"Borvo Nutrients Lion\u2019s Mane \u2013 naravna podpora mo\u017eganom, prebavi in odpornosti\" \/>\n<meta property=\"og:url\" content=\"https:\/\/trgovina.pasjauniverza.si\/en\/product\/borvo-nutrients-chaga\/\" \/>\n<meta property=\"og:site_name\" content=\"Trgovina Pasja Univerza\" \/>\n<meta property=\"article:modified_time\" content=\"2026-04-24T08:38:18+00:00\" \/>\n<meta property=\"og:image\" content=\"https:\/\/trgovina.pasjauniverza.si\/wp-content\/uploads\/2025\/11\/borvo-chaga.webp\" \/>\n\t<meta property=\"og:image:width\" content=\"1080\" \/>\n\t<meta property=\"og:image:height\" content=\"1080\" \/>\n\t<meta property=\"og:image:type\" content=\"image\/webp\" \/>\n<meta name=\"twitter:card\" content=\"summary_large_image\" \/>\n<meta name=\"twitter:label1\" content=\"Est. reading time\" \/>\n\t<meta name=\"twitter:data1\" content=\"3 minutes\" \/>\n<script type=\"application\/ld+json\" class=\"yoast-schema-graph\">{\"@context\":\"https:\\\/\\\/schema.org\",\"@graph\":[{\"@type\":\"WebPage\",\"@id\":\"https:\\\/\\\/trgovina.pasjauniverza.si\\\/product\\\/borvo-nutrients-chaga\\\/\",\"url\":\"https:\\\/\\\/trgovina.pasjauniverza.si\\\/product\\\/borvo-nutrients-chaga\\\/\",\"name\":\"Borvo Nutrients medicinska goba Chaga - naravna podpora imunosti, celicam in protivnetno delovanje 40g - Trgovina Pasja Univerza\",\"isPartOf\":{\"@id\":\"https:\\\/\\\/trgovina.pasjauniverza.si\\\/#website\"},\"primaryImageOfPage\":{\"@id\":\"https:\\\/\\\/trgovina.pasjauniverza.si\\\/product\\\/borvo-nutrients-chaga\\\/#primaryimage\"},\"image\":{\"@id\":\"https:\\\/\\\/trgovina.pasjauniverza.si\\\/product\\\/borvo-nutrients-chaga\\\/#primaryimage\"},\"thumbnailUrl\":\"https:\\\/\\\/trgovina.pasjauniverza.si\\\/wp-content\\\/uploads\\\/2025\\\/11\\\/borvo-chaga.webp\",\"datePublished\":\"2025-11-28T13:00:30+00:00\",\"dateModified\":\"2026-04-24T08:38:18+00:00\",\"description\":\"Borvo Nutrients Lion\u2019s Mane \u2013 naravna podpora mo\u017eganom, prebavi in odpornosti\",\"breadcrumb\":{\"@id\":\"https:\\\/\\\/trgovina.pasjauniverza.si\\\/product\\\/borvo-nutrients-chaga\\\/#breadcrumb\"},\"inLanguage\":\"en-US\",\"potentialAction\":[{\"@type\":\"ReadAction\",\"target\":[\"https:\\\/\\\/trgovina.pasjauniverza.si\\\/product\\\/borvo-nutrients-chaga\\\/\"]}]},{\"@type\":\"ImageObject\",\"inLanguage\":\"en-US\",\"@id\":\"https:\\\/\\\/trgovina.pasjauniverza.si\\\/product\\\/borvo-nutrients-chaga\\\/#primaryimage\",\"url\":\"https:\\\/\\\/trgovina.pasjauniverza.si\\\/wp-content\\\/uploads\\\/2025\\\/11\\\/borvo-chaga.webp\",\"contentUrl\":\"https:\\\/\\\/trgovina.pasjauniverza.si\\\/wp-content\\\/uploads\\\/2025\\\/11\\\/borvo-chaga.webp\",\"width\":1080,\"height\":1080,\"caption\":\"borvo chaga\"},{\"@type\":\"BreadcrumbList\",\"@id\":\"https:\\\/\\\/trgovina.pasjauniverza.si\\\/product\\\/borvo-nutrients-chaga\\\/#breadcrumb\",\"itemListElement\":[{\"@type\":\"ListItem\",\"position\":1,\"name\":\"Home\",\"item\":\"https:\\\/\\\/trgovina.pasjauniverza.si\\\/\"},{\"@type\":\"ListItem\",\"position\":2,\"name\":\"Trgovina\",\"item\":\"https:\\\/\\\/trgovina.pasjauniverza.si\\\/trgovina\\\/\"},{\"@type\":\"ListItem\",\"position\":3,\"name\":\"Borvo Nutrients medicinska goba Chaga &#8211; naravna podpora imunosti, celicam in protivnetno delovanje 40g\"}]},{\"@type\":\"WebSite\",\"@id\":\"https:\\\/\\\/trgovina.pasjauniverza.si\\\/#website\",\"url\":\"https:\\\/\\\/trgovina.pasjauniverza.si\\\/\",\"name\":\"Trgovina Pasja Univerza\",\"description\":\"pasja univerza trgovina\",\"publisher\":{\"@id\":\"https:\\\/\\\/trgovina.pasjauniverza.si\\\/#organization\"},\"potentialAction\":[{\"@type\":\"SearchAction\",\"target\":{\"@type\":\"EntryPoint\",\"urlTemplate\":\"https:\\\/\\\/trgovina.pasjauniverza.si\\\/?s={search_term_string}\"},\"query-input\":{\"@type\":\"PropertyValueSpecification\",\"valueRequired\":true,\"valueName\":\"search_term_string\"}}],\"inLanguage\":\"en-US\"},{\"@type\":\"Organization\",\"@id\":\"https:\\\/\\\/trgovina.pasjauniverza.si\\\/#organization\",\"name\":\"Trgovina Pasja Univerza\",\"url\":\"https:\\\/\\\/trgovina.pasjauniverza.si\\\/\",\"logo\":{\"@type\":\"ImageObject\",\"inLanguage\":\"en-US\",\"@id\":\"https:\\\/\\\/trgovina.pasjauniverza.si\\\/#\\\/schema\\\/logo\\\/image\\\/\",\"url\":\"https:\\\/\\\/trgovina.pasjauniverza.si\\\/wp-content\\\/uploads\\\/2024\\\/08\\\/cropped-logotipi-vector-04.png\",\"contentUrl\":\"https:\\\/\\\/trgovina.pasjauniverza.si\\\/wp-content\\\/uploads\\\/2024\\\/08\\\/cropped-logotipi-vector-04.png\",\"width\":942,\"height\":908,\"caption\":\"Trgovina Pasja Univerza\"},\"image\":{\"@id\":\"https:\\\/\\\/trgovina.pasjauniverza.si\\\/#\\\/schema\\\/logo\\\/image\\\/\"}}]}<\/script>\n<!-- \/ Yoast SEO plugin. -->","yoast_head_json":{"title":"Borvo Nutrients medicinska goba Chaga - naravna podpora imunosti, celicam in protivnetno delovanje 40g - Trgovina Pasja Univerza","description":"Borvo Nutrients Lion\u2019s Mane \u2013 naravna podpora mo\u017eganom, prebavi in odpornosti","robots":{"index":"index","follow":"follow","max-snippet":"max-snippet:-1","max-image-preview":"max-image-preview:large","max-video-preview":"max-video-preview:-1"},"canonical":"https:\/\/trgovina.pasjauniverza.si\/en\/product\/borvo-nutrients-chaga\/","og_locale":"en_US","og_type":"article","og_title":"Borvo Nutrients medicinska goba Chaga - naravna podpora imunosti, celicam in protivnetno delovanje 40g - Trgovina Pasja Univerza","og_description":"Borvo Nutrients Lion\u2019s Mane \u2013 naravna podpora mo\u017eganom, prebavi in odpornosti","og_url":"https:\/\/trgovina.pasjauniverza.si\/en\/product\/borvo-nutrients-chaga\/","og_site_name":"Trgovina Pasja Univerza","article_modified_time":"2026-04-24T08:38:18+00:00","og_image":[{"width":1080,"height":1080,"url":"https:\/\/trgovina.pasjauniverza.si\/wp-content\/uploads\/2025\/11\/borvo-chaga.webp","type":"image\/webp"}],"twitter_card":"summary_large_image","twitter_misc":{"Est. reading time":"3 minutes"},"schema":{"@context":"https:\/\/schema.org","@graph":[{"@type":"WebPage","@id":"https:\/\/trgovina.pasjauniverza.si\/product\/borvo-nutrients-chaga\/","url":"https:\/\/trgovina.pasjauniverza.si\/product\/borvo-nutrients-chaga\/","name":"Borvo Nutrients medicinska goba Chaga - naravna podpora imunosti, celicam in protivnetno delovanje 40g - Trgovina Pasja Univerza","isPartOf":{"@id":"https:\/\/trgovina.pasjauniverza.si\/#website"},"primaryImageOfPage":{"@id":"https:\/\/trgovina.pasjauniverza.si\/product\/borvo-nutrients-chaga\/#primaryimage"},"image":{"@id":"https:\/\/trgovina.pasjauniverza.si\/product\/borvo-nutrients-chaga\/#primaryimage"},"thumbnailUrl":"https:\/\/trgovina.pasjauniverza.si\/wp-content\/uploads\/2025\/11\/borvo-chaga.webp","datePublished":"2025-11-28T13:00:30+00:00","dateModified":"2026-04-24T08:38:18+00:00","description":"Borvo Nutrients Lion\u2019s Mane \u2013 naravna podpora mo\u017eganom, prebavi in odpornosti","breadcrumb":{"@id":"https:\/\/trgovina.pasjauniverza.si\/product\/borvo-nutrients-chaga\/#breadcrumb"},"inLanguage":"en-US","potentialAction":[{"@type":"ReadAction","target":["https:\/\/trgovina.pasjauniverza.si\/product\/borvo-nutrients-chaga\/"]}]},{"@type":"ImageObject","inLanguage":"en-US","@id":"https:\/\/trgovina.pasjauniverza.si\/product\/borvo-nutrients-chaga\/#primaryimage","url":"https:\/\/trgovina.pasjauniverza.si\/wp-content\/uploads\/2025\/11\/borvo-chaga.webp","contentUrl":"https:\/\/trgovina.pasjauniverza.si\/wp-content\/uploads\/2025\/11\/borvo-chaga.webp","width":1080,"height":1080,"caption":"borvo chaga"},{"@type":"BreadcrumbList","@id":"https:\/\/trgovina.pasjauniverza.si\/product\/borvo-nutrients-chaga\/#breadcrumb","itemListElement":[{"@type":"ListItem","position":1,"name":"Home","item":"https:\/\/trgovina.pasjauniverza.si\/"},{"@type":"ListItem","position":2,"name":"Trgovina","item":"https:\/\/trgovina.pasjauniverza.si\/trgovina\/"},{"@type":"ListItem","position":3,"name":"Borvo Nutrients medicinska goba Chaga &#8211; naravna podpora imunosti, celicam in protivnetno delovanje 40g"}]},{"@type":"WebSite","@id":"https:\/\/trgovina.pasjauniverza.si\/#website","url":"https:\/\/trgovina.pasjauniverza.si\/","name":"Trgovina Pasja Univerza","description":"pasja univerza trgovina","publisher":{"@id":"https:\/\/trgovina.pasjauniverza.si\/#organization"},"potentialAction":[{"@type":"SearchAction","target":{"@type":"EntryPoint","urlTemplate":"https:\/\/trgovina.pasjauniverza.si\/?s={search_term_string}"},"query-input":{"@type":"PropertyValueSpecification","valueRequired":true,"valueName":"search_term_string"}}],"inLanguage":"en-US"},{"@type":"Organization","@id":"https:\/\/trgovina.pasjauniverza.si\/#organization","name":"Trgovina Pasja Univerza","url":"https:\/\/trgovina.pasjauniverza.si\/","logo":{"@type":"ImageObject","inLanguage":"en-US","@id":"https:\/\/trgovina.pasjauniverza.si\/#\/schema\/logo\/image\/","url":"https:\/\/trgovina.pasjauniverza.si\/wp-content\/uploads\/2024\/08\/cropped-logotipi-vector-04.png","contentUrl":"https:\/\/trgovina.pasjauniverza.si\/wp-content\/uploads\/2024\/08\/cropped-logotipi-vector-04.png","width":942,"height":908,"caption":"Trgovina Pasja Univerza"},"image":{"@id":"https:\/\/trgovina.pasjauniverza.si\/#\/schema\/logo\/image\/"}}]}},"uagb_featured_image_src":{"full":["https:\/\/trgovina.pasjauniverza.si\/wp-content\/uploads\/2025\/11\/borvo-chaga.webp",1080,1080,false],"thumbnail":["https:\/\/trgovina.pasjauniverza.si\/wp-content\/uploads\/2025\/11\/borvo-chaga-150x150.webp",150,150,true],"medium":["https:\/\/trgovina.pasjauniverza.si\/wp-content\/uploads\/2025\/11\/borvo-chaga-300x300.webp",300,300,true],"medium_large":["https:\/\/trgovina.pasjauniverza.si\/wp-content\/uploads\/2025\/11\/borvo-chaga-768x768.webp",768,768,true],"large":["https:\/\/trgovina.pasjauniverza.si\/wp-content\/uploads\/2025\/11\/borvo-chaga-1024x1024.webp",1024,1024,true],"1536x1536":["https:\/\/trgovina.pasjauniverza.si\/wp-content\/uploads\/2025\/11\/borvo-chaga.webp",1080,1080,false],"2048x2048":["https:\/\/trgovina.pasjauniverza.si\/wp-content\/uploads\/2025\/11\/borvo-chaga.webp",1080,1080,false],"trp-custom-language-flag":["https:\/\/trgovina.pasjauniverza.si\/wp-content\/uploads\/2025\/11\/borvo-chaga-12x12.webp",12,12,true],"woocommerce_thumbnail":["https:\/\/trgovina.pasjauniverza.si\/wp-content\/uploads\/2025\/11\/borvo-chaga-300x300.webp",300,300,true],"woocommerce_single":["https:\/\/trgovina.pasjauniverza.si\/wp-content\/uploads\/2025\/11\/borvo-chaga-600x600.webp",600,600,true],"woocommerce_gallery_thumbnail":["https:\/\/trgovina.pasjauniverza.si\/wp-content\/uploads\/2025\/11\/borvo-chaga-100x100.webp",100,100,true]},"uagb_author_info":{"display_name":"Karmen Grubeli\u0107, dr.vet.med.","author_link":"https:\/\/trgovina.pasjauniverza.si\/en\/author\/"},"uagb_comment_info":0,"uagb_excerpt":"Naravni izvle\u010dek zdravilne gobe - arkti\u010dne chage za pse, bogat z beta-glukani in antioksidanti, ki krepi imunski sistem, zmanj\u0161uje kroni\u010dna vnetja, podpira zdravo delitev celic ter uravnava prebavo. Pridobljeno iz ekolo\u0161ko gojene \u010dage na finskih brezah, s pomo\u010djo ultrazvo\u010dne ekstrakcije za vrhunsko absorpcijo. Brez micelija, brez polnil, 100 % \u010dist izvle\u010dek.","jetpack_sharing_enabled":true,"_links":{"self":[{"href":"https:\/\/trgovina.pasjauniverza.si\/en\/wp-json\/wp\/v2\/product\/15885","targetHints":{"allow":["GET"]}}],"collection":[{"href":"https:\/\/trgovina.pasjauniverza.si\/en\/wp-json\/wp\/v2\/product"}],"about":[{"href":"https:\/\/trgovina.pasjauniverza.si\/en\/wp-json\/wp\/v2\/types\/product"}],"replies":[{"embeddable":true,"href":"https:\/\/trgovina.pasjauniverza.si\/en\/wp-json\/wp\/v2\/comments?post=15885"}],"wp:featuredmedia":[{"embeddable":true,"href":"https:\/\/trgovina.pasjauniverza.si\/en\/wp-json\/wp\/v2\/media\/15880"}],"wp:attachment":[{"href":"https:\/\/trgovina.pasjauniverza.si\/en\/wp-json\/wp\/v2\/media?parent=15885"}],"wp:term":[{"taxonomy":"product_brand","embeddable":true,"href":"https:\/\/trgovina.pasjauniverza.si\/en\/wp-json\/wp\/v2\/product_brand?post=15885"},{"taxonomy":"product_cat","embeddable":true,"href":"https:\/\/trgovina.pasjauniverza.si\/en\/wp-json\/wp\/v2\/product_cat?post=15885"},{"taxonomy":"product_tag","embeddable":true,"href":"https:\/\/trgovina.pasjauniverza.si\/en\/wp-json\/wp\/v2\/product_tag?post=15885"}],"curies":[{"name":"wp","href":"https:\/\/api.w.org\/{rel}","templated":true}]}}