
{"id":15837,"date":"2025-11-26T16:58:47","date_gmt":"2025-11-26T16:58:47","guid":{"rendered":"https:\/\/trgovina.pasjauniverza.si\/?post_type=product&#038;p=15837"},"modified":"2026-04-07T04:40:21","modified_gmt":"2026-04-07T04:40:21","slug":"eli-pet-products-posusene-baltske-papaline-za-pse-in-macke","status":"publish","type":"product","link":"https:\/\/trgovina.pasjauniverza.si\/en\/product\/eli-pet-products-posusene-baltske-papaline-za-pse-in-macke\/","title":{"rendered":"Eli pet products Na zraku su\u0161ene baltske papaline za pse in ma\u010dke"},"content":{"rendered":"<article class=\"text-token-text-primary w-full focus:outline-none [--shadow-height:45px] has-data-writing-block:pointer-events-none has-data-writing-block:-mt-(--shadow-height) has-data-writing-block:pt-(--shadow-height) [&amp;:has([data-writing-block])&gt;*]:pointer-events-auto scroll-mt-[calc(var(--header-height)+min(200px,max(70px,20svh)))]\" dir=\"auto\" tabindex=\"-1\" data-turn-id=\"request-68eb762e-b190-8325-9180-743b726a0c20-8\" data-testid=\"conversation-turn-72\" data-scroll-anchor=\"true\" data-turn=\"assistant\">\n<div class=\"text-base my-auto mx-auto pb-10 [--thread-content-margin:--spacing(4)] thread-sm:[--thread-content-margin:--spacing(6)] thread-lg:[--thread-content-margin:--spacing(16)] px-(--thread-content-margin)\">\n<div class=\"[--thread-content-max-width:40rem] thread-lg:[--thread-content-max-width:48rem] mx-auto max-w-(--thread-content-max-width) flex-1 group\/turn-messages focus-visible:outline-hidden relative flex w-full min-w-0 flex-col agent-turn\" tabindex=\"-1\">\n<div class=\"flex max-w-full flex-col grow\">\n<div class=\"min-h-8 text-message relative flex w-full flex-col items-end gap-2 text-start break-words whitespace-normal [.text-message+&amp;]:mt-1\" dir=\"auto\" data-message-author-role=\"assistant\" data-message-id=\"3544e0d9-8adf-437d-bfea-10ae1bcb723b\" data-message-model-slug=\"gpt-4o\">\n<div class=\"flex w-full flex-col gap-1 empty:hidden first:pt-[1px]\">\n<div class=\"markdown prose dark:prose-invert w-full break-words light markdown-new-styling\">\n<p data-start=\"0\" data-end=\"256\">Posu\u0161ene papaline vsebujejo veliko omega-3 ma\u0161\u010dobnih kislin in so zaradi prijetnega vonja ter okusa odli\u010dne kot pribolj\u0161ek pri \u0161olanju. Pripravljene so iz 100\u202f% baltskih papalin in so su\u0161ene na zraku, kar omogo\u010da ohranitev koristnih vitaminov in omega olj.<\/p>\n<p data-start=\"258\" data-end=\"427\" data-is-last-node=\"\" data-is-only-node=\"\">Posu\u0161ene papaline so 100\u202f% naraven izdelek, hipoalergen in brez glutena. Ne vsebujejo umetnih barvil, konzervansov ali dodatkov ter so brez \u017eit, soje in drugih dodatkov.<\/p>\n<\/div>\n<\/div>\n<\/div>\n<\/div>\n<\/div>\n<\/div>\n<\/article>\n<p data-start=\"253\" data-end=\"414\" data-is-last-node=\"\" data-is-only-node=\"\"><strong data-start=\"0\" data-end=\"14\" data-is-only-node=\"\">Sestavine:<\/strong> 100% Baltske papaline<br data-start=\"31\" data-end=\"34\" \/><strong data-start=\"34\" data-end=\"55\">Velikost izdelka:<\/strong> Pribli\u017eno 6\u201312\u202fcm, lahko variira<br data-start=\"121\" data-end=\"124\" \/><strong>Tekstura<\/strong>: Hrustljava<\/p>\n","protected":false},"excerpt":{"rendered":"<p>Posu\u0161ene baltske papline so naraven in zdrav pribolj\u0161ek za pse, bogat z omega-3 ma\u0161\u010dobnimi kislinami. Zaradi odli\u010dnega vonja in okusa so idealni za nagrajevanje med treningom.<\/p>\n<ul>\n<li data-start=\"282\" data-end=\"319\">\n<p data-start=\"284\" data-end=\"319\">100 % baltske papline, brez dodatkov<\/p>\n<\/li>\n<li data-start=\"320\" data-end=\"385\">\n<p data-start=\"322\" data-end=\"385\">Bogat vir omega-3 ma\u0161\u010dobnih kislin (za ko\u017eo, dlako in sklepe)<\/p>\n<\/li>\n<li data-start=\"386\" data-end=\"444\">\n<p data-start=\"388\" data-end=\"444\">Naravno su\u0161eni na zraku \u2013 ohranjene hranilne vrednosti<\/p>\n<\/li>\n<li data-start=\"445\" data-end=\"505\">\n<p data-start=\"447\" data-end=\"505\">Brez glutena, \u017eit, soje, umetnih barvil ali konzervansov<\/p>\n<\/li>\n<li data-start=\"506\" data-end=\"556\">\n<p data-start=\"508\" data-end=\"556\">Hipoalergeni \u2013 primerni tudi za ob\u010dutljive pse<\/p>\n<\/li>\n<li data-start=\"557\" data-end=\"600\">\n<p data-start=\"559\" data-end=\"600\">Odli\u010dni za uporabo kot trening pribolj\u0161ek<\/p>\n<\/li>\n<\/ul>","protected":false},"featured_media":15834,"comment_status":"open","ping_status":"closed","template":"","meta":{"_acf_changed":false,"_uag_custom_page_level_css":"","site-sidebar-layout":"default","site-content-layout":"","ast-site-content-layout":"default","site-content-style":"default","site-sidebar-style":"default","ast-global-header-display":"","ast-banner-title-visibility":"","ast-main-header-display":"","ast-hfb-above-header-display":"","ast-hfb-below-header-display":"","ast-hfb-mobile-header-display":"","site-post-title":"","ast-breadcrumbs-content":"","ast-featured-img":"","footer-sml-layout":"","ast-disable-related-posts":"","theme-transparent-header-meta":"default","adv-header-id-meta":"","stick-header-meta":"","header-above-stick-meta":"","header-main-stick-meta":"","header-below-stick-meta":"","astra-migrate-meta-layouts":"set","ast-page-background-enabled":"default","ast-page-background-meta":{"desktop":{"background-color":"","background-image":"","background-repeat":"repeat","background-position":"center center","background-size":"auto","background-attachment":"scroll","background-type":"","background-media":"","overlay-type":"","overlay-color":"","overlay-opacity":"","overlay-gradient":""},"tablet":{"background-color":"","background-image":"","background-repeat":"repeat","background-position":"center center","background-size":"auto","background-attachment":"scroll","background-type":"","background-media":"","overlay-type":"","overlay-color":"","overlay-opacity":"","overlay-gradient":""},"mobile":{"background-color":"","background-image":"","background-repeat":"repeat","background-position":"center center","background-size":"auto","background-attachment":"scroll","background-type":"","background-media":"","overlay-type":"","overlay-color":"","overlay-opacity":"","overlay-gradient":""}},"ast-content-background-meta":{"desktop":{"background-color":"var(--ast-global-color-5)","background-image":"","background-repeat":"repeat","background-position":"center center","background-size":"auto","background-attachment":"scroll","background-type":"","background-media":"","overlay-type":"","overlay-color":"","overlay-opacity":"","overlay-gradient":""},"tablet":{"background-color":"var(--ast-global-color-5)","background-image":"","background-repeat":"repeat","background-position":"center center","background-size":"auto","background-attachment":"scroll","background-type":"","background-media":"","overlay-type":"","overlay-color":"","overlay-opacity":"","overlay-gradient":""},"mobile":{"background-color":"var(--ast-global-color-5)","background-image":"","background-repeat":"repeat","background-position":"center center","background-size":"auto","background-attachment":"scroll","background-type":"","background-media":"","overlay-type":"","overlay-color":"","overlay-opacity":"","overlay-gradient":""}}},"product_brand":[],"product_cat":[956,732,724,154,366,723,18,760],"product_tag":[],"class_list":{"0":"post-15837","1":"product","2":"type-product","3":"status-publish","4":"has-post-thumbnail","6":"product_cat-eli-pet-products","7":"product_cat-hrana-za-macke","8":"product_cat-macke","9":"product_cat-pasja-sola","10":"product_cat-priboljski","11":"product_cat-psi","12":"product_cat-vsi-izdelki","13":"product_cat-za-pasje-mladice","14":"desktop-align-center","15":"tablet-align-center","16":"mobile-align-center","18":"first","19":"instock","20":"shipping-taxable","21":"purchasable","22":"product-type-variable"},"acf":[],"yoast_head":"<!-- This site is optimized with the Yoast SEO plugin v27.4 - https:\/\/yoast.com\/product\/yoast-seo-wordpress\/ -->\n<title>Eli pet products Na zraku su\u0161ene baltske papaline za pse in ma\u010dke - Trgovina Pasja Univerza<\/title>\n<meta name=\"description\" content=\"Eli pet products Posu\u0161ene baltske papaline za pse in ma\u010dke .\" \/>\n<meta name=\"robots\" content=\"index, follow, max-snippet:-1, max-image-preview:large, max-video-preview:-1\" \/>\n<link rel=\"canonical\" href=\"https:\/\/trgovina.pasjauniverza.si\/en\/product\/eli-pet-products-posusene-baltske-papaline-za-pse-in-macke\/\" \/>\n<meta property=\"og:locale\" content=\"en_US\" \/>\n<meta property=\"og:type\" content=\"article\" \/>\n<meta property=\"og:title\" content=\"Eli pet products Na zraku su\u0161ene baltske papaline za pse in ma\u010dke - Trgovina Pasja Univerza\" \/>\n<meta property=\"og:description\" content=\"Eli pet products Posu\u0161ene baltske papaline za pse in ma\u010dke .\" \/>\n<meta property=\"og:url\" content=\"https:\/\/trgovina.pasjauniverza.si\/en\/product\/eli-pet-products-posusene-baltske-papaline-za-pse-in-macke\/\" \/>\n<meta property=\"og:site_name\" content=\"Trgovina Pasja Univerza\" \/>\n<meta property=\"article:modified_time\" content=\"2026-04-07T04:40:21+00:00\" \/>\n<meta property=\"og:image\" content=\"https:\/\/trgovina.pasjauniverza.si\/wp-content\/uploads\/2025\/11\/Posusene-baltske-papaline-za-pse-80g.jpg\" \/>\n\t<meta property=\"og:image:width\" content=\"400\" \/>\n\t<meta property=\"og:image:height\" content=\"600\" \/>\n\t<meta property=\"og:image:type\" content=\"image\/jpeg\" \/>\n<meta name=\"twitter:card\" content=\"summary_large_image\" \/>\n<meta name=\"twitter:label1\" content=\"Est. reading time\" \/>\n\t<meta name=\"twitter:data1\" content=\"1 minute\" \/>\n<script type=\"application\/ld+json\" class=\"yoast-schema-graph\">{\"@context\":\"https:\\\/\\\/schema.org\",\"@graph\":[{\"@type\":\"WebPage\",\"@id\":\"https:\\\/\\\/trgovina.pasjauniverza.si\\\/product\\\/eli-pet-products-posusene-baltske-papaline-za-pse-in-macke\\\/\",\"url\":\"https:\\\/\\\/trgovina.pasjauniverza.si\\\/product\\\/eli-pet-products-posusene-baltske-papaline-za-pse-in-macke\\\/\",\"name\":\"Eli pet products Na zraku su\u0161ene baltske papaline za pse in ma\u010dke - Trgovina Pasja Univerza\",\"isPartOf\":{\"@id\":\"https:\\\/\\\/trgovina.pasjauniverza.si\\\/#website\"},\"primaryImageOfPage\":{\"@id\":\"https:\\\/\\\/trgovina.pasjauniverza.si\\\/product\\\/eli-pet-products-posusene-baltske-papaline-za-pse-in-macke\\\/#primaryimage\"},\"image\":{\"@id\":\"https:\\\/\\\/trgovina.pasjauniverza.si\\\/product\\\/eli-pet-products-posusene-baltske-papaline-za-pse-in-macke\\\/#primaryimage\"},\"thumbnailUrl\":\"https:\\\/\\\/trgovina.pasjauniverza.si\\\/wp-content\\\/uploads\\\/2025\\\/11\\\/Posusene-baltske-papaline-za-pse-80g.jpg\",\"datePublished\":\"2025-11-26T16:58:47+00:00\",\"dateModified\":\"2026-04-07T04:40:21+00:00\",\"description\":\"Eli pet products Posu\u0161ene baltske papaline za pse in ma\u010dke .\",\"breadcrumb\":{\"@id\":\"https:\\\/\\\/trgovina.pasjauniverza.si\\\/product\\\/eli-pet-products-posusene-baltske-papaline-za-pse-in-macke\\\/#breadcrumb\"},\"inLanguage\":\"en-US\",\"potentialAction\":[{\"@type\":\"ReadAction\",\"target\":[\"https:\\\/\\\/trgovina.pasjauniverza.si\\\/product\\\/eli-pet-products-posusene-baltske-papaline-za-pse-in-macke\\\/\"]}]},{\"@type\":\"ImageObject\",\"inLanguage\":\"en-US\",\"@id\":\"https:\\\/\\\/trgovina.pasjauniverza.si\\\/product\\\/eli-pet-products-posusene-baltske-papaline-za-pse-in-macke\\\/#primaryimage\",\"url\":\"https:\\\/\\\/trgovina.pasjauniverza.si\\\/wp-content\\\/uploads\\\/2025\\\/11\\\/Posusene-baltske-papaline-za-pse-80g.jpg\",\"contentUrl\":\"https:\\\/\\\/trgovina.pasjauniverza.si\\\/wp-content\\\/uploads\\\/2025\\\/11\\\/Posusene-baltske-papaline-za-pse-80g.jpg\",\"width\":400,\"height\":600,\"caption\":\"Posu\u0161ene baltske papaline za pse 80g\"},{\"@type\":\"BreadcrumbList\",\"@id\":\"https:\\\/\\\/trgovina.pasjauniverza.si\\\/product\\\/eli-pet-products-posusene-baltske-papaline-za-pse-in-macke\\\/#breadcrumb\",\"itemListElement\":[{\"@type\":\"ListItem\",\"position\":1,\"name\":\"Home\",\"item\":\"https:\\\/\\\/trgovina.pasjauniverza.si\\\/\"},{\"@type\":\"ListItem\",\"position\":2,\"name\":\"Trgovina\",\"item\":\"https:\\\/\\\/trgovina.pasjauniverza.si\\\/trgovina\\\/\"},{\"@type\":\"ListItem\",\"position\":3,\"name\":\"Eli pet products Na zraku su\u0161ene baltske papaline za pse in ma\u010dke\"}]},{\"@type\":\"WebSite\",\"@id\":\"https:\\\/\\\/trgovina.pasjauniverza.si\\\/#website\",\"url\":\"https:\\\/\\\/trgovina.pasjauniverza.si\\\/\",\"name\":\"Trgovina Pasja Univerza\",\"description\":\"pasja univerza trgovina\",\"publisher\":{\"@id\":\"https:\\\/\\\/trgovina.pasjauniverza.si\\\/#organization\"},\"potentialAction\":[{\"@type\":\"SearchAction\",\"target\":{\"@type\":\"EntryPoint\",\"urlTemplate\":\"https:\\\/\\\/trgovina.pasjauniverza.si\\\/?s={search_term_string}\"},\"query-input\":{\"@type\":\"PropertyValueSpecification\",\"valueRequired\":true,\"valueName\":\"search_term_string\"}}],\"inLanguage\":\"en-US\"},{\"@type\":\"Organization\",\"@id\":\"https:\\\/\\\/trgovina.pasjauniverza.si\\\/#organization\",\"name\":\"Trgovina Pasja Univerza\",\"url\":\"https:\\\/\\\/trgovina.pasjauniverza.si\\\/\",\"logo\":{\"@type\":\"ImageObject\",\"inLanguage\":\"en-US\",\"@id\":\"https:\\\/\\\/trgovina.pasjauniverza.si\\\/#\\\/schema\\\/logo\\\/image\\\/\",\"url\":\"https:\\\/\\\/trgovina.pasjauniverza.si\\\/wp-content\\\/uploads\\\/2024\\\/08\\\/cropped-logotipi-vector-04.png\",\"contentUrl\":\"https:\\\/\\\/trgovina.pasjauniverza.si\\\/wp-content\\\/uploads\\\/2024\\\/08\\\/cropped-logotipi-vector-04.png\",\"width\":942,\"height\":908,\"caption\":\"Trgovina Pasja Univerza\"},\"image\":{\"@id\":\"https:\\\/\\\/trgovina.pasjauniverza.si\\\/#\\\/schema\\\/logo\\\/image\\\/\"}}]}<\/script>\n<!-- \/ Yoast SEO plugin. -->","yoast_head_json":{"title":"Eli pet products Na zraku su\u0161ene baltske papaline za pse in ma\u010dke - Trgovina Pasja Univerza","description":"Eli pet products Posu\u0161ene baltske papaline za pse in ma\u010dke .","robots":{"index":"index","follow":"follow","max-snippet":"max-snippet:-1","max-image-preview":"max-image-preview:large","max-video-preview":"max-video-preview:-1"},"canonical":"https:\/\/trgovina.pasjauniverza.si\/en\/product\/eli-pet-products-posusene-baltske-papaline-za-pse-in-macke\/","og_locale":"en_US","og_type":"article","og_title":"Eli pet products Na zraku su\u0161ene baltske papaline za pse in ma\u010dke - Trgovina Pasja Univerza","og_description":"Eli pet products Posu\u0161ene baltske papaline za pse in ma\u010dke .","og_url":"https:\/\/trgovina.pasjauniverza.si\/en\/product\/eli-pet-products-posusene-baltske-papaline-za-pse-in-macke\/","og_site_name":"Trgovina Pasja Univerza","article_modified_time":"2026-04-07T04:40:21+00:00","og_image":[{"width":400,"height":600,"url":"https:\/\/trgovina.pasjauniverza.si\/wp-content\/uploads\/2025\/11\/Posusene-baltske-papaline-za-pse-80g.jpg","type":"image\/jpeg"}],"twitter_card":"summary_large_image","twitter_misc":{"Est. reading time":"1 minute"},"schema":{"@context":"https:\/\/schema.org","@graph":[{"@type":"WebPage","@id":"https:\/\/trgovina.pasjauniverza.si\/product\/eli-pet-products-posusene-baltske-papaline-za-pse-in-macke\/","url":"https:\/\/trgovina.pasjauniverza.si\/product\/eli-pet-products-posusene-baltske-papaline-za-pse-in-macke\/","name":"Eli pet products Na zraku su\u0161ene baltske papaline za pse in ma\u010dke - Trgovina Pasja Univerza","isPartOf":{"@id":"https:\/\/trgovina.pasjauniverza.si\/#website"},"primaryImageOfPage":{"@id":"https:\/\/trgovina.pasjauniverza.si\/product\/eli-pet-products-posusene-baltske-papaline-za-pse-in-macke\/#primaryimage"},"image":{"@id":"https:\/\/trgovina.pasjauniverza.si\/product\/eli-pet-products-posusene-baltske-papaline-za-pse-in-macke\/#primaryimage"},"thumbnailUrl":"https:\/\/trgovina.pasjauniverza.si\/wp-content\/uploads\/2025\/11\/Posusene-baltske-papaline-za-pse-80g.jpg","datePublished":"2025-11-26T16:58:47+00:00","dateModified":"2026-04-07T04:40:21+00:00","description":"Eli pet products Posu\u0161ene baltske papaline za pse in ma\u010dke .","breadcrumb":{"@id":"https:\/\/trgovina.pasjauniverza.si\/product\/eli-pet-products-posusene-baltske-papaline-za-pse-in-macke\/#breadcrumb"},"inLanguage":"en-US","potentialAction":[{"@type":"ReadAction","target":["https:\/\/trgovina.pasjauniverza.si\/product\/eli-pet-products-posusene-baltske-papaline-za-pse-in-macke\/"]}]},{"@type":"ImageObject","inLanguage":"en-US","@id":"https:\/\/trgovina.pasjauniverza.si\/product\/eli-pet-products-posusene-baltske-papaline-za-pse-in-macke\/#primaryimage","url":"https:\/\/trgovina.pasjauniverza.si\/wp-content\/uploads\/2025\/11\/Posusene-baltske-papaline-za-pse-80g.jpg","contentUrl":"https:\/\/trgovina.pasjauniverza.si\/wp-content\/uploads\/2025\/11\/Posusene-baltske-papaline-za-pse-80g.jpg","width":400,"height":600,"caption":"Posu\u0161ene baltske papaline za pse 80g"},{"@type":"BreadcrumbList","@id":"https:\/\/trgovina.pasjauniverza.si\/product\/eli-pet-products-posusene-baltske-papaline-za-pse-in-macke\/#breadcrumb","itemListElement":[{"@type":"ListItem","position":1,"name":"Home","item":"https:\/\/trgovina.pasjauniverza.si\/"},{"@type":"ListItem","position":2,"name":"Trgovina","item":"https:\/\/trgovina.pasjauniverza.si\/trgovina\/"},{"@type":"ListItem","position":3,"name":"Eli pet products Na zraku su\u0161ene baltske papaline za pse in ma\u010dke"}]},{"@type":"WebSite","@id":"https:\/\/trgovina.pasjauniverza.si\/#website","url":"https:\/\/trgovina.pasjauniverza.si\/","name":"Trgovina Pasja Univerza","description":"pasja univerza trgovina","publisher":{"@id":"https:\/\/trgovina.pasjauniverza.si\/#organization"},"potentialAction":[{"@type":"SearchAction","target":{"@type":"EntryPoint","urlTemplate":"https:\/\/trgovina.pasjauniverza.si\/?s={search_term_string}"},"query-input":{"@type":"PropertyValueSpecification","valueRequired":true,"valueName":"search_term_string"}}],"inLanguage":"en-US"},{"@type":"Organization","@id":"https:\/\/trgovina.pasjauniverza.si\/#organization","name":"Trgovina Pasja Univerza","url":"https:\/\/trgovina.pasjauniverza.si\/","logo":{"@type":"ImageObject","inLanguage":"en-US","@id":"https:\/\/trgovina.pasjauniverza.si\/#\/schema\/logo\/image\/","url":"https:\/\/trgovina.pasjauniverza.si\/wp-content\/uploads\/2024\/08\/cropped-logotipi-vector-04.png","contentUrl":"https:\/\/trgovina.pasjauniverza.si\/wp-content\/uploads\/2024\/08\/cropped-logotipi-vector-04.png","width":942,"height":908,"caption":"Trgovina Pasja Univerza"},"image":{"@id":"https:\/\/trgovina.pasjauniverza.si\/#\/schema\/logo\/image\/"}}]}},"uagb_featured_image_src":{"full":["https:\/\/trgovina.pasjauniverza.si\/wp-content\/uploads\/2025\/11\/Posusene-baltske-papaline-za-pse-80g.jpg",400,600,false],"thumbnail":["https:\/\/trgovina.pasjauniverza.si\/wp-content\/uploads\/2025\/11\/Posusene-baltske-papaline-za-pse-80g-150x150.jpg",150,150,true],"medium":["https:\/\/trgovina.pasjauniverza.si\/wp-content\/uploads\/2025\/11\/Posusene-baltske-papaline-za-pse-80g-200x300.jpg",200,300,true],"medium_large":["https:\/\/trgovina.pasjauniverza.si\/wp-content\/uploads\/2025\/11\/Posusene-baltske-papaline-za-pse-80g.jpg",400,600,false],"large":["https:\/\/trgovina.pasjauniverza.si\/wp-content\/uploads\/2025\/11\/Posusene-baltske-papaline-za-pse-80g.jpg",400,600,false],"1536x1536":["https:\/\/trgovina.pasjauniverza.si\/wp-content\/uploads\/2025\/11\/Posusene-baltske-papaline-za-pse-80g.jpg",400,600,false],"2048x2048":["https:\/\/trgovina.pasjauniverza.si\/wp-content\/uploads\/2025\/11\/Posusene-baltske-papaline-za-pse-80g.jpg",400,600,false],"trp-custom-language-flag":["https:\/\/trgovina.pasjauniverza.si\/wp-content\/uploads\/2025\/11\/Posusene-baltske-papaline-za-pse-80g-8x12.jpg",8,12,true],"woocommerce_thumbnail":["https:\/\/trgovina.pasjauniverza.si\/wp-content\/uploads\/2025\/11\/Posusene-baltske-papaline-za-pse-80g-300x300.jpg",300,300,true],"woocommerce_single":["https:\/\/trgovina.pasjauniverza.si\/wp-content\/uploads\/2025\/11\/Posusene-baltske-papaline-za-pse-80g.jpg",400,600,false],"woocommerce_gallery_thumbnail":["https:\/\/trgovina.pasjauniverza.si\/wp-content\/uploads\/2025\/11\/Posusene-baltske-papaline-za-pse-80g-100x100.jpg",100,100,true]},"uagb_author_info":{"display_name":"An\u017ee","author_link":"https:\/\/trgovina.pasjauniverza.si\/en\/author\/"},"uagb_comment_info":0,"uagb_excerpt":"Posu\u0161ene baltske papline so naraven in zdrav pribolj\u0161ek za pse, bogat z omega-3 ma\u0161\u010dobnimi kislinami. Zaradi odli\u010dnega vonja in okusa so idealni za nagrajevanje med treningom. 100 % baltske papline, brez dodatkov Bogat vir omega-3 ma\u0161\u010dobnih kislin (za ko\u017eo, dlako in sklepe) Naravno su\u0161eni na zraku \u2013 ohranjene hranilne vrednosti Brez glutena, \u017eit, soje, umetnih&hellip;","jetpack_sharing_enabled":true,"_links":{"self":[{"href":"https:\/\/trgovina.pasjauniverza.si\/en\/wp-json\/wp\/v2\/product\/15837","targetHints":{"allow":["GET"]}}],"collection":[{"href":"https:\/\/trgovina.pasjauniverza.si\/en\/wp-json\/wp\/v2\/product"}],"about":[{"href":"https:\/\/trgovina.pasjauniverza.si\/en\/wp-json\/wp\/v2\/types\/product"}],"replies":[{"embeddable":true,"href":"https:\/\/trgovina.pasjauniverza.si\/en\/wp-json\/wp\/v2\/comments?post=15837"}],"wp:featuredmedia":[{"embeddable":true,"href":"https:\/\/trgovina.pasjauniverza.si\/en\/wp-json\/wp\/v2\/media\/15834"}],"wp:attachment":[{"href":"https:\/\/trgovina.pasjauniverza.si\/en\/wp-json\/wp\/v2\/media?parent=15837"}],"wp:term":[{"taxonomy":"product_brand","embeddable":true,"href":"https:\/\/trgovina.pasjauniverza.si\/en\/wp-json\/wp\/v2\/product_brand?post=15837"},{"taxonomy":"product_cat","embeddable":true,"href":"https:\/\/trgovina.pasjauniverza.si\/en\/wp-json\/wp\/v2\/product_cat?post=15837"},{"taxonomy":"product_tag","embeddable":true,"href":"https:\/\/trgovina.pasjauniverza.si\/en\/wp-json\/wp\/v2\/product_tag?post=15837"}],"curies":[{"name":"wp","href":"https:\/\/api.w.org\/{rel}","templated":true}]}}