
{"id":15633,"date":"2025-11-11T12:15:23","date_gmt":"2025-11-11T12:15:23","guid":{"rendered":"https:\/\/trgovina.pasjauniverza.si\/?post_type=product&#038;p=15633"},"modified":"2026-04-21T18:00:03","modified_gmt":"2026-04-21T18:00:03","slug":"farmina-vetlife-dog-ultrahypo","status":"publish","type":"product","link":"https:\/\/trgovina.pasjauniverza.si\/en\/product\/farmina-vetlife-dog-ultrahypo\/","title":{"rendered":"Farmina Vetlife &#8211; Dog Ultrahypo &#8211; hidrolizirana hrana za pasje alergike"},"content":{"rendered":"<p>Farmina Vet Life UltraHypo je dieteti\u010dna popolna krmna me\u0161anica za pse, formulirana za zmanj\u0161anje alergij povzro\u010denih zaradi netolerance do posameznih sestavin (hranil) in za pse, ki trpijo zaradi alergij prebavil in atopij. Uporabna je kot diagnosti\u010dno orodje (izlo\u010devalna dieta). Posebej priporo\u010dljiva za paciente, ki se ne odzivajo na zdravljenje atopi\u010dnega dermatitisa in ponavljajo\u010de driske.<\/p>\n<p>Hrana vsebuje\u00a0<strong>hidrolizirane beljakovine<\/strong> nizke molekularne mase (6000 Dalton) kot edini vir beljakovin.<\/p>\n<p><strong>Kaj pomeni, da so beljakovine hidrolizirane?<\/strong><\/p>\n<p><strong>Hidrolizirane beljakovine so beljakovine, ki so razbite na tako majhne delce, da jih imunski sistem ne prepozna in tako ne morejo spodbuditi imunskega oz. alergi\u010dnega odziva.\u00a0<\/strong><\/p>\n<p>Hrano Farmina Ultrahypo \u00a0se svetuje tudi za podporo delovanju ko\u017ee pri \u010dezmernem\u00a0<strong>odpadanju dlake in v primeru dermatoz.<\/strong><\/p>\n<p><strong>\u00a0\u00a0\u00a0\u00a0\u00a0\u00a0\u00a0\u00a0\u00a0\u00a0\u00a0\u00a0\u00a0\u00a0\u00a0\u00a0\u00a0\u00a0\u00a0\u00a0\u00a0\u00a0\u00a0\u00a0\u00a0\u00a0\u00a0\u00a0\u00a0\u00a0\u00a0\u00a0\u00a0\u00a0\u00a0\u00a0\u00a0\u00a0<u>Prednosti dietne hrana Farmina Vetlife:<\/u>\u00a0\u00a0 \u00a0 \u00a0 \u00a0 \u00a0\u00a0\u00a0\u00a0\u00a0\u00a0\u00a0\u00a0\u00a0\u00a0\u00a0\u00a0\u00a0\u00a0\u00a0\u00a0\u00a0\u00a0\u00a0\u00a0\u00a0\u00a0\u00a0\u00a0\u00a0\u00a0\u00a0\u00a0\u00a0\u00a0\u00a0\u00a0\u00a0\u00a0\u00a0\u00a0\u00a0\u00a0<\/strong><\/p>\n<p>&#8211; brez \u017eit<\/p>\n<p>&#8211; brez graha<\/p>\n<p>&#8211; visok dele\u017e mesa<\/p>\n<p>&#8211; brez umetnih dodatkov in barvil<\/p>\n<p>&#8211; zelo okusne in je\u0161\u010de diete.<\/p>\n<p><span class=\"titoletto\">Sestava<\/span><\/p>\n<p class=\"comp\">Ri\u017eev \u0161krob, hidrolizirane ribje beljakovine (6.000 Dalton), ribje olje, kalijev klorid, kalcijev karbonat, mono-dikalcijev fosfat, natrijev klorid, ekstrakt ognji\u010da (vir luteina). Vir beljakovin: hidrolizirane ribje beljakovine. Vir ogljikovih hidratov: ri\u017eev \u0161krob.<\/p>\n<div id=\"tabContent--productSingle_23091209503512\" class=\"tab tab--custom\" data-scroll=\"\" data-scroll-class=\"active\" data-scroll-target=\".tabs__tab--productSingle_23091209503512\" data-scroll-offset-top=\"-160\" data-scroll-once=\"false\" data-scroll-attached=\"1\">\n<div>\n<section class=\"section section--content section--content--default section--default\" data-sp-builder-index=\"0\">\n<div class=\"section__content\">\n<p><strong>Nutritivni dodatki na kg:<\/strong>\u00a0Vitamin A 15000IU; vitamin D3 900IU; vitamin E 600mg; vitamin C 150mg; Niacin 38mg; pantotenska kislina 15mg; vitamin B2 7.5mg; vitamin B6 6mg; vitamin B1 4.5mg; vitamin H 0.4mg; folna kislina 0.45mg; vitamin B12 0.06mg; holin klorid 3000mg; beta-karoten 5mg; cinkov kelat hidroksilaze analognega metionina 970mg; manganov kelat hidroksilaze analognega metionina 400mg; \u017eelezov kelat glicinovega hidrata 185mg; bakrov kelat hidroksilaze analognega metionina 68mg; selenov metionin 68mg; kalcijev jodat brezvodni 2.4mg; DL-metionin 3000mg; taurin 1000mg. Tehnolo\u0161ki aditivi: mikrokrstalna celuloza. Antioksidanti: ekstarkti , bogati s tokoferolom naravnega izvora 10 mg.<\/p>\n<p><strong>Analitske sestavine:<\/strong>\u00a0Surove beljakovine 18.00%; surova olja in ma\u0161\u010dobe 15.00%; surova vlakna 1.20%; surovi pepel 5.30%; kalcij 0.70%; fosfor 0.50%; natrij 0.25%; kalij 0.60%; magnezij 0.011%; Omega-3 ma\u0161\u010dobne kisline 2.20%; Omega-6 ma\u0161\u010dobne kisline 0.40%; EPA 0.60%; DHA 0.83%.<\/p>\n<p><strong>Energijska vrednost:<\/strong>\u00a0EM Kcal\/Kg 3760 &#8211; Mj\/Kg 15,73<\/p>\n<\/div>\n<\/section>\n<\/div>\n<\/div>\n<div id=\"tabContent--productSingle_23091209503513\" class=\"tab tab--custom\" data-scroll=\"\" data-scroll-class=\"active\" data-scroll-target=\".tabs__tab--productSingle_23091209503513\" data-scroll-offset-top=\"-160\" data-scroll-once=\"false\" data-scroll-attached=\"1\">\n<h2 class=\"h3\">Navodila za hranjenje<\/h2>\n<div>\n<section class=\"section section--content section--content--default section--default\" data-sp-builder-index=\"0\">\n<div class=\"section__content\">\n<p>Dnevno koli\u010dino hrane odmerite glede na starost, te\u017eo in aktivnost psa. Tabela hranjenja se nahaja pod zavihkom dokumenti.<\/p>\n<p>Navedene koli\u010dine so le smernice in jih je potrebno prilagoditi prehranskim potrebam psa.<\/p>\n<p><strong>Priporo\u010deni rok hranjenja<\/strong>: na za\u010detku\u00a0<strong>3 do 8 tednov<\/strong>, \u010de izginejo znaki intolerance, lahko\u00a0<strong>hranite z njo psa neomejeno dolgo.<\/strong><\/p>\n<p><strong>Pes naj ima vedno na voljo dovolj sve\u017ee pitne vode.<\/strong><\/p>\n<p><strong>Opozorilo!<\/strong><br \/>\n<strong>Prosimo, upo\u0161tevajte slede\u010da navodila.<\/strong><\/p>\n<ul type=\"disc\">\n<li>To je\u00a0<strong>veterinarski prehrambni izdelek<\/strong>. Preden se odlo\u010dite za veterinarsko prehrano za va\u0161ega ljubljen\u010dka, se posvetujte z va\u0161im veterinarjem.<\/li>\n<li>V \u010dasu veterinarske diete vam priporo\u010damo\u00a0<strong>redne preglede pri va\u0161em veterinarju<\/strong>.<\/li>\n<li>V kolikor se zdravstveno stanje va\u0161ega ljubljen\u010dka poslab\u0161a, se takoj posvetujte z va\u0161im veterinarjem.<\/li>\n<li><strong>Ob nakupu izbrane veterinarske hrane potrjujete, da ste prebrali in razumeli zgornja opozorila.<\/strong><\/li>\n<\/ul>\n<h2 class=\"h3\">Lastnosti<\/h2>\n<div>\n<div class=\"table-container\">\n<table class=\"table table--default\" data-wrap-attached=\"true\">\n<thead>\n<tr>\n<th>Lastnost<\/th>\n<th>Vrednost<\/th>\n<\/tr>\n<\/thead>\n<tbody>\n<tr>\n<td>Posebne prehranske zahteve<\/td>\n<td>Brez \u017eit, Brez graha, Brez glutena, Brez jajc<\/td>\n<\/tr>\n<tr>\n<td>Vrsta \u017eivalske beljakovine<\/td>\n<td>Riba<\/td>\n<\/tr>\n<tr>\n<td>Zdravstvene te\u017eave<\/td>\n<td>Alergije in te\u017eave s ko\u017eo<\/td>\n<\/tr>\n<\/tbody>\n<\/table>\n<\/div>\n<\/div>\n<\/div>\n<\/section>\n<\/div>\n<\/div>","protected":false},"excerpt":{"rendered":"<p>Farmina Vet Life Ultrahypo je popolna dieteti\u010dna hrana za pse za zmanj\u0161anje intolerance za sestavine in hranilne snovi. Izogibanje alergijskim reakcijam, atopijam.<\/p>","protected":false},"featured_media":15636,"comment_status":"open","ping_status":"closed","template":"","meta":{"_acf_changed":false,"_uag_custom_page_level_css":"","site-sidebar-layout":"default","site-content-layout":"","ast-site-content-layout":"default","site-content-style":"default","site-sidebar-style":"default","ast-global-header-display":"","ast-banner-title-visibility":"","ast-main-header-display":"","ast-hfb-above-header-display":"","ast-hfb-below-header-display":"","ast-hfb-mobile-header-display":"","site-post-title":"","ast-breadcrumbs-content":"","ast-featured-img":"","footer-sml-layout":"","ast-disable-related-posts":"","theme-transparent-header-meta":"default","adv-header-id-meta":"","stick-header-meta":"","header-above-stick-meta":"","header-main-stick-meta":"","header-below-stick-meta":"","astra-migrate-meta-layouts":"set","ast-page-background-enabled":"default","ast-page-background-meta":{"desktop":{"background-color":"","background-image":"","background-repeat":"repeat","background-position":"center center","background-size":"auto","background-attachment":"scroll","background-type":"","background-media":"","overlay-type":"","overlay-color":"","overlay-opacity":"","overlay-gradient":""},"tablet":{"background-color":"","background-image":"","background-repeat":"repeat","background-position":"center center","background-size":"auto","background-attachment":"scroll","background-type":"","background-media":"","overlay-type":"","overlay-color":"","overlay-opacity":"","overlay-gradient":""},"mobile":{"background-color":"","background-image":"","background-repeat":"repeat","background-position":"center center","background-size":"auto","background-attachment":"scroll","background-type":"","background-media":"","overlay-type":"","overlay-color":"","overlay-opacity":"","overlay-gradient":""}},"ast-content-background-meta":{"desktop":{"background-color":"var(--ast-global-color-5)","background-image":"","background-repeat":"repeat","background-position":"center center","background-size":"auto","background-attachment":"scroll","background-type":"","background-media":"","overlay-type":"","overlay-color":"","overlay-opacity":"","overlay-gradient":""},"tablet":{"background-color":"var(--ast-global-color-5)","background-image":"","background-repeat":"repeat","background-position":"center center","background-size":"auto","background-attachment":"scroll","background-type":"","background-media":"","overlay-type":"","overlay-color":"","overlay-opacity":"","overlay-gradient":""},"mobile":{"background-color":"var(--ast-global-color-5)","background-image":"","background-repeat":"repeat","background-position":"center center","background-size":"auto","background-attachment":"scroll","background-type":"","background-media":"","overlay-type":"","overlay-color":"","overlay-opacity":"","overlay-gradient":""}}},"product_brand":[],"product_cat":[947,725,953,948,944,945,942,952,723,570,943,18],"product_tag":[],"class_list":{"0":"post-15633","1":"product","2":"type-product","3":"status-publish","4":"has-post-thumbnail","6":"product_cat-brez-glutena","7":"product_cat-hrana-za-pse","8":"product_cat-mehko-blato-in-driska","9":"product_cat-monoproteinska-hrana","10":"product_cat-nejesci-psi","11":"product_cat-obcutljiv-zelodec","12":"product_cat-posebne-prehranske-potrebe","13":"product_cat-proti-izpadanju-dlake","14":"product_cat-psi","15":"product_cat-suha-hrana-hrana-za-psa","16":"product_cat-veterinarske-diete","17":"product_cat-vsi-izdelki","18":"desktop-align-center","19":"tablet-align-center","20":"mobile-align-center","22":"first","23":"instock","24":"sale","25":"shipping-taxable","26":"purchasable","27":"product-type-variable"},"acf":[],"yoast_head":"<!-- This site is optimized with the Yoast SEO plugin v27.4 - https:\/\/yoast.com\/product\/yoast-seo-wordpress\/ -->\n<title>Farmina Vetlife - Dog Ultrahypo - hidrolizirana hrana za pasje alergike - Trgovina Pasja Univerza<\/title>\n<meta name=\"description\" content=\"Farmina Vetlife - Dog Ultrahypo - pasja hrana za alergike,\" \/>\n<meta name=\"robots\" content=\"index, follow, max-snippet:-1, max-image-preview:large, max-video-preview:-1\" \/>\n<link rel=\"canonical\" href=\"https:\/\/trgovina.pasjauniverza.si\/en\/product\/farmina-vetlife-dog-ultrahypo\/\" \/>\n<meta property=\"og:locale\" content=\"en_US\" \/>\n<meta property=\"og:type\" content=\"article\" \/>\n<meta property=\"og:title\" content=\"Farmina Vetlife - Dog Ultrahypo - hidrolizirana hrana za pasje alergike - Trgovina Pasja Univerza\" \/>\n<meta property=\"og:description\" content=\"Farmina Vetlife - Dog Ultrahypo - pasja hrana za alergike,\" \/>\n<meta property=\"og:url\" content=\"https:\/\/trgovina.pasjauniverza.si\/en\/product\/farmina-vetlife-dog-ultrahypo\/\" \/>\n<meta property=\"og:site_name\" content=\"Trgovina Pasja Univerza\" \/>\n<meta property=\"article:modified_time\" content=\"2026-04-21T18:00:03+00:00\" \/>\n<meta property=\"og:image\" content=\"https:\/\/trgovina.pasjauniverza.si\/wp-content\/uploads\/2025\/11\/pasja-hrana-za-alergike.webp\" \/>\n\t<meta property=\"og:image:width\" content=\"400\" \/>\n\t<meta property=\"og:image:height\" content=\"600\" \/>\n\t<meta property=\"og:image:type\" content=\"image\/webp\" \/>\n<meta name=\"twitter:card\" content=\"summary_large_image\" \/>\n<meta name=\"twitter:label1\" content=\"Est. reading time\" \/>\n\t<meta name=\"twitter:data1\" content=\"3 minutes\" \/>\n<script type=\"application\/ld+json\" class=\"yoast-schema-graph\">{\"@context\":\"https:\\\/\\\/schema.org\",\"@graph\":[{\"@type\":\"WebPage\",\"@id\":\"https:\\\/\\\/trgovina.pasjauniverza.si\\\/product\\\/farmina-vetlife-dog-ultrahypo\\\/\",\"url\":\"https:\\\/\\\/trgovina.pasjauniverza.si\\\/product\\\/farmina-vetlife-dog-ultrahypo\\\/\",\"name\":\"Farmina Vetlife - Dog Ultrahypo - hidrolizirana hrana za pasje alergike - Trgovina Pasja Univerza\",\"isPartOf\":{\"@id\":\"https:\\\/\\\/trgovina.pasjauniverza.si\\\/#website\"},\"primaryImageOfPage\":{\"@id\":\"https:\\\/\\\/trgovina.pasjauniverza.si\\\/product\\\/farmina-vetlife-dog-ultrahypo\\\/#primaryimage\"},\"image\":{\"@id\":\"https:\\\/\\\/trgovina.pasjauniverza.si\\\/product\\\/farmina-vetlife-dog-ultrahypo\\\/#primaryimage\"},\"thumbnailUrl\":\"https:\\\/\\\/trgovina.pasjauniverza.si\\\/wp-content\\\/uploads\\\/2025\\\/11\\\/pasja-hrana-za-alergike.webp\",\"datePublished\":\"2025-11-11T12:15:23+00:00\",\"dateModified\":\"2026-04-21T18:00:03+00:00\",\"description\":\"Farmina Vetlife - Dog Ultrahypo - pasja hrana za alergike,\",\"breadcrumb\":{\"@id\":\"https:\\\/\\\/trgovina.pasjauniverza.si\\\/product\\\/farmina-vetlife-dog-ultrahypo\\\/#breadcrumb\"},\"inLanguage\":\"en-US\",\"potentialAction\":[{\"@type\":\"ReadAction\",\"target\":[\"https:\\\/\\\/trgovina.pasjauniverza.si\\\/product\\\/farmina-vetlife-dog-ultrahypo\\\/\"]}]},{\"@type\":\"ImageObject\",\"inLanguage\":\"en-US\",\"@id\":\"https:\\\/\\\/trgovina.pasjauniverza.si\\\/product\\\/farmina-vetlife-dog-ultrahypo\\\/#primaryimage\",\"url\":\"https:\\\/\\\/trgovina.pasjauniverza.si\\\/wp-content\\\/uploads\\\/2025\\\/11\\\/pasja-hrana-za-alergike.webp\",\"contentUrl\":\"https:\\\/\\\/trgovina.pasjauniverza.si\\\/wp-content\\\/uploads\\\/2025\\\/11\\\/pasja-hrana-za-alergike.webp\",\"width\":400,\"height\":600,\"caption\":\"pasja hrana za alergike\"},{\"@type\":\"BreadcrumbList\",\"@id\":\"https:\\\/\\\/trgovina.pasjauniverza.si\\\/product\\\/farmina-vetlife-dog-ultrahypo\\\/#breadcrumb\",\"itemListElement\":[{\"@type\":\"ListItem\",\"position\":1,\"name\":\"Home\",\"item\":\"https:\\\/\\\/trgovina.pasjauniverza.si\\\/\"},{\"@type\":\"ListItem\",\"position\":2,\"name\":\"Trgovina\",\"item\":\"https:\\\/\\\/trgovina.pasjauniverza.si\\\/trgovina\\\/\"},{\"@type\":\"ListItem\",\"position\":3,\"name\":\"Farmina Vetlife &#8211; Dog Ultrahypo &#8211; hidrolizirana hrana za pasje alergike\"}]},{\"@type\":\"WebSite\",\"@id\":\"https:\\\/\\\/trgovina.pasjauniverza.si\\\/#website\",\"url\":\"https:\\\/\\\/trgovina.pasjauniverza.si\\\/\",\"name\":\"Trgovina Pasja Univerza\",\"description\":\"pasja univerza trgovina\",\"publisher\":{\"@id\":\"https:\\\/\\\/trgovina.pasjauniverza.si\\\/#organization\"},\"potentialAction\":[{\"@type\":\"SearchAction\",\"target\":{\"@type\":\"EntryPoint\",\"urlTemplate\":\"https:\\\/\\\/trgovina.pasjauniverza.si\\\/?s={search_term_string}\"},\"query-input\":{\"@type\":\"PropertyValueSpecification\",\"valueRequired\":true,\"valueName\":\"search_term_string\"}}],\"inLanguage\":\"en-US\"},{\"@type\":\"Organization\",\"@id\":\"https:\\\/\\\/trgovina.pasjauniverza.si\\\/#organization\",\"name\":\"Trgovina Pasja Univerza\",\"url\":\"https:\\\/\\\/trgovina.pasjauniverza.si\\\/\",\"logo\":{\"@type\":\"ImageObject\",\"inLanguage\":\"en-US\",\"@id\":\"https:\\\/\\\/trgovina.pasjauniverza.si\\\/#\\\/schema\\\/logo\\\/image\\\/\",\"url\":\"https:\\\/\\\/trgovina.pasjauniverza.si\\\/wp-content\\\/uploads\\\/2024\\\/08\\\/cropped-logotipi-vector-04.png\",\"contentUrl\":\"https:\\\/\\\/trgovina.pasjauniverza.si\\\/wp-content\\\/uploads\\\/2024\\\/08\\\/cropped-logotipi-vector-04.png\",\"width\":942,\"height\":908,\"caption\":\"Trgovina Pasja Univerza\"},\"image\":{\"@id\":\"https:\\\/\\\/trgovina.pasjauniverza.si\\\/#\\\/schema\\\/logo\\\/image\\\/\"}}]}<\/script>\n<!-- \/ Yoast SEO plugin. -->","yoast_head_json":{"title":"Farmina Vetlife - Dog Ultrahypo - hidrolizirana hrana za pasje alergike - Trgovina Pasja Univerza","description":"Farmina Vetlife - Dog Ultrahypo - pasja hrana za alergike,","robots":{"index":"index","follow":"follow","max-snippet":"max-snippet:-1","max-image-preview":"max-image-preview:large","max-video-preview":"max-video-preview:-1"},"canonical":"https:\/\/trgovina.pasjauniverza.si\/en\/product\/farmina-vetlife-dog-ultrahypo\/","og_locale":"en_US","og_type":"article","og_title":"Farmina Vetlife - Dog Ultrahypo - hidrolizirana hrana za pasje alergike - Trgovina Pasja Univerza","og_description":"Farmina Vetlife - Dog Ultrahypo - pasja hrana za alergike,","og_url":"https:\/\/trgovina.pasjauniverza.si\/en\/product\/farmina-vetlife-dog-ultrahypo\/","og_site_name":"Trgovina Pasja Univerza","article_modified_time":"2026-04-21T18:00:03+00:00","og_image":[{"width":400,"height":600,"url":"https:\/\/trgovina.pasjauniverza.si\/wp-content\/uploads\/2025\/11\/pasja-hrana-za-alergike.webp","type":"image\/webp"}],"twitter_card":"summary_large_image","twitter_misc":{"Est. reading time":"3 minutes"},"schema":{"@context":"https:\/\/schema.org","@graph":[{"@type":"WebPage","@id":"https:\/\/trgovina.pasjauniverza.si\/product\/farmina-vetlife-dog-ultrahypo\/","url":"https:\/\/trgovina.pasjauniverza.si\/product\/farmina-vetlife-dog-ultrahypo\/","name":"Farmina Vetlife - Dog Ultrahypo - hidrolizirana hrana za pasje alergike - Trgovina Pasja Univerza","isPartOf":{"@id":"https:\/\/trgovina.pasjauniverza.si\/#website"},"primaryImageOfPage":{"@id":"https:\/\/trgovina.pasjauniverza.si\/product\/farmina-vetlife-dog-ultrahypo\/#primaryimage"},"image":{"@id":"https:\/\/trgovina.pasjauniverza.si\/product\/farmina-vetlife-dog-ultrahypo\/#primaryimage"},"thumbnailUrl":"https:\/\/trgovina.pasjauniverza.si\/wp-content\/uploads\/2025\/11\/pasja-hrana-za-alergike.webp","datePublished":"2025-11-11T12:15:23+00:00","dateModified":"2026-04-21T18:00:03+00:00","description":"Farmina Vetlife - Dog Ultrahypo - pasja hrana za alergike,","breadcrumb":{"@id":"https:\/\/trgovina.pasjauniverza.si\/product\/farmina-vetlife-dog-ultrahypo\/#breadcrumb"},"inLanguage":"en-US","potentialAction":[{"@type":"ReadAction","target":["https:\/\/trgovina.pasjauniverza.si\/product\/farmina-vetlife-dog-ultrahypo\/"]}]},{"@type":"ImageObject","inLanguage":"en-US","@id":"https:\/\/trgovina.pasjauniverza.si\/product\/farmina-vetlife-dog-ultrahypo\/#primaryimage","url":"https:\/\/trgovina.pasjauniverza.si\/wp-content\/uploads\/2025\/11\/pasja-hrana-za-alergike.webp","contentUrl":"https:\/\/trgovina.pasjauniverza.si\/wp-content\/uploads\/2025\/11\/pasja-hrana-za-alergike.webp","width":400,"height":600,"caption":"pasja hrana za alergike"},{"@type":"BreadcrumbList","@id":"https:\/\/trgovina.pasjauniverza.si\/product\/farmina-vetlife-dog-ultrahypo\/#breadcrumb","itemListElement":[{"@type":"ListItem","position":1,"name":"Home","item":"https:\/\/trgovina.pasjauniverza.si\/"},{"@type":"ListItem","position":2,"name":"Trgovina","item":"https:\/\/trgovina.pasjauniverza.si\/trgovina\/"},{"@type":"ListItem","position":3,"name":"Farmina Vetlife &#8211; Dog Ultrahypo &#8211; hidrolizirana hrana za pasje alergike"}]},{"@type":"WebSite","@id":"https:\/\/trgovina.pasjauniverza.si\/#website","url":"https:\/\/trgovina.pasjauniverza.si\/","name":"Trgovina Pasja Univerza","description":"pasja univerza trgovina","publisher":{"@id":"https:\/\/trgovina.pasjauniverza.si\/#organization"},"potentialAction":[{"@type":"SearchAction","target":{"@type":"EntryPoint","urlTemplate":"https:\/\/trgovina.pasjauniverza.si\/?s={search_term_string}"},"query-input":{"@type":"PropertyValueSpecification","valueRequired":true,"valueName":"search_term_string"}}],"inLanguage":"en-US"},{"@type":"Organization","@id":"https:\/\/trgovina.pasjauniverza.si\/#organization","name":"Trgovina Pasja Univerza","url":"https:\/\/trgovina.pasjauniverza.si\/","logo":{"@type":"ImageObject","inLanguage":"en-US","@id":"https:\/\/trgovina.pasjauniverza.si\/#\/schema\/logo\/image\/","url":"https:\/\/trgovina.pasjauniverza.si\/wp-content\/uploads\/2024\/08\/cropped-logotipi-vector-04.png","contentUrl":"https:\/\/trgovina.pasjauniverza.si\/wp-content\/uploads\/2024\/08\/cropped-logotipi-vector-04.png","width":942,"height":908,"caption":"Trgovina Pasja Univerza"},"image":{"@id":"https:\/\/trgovina.pasjauniverza.si\/#\/schema\/logo\/image\/"}}]}},"uagb_featured_image_src":{"full":["https:\/\/trgovina.pasjauniverza.si\/wp-content\/uploads\/2025\/11\/pasja-hrana-za-alergike.webp",400,600,false],"thumbnail":["https:\/\/trgovina.pasjauniverza.si\/wp-content\/uploads\/2025\/11\/pasja-hrana-za-alergike-150x150.webp",150,150,true],"medium":["https:\/\/trgovina.pasjauniverza.si\/wp-content\/uploads\/2025\/11\/pasja-hrana-za-alergike-200x300.webp",200,300,true],"medium_large":["https:\/\/trgovina.pasjauniverza.si\/wp-content\/uploads\/2025\/11\/pasja-hrana-za-alergike.webp",400,600,false],"large":["https:\/\/trgovina.pasjauniverza.si\/wp-content\/uploads\/2025\/11\/pasja-hrana-za-alergike.webp",400,600,false],"1536x1536":["https:\/\/trgovina.pasjauniverza.si\/wp-content\/uploads\/2025\/11\/pasja-hrana-za-alergike.webp",400,600,false],"2048x2048":["https:\/\/trgovina.pasjauniverza.si\/wp-content\/uploads\/2025\/11\/pasja-hrana-za-alergike.webp",400,600,false],"trp-custom-language-flag":["https:\/\/trgovina.pasjauniverza.si\/wp-content\/uploads\/2025\/11\/pasja-hrana-za-alergike-8x12.webp",8,12,true],"woocommerce_thumbnail":["https:\/\/trgovina.pasjauniverza.si\/wp-content\/uploads\/2025\/11\/pasja-hrana-za-alergike-300x300.webp",300,300,true],"woocommerce_single":["https:\/\/trgovina.pasjauniverza.si\/wp-content\/uploads\/2025\/11\/pasja-hrana-za-alergike.webp",400,600,false],"woocommerce_gallery_thumbnail":["https:\/\/trgovina.pasjauniverza.si\/wp-content\/uploads\/2025\/11\/pasja-hrana-za-alergike-100x100.webp",100,100,true]},"uagb_author_info":{"display_name":"Karmen Grubeli\u0107, dr.vet.med.","author_link":"https:\/\/trgovina.pasjauniverza.si\/en\/author\/"},"uagb_comment_info":1,"uagb_excerpt":"Farmina Vet Life Ultrahypo je popolna dieteti\u010dna hrana za pse za zmanj\u0161anje intolerance za sestavine in hranilne snovi. Izogibanje alergijskim reakcijam, atopijam.","jetpack_sharing_enabled":true,"_links":{"self":[{"href":"https:\/\/trgovina.pasjauniverza.si\/en\/wp-json\/wp\/v2\/product\/15633","targetHints":{"allow":["GET"]}}],"collection":[{"href":"https:\/\/trgovina.pasjauniverza.si\/en\/wp-json\/wp\/v2\/product"}],"about":[{"href":"https:\/\/trgovina.pasjauniverza.si\/en\/wp-json\/wp\/v2\/types\/product"}],"replies":[{"embeddable":true,"href":"https:\/\/trgovina.pasjauniverza.si\/en\/wp-json\/wp\/v2\/comments?post=15633"}],"wp:featuredmedia":[{"embeddable":true,"href":"https:\/\/trgovina.pasjauniverza.si\/en\/wp-json\/wp\/v2\/media\/15636"}],"wp:attachment":[{"href":"https:\/\/trgovina.pasjauniverza.si\/en\/wp-json\/wp\/v2\/media?parent=15633"}],"wp:term":[{"taxonomy":"product_brand","embeddable":true,"href":"https:\/\/trgovina.pasjauniverza.si\/en\/wp-json\/wp\/v2\/product_brand?post=15633"},{"taxonomy":"product_cat","embeddable":true,"href":"https:\/\/trgovina.pasjauniverza.si\/en\/wp-json\/wp\/v2\/product_cat?post=15633"},{"taxonomy":"product_tag","embeddable":true,"href":"https:\/\/trgovina.pasjauniverza.si\/en\/wp-json\/wp\/v2\/product_tag?post=15633"}],"curies":[{"name":"wp","href":"https:\/\/api.w.org\/{rel}","templated":true}]}}