
{"id":15573,"date":"2025-11-02T18:19:36","date_gmt":"2025-11-02T18:19:36","guid":{"rendered":"https:\/\/trgovina.pasjauniverza.si\/?post_type=product&#038;p=15573"},"modified":"2026-02-10T06:58:40","modified_gmt":"2026-02-10T06:58:40","slug":"zascitna-obutev-za-psa-iz-neoprena","status":"publish","type":"product","link":"https:\/\/trgovina.pasjauniverza.si\/en\/product\/zascitna-obutev-za-psa-iz-neoprena\/","title":{"rendered":"Za\u0161\u010ditna obutev za psa iz neoprena"},"content":{"rendered":"<h3 data-start=\"80\" data-end=\"134\">Za\u0161\u010ditna obutev za pse iz neoprena \u2013 topli, nedrse\u010di in udobni<\/h3>\n<p data-start=\"136\" data-end=\"381\">Poskrbite, da bodo ta\u010dke va\u0161ega psa pozimi suhe, \u010diste in za\u0161\u010ditene pred mrazom. Poleti pa pred vro\u010dim asfaltom.<br data-start=\"221\" data-end=\"224\" \/>Ti kakovostni zimski \u010devlji iz trpe\u017enega neoprena in vodoodporne tkanine z nedrse\u010dim podplatom so primerni za sprehode po snegu, ledu ali mokrih povr\u0161inah. Priporo\u010damo za za\u0161\u010dito po\u0161kodovanih ta\u010dk.<\/p>\n<p data-start=\"383\" data-end=\"407\"><strong data-start=\"383\" data-end=\"405\">Lastnosti izdelka:<\/strong><\/p>\n<ul data-start=\"408\" data-end=\"782\">\n<li data-start=\"408\" data-end=\"491\">\n<p data-start=\"410\" data-end=\"491\">Topla notranja plast iz mehkega flisa zagotavlja udobje in za\u0161\u010dito pred mrazom.<\/p>\n<\/li>\n<li data-start=\"492\" data-end=\"569\">\n<p data-start=\"494\" data-end=\"569\">Vodoodporen zunanji sloj iz neoprena \u0161\u010diti ta\u010dke pred vlago in umazanijo.<\/p>\n<\/li>\n<li data-start=\"570\" data-end=\"643\">\n<p data-start=\"572\" data-end=\"643\">Nedrse\u010d gumijast podplat omogo\u010da varen korak tudi na spolzkem terenu.<\/p>\n<\/li>\n<li data-start=\"644\" data-end=\"706\">\n<p data-start=\"646\" data-end=\"706\">Dvojni odsevni trakovi pove\u010dajo vidnost in varnost v temi.<\/p>\n<\/li>\n<li data-start=\"707\" data-end=\"782\">\n<p data-start=\"709\" data-end=\"782\">Nastavljivi trakovi omogo\u010dajo enostavno name\u0161\u010danje in dobro prileganje.<\/p>\n<\/li>\n<\/ul>\n<p data-start=\"784\" data-end=\"954\">Primerni so za pse razli\u010dnih velikosti \u2013 od manj\u0161ih do ve\u010djih pasem.<br data-start=\"852\" data-end=\"855\" \/>Pred nakupom izmerite \u0161irino in dol\u017eino ta\u010dke ter izberite ustrezno velikost po spodnji tabeli.<\/p>\n<div class=\"_tableContainer_1rjym_1\">\n<div class=\"group _tableWrapper_1rjym_13 flex w-fit flex-col-reverse\" tabindex=\"-1\">\n<table class=\"w-fit min-w-(--thread-content-width)\" data-start=\"122\" data-end=\"453\">\n<thead data-start=\"122\" data-end=\"191\">\n<tr data-start=\"122\" data-end=\"191\">\n<th data-start=\"122\" data-end=\"133\" data-col-size=\"sm\">Velikost<\/th>\n<th data-start=\"133\" data-end=\"153\" data-col-size=\"sm\">\u0160irina ta\u010dke (cm)<\/th>\n<th data-start=\"153\" data-end=\"174\" data-col-size=\"sm\">Dol\u017eina ta\u010dke (cm)<\/th>\n<th data-start=\"174\" data-end=\"191\" data-col-size=\"sm\">Te\u017ea psa (kg)<\/th>\n<\/tr>\n<\/thead>\n<tbody data-start=\"263\" data-end=\"453\">\n<tr data-start=\"263\" data-end=\"300\">\n<td data-start=\"263\" data-end=\"268\" data-col-size=\"sm\">XS<\/td>\n<td data-start=\"268\" data-end=\"278\" data-col-size=\"sm\">5.4\u20135.8<\/td>\n<td data-start=\"278\" data-end=\"288\" data-col-size=\"sm\">6.4\u20136.7<\/td>\n<td data-start=\"288\" data-end=\"300\" data-col-size=\"sm\">8.5\u201312.5<\/td>\n<\/tr>\n<tr data-start=\"301\" data-end=\"339\">\n<td data-start=\"301\" data-end=\"306\" data-col-size=\"sm\">S<\/td>\n<td data-start=\"306\" data-end=\"316\" data-col-size=\"sm\">5.9\u20136.3<\/td>\n<td data-start=\"316\" data-end=\"326\" data-col-size=\"sm\">7.0\u20137.5<\/td>\n<td data-start=\"326\" data-end=\"339\" data-col-size=\"sm\">12.5\u201317.5<\/td>\n<\/tr>\n<tr data-start=\"340\" data-end=\"376\">\n<td data-start=\"340\" data-end=\"345\" data-col-size=\"sm\">M<\/td>\n<td data-start=\"345\" data-end=\"355\" data-col-size=\"sm\">6.6\u20137.2<\/td>\n<td data-start=\"355\" data-end=\"365\" data-col-size=\"sm\">7.9\u20138.5<\/td>\n<td data-start=\"365\" data-end=\"376\" data-col-size=\"sm\">17.5\u201325<\/td>\n<\/tr>\n<tr data-start=\"377\" data-end=\"413\">\n<td data-start=\"377\" data-end=\"382\" data-col-size=\"sm\">L<\/td>\n<td data-start=\"382\" data-end=\"392\" data-col-size=\"sm\">7.6\u20138.2<\/td>\n<td data-start=\"392\" data-end=\"402\" data-col-size=\"sm\">8.9\u20139.5<\/td>\n<td data-start=\"402\" data-end=\"413\" data-col-size=\"sm\">25\u201332.5<\/td>\n<\/tr>\n<tr data-start=\"414\" data-end=\"453\">\n<td data-start=\"414\" data-end=\"419\" data-col-size=\"sm\">XL<\/td>\n<td data-start=\"419\" data-end=\"429\" data-col-size=\"sm\">8.6\u20139.2<\/td>\n<td data-start=\"429\" data-end=\"440\" data-col-size=\"sm\">9.9\u201310.5<\/td>\n<td data-start=\"440\" data-end=\"453\" data-col-size=\"sm\">32.5\u201342.5<\/td>\n<\/tr>\n<\/tbody>\n<\/table>\n<\/div>\n<\/div>\n<hr data-start=\"455\" data-end=\"458\" \/>\n<p data-start=\"460\" data-end=\"614\" data-is-last-node=\"\" data-is-only-node=\"\"><strong data-start=\"463\" data-end=\"484\">Nasvet za izbiro:<\/strong><br data-start=\"484\" data-end=\"487\" \/>\u010ce je ta\u010dka med dvema velikostma, priporo\u010damo, da izbere\u0161 ve\u010djo \u0161tevilko.<br data-start=\"560\" data-end=\"563\" \/>Mo\u017ena je 1\u20133 cm odstopanja zaradi ro\u010dnega merjenja.<\/p>","protected":false},"excerpt":{"rendered":"<p>Za\u0161\u010ditna obutev iz neoprena z mehko podlogo, nedrse\u010dim podplatom in odsevnimi trakovi \u2013 popolna za\u0161\u010dita ta\u010dk pred mrazom, umazanijo, vlago in snegom.<\/p>","protected":false},"featured_media":15580,"comment_status":"open","ping_status":"closed","template":"","meta":{"_acf_changed":false,"_uag_custom_page_level_css":"","site-sidebar-layout":"default","site-content-layout":"","ast-site-content-layout":"default","site-content-style":"default","site-sidebar-style":"default","ast-global-header-display":"","ast-banner-title-visibility":"","ast-main-header-display":"","ast-hfb-above-header-display":"","ast-hfb-below-header-display":"","ast-hfb-mobile-header-display":"","site-post-title":"","ast-breadcrumbs-content":"","ast-featured-img":"","footer-sml-layout":"","ast-disable-related-posts":"","theme-transparent-header-meta":"default","adv-header-id-meta":"","stick-header-meta":"","header-above-stick-meta":"","header-main-stick-meta":"","header-below-stick-meta":"","astra-migrate-meta-layouts":"set","ast-page-background-enabled":"default","ast-page-background-meta":{"desktop":{"background-color":"","background-image":"","background-repeat":"repeat","background-position":"center center","background-size":"auto","background-attachment":"scroll","background-type":"","background-media":"","overlay-type":"","overlay-color":"","overlay-opacity":"","overlay-gradient":""},"tablet":{"background-color":"","background-image":"","background-repeat":"repeat","background-position":"center center","background-size":"auto","background-attachment":"scroll","background-type":"","background-media":"","overlay-type":"","overlay-color":"","overlay-opacity":"","overlay-gradient":""},"mobile":{"background-color":"","background-image":"","background-repeat":"repeat","background-position":"center center","background-size":"auto","background-attachment":"scroll","background-type":"","background-media":"","overlay-type":"","overlay-color":"","overlay-opacity":"","overlay-gradient":""}},"ast-content-background-meta":{"desktop":{"background-color":"var(--ast-global-color-5)","background-image":"","background-repeat":"repeat","background-position":"center center","background-size":"auto","background-attachment":"scroll","background-type":"","background-media":"","overlay-type":"","overlay-color":"","overlay-opacity":"","overlay-gradient":""},"tablet":{"background-color":"var(--ast-global-color-5)","background-image":"","background-repeat":"repeat","background-position":"center center","background-size":"auto","background-attachment":"scroll","background-type":"","background-media":"","overlay-type":"","overlay-color":"","overlay-opacity":"","overlay-gradient":""},"mobile":{"background-color":"var(--ast-global-color-5)","background-image":"","background-repeat":"repeat","background-position":"center center","background-size":"auto","background-attachment":"scroll","background-type":"","background-media":"","overlay-type":"","overlay-color":"","overlay-opacity":"","overlay-gradient":""}}},"product_brand":[],"product_cat":[94,765,78,723,18],"product_tag":[],"class_list":{"0":"post-15573","1":"product","2":"type-product","3":"status-publish","4":"has-post-thumbnail","6":"product_cat-nega","7":"product_cat-nega-tack","8":"product_cat-oprema","9":"product_cat-psi","10":"product_cat-vsi-izdelki","11":"desktop-align-center","12":"tablet-align-center","13":"mobile-align-center","15":"first","16":"instock","17":"shipping-taxable","18":"purchasable","19":"product-type-variable"},"acf":[],"yoast_head":"<!-- This site is optimized with the Yoast SEO plugin v27.4 - https:\/\/yoast.com\/product\/yoast-seo-wordpress\/ -->\n<title>Za\u0161\u010ditna obutev za psa iz neoprena - Trgovina Pasja Univerza<\/title>\n<meta name=\"description\" content=\"za\u0161\u010dita ta\u010dk psa.\" \/>\n<meta name=\"robots\" content=\"index, follow, max-snippet:-1, max-image-preview:large, max-video-preview:-1\" \/>\n<link rel=\"canonical\" href=\"https:\/\/trgovina.pasjauniverza.si\/en\/product\/zascitna-obutev-za-psa-iz-neoprena\/\" \/>\n<meta property=\"og:locale\" content=\"en_US\" \/>\n<meta property=\"og:type\" content=\"article\" \/>\n<meta property=\"og:title\" content=\"Za\u0161\u010ditna obutev za psa iz neoprena - Trgovina Pasja Univerza\" \/>\n<meta property=\"og:description\" content=\"za\u0161\u010dita ta\u010dk psa.\" \/>\n<meta property=\"og:url\" content=\"https:\/\/trgovina.pasjauniverza.si\/en\/product\/zascitna-obutev-za-psa-iz-neoprena\/\" \/>\n<meta property=\"og:site_name\" content=\"Trgovina Pasja Univerza\" \/>\n<meta property=\"article:modified_time\" content=\"2026-02-10T06:58:40+00:00\" \/>\n<meta property=\"og:image\" content=\"https:\/\/trgovina.pasjauniverza.si\/wp-content\/uploads\/2025\/11\/zimski-cevlji-za-psa.png\" \/>\n\t<meta property=\"og:image:width\" content=\"500\" \/>\n\t<meta property=\"og:image:height\" content=\"500\" \/>\n\t<meta property=\"og:image:type\" content=\"image\/png\" \/>\n<meta name=\"twitter:card\" content=\"summary_large_image\" \/>\n<meta name=\"twitter:label1\" content=\"Est. reading time\" \/>\n\t<meta name=\"twitter:data1\" content=\"2 minutes\" \/>\n<script type=\"application\/ld+json\" class=\"yoast-schema-graph\">{\"@context\":\"https:\\\/\\\/schema.org\",\"@graph\":[{\"@type\":\"WebPage\",\"@id\":\"https:\\\/\\\/trgovina.pasjauniverza.si\\\/product\\\/zascitna-obutev-za-psa-iz-neoprena\\\/\",\"url\":\"https:\\\/\\\/trgovina.pasjauniverza.si\\\/product\\\/zascitna-obutev-za-psa-iz-neoprena\\\/\",\"name\":\"Za\u0161\u010ditna obutev za psa iz neoprena - Trgovina Pasja Univerza\",\"isPartOf\":{\"@id\":\"https:\\\/\\\/trgovina.pasjauniverza.si\\\/#website\"},\"primaryImageOfPage\":{\"@id\":\"https:\\\/\\\/trgovina.pasjauniverza.si\\\/product\\\/zascitna-obutev-za-psa-iz-neoprena\\\/#primaryimage\"},\"image\":{\"@id\":\"https:\\\/\\\/trgovina.pasjauniverza.si\\\/product\\\/zascitna-obutev-za-psa-iz-neoprena\\\/#primaryimage\"},\"thumbnailUrl\":\"https:\\\/\\\/trgovina.pasjauniverza.si\\\/wp-content\\\/uploads\\\/2025\\\/11\\\/zimski-cevlji-za-psa.png\",\"datePublished\":\"2025-11-02T18:19:36+00:00\",\"dateModified\":\"2026-02-10T06:58:40+00:00\",\"description\":\"za\u0161\u010dita ta\u010dk psa.\",\"breadcrumb\":{\"@id\":\"https:\\\/\\\/trgovina.pasjauniverza.si\\\/product\\\/zascitna-obutev-za-psa-iz-neoprena\\\/#breadcrumb\"},\"inLanguage\":\"en-US\",\"potentialAction\":[{\"@type\":\"ReadAction\",\"target\":[\"https:\\\/\\\/trgovina.pasjauniverza.si\\\/product\\\/zascitna-obutev-za-psa-iz-neoprena\\\/\"]}]},{\"@type\":\"ImageObject\",\"inLanguage\":\"en-US\",\"@id\":\"https:\\\/\\\/trgovina.pasjauniverza.si\\\/product\\\/zascitna-obutev-za-psa-iz-neoprena\\\/#primaryimage\",\"url\":\"https:\\\/\\\/trgovina.pasjauniverza.si\\\/wp-content\\\/uploads\\\/2025\\\/11\\\/zimski-cevlji-za-psa.png\",\"contentUrl\":\"https:\\\/\\\/trgovina.pasjauniverza.si\\\/wp-content\\\/uploads\\\/2025\\\/11\\\/zimski-cevlji-za-psa.png\",\"width\":500,\"height\":500,\"caption\":\"zimski \u010devlji za psa\"},{\"@type\":\"BreadcrumbList\",\"@id\":\"https:\\\/\\\/trgovina.pasjauniverza.si\\\/product\\\/zascitna-obutev-za-psa-iz-neoprena\\\/#breadcrumb\",\"itemListElement\":[{\"@type\":\"ListItem\",\"position\":1,\"name\":\"Home\",\"item\":\"https:\\\/\\\/trgovina.pasjauniverza.si\\\/\"},{\"@type\":\"ListItem\",\"position\":2,\"name\":\"Trgovina\",\"item\":\"https:\\\/\\\/trgovina.pasjauniverza.si\\\/trgovina\\\/\"},{\"@type\":\"ListItem\",\"position\":3,\"name\":\"Za\u0161\u010ditna obutev za psa iz neoprena\"}]},{\"@type\":\"WebSite\",\"@id\":\"https:\\\/\\\/trgovina.pasjauniverza.si\\\/#website\",\"url\":\"https:\\\/\\\/trgovina.pasjauniverza.si\\\/\",\"name\":\"Trgovina Pasja Univerza\",\"description\":\"pasja univerza trgovina\",\"publisher\":{\"@id\":\"https:\\\/\\\/trgovina.pasjauniverza.si\\\/#organization\"},\"potentialAction\":[{\"@type\":\"SearchAction\",\"target\":{\"@type\":\"EntryPoint\",\"urlTemplate\":\"https:\\\/\\\/trgovina.pasjauniverza.si\\\/?s={search_term_string}\"},\"query-input\":{\"@type\":\"PropertyValueSpecification\",\"valueRequired\":true,\"valueName\":\"search_term_string\"}}],\"inLanguage\":\"en-US\"},{\"@type\":\"Organization\",\"@id\":\"https:\\\/\\\/trgovina.pasjauniverza.si\\\/#organization\",\"name\":\"Trgovina Pasja Univerza\",\"url\":\"https:\\\/\\\/trgovina.pasjauniverza.si\\\/\",\"logo\":{\"@type\":\"ImageObject\",\"inLanguage\":\"en-US\",\"@id\":\"https:\\\/\\\/trgovina.pasjauniverza.si\\\/#\\\/schema\\\/logo\\\/image\\\/\",\"url\":\"https:\\\/\\\/trgovina.pasjauniverza.si\\\/wp-content\\\/uploads\\\/2024\\\/08\\\/cropped-logotipi-vector-04.png\",\"contentUrl\":\"https:\\\/\\\/trgovina.pasjauniverza.si\\\/wp-content\\\/uploads\\\/2024\\\/08\\\/cropped-logotipi-vector-04.png\",\"width\":942,\"height\":908,\"caption\":\"Trgovina Pasja Univerza\"},\"image\":{\"@id\":\"https:\\\/\\\/trgovina.pasjauniverza.si\\\/#\\\/schema\\\/logo\\\/image\\\/\"}}]}<\/script>\n<!-- \/ Yoast SEO plugin. -->","yoast_head_json":{"title":"Za\u0161\u010ditna obutev za psa iz neoprena - Trgovina Pasja Univerza","description":"za\u0161\u010dita ta\u010dk psa.","robots":{"index":"index","follow":"follow","max-snippet":"max-snippet:-1","max-image-preview":"max-image-preview:large","max-video-preview":"max-video-preview:-1"},"canonical":"https:\/\/trgovina.pasjauniverza.si\/en\/product\/zascitna-obutev-za-psa-iz-neoprena\/","og_locale":"en_US","og_type":"article","og_title":"Za\u0161\u010ditna obutev za psa iz neoprena - Trgovina Pasja Univerza","og_description":"za\u0161\u010dita ta\u010dk psa.","og_url":"https:\/\/trgovina.pasjauniverza.si\/en\/product\/zascitna-obutev-za-psa-iz-neoprena\/","og_site_name":"Trgovina Pasja Univerza","article_modified_time":"2026-02-10T06:58:40+00:00","og_image":[{"width":500,"height":500,"url":"https:\/\/trgovina.pasjauniverza.si\/wp-content\/uploads\/2025\/11\/zimski-cevlji-za-psa.png","type":"image\/png"}],"twitter_card":"summary_large_image","twitter_misc":{"Est. reading time":"2 minutes"},"schema":{"@context":"https:\/\/schema.org","@graph":[{"@type":"WebPage","@id":"https:\/\/trgovina.pasjauniverza.si\/product\/zascitna-obutev-za-psa-iz-neoprena\/","url":"https:\/\/trgovina.pasjauniverza.si\/product\/zascitna-obutev-za-psa-iz-neoprena\/","name":"Za\u0161\u010ditna obutev za psa iz neoprena - Trgovina Pasja Univerza","isPartOf":{"@id":"https:\/\/trgovina.pasjauniverza.si\/#website"},"primaryImageOfPage":{"@id":"https:\/\/trgovina.pasjauniverza.si\/product\/zascitna-obutev-za-psa-iz-neoprena\/#primaryimage"},"image":{"@id":"https:\/\/trgovina.pasjauniverza.si\/product\/zascitna-obutev-za-psa-iz-neoprena\/#primaryimage"},"thumbnailUrl":"https:\/\/trgovina.pasjauniverza.si\/wp-content\/uploads\/2025\/11\/zimski-cevlji-za-psa.png","datePublished":"2025-11-02T18:19:36+00:00","dateModified":"2026-02-10T06:58:40+00:00","description":"za\u0161\u010dita ta\u010dk psa.","breadcrumb":{"@id":"https:\/\/trgovina.pasjauniverza.si\/product\/zascitna-obutev-za-psa-iz-neoprena\/#breadcrumb"},"inLanguage":"en-US","potentialAction":[{"@type":"ReadAction","target":["https:\/\/trgovina.pasjauniverza.si\/product\/zascitna-obutev-za-psa-iz-neoprena\/"]}]},{"@type":"ImageObject","inLanguage":"en-US","@id":"https:\/\/trgovina.pasjauniverza.si\/product\/zascitna-obutev-za-psa-iz-neoprena\/#primaryimage","url":"https:\/\/trgovina.pasjauniverza.si\/wp-content\/uploads\/2025\/11\/zimski-cevlji-za-psa.png","contentUrl":"https:\/\/trgovina.pasjauniverza.si\/wp-content\/uploads\/2025\/11\/zimski-cevlji-za-psa.png","width":500,"height":500,"caption":"zimski \u010devlji za psa"},{"@type":"BreadcrumbList","@id":"https:\/\/trgovina.pasjauniverza.si\/product\/zascitna-obutev-za-psa-iz-neoprena\/#breadcrumb","itemListElement":[{"@type":"ListItem","position":1,"name":"Home","item":"https:\/\/trgovina.pasjauniverza.si\/"},{"@type":"ListItem","position":2,"name":"Trgovina","item":"https:\/\/trgovina.pasjauniverza.si\/trgovina\/"},{"@type":"ListItem","position":3,"name":"Za\u0161\u010ditna obutev za psa iz neoprena"}]},{"@type":"WebSite","@id":"https:\/\/trgovina.pasjauniverza.si\/#website","url":"https:\/\/trgovina.pasjauniverza.si\/","name":"Trgovina Pasja Univerza","description":"pasja univerza trgovina","publisher":{"@id":"https:\/\/trgovina.pasjauniverza.si\/#organization"},"potentialAction":[{"@type":"SearchAction","target":{"@type":"EntryPoint","urlTemplate":"https:\/\/trgovina.pasjauniverza.si\/?s={search_term_string}"},"query-input":{"@type":"PropertyValueSpecification","valueRequired":true,"valueName":"search_term_string"}}],"inLanguage":"en-US"},{"@type":"Organization","@id":"https:\/\/trgovina.pasjauniverza.si\/#organization","name":"Trgovina Pasja Univerza","url":"https:\/\/trgovina.pasjauniverza.si\/","logo":{"@type":"ImageObject","inLanguage":"en-US","@id":"https:\/\/trgovina.pasjauniverza.si\/#\/schema\/logo\/image\/","url":"https:\/\/trgovina.pasjauniverza.si\/wp-content\/uploads\/2024\/08\/cropped-logotipi-vector-04.png","contentUrl":"https:\/\/trgovina.pasjauniverza.si\/wp-content\/uploads\/2024\/08\/cropped-logotipi-vector-04.png","width":942,"height":908,"caption":"Trgovina Pasja Univerza"},"image":{"@id":"https:\/\/trgovina.pasjauniverza.si\/#\/schema\/logo\/image\/"}}]}},"uagb_featured_image_src":{"full":["https:\/\/trgovina.pasjauniverza.si\/wp-content\/uploads\/2025\/11\/zimski-cevlji-za-psa.png",500,500,false],"thumbnail":["https:\/\/trgovina.pasjauniverza.si\/wp-content\/uploads\/2025\/11\/zimski-cevlji-za-psa-150x150.png",150,150,true],"medium":["https:\/\/trgovina.pasjauniverza.si\/wp-content\/uploads\/2025\/11\/zimski-cevlji-za-psa-300x300.png",300,300,true],"medium_large":["https:\/\/trgovina.pasjauniverza.si\/wp-content\/uploads\/2025\/11\/zimski-cevlji-za-psa.png",500,500,false],"large":["https:\/\/trgovina.pasjauniverza.si\/wp-content\/uploads\/2025\/11\/zimski-cevlji-za-psa.png",500,500,false],"1536x1536":["https:\/\/trgovina.pasjauniverza.si\/wp-content\/uploads\/2025\/11\/zimski-cevlji-za-psa.png",500,500,false],"2048x2048":["https:\/\/trgovina.pasjauniverza.si\/wp-content\/uploads\/2025\/11\/zimski-cevlji-za-psa.png",500,500,false],"trp-custom-language-flag":["https:\/\/trgovina.pasjauniverza.si\/wp-content\/uploads\/2025\/11\/zimski-cevlji-za-psa-12x12.png",12,12,true],"woocommerce_thumbnail":["https:\/\/trgovina.pasjauniverza.si\/wp-content\/uploads\/2025\/11\/zimski-cevlji-za-psa-300x300.png",300,300,true],"woocommerce_single":["https:\/\/trgovina.pasjauniverza.si\/wp-content\/uploads\/2025\/11\/zimski-cevlji-za-psa.png",500,500,false],"woocommerce_gallery_thumbnail":["https:\/\/trgovina.pasjauniverza.si\/wp-content\/uploads\/2025\/11\/zimski-cevlji-za-psa-100x100.png",100,100,true]},"uagb_author_info":{"display_name":"Karmen Grubeli\u0107, dr.vet.med.","author_link":"https:\/\/trgovina.pasjauniverza.si\/en\/author\/"},"uagb_comment_info":0,"uagb_excerpt":"Za\u0161\u010ditna obutev iz neoprena z mehko podlogo, nedrse\u010dim podplatom in odsevnimi trakovi \u2013 popolna za\u0161\u010dita ta\u010dk pred mrazom, umazanijo, vlago in snegom.","jetpack_sharing_enabled":true,"_links":{"self":[{"href":"https:\/\/trgovina.pasjauniverza.si\/en\/wp-json\/wp\/v2\/product\/15573","targetHints":{"allow":["GET"]}}],"collection":[{"href":"https:\/\/trgovina.pasjauniverza.si\/en\/wp-json\/wp\/v2\/product"}],"about":[{"href":"https:\/\/trgovina.pasjauniverza.si\/en\/wp-json\/wp\/v2\/types\/product"}],"replies":[{"embeddable":true,"href":"https:\/\/trgovina.pasjauniverza.si\/en\/wp-json\/wp\/v2\/comments?post=15573"}],"wp:featuredmedia":[{"embeddable":true,"href":"https:\/\/trgovina.pasjauniverza.si\/en\/wp-json\/wp\/v2\/media\/15580"}],"wp:attachment":[{"href":"https:\/\/trgovina.pasjauniverza.si\/en\/wp-json\/wp\/v2\/media?parent=15573"}],"wp:term":[{"taxonomy":"product_brand","embeddable":true,"href":"https:\/\/trgovina.pasjauniverza.si\/en\/wp-json\/wp\/v2\/product_brand?post=15573"},{"taxonomy":"product_cat","embeddable":true,"href":"https:\/\/trgovina.pasjauniverza.si\/en\/wp-json\/wp\/v2\/product_cat?post=15573"},{"taxonomy":"product_tag","embeddable":true,"href":"https:\/\/trgovina.pasjauniverza.si\/en\/wp-json\/wp\/v2\/product_tag?post=15573"}],"curies":[{"name":"wp","href":"https:\/\/api.w.org\/{rel}","templated":true}]}}