
{"id":15534,"date":"2025-10-29T10:37:38","date_gmt":"2025-10-29T10:37:38","guid":{"rendered":"https:\/\/trgovina.pasjauniverza.si\/?post_type=product&#038;p=15534"},"modified":"2025-10-29T10:37:38","modified_gmt":"2025-10-29T10:37:38","slug":"set-za-dajanje-zdravil-psom-in-mackam-4-delni-komplet","status":"publish","type":"product","link":"https:\/\/trgovina.pasjauniverza.si\/en\/product\/set-za-dajanje-zdravil-psom-in-mackam-4-delni-komplet\/","title":{"rendered":"Set za dajanje zdravil psom in ma\u010dkam (4-delni komplet)"},"content":{"rendered":"<p data-start=\"74\" data-end=\"268\">Prakti\u010den komplet za enostavno in varno dajanje zdravil, tablet, kapsul ali teko\u010din va\u0161im ljubljen\u010dkom. Zasnovan tako, da omogo\u010da natan\u010dno doziranje brez tveganja ugriza ali razlitja zdravila.<\/p>\n<p data-start=\"270\" data-end=\"289\"><strong data-start=\"273\" data-end=\"287\">Prednosti:<\/strong><\/p>\n<ul data-start=\"290\" data-end=\"503\">\n<li data-start=\"290\" data-end=\"345\">\n<p data-start=\"292\" data-end=\"345\">Primerno za <strong data-start=\"304\" data-end=\"343\">tablete, kapsule in teko\u010da zdravila<\/strong><\/p>\n<\/li>\n<li data-start=\"346\" data-end=\"398\">\n<p data-start=\"348\" data-end=\"398\"><strong data-start=\"348\" data-end=\"369\">Ergonomska oblika<\/strong> za la\u017eji oprijem in nadzor<\/p>\n<\/li>\n<li data-start=\"399\" data-end=\"459\">\n<p data-start=\"401\" data-end=\"459\">Varno za uporabo pri <strong data-start=\"422\" data-end=\"457\">psih, ma\u010dkah in majhnih \u017eivalih<\/strong><\/p>\n<\/li>\n<li data-start=\"460\" data-end=\"503\">\n<p data-start=\"462\" data-end=\"503\">Enostavno \u010di\u0161\u010denje in ve\u010dkratna uporaba<\/p>\n<\/li>\n<\/ul>\n<p data-start=\"505\" data-end=\"601\"><strong data-start=\"508\" data-end=\"523\">V kompletu:<\/strong><br data-start=\"523\" data-end=\"526\" \/>4 razli\u010dne brizge za razli\u010dne oblike zdravil (za tablete, kapsule, teko\u010dine)<\/p>\n<p data-start=\"603\" data-end=\"734\"><strong data-start=\"606\" data-end=\"618\">Uporaba:<\/strong><br data-start=\"618\" data-end=\"621\" \/>Preprosto vstavite zdravilo v dr\u017ealo, odprite \u017eivalino gob\u010dek in s potiskom hitro in varno aplicirajte odmerek.<\/p>","protected":false},"excerpt":{"rendered":"<p>Komplet 4 brizg za preprosto, varno in natan\u010dno dajanje zdravil psom in ma\u010dkam \u2013 brez stresa in brez tveganja ugriza.<\/p>","protected":false},"featured_media":15536,"comment_status":"open","ping_status":"closed","template":"","meta":{"_acf_changed":false,"_uag_custom_page_level_css":"","site-sidebar-layout":"default","site-content-layout":"","ast-site-content-layout":"default","site-content-style":"default","site-sidebar-style":"default","ast-global-header-display":"","ast-banner-title-visibility":"","ast-main-header-display":"","ast-hfb-above-header-display":"","ast-hfb-below-header-display":"","ast-hfb-mobile-header-display":"","site-post-title":"","ast-breadcrumbs-content":"","ast-featured-img":"","footer-sml-layout":"","ast-disable-related-posts":"","theme-transparent-header-meta":"default","adv-header-id-meta":"","stick-header-meta":"","header-above-stick-meta":"","header-main-stick-meta":"","header-below-stick-meta":"","astra-migrate-meta-layouts":"set","ast-page-background-enabled":"default","ast-page-background-meta":{"desktop":{"background-color":"","background-image":"","background-repeat":"repeat","background-position":"center center","background-size":"auto","background-attachment":"scroll","background-type":"","background-media":"","overlay-type":"","overlay-color":"","overlay-opacity":"","overlay-gradient":""},"tablet":{"background-color":"","background-image":"","background-repeat":"repeat","background-position":"center center","background-size":"auto","background-attachment":"scroll","background-type":"","background-media":"","overlay-type":"","overlay-color":"","overlay-opacity":"","overlay-gradient":""},"mobile":{"background-color":"","background-image":"","background-repeat":"repeat","background-position":"center center","background-size":"auto","background-attachment":"scroll","background-type":"","background-media":"","overlay-type":"","overlay-color":"","overlay-opacity":"","overlay-gradient":""}},"ast-content-background-meta":{"desktop":{"background-color":"var(--ast-global-color-5)","background-image":"","background-repeat":"repeat","background-position":"center center","background-size":"auto","background-attachment":"scroll","background-type":"","background-media":"","overlay-type":"","overlay-color":"","overlay-opacity":"","overlay-gradient":""},"tablet":{"background-color":"var(--ast-global-color-5)","background-image":"","background-repeat":"repeat","background-position":"center center","background-size":"auto","background-attachment":"scroll","background-type":"","background-media":"","overlay-type":"","overlay-color":"","overlay-opacity":"","overlay-gradient":""},"mobile":{"background-color":"var(--ast-global-color-5)","background-image":"","background-repeat":"repeat","background-position":"center center","background-size":"auto","background-attachment":"scroll","background-type":"","background-media":"","overlay-type":"","overlay-color":"","overlay-opacity":"","overlay-gradient":""}}},"product_brand":[],"product_cat":[724,94,78,723,18],"product_tag":[],"class_list":{"0":"post-15534","1":"product","2":"type-product","3":"status-publish","4":"has-post-thumbnail","6":"product_cat-macke","7":"product_cat-nega","8":"product_cat-oprema","9":"product_cat-psi","10":"product_cat-vsi-izdelki","11":"desktop-align-center","12":"tablet-align-center","13":"mobile-align-center","15":"first","16":"instock","17":"shipping-taxable","18":"purchasable","19":"product-type-simple"},"acf":[],"yoast_head":"<!-- This site is optimized with the Yoast SEO plugin v27.4 - https:\/\/yoast.com\/product\/yoast-seo-wordpress\/ -->\n<title>Set za dajanje zdravil psom in ma\u010dkam (4-delni komplet) - Trgovina Pasja Univerza<\/title>\n<meta name=\"description\" content=\"Komplet 4 brizg za preprosto, varno in natan\u010dno dajanje zdravil psom in ma\u010dkam \u2013 brez stresa in brez tveganja ugriza.\" \/>\n<meta name=\"robots\" content=\"index, follow, max-snippet:-1, max-image-preview:large, max-video-preview:-1\" \/>\n<link rel=\"canonical\" href=\"https:\/\/trgovina.pasjauniverza.si\/en\/product\/set-za-dajanje-zdravil-psom-in-mackam-4-delni-komplet\/\" \/>\n<meta property=\"og:locale\" content=\"en_US\" \/>\n<meta property=\"og:type\" content=\"article\" \/>\n<meta property=\"og:title\" content=\"Set za dajanje zdravil psom in ma\u010dkam (4-delni komplet) - Trgovina Pasja Univerza\" \/>\n<meta property=\"og:description\" content=\"Komplet 4 brizg za preprosto, varno in natan\u010dno dajanje zdravil psom in ma\u010dkam \u2013 brez stresa in brez tveganja ugriza.\" \/>\n<meta property=\"og:url\" content=\"https:\/\/trgovina.pasjauniverza.si\/en\/product\/set-za-dajanje-zdravil-psom-in-mackam-4-delni-komplet\/\" \/>\n<meta property=\"og:site_name\" content=\"Trgovina Pasja Univerza\" \/>\n<meta property=\"og:image\" content=\"https:\/\/trgovina.pasjauniverza.si\/wp-content\/uploads\/2025\/10\/Set-za-dajanje-zdravil-psom-in-mackam-4-delni-komplet.png\" \/>\n\t<meta property=\"og:image:width\" content=\"500\" \/>\n\t<meta property=\"og:image:height\" content=\"500\" \/>\n\t<meta property=\"og:image:type\" content=\"image\/png\" \/>\n<meta name=\"twitter:card\" content=\"summary_large_image\" \/>\n<meta name=\"twitter:label1\" content=\"Est. reading time\" \/>\n\t<meta name=\"twitter:data1\" content=\"1 minute\" \/>\n<script type=\"application\/ld+json\" class=\"yoast-schema-graph\">{\"@context\":\"https:\\\/\\\/schema.org\",\"@graph\":[{\"@type\":\"WebPage\",\"@id\":\"https:\\\/\\\/trgovina.pasjauniverza.si\\\/product\\\/set-za-dajanje-zdravil-psom-in-mackam-4-delni-komplet\\\/\",\"url\":\"https:\\\/\\\/trgovina.pasjauniverza.si\\\/product\\\/set-za-dajanje-zdravil-psom-in-mackam-4-delni-komplet\\\/\",\"name\":\"Set za dajanje zdravil psom in ma\u010dkam (4-delni komplet) - Trgovina Pasja Univerza\",\"isPartOf\":{\"@id\":\"https:\\\/\\\/trgovina.pasjauniverza.si\\\/#website\"},\"primaryImageOfPage\":{\"@id\":\"https:\\\/\\\/trgovina.pasjauniverza.si\\\/product\\\/set-za-dajanje-zdravil-psom-in-mackam-4-delni-komplet\\\/#primaryimage\"},\"image\":{\"@id\":\"https:\\\/\\\/trgovina.pasjauniverza.si\\\/product\\\/set-za-dajanje-zdravil-psom-in-mackam-4-delni-komplet\\\/#primaryimage\"},\"thumbnailUrl\":\"https:\\\/\\\/trgovina.pasjauniverza.si\\\/wp-content\\\/uploads\\\/2025\\\/10\\\/Set-za-dajanje-zdravil-psom-in-mackam-4-delni-komplet.png\",\"datePublished\":\"2025-10-29T10:37:38+00:00\",\"description\":\"Komplet 4 brizg za preprosto, varno in natan\u010dno dajanje zdravil psom in ma\u010dkam \u2013 brez stresa in brez tveganja ugriza.\",\"breadcrumb\":{\"@id\":\"https:\\\/\\\/trgovina.pasjauniverza.si\\\/product\\\/set-za-dajanje-zdravil-psom-in-mackam-4-delni-komplet\\\/#breadcrumb\"},\"inLanguage\":\"en-US\",\"potentialAction\":[{\"@type\":\"ReadAction\",\"target\":[\"https:\\\/\\\/trgovina.pasjauniverza.si\\\/product\\\/set-za-dajanje-zdravil-psom-in-mackam-4-delni-komplet\\\/\"]}]},{\"@type\":\"ImageObject\",\"inLanguage\":\"en-US\",\"@id\":\"https:\\\/\\\/trgovina.pasjauniverza.si\\\/product\\\/set-za-dajanje-zdravil-psom-in-mackam-4-delni-komplet\\\/#primaryimage\",\"url\":\"https:\\\/\\\/trgovina.pasjauniverza.si\\\/wp-content\\\/uploads\\\/2025\\\/10\\\/Set-za-dajanje-zdravil-psom-in-mackam-4-delni-komplet.png\",\"contentUrl\":\"https:\\\/\\\/trgovina.pasjauniverza.si\\\/wp-content\\\/uploads\\\/2025\\\/10\\\/Set-za-dajanje-zdravil-psom-in-mackam-4-delni-komplet.png\",\"width\":500,\"height\":500,\"caption\":\"Set za dajanje zdravil psom in ma\u010dkam (4-delni komplet)\"},{\"@type\":\"BreadcrumbList\",\"@id\":\"https:\\\/\\\/trgovina.pasjauniverza.si\\\/product\\\/set-za-dajanje-zdravil-psom-in-mackam-4-delni-komplet\\\/#breadcrumb\",\"itemListElement\":[{\"@type\":\"ListItem\",\"position\":1,\"name\":\"Home\",\"item\":\"https:\\\/\\\/trgovina.pasjauniverza.si\\\/\"},{\"@type\":\"ListItem\",\"position\":2,\"name\":\"Trgovina\",\"item\":\"https:\\\/\\\/trgovina.pasjauniverza.si\\\/trgovina\\\/\"},{\"@type\":\"ListItem\",\"position\":3,\"name\":\"Set za dajanje zdravil psom in ma\u010dkam (4-delni komplet)\"}]},{\"@type\":\"WebSite\",\"@id\":\"https:\\\/\\\/trgovina.pasjauniverza.si\\\/#website\",\"url\":\"https:\\\/\\\/trgovina.pasjauniverza.si\\\/\",\"name\":\"Trgovina Pasja Univerza\",\"description\":\"pasja univerza trgovina\",\"publisher\":{\"@id\":\"https:\\\/\\\/trgovina.pasjauniverza.si\\\/#organization\"},\"potentialAction\":[{\"@type\":\"SearchAction\",\"target\":{\"@type\":\"EntryPoint\",\"urlTemplate\":\"https:\\\/\\\/trgovina.pasjauniverza.si\\\/?s={search_term_string}\"},\"query-input\":{\"@type\":\"PropertyValueSpecification\",\"valueRequired\":true,\"valueName\":\"search_term_string\"}}],\"inLanguage\":\"en-US\"},{\"@type\":\"Organization\",\"@id\":\"https:\\\/\\\/trgovina.pasjauniverza.si\\\/#organization\",\"name\":\"Trgovina Pasja Univerza\",\"url\":\"https:\\\/\\\/trgovina.pasjauniverza.si\\\/\",\"logo\":{\"@type\":\"ImageObject\",\"inLanguage\":\"en-US\",\"@id\":\"https:\\\/\\\/trgovina.pasjauniverza.si\\\/#\\\/schema\\\/logo\\\/image\\\/\",\"url\":\"https:\\\/\\\/trgovina.pasjauniverza.si\\\/wp-content\\\/uploads\\\/2024\\\/08\\\/cropped-logotipi-vector-04.png\",\"contentUrl\":\"https:\\\/\\\/trgovina.pasjauniverza.si\\\/wp-content\\\/uploads\\\/2024\\\/08\\\/cropped-logotipi-vector-04.png\",\"width\":942,\"height\":908,\"caption\":\"Trgovina Pasja Univerza\"},\"image\":{\"@id\":\"https:\\\/\\\/trgovina.pasjauniverza.si\\\/#\\\/schema\\\/logo\\\/image\\\/\"}}]}<\/script>\n<!-- \/ Yoast SEO plugin. -->","yoast_head_json":{"title":"Set za dajanje zdravil psom in ma\u010dkam (4-delni komplet) - Trgovina Pasja Univerza","description":"Komplet 4 brizg za preprosto, varno in natan\u010dno dajanje zdravil psom in ma\u010dkam \u2013 brez stresa in brez tveganja ugriza.","robots":{"index":"index","follow":"follow","max-snippet":"max-snippet:-1","max-image-preview":"max-image-preview:large","max-video-preview":"max-video-preview:-1"},"canonical":"https:\/\/trgovina.pasjauniverza.si\/en\/product\/set-za-dajanje-zdravil-psom-in-mackam-4-delni-komplet\/","og_locale":"en_US","og_type":"article","og_title":"Set za dajanje zdravil psom in ma\u010dkam (4-delni komplet) - Trgovina Pasja Univerza","og_description":"Komplet 4 brizg za preprosto, varno in natan\u010dno dajanje zdravil psom in ma\u010dkam \u2013 brez stresa in brez tveganja ugriza.","og_url":"https:\/\/trgovina.pasjauniverza.si\/en\/product\/set-za-dajanje-zdravil-psom-in-mackam-4-delni-komplet\/","og_site_name":"Trgovina Pasja Univerza","og_image":[{"width":500,"height":500,"url":"https:\/\/trgovina.pasjauniverza.si\/wp-content\/uploads\/2025\/10\/Set-za-dajanje-zdravil-psom-in-mackam-4-delni-komplet.png","type":"image\/png"}],"twitter_card":"summary_large_image","twitter_misc":{"Est. reading time":"1 minute"},"schema":{"@context":"https:\/\/schema.org","@graph":[{"@type":"WebPage","@id":"https:\/\/trgovina.pasjauniverza.si\/product\/set-za-dajanje-zdravil-psom-in-mackam-4-delni-komplet\/","url":"https:\/\/trgovina.pasjauniverza.si\/product\/set-za-dajanje-zdravil-psom-in-mackam-4-delni-komplet\/","name":"Set za dajanje zdravil psom in ma\u010dkam (4-delni komplet) - Trgovina Pasja Univerza","isPartOf":{"@id":"https:\/\/trgovina.pasjauniverza.si\/#website"},"primaryImageOfPage":{"@id":"https:\/\/trgovina.pasjauniverza.si\/product\/set-za-dajanje-zdravil-psom-in-mackam-4-delni-komplet\/#primaryimage"},"image":{"@id":"https:\/\/trgovina.pasjauniverza.si\/product\/set-za-dajanje-zdravil-psom-in-mackam-4-delni-komplet\/#primaryimage"},"thumbnailUrl":"https:\/\/trgovina.pasjauniverza.si\/wp-content\/uploads\/2025\/10\/Set-za-dajanje-zdravil-psom-in-mackam-4-delni-komplet.png","datePublished":"2025-10-29T10:37:38+00:00","description":"Komplet 4 brizg za preprosto, varno in natan\u010dno dajanje zdravil psom in ma\u010dkam \u2013 brez stresa in brez tveganja ugriza.","breadcrumb":{"@id":"https:\/\/trgovina.pasjauniverza.si\/product\/set-za-dajanje-zdravil-psom-in-mackam-4-delni-komplet\/#breadcrumb"},"inLanguage":"en-US","potentialAction":[{"@type":"ReadAction","target":["https:\/\/trgovina.pasjauniverza.si\/product\/set-za-dajanje-zdravil-psom-in-mackam-4-delni-komplet\/"]}]},{"@type":"ImageObject","inLanguage":"en-US","@id":"https:\/\/trgovina.pasjauniverza.si\/product\/set-za-dajanje-zdravil-psom-in-mackam-4-delni-komplet\/#primaryimage","url":"https:\/\/trgovina.pasjauniverza.si\/wp-content\/uploads\/2025\/10\/Set-za-dajanje-zdravil-psom-in-mackam-4-delni-komplet.png","contentUrl":"https:\/\/trgovina.pasjauniverza.si\/wp-content\/uploads\/2025\/10\/Set-za-dajanje-zdravil-psom-in-mackam-4-delni-komplet.png","width":500,"height":500,"caption":"Set za dajanje zdravil psom in ma\u010dkam (4-delni komplet)"},{"@type":"BreadcrumbList","@id":"https:\/\/trgovina.pasjauniverza.si\/product\/set-za-dajanje-zdravil-psom-in-mackam-4-delni-komplet\/#breadcrumb","itemListElement":[{"@type":"ListItem","position":1,"name":"Home","item":"https:\/\/trgovina.pasjauniverza.si\/"},{"@type":"ListItem","position":2,"name":"Trgovina","item":"https:\/\/trgovina.pasjauniverza.si\/trgovina\/"},{"@type":"ListItem","position":3,"name":"Set za dajanje zdravil psom in ma\u010dkam (4-delni komplet)"}]},{"@type":"WebSite","@id":"https:\/\/trgovina.pasjauniverza.si\/#website","url":"https:\/\/trgovina.pasjauniverza.si\/","name":"Trgovina Pasja Univerza","description":"pasja univerza trgovina","publisher":{"@id":"https:\/\/trgovina.pasjauniverza.si\/#organization"},"potentialAction":[{"@type":"SearchAction","target":{"@type":"EntryPoint","urlTemplate":"https:\/\/trgovina.pasjauniverza.si\/?s={search_term_string}"},"query-input":{"@type":"PropertyValueSpecification","valueRequired":true,"valueName":"search_term_string"}}],"inLanguage":"en-US"},{"@type":"Organization","@id":"https:\/\/trgovina.pasjauniverza.si\/#organization","name":"Trgovina Pasja Univerza","url":"https:\/\/trgovina.pasjauniverza.si\/","logo":{"@type":"ImageObject","inLanguage":"en-US","@id":"https:\/\/trgovina.pasjauniverza.si\/#\/schema\/logo\/image\/","url":"https:\/\/trgovina.pasjauniverza.si\/wp-content\/uploads\/2024\/08\/cropped-logotipi-vector-04.png","contentUrl":"https:\/\/trgovina.pasjauniverza.si\/wp-content\/uploads\/2024\/08\/cropped-logotipi-vector-04.png","width":942,"height":908,"caption":"Trgovina Pasja Univerza"},"image":{"@id":"https:\/\/trgovina.pasjauniverza.si\/#\/schema\/logo\/image\/"}}]}},"uagb_featured_image_src":{"full":["https:\/\/trgovina.pasjauniverza.si\/wp-content\/uploads\/2025\/10\/Set-za-dajanje-zdravil-psom-in-mackam-4-delni-komplet.png",500,500,false],"thumbnail":["https:\/\/trgovina.pasjauniverza.si\/wp-content\/uploads\/2025\/10\/Set-za-dajanje-zdravil-psom-in-mackam-4-delni-komplet-150x150.png",150,150,true],"medium":["https:\/\/trgovina.pasjauniverza.si\/wp-content\/uploads\/2025\/10\/Set-za-dajanje-zdravil-psom-in-mackam-4-delni-komplet-300x300.png",300,300,true],"medium_large":["https:\/\/trgovina.pasjauniverza.si\/wp-content\/uploads\/2025\/10\/Set-za-dajanje-zdravil-psom-in-mackam-4-delni-komplet.png",500,500,false],"large":["https:\/\/trgovina.pasjauniverza.si\/wp-content\/uploads\/2025\/10\/Set-za-dajanje-zdravil-psom-in-mackam-4-delni-komplet.png",500,500,false],"1536x1536":["https:\/\/trgovina.pasjauniverza.si\/wp-content\/uploads\/2025\/10\/Set-za-dajanje-zdravil-psom-in-mackam-4-delni-komplet.png",500,500,false],"2048x2048":["https:\/\/trgovina.pasjauniverza.si\/wp-content\/uploads\/2025\/10\/Set-za-dajanje-zdravil-psom-in-mackam-4-delni-komplet.png",500,500,false],"trp-custom-language-flag":["https:\/\/trgovina.pasjauniverza.si\/wp-content\/uploads\/2025\/10\/Set-za-dajanje-zdravil-psom-in-mackam-4-delni-komplet-12x12.png",12,12,true],"woocommerce_thumbnail":["https:\/\/trgovina.pasjauniverza.si\/wp-content\/uploads\/2025\/10\/Set-za-dajanje-zdravil-psom-in-mackam-4-delni-komplet-300x300.png",300,300,true],"woocommerce_single":["https:\/\/trgovina.pasjauniverza.si\/wp-content\/uploads\/2025\/10\/Set-za-dajanje-zdravil-psom-in-mackam-4-delni-komplet.png",500,500,false],"woocommerce_gallery_thumbnail":["https:\/\/trgovina.pasjauniverza.si\/wp-content\/uploads\/2025\/10\/Set-za-dajanje-zdravil-psom-in-mackam-4-delni-komplet-100x100.png",100,100,true]},"uagb_author_info":{"display_name":"Karmen Grubeli\u0107, dr.vet.med.","author_link":"https:\/\/trgovina.pasjauniverza.si\/en\/author\/"},"uagb_comment_info":0,"uagb_excerpt":"Komplet 4 brizg za preprosto, varno in natan\u010dno dajanje zdravil psom in ma\u010dkam \u2013 brez stresa in brez tveganja ugriza.","jetpack_sharing_enabled":true,"_links":{"self":[{"href":"https:\/\/trgovina.pasjauniverza.si\/en\/wp-json\/wp\/v2\/product\/15534","targetHints":{"allow":["GET"]}}],"collection":[{"href":"https:\/\/trgovina.pasjauniverza.si\/en\/wp-json\/wp\/v2\/product"}],"about":[{"href":"https:\/\/trgovina.pasjauniverza.si\/en\/wp-json\/wp\/v2\/types\/product"}],"replies":[{"embeddable":true,"href":"https:\/\/trgovina.pasjauniverza.si\/en\/wp-json\/wp\/v2\/comments?post=15534"}],"wp:featuredmedia":[{"embeddable":true,"href":"https:\/\/trgovina.pasjauniverza.si\/en\/wp-json\/wp\/v2\/media\/15536"}],"wp:attachment":[{"href":"https:\/\/trgovina.pasjauniverza.si\/en\/wp-json\/wp\/v2\/media?parent=15534"}],"wp:term":[{"taxonomy":"product_brand","embeddable":true,"href":"https:\/\/trgovina.pasjauniverza.si\/en\/wp-json\/wp\/v2\/product_brand?post=15534"},{"taxonomy":"product_cat","embeddable":true,"href":"https:\/\/trgovina.pasjauniverza.si\/en\/wp-json\/wp\/v2\/product_cat?post=15534"},{"taxonomy":"product_tag","embeddable":true,"href":"https:\/\/trgovina.pasjauniverza.si\/en\/wp-json\/wp\/v2\/product_tag?post=15534"}],"curies":[{"name":"wp","href":"https:\/\/api.w.org\/{rel}","templated":true}]}}