
{"id":15433,"date":"2025-10-30T09:18:38","date_gmt":"2025-10-30T09:18:38","guid":{"rendered":"https:\/\/trgovina.pasjauniverza.si\/?post_type=product&#038;p=15433"},"modified":"2026-03-31T15:17:46","modified_gmt":"2026-03-31T15:17:46","slug":"naprstnik-za-ciscenje-zob-psa-in-macke","status":"publish","type":"product","link":"https:\/\/trgovina.pasjauniverza.si\/en\/product\/naprstnik-za-ciscenje-zob-psa-in-macke\/","title":{"rendered":"Naprstnik za \u010di\u0161\u010denje zob psa in ma\u010dke"},"content":{"rendered":"<p data-start=\"0\" data-end=\"55\"><strong>Naprstnik za \u010di\u0161\u010denje zob psa in ma\u010dke<\/strong><\/p>\n<p data-start=\"57\" data-end=\"252\">Prakti\u010den in ne\u017een naprstnik iz silikona, zasnovan za vsakodnevno nego zob in dlesni psov ter ma\u010dk. Enostavno se namesti na prst in omogo\u010da bolj\u0161i nadzor pri \u010di\u0161\u010denju, brez stresa za \u017eival.<\/p>\n<p data-start=\"254\" data-end=\"270\"><strong data-start=\"254\" data-end=\"268\">Prednosti:<\/strong><\/p>\n<ul data-start=\"271\" data-end=\"544\">\n<li data-start=\"271\" data-end=\"336\">\n<p data-start=\"273\" data-end=\"336\">Ne\u017ena masa\u017ea dlesni in u\u010dinkovito odstranjevanje mehkih oblog<\/p>\n<\/li>\n<li data-start=\"337\" data-end=\"405\">\n<p data-start=\"339\" data-end=\"405\">Izdelana iz mehkega, varnega silikona (primerna tudi za mladi\u010de)<\/p>\n<\/li>\n<li data-start=\"406\" data-end=\"466\">\n<p data-start=\"408\" data-end=\"466\">Pomaga prepre\u010devati slab zadah in nastanek zobnega kamna<\/p>\n<\/li>\n<li data-start=\"467\" data-end=\"500\">\n<p data-start=\"469\" data-end=\"500\">Enostavna uporaba in \u010di\u0161\u010denje<\/p>\n<\/li>\n<li data-start=\"501\" data-end=\"544\">\n<p data-start=\"503\" data-end=\"544\">Primerna za pse in ma\u010dke vseh velikosti<\/p>\n<\/li>\n<\/ul>\n<p data-start=\"546\" data-end=\"621\"><strong data-start=\"546\" data-end=\"559\">Velikost:<\/strong> 7,3 \u00d7 2,3 cm<br data-start=\"572\" data-end=\"575\" \/><strong data-start=\"575\" data-end=\"588\">Material:<\/strong> mehki silikon, varen za \u017eivali<\/p>","protected":false},"excerpt":{"rendered":"<p>Mehak silikonski naprstnik za vsakodnevno ustno higieno psov in ma\u010dk. Ne\u017eno \u010disti zobe, masira dlesni in pomaga ohranjati sve\u017e zadah brez stresa.<\/p>","protected":false},"featured_media":15437,"comment_status":"open","ping_status":"closed","template":"","meta":{"_acf_changed":false,"_uag_custom_page_level_css":"","site-sidebar-layout":"default","site-content-layout":"","ast-site-content-layout":"default","site-content-style":"default","site-sidebar-style":"default","ast-global-header-display":"","ast-banner-title-visibility":"","ast-main-header-display":"","ast-hfb-above-header-display":"","ast-hfb-below-header-display":"","ast-hfb-mobile-header-display":"","site-post-title":"","ast-breadcrumbs-content":"","ast-featured-img":"","footer-sml-layout":"","ast-disable-related-posts":"","theme-transparent-header-meta":"default","adv-header-id-meta":"","stick-header-meta":"","header-above-stick-meta":"","header-main-stick-meta":"","header-below-stick-meta":"","astra-migrate-meta-layouts":"set","ast-page-background-enabled":"default","ast-page-background-meta":{"desktop":{"background-color":"","background-image":"","background-repeat":"repeat","background-position":"center center","background-size":"auto","background-attachment":"scroll","background-type":"","background-media":"","overlay-type":"","overlay-color":"","overlay-opacity":"","overlay-gradient":""},"tablet":{"background-color":"","background-image":"","background-repeat":"repeat","background-position":"center center","background-size":"auto","background-attachment":"scroll","background-type":"","background-media":"","overlay-type":"","overlay-color":"","overlay-opacity":"","overlay-gradient":""},"mobile":{"background-color":"","background-image":"","background-repeat":"repeat","background-position":"center center","background-size":"auto","background-attachment":"scroll","background-type":"","background-media":"","overlay-type":"","overlay-color":"","overlay-opacity":"","overlay-gradient":""}},"ast-content-background-meta":{"desktop":{"background-color":"var(--ast-global-color-5)","background-image":"","background-repeat":"repeat","background-position":"center center","background-size":"auto","background-attachment":"scroll","background-type":"","background-media":"","overlay-type":"","overlay-color":"","overlay-opacity":"","overlay-gradient":""},"tablet":{"background-color":"var(--ast-global-color-5)","background-image":"","background-repeat":"repeat","background-position":"center center","background-size":"auto","background-attachment":"scroll","background-type":"","background-media":"","overlay-type":"","overlay-color":"","overlay-opacity":"","overlay-gradient":""},"mobile":{"background-color":"var(--ast-global-color-5)","background-image":"","background-repeat":"repeat","background-position":"center center","background-size":"auto","background-attachment":"scroll","background-type":"","background-media":"","overlay-type":"","overlay-color":"","overlay-opacity":"","overlay-gradient":""}}},"product_brand":[],"product_cat":[724,94,763,723,18],"product_tag":[],"class_list":{"0":"post-15433","1":"product","2":"type-product","3":"status-publish","4":"has-post-thumbnail","6":"product_cat-macke","7":"product_cat-nega","8":"product_cat-nega-zob","9":"product_cat-psi","10":"product_cat-vsi-izdelki","11":"desktop-align-center","12":"tablet-align-center","13":"mobile-align-center","15":"first","16":"instock","17":"shipping-taxable","18":"purchasable","19":"product-type-variable"},"acf":[],"yoast_head":"<!-- This site is optimized with the Yoast SEO plugin v27.4 - https:\/\/yoast.com\/product\/yoast-seo-wordpress\/ -->\n<title>Naprstnik za \u010di\u0161\u010denje zob psa in ma\u010dke - Trgovina Pasja Univerza<\/title>\n<meta name=\"description\" content=\"Naprstnik za \u010di\u0161\u010denje zob psa in ma\u010dke\" \/>\n<meta name=\"robots\" content=\"index, follow, max-snippet:-1, max-image-preview:large, max-video-preview:-1\" \/>\n<link rel=\"canonical\" href=\"https:\/\/trgovina.pasjauniverza.si\/en\/product\/naprstnik-za-ciscenje-zob-psa-in-macke\/\" \/>\n<meta property=\"og:locale\" content=\"en_US\" \/>\n<meta property=\"og:type\" content=\"article\" \/>\n<meta property=\"og:title\" content=\"Naprstnik za \u010di\u0161\u010denje zob psa in ma\u010dke - Trgovina Pasja Univerza\" \/>\n<meta property=\"og:description\" content=\"Naprstnik za \u010di\u0161\u010denje zob psa in ma\u010dke\" \/>\n<meta property=\"og:url\" content=\"https:\/\/trgovina.pasjauniverza.si\/en\/product\/naprstnik-za-ciscenje-zob-psa-in-macke\/\" \/>\n<meta property=\"og:site_name\" content=\"Trgovina Pasja Univerza\" \/>\n<meta property=\"article:modified_time\" content=\"2026-03-31T15:17:46+00:00\" \/>\n<meta property=\"og:image\" content=\"https:\/\/trgovina.pasjauniverza.si\/wp-content\/uploads\/2025\/10\/Naprstnik-za-ciscenje-zob-psa-in-macke1.webp\" \/>\n\t<meta property=\"og:image:width\" content=\"800\" \/>\n\t<meta property=\"og:image:height\" content=\"800\" \/>\n\t<meta property=\"og:image:type\" content=\"image\/webp\" \/>\n<meta name=\"twitter:card\" content=\"summary_large_image\" \/>\n<meta name=\"twitter:label1\" content=\"Est. reading time\" \/>\n\t<meta name=\"twitter:data1\" content=\"1 minute\" \/>\n<script type=\"application\/ld+json\" class=\"yoast-schema-graph\">{\"@context\":\"https:\\\/\\\/schema.org\",\"@graph\":[{\"@type\":\"WebPage\",\"@id\":\"https:\\\/\\\/trgovina.pasjauniverza.si\\\/product\\\/naprstnik-za-ciscenje-zob-psa-in-macke\\\/\",\"url\":\"https:\\\/\\\/trgovina.pasjauniverza.si\\\/product\\\/naprstnik-za-ciscenje-zob-psa-in-macke\\\/\",\"name\":\"Naprstnik za \u010di\u0161\u010denje zob psa in ma\u010dke - Trgovina Pasja Univerza\",\"isPartOf\":{\"@id\":\"https:\\\/\\\/trgovina.pasjauniverza.si\\\/#website\"},\"primaryImageOfPage\":{\"@id\":\"https:\\\/\\\/trgovina.pasjauniverza.si\\\/product\\\/naprstnik-za-ciscenje-zob-psa-in-macke\\\/#primaryimage\"},\"image\":{\"@id\":\"https:\\\/\\\/trgovina.pasjauniverza.si\\\/product\\\/naprstnik-za-ciscenje-zob-psa-in-macke\\\/#primaryimage\"},\"thumbnailUrl\":\"https:\\\/\\\/trgovina.pasjauniverza.si\\\/wp-content\\\/uploads\\\/2025\\\/10\\\/Naprstnik-za-ciscenje-zob-psa-in-macke1.webp\",\"datePublished\":\"2025-10-30T09:18:38+00:00\",\"dateModified\":\"2026-03-31T15:17:46+00:00\",\"description\":\"Naprstnik za \u010di\u0161\u010denje zob psa in ma\u010dke\",\"breadcrumb\":{\"@id\":\"https:\\\/\\\/trgovina.pasjauniverza.si\\\/product\\\/naprstnik-za-ciscenje-zob-psa-in-macke\\\/#breadcrumb\"},\"inLanguage\":\"en-US\",\"potentialAction\":[{\"@type\":\"ReadAction\",\"target\":[\"https:\\\/\\\/trgovina.pasjauniverza.si\\\/product\\\/naprstnik-za-ciscenje-zob-psa-in-macke\\\/\"]}]},{\"@type\":\"ImageObject\",\"inLanguage\":\"en-US\",\"@id\":\"https:\\\/\\\/trgovina.pasjauniverza.si\\\/product\\\/naprstnik-za-ciscenje-zob-psa-in-macke\\\/#primaryimage\",\"url\":\"https:\\\/\\\/trgovina.pasjauniverza.si\\\/wp-content\\\/uploads\\\/2025\\\/10\\\/Naprstnik-za-ciscenje-zob-psa-in-macke1.webp\",\"contentUrl\":\"https:\\\/\\\/trgovina.pasjauniverza.si\\\/wp-content\\\/uploads\\\/2025\\\/10\\\/Naprstnik-za-ciscenje-zob-psa-in-macke1.webp\",\"width\":800,\"height\":800,\"caption\":\"Naprstnik za \u010di\u0161\u010denje zob psa in ma\u010dke\"},{\"@type\":\"BreadcrumbList\",\"@id\":\"https:\\\/\\\/trgovina.pasjauniverza.si\\\/product\\\/naprstnik-za-ciscenje-zob-psa-in-macke\\\/#breadcrumb\",\"itemListElement\":[{\"@type\":\"ListItem\",\"position\":1,\"name\":\"Home\",\"item\":\"https:\\\/\\\/trgovina.pasjauniverza.si\\\/\"},{\"@type\":\"ListItem\",\"position\":2,\"name\":\"Trgovina\",\"item\":\"https:\\\/\\\/trgovina.pasjauniverza.si\\\/trgovina\\\/\"},{\"@type\":\"ListItem\",\"position\":3,\"name\":\"Naprstnik za \u010di\u0161\u010denje zob psa in ma\u010dke\"}]},{\"@type\":\"WebSite\",\"@id\":\"https:\\\/\\\/trgovina.pasjauniverza.si\\\/#website\",\"url\":\"https:\\\/\\\/trgovina.pasjauniverza.si\\\/\",\"name\":\"Trgovina Pasja Univerza\",\"description\":\"pasja univerza trgovina\",\"publisher\":{\"@id\":\"https:\\\/\\\/trgovina.pasjauniverza.si\\\/#organization\"},\"potentialAction\":[{\"@type\":\"SearchAction\",\"target\":{\"@type\":\"EntryPoint\",\"urlTemplate\":\"https:\\\/\\\/trgovina.pasjauniverza.si\\\/?s={search_term_string}\"},\"query-input\":{\"@type\":\"PropertyValueSpecification\",\"valueRequired\":true,\"valueName\":\"search_term_string\"}}],\"inLanguage\":\"en-US\"},{\"@type\":\"Organization\",\"@id\":\"https:\\\/\\\/trgovina.pasjauniverza.si\\\/#organization\",\"name\":\"Trgovina Pasja Univerza\",\"url\":\"https:\\\/\\\/trgovina.pasjauniverza.si\\\/\",\"logo\":{\"@type\":\"ImageObject\",\"inLanguage\":\"en-US\",\"@id\":\"https:\\\/\\\/trgovina.pasjauniverza.si\\\/#\\\/schema\\\/logo\\\/image\\\/\",\"url\":\"https:\\\/\\\/trgovina.pasjauniverza.si\\\/wp-content\\\/uploads\\\/2024\\\/08\\\/cropped-logotipi-vector-04.png\",\"contentUrl\":\"https:\\\/\\\/trgovina.pasjauniverza.si\\\/wp-content\\\/uploads\\\/2024\\\/08\\\/cropped-logotipi-vector-04.png\",\"width\":942,\"height\":908,\"caption\":\"Trgovina Pasja Univerza\"},\"image\":{\"@id\":\"https:\\\/\\\/trgovina.pasjauniverza.si\\\/#\\\/schema\\\/logo\\\/image\\\/\"}}]}<\/script>\n<!-- \/ Yoast SEO plugin. -->","yoast_head_json":{"title":"Naprstnik za \u010di\u0161\u010denje zob psa in ma\u010dke - Trgovina Pasja Univerza","description":"Naprstnik za \u010di\u0161\u010denje zob psa in ma\u010dke","robots":{"index":"index","follow":"follow","max-snippet":"max-snippet:-1","max-image-preview":"max-image-preview:large","max-video-preview":"max-video-preview:-1"},"canonical":"https:\/\/trgovina.pasjauniverza.si\/en\/product\/naprstnik-za-ciscenje-zob-psa-in-macke\/","og_locale":"en_US","og_type":"article","og_title":"Naprstnik za \u010di\u0161\u010denje zob psa in ma\u010dke - Trgovina Pasja Univerza","og_description":"Naprstnik za \u010di\u0161\u010denje zob psa in ma\u010dke","og_url":"https:\/\/trgovina.pasjauniverza.si\/en\/product\/naprstnik-za-ciscenje-zob-psa-in-macke\/","og_site_name":"Trgovina Pasja Univerza","article_modified_time":"2026-03-31T15:17:46+00:00","og_image":[{"width":800,"height":800,"url":"https:\/\/trgovina.pasjauniverza.si\/wp-content\/uploads\/2025\/10\/Naprstnik-za-ciscenje-zob-psa-in-macke1.webp","type":"image\/webp"}],"twitter_card":"summary_large_image","twitter_misc":{"Est. reading time":"1 minute"},"schema":{"@context":"https:\/\/schema.org","@graph":[{"@type":"WebPage","@id":"https:\/\/trgovina.pasjauniverza.si\/product\/naprstnik-za-ciscenje-zob-psa-in-macke\/","url":"https:\/\/trgovina.pasjauniverza.si\/product\/naprstnik-za-ciscenje-zob-psa-in-macke\/","name":"Naprstnik za \u010di\u0161\u010denje zob psa in ma\u010dke - Trgovina Pasja Univerza","isPartOf":{"@id":"https:\/\/trgovina.pasjauniverza.si\/#website"},"primaryImageOfPage":{"@id":"https:\/\/trgovina.pasjauniverza.si\/product\/naprstnik-za-ciscenje-zob-psa-in-macke\/#primaryimage"},"image":{"@id":"https:\/\/trgovina.pasjauniverza.si\/product\/naprstnik-za-ciscenje-zob-psa-in-macke\/#primaryimage"},"thumbnailUrl":"https:\/\/trgovina.pasjauniverza.si\/wp-content\/uploads\/2025\/10\/Naprstnik-za-ciscenje-zob-psa-in-macke1.webp","datePublished":"2025-10-30T09:18:38+00:00","dateModified":"2026-03-31T15:17:46+00:00","description":"Naprstnik za \u010di\u0161\u010denje zob psa in ma\u010dke","breadcrumb":{"@id":"https:\/\/trgovina.pasjauniverza.si\/product\/naprstnik-za-ciscenje-zob-psa-in-macke\/#breadcrumb"},"inLanguage":"en-US","potentialAction":[{"@type":"ReadAction","target":["https:\/\/trgovina.pasjauniverza.si\/product\/naprstnik-za-ciscenje-zob-psa-in-macke\/"]}]},{"@type":"ImageObject","inLanguage":"en-US","@id":"https:\/\/trgovina.pasjauniverza.si\/product\/naprstnik-za-ciscenje-zob-psa-in-macke\/#primaryimage","url":"https:\/\/trgovina.pasjauniverza.si\/wp-content\/uploads\/2025\/10\/Naprstnik-za-ciscenje-zob-psa-in-macke1.webp","contentUrl":"https:\/\/trgovina.pasjauniverza.si\/wp-content\/uploads\/2025\/10\/Naprstnik-za-ciscenje-zob-psa-in-macke1.webp","width":800,"height":800,"caption":"Naprstnik za \u010di\u0161\u010denje zob psa in ma\u010dke"},{"@type":"BreadcrumbList","@id":"https:\/\/trgovina.pasjauniverza.si\/product\/naprstnik-za-ciscenje-zob-psa-in-macke\/#breadcrumb","itemListElement":[{"@type":"ListItem","position":1,"name":"Home","item":"https:\/\/trgovina.pasjauniverza.si\/"},{"@type":"ListItem","position":2,"name":"Trgovina","item":"https:\/\/trgovina.pasjauniverza.si\/trgovina\/"},{"@type":"ListItem","position":3,"name":"Naprstnik za \u010di\u0161\u010denje zob psa in ma\u010dke"}]},{"@type":"WebSite","@id":"https:\/\/trgovina.pasjauniverza.si\/#website","url":"https:\/\/trgovina.pasjauniverza.si\/","name":"Trgovina Pasja Univerza","description":"pasja univerza trgovina","publisher":{"@id":"https:\/\/trgovina.pasjauniverza.si\/#organization"},"potentialAction":[{"@type":"SearchAction","target":{"@type":"EntryPoint","urlTemplate":"https:\/\/trgovina.pasjauniverza.si\/?s={search_term_string}"},"query-input":{"@type":"PropertyValueSpecification","valueRequired":true,"valueName":"search_term_string"}}],"inLanguage":"en-US"},{"@type":"Organization","@id":"https:\/\/trgovina.pasjauniverza.si\/#organization","name":"Trgovina Pasja Univerza","url":"https:\/\/trgovina.pasjauniverza.si\/","logo":{"@type":"ImageObject","inLanguage":"en-US","@id":"https:\/\/trgovina.pasjauniverza.si\/#\/schema\/logo\/image\/","url":"https:\/\/trgovina.pasjauniverza.si\/wp-content\/uploads\/2024\/08\/cropped-logotipi-vector-04.png","contentUrl":"https:\/\/trgovina.pasjauniverza.si\/wp-content\/uploads\/2024\/08\/cropped-logotipi-vector-04.png","width":942,"height":908,"caption":"Trgovina Pasja Univerza"},"image":{"@id":"https:\/\/trgovina.pasjauniverza.si\/#\/schema\/logo\/image\/"}}]}},"uagb_featured_image_src":{"full":["https:\/\/trgovina.pasjauniverza.si\/wp-content\/uploads\/2025\/10\/Naprstnik-za-ciscenje-zob-psa-in-macke1.webp",800,800,false],"thumbnail":["https:\/\/trgovina.pasjauniverza.si\/wp-content\/uploads\/2025\/10\/Naprstnik-za-ciscenje-zob-psa-in-macke1-150x150.webp",150,150,true],"medium":["https:\/\/trgovina.pasjauniverza.si\/wp-content\/uploads\/2025\/10\/Naprstnik-za-ciscenje-zob-psa-in-macke1-300x300.webp",300,300,true],"medium_large":["https:\/\/trgovina.pasjauniverza.si\/wp-content\/uploads\/2025\/10\/Naprstnik-za-ciscenje-zob-psa-in-macke1-768x768.webp",768,768,true],"large":["https:\/\/trgovina.pasjauniverza.si\/wp-content\/uploads\/2025\/10\/Naprstnik-za-ciscenje-zob-psa-in-macke1.webp",800,800,false],"1536x1536":["https:\/\/trgovina.pasjauniverza.si\/wp-content\/uploads\/2025\/10\/Naprstnik-za-ciscenje-zob-psa-in-macke1.webp",800,800,false],"2048x2048":["https:\/\/trgovina.pasjauniverza.si\/wp-content\/uploads\/2025\/10\/Naprstnik-za-ciscenje-zob-psa-in-macke1.webp",800,800,false],"trp-custom-language-flag":["https:\/\/trgovina.pasjauniverza.si\/wp-content\/uploads\/2025\/10\/Naprstnik-za-ciscenje-zob-psa-in-macke1-12x12.webp",12,12,true],"woocommerce_thumbnail":["https:\/\/trgovina.pasjauniverza.si\/wp-content\/uploads\/2025\/10\/Naprstnik-za-ciscenje-zob-psa-in-macke1-300x300.webp",300,300,true],"woocommerce_single":["https:\/\/trgovina.pasjauniverza.si\/wp-content\/uploads\/2025\/10\/Naprstnik-za-ciscenje-zob-psa-in-macke1-600x600.webp",600,600,true],"woocommerce_gallery_thumbnail":["https:\/\/trgovina.pasjauniverza.si\/wp-content\/uploads\/2025\/10\/Naprstnik-za-ciscenje-zob-psa-in-macke1-100x100.webp",100,100,true]},"uagb_author_info":{"display_name":"Karmen Grubeli\u0107, dr.vet.med.","author_link":"https:\/\/trgovina.pasjauniverza.si\/en\/author\/"},"uagb_comment_info":0,"uagb_excerpt":"Mehak silikonski naprstnik za vsakodnevno ustno higieno psov in ma\u010dk. Ne\u017eno \u010disti zobe, masira dlesni in pomaga ohranjati sve\u017e zadah brez stresa.","jetpack_sharing_enabled":true,"_links":{"self":[{"href":"https:\/\/trgovina.pasjauniverza.si\/en\/wp-json\/wp\/v2\/product\/15433","targetHints":{"allow":["GET"]}}],"collection":[{"href":"https:\/\/trgovina.pasjauniverza.si\/en\/wp-json\/wp\/v2\/product"}],"about":[{"href":"https:\/\/trgovina.pasjauniverza.si\/en\/wp-json\/wp\/v2\/types\/product"}],"replies":[{"embeddable":true,"href":"https:\/\/trgovina.pasjauniverza.si\/en\/wp-json\/wp\/v2\/comments?post=15433"}],"wp:featuredmedia":[{"embeddable":true,"href":"https:\/\/trgovina.pasjauniverza.si\/en\/wp-json\/wp\/v2\/media\/15437"}],"wp:attachment":[{"href":"https:\/\/trgovina.pasjauniverza.si\/en\/wp-json\/wp\/v2\/media?parent=15433"}],"wp:term":[{"taxonomy":"product_brand","embeddable":true,"href":"https:\/\/trgovina.pasjauniverza.si\/en\/wp-json\/wp\/v2\/product_brand?post=15433"},{"taxonomy":"product_cat","embeddable":true,"href":"https:\/\/trgovina.pasjauniverza.si\/en\/wp-json\/wp\/v2\/product_cat?post=15433"},{"taxonomy":"product_tag","embeddable":true,"href":"https:\/\/trgovina.pasjauniverza.si\/en\/wp-json\/wp\/v2\/product_tag?post=15433"}],"curies":[{"name":"wp","href":"https:\/\/api.w.org\/{rel}","templated":true}]}}