
{"id":15027,"date":"2025-09-22T09:59:43","date_gmt":"2025-09-22T09:59:43","guid":{"rendered":"https:\/\/trgovina.pasjauniverza.si\/?post_type=product&#038;p=15027"},"modified":"2025-10-02T11:50:19","modified_gmt":"2025-10-02T11:50:19","slug":"maxi-gigivet-paket","status":"publish","type":"product","link":"https:\/\/trgovina.pasjauniverza.si\/en\/product\/maxi-gigivet-paket\/","title":{"rendered":"MAXI GigiVet paket"},"content":{"rendered":"<h3 data-start=\"564\" data-end=\"617\">\u00a0MAXI Gigivet paket \u2013 za celostno podporo psu<\/h3>\n<p data-start=\"618\" data-end=\"786\">Maxi paket je popolna re\u0161itev za srednje velike in velike pse ali tiste, ki potrebujejo intenzivnej\u0161o podporo. Vsebuje <strong data-start=\"737\" data-end=\"779\">mo\u010dnej\u0161e kombinacije naravnih dodatkov<\/strong>, ki:<\/p>\n<ul data-start=\"787\" data-end=\"1018\">\n<li data-start=\"787\" data-end=\"862\">\n<p data-start=\"789\" data-end=\"862\">zmanj\u0161ujejo stres in pomagajo pri vedenjskih te\u017eavah (DA-BA Relax Plus)<\/p>\n<\/li>\n<li data-start=\"863\" data-end=\"950\">\n<p data-start=\"865\" data-end=\"950\">\u0161\u010ditijo prebavni sistem in laj\u0161ajo prebavne te\u017eave (Stomach Health &amp; Diarrhea Stop)<\/p>\n<\/li>\n<li data-start=\"951\" data-end=\"1018\">\n<p data-start=\"953\" data-end=\"1018\">poskrbijo za zdrave dlesni, bele zobe in sve\u017e dah (Dental Care)<\/p>\n<\/li>\n<\/ul>\n<p data-start=\"1020\" data-end=\"1130\">Najbolj\u0161a izbira za pse, ki se soo\u010dajo z ve\u010d izzivi hkrati.<\/p>\n<p data-start=\"1020\" data-end=\"1130\">Paket vklju\u010duje:<\/p>\n<p data-start=\"1020\" data-end=\"1130\">1x<a href=\"https:\/\/trgovina.pasjauniverza.si\/en\/product\/gigivet-da-ba-relax-plus-za-sprostitev\/\" target=\"_blank\" rel=\"noopener\"> GigiVet da-ba RELAX Plus \u2013 za sprostitev psov in ma\u010dk<\/a> 90 tbl<\/p>\n<p data-start=\"1020\" data-end=\"1130\">1x <a href=\"https:\/\/trgovina.pasjauniverza.si\/en\/product\/gigivet-stomach-support-and-diarrhea-stop-za-zascito-zelodca-in-proti-driski-za-velike-pse\/\" target=\"_blank\" rel=\"noopener\">GigiVet Stomach Support and Diarrhea Stop \u2013 za za\u0161\u010dito \u017eelodca in proti driski za pse VELIKIH pasem<\/a> 80 tbl<\/p>\n<p data-start=\"1020\" data-end=\"1130\">1x<a href=\"https:\/\/trgovina.pasjauniverza.si\/en\/product\/gigivet-dental-care-powder-prasek-za-zobne-obloge-psov-in-mack\/\" target=\"_blank\" rel=\"noopener\"> GigiVet Dental Care Powder \u2013 pra\u0161ek za zobne obloge psov in ma\u010dk<\/a> 105 g<\/p>","protected":false},"excerpt":{"rendered":"<h3 data-start=\"329\" data-end=\"353\">MAXI Gigivet paket<\/h3>\n<ul>\n<li data-start=\"354\" data-end=\"520\"><strong data-start=\"357\" data-end=\"410\">Celostna podpora za velike pse z velikimi izzivi.<\/strong><\/li>\n<li data-start=\"354\" data-end=\"520\"><strong data-start=\"416\" data-end=\"464\">Zdravje od glave do repa \u2013 brez kompromisov.<\/strong><\/li>\n<li data-start=\"354\" data-end=\"520\"><strong data-start=\"470\" data-end=\"518\">Maxi mo\u010d naravnih dodatkov za pasje zdravje.<\/strong><\/li>\n<\/ul>","protected":false},"featured_media":15028,"comment_status":"open","ping_status":"closed","template":"","meta":{"_acf_changed":false,"_uag_custom_page_level_css":"","site-sidebar-layout":"default","site-content-layout":"","ast-site-content-layout":"default","site-content-style":"default","site-sidebar-style":"default","ast-global-header-display":"","ast-banner-title-visibility":"","ast-main-header-display":"","ast-hfb-above-header-display":"","ast-hfb-below-header-display":"","ast-hfb-mobile-header-display":"","site-post-title":"","ast-breadcrumbs-content":"","ast-featured-img":"","footer-sml-layout":"","ast-disable-related-posts":"","theme-transparent-header-meta":"default","adv-header-id-meta":"","stick-header-meta":"","header-above-stick-meta":"","header-main-stick-meta":"","header-below-stick-meta":"","astra-migrate-meta-layouts":"set","ast-page-background-enabled":"default","ast-page-background-meta":{"desktop":{"background-color":"","background-image":"","background-repeat":"repeat","background-position":"center center","background-size":"auto","background-attachment":"scroll","background-type":"","background-media":"","overlay-type":"","overlay-color":"","overlay-opacity":"","overlay-gradient":""},"tablet":{"background-color":"","background-image":"","background-repeat":"repeat","background-position":"center center","background-size":"auto","background-attachment":"scroll","background-type":"","background-media":"","overlay-type":"","overlay-color":"","overlay-opacity":"","overlay-gradient":""},"mobile":{"background-color":"","background-image":"","background-repeat":"repeat","background-position":"center center","background-size":"auto","background-attachment":"scroll","background-type":"","background-media":"","overlay-type":"","overlay-color":"","overlay-opacity":"","overlay-gradient":""}},"ast-content-background-meta":{"desktop":{"background-color":"var(--ast-global-color-5)","background-image":"","background-repeat":"repeat","background-position":"center center","background-size":"auto","background-attachment":"scroll","background-type":"","background-media":"","overlay-type":"","overlay-color":"","overlay-opacity":"","overlay-gradient":""},"tablet":{"background-color":"var(--ast-global-color-5)","background-image":"","background-repeat":"repeat","background-position":"center center","background-size":"auto","background-attachment":"scroll","background-type":"","background-media":"","overlay-type":"","overlay-color":"","overlay-opacity":"","overlay-gradient":""},"mobile":{"background-color":"var(--ast-global-color-5)","background-image":"","background-repeat":"repeat","background-position":"center center","background-size":"auto","background-attachment":"scroll","background-type":"","background-media":"","overlay-type":"","overlay-color":"","overlay-opacity":"","overlay-gradient":""}}},"product_brand":[926],"product_cat":[770,744,747,94,763,739,735,420,723,18,736],"product_tag":[],"class_list":{"0":"post-15027","1":"product","2":"type-product","3":"status-publish","4":"has-post-thumbnail","6":"product_brand-gigivet","7":"product_cat-akcije","8":"product_cat-blagovne-znamke","9":"product_cat-gigivet-blagovne-znamke","10":"product_cat-nega","11":"product_cat-nega-zob","12":"product_cat-nevroloski-sistem-proti-stresu","13":"product_cat-prebavila","14":"product_cat-prehranski-dodatki-za-pse","15":"product_cat-psi","16":"product_cat-vsi-izdelki","17":"product_cat-zobje-in-dlesni","18":"desktop-align-center","19":"tablet-align-center","20":"mobile-align-center","22":"first","23":"instock","24":"sale","25":"shipping-taxable","26":"purchasable","27":"product-type-simple"},"acf":[],"yoast_head":"<!-- This site is optimized with the Yoast SEO plugin v27.4 - https:\/\/yoast.com\/product\/yoast-seo-wordpress\/ -->\n<title>MAXI GigiVet paket - Trgovina Pasja Univerza<\/title>\n<meta name=\"description\" content=\"MAXI GigiVet paket\" \/>\n<meta name=\"robots\" content=\"index, follow, max-snippet:-1, max-image-preview:large, max-video-preview:-1\" \/>\n<link rel=\"canonical\" href=\"https:\/\/trgovina.pasjauniverza.si\/en\/product\/maxi-gigivet-paket\/\" \/>\n<meta property=\"og:locale\" content=\"en_US\" \/>\n<meta property=\"og:type\" content=\"article\" \/>\n<meta property=\"og:title\" content=\"MAXI GigiVet paket - Trgovina Pasja Univerza\" \/>\n<meta property=\"og:description\" content=\"MAXI GigiVet paket\" \/>\n<meta property=\"og:url\" content=\"https:\/\/trgovina.pasjauniverza.si\/en\/product\/maxi-gigivet-paket\/\" \/>\n<meta property=\"og:site_name\" content=\"Trgovina Pasja Univerza\" \/>\n<meta property=\"article:modified_time\" content=\"2025-10-02T11:50:19+00:00\" \/>\n<meta property=\"og:image\" content=\"https:\/\/trgovina.pasjauniverza.si\/wp-content\/uploads\/2025\/09\/gigivet-maxi-paket.png\" \/>\n\t<meta property=\"og:image:width\" content=\"1080\" \/>\n\t<meta property=\"og:image:height\" content=\"1080\" \/>\n\t<meta property=\"og:image:type\" content=\"image\/png\" \/>\n<meta name=\"twitter:card\" content=\"summary_large_image\" \/>\n<meta name=\"twitter:label1\" content=\"Est. reading time\" \/>\n\t<meta name=\"twitter:data1\" content=\"1 minute\" \/>\n<script type=\"application\/ld+json\" class=\"yoast-schema-graph\">{\"@context\":\"https:\\\/\\\/schema.org\",\"@graph\":[{\"@type\":\"WebPage\",\"@id\":\"https:\\\/\\\/trgovina.pasjauniverza.si\\\/product\\\/maxi-gigivet-paket\\\/\",\"url\":\"https:\\\/\\\/trgovina.pasjauniverza.si\\\/product\\\/maxi-gigivet-paket\\\/\",\"name\":\"MAXI GigiVet paket - Trgovina Pasja Univerza\",\"isPartOf\":{\"@id\":\"https:\\\/\\\/trgovina.pasjauniverza.si\\\/#website\"},\"primaryImageOfPage\":{\"@id\":\"https:\\\/\\\/trgovina.pasjauniverza.si\\\/product\\\/maxi-gigivet-paket\\\/#primaryimage\"},\"image\":{\"@id\":\"https:\\\/\\\/trgovina.pasjauniverza.si\\\/product\\\/maxi-gigivet-paket\\\/#primaryimage\"},\"thumbnailUrl\":\"https:\\\/\\\/trgovina.pasjauniverza.si\\\/wp-content\\\/uploads\\\/2025\\\/09\\\/gigivet-maxi-paket.png\",\"datePublished\":\"2025-09-22T09:59:43+00:00\",\"dateModified\":\"2025-10-02T11:50:19+00:00\",\"description\":\"MAXI GigiVet paket\",\"breadcrumb\":{\"@id\":\"https:\\\/\\\/trgovina.pasjauniverza.si\\\/product\\\/maxi-gigivet-paket\\\/#breadcrumb\"},\"inLanguage\":\"en-US\",\"potentialAction\":[{\"@type\":\"ReadAction\",\"target\":[\"https:\\\/\\\/trgovina.pasjauniverza.si\\\/product\\\/maxi-gigivet-paket\\\/\"]}]},{\"@type\":\"ImageObject\",\"inLanguage\":\"en-US\",\"@id\":\"https:\\\/\\\/trgovina.pasjauniverza.si\\\/product\\\/maxi-gigivet-paket\\\/#primaryimage\",\"url\":\"https:\\\/\\\/trgovina.pasjauniverza.si\\\/wp-content\\\/uploads\\\/2025\\\/09\\\/gigivet-maxi-paket.png\",\"contentUrl\":\"https:\\\/\\\/trgovina.pasjauniverza.si\\\/wp-content\\\/uploads\\\/2025\\\/09\\\/gigivet-maxi-paket.png\",\"width\":1080,\"height\":1080,\"caption\":\"gigivet maxi paket\"},{\"@type\":\"BreadcrumbList\",\"@id\":\"https:\\\/\\\/trgovina.pasjauniverza.si\\\/product\\\/maxi-gigivet-paket\\\/#breadcrumb\",\"itemListElement\":[{\"@type\":\"ListItem\",\"position\":1,\"name\":\"Home\",\"item\":\"https:\\\/\\\/trgovina.pasjauniverza.si\\\/\"},{\"@type\":\"ListItem\",\"position\":2,\"name\":\"Trgovina\",\"item\":\"https:\\\/\\\/trgovina.pasjauniverza.si\\\/trgovina\\\/\"},{\"@type\":\"ListItem\",\"position\":3,\"name\":\"MAXI GigiVet paket\"}]},{\"@type\":\"WebSite\",\"@id\":\"https:\\\/\\\/trgovina.pasjauniverza.si\\\/#website\",\"url\":\"https:\\\/\\\/trgovina.pasjauniverza.si\\\/\",\"name\":\"Trgovina Pasja Univerza\",\"description\":\"pasja univerza trgovina\",\"publisher\":{\"@id\":\"https:\\\/\\\/trgovina.pasjauniverza.si\\\/#organization\"},\"potentialAction\":[{\"@type\":\"SearchAction\",\"target\":{\"@type\":\"EntryPoint\",\"urlTemplate\":\"https:\\\/\\\/trgovina.pasjauniverza.si\\\/?s={search_term_string}\"},\"query-input\":{\"@type\":\"PropertyValueSpecification\",\"valueRequired\":true,\"valueName\":\"search_term_string\"}}],\"inLanguage\":\"en-US\"},{\"@type\":\"Organization\",\"@id\":\"https:\\\/\\\/trgovina.pasjauniverza.si\\\/#organization\",\"name\":\"Trgovina Pasja Univerza\",\"url\":\"https:\\\/\\\/trgovina.pasjauniverza.si\\\/\",\"logo\":{\"@type\":\"ImageObject\",\"inLanguage\":\"en-US\",\"@id\":\"https:\\\/\\\/trgovina.pasjauniverza.si\\\/#\\\/schema\\\/logo\\\/image\\\/\",\"url\":\"https:\\\/\\\/trgovina.pasjauniverza.si\\\/wp-content\\\/uploads\\\/2024\\\/08\\\/cropped-logotipi-vector-04.png\",\"contentUrl\":\"https:\\\/\\\/trgovina.pasjauniverza.si\\\/wp-content\\\/uploads\\\/2024\\\/08\\\/cropped-logotipi-vector-04.png\",\"width\":942,\"height\":908,\"caption\":\"Trgovina Pasja Univerza\"},\"image\":{\"@id\":\"https:\\\/\\\/trgovina.pasjauniverza.si\\\/#\\\/schema\\\/logo\\\/image\\\/\"}}]}<\/script>\n<!-- \/ Yoast SEO plugin. -->","yoast_head_json":{"title":"MAXI GigiVet paket - Trgovina Pasja Univerza","description":"MAXI GigiVet paket","robots":{"index":"index","follow":"follow","max-snippet":"max-snippet:-1","max-image-preview":"max-image-preview:large","max-video-preview":"max-video-preview:-1"},"canonical":"https:\/\/trgovina.pasjauniverza.si\/en\/product\/maxi-gigivet-paket\/","og_locale":"en_US","og_type":"article","og_title":"MAXI GigiVet paket - Trgovina Pasja Univerza","og_description":"MAXI GigiVet paket","og_url":"https:\/\/trgovina.pasjauniverza.si\/en\/product\/maxi-gigivet-paket\/","og_site_name":"Trgovina Pasja Univerza","article_modified_time":"2025-10-02T11:50:19+00:00","og_image":[{"width":1080,"height":1080,"url":"https:\/\/trgovina.pasjauniverza.si\/wp-content\/uploads\/2025\/09\/gigivet-maxi-paket.png","type":"image\/png"}],"twitter_card":"summary_large_image","twitter_misc":{"Est. reading time":"1 minute"},"schema":{"@context":"https:\/\/schema.org","@graph":[{"@type":"WebPage","@id":"https:\/\/trgovina.pasjauniverza.si\/product\/maxi-gigivet-paket\/","url":"https:\/\/trgovina.pasjauniverza.si\/product\/maxi-gigivet-paket\/","name":"MAXI GigiVet paket - Trgovina Pasja Univerza","isPartOf":{"@id":"https:\/\/trgovina.pasjauniverza.si\/#website"},"primaryImageOfPage":{"@id":"https:\/\/trgovina.pasjauniverza.si\/product\/maxi-gigivet-paket\/#primaryimage"},"image":{"@id":"https:\/\/trgovina.pasjauniverza.si\/product\/maxi-gigivet-paket\/#primaryimage"},"thumbnailUrl":"https:\/\/trgovina.pasjauniverza.si\/wp-content\/uploads\/2025\/09\/gigivet-maxi-paket.png","datePublished":"2025-09-22T09:59:43+00:00","dateModified":"2025-10-02T11:50:19+00:00","description":"MAXI GigiVet paket","breadcrumb":{"@id":"https:\/\/trgovina.pasjauniverza.si\/product\/maxi-gigivet-paket\/#breadcrumb"},"inLanguage":"en-US","potentialAction":[{"@type":"ReadAction","target":["https:\/\/trgovina.pasjauniverza.si\/product\/maxi-gigivet-paket\/"]}]},{"@type":"ImageObject","inLanguage":"en-US","@id":"https:\/\/trgovina.pasjauniverza.si\/product\/maxi-gigivet-paket\/#primaryimage","url":"https:\/\/trgovina.pasjauniverza.si\/wp-content\/uploads\/2025\/09\/gigivet-maxi-paket.png","contentUrl":"https:\/\/trgovina.pasjauniverza.si\/wp-content\/uploads\/2025\/09\/gigivet-maxi-paket.png","width":1080,"height":1080,"caption":"gigivet maxi paket"},{"@type":"BreadcrumbList","@id":"https:\/\/trgovina.pasjauniverza.si\/product\/maxi-gigivet-paket\/#breadcrumb","itemListElement":[{"@type":"ListItem","position":1,"name":"Home","item":"https:\/\/trgovina.pasjauniverza.si\/"},{"@type":"ListItem","position":2,"name":"Trgovina","item":"https:\/\/trgovina.pasjauniverza.si\/trgovina\/"},{"@type":"ListItem","position":3,"name":"MAXI GigiVet paket"}]},{"@type":"WebSite","@id":"https:\/\/trgovina.pasjauniverza.si\/#website","url":"https:\/\/trgovina.pasjauniverza.si\/","name":"Trgovina Pasja Univerza","description":"pasja univerza trgovina","publisher":{"@id":"https:\/\/trgovina.pasjauniverza.si\/#organization"},"potentialAction":[{"@type":"SearchAction","target":{"@type":"EntryPoint","urlTemplate":"https:\/\/trgovina.pasjauniverza.si\/?s={search_term_string}"},"query-input":{"@type":"PropertyValueSpecification","valueRequired":true,"valueName":"search_term_string"}}],"inLanguage":"en-US"},{"@type":"Organization","@id":"https:\/\/trgovina.pasjauniverza.si\/#organization","name":"Trgovina Pasja Univerza","url":"https:\/\/trgovina.pasjauniverza.si\/","logo":{"@type":"ImageObject","inLanguage":"en-US","@id":"https:\/\/trgovina.pasjauniverza.si\/#\/schema\/logo\/image\/","url":"https:\/\/trgovina.pasjauniverza.si\/wp-content\/uploads\/2024\/08\/cropped-logotipi-vector-04.png","contentUrl":"https:\/\/trgovina.pasjauniverza.si\/wp-content\/uploads\/2024\/08\/cropped-logotipi-vector-04.png","width":942,"height":908,"caption":"Trgovina Pasja Univerza"},"image":{"@id":"https:\/\/trgovina.pasjauniverza.si\/#\/schema\/logo\/image\/"}}]}},"uagb_featured_image_src":{"full":["https:\/\/trgovina.pasjauniverza.si\/wp-content\/uploads\/2025\/09\/gigivet-maxi-paket.png",1080,1080,false],"thumbnail":["https:\/\/trgovina.pasjauniverza.si\/wp-content\/uploads\/2025\/09\/gigivet-maxi-paket-150x150.png",150,150,true],"medium":["https:\/\/trgovina.pasjauniverza.si\/wp-content\/uploads\/2025\/09\/gigivet-maxi-paket-300x300.png",300,300,true],"medium_large":["https:\/\/trgovina.pasjauniverza.si\/wp-content\/uploads\/2025\/09\/gigivet-maxi-paket-768x768.png",768,768,true],"large":["https:\/\/trgovina.pasjauniverza.si\/wp-content\/uploads\/2025\/09\/gigivet-maxi-paket-1024x1024.png",1024,1024,true],"1536x1536":["https:\/\/trgovina.pasjauniverza.si\/wp-content\/uploads\/2025\/09\/gigivet-maxi-paket.png",1080,1080,false],"2048x2048":["https:\/\/trgovina.pasjauniverza.si\/wp-content\/uploads\/2025\/09\/gigivet-maxi-paket.png",1080,1080,false],"trp-custom-language-flag":["https:\/\/trgovina.pasjauniverza.si\/wp-content\/uploads\/2025\/09\/gigivet-maxi-paket-12x12.png",12,12,true],"woocommerce_thumbnail":["https:\/\/trgovina.pasjauniverza.si\/wp-content\/uploads\/2025\/09\/gigivet-maxi-paket-300x300.png",300,300,true],"woocommerce_single":["https:\/\/trgovina.pasjauniverza.si\/wp-content\/uploads\/2025\/09\/gigivet-maxi-paket-600x600.png",600,600,true],"woocommerce_gallery_thumbnail":["https:\/\/trgovina.pasjauniverza.si\/wp-content\/uploads\/2025\/09\/gigivet-maxi-paket-100x100.png",100,100,true]},"uagb_author_info":{"display_name":"Karmen Grubeli\u0107, dr.vet.med.","author_link":"https:\/\/trgovina.pasjauniverza.si\/en\/author\/"},"uagb_comment_info":0,"uagb_excerpt":"MAXI Gigivet paket Celostna podpora za velike pse z velikimi izzivi. Zdravje od glave do repa \u2013 brez kompromisov. Maxi mo\u010d naravnih dodatkov za pasje zdravje.","jetpack_sharing_enabled":true,"_links":{"self":[{"href":"https:\/\/trgovina.pasjauniverza.si\/en\/wp-json\/wp\/v2\/product\/15027","targetHints":{"allow":["GET"]}}],"collection":[{"href":"https:\/\/trgovina.pasjauniverza.si\/en\/wp-json\/wp\/v2\/product"}],"about":[{"href":"https:\/\/trgovina.pasjauniverza.si\/en\/wp-json\/wp\/v2\/types\/product"}],"replies":[{"embeddable":true,"href":"https:\/\/trgovina.pasjauniverza.si\/en\/wp-json\/wp\/v2\/comments?post=15027"}],"wp:featuredmedia":[{"embeddable":true,"href":"https:\/\/trgovina.pasjauniverza.si\/en\/wp-json\/wp\/v2\/media\/15028"}],"wp:attachment":[{"href":"https:\/\/trgovina.pasjauniverza.si\/en\/wp-json\/wp\/v2\/media?parent=15027"}],"wp:term":[{"taxonomy":"product_brand","embeddable":true,"href":"https:\/\/trgovina.pasjauniverza.si\/en\/wp-json\/wp\/v2\/product_brand?post=15027"},{"taxonomy":"product_cat","embeddable":true,"href":"https:\/\/trgovina.pasjauniverza.si\/en\/wp-json\/wp\/v2\/product_cat?post=15027"},{"taxonomy":"product_tag","embeddable":true,"href":"https:\/\/trgovina.pasjauniverza.si\/en\/wp-json\/wp\/v2\/product_tag?post=15027"}],"curies":[{"name":"wp","href":"https:\/\/api.w.org\/{rel}","templated":true}]}}