
{"id":14874,"date":"2025-09-15T12:35:26","date_gmt":"2025-09-15T12:35:26","guid":{"rendered":"https:\/\/trgovina.pasjauniverza.si\/?post_type=product&#038;p=14874"},"modified":"2026-04-24T22:05:09","modified_gmt":"2026-04-24T22:05:09","slug":"canident-za-zobne-obloge-iz-irskih-morskih-alg","status":"publish","type":"product","link":"https:\/\/trgovina.pasjauniverza.si\/en\/product\/canident-za-zobne-obloge-iz-irskih-morskih-alg\/","title":{"rendered":"Canident \u2013 za zobne obloge iz irskih morskih alg"},"content":{"rendered":"<p data-start=\"0\" data-end=\"275\">Kaj je Canident?<\/p>\n<p data-start=\"85\" data-end=\"236\">Canident je 100 % naravni pra\u0161ek iz skrbno izbranih organskih rjavih irskih morskih alg, ki vsakodnevno in ne\u017eno podpira zdravje zob ter dlesni tvojega psa.<\/p>\n<ul>\n<li data-start=\"238\" data-end=\"621\">Zmanj\u0161uje obstoje\u010de zobne obloge in trdovratni zobni kamen \u2013 tudi tam, kjer \u0161\u010detkanje ne se\u017ee<\/li>\n<li data-start=\"238\" data-end=\"621\">Prepre\u010duje nastanek novega plaka in upo\u010dasni nabiranje zobnega kamna<\/li>\n<li data-start=\"238\" data-end=\"621\">Osve\u017euje dah \u2013 deluje proti bakterijam, ki povzro\u010dajo neprijeten vonj iz gob\u010dka<\/li>\n<li data-start=\"238\" data-end=\"621\">Krepi dlesni z naravnimi minerali in protivnetnim u\u010dinkom alg<\/li>\n<li data-start=\"238\" data-end=\"621\"> Odli\u010den kot preventiva za vzdr\u017eevanje zdrave ustne higiene<\/li>\n<\/ul>\n<p data-start=\"0\" data-end=\"275\">Delovanje: postopno zmanj\u0161uje zobne obloge \u2014 tudi tiste, ki jih \u0161\u010detkanje ne dose\u017ee, prepre\u010duje nastanek novega plaka na mikroskopski ravni, osve\u017euje dih, saj deluje proti bakterijam, ki povzro\u010dajo neprijeten vonj, podpira dlesni s protivnetnim u\u010dinkom in minerali iz morskih alg, deluje kot preventiva za vzdr\u017eevanje zobne higiene \u2014 ne samo kot re\u0161itev, ko so te\u017eave \u017ee izrazite.<\/p>\n<p data-start=\"0\" data-end=\"275\">Uporaba: Za optimalne rezultate alge vsak dan posujte po hrani. Priporo\u010den odmerek glede na te\u017eo psa.<\/p>\n<p data-start=\"0\" data-end=\"275\">Doziranje:<\/p>\n<p data-start=\"106\" data-end=\"221\">Za najbolj\u0161e rezultate uporabljajte <strong data-start=\"201\" data-end=\"220\">redno, vsak dan<\/strong>.<\/p>\n<div class=\"_tableContainer_1rjym_1\">\n<div class=\"_tableWrapper_1rjym_13 group flex w-fit flex-col-reverse\">\n<p data-start=\"588\" data-end=\"767\">Za\u010dnite z majhno koli\u010dino in postopno pove\u010dajte na priporo\u010deno. Dobro vme\u0161ajte v hrano (po potrebi navla\u017eite). Uporabljajte <strong data-start=\"712\" data-end=\"724\">vsak dan<\/strong>. Prilo\u017eena je merica \u2014 <strong data-start=\"748\" data-end=\"767\">1 merica = 2 g.<\/strong><\/p>\n<p data-start=\"769\" data-end=\"806\"><strong data-start=\"769\" data-end=\"806\">Dnevni odmerek glede na te\u017eo psa:<\/strong><\/p>\n<ul data-start=\"808\" data-end=\"888\">\n<li data-start=\"808\" data-end=\"835\">\n<p data-start=\"810\" data-end=\"835\">do 10 kg \u2192 0,5\u20131 merica<\/p>\n<\/li>\n<li data-start=\"836\" data-end=\"861\">\n<p data-start=\"838\" data-end=\"861\">10\u201320 kg \u2192 1\u20132 merici<\/p>\n<\/li>\n<li data-start=\"862\" data-end=\"888\">\n<p data-start=\"864\" data-end=\"888\">nad 20 kg \u2192 2\u20133 merice<\/p>\n<\/li>\n<\/ul>\n<p data-start=\"890\" data-end=\"1010\">\u010ce uporabljate \u0161e druge izdelke iz morskih alg, naj skupni dele\u017e morskih alg ne presega <strong data-start=\"981\" data-end=\"1010\">5 % dnevnega vnosa hrane. Hranite v hladnem in suhem prostoru. Po odprtju porabite v enem letu.<\/strong><\/p>\n<p><strong data-start=\"981\" data-end=\"1010\">Hranite izven dosega otrok.<\/strong><\/p>\n<p data-start=\"1012\" data-end=\"1155\"><strong data-start=\"1015\" data-end=\"1028\">Alergeni:<\/strong> Lahko vsebuje sledi \u0161koljk.<\/p>\n<p><strong data-start=\"1062\" data-end=\"1155\">Zaradi prisotnosti joda v morskih algah izdelek ni primeren za pse s te\u017eavami s \u0161\u010ditnico.<\/strong><\/p>\n<p data-start=\"1157\" data-end=\"1355\"><strong data-start=\"1160\" data-end=\"1187\">Za najbolj\u0161e rezultate:<\/strong> Dodajte tudi mehansko \u010di\u0161\u010denje zob (grizenje, \u017eve\u010denje), da odstranite zmeh\u010dan zobni kamen. Ko dose\u017eete \u017eelene rezultate, zmanj\u0161ajte odmerek na polovico za ohranjanje.<\/p>\n<\/div>\n<\/div>\n<p data-start=\"488\" data-end=\"590\"><strong data-start=\"491\" data-end=\"502\">Nasvet:<\/strong> Za\u010dnite z manj\u0161im odmerkom in ga postopno pove\u010dujte, da se pes navadi na okus v obroku.<\/p>\n<p data-start=\"883\" data-end=\"1059\"><strong data-start=\"883\" data-end=\"895\">Sestava:<\/strong><\/p>\n<p>Me\u0161anica treh naravnih organskih rjavih morskih alg (Ascophyllum nodosum, Fucus vesiculosus, Laminaria digitata).<\/p>\n<p>Brez umetnih dodatkov, barvil ali konzervansov.<\/p>\n<p data-start=\"883\" data-end=\"1059\"><strong data-start=\"527\" data-end=\"546\">Dr\u017eava porekla:<\/strong> Irska<\/p>\n<p data-start=\"1377\" data-end=\"1454\"><strong data-start=\"1377\" data-end=\"1391\">Sestavine:<\/strong> Me\u0161anica morskih rjavih alg iz dru\u017eine Fucaceae (rjave morske alge) &#8211; <strong data-start=\"97\" data-end=\"139\">Ascophyllum nodosum, Fucus vesiculosus<\/strong> in <strong data-start=\"143\" data-end=\"165\">Laminaria digitata.<\/strong><\/p>\n<p data-start=\"1456\" data-end=\"1502\"><strong data-start=\"1456\" data-end=\"1500\">Analitske sestavine (na 2 g \u2013 1 merico):<\/strong><\/p>\n<ul data-start=\"1503\" data-end=\"1679\">\n<li data-start=\"1503\" data-end=\"1538\">\n<p data-start=\"1505\" data-end=\"1538\">Surove beljakovine: min. 4,35 %<\/p>\n<\/li>\n<li data-start=\"1539\" data-end=\"1571\">\n<p data-start=\"1541\" data-end=\"1571\">Surove ma\u0161\u010dobe: maks. 0,54 %<\/p>\n<\/li>\n<li data-start=\"1572\" data-end=\"1605\">\n<p data-start=\"1574\" data-end=\"1605\">Surove vlaknine: maks. 1,69 %<\/p>\n<\/li>\n<li data-start=\"1606\" data-end=\"1635\">\n<p data-start=\"1608\" data-end=\"1635\">Surov pepel: maks. 9,90 %<\/p>\n<\/li>\n<li data-start=\"1636\" data-end=\"1679\">\n<p data-start=\"1638\" data-end=\"1679\">Pra\u0161ek rjavih morskih alg: min. 2000 mg<\/p>\n<\/li>\n<\/ul>\n<p data-start=\"1681\" data-end=\"1831\">Vsebuje naravni vir joda<\/p>\n<p>Sestava morskih alg se lahko sezonsko spreminja<\/p>\n<p data-start=\"0\" data-end=\"275\">Rezultati se navadno poka\u017eejo po nekaj tednih \u2013<strong> vidna razlika v zobnih oblogah in sve\u017eem dahu v 4-6 tednih; ve\u010dja izbolj\u0161ava v 8-15 tednih.<\/strong><\/p>\n<p>Pakiranje: 150g in 300g v obliki vre\u010dke ali kartonskega tulca <strong data-start=\"1600\" data-end=\"1618\">(pazite pri odpiranju izdelka, saj je vsebina napolnjena do vrha)<\/strong><\/p>","protected":false},"excerpt":{"rendered":"<p><strong data-start=\"0\" data-end=\"41\" data-is-only-node=\"\"><span class=\"hover:entity-accent entity-underline inline cursor-pointer align-baseline\"><span class=\"whitespace-normal\">Canident Dental Health Powder<\/span><\/span><\/strong> je naravni zobni dodatek iz izbranih irskih morskih alg, ki pomaga zmanj\u0161evati zobne obloge in zobni kamen, osve\u017euje zadah ter krepi dlesni.<br data-start=\"182\" data-end=\"185\" \/>Z vsakodnevno uporabo u\u010dinkovito podpira ustno higieno psov in prepre\u010duje nastanek novih oblog \u2014 za \u010diste zobe in sve\u017e pasji nasmeh<\/p>\n<ul data-start=\"100\" data-end=\"376\">\n<li data-start=\"100\" data-end=\"180\">\n<p data-start=\"102\" data-end=\"180\">Zmanj\u0161uje in meh\u010da obstoje\u010di zobni kamen ter prepre\u010duje nastanek novih oblog<\/p>\n<\/li>\n<li data-start=\"181\" data-end=\"258\">\n<p data-start=\"183\" data-end=\"258\">Odpravlja neprijeten zadah, saj deluje proti bakterijam, ki ga povzro\u010dajo<\/p>\n<\/li>\n<li data-start=\"259\" data-end=\"319\">\n<p data-start=\"261\" data-end=\"319\">Krepi dlesni in dolgoro\u010dno podpira zdravje ustne votline<\/p>\n<\/li>\n<li data-start=\"320\" data-end=\"376\">\n<p data-start=\"322\" data-end=\"376\">Naravni vir mineralov iz izbranih irskih morskih alg<\/p>\n<\/li>\n<\/ul>\n<p data-start=\"378\" data-end=\"492\" data-is-last-node=\"\" data-is-only-node=\"\">Z redno uporabo poskrbite za \u010diste zobe, zdrave dlesni in sve\u017e dah svojega psa \u2013 brez stresa in boja s \u0161\u010detkanjem.<\/p>","protected":false},"featured_media":14875,"comment_status":"open","ping_status":"closed","template":"","meta":{"_acf_changed":false,"_uag_custom_page_level_css":"","site-sidebar-layout":"default","site-content-layout":"","ast-site-content-layout":"default","site-content-style":"default","site-sidebar-style":"default","ast-global-header-display":"","ast-banner-title-visibility":"","ast-main-header-display":"","ast-hfb-above-header-display":"","ast-hfb-below-header-display":"","ast-hfb-mobile-header-display":"","site-post-title":"","ast-breadcrumbs-content":"","ast-featured-img":"","footer-sml-layout":"","ast-disable-related-posts":"","theme-transparent-header-meta":"default","adv-header-id-meta":"","stick-header-meta":"","header-above-stick-meta":"","header-main-stick-meta":"","header-below-stick-meta":"","astra-migrate-meta-layouts":"set","ast-page-background-enabled":"default","ast-page-background-meta":{"desktop":{"background-color":"","background-image":"","background-repeat":"repeat","background-position":"center center","background-size":"auto","background-attachment":"scroll","background-type":"","background-media":"","overlay-type":"","overlay-color":"","overlay-opacity":"","overlay-gradient":""},"tablet":{"background-color":"","background-image":"","background-repeat":"repeat","background-position":"center center","background-size":"auto","background-attachment":"scroll","background-type":"","background-media":"","overlay-type":"","overlay-color":"","overlay-opacity":"","overlay-gradient":""},"mobile":{"background-color":"","background-image":"","background-repeat":"repeat","background-position":"center center","background-size":"auto","background-attachment":"scroll","background-type":"","background-media":"","overlay-type":"","overlay-color":"","overlay-opacity":"","overlay-gradient":""}},"ast-content-background-meta":{"desktop":{"background-color":"var(--ast-global-color-5)","background-image":"","background-repeat":"repeat","background-position":"center center","background-size":"auto","background-attachment":"scroll","background-type":"","background-media":"","overlay-type":"","overlay-color":"","overlay-opacity":"","overlay-gradient":""},"tablet":{"background-color":"var(--ast-global-color-5)","background-image":"","background-repeat":"repeat","background-position":"center center","background-size":"auto","background-attachment":"scroll","background-type":"","background-media":"","overlay-type":"","overlay-color":"","overlay-opacity":"","overlay-gradient":""},"mobile":{"background-color":"var(--ast-global-color-5)","background-image":"","background-repeat":"repeat","background-position":"center center","background-size":"auto","background-attachment":"scroll","background-type":"","background-media":"","overlay-type":"","overlay-color":"","overlay-opacity":"","overlay-gradient":""}}},"product_brand":[],"product_cat":[770,94,763,420,18,736],"product_tag":[774,772,777,775,776,172,773,147,771],"class_list":{"0":"post-14874","1":"product","2":"type-product","3":"status-publish","4":"has-post-thumbnail","6":"product_cat-akcije","7":"product_cat-nega","8":"product_cat-nega-zob","9":"product_cat-prehranski-dodatki-za-pse","10":"product_cat-vsi-izdelki","11":"product_cat-zobje-in-dlesni","12":"product_tag-alge","13":"product_tag-belizobje","14":"product_tag-negazob","15":"product_tag-scetkanjezob","16":"product_tag-scetkazapsa","17":"product_tag-sprej","18":"product_tag-zdravadlesen","19":"product_tag-zobje","20":"product_tag-zobne-obloge","21":"desktop-align-center","22":"tablet-align-center","23":"mobile-align-center","25":"first","26":"instock","27":"featured","28":"shipping-taxable","29":"purchasable","30":"product-type-variable","31":"has-default-attributes"},"acf":[],"yoast_head":"<!-- This site is optimized with the Yoast SEO plugin v27.4 - https:\/\/yoast.com\/product\/yoast-seo-wordpress\/ -->\n<title>Canident \u2013 za zobne obloge iz irskih morskih alg - Trgovina Pasja Univerza<\/title>\n<meta name=\"description\" content=\"Canident \u2013 naravni dodatek za zobne obloge iz morskih alg\" \/>\n<meta name=\"robots\" content=\"index, follow, max-snippet:-1, max-image-preview:large, max-video-preview:-1\" \/>\n<link rel=\"canonical\" href=\"https:\/\/trgovina.pasjauniverza.si\/en\/product\/canident-za-zobne-obloge-iz-irskih-morskih-alg\/\" \/>\n<meta property=\"og:locale\" content=\"en_US\" \/>\n<meta property=\"og:type\" content=\"article\" \/>\n<meta property=\"og:title\" content=\"Canident \u2013 za zobne obloge iz irskih morskih alg - Trgovina Pasja Univerza\" \/>\n<meta property=\"og:description\" content=\"Canident \u2013 naravni dodatek za zobne obloge iz morskih alg\" \/>\n<meta property=\"og:url\" content=\"https:\/\/trgovina.pasjauniverza.si\/en\/product\/canident-za-zobne-obloge-iz-irskih-morskih-alg\/\" \/>\n<meta property=\"og:site_name\" content=\"Trgovina Pasja Univerza\" \/>\n<meta property=\"article:modified_time\" content=\"2026-04-24T22:05:09+00:00\" \/>\n<meta property=\"og:image\" content=\"https:\/\/trgovina.pasjauniverza.si\/wp-content\/uploads\/2025\/09\/canident-prah-za-zobe-za-pse.webp\" \/>\n\t<meta property=\"og:image:width\" content=\"1080\" \/>\n\t<meta property=\"og:image:height\" content=\"1080\" \/>\n\t<meta property=\"og:image:type\" content=\"image\/webp\" \/>\n<meta name=\"twitter:card\" content=\"summary_large_image\" \/>\n<meta name=\"twitter:label1\" content=\"Est. reading time\" \/>\n\t<meta name=\"twitter:data1\" content=\"3 minutes\" \/>\n<script type=\"application\/ld+json\" class=\"yoast-schema-graph\">{\"@context\":\"https:\\\/\\\/schema.org\",\"@graph\":[{\"@type\":\"WebPage\",\"@id\":\"https:\\\/\\\/trgovina.pasjauniverza.si\\\/product\\\/canident-za-zobne-obloge-iz-irskih-morskih-alg\\\/\",\"url\":\"https:\\\/\\\/trgovina.pasjauniverza.si\\\/product\\\/canident-za-zobne-obloge-iz-irskih-morskih-alg\\\/\",\"name\":\"Canident \u2013 za zobne obloge iz irskih morskih alg - Trgovina Pasja Univerza\",\"isPartOf\":{\"@id\":\"https:\\\/\\\/trgovina.pasjauniverza.si\\\/#website\"},\"primaryImageOfPage\":{\"@id\":\"https:\\\/\\\/trgovina.pasjauniverza.si\\\/product\\\/canident-za-zobne-obloge-iz-irskih-morskih-alg\\\/#primaryimage\"},\"image\":{\"@id\":\"https:\\\/\\\/trgovina.pasjauniverza.si\\\/product\\\/canident-za-zobne-obloge-iz-irskih-morskih-alg\\\/#primaryimage\"},\"thumbnailUrl\":\"https:\\\/\\\/trgovina.pasjauniverza.si\\\/wp-content\\\/uploads\\\/2025\\\/09\\\/canident-prah-za-zobe-za-pse.webp\",\"datePublished\":\"2025-09-15T12:35:26+00:00\",\"dateModified\":\"2026-04-24T22:05:09+00:00\",\"description\":\"Canident \u2013 naravni dodatek za zobne obloge iz morskih alg\",\"breadcrumb\":{\"@id\":\"https:\\\/\\\/trgovina.pasjauniverza.si\\\/product\\\/canident-za-zobne-obloge-iz-irskih-morskih-alg\\\/#breadcrumb\"},\"inLanguage\":\"en-US\",\"potentialAction\":[{\"@type\":\"ReadAction\",\"target\":[\"https:\\\/\\\/trgovina.pasjauniverza.si\\\/product\\\/canident-za-zobne-obloge-iz-irskih-morskih-alg\\\/\"]}]},{\"@type\":\"ImageObject\",\"inLanguage\":\"en-US\",\"@id\":\"https:\\\/\\\/trgovina.pasjauniverza.si\\\/product\\\/canident-za-zobne-obloge-iz-irskih-morskih-alg\\\/#primaryimage\",\"url\":\"https:\\\/\\\/trgovina.pasjauniverza.si\\\/wp-content\\\/uploads\\\/2025\\\/09\\\/canident-prah-za-zobe-za-pse.webp\",\"contentUrl\":\"https:\\\/\\\/trgovina.pasjauniverza.si\\\/wp-content\\\/uploads\\\/2025\\\/09\\\/canident-prah-za-zobe-za-pse.webp\",\"width\":1080,\"height\":1080,\"caption\":\"canident prah za zobe za pse\"},{\"@type\":\"BreadcrumbList\",\"@id\":\"https:\\\/\\\/trgovina.pasjauniverza.si\\\/product\\\/canident-za-zobne-obloge-iz-irskih-morskih-alg\\\/#breadcrumb\",\"itemListElement\":[{\"@type\":\"ListItem\",\"position\":1,\"name\":\"Home\",\"item\":\"https:\\\/\\\/trgovina.pasjauniverza.si\\\/\"},{\"@type\":\"ListItem\",\"position\":2,\"name\":\"Trgovina\",\"item\":\"https:\\\/\\\/trgovina.pasjauniverza.si\\\/trgovina\\\/\"},{\"@type\":\"ListItem\",\"position\":3,\"name\":\"Canident \u2013 za zobne obloge iz irskih morskih alg\"}]},{\"@type\":\"WebSite\",\"@id\":\"https:\\\/\\\/trgovina.pasjauniverza.si\\\/#website\",\"url\":\"https:\\\/\\\/trgovina.pasjauniverza.si\\\/\",\"name\":\"Trgovina Pasja Univerza\",\"description\":\"pasja univerza trgovina\",\"publisher\":{\"@id\":\"https:\\\/\\\/trgovina.pasjauniverza.si\\\/#organization\"},\"potentialAction\":[{\"@type\":\"SearchAction\",\"target\":{\"@type\":\"EntryPoint\",\"urlTemplate\":\"https:\\\/\\\/trgovina.pasjauniverza.si\\\/?s={search_term_string}\"},\"query-input\":{\"@type\":\"PropertyValueSpecification\",\"valueRequired\":true,\"valueName\":\"search_term_string\"}}],\"inLanguage\":\"en-US\"},{\"@type\":\"Organization\",\"@id\":\"https:\\\/\\\/trgovina.pasjauniverza.si\\\/#organization\",\"name\":\"Trgovina Pasja Univerza\",\"url\":\"https:\\\/\\\/trgovina.pasjauniverza.si\\\/\",\"logo\":{\"@type\":\"ImageObject\",\"inLanguage\":\"en-US\",\"@id\":\"https:\\\/\\\/trgovina.pasjauniverza.si\\\/#\\\/schema\\\/logo\\\/image\\\/\",\"url\":\"https:\\\/\\\/trgovina.pasjauniverza.si\\\/wp-content\\\/uploads\\\/2024\\\/08\\\/cropped-logotipi-vector-04.png\",\"contentUrl\":\"https:\\\/\\\/trgovina.pasjauniverza.si\\\/wp-content\\\/uploads\\\/2024\\\/08\\\/cropped-logotipi-vector-04.png\",\"width\":942,\"height\":908,\"caption\":\"Trgovina Pasja Univerza\"},\"image\":{\"@id\":\"https:\\\/\\\/trgovina.pasjauniverza.si\\\/#\\\/schema\\\/logo\\\/image\\\/\"}}]}<\/script>\n<!-- \/ Yoast SEO plugin. -->","yoast_head_json":{"title":"Canident \u2013 za zobne obloge iz irskih morskih alg - Trgovina Pasja Univerza","description":"Canident \u2013 naravni dodatek za zobne obloge iz morskih alg","robots":{"index":"index","follow":"follow","max-snippet":"max-snippet:-1","max-image-preview":"max-image-preview:large","max-video-preview":"max-video-preview:-1"},"canonical":"https:\/\/trgovina.pasjauniverza.si\/en\/product\/canident-za-zobne-obloge-iz-irskih-morskih-alg\/","og_locale":"en_US","og_type":"article","og_title":"Canident \u2013 za zobne obloge iz irskih morskih alg - Trgovina Pasja Univerza","og_description":"Canident \u2013 naravni dodatek za zobne obloge iz morskih alg","og_url":"https:\/\/trgovina.pasjauniverza.si\/en\/product\/canident-za-zobne-obloge-iz-irskih-morskih-alg\/","og_site_name":"Trgovina Pasja Univerza","article_modified_time":"2026-04-24T22:05:09+00:00","og_image":[{"width":1080,"height":1080,"url":"https:\/\/trgovina.pasjauniverza.si\/wp-content\/uploads\/2025\/09\/canident-prah-za-zobe-za-pse.webp","type":"image\/webp"}],"twitter_card":"summary_large_image","twitter_misc":{"Est. reading time":"3 minutes"},"schema":{"@context":"https:\/\/schema.org","@graph":[{"@type":"WebPage","@id":"https:\/\/trgovina.pasjauniverza.si\/product\/canident-za-zobne-obloge-iz-irskih-morskih-alg\/","url":"https:\/\/trgovina.pasjauniverza.si\/product\/canident-za-zobne-obloge-iz-irskih-morskih-alg\/","name":"Canident \u2013 za zobne obloge iz irskih morskih alg - Trgovina Pasja Univerza","isPartOf":{"@id":"https:\/\/trgovina.pasjauniverza.si\/#website"},"primaryImageOfPage":{"@id":"https:\/\/trgovina.pasjauniverza.si\/product\/canident-za-zobne-obloge-iz-irskih-morskih-alg\/#primaryimage"},"image":{"@id":"https:\/\/trgovina.pasjauniverza.si\/product\/canident-za-zobne-obloge-iz-irskih-morskih-alg\/#primaryimage"},"thumbnailUrl":"https:\/\/trgovina.pasjauniverza.si\/wp-content\/uploads\/2025\/09\/canident-prah-za-zobe-za-pse.webp","datePublished":"2025-09-15T12:35:26+00:00","dateModified":"2026-04-24T22:05:09+00:00","description":"Canident \u2013 naravni dodatek za zobne obloge iz morskih alg","breadcrumb":{"@id":"https:\/\/trgovina.pasjauniverza.si\/product\/canident-za-zobne-obloge-iz-irskih-morskih-alg\/#breadcrumb"},"inLanguage":"en-US","potentialAction":[{"@type":"ReadAction","target":["https:\/\/trgovina.pasjauniverza.si\/product\/canident-za-zobne-obloge-iz-irskih-morskih-alg\/"]}]},{"@type":"ImageObject","inLanguage":"en-US","@id":"https:\/\/trgovina.pasjauniverza.si\/product\/canident-za-zobne-obloge-iz-irskih-morskih-alg\/#primaryimage","url":"https:\/\/trgovina.pasjauniverza.si\/wp-content\/uploads\/2025\/09\/canident-prah-za-zobe-za-pse.webp","contentUrl":"https:\/\/trgovina.pasjauniverza.si\/wp-content\/uploads\/2025\/09\/canident-prah-za-zobe-za-pse.webp","width":1080,"height":1080,"caption":"canident prah za zobe za pse"},{"@type":"BreadcrumbList","@id":"https:\/\/trgovina.pasjauniverza.si\/product\/canident-za-zobne-obloge-iz-irskih-morskih-alg\/#breadcrumb","itemListElement":[{"@type":"ListItem","position":1,"name":"Home","item":"https:\/\/trgovina.pasjauniverza.si\/"},{"@type":"ListItem","position":2,"name":"Trgovina","item":"https:\/\/trgovina.pasjauniverza.si\/trgovina\/"},{"@type":"ListItem","position":3,"name":"Canident \u2013 za zobne obloge iz irskih morskih alg"}]},{"@type":"WebSite","@id":"https:\/\/trgovina.pasjauniverza.si\/#website","url":"https:\/\/trgovina.pasjauniverza.si\/","name":"Trgovina Pasja Univerza","description":"pasja univerza trgovina","publisher":{"@id":"https:\/\/trgovina.pasjauniverza.si\/#organization"},"potentialAction":[{"@type":"SearchAction","target":{"@type":"EntryPoint","urlTemplate":"https:\/\/trgovina.pasjauniverza.si\/?s={search_term_string}"},"query-input":{"@type":"PropertyValueSpecification","valueRequired":true,"valueName":"search_term_string"}}],"inLanguage":"en-US"},{"@type":"Organization","@id":"https:\/\/trgovina.pasjauniverza.si\/#organization","name":"Trgovina Pasja Univerza","url":"https:\/\/trgovina.pasjauniverza.si\/","logo":{"@type":"ImageObject","inLanguage":"en-US","@id":"https:\/\/trgovina.pasjauniverza.si\/#\/schema\/logo\/image\/","url":"https:\/\/trgovina.pasjauniverza.si\/wp-content\/uploads\/2024\/08\/cropped-logotipi-vector-04.png","contentUrl":"https:\/\/trgovina.pasjauniverza.si\/wp-content\/uploads\/2024\/08\/cropped-logotipi-vector-04.png","width":942,"height":908,"caption":"Trgovina Pasja Univerza"},"image":{"@id":"https:\/\/trgovina.pasjauniverza.si\/#\/schema\/logo\/image\/"}}]}},"uagb_featured_image_src":{"full":["https:\/\/trgovina.pasjauniverza.si\/wp-content\/uploads\/2025\/09\/canident-prah-za-zobe-za-pse.webp",1080,1080,false],"thumbnail":["https:\/\/trgovina.pasjauniverza.si\/wp-content\/uploads\/2025\/09\/canident-prah-za-zobe-za-pse-150x150.webp",150,150,true],"medium":["https:\/\/trgovina.pasjauniverza.si\/wp-content\/uploads\/2025\/09\/canident-prah-za-zobe-za-pse-300x300.webp",300,300,true],"medium_large":["https:\/\/trgovina.pasjauniverza.si\/wp-content\/uploads\/2025\/09\/canident-prah-za-zobe-za-pse-768x768.webp",768,768,true],"large":["https:\/\/trgovina.pasjauniverza.si\/wp-content\/uploads\/2025\/09\/canident-prah-za-zobe-za-pse-1024x1024.webp",1024,1024,true],"1536x1536":["https:\/\/trgovina.pasjauniverza.si\/wp-content\/uploads\/2025\/09\/canident-prah-za-zobe-za-pse.webp",1080,1080,false],"2048x2048":["https:\/\/trgovina.pasjauniverza.si\/wp-content\/uploads\/2025\/09\/canident-prah-za-zobe-za-pse.webp",1080,1080,false],"trp-custom-language-flag":["https:\/\/trgovina.pasjauniverza.si\/wp-content\/uploads\/2025\/09\/canident-prah-za-zobe-za-pse-12x12.webp",12,12,true],"woocommerce_thumbnail":["https:\/\/trgovina.pasjauniverza.si\/wp-content\/uploads\/2025\/09\/canident-prah-za-zobe-za-pse-300x300.webp",300,300,true],"woocommerce_single":["https:\/\/trgovina.pasjauniverza.si\/wp-content\/uploads\/2025\/09\/canident-prah-za-zobe-za-pse-600x600.webp",600,600,true],"woocommerce_gallery_thumbnail":["https:\/\/trgovina.pasjauniverza.si\/wp-content\/uploads\/2025\/09\/canident-prah-za-zobe-za-pse-100x100.webp",100,100,true]},"uagb_author_info":{"display_name":"Karmen Grubeli\u0107, dr.vet.med.","author_link":"https:\/\/trgovina.pasjauniverza.si\/en\/author\/"},"uagb_comment_info":2,"uagb_excerpt":"Canident Dental Health Powder je naravni zobni dodatek iz izbranih irskih morskih alg, ki pomaga zmanj\u0161evati zobne obloge in zobni kamen, osve\u017euje zadah ter krepi dlesni.Z vsakodnevno uporabo u\u010dinkovito podpira ustno higieno psov in prepre\u010duje nastanek novih oblog \u2014 za \u010diste zobe in sve\u017e pasji nasmeh Zmanj\u0161uje in meh\u010da obstoje\u010di zobni kamen ter prepre\u010duje nastanek&hellip;","jetpack_sharing_enabled":true,"_links":{"self":[{"href":"https:\/\/trgovina.pasjauniverza.si\/en\/wp-json\/wp\/v2\/product\/14874","targetHints":{"allow":["GET"]}}],"collection":[{"href":"https:\/\/trgovina.pasjauniverza.si\/en\/wp-json\/wp\/v2\/product"}],"about":[{"href":"https:\/\/trgovina.pasjauniverza.si\/en\/wp-json\/wp\/v2\/types\/product"}],"replies":[{"embeddable":true,"href":"https:\/\/trgovina.pasjauniverza.si\/en\/wp-json\/wp\/v2\/comments?post=14874"}],"wp:featuredmedia":[{"embeddable":true,"href":"https:\/\/trgovina.pasjauniverza.si\/en\/wp-json\/wp\/v2\/media\/14875"}],"wp:attachment":[{"href":"https:\/\/trgovina.pasjauniverza.si\/en\/wp-json\/wp\/v2\/media?parent=14874"}],"wp:term":[{"taxonomy":"product_brand","embeddable":true,"href":"https:\/\/trgovina.pasjauniverza.si\/en\/wp-json\/wp\/v2\/product_brand?post=14874"},{"taxonomy":"product_cat","embeddable":true,"href":"https:\/\/trgovina.pasjauniverza.si\/en\/wp-json\/wp\/v2\/product_cat?post=14874"},{"taxonomy":"product_tag","embeddable":true,"href":"https:\/\/trgovina.pasjauniverza.si\/en\/wp-json\/wp\/v2\/product_tag?post=14874"}],"curies":[{"name":"wp","href":"https:\/\/api.w.org\/{rel}","templated":true}]}}