
{"id":14093,"date":"2025-06-17T13:02:02","date_gmt":"2025-06-17T13:02:02","guid":{"rendered":"https:\/\/trgovina.pasjauniverza.si\/?post_type=product&#038;p=14093"},"modified":"2026-04-19T17:23:06","modified_gmt":"2026-04-19T17:23:06","slug":"dental-health-spray-za-pse-naravna-nega-zob-in-dlesni-100ml","status":"publish","type":"product","link":"https:\/\/trgovina.pasjauniverza.si\/en\/product\/dental-health-spray-za-pse-naravna-nega-zob-in-dlesni-100ml\/","title":{"rendered":"Borvo Nutrients Dental Health Spray za pse \u2013 proti zobnemu kamnu (100ml)"},"content":{"rendered":"<p data-start=\"0\" data-end=\"275\">Ohranjajte pasje zobe in dlesni v vrhunski formi z Borvo Nutrients Dental Health Spray-em (100 ml). Enostaven za uporabo, ki pomaga prepre\u010devati zobni kamen, zmanj\u0161uje vonj iz ust in krepi zdravje dlesni.<\/p>\n<p data-start=\"277\" data-end=\"298\"><strong data-start=\"277\" data-end=\"296\">Klju\u010dne koristi<\/strong><\/p>\n<ul data-start=\"299\" data-end=\"608\">\n<li data-start=\"299\" data-end=\"401\">\n<p data-start=\"301\" data-end=\"401\"><strong data-start=\"301\" data-end=\"341\">Bori se proti plaku in zobnemu kamnu<\/strong>: ekstrakt morske alge Fucus zmanj\u0161uje nabiranje bakterij.<\/p>\n<\/li>\n<li data-start=\"402\" data-end=\"467\">\n<p data-start=\"404\" data-end=\"467\"><strong data-start=\"404\" data-end=\"431\">Osve\u017ei dih v nekaj dneh<\/strong>: ciljano zmanj\u0161a neprijeten vonj.<\/p>\n<\/li>\n<li data-start=\"468\" data-end=\"537\">\n<p data-start=\"470\" data-end=\"537\"><strong data-start=\"470\" data-end=\"497\">Pomirja in krepi dlesni<\/strong>: aloe vera in ognji\u010d ubla\u017eita vnetje.<\/p>\n<\/li>\n<li data-start=\"538\" data-end=\"608\">\n<p data-start=\"540\" data-end=\"608\"><strong data-start=\"540\" data-end=\"581\">Naravna sestava brez ostrih kemikalij<\/strong>: samo bioaktivni izvle\u010dki.<\/p>\n<\/li>\n<\/ul>\n<p data-start=\"610\" data-end=\"633\"><strong data-start=\"610\" data-end=\"631\">Komu je namenjeno<\/strong><\/p>\n<ul data-start=\"634\" data-end=\"833\">\n<li data-start=\"634\" data-end=\"667\">\n<p data-start=\"636\" data-end=\"667\">Vsem pasmam in starostim psov<\/p>\n<\/li>\n<li data-start=\"668\" data-end=\"724\">\n<p data-start=\"670\" data-end=\"724\">Psom z za\u010detnimi oblogami, nabiranjem plaka ali zobnega kamna<\/p>\n<\/li>\n<li data-start=\"725\" data-end=\"778\">\n<p data-start=\"727\" data-end=\"778\">Tistim, ki imajo ob\u010dutljive dlesni ali slab zadah<\/p>\n<\/li>\n<li data-start=\"779\" data-end=\"833\">\n<p data-start=\"781\" data-end=\"833\">Kot preventivna nega po veterinarskem \u010di\u0161\u010denju zob<\/p>\n<\/li>\n<\/ul>\n<p data-start=\"835\" data-end=\"848\"><strong data-start=\"835\" data-end=\"846\">Sestava<\/strong>: Izvle\u010dek alg iz dru\u017eine Fucaceae, navadni ognji\u010d (<em>Calendula officinalis<\/em>), izvle\u010dek listov aloe vere (<em>Aloe barbadensis<\/em>), izvle\u010dek mire (<em>Commiphora myrrha<\/em>), alkohol.<\/p>\n<p><strong>Navodila za uporabo:<\/strong> Razpr\u0161ite v usta okoli zob in dlesni enkrat do dvakrat dnevno. Izdelek lahko razpr\u0161ite tudi na hrano ali v vodo, vendar za najbolj\u0161e rezultate razpr\u0161ite neposredno na zobe in dlesni.<br \/>\nZa vidne rezultate je lahko potrebnih do 15 tednov. Izdelek ni namenjen zau\u017eitju kot hrana.<\/p>\n<p data-start=\"1244\" data-end=\"1337\"><strong data-start=\"1244\" data-end=\"1256\">Pomembno<\/strong><\/p>\n<p>Opomba: Lahko vsebuje sledove \u0161koljk. Zaradi vsebnosti joda v algah izdelek ni primeren za pse s te\u017eavami s \u0161\u010ditnico. Ta izdelek ni namenjen diagnosticiranju, zdravljenju ali prepre\u010devanju bolezni.<\/p>\n<p>Shranjujte nedosegljivo otrokom.<\/p>\n<p>Neto koli\u010dina: 100ml<\/p>\n<p>Skladi\u0161\u010denje: Hraniti v suhem in hladnem prostoru, za\u0161\u010ditenem pred svetlobo.<\/p>","protected":false},"excerpt":{"rendered":"<article class=\"text-token-text-primary w-full\" dir=\"auto\" data-testid=\"conversation-turn-538\" data-scroll-anchor=\"true\">\n<div class=\"text-base my-auto mx-auto py-5 [--thread-content-margin:--spacing(4)] @[37rem]:[--thread-content-margin:--spacing(6)] @[72rem]:[--thread-content-margin:--spacing(16)] px-(--thread-content-margin)\">\n<div class=\"[--thread-content-max-width:32rem] @[34rem]:[--thread-content-max-width:40rem] @[64rem]:[--thread-content-max-width:48rem] mx-auto flex max-w-(--thread-content-max-width) flex-1 text-base gap-4 md:gap-5 lg:gap-6 group\/turn-messages focus-visible:outline-hidden\" tabindex=\"-1\">\n<div class=\"group\/conversation-turn relative flex w-full min-w-0 flex-col agent-turn\">\n<div class=\"relative flex-col gap-1 md:gap-3\">\n<div class=\"flex max-w-full flex-col grow\">\n<div class=\"min-h-8 text-message relative flex w-full flex-col items-end gap-2 text-start break-words whitespace-normal [.text-message+&amp;]:mt-5\" dir=\"auto\" data-message-author-role=\"assistant\" data-message-id=\"24c1e792-cc24-44df-9e35-6bce84bd1d03\" data-message-model-slug=\"o4-mini-high\">\n<div class=\"flex w-full flex-col gap-1 empty:hidden first:pt-[3px]\">\n<div class=\"markdown prose dark:prose-invert w-full break-words light\">\n<p data-start=\"0\" data-end=\"207\" data-is-last-node=\"\" data-is-only-node=\"\">Borvo Nutrients Dental Health Spray \u2013 hitra in naravna re\u0161itev za sijo\u010d in zdrav nasmeh va\u0161ega psa!<\/p>\n<p data-start=\"0\" data-end=\"207\" data-is-last-node=\"\" data-is-only-node=\"\">Z vsakim pr\u0161enjem prepre\u010duje nabiranje zobnih oblog, osve\u017ei zadah in krepi dlesni \u2013 brez \u0161\u010detkanja!<\/p>\n<ul>\n<li data-start=\"0\" data-end=\"71\">\n<p data-start=\"2\" data-end=\"71\"><strong data-start=\"2\" data-end=\"49\" data-is-only-node=\"\">Prepre\u010duje nabiranje plaka in zobnega kamna<\/strong> za bolj \u010dist nasmeh<\/p>\n<\/li>\n<li data-start=\"72\" data-end=\"150\">\n<p data-start=\"74\" data-end=\"150\"><strong data-start=\"74\" data-end=\"106\" data-is-only-node=\"\">Bla\u017ei vnetje in krepi dlesni<\/strong> z naravnimi izvle\u010dki aloe vere in ognji\u010da<\/p>\n<\/li>\n<li data-start=\"151\" data-end=\"216\">\n<p data-start=\"153\" data-end=\"216\"><strong data-start=\"153\" data-end=\"182\" data-is-only-node=\"\">Osve\u017ei zadah v nekaj dneh<\/strong> ter zmanj\u0161a \u0161kodljive bakterije<\/p>\n<\/li>\n<li data-start=\"217\" data-end=\"294\">\n<p data-start=\"219\" data-end=\"294\"><strong data-start=\"219\" data-end=\"249\" data-is-only-node=\"\">Naravna, alkoholna formula<\/strong> z izvle\u010dkom morske alge Fucus in ognji\u010da<\/p>\n<\/li>\n<li data-start=\"295\" data-end=\"378\">\n<p data-start=\"297\" data-end=\"378\"><strong data-start=\"297\" data-end=\"327\" data-is-only-node=\"\">Hitra in enostavna uporaba<\/strong> \u2013 popr\u0161ite neposredno na zobe in dlesni 1\u20132\u00d7 dnevno ali po vrhu hrane<\/p>\n<\/li>\n<li data-start=\"379\" data-end=\"462\" data-is-last-node=\"\">\n<p data-start=\"381\" data-end=\"462\" data-is-last-node=\"\"><strong data-start=\"381\" data-end=\"403\" data-is-only-node=\"\">Dolgoro\u010dna za\u0161\u010dita<\/strong> ob redni dnevni negi (do 15 tednov za optimalne rezultate)<\/p>\n<\/li>\n<\/ul>\n<\/div>\n<\/div>\n<\/div>\n<\/div>\n<div class=\"flex min-h-[46px] justify-start\">\n<div class=\"touch:-me-2 touch:-ms-3.5 -ms-2.5 -me-1 flex flex-wrap items-center gap-y-4 p-1 select-none touch:w-[calc(100%+--spacing(3.5))] -mt-1 w-[calc(100%+--spacing(2.5))] duration-[1.5s] focus-within:transition-none hover:transition-none pointer-events-none [mask-image:linear-gradient(to_right,black_33%,transparent_66%)] [mask-size:300%_100%] [mask-position:100%_0%] motion-safe:transition-[mask-position] group-hover\/turn-messages:pointer-events-auto group-hover\/turn-messages:[mask-position:0_0] group-focus-within\/turn-messages:pointer-events-auto group-focus-within\/turn-messages:[mask-position:0_0] has-data-[state=open]:pointer-events-auto has-data-[state=open]:[mask-position:0_0]\">\n<div class=\"flex items-center\"><\/div>\n<\/div>\n<\/div>\n<div class=\"mt-3 w-full empty:hidden\">\n<div class=\"text-center\"><\/div>\n<\/div>\n<\/div>\n<div class=\"absolute\">\n<div class=\"flex items-center justify-center\"><\/div>\n<\/div>\n<\/div>\n<\/div>\n<\/div>\n<\/article>\n<div class=\"pointer-events-none h-px w-px\" aria-hidden=\"true\" data-edge=\"true\"><\/div>\n","protected":false},"featured_media":14094,"comment_status":"open","ping_status":"closed","template":"","meta":{"_acf_changed":false,"_uag_custom_page_level_css":"","site-sidebar-layout":"default","site-content-layout":"","ast-site-content-layout":"default","site-content-style":"default","site-sidebar-style":"default","ast-global-header-display":"","ast-banner-title-visibility":"","ast-main-header-display":"","ast-hfb-above-header-display":"","ast-hfb-below-header-display":"","ast-hfb-mobile-header-display":"","site-post-title":"","ast-breadcrumbs-content":"","ast-featured-img":"","footer-sml-layout":"","ast-disable-related-posts":"","theme-transparent-header-meta":"default","adv-header-id-meta":"","stick-header-meta":"","header-above-stick-meta":"","header-main-stick-meta":"","header-below-stick-meta":"","astra-migrate-meta-layouts":"set","ast-page-background-enabled":"default","ast-page-background-meta":{"desktop":{"background-color":"","background-image":"","background-repeat":"repeat","background-position":"center center","background-size":"auto","background-attachment":"scroll","background-type":"","background-media":"","overlay-type":"","overlay-color":"","overlay-opacity":"","overlay-gradient":""},"tablet":{"background-color":"","background-image":"","background-repeat":"repeat","background-position":"center center","background-size":"auto","background-attachment":"scroll","background-type":"","background-media":"","overlay-type":"","overlay-color":"","overlay-opacity":"","overlay-gradient":""},"mobile":{"background-color":"","background-image":"","background-repeat":"repeat","background-position":"center center","background-size":"auto","background-attachment":"scroll","background-type":"","background-media":"","overlay-type":"","overlay-color":"","overlay-opacity":"","overlay-gradient":""}},"ast-content-background-meta":{"desktop":{"background-color":"var(--ast-global-color-5)","background-image":"","background-repeat":"repeat","background-position":"center center","background-size":"auto","background-attachment":"scroll","background-type":"","background-media":"","overlay-type":"","overlay-color":"","overlay-opacity":"","overlay-gradient":""},"tablet":{"background-color":"var(--ast-global-color-5)","background-image":"","background-repeat":"repeat","background-position":"center center","background-size":"auto","background-attachment":"scroll","background-type":"","background-media":"","overlay-type":"","overlay-color":"","overlay-opacity":"","overlay-gradient":""},"mobile":{"background-color":"var(--ast-global-color-5)","background-image":"","background-repeat":"repeat","background-position":"center center","background-size":"auto","background-attachment":"scroll","background-type":"","background-media":"","overlay-type":"","overlay-color":"","overlay-opacity":"","overlay-gradient":""}}},"product_brand":[922],"product_cat":[954,94,763,420,723,18,736],"product_tag":[790,792,791,788,787,789,830],"class_list":{"0":"post-14093","1":"product","2":"type-product","3":"status-publish","4":"has-post-thumbnail","6":"product_brand-borvo","7":"product_cat-borvo-nutrients","8":"product_cat-nega","9":"product_cat-nega-zob","10":"product_cat-prehranski-dodatki-za-pse","11":"product_cat-psi","12":"product_cat-vsi-izdelki","13":"product_cat-zobje-in-dlesni","14":"product_tag-ciscenjezobpsu","15":"product_tag-pasjiprasek","16":"product_tag-prahzazobe","17":"product_tag-zobjepsa","18":"product_tag-zobneobloge","19":"product_tag-zobneoblogepripsu","20":"product_tag-zobnikamen","21":"desktop-align-center","22":"tablet-align-center","23":"mobile-align-center","25":"first","26":"instock","27":"featured","28":"shipping-taxable","29":"purchasable","30":"product-type-simple"},"acf":[],"yoast_head":"<!-- This site is optimized with the Yoast SEO plugin v27.4 - https:\/\/yoast.com\/product\/yoast-seo-wordpress\/ -->\n<title>Borvo Nutrients Dental Health Spray za pse \u2013 proti zobnemu kamnu (100ml) - Trgovina Pasja Univerza<\/title>\n<meta name=\"description\" content=\"Dental Health Spray za pse \u2013 Naravna nega zob in dlesni.\" \/>\n<meta name=\"robots\" content=\"index, follow, max-snippet:-1, max-image-preview:large, max-video-preview:-1\" \/>\n<link rel=\"canonical\" href=\"https:\/\/trgovina.pasjauniverza.si\/en\/product\/dental-health-spray-za-pse-naravna-nega-zob-in-dlesni-100ml\/\" \/>\n<meta property=\"og:locale\" content=\"en_US\" \/>\n<meta property=\"og:type\" content=\"article\" \/>\n<meta property=\"og:title\" content=\"Borvo Nutrients Dental Health Spray za pse \u2013 proti zobnemu kamnu (100ml) - Trgovina Pasja Univerza\" \/>\n<meta property=\"og:description\" content=\"Dental Health Spray za pse \u2013 Naravna nega zob in dlesni.\" \/>\n<meta property=\"og:url\" content=\"https:\/\/trgovina.pasjauniverza.si\/en\/product\/dental-health-spray-za-pse-naravna-nega-zob-in-dlesni-100ml\/\" \/>\n<meta property=\"og:site_name\" content=\"Trgovina Pasja Univerza\" \/>\n<meta property=\"article:modified_time\" content=\"2026-04-19T17:23:06+00:00\" \/>\n<meta property=\"og:image\" content=\"https:\/\/trgovina.pasjauniverza.si\/wp-content\/uploads\/2025\/06\/dental-health-spray-for-dogs.webp\" \/>\n\t<meta property=\"og:image:width\" content=\"1080\" \/>\n\t<meta property=\"og:image:height\" content=\"1080\" \/>\n\t<meta property=\"og:image:type\" content=\"image\/webp\" \/>\n<meta name=\"twitter:card\" content=\"summary_large_image\" \/>\n<meta name=\"twitter:label1\" content=\"Est. reading time\" \/>\n\t<meta name=\"twitter:data1\" content=\"2 minutes\" \/>\n<script type=\"application\/ld+json\" class=\"yoast-schema-graph\">{\"@context\":\"https:\\\/\\\/schema.org\",\"@graph\":[{\"@type\":\"WebPage\",\"@id\":\"https:\\\/\\\/trgovina.pasjauniverza.si\\\/product\\\/dental-health-spray-za-pse-naravna-nega-zob-in-dlesni-100ml\\\/\",\"url\":\"https:\\\/\\\/trgovina.pasjauniverza.si\\\/product\\\/dental-health-spray-za-pse-naravna-nega-zob-in-dlesni-100ml\\\/\",\"name\":\"Borvo Nutrients Dental Health Spray za pse \u2013 proti zobnemu kamnu (100ml) - Trgovina Pasja Univerza\",\"isPartOf\":{\"@id\":\"https:\\\/\\\/trgovina.pasjauniverza.si\\\/#website\"},\"primaryImageOfPage\":{\"@id\":\"https:\\\/\\\/trgovina.pasjauniverza.si\\\/product\\\/dental-health-spray-za-pse-naravna-nega-zob-in-dlesni-100ml\\\/#primaryimage\"},\"image\":{\"@id\":\"https:\\\/\\\/trgovina.pasjauniverza.si\\\/product\\\/dental-health-spray-za-pse-naravna-nega-zob-in-dlesni-100ml\\\/#primaryimage\"},\"thumbnailUrl\":\"https:\\\/\\\/trgovina.pasjauniverza.si\\\/wp-content\\\/uploads\\\/2025\\\/06\\\/dental-health-spray-for-dogs.webp\",\"datePublished\":\"2025-06-17T13:02:02+00:00\",\"dateModified\":\"2026-04-19T17:23:06+00:00\",\"description\":\"Dental Health Spray za pse \u2013 Naravna nega zob in dlesni.\",\"breadcrumb\":{\"@id\":\"https:\\\/\\\/trgovina.pasjauniverza.si\\\/product\\\/dental-health-spray-za-pse-naravna-nega-zob-in-dlesni-100ml\\\/#breadcrumb\"},\"inLanguage\":\"en-US\",\"potentialAction\":[{\"@type\":\"ReadAction\",\"target\":[\"https:\\\/\\\/trgovina.pasjauniverza.si\\\/product\\\/dental-health-spray-za-pse-naravna-nega-zob-in-dlesni-100ml\\\/\"]}]},{\"@type\":\"ImageObject\",\"inLanguage\":\"en-US\",\"@id\":\"https:\\\/\\\/trgovina.pasjauniverza.si\\\/product\\\/dental-health-spray-za-pse-naravna-nega-zob-in-dlesni-100ml\\\/#primaryimage\",\"url\":\"https:\\\/\\\/trgovina.pasjauniverza.si\\\/wp-content\\\/uploads\\\/2025\\\/06\\\/dental-health-spray-for-dogs.webp\",\"contentUrl\":\"https:\\\/\\\/trgovina.pasjauniverza.si\\\/wp-content\\\/uploads\\\/2025\\\/06\\\/dental-health-spray-for-dogs.webp\",\"width\":1080,\"height\":1080,\"caption\":\"Dental Health Spray za pse \u2013 Naravna nega zob in dlesni\"},{\"@type\":\"BreadcrumbList\",\"@id\":\"https:\\\/\\\/trgovina.pasjauniverza.si\\\/product\\\/dental-health-spray-za-pse-naravna-nega-zob-in-dlesni-100ml\\\/#breadcrumb\",\"itemListElement\":[{\"@type\":\"ListItem\",\"position\":1,\"name\":\"Home\",\"item\":\"https:\\\/\\\/trgovina.pasjauniverza.si\\\/\"},{\"@type\":\"ListItem\",\"position\":2,\"name\":\"Trgovina\",\"item\":\"https:\\\/\\\/trgovina.pasjauniverza.si\\\/trgovina\\\/\"},{\"@type\":\"ListItem\",\"position\":3,\"name\":\"Borvo Nutrients Dental Health Spray za pse \u2013 proti zobnemu kamnu (100ml)\"}]},{\"@type\":\"WebSite\",\"@id\":\"https:\\\/\\\/trgovina.pasjauniverza.si\\\/#website\",\"url\":\"https:\\\/\\\/trgovina.pasjauniverza.si\\\/\",\"name\":\"Trgovina Pasja Univerza\",\"description\":\"pasja univerza trgovina\",\"publisher\":{\"@id\":\"https:\\\/\\\/trgovina.pasjauniverza.si\\\/#organization\"},\"potentialAction\":[{\"@type\":\"SearchAction\",\"target\":{\"@type\":\"EntryPoint\",\"urlTemplate\":\"https:\\\/\\\/trgovina.pasjauniverza.si\\\/?s={search_term_string}\"},\"query-input\":{\"@type\":\"PropertyValueSpecification\",\"valueRequired\":true,\"valueName\":\"search_term_string\"}}],\"inLanguage\":\"en-US\"},{\"@type\":\"Organization\",\"@id\":\"https:\\\/\\\/trgovina.pasjauniverza.si\\\/#organization\",\"name\":\"Trgovina Pasja Univerza\",\"url\":\"https:\\\/\\\/trgovina.pasjauniverza.si\\\/\",\"logo\":{\"@type\":\"ImageObject\",\"inLanguage\":\"en-US\",\"@id\":\"https:\\\/\\\/trgovina.pasjauniverza.si\\\/#\\\/schema\\\/logo\\\/image\\\/\",\"url\":\"https:\\\/\\\/trgovina.pasjauniverza.si\\\/wp-content\\\/uploads\\\/2024\\\/08\\\/cropped-logotipi-vector-04.png\",\"contentUrl\":\"https:\\\/\\\/trgovina.pasjauniverza.si\\\/wp-content\\\/uploads\\\/2024\\\/08\\\/cropped-logotipi-vector-04.png\",\"width\":942,\"height\":908,\"caption\":\"Trgovina Pasja Univerza\"},\"image\":{\"@id\":\"https:\\\/\\\/trgovina.pasjauniverza.si\\\/#\\\/schema\\\/logo\\\/image\\\/\"}}]}<\/script>\n<!-- \/ Yoast SEO plugin. -->","yoast_head_json":{"title":"Borvo Nutrients Dental Health Spray za pse \u2013 proti zobnemu kamnu (100ml) - Trgovina Pasja Univerza","description":"Dental Health Spray za pse \u2013 Naravna nega zob in dlesni.","robots":{"index":"index","follow":"follow","max-snippet":"max-snippet:-1","max-image-preview":"max-image-preview:large","max-video-preview":"max-video-preview:-1"},"canonical":"https:\/\/trgovina.pasjauniverza.si\/en\/product\/dental-health-spray-za-pse-naravna-nega-zob-in-dlesni-100ml\/","og_locale":"en_US","og_type":"article","og_title":"Borvo Nutrients Dental Health Spray za pse \u2013 proti zobnemu kamnu (100ml) - Trgovina Pasja Univerza","og_description":"Dental Health Spray za pse \u2013 Naravna nega zob in dlesni.","og_url":"https:\/\/trgovina.pasjauniverza.si\/en\/product\/dental-health-spray-za-pse-naravna-nega-zob-in-dlesni-100ml\/","og_site_name":"Trgovina Pasja Univerza","article_modified_time":"2026-04-19T17:23:06+00:00","og_image":[{"width":1080,"height":1080,"url":"https:\/\/trgovina.pasjauniverza.si\/wp-content\/uploads\/2025\/06\/dental-health-spray-for-dogs.webp","type":"image\/webp"}],"twitter_card":"summary_large_image","twitter_misc":{"Est. reading time":"2 minutes"},"schema":{"@context":"https:\/\/schema.org","@graph":[{"@type":"WebPage","@id":"https:\/\/trgovina.pasjauniverza.si\/product\/dental-health-spray-za-pse-naravna-nega-zob-in-dlesni-100ml\/","url":"https:\/\/trgovina.pasjauniverza.si\/product\/dental-health-spray-za-pse-naravna-nega-zob-in-dlesni-100ml\/","name":"Borvo Nutrients Dental Health Spray za pse \u2013 proti zobnemu kamnu (100ml) - Trgovina Pasja Univerza","isPartOf":{"@id":"https:\/\/trgovina.pasjauniverza.si\/#website"},"primaryImageOfPage":{"@id":"https:\/\/trgovina.pasjauniverza.si\/product\/dental-health-spray-za-pse-naravna-nega-zob-in-dlesni-100ml\/#primaryimage"},"image":{"@id":"https:\/\/trgovina.pasjauniverza.si\/product\/dental-health-spray-za-pse-naravna-nega-zob-in-dlesni-100ml\/#primaryimage"},"thumbnailUrl":"https:\/\/trgovina.pasjauniverza.si\/wp-content\/uploads\/2025\/06\/dental-health-spray-for-dogs.webp","datePublished":"2025-06-17T13:02:02+00:00","dateModified":"2026-04-19T17:23:06+00:00","description":"Dental Health Spray za pse \u2013 Naravna nega zob in dlesni.","breadcrumb":{"@id":"https:\/\/trgovina.pasjauniverza.si\/product\/dental-health-spray-za-pse-naravna-nega-zob-in-dlesni-100ml\/#breadcrumb"},"inLanguage":"en-US","potentialAction":[{"@type":"ReadAction","target":["https:\/\/trgovina.pasjauniverza.si\/product\/dental-health-spray-za-pse-naravna-nega-zob-in-dlesni-100ml\/"]}]},{"@type":"ImageObject","inLanguage":"en-US","@id":"https:\/\/trgovina.pasjauniverza.si\/product\/dental-health-spray-za-pse-naravna-nega-zob-in-dlesni-100ml\/#primaryimage","url":"https:\/\/trgovina.pasjauniverza.si\/wp-content\/uploads\/2025\/06\/dental-health-spray-for-dogs.webp","contentUrl":"https:\/\/trgovina.pasjauniverza.si\/wp-content\/uploads\/2025\/06\/dental-health-spray-for-dogs.webp","width":1080,"height":1080,"caption":"Dental Health Spray za pse \u2013 Naravna nega zob in dlesni"},{"@type":"BreadcrumbList","@id":"https:\/\/trgovina.pasjauniverza.si\/product\/dental-health-spray-za-pse-naravna-nega-zob-in-dlesni-100ml\/#breadcrumb","itemListElement":[{"@type":"ListItem","position":1,"name":"Home","item":"https:\/\/trgovina.pasjauniverza.si\/"},{"@type":"ListItem","position":2,"name":"Trgovina","item":"https:\/\/trgovina.pasjauniverza.si\/trgovina\/"},{"@type":"ListItem","position":3,"name":"Borvo Nutrients Dental Health Spray za pse \u2013 proti zobnemu kamnu (100ml)"}]},{"@type":"WebSite","@id":"https:\/\/trgovina.pasjauniverza.si\/#website","url":"https:\/\/trgovina.pasjauniverza.si\/","name":"Trgovina Pasja Univerza","description":"pasja univerza trgovina","publisher":{"@id":"https:\/\/trgovina.pasjauniverza.si\/#organization"},"potentialAction":[{"@type":"SearchAction","target":{"@type":"EntryPoint","urlTemplate":"https:\/\/trgovina.pasjauniverza.si\/?s={search_term_string}"},"query-input":{"@type":"PropertyValueSpecification","valueRequired":true,"valueName":"search_term_string"}}],"inLanguage":"en-US"},{"@type":"Organization","@id":"https:\/\/trgovina.pasjauniverza.si\/#organization","name":"Trgovina Pasja Univerza","url":"https:\/\/trgovina.pasjauniverza.si\/","logo":{"@type":"ImageObject","inLanguage":"en-US","@id":"https:\/\/trgovina.pasjauniverza.si\/#\/schema\/logo\/image\/","url":"https:\/\/trgovina.pasjauniverza.si\/wp-content\/uploads\/2024\/08\/cropped-logotipi-vector-04.png","contentUrl":"https:\/\/trgovina.pasjauniverza.si\/wp-content\/uploads\/2024\/08\/cropped-logotipi-vector-04.png","width":942,"height":908,"caption":"Trgovina Pasja Univerza"},"image":{"@id":"https:\/\/trgovina.pasjauniverza.si\/#\/schema\/logo\/image\/"}}]}},"uagb_featured_image_src":{"full":["https:\/\/trgovina.pasjauniverza.si\/wp-content\/uploads\/2025\/06\/dental-health-spray-for-dogs.webp",1080,1080,false],"thumbnail":["https:\/\/trgovina.pasjauniverza.si\/wp-content\/uploads\/2025\/06\/dental-health-spray-for-dogs-150x150.webp",150,150,true],"medium":["https:\/\/trgovina.pasjauniverza.si\/wp-content\/uploads\/2025\/06\/dental-health-spray-for-dogs-300x300.webp",300,300,true],"medium_large":["https:\/\/trgovina.pasjauniverza.si\/wp-content\/uploads\/2025\/06\/dental-health-spray-for-dogs-768x768.webp",768,768,true],"large":["https:\/\/trgovina.pasjauniverza.si\/wp-content\/uploads\/2025\/06\/dental-health-spray-for-dogs-1024x1024.webp",1024,1024,true],"1536x1536":["https:\/\/trgovina.pasjauniverza.si\/wp-content\/uploads\/2025\/06\/dental-health-spray-for-dogs.webp",1080,1080,false],"2048x2048":["https:\/\/trgovina.pasjauniverza.si\/wp-content\/uploads\/2025\/06\/dental-health-spray-for-dogs.webp",1080,1080,false],"trp-custom-language-flag":["https:\/\/trgovina.pasjauniverza.si\/wp-content\/uploads\/2025\/06\/dental-health-spray-for-dogs-12x12.webp",12,12,true],"woocommerce_thumbnail":["https:\/\/trgovina.pasjauniverza.si\/wp-content\/uploads\/2025\/06\/dental-health-spray-for-dogs-300x300.webp",300,300,true],"woocommerce_single":["https:\/\/trgovina.pasjauniverza.si\/wp-content\/uploads\/2025\/06\/dental-health-spray-for-dogs-600x600.webp",600,600,true],"woocommerce_gallery_thumbnail":["https:\/\/trgovina.pasjauniverza.si\/wp-content\/uploads\/2025\/06\/dental-health-spray-for-dogs-100x100.webp",100,100,true]},"uagb_author_info":{"display_name":"Karmen Grubeli\u0107, dr.vet.med.","author_link":"https:\/\/trgovina.pasjauniverza.si\/en\/author\/"},"uagb_comment_info":1,"uagb_excerpt":"Borvo Nutrients Dental Health Spray \u2013 hitra in naravna re\u0161itev za sijo\u010d in zdrav nasmeh va\u0161ega psa! Z vsakim pr\u0161enjem prepre\u010duje nabiranje zobnih oblog, osve\u017ei zadah in krepi dlesni \u2013 brez \u0161\u010detkanja! Prepre\u010duje nabiranje plaka in zobnega kamna za bolj \u010dist nasmeh Bla\u017ei vnetje in krepi dlesni z naravnimi izvle\u010dki aloe vere in ognji\u010da Osve\u017ei&hellip;","jetpack_sharing_enabled":true,"_links":{"self":[{"href":"https:\/\/trgovina.pasjauniverza.si\/en\/wp-json\/wp\/v2\/product\/14093","targetHints":{"allow":["GET"]}}],"collection":[{"href":"https:\/\/trgovina.pasjauniverza.si\/en\/wp-json\/wp\/v2\/product"}],"about":[{"href":"https:\/\/trgovina.pasjauniverza.si\/en\/wp-json\/wp\/v2\/types\/product"}],"replies":[{"embeddable":true,"href":"https:\/\/trgovina.pasjauniverza.si\/en\/wp-json\/wp\/v2\/comments?post=14093"}],"wp:featuredmedia":[{"embeddable":true,"href":"https:\/\/trgovina.pasjauniverza.si\/en\/wp-json\/wp\/v2\/media\/14094"}],"wp:attachment":[{"href":"https:\/\/trgovina.pasjauniverza.si\/en\/wp-json\/wp\/v2\/media?parent=14093"}],"wp:term":[{"taxonomy":"product_brand","embeddable":true,"href":"https:\/\/trgovina.pasjauniverza.si\/en\/wp-json\/wp\/v2\/product_brand?post=14093"},{"taxonomy":"product_cat","embeddable":true,"href":"https:\/\/trgovina.pasjauniverza.si\/en\/wp-json\/wp\/v2\/product_cat?post=14093"},{"taxonomy":"product_tag","embeddable":true,"href":"https:\/\/trgovina.pasjauniverza.si\/en\/wp-json\/wp\/v2\/product_tag?post=14093"}],"curies":[{"name":"wp","href":"https:\/\/api.w.org\/{rel}","templated":true}]}}