
{"id":14067,"date":"2025-06-13T07:02:52","date_gmt":"2025-06-13T07:02:52","guid":{"rendered":"https:\/\/trgovina.pasjauniverza.si\/?post_type=product&#038;p=14067"},"modified":"2026-04-24T10:57:57","modified_gmt":"2026-04-24T10:57:57","slug":"gigivet-cardiopet-za-zdravje-srca-vasega-ljubljencka","status":"publish","type":"product","link":"https:\/\/trgovina.pasjauniverza.si\/en\/product\/gigivet-cardiopet-za-zdravje-srca-vasega-ljubljencka\/","title":{"rendered":"GigiVet CardioPET &#8211; podpora srcu psov in ma\u010dk"},"content":{"rendered":"<p data-start=\"0\" data-end=\"73\"><strong data-start=\"0\" data-end=\"71\">GigiVet CardioPET &#8211; Prehransko dopolnilo za zdravje srca va\u0161ega ljubljen\u010dka<\/strong><\/p>\n<p data-start=\"75\" data-end=\"213\"><strong data-start=\"75\" data-end=\"134\">Prehransko dopolnilo za zdravje srca pri psih in ma\u010dkah<\/strong><br data-start=\"134\" data-end=\"137\" \/>CardioPET \u2013 krepitev in stabilizacija delovanja kardiovaskularnega sistema<\/p>\n<h3 data-start=\"215\" data-end=\"235\">Kdaj uporabiti<\/h3>\n<p data-start=\"236\" data-end=\"272\">Uporabite CardioPET, kadar \u017eelite:<\/p>\n<ul data-start=\"273\" data-end=\"391\">\n<li data-start=\"273\" data-end=\"309\">\n<p data-start=\"275\" data-end=\"309\">Izbolj\u0161ati oslabljen sr\u010dni utrip<\/p>\n<\/li>\n<li data-start=\"310\" data-end=\"341\">\n<p data-start=\"312\" data-end=\"341\">Uravnavati moten krvni tlak<\/p>\n<\/li>\n<li data-start=\"342\" data-end=\"391\">\n<p data-start=\"344\" data-end=\"391\">Podpreti sr\u010dne funkcije v stresnih situacijah<\/p>\n<\/li>\n<\/ul>\n<p data-start=\"393\" data-end=\"445\">Priporo\u010damo vsakodnevno jemanje, najbolje po obroku.<\/p>\n<h3 data-start=\"447\" data-end=\"464\">Primeren za<\/h3>\n<p data-start=\"465\" data-end=\"492\">Vse velikosti psov in ma\u010dk.<\/p>\n<h3 data-start=\"494\" data-end=\"507\">Koristi<\/h3>\n<ul data-start=\"508\" data-end=\"601\">\n<li data-start=\"508\" data-end=\"532\">\n<p data-start=\"510\" data-end=\"532\">Krepi sr\u010dne funkcije<\/p>\n<\/li>\n<li data-start=\"533\" data-end=\"560\">\n<p data-start=\"535\" data-end=\"560\">Izbolj\u0161uje prekrvavitev<\/p>\n<\/li>\n<li data-start=\"561\" data-end=\"601\">\n<p data-start=\"563\" data-end=\"601\">Pove\u010duje zmogljivost in vzdr\u017eljivost<\/p>\n<\/li>\n<\/ul>\n<h3 data-start=\"603\" data-end=\"648\">Farmakolo\u0161ke lastnosti in aktivne snovi<\/h3>\n<ul data-start=\"649\" data-end=\"1012\">\n<li data-start=\"649\" data-end=\"739\">\n<p data-start=\"651\" data-end=\"739\"><strong data-start=\"651\" data-end=\"671\">Taurin (200 mg):<\/strong> antioksidant, \u0161\u010diti sr\u010dne celice in izbolj\u0161uje tonus sr\u010dne mi\u0161ice<\/p>\n<\/li>\n<li data-start=\"740\" data-end=\"836\">\n<p data-start=\"742\" data-end=\"836\"><strong data-start=\"742\" data-end=\"783\">Izvle\u010dek sibirskega ginsenga (70 mg):<\/strong> spodbuja fizi\u010dne sposobnosti in odpornost na stres<\/p>\n<\/li>\n<li data-start=\"837\" data-end=\"948\">\n<p data-start=\"839\" data-end=\"948\"><strong data-start=\"839\" data-end=\"876\">Izvle\u010dek pe\u0161\u010denega gloga (70 mg):<\/strong> izbolj\u0161uje koronarni obtok, krepi sr\u010dni tonus in deluje spazmoliti\u010dno<\/p>\n<\/li>\n<li data-start=\"949\" data-end=\"1012\">\n<p data-start=\"951\" data-end=\"1012\"><strong data-start=\"951\" data-end=\"975\">Koencim Q10 (20 mg):<\/strong> nujen za energijske procese v srcu<\/p>\n<\/li>\n<\/ul>\n<h3 data-start=\"1014\" data-end=\"1051\">Dele\u017ei dopolnila in shranjevanje<\/h3>\n<p data-start=\"1052\" data-end=\"1078\"><strong data-start=\"1052\" data-end=\"1076\">Ena tableta vsebuje:<\/strong><\/p>\n<ul data-start=\"1079\" data-end=\"1196\">\n<li data-start=\"1079\" data-end=\"1097\">\n<p data-start=\"1081\" data-end=\"1097\">Taurin: 200 mg<\/p>\n<\/li>\n<li data-start=\"1098\" data-end=\"1137\">\n<p data-start=\"1100\" data-end=\"1137\">Izvle\u010dek sibirskega ginsenga: 70 mg<\/p>\n<\/li>\n<li data-start=\"1138\" data-end=\"1173\">\n<p data-start=\"1140\" data-end=\"1173\">Izvle\u010dek pe\u0161\u010denega gloga: 70 mg<\/p>\n<\/li>\n<li data-start=\"1174\" data-end=\"1196\">\n<p data-start=\"1176\" data-end=\"1196\">Koencim Q10: 20 mg<\/p>\n<\/li>\n<\/ul>\n<p><strong>Sestava: <\/strong>\u00a0Dekstroza (13.2.2) 44,94 %, kalcijev hidrogen ortofosfat (11.3.1) 7 %, glog (Crataegus spp.) \u2013 plod (13.1.7) 2,3 %, rastlinski stranski produkti (13.1.7) 2 %, magnezijev stearat (11.2.0) 1,8 %.. <strong>Dodatki na 1 kg: Tehnolo\u0161ki dodatki: <\/strong>mikrokristalna celuloza (E460) 100 g<strong>. Senzori\u010dni dodatki: <\/strong>tavrin (2b16056) 125 g, sibirski ginseng (Eleutherococcus senticosus) \u2013 koreninski izvle\u010dek (5b) 43,5 g. <strong>Analitske sestavine: <\/strong>Surovi pepel 16 %, surove beljakovine 11 %, surove vlaknine 10 %, surove ma\u0161\u010dobe 3 %, kalcij 6,3 %, fosfor 3,6 %, magnezij 0,5 %, oleinska kislina 0,1 %..<\/p>\n<p><strong>Navodila za uporabo: <\/strong>Psi in ma\u010dke do 5 kg: \u00bd tablete dnevno. Psi in ma\u010dke od 5 do 10 kg: 1 tableta dnevno. Psi od 10 do 25 kg: 2 tableti dnevno. Psi od 25 do 40 kg: 3 tablete dnevno. Psi nad 40 kg: 4 tablete dnevno (razdelite dnevni odmerek na dva dela)<\/p>\n<p><strong>Skladi\u0161\u010denje:<\/strong> Hraniti v suhem in hladnem prostoru, za\u0161\u010ditenem pred svetlobo.<\/p>\n<p data-start=\"1311\" data-end=\"1531\" data-is-last-node=\"\" data-is-only-node=\"\">CardioPET vsebuje taurine, sibirski ginseng, izvle\u010dek gloga in Q10. Razvili so ga vrhunski farmacevti z ve\u010d kot 20-letnimi izku\u0161njami, njegova u\u010dinkovitost pa je dokazana pri stotiso\u010dih ljubljen\u010dkih v ve\u010d kot 15 dr\u017eavah.<\/p>","protected":false},"excerpt":{"rendered":"<p data-start=\"0\" data-end=\"65\"><strong data-start=\"0\" data-end=\"63\">GigiVet CardioPET \u2013 naravna podpora zdravju srca pri psih in ma\u010dkah<\/strong><\/p>\n<p data-start=\"67\" data-end=\"347\">CardioPET krepi sr\u010dne funkcije, izbolj\u0161uje prekrvavitev in pove\u010duje vzdr\u017eljivost va\u0161ega ljubljen\u010dka. Njegova napredna formula z taurinom, sibirskim ginsengom, izvle\u010dkom gloga in koencimom Q10 zagotavlja <strong data-start=\"271\" data-end=\"298\">antioksidativno za\u0161\u010dito<\/strong> in <strong data-start=\"302\" data-end=\"346\">stabilizacijo kardiovaskularnega sistema<\/strong>.<\/p>\n<ul data-start=\"375\" data-end=\"559\">\n<li data-start=\"375\" data-end=\"418\">\n<p data-start=\"377\" data-end=\"418\">Krepi sr\u010dni tonus in \u0161\u010diti sr\u010dne celice<\/p>\n<\/li>\n<li data-start=\"419\" data-end=\"468\">\n<p data-start=\"421\" data-end=\"468\">Izbolj\u0161a koronarni obtok in oksigenacijo tkiv<\/p>\n<\/li>\n<li data-start=\"469\" data-end=\"511\">\n<p data-start=\"471\" data-end=\"511\">Pove\u010da energetske procese v srcu z Q10<\/p>\n<\/li>\n<li data-start=\"512\" data-end=\"559\">\n<p data-start=\"514\" data-end=\"559\">Pove\u010duje vzdr\u017eljivost in odpornost na stres<\/p>\n<\/li>\n<\/ul>","protected":false},"featured_media":14072,"comment_status":"open","ping_status":"closed","template":"","meta":{"_acf_changed":false,"_uag_custom_page_level_css":"","site-sidebar-layout":"default","site-content-layout":"","ast-site-content-layout":"default","site-content-style":"default","site-sidebar-style":"default","ast-global-header-display":"","ast-banner-title-visibility":"","ast-main-header-display":"","ast-hfb-above-header-display":"","ast-hfb-below-header-display":"","ast-hfb-mobile-header-display":"","site-post-title":"","ast-breadcrumbs-content":"","ast-featured-img":"","footer-sml-layout":"","ast-disable-related-posts":"","theme-transparent-header-meta":"default","adv-header-id-meta":"","stick-header-meta":"","header-above-stick-meta":"","header-main-stick-meta":"","header-below-stick-meta":"","astra-migrate-meta-layouts":"set","ast-page-background-enabled":"default","ast-page-background-meta":{"desktop":{"background-color":"","background-image":"","background-repeat":"repeat","background-position":"center center","background-size":"auto","background-attachment":"scroll","background-type":"","background-media":"","overlay-type":"","overlay-color":"","overlay-opacity":"","overlay-gradient":""},"tablet":{"background-color":"","background-image":"","background-repeat":"repeat","background-position":"center center","background-size":"auto","background-attachment":"scroll","background-type":"","background-media":"","overlay-type":"","overlay-color":"","overlay-opacity":"","overlay-gradient":""},"mobile":{"background-color":"","background-image":"","background-repeat":"repeat","background-position":"center center","background-size":"auto","background-attachment":"scroll","background-type":"","background-media":"","overlay-type":"","overlay-color":"","overlay-opacity":"","overlay-gradient":""}},"ast-content-background-meta":{"desktop":{"background-color":"var(--ast-global-color-5)","background-image":"","background-repeat":"repeat","background-position":"center center","background-size":"auto","background-attachment":"scroll","background-type":"","background-media":"","overlay-type":"","overlay-color":"","overlay-opacity":"","overlay-gradient":""},"tablet":{"background-color":"var(--ast-global-color-5)","background-image":"","background-repeat":"repeat","background-position":"center center","background-size":"auto","background-attachment":"scroll","background-type":"","background-media":"","overlay-type":"","overlay-color":"","overlay-opacity":"","overlay-gradient":""},"mobile":{"background-color":"var(--ast-global-color-5)","background-image":"","background-repeat":"repeat","background-position":"center center","background-size":"auto","background-attachment":"scroll","background-type":"","background-media":"","overlay-type":"","overlay-color":"","overlay-opacity":"","overlay-gradient":""}}},"product_brand":[926],"product_cat":[744,747,724,733,420,723,18,742],"product_tag":[837,835,834,836],"class_list":{"0":"post-14067","1":"product","2":"type-product","3":"status-publish","4":"has-post-thumbnail","6":"product_brand-gigivet","7":"product_cat-blagovne-znamke","8":"product_cat-gigivet-blagovne-znamke","9":"product_cat-macke","10":"product_cat-prehranski-dodatki-za-macke","11":"product_cat-prehranski-dodatki-za-pse","12":"product_cat-psi","13":"product_cat-vsi-izdelki","14":"product_cat-za-srcno-zilni-sistem","15":"product_tag-boleznisrca","16":"product_tag-podporasrcu","17":"product_tag-srce","18":"product_tag-srcnebolezni","19":"desktop-align-center","20":"tablet-align-center","21":"mobile-align-center","23":"first","24":"instock","25":"shipping-taxable","26":"purchasable","27":"product-type-variable"},"acf":[],"yoast_head":"<!-- This site is optimized with the Yoast SEO plugin v27.4 - https:\/\/yoast.com\/product\/yoast-seo-wordpress\/ -->\n<title>GigiVet CardioPET - podpora srcu psov in ma\u010dk - Trgovina Pasja Univerza<\/title>\n<meta name=\"description\" content=\"GigiVet CardioPET - za zdravje srca va\u0161ega ljubljen\u010dka.\" \/>\n<meta name=\"robots\" content=\"index, follow, max-snippet:-1, max-image-preview:large, max-video-preview:-1\" \/>\n<link rel=\"canonical\" href=\"https:\/\/trgovina.pasjauniverza.si\/en\/product\/gigivet-cardiopet-za-zdravje-srca-vasega-ljubljencka\/\" \/>\n<meta property=\"og:locale\" content=\"en_US\" \/>\n<meta property=\"og:type\" content=\"article\" \/>\n<meta property=\"og:title\" content=\"GigiVet CardioPET - podpora srcu psov in ma\u010dk - Trgovina Pasja Univerza\" \/>\n<meta property=\"og:description\" content=\"GigiVet CardioPET - za zdravje srca va\u0161ega ljubljen\u010dka.\" \/>\n<meta property=\"og:url\" content=\"https:\/\/trgovina.pasjauniverza.si\/en\/product\/gigivet-cardiopet-za-zdravje-srca-vasega-ljubljencka\/\" \/>\n<meta property=\"og:site_name\" content=\"Trgovina Pasja Univerza\" \/>\n<meta property=\"article:modified_time\" content=\"2026-04-24T10:57:57+00:00\" \/>\n<meta property=\"og:image\" content=\"https:\/\/trgovina.pasjauniverza.si\/wp-content\/uploads\/2025\/06\/GigiVet-CardioPET-za-zdravje-srca-vasega-ljubljencka1.webp\" \/>\n\t<meta property=\"og:image:width\" content=\"720\" \/>\n\t<meta property=\"og:image:height\" content=\"720\" \/>\n\t<meta property=\"og:image:type\" content=\"image\/webp\" \/>\n<meta name=\"twitter:card\" content=\"summary_large_image\" \/>\n<meta name=\"twitter:label1\" content=\"Est. reading time\" \/>\n\t<meta name=\"twitter:data1\" content=\"3 minutes\" \/>\n<script type=\"application\/ld+json\" class=\"yoast-schema-graph\">{\"@context\":\"https:\\\/\\\/schema.org\",\"@graph\":[{\"@type\":\"WebPage\",\"@id\":\"https:\\\/\\\/trgovina.pasjauniverza.si\\\/product\\\/gigivet-cardiopet-za-zdravje-srca-vasega-ljubljencka\\\/\",\"url\":\"https:\\\/\\\/trgovina.pasjauniverza.si\\\/product\\\/gigivet-cardiopet-za-zdravje-srca-vasega-ljubljencka\\\/\",\"name\":\"GigiVet CardioPET - podpora srcu psov in ma\u010dk - Trgovina Pasja Univerza\",\"isPartOf\":{\"@id\":\"https:\\\/\\\/trgovina.pasjauniverza.si\\\/#website\"},\"primaryImageOfPage\":{\"@id\":\"https:\\\/\\\/trgovina.pasjauniverza.si\\\/product\\\/gigivet-cardiopet-za-zdravje-srca-vasega-ljubljencka\\\/#primaryimage\"},\"image\":{\"@id\":\"https:\\\/\\\/trgovina.pasjauniverza.si\\\/product\\\/gigivet-cardiopet-za-zdravje-srca-vasega-ljubljencka\\\/#primaryimage\"},\"thumbnailUrl\":\"https:\\\/\\\/trgovina.pasjauniverza.si\\\/wp-content\\\/uploads\\\/2025\\\/06\\\/GigiVet-CardioPET-za-zdravje-srca-vasega-ljubljencka1.webp\",\"datePublished\":\"2025-06-13T07:02:52+00:00\",\"dateModified\":\"2026-04-24T10:57:57+00:00\",\"description\":\"GigiVet CardioPET - za zdravje srca va\u0161ega ljubljen\u010dka.\",\"breadcrumb\":{\"@id\":\"https:\\\/\\\/trgovina.pasjauniverza.si\\\/product\\\/gigivet-cardiopet-za-zdravje-srca-vasega-ljubljencka\\\/#breadcrumb\"},\"inLanguage\":\"en-US\",\"potentialAction\":[{\"@type\":\"ReadAction\",\"target\":[\"https:\\\/\\\/trgovina.pasjauniverza.si\\\/product\\\/gigivet-cardiopet-za-zdravje-srca-vasega-ljubljencka\\\/\"]}]},{\"@type\":\"ImageObject\",\"inLanguage\":\"en-US\",\"@id\":\"https:\\\/\\\/trgovina.pasjauniverza.si\\\/product\\\/gigivet-cardiopet-za-zdravje-srca-vasega-ljubljencka\\\/#primaryimage\",\"url\":\"https:\\\/\\\/trgovina.pasjauniverza.si\\\/wp-content\\\/uploads\\\/2025\\\/06\\\/GigiVet-CardioPET-za-zdravje-srca-vasega-ljubljencka1.webp\",\"contentUrl\":\"https:\\\/\\\/trgovina.pasjauniverza.si\\\/wp-content\\\/uploads\\\/2025\\\/06\\\/GigiVet-CardioPET-za-zdravje-srca-vasega-ljubljencka1.webp\",\"width\":720,\"height\":720,\"caption\":\"GigiVet CardioPET - za zdravje srca va\u0161ega ljubljen\u010dka\"},{\"@type\":\"BreadcrumbList\",\"@id\":\"https:\\\/\\\/trgovina.pasjauniverza.si\\\/product\\\/gigivet-cardiopet-za-zdravje-srca-vasega-ljubljencka\\\/#breadcrumb\",\"itemListElement\":[{\"@type\":\"ListItem\",\"position\":1,\"name\":\"Home\",\"item\":\"https:\\\/\\\/trgovina.pasjauniverza.si\\\/\"},{\"@type\":\"ListItem\",\"position\":2,\"name\":\"Trgovina\",\"item\":\"https:\\\/\\\/trgovina.pasjauniverza.si\\\/trgovina\\\/\"},{\"@type\":\"ListItem\",\"position\":3,\"name\":\"GigiVet CardioPET &#8211; podpora srcu psov in ma\u010dk\"}]},{\"@type\":\"WebSite\",\"@id\":\"https:\\\/\\\/trgovina.pasjauniverza.si\\\/#website\",\"url\":\"https:\\\/\\\/trgovina.pasjauniverza.si\\\/\",\"name\":\"Trgovina Pasja Univerza\",\"description\":\"pasja univerza trgovina\",\"publisher\":{\"@id\":\"https:\\\/\\\/trgovina.pasjauniverza.si\\\/#organization\"},\"potentialAction\":[{\"@type\":\"SearchAction\",\"target\":{\"@type\":\"EntryPoint\",\"urlTemplate\":\"https:\\\/\\\/trgovina.pasjauniverza.si\\\/?s={search_term_string}\"},\"query-input\":{\"@type\":\"PropertyValueSpecification\",\"valueRequired\":true,\"valueName\":\"search_term_string\"}}],\"inLanguage\":\"en-US\"},{\"@type\":\"Organization\",\"@id\":\"https:\\\/\\\/trgovina.pasjauniverza.si\\\/#organization\",\"name\":\"Trgovina Pasja Univerza\",\"url\":\"https:\\\/\\\/trgovina.pasjauniverza.si\\\/\",\"logo\":{\"@type\":\"ImageObject\",\"inLanguage\":\"en-US\",\"@id\":\"https:\\\/\\\/trgovina.pasjauniverza.si\\\/#\\\/schema\\\/logo\\\/image\\\/\",\"url\":\"https:\\\/\\\/trgovina.pasjauniverza.si\\\/wp-content\\\/uploads\\\/2024\\\/08\\\/cropped-logotipi-vector-04.png\",\"contentUrl\":\"https:\\\/\\\/trgovina.pasjauniverza.si\\\/wp-content\\\/uploads\\\/2024\\\/08\\\/cropped-logotipi-vector-04.png\",\"width\":942,\"height\":908,\"caption\":\"Trgovina Pasja Univerza\"},\"image\":{\"@id\":\"https:\\\/\\\/trgovina.pasjauniverza.si\\\/#\\\/schema\\\/logo\\\/image\\\/\"}}]}<\/script>\n<!-- \/ Yoast SEO plugin. -->","yoast_head_json":{"title":"GigiVet CardioPET - podpora srcu psov in ma\u010dk - Trgovina Pasja Univerza","description":"GigiVet CardioPET - za zdravje srca va\u0161ega ljubljen\u010dka.","robots":{"index":"index","follow":"follow","max-snippet":"max-snippet:-1","max-image-preview":"max-image-preview:large","max-video-preview":"max-video-preview:-1"},"canonical":"https:\/\/trgovina.pasjauniverza.si\/en\/product\/gigivet-cardiopet-za-zdravje-srca-vasega-ljubljencka\/","og_locale":"en_US","og_type":"article","og_title":"GigiVet CardioPET - podpora srcu psov in ma\u010dk - Trgovina Pasja Univerza","og_description":"GigiVet CardioPET - za zdravje srca va\u0161ega ljubljen\u010dka.","og_url":"https:\/\/trgovina.pasjauniverza.si\/en\/product\/gigivet-cardiopet-za-zdravje-srca-vasega-ljubljencka\/","og_site_name":"Trgovina Pasja Univerza","article_modified_time":"2026-04-24T10:57:57+00:00","og_image":[{"width":720,"height":720,"url":"https:\/\/trgovina.pasjauniverza.si\/wp-content\/uploads\/2025\/06\/GigiVet-CardioPET-za-zdravje-srca-vasega-ljubljencka1.webp","type":"image\/webp"}],"twitter_card":"summary_large_image","twitter_misc":{"Est. reading time":"3 minutes"},"schema":{"@context":"https:\/\/schema.org","@graph":[{"@type":"WebPage","@id":"https:\/\/trgovina.pasjauniverza.si\/product\/gigivet-cardiopet-za-zdravje-srca-vasega-ljubljencka\/","url":"https:\/\/trgovina.pasjauniverza.si\/product\/gigivet-cardiopet-za-zdravje-srca-vasega-ljubljencka\/","name":"GigiVet CardioPET - podpora srcu psov in ma\u010dk - Trgovina Pasja Univerza","isPartOf":{"@id":"https:\/\/trgovina.pasjauniverza.si\/#website"},"primaryImageOfPage":{"@id":"https:\/\/trgovina.pasjauniverza.si\/product\/gigivet-cardiopet-za-zdravje-srca-vasega-ljubljencka\/#primaryimage"},"image":{"@id":"https:\/\/trgovina.pasjauniverza.si\/product\/gigivet-cardiopet-za-zdravje-srca-vasega-ljubljencka\/#primaryimage"},"thumbnailUrl":"https:\/\/trgovina.pasjauniverza.si\/wp-content\/uploads\/2025\/06\/GigiVet-CardioPET-za-zdravje-srca-vasega-ljubljencka1.webp","datePublished":"2025-06-13T07:02:52+00:00","dateModified":"2026-04-24T10:57:57+00:00","description":"GigiVet CardioPET - za zdravje srca va\u0161ega ljubljen\u010dka.","breadcrumb":{"@id":"https:\/\/trgovina.pasjauniverza.si\/product\/gigivet-cardiopet-za-zdravje-srca-vasega-ljubljencka\/#breadcrumb"},"inLanguage":"en-US","potentialAction":[{"@type":"ReadAction","target":["https:\/\/trgovina.pasjauniverza.si\/product\/gigivet-cardiopet-za-zdravje-srca-vasega-ljubljencka\/"]}]},{"@type":"ImageObject","inLanguage":"en-US","@id":"https:\/\/trgovina.pasjauniverza.si\/product\/gigivet-cardiopet-za-zdravje-srca-vasega-ljubljencka\/#primaryimage","url":"https:\/\/trgovina.pasjauniverza.si\/wp-content\/uploads\/2025\/06\/GigiVet-CardioPET-za-zdravje-srca-vasega-ljubljencka1.webp","contentUrl":"https:\/\/trgovina.pasjauniverza.si\/wp-content\/uploads\/2025\/06\/GigiVet-CardioPET-za-zdravje-srca-vasega-ljubljencka1.webp","width":720,"height":720,"caption":"GigiVet CardioPET - za zdravje srca va\u0161ega ljubljen\u010dka"},{"@type":"BreadcrumbList","@id":"https:\/\/trgovina.pasjauniverza.si\/product\/gigivet-cardiopet-za-zdravje-srca-vasega-ljubljencka\/#breadcrumb","itemListElement":[{"@type":"ListItem","position":1,"name":"Home","item":"https:\/\/trgovina.pasjauniverza.si\/"},{"@type":"ListItem","position":2,"name":"Trgovina","item":"https:\/\/trgovina.pasjauniverza.si\/trgovina\/"},{"@type":"ListItem","position":3,"name":"GigiVet CardioPET &#8211; podpora srcu psov in ma\u010dk"}]},{"@type":"WebSite","@id":"https:\/\/trgovina.pasjauniverza.si\/#website","url":"https:\/\/trgovina.pasjauniverza.si\/","name":"Trgovina Pasja Univerza","description":"pasja univerza trgovina","publisher":{"@id":"https:\/\/trgovina.pasjauniverza.si\/#organization"},"potentialAction":[{"@type":"SearchAction","target":{"@type":"EntryPoint","urlTemplate":"https:\/\/trgovina.pasjauniverza.si\/?s={search_term_string}"},"query-input":{"@type":"PropertyValueSpecification","valueRequired":true,"valueName":"search_term_string"}}],"inLanguage":"en-US"},{"@type":"Organization","@id":"https:\/\/trgovina.pasjauniverza.si\/#organization","name":"Trgovina Pasja Univerza","url":"https:\/\/trgovina.pasjauniverza.si\/","logo":{"@type":"ImageObject","inLanguage":"en-US","@id":"https:\/\/trgovina.pasjauniverza.si\/#\/schema\/logo\/image\/","url":"https:\/\/trgovina.pasjauniverza.si\/wp-content\/uploads\/2024\/08\/cropped-logotipi-vector-04.png","contentUrl":"https:\/\/trgovina.pasjauniverza.si\/wp-content\/uploads\/2024\/08\/cropped-logotipi-vector-04.png","width":942,"height":908,"caption":"Trgovina Pasja Univerza"},"image":{"@id":"https:\/\/trgovina.pasjauniverza.si\/#\/schema\/logo\/image\/"}}]}},"uagb_featured_image_src":{"full":["https:\/\/trgovina.pasjauniverza.si\/wp-content\/uploads\/2025\/06\/GigiVet-CardioPET-za-zdravje-srca-vasega-ljubljencka1.webp",720,720,false],"thumbnail":["https:\/\/trgovina.pasjauniverza.si\/wp-content\/uploads\/2025\/06\/GigiVet-CardioPET-za-zdravje-srca-vasega-ljubljencka1-150x150.webp",150,150,true],"medium":["https:\/\/trgovina.pasjauniverza.si\/wp-content\/uploads\/2025\/06\/GigiVet-CardioPET-za-zdravje-srca-vasega-ljubljencka1-300x300.webp",300,300,true],"medium_large":["https:\/\/trgovina.pasjauniverza.si\/wp-content\/uploads\/2025\/06\/GigiVet-CardioPET-za-zdravje-srca-vasega-ljubljencka1.webp",720,720,false],"large":["https:\/\/trgovina.pasjauniverza.si\/wp-content\/uploads\/2025\/06\/GigiVet-CardioPET-za-zdravje-srca-vasega-ljubljencka1.webp",720,720,false],"1536x1536":["https:\/\/trgovina.pasjauniverza.si\/wp-content\/uploads\/2025\/06\/GigiVet-CardioPET-za-zdravje-srca-vasega-ljubljencka1.webp",720,720,false],"2048x2048":["https:\/\/trgovina.pasjauniverza.si\/wp-content\/uploads\/2025\/06\/GigiVet-CardioPET-za-zdravje-srca-vasega-ljubljencka1.webp",720,720,false],"trp-custom-language-flag":["https:\/\/trgovina.pasjauniverza.si\/wp-content\/uploads\/2025\/06\/GigiVet-CardioPET-za-zdravje-srca-vasega-ljubljencka1-12x12.webp",12,12,true],"woocommerce_thumbnail":["https:\/\/trgovina.pasjauniverza.si\/wp-content\/uploads\/2025\/06\/GigiVet-CardioPET-za-zdravje-srca-vasega-ljubljencka1-300x300.webp",300,300,true],"woocommerce_single":["https:\/\/trgovina.pasjauniverza.si\/wp-content\/uploads\/2025\/06\/GigiVet-CardioPET-za-zdravje-srca-vasega-ljubljencka1-600x600.webp",600,600,true],"woocommerce_gallery_thumbnail":["https:\/\/trgovina.pasjauniverza.si\/wp-content\/uploads\/2025\/06\/GigiVet-CardioPET-za-zdravje-srca-vasega-ljubljencka1-100x100.webp",100,100,true]},"uagb_author_info":{"display_name":"Karmen Grubeli\u0107, dr.vet.med.","author_link":"https:\/\/trgovina.pasjauniverza.si\/en\/author\/"},"uagb_comment_info":0,"uagb_excerpt":"GigiVet CardioPET \u2013 naravna podpora zdravju srca pri psih in ma\u010dkah CardioPET krepi sr\u010dne funkcije, izbolj\u0161uje prekrvavitev in pove\u010duje vzdr\u017eljivost va\u0161ega ljubljen\u010dka. Njegova napredna formula z taurinom, sibirskim ginsengom, izvle\u010dkom gloga in koencimom Q10 zagotavlja antioksidativno za\u0161\u010dito in stabilizacijo kardiovaskularnega sistema. Krepi sr\u010dni tonus in \u0161\u010diti sr\u010dne celice Izbolj\u0161a koronarni obtok in oksigenacijo tkiv Pove\u010da&hellip;","jetpack_sharing_enabled":true,"_links":{"self":[{"href":"https:\/\/trgovina.pasjauniverza.si\/en\/wp-json\/wp\/v2\/product\/14067","targetHints":{"allow":["GET"]}}],"collection":[{"href":"https:\/\/trgovina.pasjauniverza.si\/en\/wp-json\/wp\/v2\/product"}],"about":[{"href":"https:\/\/trgovina.pasjauniverza.si\/en\/wp-json\/wp\/v2\/types\/product"}],"replies":[{"embeddable":true,"href":"https:\/\/trgovina.pasjauniverza.si\/en\/wp-json\/wp\/v2\/comments?post=14067"}],"wp:featuredmedia":[{"embeddable":true,"href":"https:\/\/trgovina.pasjauniverza.si\/en\/wp-json\/wp\/v2\/media\/14072"}],"wp:attachment":[{"href":"https:\/\/trgovina.pasjauniverza.si\/en\/wp-json\/wp\/v2\/media?parent=14067"}],"wp:term":[{"taxonomy":"product_brand","embeddable":true,"href":"https:\/\/trgovina.pasjauniverza.si\/en\/wp-json\/wp\/v2\/product_brand?post=14067"},{"taxonomy":"product_cat","embeddable":true,"href":"https:\/\/trgovina.pasjauniverza.si\/en\/wp-json\/wp\/v2\/product_cat?post=14067"},{"taxonomy":"product_tag","embeddable":true,"href":"https:\/\/trgovina.pasjauniverza.si\/en\/wp-json\/wp\/v2\/product_tag?post=14067"}],"curies":[{"name":"wp","href":"https:\/\/api.w.org\/{rel}","templated":true}]}}