
{"id":14058,"date":"2025-06-13T06:48:22","date_gmt":"2025-06-13T06:48:22","guid":{"rendered":"https:\/\/trgovina.pasjauniverza.si\/?post_type=product&#038;p=14058"},"modified":"2026-04-24T14:04:16","modified_gmt":"2026-04-24T14:04:16","slug":"gigivet-fitpet-za-energijo-in-izgubo-telesne-teze-pri-psih-in-mackah","status":"publish","type":"product","link":"https:\/\/trgovina.pasjauniverza.si\/en\/product\/gigivet-fitpet-za-energijo-in-izgubo-telesne-teze-pri-psih-in-mackah\/","title":{"rendered":"GigiVet Weight Control- za izgubo telesne te\u017ee pri psih in ma\u010dkah"},"content":{"rendered":"<p data-start=\"0\" data-end=\"221\"><strong data-start=\"0\" data-end=\"63\">GigiVet FitPet &#8211; Dopolnilo za pove\u010danje energije pri psih in ma\u010dkah<\/strong><br data-start=\"63\" data-end=\"66\" \/><br data-start=\"112\" data-end=\"115\" \/>Dopolnilo za pse in ma\u010dke za spodbudo presnove, izgubo odve\u010dnih kilogramov in ohranjanje telesnega tonusa.<\/p>\n<hr data-start=\"223\" data-end=\"226\" \/>\n<h3 data-start=\"228\" data-end=\"248\">KDAJ UPORABITI<\/h3>\n<p data-start=\"249\" data-end=\"353\">FitPet je naravno dopolnilo za pse in ma\u010dke, namenjeno uravnavanju telesne te\u017ee in pove\u010danju energije.<\/p>\n<p data-start=\"355\" data-end=\"378\">Uporabite FitPet, \u010de:<\/p>\n<ul data-start=\"379\" data-end=\"487\">\n<li data-start=\"379\" data-end=\"410\">\n<p data-start=\"381\" data-end=\"410\">je va\u0161 ljubljen\u010dek prete\u017eak<\/p>\n<\/li>\n<li data-start=\"411\" data-end=\"443\">\n<p data-start=\"413\" data-end=\"443\">ga \u010dakajo tekmovanja ali lov<\/p>\n<\/li>\n<li data-start=\"444\" data-end=\"487\">\n<p data-start=\"446\" data-end=\"487\">opravlja dolgotrajne fizi\u010dne aktivnosti<\/p>\n<\/li>\n<\/ul>\n<p data-start=\"489\" data-end=\"587\">Za najve\u010dji energijski zagon in pospe\u0161eno presnovo dajte FitPet pred intenzivno vadbo ali zjutraj.<\/p>\n<p data-start=\"589\" data-end=\"701\">Ohranite va\u0161ega ljubljen\u010dka v najbolj\u0161i fizi\u010dni formi z GIGI VET dopolnili!<br data-start=\"664\" data-end=\"667\" \/>Najbolj\u0161e dopolnilo za aktivne pse<\/p>\n<hr data-start=\"703\" data-end=\"706\" \/>\n<h3 data-start=\"708\" data-end=\"725\">PRIMERNO ZA<\/h3>\n<p data-start=\"726\" data-end=\"785\">Ma\u010dke in pse vseh velikosti.<br data-start=\"754\" data-end=\"757\" \/>\u0160e posebej priporo\u010deno za:<\/p>\n<ul data-start=\"786\" data-end=\"1057\">\n<li data-start=\"786\" data-end=\"827\">\n<p data-start=\"788\" data-end=\"827\">zlatega prina\u0161alca (Golden Retriever)<\/p>\n<\/li>\n<li data-start=\"828\" data-end=\"863\">\n<p data-start=\"830\" data-end=\"863\">labradorca (Labrador Retriever)<\/p>\n<\/li>\n<li data-start=\"864\" data-end=\"878\">\n<p data-start=\"866\" data-end=\"878\">mops (Pug)<\/p>\n<\/li>\n<li data-start=\"879\" data-end=\"898\">\n<p data-start=\"881\" data-end=\"898\">beagla (Beagle)<\/p>\n<\/li>\n<li data-start=\"899\" data-end=\"934\">\n<p data-start=\"901\" data-end=\"934\">border collieja (Border Collie)<\/p>\n<\/li>\n<li data-start=\"935\" data-end=\"994\">\n<p data-start=\"937\" data-end=\"994\">angle\u0161kega \u0161pringer \u0161panjela (English Springer Spaniel)<\/p>\n<\/li>\n<li data-start=\"995\" data-end=\"1057\">\n<p data-start=\"997\" data-end=\"1057\">staffordshirskega bull terierja (Staffordshire Bull Terrier)<\/p>\n<\/li>\n<\/ul>\n<hr data-start=\"1059\" data-end=\"1062\" \/>\n<h3 data-start=\"1064\" data-end=\"1077\">KORISTI<\/h3>\n<ul data-start=\"1078\" data-end=\"1320\">\n<li data-start=\"1078\" data-end=\"1128\">\n<p data-start=\"1080\" data-end=\"1128\"><strong data-start=\"1080\" data-end=\"1111\">Pretvori ma\u0161\u010dobo v energijo<\/strong> z L-karnitinom<\/p>\n<\/li>\n<li data-start=\"1129\" data-end=\"1190\">\n<p data-start=\"1131\" data-end=\"1190\"><strong data-start=\"1131\" data-end=\"1169\">Pove\u010da zmogljivost in vzdr\u017eljivost<\/strong> \u2013 sibirski ginseng<\/p>\n<\/li>\n<li data-start=\"1191\" data-end=\"1225\">\n<p data-start=\"1193\" data-end=\"1225\"><strong data-start=\"1193\" data-end=\"1207\">\u0160\u010diti srce<\/strong> s koencimom Q10<\/p>\n<\/li>\n<li data-start=\"1226\" data-end=\"1275\">\n<p data-start=\"1228\" data-end=\"1275\"><strong data-start=\"1228\" data-end=\"1251\">Izbolj\u0161a gibljivost<\/strong> z hialuronsko kislino<\/p>\n<\/li>\n<li data-start=\"1276\" data-end=\"1320\">\n<p data-start=\"1278\" data-end=\"1320\"><strong data-start=\"1278\" data-end=\"1302\">Neguje ko\u017eo in dlako<\/strong> za zdrav izgled<\/p>\n<\/li>\n<\/ul>\n<hr data-start=\"1322\" data-end=\"1325\" \/>\n<h3 data-start=\"1327\" data-end=\"1372\">FARMAKOLO\u0160KE LASTNOSTI IN AKTIVNE SNOVI<\/h3>\n<ul data-start=\"1373\" data-end=\"1828\">\n<li data-start=\"1373\" data-end=\"1488\">\n<p data-start=\"1375\" data-end=\"1488\"><strong data-start=\"1375\" data-end=\"1389\">L-karnitin<\/strong> (izvle\u010dek baldrijana) 300 mg \u2013 presnavlja ma\u0161\u010dobne kisline v energijo, zmanj\u0161uje telesno ma\u0161\u010dobo<\/p>\n<\/li>\n<li data-start=\"1489\" data-end=\"1607\">\n<p data-start=\"1491\" data-end=\"1607\"><strong data-start=\"1491\" data-end=\"1521\">Ekstrakt lucerne (alfalfa)<\/strong> 190 mg \u2013 razstrupuje, podpira srce in jetra, izbolj\u0161uje prebavo, zni\u017euje holesterol<\/p>\n<\/li>\n<li data-start=\"1608\" data-end=\"1694\">\n<p data-start=\"1610\" data-end=\"1694\"><strong data-start=\"1610\" data-end=\"1642\">Ekstrakt sibirskega ginsenga<\/strong> 50 mg \u2013 spodbuja fizi\u010dne sposobnosti in odpornost<\/p>\n<\/li>\n<li data-start=\"1695\" data-end=\"1765\">\n<p data-start=\"1697\" data-end=\"1765\"><strong data-start=\"1697\" data-end=\"1720\">Hialuronska kislina<\/strong> 30 mg \u2013 podpira gibljivost sklepov in tkiv<\/p>\n<\/li>\n<li data-start=\"1766\" data-end=\"1828\">\n<p data-start=\"1768\" data-end=\"1828\"><strong data-start=\"1768\" data-end=\"1783\">Koencim Q10<\/strong> 30 mg \u2013 nujen za energijske procese v srcu<\/p>\n<\/li>\n<\/ul>\n<hr data-start=\"1830\" data-end=\"1833\" \/>\n<p><strong>Sestava: <\/strong>\u00a0Lucerna (Medicago sativa L.) 30,2 %, hialuronska kislina 5 %, magnezijev stearat 1,5 % <strong>Dodatki na 1 kg: Senzori\u010dni dodatki: <\/strong>sibirski ginseng (Eleutherococcus senticosus) \u2013 izvle\u010dek korenine 133 g. <strong>Prehranski dodatki<\/strong>: L-karnitin (3a910) 500 g. <strong>Analitske sestavine: <\/strong>Surove beljakovine 35 %, surove ma\u0161\u010dobe 6 %, surovi pepel 2 %, surova vlaknina 0,5 %,<br \/>\nmagnezij 0,75 %, oleinska kislina 0,15 %, natrij 0,1 %.<\/p>\n<p><strong>Navodila za uporabo:<\/strong><\/p>\n<table>\n<tbody>\n<tr>\n<td>&#8211;\u00a0\u00a0\u00a0\u00a0\u00a0\u00a0\u00a0 Do 10kg: 1 kapsula na dan.<\/p>\n<p>&#8211;\u00a0\u00a0\u00a0\u00a0\u00a0\u00a0\u00a0 10-30kg: 2 kapsuli na dan.<\/p>\n<p>&#8211;\u00a0\u00a0\u00a0\u00a0\u00a0\u00a0\u00a0 Nad 30kg: 3 kapsule na dan<\/p>\n<p>Uporaba po obroku.<\/td>\n<\/tr>\n<\/tbody>\n<\/table>\n<p><strong>Priporo\u010dljivo je dajanje zjutraj ali pred pri\u010dakovano obremenitvijo.<\/strong><\/p>\n<p><strong>Skladi\u0161\u010denje:<\/strong> Hraniti v suhem in hladnem prostoru, za\u0161\u010ditenem pred svetlobo.<\/p>\n<hr data-start=\"2228\" data-end=\"2231\" \/>\n<p data-start=\"2233\" data-end=\"2389\" data-is-last-node=\"\" data-is-only-node=\"\"><strong data-start=\"2233\" data-end=\"2262\">Zaupa mu ve\u010d kot 15 dr\u017eav<\/strong> \u2013 preverjena u\u010dinkovitost GIGI VET dopolnil.<br data-start=\"2307\" data-end=\"2310\" \/><strong data-start=\"2310\" data-end=\"2337\">Ve\u010d kot 20 let izku\u0161enj<\/strong> \u2013 za dolgo in aktivno \u017eivljenje va\u0161ega ljubljen\u010dka.<\/p>","protected":false},"excerpt":{"rendered":"<p data-start=\"0\" data-end=\"65\"><strong data-start=\"0\" data-end=\"63\">GigiVet FitPet &#8211; Naravno dopolnilo za dvig energije in izgubo odve\u010dne telesne te\u017ee<\/strong><\/p>\n<p data-start=\"67\" data-end=\"238\">FitPet spodbuja presnovo, pretvori ma\u0161\u010dobo v energijo in ohranja vitalnost va\u0161ega ljubljen\u010dka pred vadbo ali zjutraj. Idealno za prekomerno te\u017eke in aktivne pse ter ma\u010dke.<\/p>\n<ul data-start=\"263\" data-end=\"492\">\n<li data-start=\"263\" data-end=\"308\">\n<p data-start=\"265\" data-end=\"308\"><strong data-start=\"265\" data-end=\"291\">Pospe\u0161i izgubo ma\u0161\u010dobe<\/strong> z L-karnitinom<\/p>\n<\/li>\n<li data-start=\"309\" data-end=\"358\">\n<p data-start=\"311\" data-end=\"358\"><strong data-start=\"311\" data-end=\"334\">Pove\u010da vzdr\u017eljivost<\/strong> s sibirskim ginsengom<\/p>\n<\/li>\n<li data-start=\"359\" data-end=\"395\">\n<p data-start=\"361\" data-end=\"395\"><strong data-start=\"361\" data-end=\"377\">Podpira srce<\/strong> z koencimom Q10<\/p>\n<\/li>\n<li data-start=\"396\" data-end=\"452\">\n<p data-start=\"398\" data-end=\"452\"><strong data-start=\"398\" data-end=\"421\">Izbolj\u0161a gibljivost<\/strong> z dodano hialuronsko kislino<\/p>\n<\/li>\n<li data-start=\"453\" data-end=\"492\">\n<p data-start=\"455\" data-end=\"492\"><strong data-start=\"455\" data-end=\"473\">Krepi presnovo<\/strong> in telesni tonus<\/p>\n<\/li>\n<\/ul>","protected":false},"featured_media":17029,"comment_status":"open","ping_status":"closed","template":"","meta":{"_acf_changed":false,"_uag_custom_page_level_css":"","site-sidebar-layout":"default","site-content-layout":"","ast-site-content-layout":"default","site-content-style":"default","site-sidebar-style":"default","ast-global-header-display":"","ast-banner-title-visibility":"","ast-main-header-display":"","ast-hfb-above-header-display":"","ast-hfb-below-header-display":"","ast-hfb-mobile-header-display":"","site-post-title":"","ast-breadcrumbs-content":"","ast-featured-img":"","footer-sml-layout":"","ast-disable-related-posts":"","theme-transparent-header-meta":"default","adv-header-id-meta":"","stick-header-meta":"","header-above-stick-meta":"","header-main-stick-meta":"","header-below-stick-meta":"","astra-migrate-meta-layouts":"set","ast-page-background-enabled":"default","ast-page-background-meta":{"desktop":{"background-color":"","background-image":"","background-repeat":"repeat","background-position":"center center","background-size":"auto","background-attachment":"scroll","background-type":"","background-media":"","overlay-type":"","overlay-color":"","overlay-opacity":"","overlay-gradient":""},"tablet":{"background-color":"","background-image":"","background-repeat":"repeat","background-position":"center center","background-size":"auto","background-attachment":"scroll","background-type":"","background-media":"","overlay-type":"","overlay-color":"","overlay-opacity":"","overlay-gradient":""},"mobile":{"background-color":"","background-image":"","background-repeat":"repeat","background-position":"center center","background-size":"auto","background-attachment":"scroll","background-type":"","background-media":"","overlay-type":"","overlay-color":"","overlay-opacity":"","overlay-gradient":""}},"ast-content-background-meta":{"desktop":{"background-color":"var(--ast-global-color-5)","background-image":"","background-repeat":"repeat","background-position":"center center","background-size":"auto","background-attachment":"scroll","background-type":"","background-media":"","overlay-type":"","overlay-color":"","overlay-opacity":"","overlay-gradient":""},"tablet":{"background-color":"var(--ast-global-color-5)","background-image":"","background-repeat":"repeat","background-position":"center center","background-size":"auto","background-attachment":"scroll","background-type":"","background-media":"","overlay-type":"","overlay-color":"","overlay-opacity":"","overlay-gradient":""},"mobile":{"background-color":"var(--ast-global-color-5)","background-image":"","background-repeat":"repeat","background-position":"center center","background-size":"auto","background-attachment":"scroll","background-type":"","background-media":"","overlay-type":"","overlay-color":"","overlay-opacity":"","overlay-gradient":""}}},"product_brand":[926],"product_cat":[744,747,741,724,946,733,420,723,18,950],"product_tag":[838,841,843,839,840,842],"class_list":{"0":"post-14058","1":"product","2":"type-product","3":"status-publish","4":"has-post-thumbnail","6":"product_brand-gigivet","7":"product_cat-blagovne-znamke","8":"product_cat-gigivet-blagovne-znamke","9":"product_cat-izguba-telesne-teze","10":"product_cat-macke","11":"product_cat-manj-mascob","12":"product_cat-prehranski-dodatki-za-macke","13":"product_cat-prehranski-dodatki-za-pse","14":"product_cat-psi","15":"product_cat-vsi-izdelki","16":"product_cat-za-prekomerno-telesno-tezo","17":"product_tag-debelpes","18":"product_tag-fit","19":"product_tag-fitpet","20":"product_tag-hujsanje","21":"product_tag-izgubateze","22":"product_tag-suhpes","23":"desktop-align-center","24":"tablet-align-center","25":"mobile-align-center","27":"first","28":"instock","29":"shipping-taxable","30":"purchasable","31":"product-type-variable"},"acf":[],"yoast_head":"<!-- This site is optimized with the Yoast SEO plugin v27.4 - https:\/\/yoast.com\/product\/yoast-seo-wordpress\/ -->\n<title>GigiVet Weight Control- za izgubo telesne te\u017ee pri psih in ma\u010dkah - Trgovina Pasja Univerza<\/title>\n<meta name=\"description\" content=\"GigiVet FitPet - za energijo in nadzor te\u017ee pri psih in ma\u010dkah.\" \/>\n<meta name=\"robots\" content=\"index, follow, max-snippet:-1, max-image-preview:large, max-video-preview:-1\" \/>\n<link rel=\"canonical\" href=\"https:\/\/trgovina.pasjauniverza.si\/en\/product\/gigivet-fitpet-za-energijo-in-izgubo-telesne-teze-pri-psih-in-mackah\/\" \/>\n<meta property=\"og:locale\" content=\"en_US\" \/>\n<meta property=\"og:type\" content=\"article\" \/>\n<meta property=\"og:title\" content=\"GigiVet Weight Control- za izgubo telesne te\u017ee pri psih in ma\u010dkah - Trgovina Pasja Univerza\" \/>\n<meta property=\"og:description\" content=\"GigiVet FitPet - za energijo in nadzor te\u017ee pri psih in ma\u010dkah.\" \/>\n<meta property=\"og:url\" content=\"https:\/\/trgovina.pasjauniverza.si\/en\/product\/gigivet-fitpet-za-energijo-in-izgubo-telesne-teze-pri-psih-in-mackah\/\" \/>\n<meta property=\"og:site_name\" content=\"Trgovina Pasja Univerza\" \/>\n<meta property=\"article:modified_time\" content=\"2026-04-24T14:04:16+00:00\" \/>\n<meta property=\"og:image\" content=\"https:\/\/trgovina.pasjauniverza.si\/wp-content\/uploads\/2025\/06\/GIGI3DENG2024WeightN30-75mlWHITE.jpg\" \/>\n\t<meta property=\"og:image:width\" content=\"2000\" \/>\n\t<meta property=\"og:image:height\" content=\"2000\" \/>\n\t<meta property=\"og:image:type\" content=\"image\/jpeg\" \/>\n<meta name=\"twitter:card\" content=\"summary_large_image\" \/>\n<meta name=\"twitter:label1\" content=\"Est. reading time\" \/>\n\t<meta name=\"twitter:data1\" content=\"3 minutes\" \/>\n<script type=\"application\/ld+json\" class=\"yoast-schema-graph\">{\"@context\":\"https:\\\/\\\/schema.org\",\"@graph\":[{\"@type\":\"WebPage\",\"@id\":\"https:\\\/\\\/trgovina.pasjauniverza.si\\\/product\\\/gigivet-fitpet-za-energijo-in-izgubo-telesne-teze-pri-psih-in-mackah\\\/\",\"url\":\"https:\\\/\\\/trgovina.pasjauniverza.si\\\/product\\\/gigivet-fitpet-za-energijo-in-izgubo-telesne-teze-pri-psih-in-mackah\\\/\",\"name\":\"GigiVet Weight Control- za izgubo telesne te\u017ee pri psih in ma\u010dkah - Trgovina Pasja Univerza\",\"isPartOf\":{\"@id\":\"https:\\\/\\\/trgovina.pasjauniverza.si\\\/#website\"},\"primaryImageOfPage\":{\"@id\":\"https:\\\/\\\/trgovina.pasjauniverza.si\\\/product\\\/gigivet-fitpet-za-energijo-in-izgubo-telesne-teze-pri-psih-in-mackah\\\/#primaryimage\"},\"image\":{\"@id\":\"https:\\\/\\\/trgovina.pasjauniverza.si\\\/product\\\/gigivet-fitpet-za-energijo-in-izgubo-telesne-teze-pri-psih-in-mackah\\\/#primaryimage\"},\"thumbnailUrl\":\"https:\\\/\\\/trgovina.pasjauniverza.si\\\/wp-content\\\/uploads\\\/2025\\\/06\\\/GIGI3DENG2024WeightN30-75mlWHITE.jpg\",\"datePublished\":\"2025-06-13T06:48:22+00:00\",\"dateModified\":\"2026-04-24T14:04:16+00:00\",\"description\":\"GigiVet FitPet - za energijo in nadzor te\u017ee pri psih in ma\u010dkah.\",\"breadcrumb\":{\"@id\":\"https:\\\/\\\/trgovina.pasjauniverza.si\\\/product\\\/gigivet-fitpet-za-energijo-in-izgubo-telesne-teze-pri-psih-in-mackah\\\/#breadcrumb\"},\"inLanguage\":\"en-US\",\"potentialAction\":[{\"@type\":\"ReadAction\",\"target\":[\"https:\\\/\\\/trgovina.pasjauniverza.si\\\/product\\\/gigivet-fitpet-za-energijo-in-izgubo-telesne-teze-pri-psih-in-mackah\\\/\"]}]},{\"@type\":\"ImageObject\",\"inLanguage\":\"en-US\",\"@id\":\"https:\\\/\\\/trgovina.pasjauniverza.si\\\/product\\\/gigivet-fitpet-za-energijo-in-izgubo-telesne-teze-pri-psih-in-mackah\\\/#primaryimage\",\"url\":\"https:\\\/\\\/trgovina.pasjauniverza.si\\\/wp-content\\\/uploads\\\/2025\\\/06\\\/GIGI3DENG2024WeightN30-75mlWHITE.jpg\",\"contentUrl\":\"https:\\\/\\\/trgovina.pasjauniverza.si\\\/wp-content\\\/uploads\\\/2025\\\/06\\\/GIGI3DENG2024WeightN30-75mlWHITE.jpg\",\"width\":2000,\"height\":2000},{\"@type\":\"BreadcrumbList\",\"@id\":\"https:\\\/\\\/trgovina.pasjauniverza.si\\\/product\\\/gigivet-fitpet-za-energijo-in-izgubo-telesne-teze-pri-psih-in-mackah\\\/#breadcrumb\",\"itemListElement\":[{\"@type\":\"ListItem\",\"position\":1,\"name\":\"Home\",\"item\":\"https:\\\/\\\/trgovina.pasjauniverza.si\\\/\"},{\"@type\":\"ListItem\",\"position\":2,\"name\":\"Trgovina\",\"item\":\"https:\\\/\\\/trgovina.pasjauniverza.si\\\/trgovina\\\/\"},{\"@type\":\"ListItem\",\"position\":3,\"name\":\"GigiVet Weight Control- za izgubo telesne te\u017ee pri psih in ma\u010dkah\"}]},{\"@type\":\"WebSite\",\"@id\":\"https:\\\/\\\/trgovina.pasjauniverza.si\\\/#website\",\"url\":\"https:\\\/\\\/trgovina.pasjauniverza.si\\\/\",\"name\":\"Trgovina Pasja Univerza\",\"description\":\"pasja univerza trgovina\",\"publisher\":{\"@id\":\"https:\\\/\\\/trgovina.pasjauniverza.si\\\/#organization\"},\"potentialAction\":[{\"@type\":\"SearchAction\",\"target\":{\"@type\":\"EntryPoint\",\"urlTemplate\":\"https:\\\/\\\/trgovina.pasjauniverza.si\\\/?s={search_term_string}\"},\"query-input\":{\"@type\":\"PropertyValueSpecification\",\"valueRequired\":true,\"valueName\":\"search_term_string\"}}],\"inLanguage\":\"en-US\"},{\"@type\":\"Organization\",\"@id\":\"https:\\\/\\\/trgovina.pasjauniverza.si\\\/#organization\",\"name\":\"Trgovina Pasja Univerza\",\"url\":\"https:\\\/\\\/trgovina.pasjauniverza.si\\\/\",\"logo\":{\"@type\":\"ImageObject\",\"inLanguage\":\"en-US\",\"@id\":\"https:\\\/\\\/trgovina.pasjauniverza.si\\\/#\\\/schema\\\/logo\\\/image\\\/\",\"url\":\"https:\\\/\\\/trgovina.pasjauniverza.si\\\/wp-content\\\/uploads\\\/2024\\\/08\\\/cropped-logotipi-vector-04.png\",\"contentUrl\":\"https:\\\/\\\/trgovina.pasjauniverza.si\\\/wp-content\\\/uploads\\\/2024\\\/08\\\/cropped-logotipi-vector-04.png\",\"width\":942,\"height\":908,\"caption\":\"Trgovina Pasja Univerza\"},\"image\":{\"@id\":\"https:\\\/\\\/trgovina.pasjauniverza.si\\\/#\\\/schema\\\/logo\\\/image\\\/\"}}]}<\/script>\n<!-- \/ Yoast SEO plugin. -->","yoast_head_json":{"title":"GigiVet Weight Control- za izgubo telesne te\u017ee pri psih in ma\u010dkah - Trgovina Pasja Univerza","description":"GigiVet FitPet - za energijo in nadzor te\u017ee pri psih in ma\u010dkah.","robots":{"index":"index","follow":"follow","max-snippet":"max-snippet:-1","max-image-preview":"max-image-preview:large","max-video-preview":"max-video-preview:-1"},"canonical":"https:\/\/trgovina.pasjauniverza.si\/en\/product\/gigivet-fitpet-za-energijo-in-izgubo-telesne-teze-pri-psih-in-mackah\/","og_locale":"en_US","og_type":"article","og_title":"GigiVet Weight Control- za izgubo telesne te\u017ee pri psih in ma\u010dkah - Trgovina Pasja Univerza","og_description":"GigiVet FitPet - za energijo in nadzor te\u017ee pri psih in ma\u010dkah.","og_url":"https:\/\/trgovina.pasjauniverza.si\/en\/product\/gigivet-fitpet-za-energijo-in-izgubo-telesne-teze-pri-psih-in-mackah\/","og_site_name":"Trgovina Pasja Univerza","article_modified_time":"2026-04-24T14:04:16+00:00","og_image":[{"width":2000,"height":2000,"url":"https:\/\/trgovina.pasjauniverza.si\/wp-content\/uploads\/2025\/06\/GIGI3DENG2024WeightN30-75mlWHITE.jpg","type":"image\/jpeg"}],"twitter_card":"summary_large_image","twitter_misc":{"Est. reading time":"3 minutes"},"schema":{"@context":"https:\/\/schema.org","@graph":[{"@type":"WebPage","@id":"https:\/\/trgovina.pasjauniverza.si\/product\/gigivet-fitpet-za-energijo-in-izgubo-telesne-teze-pri-psih-in-mackah\/","url":"https:\/\/trgovina.pasjauniverza.si\/product\/gigivet-fitpet-za-energijo-in-izgubo-telesne-teze-pri-psih-in-mackah\/","name":"GigiVet Weight Control- za izgubo telesne te\u017ee pri psih in ma\u010dkah - Trgovina Pasja Univerza","isPartOf":{"@id":"https:\/\/trgovina.pasjauniverza.si\/#website"},"primaryImageOfPage":{"@id":"https:\/\/trgovina.pasjauniverza.si\/product\/gigivet-fitpet-za-energijo-in-izgubo-telesne-teze-pri-psih-in-mackah\/#primaryimage"},"image":{"@id":"https:\/\/trgovina.pasjauniverza.si\/product\/gigivet-fitpet-za-energijo-in-izgubo-telesne-teze-pri-psih-in-mackah\/#primaryimage"},"thumbnailUrl":"https:\/\/trgovina.pasjauniverza.si\/wp-content\/uploads\/2025\/06\/GIGI3DENG2024WeightN30-75mlWHITE.jpg","datePublished":"2025-06-13T06:48:22+00:00","dateModified":"2026-04-24T14:04:16+00:00","description":"GigiVet FitPet - za energijo in nadzor te\u017ee pri psih in ma\u010dkah.","breadcrumb":{"@id":"https:\/\/trgovina.pasjauniverza.si\/product\/gigivet-fitpet-za-energijo-in-izgubo-telesne-teze-pri-psih-in-mackah\/#breadcrumb"},"inLanguage":"en-US","potentialAction":[{"@type":"ReadAction","target":["https:\/\/trgovina.pasjauniverza.si\/product\/gigivet-fitpet-za-energijo-in-izgubo-telesne-teze-pri-psih-in-mackah\/"]}]},{"@type":"ImageObject","inLanguage":"en-US","@id":"https:\/\/trgovina.pasjauniverza.si\/product\/gigivet-fitpet-za-energijo-in-izgubo-telesne-teze-pri-psih-in-mackah\/#primaryimage","url":"https:\/\/trgovina.pasjauniverza.si\/wp-content\/uploads\/2025\/06\/GIGI3DENG2024WeightN30-75mlWHITE.jpg","contentUrl":"https:\/\/trgovina.pasjauniverza.si\/wp-content\/uploads\/2025\/06\/GIGI3DENG2024WeightN30-75mlWHITE.jpg","width":2000,"height":2000},{"@type":"BreadcrumbList","@id":"https:\/\/trgovina.pasjauniverza.si\/product\/gigivet-fitpet-za-energijo-in-izgubo-telesne-teze-pri-psih-in-mackah\/#breadcrumb","itemListElement":[{"@type":"ListItem","position":1,"name":"Home","item":"https:\/\/trgovina.pasjauniverza.si\/"},{"@type":"ListItem","position":2,"name":"Trgovina","item":"https:\/\/trgovina.pasjauniverza.si\/trgovina\/"},{"@type":"ListItem","position":3,"name":"GigiVet Weight Control- za izgubo telesne te\u017ee pri psih in ma\u010dkah"}]},{"@type":"WebSite","@id":"https:\/\/trgovina.pasjauniverza.si\/#website","url":"https:\/\/trgovina.pasjauniverza.si\/","name":"Trgovina Pasja Univerza","description":"pasja univerza trgovina","publisher":{"@id":"https:\/\/trgovina.pasjauniverza.si\/#organization"},"potentialAction":[{"@type":"SearchAction","target":{"@type":"EntryPoint","urlTemplate":"https:\/\/trgovina.pasjauniverza.si\/?s={search_term_string}"},"query-input":{"@type":"PropertyValueSpecification","valueRequired":true,"valueName":"search_term_string"}}],"inLanguage":"en-US"},{"@type":"Organization","@id":"https:\/\/trgovina.pasjauniverza.si\/#organization","name":"Trgovina Pasja Univerza","url":"https:\/\/trgovina.pasjauniverza.si\/","logo":{"@type":"ImageObject","inLanguage":"en-US","@id":"https:\/\/trgovina.pasjauniverza.si\/#\/schema\/logo\/image\/","url":"https:\/\/trgovina.pasjauniverza.si\/wp-content\/uploads\/2024\/08\/cropped-logotipi-vector-04.png","contentUrl":"https:\/\/trgovina.pasjauniverza.si\/wp-content\/uploads\/2024\/08\/cropped-logotipi-vector-04.png","width":942,"height":908,"caption":"Trgovina Pasja Univerza"},"image":{"@id":"https:\/\/trgovina.pasjauniverza.si\/#\/schema\/logo\/image\/"}}]}},"uagb_featured_image_src":{"full":["https:\/\/trgovina.pasjauniverza.si\/wp-content\/uploads\/2025\/06\/GIGI3DENG2024WeightN30-75mlWHITE.jpg",2000,2000,false],"thumbnail":["https:\/\/trgovina.pasjauniverza.si\/wp-content\/uploads\/2025\/06\/GIGI3DENG2024WeightN30-75mlWHITE-150x150.jpg",150,150,true],"medium":["https:\/\/trgovina.pasjauniverza.si\/wp-content\/uploads\/2025\/06\/GIGI3DENG2024WeightN30-75mlWHITE-300x300.jpg",300,300,true],"medium_large":["https:\/\/trgovina.pasjauniverza.si\/wp-content\/uploads\/2025\/06\/GIGI3DENG2024WeightN30-75mlWHITE-768x768.jpg",768,768,true],"large":["https:\/\/trgovina.pasjauniverza.si\/wp-content\/uploads\/2025\/06\/GIGI3DENG2024WeightN30-75mlWHITE-1024x1024.jpg",1024,1024,true],"1536x1536":["https:\/\/trgovina.pasjauniverza.si\/wp-content\/uploads\/2025\/06\/GIGI3DENG2024WeightN30-75mlWHITE-1536x1536.jpg",1536,1536,true],"2048x2048":["https:\/\/trgovina.pasjauniverza.si\/wp-content\/uploads\/2025\/06\/GIGI3DENG2024WeightN30-75mlWHITE.jpg",2000,2000,false],"trp-custom-language-flag":["https:\/\/trgovina.pasjauniverza.si\/wp-content\/uploads\/2025\/06\/GIGI3DENG2024WeightN30-75mlWHITE-12x12.jpg",12,12,true],"woocommerce_thumbnail":["https:\/\/trgovina.pasjauniverza.si\/wp-content\/uploads\/2025\/06\/GIGI3DENG2024WeightN30-75mlWHITE-300x300.jpg",300,300,true],"woocommerce_single":["https:\/\/trgovina.pasjauniverza.si\/wp-content\/uploads\/2025\/06\/GIGI3DENG2024WeightN30-75mlWHITE-600x600.jpg",600,600,true],"woocommerce_gallery_thumbnail":["https:\/\/trgovina.pasjauniverza.si\/wp-content\/uploads\/2025\/06\/GIGI3DENG2024WeightN30-75mlWHITE-100x100.jpg",100,100,true]},"uagb_author_info":{"display_name":"Karmen Grubeli\u0107, dr.vet.med.","author_link":"https:\/\/trgovina.pasjauniverza.si\/en\/author\/"},"uagb_comment_info":0,"uagb_excerpt":"GigiVet FitPet - Naravno dopolnilo za dvig energije in izgubo odve\u010dne telesne te\u017ee FitPet spodbuja presnovo, pretvori ma\u0161\u010dobo v energijo in ohranja vitalnost va\u0161ega ljubljen\u010dka pred vadbo ali zjutraj. Idealno za prekomerno te\u017eke in aktivne pse ter ma\u010dke. Pospe\u0161i izgubo ma\u0161\u010dobe z L-karnitinom Pove\u010da vzdr\u017eljivost s sibirskim ginsengom Podpira srce z koencimom Q10 Izbolj\u0161a gibljivost&hellip;","jetpack_sharing_enabled":true,"_links":{"self":[{"href":"https:\/\/trgovina.pasjauniverza.si\/en\/wp-json\/wp\/v2\/product\/14058","targetHints":{"allow":["GET"]}}],"collection":[{"href":"https:\/\/trgovina.pasjauniverza.si\/en\/wp-json\/wp\/v2\/product"}],"about":[{"href":"https:\/\/trgovina.pasjauniverza.si\/en\/wp-json\/wp\/v2\/types\/product"}],"replies":[{"embeddable":true,"href":"https:\/\/trgovina.pasjauniverza.si\/en\/wp-json\/wp\/v2\/comments?post=14058"}],"wp:featuredmedia":[{"embeddable":true,"href":"https:\/\/trgovina.pasjauniverza.si\/en\/wp-json\/wp\/v2\/media\/17029"}],"wp:attachment":[{"href":"https:\/\/trgovina.pasjauniverza.si\/en\/wp-json\/wp\/v2\/media?parent=14058"}],"wp:term":[{"taxonomy":"product_brand","embeddable":true,"href":"https:\/\/trgovina.pasjauniverza.si\/en\/wp-json\/wp\/v2\/product_brand?post=14058"},{"taxonomy":"product_cat","embeddable":true,"href":"https:\/\/trgovina.pasjauniverza.si\/en\/wp-json\/wp\/v2\/product_cat?post=14058"},{"taxonomy":"product_tag","embeddable":true,"href":"https:\/\/trgovina.pasjauniverza.si\/en\/wp-json\/wp\/v2\/product_tag?post=14058"}],"curies":[{"name":"wp","href":"https:\/\/api.w.org\/{rel}","templated":true}]}}