
{"id":14039,"date":"2025-06-12T12:40:15","date_gmt":"2025-06-12T12:40:15","guid":{"rendered":"https:\/\/trgovina.pasjauniverza.si\/?post_type=product&#038;p=14039"},"modified":"2026-03-16T08:55:55","modified_gmt":"2026-03-16T08:55:55","slug":"gigivet-hepavetin-za-podporo-jeter-in-naravno-razstrupljanje","status":"publish","type":"product","link":"https:\/\/trgovina.pasjauniverza.si\/en\/product\/gigivet-hepavetin-za-podporo-jeter-in-naravno-razstrupljanje\/","title":{"rendered":"GigiVet Hepavetin &#8211; za podporo jeter in naravno razstrupljanje"},"content":{"rendered":"<p data-start=\"0\" data-end=\"169\"><strong data-start=\"88\" data-end=\"169\">Naravno in u\u010dinkovito prehransko dopolnilo za podporo jeter in razstrupljanje<\/strong><\/p>\n<p data-start=\"171\" data-end=\"248\"><strong data-start=\"171\" data-end=\"189\">Kdaj uporabiti<\/strong><br \/>\nUporabite Hepavetin pri te\u017eavah z jetri in zastrupitvah.<\/p>\n<p data-start=\"250\" data-end=\"356\"><strong data-start=\"250\" data-end=\"265\">Primerno za<\/strong><br \/>\nVse velikosti in starosti psov in ma\u010dk.<br \/>\nNajbolj\u0161e dopolnilo za zdravje jeter pri psih.<\/p>\n<p data-start=\"358\" data-end=\"463\">Naravno dopolnilo za prepre\u010devanje bolezni jeter, spodbudo presnove in razstrupljanje pri psih in ma\u010dkah.<\/p>\n<p data-start=\"465\" data-end=\"485\"><strong data-start=\"465\" data-end=\"483\">Glavne koristi<\/strong><\/p>\n<ul data-start=\"486\" data-end=\"687\">\n<li data-start=\"486\" data-end=\"535\">\n<p data-start=\"488\" data-end=\"535\">Naravno in u\u010dinkovito podpira delovanje jeter<\/p>\n<\/li>\n<li data-start=\"536\" data-end=\"635\">\n<p data-start=\"538\" data-end=\"635\">Obnavlja celi\u010dne membrane hepatocitov s spodbudo sinteze strukturnih beljakovin in fosfolipidov<\/p>\n<\/li>\n<li data-start=\"636\" data-end=\"657\">\n<p data-start=\"638\" data-end=\"657\">Spodbuja presnovo<\/p>\n<\/li>\n<li data-start=\"658\" data-end=\"687\">\n<p data-start=\"660\" data-end=\"687\">Pomaga pri razstrupljanju<\/p>\n<\/li>\n<\/ul>\n<p data-start=\"689\" data-end=\"772\"><strong data-start=\"689\" data-end=\"770\">Farmakolo\u0161ke lastnosti in aktivne sestavine Hepavetin prehranskega dopolnila:<\/strong><\/p>\n<ul data-start=\"773\" data-end=\"1405\">\n<li data-start=\"773\" data-end=\"1116\">\n<p data-start=\"775\" data-end=\"1116\"><strong data-start=\"775\" data-end=\"823\">Ekstrakt pegastega badlja (Silybum marianum)<\/strong>: vsebuje me\u0161anico flavonoidov, najbolj aktiven je silibinin, ki spodbuja celi\u010dno presnovo, aktivira sintezo beljakovin in fosfolipidov v hepatocitih; prepre\u010duje razpad celi\u010dnih membran, prepre\u010duje izgubo strukturnih komponent hepatocitov in prepre\u010duje vstop strupenih snovi v jetrne celice.<\/p>\n<\/li>\n<li data-start=\"1117\" data-end=\"1333\">\n<p data-start=\"1119\" data-end=\"1333\"><strong data-start=\"1119\" data-end=\"1149\">MSM (metil sulfonil metan)<\/strong>: naravni vir organskega \u017evepla (34 % \u017evepla, bio-razpolo\u017eljivost 85 %), omogo\u010da izmenjavo natrij-kalijevih ionov v jetrnih celicah, od \u010desar je odvisna prepustnost celi\u010dnih membran.<\/p>\n<\/li>\n<li data-start=\"1334\" data-end=\"1405\">\n<p data-start=\"1336\" data-end=\"1405\"><strong data-start=\"1336\" data-end=\"1349\">Vitamin C<\/strong>: deluje kot antioksidant in spodbuja tvorbo levkocitov.<\/p>\n<\/li>\n<\/ul>\n<p data-start=\"1407\" data-end=\"1496\"><strong data-start=\"1407\" data-end=\"1433\">Priporo\u010dilo za uporabo<\/strong><br \/>\nNajbolj\u0161e dopolnilo za prepre\u010devanje bolezni jeter pri psih.<\/p>\n<hr data-start=\"1498\" data-end=\"1501\">\n<h3 data-start=\"1503\" data-end=\"1544\">Podatki o dopolnilu in shranjevanje<\/h3>\n<p data-start=\"1545\" data-end=\"1574\"><strong data-start=\"1545\" data-end=\"1572\">Sestava (na 1 tableto):<\/strong><\/p>\n<ul data-start=\"1575\" data-end=\"1690\">\n<li data-start=\"1575\" data-end=\"1636\">\n<p data-start=\"1577\" data-end=\"1636\">Ekstrakt pegastega badlja (Carnitine Milk thistle)\u2003100 mg<\/p>\n<\/li>\n<li data-start=\"1637\" data-end=\"1662\">\n<p data-start=\"1639\" data-end=\"1662\">MSM\u2003\u2003\u2003\u2003\u2003\u2003\u2003\u2003\u2003\u2003\u2003\u2003\u200390 mg<\/p>\n<\/li>\n<li data-start=\"1663\" data-end=\"1690\">\n<p data-start=\"1665\" data-end=\"1690\">Vitamin C\u2003\u2003\u2003\u2003\u2003\u2003\u2003\u2003\u200315 mg<\/p>\n<\/li>\n<\/ul>\n<p>DNEVNO DOZIRANJE:<\/p>\n<p data-start=\"0\" data-end=\"86\">1 tableta na 15 kg telesne te\u017ee ali po navodilu veterinarja.<\/p>\n<p data-start=\"88\" data-end=\"134\" data-is-last-node=\"\" data-is-only-node=\"\"><em data-start=\"88\" data-end=\"134\" data-is-last-node=\"\">Jemati po glavnem obroku najmanj 1\u20133 mesece. DNEVNO koli\u010dino razdelite na 3 DELE.<\/em><\/p>\n<p data-start=\"1692\" data-end=\"1814\"><strong data-start=\"1692\" data-end=\"1708\">Rok uporabe:<\/strong> 26 mesecev od datuma proizvodnje<br \/>\n<strong data-start=\"1744\" data-end=\"1761\">Shranjevanje:<\/strong> pri temperaturi 0 \u2013 25 \u00b0C, relativna vla\u017enost \u2264 75 %<\/p>\n<p data-start=\"1816\" data-end=\"2015\"><strong data-start=\"1816\" data-end=\"1839\">Najbolj\u0161e sestavine<\/strong><br \/>\nHepavetin vsebuje ekstrakt pegastega badlja, MSM in vitamin C. Na\u0161i svetovno priznani farmacevti so vrsto let raziskovali in razvili najbolj\u0161a dopolnila za va\u0161e ljubljen\u010dke.<\/p>\n<p data-start=\"2017\" data-end=\"2179\"><strong data-start=\"2017\" data-end=\"2052\">Zaupanja vredno \u017ee v 15 dr\u017eavah<\/strong><br \/>\nZaradi kakovosti in dostopne cene je u\u010dinkovitost GIGI VET dopolnil potrjena s strani stotiso\u010dev psov in njihovih lastnikov.<\/p>\n<p data-start=\"2181\" data-end=\"2387\" data-is-last-node=\"\" data-is-only-node=\"\"><strong data-start=\"2181\" data-end=\"2208\">Ve\u010d kot 20 let izku\u0161enj<\/strong><br \/>\nDve desetletji blagovna znamka GIGI VET prina\u0161a izjemne rezultate pri zdravju psov. Na\u0161i strokovnjaki nadaljujejo z razvojem vrhunskih prehranskih dopolnil za va\u0161e ljubljen\u010dke.<\/p>","protected":false},"excerpt":{"rendered":"<p data-start=\"65\" data-end=\"163\">Naravna podpora delovanju jeter in razstrupljanju pri psih in ma\u010dkah vseh starosti in velikosti.<\/p>\n<ul data-start=\"188\" data-end=\"518\">\n<li data-start=\"188\" data-end=\"260\">\n<p data-start=\"190\" data-end=\"260\"><strong data-start=\"190\" data-end=\"214\">Obnovi jetrne celice<\/strong> \u2013 spodbudi regeneracijo membran hepatocitov<\/p>\n<\/li>\n<li data-start=\"261\" data-end=\"365\">\n<p data-start=\"263\" data-end=\"365\"><strong data-start=\"263\" data-end=\"283\">Pospe\u0161i presnovo<\/strong> \u2013 izvle\u010dek pegastega badlja in L-karnitin podpre tvorbo strukturalnih proteinov<\/p>\n<\/li>\n<li data-start=\"366\" data-end=\"435\">\n<p data-start=\"368\" data-end=\"435\"><strong data-start=\"368\" data-end=\"388\">Razstruplja telo<\/strong> \u2013 MSM pomaga pri izlo\u010danju toksinov iz jeter<\/p>\n<\/li>\n<li data-start=\"436\" data-end=\"518\">\n<p data-start=\"438\" data-end=\"518\"><strong data-start=\"438\" data-end=\"467\">Antioksidativno delovanje<\/strong> \u2013 vitamin C varuje jetrne celice pred po\u0161kodbami<\/p>\n<\/li>\n<\/ul>\n<ul data-start=\"535\" data-end=\"777\">\n<li data-start=\"535\" data-end=\"605\">\n<p data-start=\"537\" data-end=\"605\">100 % naravne sestavine (pegasti badelj, karnitin, MSM, vitamin C)<\/p>\n<\/li>\n<li data-start=\"606\" data-end=\"660\">\n<p data-start=\"608\" data-end=\"660\">Prepre\u010duje in laj\u0161a jetrne bolezni ter zastrupitve<\/p>\n<\/li>\n<li data-start=\"661\" data-end=\"705\">\n<p data-start=\"663\" data-end=\"705\">Primeren za mladi\u010de, odrasle in seniorje<\/p>\n<\/li>\n<li data-start=\"706\" data-end=\"777\">\n<p data-start=\"708\" data-end=\"777\">Varen za dolgotrajno uporabo brez hormonskih ali kemijskih dodatkov<\/p>\n<\/li>\n<\/ul>","protected":false},"featured_media":14044,"comment_status":"open","ping_status":"closed","template":"","meta":{"_acf_changed":false,"_uag_custom_page_level_css":"","site-sidebar-layout":"default","site-content-layout":"","ast-site-content-layout":"default","site-content-style":"default","site-sidebar-style":"default","ast-global-header-display":"","ast-banner-title-visibility":"","ast-main-header-display":"","ast-hfb-above-header-display":"","ast-hfb-below-header-display":"","ast-hfb-mobile-header-display":"","site-post-title":"","ast-breadcrumbs-content":"","ast-featured-img":"","footer-sml-layout":"","ast-disable-related-posts":"","theme-transparent-header-meta":"default","adv-header-id-meta":"","stick-header-meta":"","header-above-stick-meta":"","header-main-stick-meta":"","header-below-stick-meta":"","astra-migrate-meta-layouts":"set","ast-page-background-enabled":"default","ast-page-background-meta":{"desktop":{"background-color":"","background-image":"","background-repeat":"repeat","background-position":"center center","background-size":"auto","background-attachment":"scroll","background-type":"","background-media":"","overlay-type":"","overlay-color":"","overlay-opacity":"","overlay-gradient":""},"tablet":{"background-color":"","background-image":"","background-repeat":"repeat","background-position":"center center","background-size":"auto","background-attachment":"scroll","background-type":"","background-media":"","overlay-type":"","overlay-color":"","overlay-opacity":"","overlay-gradient":""},"mobile":{"background-color":"","background-image":"","background-repeat":"repeat","background-position":"center center","background-size":"auto","background-attachment":"scroll","background-type":"","background-media":"","overlay-type":"","overlay-color":"","overlay-opacity":"","overlay-gradient":""}},"ast-content-background-meta":{"desktop":{"background-color":"var(--ast-global-color-5)","background-image":"","background-repeat":"repeat","background-position":"center center","background-size":"auto","background-attachment":"scroll","background-type":"","background-media":"","overlay-type":"","overlay-color":"","overlay-opacity":"","overlay-gradient":""},"tablet":{"background-color":"var(--ast-global-color-5)","background-image":"","background-repeat":"repeat","background-position":"center center","background-size":"auto","background-attachment":"scroll","background-type":"","background-media":"","overlay-type":"","overlay-color":"","overlay-opacity":"","overlay-gradient":""},"mobile":{"background-color":"var(--ast-global-color-5)","background-image":"","background-repeat":"repeat","background-position":"center center","background-size":"auto","background-attachment":"scroll","background-type":"","background-media":"","overlay-type":"","overlay-color":"","overlay-opacity":"","overlay-gradient":""}}},"product_brand":[926],"product_cat":[744,747,724,733,420,723,18,740],"product_tag":[854,850,848,851,849,856,855,852,853],"class_list":{"0":"post-14039","1":"product","2":"type-product","3":"status-publish","4":"has-post-thumbnail","6":"product_brand-gigivet","7":"product_cat-blagovne-znamke","8":"product_cat-gigivet-blagovne-znamke","9":"product_cat-macke","10":"product_cat-prehranski-dodatki-za-macke","11":"product_cat-prehranski-dodatki-za-pse","12":"product_cat-psi","13":"product_cat-vsi-izdelki","14":"product_cat-za-jetra-in-razstrupljanje","15":"product_tag-detox","16":"product_tag-hepatitis","17":"product_tag-jetra","18":"product_tag-naravnozajetra","19":"product_tag-podporajetrom","20":"product_tag-razstrupljanje","21":"product_tag-razstrupljanjejeter","22":"product_tag-vnetjejeter","23":"product_tag-zdravila","24":"desktop-align-center","25":"tablet-align-center","26":"mobile-align-center","28":"first","29":"instock","30":"shipping-taxable","31":"purchasable","32":"product-type-variable"},"acf":[],"yoast_head":"<!-- This site is optimized with the Yoast SEO plugin v27.4 - https:\/\/yoast.com\/product\/yoast-seo-wordpress\/ -->\n<title>GigiVet Hepavetin - za podporo jeter in naravno razstrupljanje - Trgovina Pasja Univerza<\/title>\n<meta name=\"description\" content=\"GigiVet Hepavetin - za prepre\u010devanje bolezni jeter in naravno razstrupljanje\" \/>\n<meta name=\"robots\" content=\"index, follow, max-snippet:-1, max-image-preview:large, max-video-preview:-1\" \/>\n<link rel=\"canonical\" href=\"https:\/\/trgovina.pasjauniverza.si\/en\/product\/gigivet-hepavetin-za-podporo-jeter-in-naravno-razstrupljanje\/\" \/>\n<meta property=\"og:locale\" content=\"en_US\" \/>\n<meta property=\"og:type\" content=\"article\" \/>\n<meta property=\"og:title\" content=\"GigiVet Hepavetin - za podporo jeter in naravno razstrupljanje - Trgovina Pasja Univerza\" \/>\n<meta property=\"og:description\" content=\"GigiVet Hepavetin - za prepre\u010devanje bolezni jeter in naravno razstrupljanje\" \/>\n<meta property=\"og:url\" content=\"https:\/\/trgovina.pasjauniverza.si\/en\/product\/gigivet-hepavetin-za-podporo-jeter-in-naravno-razstrupljanje\/\" \/>\n<meta property=\"og:site_name\" content=\"Trgovina Pasja Univerza\" \/>\n<meta property=\"article:modified_time\" content=\"2026-03-16T08:55:55+00:00\" \/>\n<meta property=\"og:image\" content=\"https:\/\/trgovina.pasjauniverza.si\/wp-content\/uploads\/2025\/06\/GigiVet-Hepavetin-za-preprecevanje-bolezni-jeter-in-naravno-razstrupljanje.webp\" \/>\n\t<meta property=\"og:image:width\" content=\"720\" \/>\n\t<meta property=\"og:image:height\" content=\"720\" \/>\n\t<meta property=\"og:image:type\" content=\"image\/webp\" \/>\n<meta name=\"twitter:card\" content=\"summary_large_image\" \/>\n<meta name=\"twitter:label1\" content=\"Est. reading time\" \/>\n\t<meta name=\"twitter:data1\" content=\"2 minutes\" \/>\n<script type=\"application\/ld+json\" class=\"yoast-schema-graph\">{\"@context\":\"https:\\\/\\\/schema.org\",\"@graph\":[{\"@type\":\"WebPage\",\"@id\":\"https:\\\/\\\/trgovina.pasjauniverza.si\\\/product\\\/gigivet-hepavetin-za-podporo-jeter-in-naravno-razstrupljanje\\\/\",\"url\":\"https:\\\/\\\/trgovina.pasjauniverza.si\\\/product\\\/gigivet-hepavetin-za-podporo-jeter-in-naravno-razstrupljanje\\\/\",\"name\":\"GigiVet Hepavetin - za podporo jeter in naravno razstrupljanje - Trgovina Pasja Univerza\",\"isPartOf\":{\"@id\":\"https:\\\/\\\/trgovina.pasjauniverza.si\\\/#website\"},\"primaryImageOfPage\":{\"@id\":\"https:\\\/\\\/trgovina.pasjauniverza.si\\\/product\\\/gigivet-hepavetin-za-podporo-jeter-in-naravno-razstrupljanje\\\/#primaryimage\"},\"image\":{\"@id\":\"https:\\\/\\\/trgovina.pasjauniverza.si\\\/product\\\/gigivet-hepavetin-za-podporo-jeter-in-naravno-razstrupljanje\\\/#primaryimage\"},\"thumbnailUrl\":\"https:\\\/\\\/trgovina.pasjauniverza.si\\\/wp-content\\\/uploads\\\/2025\\\/06\\\/GigiVet-Hepavetin-za-preprecevanje-bolezni-jeter-in-naravno-razstrupljanje.webp\",\"datePublished\":\"2025-06-12T12:40:15+00:00\",\"dateModified\":\"2026-03-16T08:55:55+00:00\",\"description\":\"GigiVet Hepavetin - za prepre\u010devanje bolezni jeter in naravno razstrupljanje\",\"breadcrumb\":{\"@id\":\"https:\\\/\\\/trgovina.pasjauniverza.si\\\/product\\\/gigivet-hepavetin-za-podporo-jeter-in-naravno-razstrupljanje\\\/#breadcrumb\"},\"inLanguage\":\"en-US\",\"potentialAction\":[{\"@type\":\"ReadAction\",\"target\":[\"https:\\\/\\\/trgovina.pasjauniverza.si\\\/product\\\/gigivet-hepavetin-za-podporo-jeter-in-naravno-razstrupljanje\\\/\"]}]},{\"@type\":\"ImageObject\",\"inLanguage\":\"en-US\",\"@id\":\"https:\\\/\\\/trgovina.pasjauniverza.si\\\/product\\\/gigivet-hepavetin-za-podporo-jeter-in-naravno-razstrupljanje\\\/#primaryimage\",\"url\":\"https:\\\/\\\/trgovina.pasjauniverza.si\\\/wp-content\\\/uploads\\\/2025\\\/06\\\/GigiVet-Hepavetin-za-preprecevanje-bolezni-jeter-in-naravno-razstrupljanje.webp\",\"contentUrl\":\"https:\\\/\\\/trgovina.pasjauniverza.si\\\/wp-content\\\/uploads\\\/2025\\\/06\\\/GigiVet-Hepavetin-za-preprecevanje-bolezni-jeter-in-naravno-razstrupljanje.webp\",\"width\":720,\"height\":720,\"caption\":\"GigiVet Hepavetin - za prepre\u010devanje bolezni jeter in naravno razstrupljanje\"},{\"@type\":\"BreadcrumbList\",\"@id\":\"https:\\\/\\\/trgovina.pasjauniverza.si\\\/product\\\/gigivet-hepavetin-za-podporo-jeter-in-naravno-razstrupljanje\\\/#breadcrumb\",\"itemListElement\":[{\"@type\":\"ListItem\",\"position\":1,\"name\":\"Home\",\"item\":\"https:\\\/\\\/trgovina.pasjauniverza.si\\\/\"},{\"@type\":\"ListItem\",\"position\":2,\"name\":\"Trgovina\",\"item\":\"https:\\\/\\\/trgovina.pasjauniverza.si\\\/trgovina\\\/\"},{\"@type\":\"ListItem\",\"position\":3,\"name\":\"GigiVet Hepavetin &#8211; za podporo jeter in naravno razstrupljanje\"}]},{\"@type\":\"WebSite\",\"@id\":\"https:\\\/\\\/trgovina.pasjauniverza.si\\\/#website\",\"url\":\"https:\\\/\\\/trgovina.pasjauniverza.si\\\/\",\"name\":\"Trgovina Pasja Univerza\",\"description\":\"pasja univerza trgovina\",\"publisher\":{\"@id\":\"https:\\\/\\\/trgovina.pasjauniverza.si\\\/#organization\"},\"potentialAction\":[{\"@type\":\"SearchAction\",\"target\":{\"@type\":\"EntryPoint\",\"urlTemplate\":\"https:\\\/\\\/trgovina.pasjauniverza.si\\\/?s={search_term_string}\"},\"query-input\":{\"@type\":\"PropertyValueSpecification\",\"valueRequired\":true,\"valueName\":\"search_term_string\"}}],\"inLanguage\":\"en-US\"},{\"@type\":\"Organization\",\"@id\":\"https:\\\/\\\/trgovina.pasjauniverza.si\\\/#organization\",\"name\":\"Trgovina Pasja Univerza\",\"url\":\"https:\\\/\\\/trgovina.pasjauniverza.si\\\/\",\"logo\":{\"@type\":\"ImageObject\",\"inLanguage\":\"en-US\",\"@id\":\"https:\\\/\\\/trgovina.pasjauniverza.si\\\/#\\\/schema\\\/logo\\\/image\\\/\",\"url\":\"https:\\\/\\\/trgovina.pasjauniverza.si\\\/wp-content\\\/uploads\\\/2024\\\/08\\\/cropped-logotipi-vector-04.png\",\"contentUrl\":\"https:\\\/\\\/trgovina.pasjauniverza.si\\\/wp-content\\\/uploads\\\/2024\\\/08\\\/cropped-logotipi-vector-04.png\",\"width\":942,\"height\":908,\"caption\":\"Trgovina Pasja Univerza\"},\"image\":{\"@id\":\"https:\\\/\\\/trgovina.pasjauniverza.si\\\/#\\\/schema\\\/logo\\\/image\\\/\"}}]}<\/script>\n<!-- \/ Yoast SEO plugin. -->","yoast_head_json":{"title":"GigiVet Hepavetin - za podporo jeter in naravno razstrupljanje - Trgovina Pasja Univerza","description":"GigiVet Hepavetin - za prepre\u010devanje bolezni jeter in naravno razstrupljanje","robots":{"index":"index","follow":"follow","max-snippet":"max-snippet:-1","max-image-preview":"max-image-preview:large","max-video-preview":"max-video-preview:-1"},"canonical":"https:\/\/trgovina.pasjauniverza.si\/en\/product\/gigivet-hepavetin-za-podporo-jeter-in-naravno-razstrupljanje\/","og_locale":"en_US","og_type":"article","og_title":"GigiVet Hepavetin - za podporo jeter in naravno razstrupljanje - Trgovina Pasja Univerza","og_description":"GigiVet Hepavetin - za prepre\u010devanje bolezni jeter in naravno razstrupljanje","og_url":"https:\/\/trgovina.pasjauniverza.si\/en\/product\/gigivet-hepavetin-za-podporo-jeter-in-naravno-razstrupljanje\/","og_site_name":"Trgovina Pasja Univerza","article_modified_time":"2026-03-16T08:55:55+00:00","og_image":[{"width":720,"height":720,"url":"https:\/\/trgovina.pasjauniverza.si\/wp-content\/uploads\/2025\/06\/GigiVet-Hepavetin-za-preprecevanje-bolezni-jeter-in-naravno-razstrupljanje.webp","type":"image\/webp"}],"twitter_card":"summary_large_image","twitter_misc":{"Est. reading time":"2 minutes"},"schema":{"@context":"https:\/\/schema.org","@graph":[{"@type":"WebPage","@id":"https:\/\/trgovina.pasjauniverza.si\/product\/gigivet-hepavetin-za-podporo-jeter-in-naravno-razstrupljanje\/","url":"https:\/\/trgovina.pasjauniverza.si\/product\/gigivet-hepavetin-za-podporo-jeter-in-naravno-razstrupljanje\/","name":"GigiVet Hepavetin - za podporo jeter in naravno razstrupljanje - Trgovina Pasja Univerza","isPartOf":{"@id":"https:\/\/trgovina.pasjauniverza.si\/#website"},"primaryImageOfPage":{"@id":"https:\/\/trgovina.pasjauniverza.si\/product\/gigivet-hepavetin-za-podporo-jeter-in-naravno-razstrupljanje\/#primaryimage"},"image":{"@id":"https:\/\/trgovina.pasjauniverza.si\/product\/gigivet-hepavetin-za-podporo-jeter-in-naravno-razstrupljanje\/#primaryimage"},"thumbnailUrl":"https:\/\/trgovina.pasjauniverza.si\/wp-content\/uploads\/2025\/06\/GigiVet-Hepavetin-za-preprecevanje-bolezni-jeter-in-naravno-razstrupljanje.webp","datePublished":"2025-06-12T12:40:15+00:00","dateModified":"2026-03-16T08:55:55+00:00","description":"GigiVet Hepavetin - za prepre\u010devanje bolezni jeter in naravno razstrupljanje","breadcrumb":{"@id":"https:\/\/trgovina.pasjauniverza.si\/product\/gigivet-hepavetin-za-podporo-jeter-in-naravno-razstrupljanje\/#breadcrumb"},"inLanguage":"en-US","potentialAction":[{"@type":"ReadAction","target":["https:\/\/trgovina.pasjauniverza.si\/product\/gigivet-hepavetin-za-podporo-jeter-in-naravno-razstrupljanje\/"]}]},{"@type":"ImageObject","inLanguage":"en-US","@id":"https:\/\/trgovina.pasjauniverza.si\/product\/gigivet-hepavetin-za-podporo-jeter-in-naravno-razstrupljanje\/#primaryimage","url":"https:\/\/trgovina.pasjauniverza.si\/wp-content\/uploads\/2025\/06\/GigiVet-Hepavetin-za-preprecevanje-bolezni-jeter-in-naravno-razstrupljanje.webp","contentUrl":"https:\/\/trgovina.pasjauniverza.si\/wp-content\/uploads\/2025\/06\/GigiVet-Hepavetin-za-preprecevanje-bolezni-jeter-in-naravno-razstrupljanje.webp","width":720,"height":720,"caption":"GigiVet Hepavetin - za prepre\u010devanje bolezni jeter in naravno razstrupljanje"},{"@type":"BreadcrumbList","@id":"https:\/\/trgovina.pasjauniverza.si\/product\/gigivet-hepavetin-za-podporo-jeter-in-naravno-razstrupljanje\/#breadcrumb","itemListElement":[{"@type":"ListItem","position":1,"name":"Home","item":"https:\/\/trgovina.pasjauniverza.si\/"},{"@type":"ListItem","position":2,"name":"Trgovina","item":"https:\/\/trgovina.pasjauniverza.si\/trgovina\/"},{"@type":"ListItem","position":3,"name":"GigiVet Hepavetin &#8211; za podporo jeter in naravno razstrupljanje"}]},{"@type":"WebSite","@id":"https:\/\/trgovina.pasjauniverza.si\/#website","url":"https:\/\/trgovina.pasjauniverza.si\/","name":"Trgovina Pasja Univerza","description":"pasja univerza trgovina","publisher":{"@id":"https:\/\/trgovina.pasjauniverza.si\/#organization"},"potentialAction":[{"@type":"SearchAction","target":{"@type":"EntryPoint","urlTemplate":"https:\/\/trgovina.pasjauniverza.si\/?s={search_term_string}"},"query-input":{"@type":"PropertyValueSpecification","valueRequired":true,"valueName":"search_term_string"}}],"inLanguage":"en-US"},{"@type":"Organization","@id":"https:\/\/trgovina.pasjauniverza.si\/#organization","name":"Trgovina Pasja Univerza","url":"https:\/\/trgovina.pasjauniverza.si\/","logo":{"@type":"ImageObject","inLanguage":"en-US","@id":"https:\/\/trgovina.pasjauniverza.si\/#\/schema\/logo\/image\/","url":"https:\/\/trgovina.pasjauniverza.si\/wp-content\/uploads\/2024\/08\/cropped-logotipi-vector-04.png","contentUrl":"https:\/\/trgovina.pasjauniverza.si\/wp-content\/uploads\/2024\/08\/cropped-logotipi-vector-04.png","width":942,"height":908,"caption":"Trgovina Pasja Univerza"},"image":{"@id":"https:\/\/trgovina.pasjauniverza.si\/#\/schema\/logo\/image\/"}}]}},"uagb_featured_image_src":{"full":["https:\/\/trgovina.pasjauniverza.si\/wp-content\/uploads\/2025\/06\/GigiVet-Hepavetin-za-preprecevanje-bolezni-jeter-in-naravno-razstrupljanje.webp",720,720,false],"thumbnail":["https:\/\/trgovina.pasjauniverza.si\/wp-content\/uploads\/2025\/06\/GigiVet-Hepavetin-za-preprecevanje-bolezni-jeter-in-naravno-razstrupljanje-150x150.webp",150,150,true],"medium":["https:\/\/trgovina.pasjauniverza.si\/wp-content\/uploads\/2025\/06\/GigiVet-Hepavetin-za-preprecevanje-bolezni-jeter-in-naravno-razstrupljanje-300x300.webp",300,300,true],"medium_large":["https:\/\/trgovina.pasjauniverza.si\/wp-content\/uploads\/2025\/06\/GigiVet-Hepavetin-za-preprecevanje-bolezni-jeter-in-naravno-razstrupljanje.webp",720,720,false],"large":["https:\/\/trgovina.pasjauniverza.si\/wp-content\/uploads\/2025\/06\/GigiVet-Hepavetin-za-preprecevanje-bolezni-jeter-in-naravno-razstrupljanje.webp",720,720,false],"1536x1536":["https:\/\/trgovina.pasjauniverza.si\/wp-content\/uploads\/2025\/06\/GigiVet-Hepavetin-za-preprecevanje-bolezni-jeter-in-naravno-razstrupljanje.webp",720,720,false],"2048x2048":["https:\/\/trgovina.pasjauniverza.si\/wp-content\/uploads\/2025\/06\/GigiVet-Hepavetin-za-preprecevanje-bolezni-jeter-in-naravno-razstrupljanje.webp",720,720,false],"trp-custom-language-flag":["https:\/\/trgovina.pasjauniverza.si\/wp-content\/uploads\/2025\/06\/GigiVet-Hepavetin-za-preprecevanje-bolezni-jeter-in-naravno-razstrupljanje-12x12.webp",12,12,true],"woocommerce_thumbnail":["https:\/\/trgovina.pasjauniverza.si\/wp-content\/uploads\/2025\/06\/GigiVet-Hepavetin-za-preprecevanje-bolezni-jeter-in-naravno-razstrupljanje-300x300.webp",300,300,true],"woocommerce_single":["https:\/\/trgovina.pasjauniverza.si\/wp-content\/uploads\/2025\/06\/GigiVet-Hepavetin-za-preprecevanje-bolezni-jeter-in-naravno-razstrupljanje-600x600.webp",600,600,true],"woocommerce_gallery_thumbnail":["https:\/\/trgovina.pasjauniverza.si\/wp-content\/uploads\/2025\/06\/GigiVet-Hepavetin-za-preprecevanje-bolezni-jeter-in-naravno-razstrupljanje-100x100.webp",100,100,true]},"uagb_author_info":{"display_name":"Karmen Grubeli\u0107, dr.vet.med.","author_link":"https:\/\/trgovina.pasjauniverza.si\/en\/author\/"},"uagb_comment_info":0,"uagb_excerpt":"Naravna podpora delovanju jeter in razstrupljanju pri psih in ma\u010dkah vseh starosti in velikosti. Obnovi jetrne celice \u2013 spodbudi regeneracijo membran hepatocitov Pospe\u0161i presnovo \u2013 izvle\u010dek pegastega badlja in L-karnitin podpre tvorbo strukturalnih proteinov Razstruplja telo \u2013 MSM pomaga pri izlo\u010danju toksinov iz jeter Antioksidativno delovanje \u2013 vitamin C varuje jetrne celice pred po\u0161kodbami 100&hellip;","jetpack_sharing_enabled":true,"_links":{"self":[{"href":"https:\/\/trgovina.pasjauniverza.si\/en\/wp-json\/wp\/v2\/product\/14039","targetHints":{"allow":["GET"]}}],"collection":[{"href":"https:\/\/trgovina.pasjauniverza.si\/en\/wp-json\/wp\/v2\/product"}],"about":[{"href":"https:\/\/trgovina.pasjauniverza.si\/en\/wp-json\/wp\/v2\/types\/product"}],"replies":[{"embeddable":true,"href":"https:\/\/trgovina.pasjauniverza.si\/en\/wp-json\/wp\/v2\/comments?post=14039"}],"wp:featuredmedia":[{"embeddable":true,"href":"https:\/\/trgovina.pasjauniverza.si\/en\/wp-json\/wp\/v2\/media\/14044"}],"wp:attachment":[{"href":"https:\/\/trgovina.pasjauniverza.si\/en\/wp-json\/wp\/v2\/media?parent=14039"}],"wp:term":[{"taxonomy":"product_brand","embeddable":true,"href":"https:\/\/trgovina.pasjauniverza.si\/en\/wp-json\/wp\/v2\/product_brand?post=14039"},{"taxonomy":"product_cat","embeddable":true,"href":"https:\/\/trgovina.pasjauniverza.si\/en\/wp-json\/wp\/v2\/product_cat?post=14039"},{"taxonomy":"product_tag","embeddable":true,"href":"https:\/\/trgovina.pasjauniverza.si\/en\/wp-json\/wp\/v2\/product_tag?post=14039"}],"curies":[{"name":"wp","href":"https:\/\/api.w.org\/{rel}","templated":true}]}}