
{"id":14031,"date":"2025-06-12T12:00:46","date_gmt":"2025-06-12T12:00:46","guid":{"rendered":"https:\/\/trgovina.pasjauniverza.si\/?post_type=product&#038;p=14031"},"modified":"2026-04-24T11:00:42","modified_gmt":"2026-04-24T11:00:42","slug":"gigivet-uro-ursi-za-zdravje-secil-pri-psih-in-mackah","status":"publish","type":"product","link":"https:\/\/trgovina.pasjauniverza.si\/en\/product\/gigivet-uro-ursi-za-zdravje-secil-pri-psih-in-mackah\/","title":{"rendered":"GigiVet Uro-Ursi &#8211; podpora se\u010dilom pri psih in ma\u010dkah"},"content":{"rendered":"<p data-start=\"0\" data-end=\"137\"><strong data-start=\"0\" data-end=\"62\">GigiVet Uro-Ursi &#8211; U\u010dinkovita naravna podpora za zdravje se\u010dil pri psih in ma\u010dkah<\/strong><\/p>\n<hr data-start=\"139\" data-end=\"142\" \/>\n<h3 data-start=\"144\" data-end=\"164\">KDAJ UPORABITI<\/h3>\n<p data-start=\"165\" data-end=\"221\">Uporabite Uro-Ursi naravno dopolnilo pri zapletih se\u010dil.<\/p>\n<hr data-start=\"223\" data-end=\"226\" \/>\n<h3 data-start=\"228\" data-end=\"245\">PRIMERNO ZA<\/h3>\n<p data-start=\"246\" data-end=\"380\">Vse velikosti in starosti psov in ma\u010dk<br data-start=\"284\" data-end=\"287\" \/>Zelo priporo\u010dljivo za kastrirane, sterilizirane, manj aktivne in prete\u017eke hi\u0161ne ljubljen\u010dke<\/p>\n<p data-start=\"382\" data-end=\"501\"><strong data-start=\"382\" data-end=\"430\">Najbolj\u0161e naravno zdravljenje se\u010dil pri psih<\/strong><br data-start=\"430\" data-end=\"433\" \/>Prepre\u010duje nastanek kamnov v mehurju in cistitis pri psih in ma\u010dkah.<\/p>\n<hr data-start=\"503\" data-end=\"506\" \/>\n<h3 data-start=\"508\" data-end=\"521\">KORISTI<\/h3>\n<ul data-start=\"522\" data-end=\"669\">\n<li data-start=\"522\" data-end=\"540\">\n<p data-start=\"524\" data-end=\"540\">Zni\u017ea pH urina<\/p>\n<\/li>\n<li data-start=\"541\" data-end=\"613\">\n<p data-start=\"543\" data-end=\"613\">Blago diureti\u010dno delovanje, ki spodbuja izlo\u010danje kristalov iz se\u010dil<\/p>\n<\/li>\n<li data-start=\"614\" data-end=\"669\">\n<p data-start=\"616\" data-end=\"669\">Protivnetno, antisepti\u010dno in antimikrobno delovanje<\/p>\n<\/li>\n<\/ul>\n<hr data-start=\"671\" data-end=\"674\" \/>\n<h3 data-start=\"676\" data-end=\"721\">FARMAKOLO\u0160KE LASTNOSTI IN AKTIVNE SNOVI<\/h3>\n<ul data-start=\"722\" data-end=\"1471\">\n<li data-start=\"722\" data-end=\"1084\">\n<p data-start=\"724\" data-end=\"1084\"><strong data-start=\"724\" data-end=\"757\">Izvle\u010dek brusnic (Cranberry):<\/strong> vsebuje benzojsko kislino, ki krepi u\u010dinek antibiotikov in sulfonamidov, citronsko in kininsko kislino, oleinsko kislino, vitamine C in P, karoten, saponine, aminokisline, rutin, kvercetin, glikozide ter sledove joda, \u017eeleza, magnezija in mangana; tannini ve\u017eejo in izlo\u010dajo patogene bakterije iz se\u010dil ter laj\u0161ajo cistitis.<\/p>\n<\/li>\n<li data-start=\"1085\" data-end=\"1310\">\n<p data-start=\"1087\" data-end=\"1310\"><strong data-start=\"1087\" data-end=\"1123\">Izvle\u010dek medve\u0161\u010dice (Bearberry):<\/strong> vsebuje fenolni glikozid arbutin (6\u2009%), ki v telesu spro\u0161\u010da hidrohinon z antisepti\u010dnim u\u010dinkom, ter tanine in flavonoide; deluje protivnetno in diureti\u010dno, hidrohinon pa krepi diurezo.<\/p>\n<\/li>\n<li data-start=\"1311\" data-end=\"1471\">\n<p data-start=\"1313\" data-end=\"1471\"><strong data-start=\"1313\" data-end=\"1334\">Vitamin Ester C\u00ae:<\/strong> aktivira encimsko delovanje, prepre\u010duje oku\u017ebe, zavira razvoj patogenov in zakisanje urina; hitro se absorbira in ostane v telesu 24 ur.<\/p>\n<\/li>\n<\/ul>\n<hr data-start=\"1473\" data-end=\"1476\" \/>\n<p><strong>Sestava: <\/strong>\u00a0izvle\u010dek medvedke (Uva Ursi) 98,29 mg, kalcijev askorbat (vitamin C) 91,45 mg, izvle\u010dek brusnice 79,06 mg, magnezijev stearat, dekstroza. <strong>Dodatki na 1 kg: Tehnolo\u0161ki dodatki: <\/strong>kalcijev askorbat (E300). <strong>Analitske sestavine: <\/strong>surove beljakovine 16 %, surov pepel 4 %, surove ma\u0161\u010dobe in olja 0,5 %, surove vlaknine &lt; 0,2 %.<\/p>\n<p><strong>Navodila za uporabo: <\/strong>Za pse in ma\u010dke do 10 kg: 1 kapsula na dan, do 20 kg: 2 kapsuli, nad 20 kg: 3 kapsule. Priporo\u010deno trajanje uporabe: <strong>14 dni<\/strong>.<br \/>\nVsebino kapsule lahko zme\u0161ate z majhno koli\u010dino hrane.<\/p>\n<p><strong>Skladi\u0161\u010denje:<\/strong> Hraniti v suhem in hladnem prostoru, za\u0161\u010ditenem pred svetlobo.<\/p>\n<hr data-start=\"1838\" data-end=\"1841\" \/>\n<p data-start=\"1843\" data-end=\"2042\"><strong data-start=\"1843\" data-end=\"1857\">O izdelku:<\/strong><br data-start=\"1857\" data-end=\"1860\" \/>Uro-Ursi vsebuje izvle\u010dek brusnic, medve\u0161\u010dice in Vitamin Ester C\u00ae. Na\u0161i vrhunski farmacevti so leta raziskav vlo\u017eili v razvoj najbolj\u0161ih dopolnil za zdravje se\u010dil va\u0161ih ljubljen\u010dkov.<\/p>\n<p data-start=\"2044\" data-end=\"2163\" data-is-last-node=\"\" data-is-only-node=\"\"><strong data-start=\"2044\" data-end=\"2163\" data-is-last-node=\"\">Preizku\u0161eno v ve\u010d kot 15 dr\u017eavah, z ve\u010d kot 20 leti izku\u0161enj GIGI VET \u2013 zaupajte strokovnjakom za trajne rezultate.<\/strong><\/p>","protected":false},"excerpt":{"rendered":"<p data-start=\"0\" data-end=\"65\"><strong data-start=\"0\" data-end=\"63\">Uro-Ursi \u2013 Naravna podpora zdravju se\u010dil pri psih in ma\u010dkah<\/strong><\/p>\n<ul data-start=\"92\" data-end=\"377\">\n<li data-start=\"92\" data-end=\"137\">\n<p data-start=\"94\" data-end=\"137\">Zni\u017ea pH urina in prepre\u010di kristalizacijo<\/p>\n<\/li>\n<li data-start=\"138\" data-end=\"190\">\n<p data-start=\"140\" data-end=\"190\">Blago diureti\u010dno delovanje za odstranitev kamnov<\/p>\n<\/li>\n<li data-start=\"191\" data-end=\"246\">\n<p data-start=\"193\" data-end=\"246\">Protivnetno, antisepti\u010dno in antimikrobno delovanje<\/p>\n<\/li>\n<li data-start=\"247\" data-end=\"296\">\n<p data-start=\"249\" data-end=\"296\">Podpira zdravljenje cistitisa in vnetij se\u010dil<\/p>\n<\/li>\n<li data-start=\"297\" data-end=\"377\">\n<p data-start=\"299\" data-end=\"377\">Primeren za vse starosti in pasme, \u0161e posebej sterilizirane in sede\u010de \u017eivali<\/p>\n<\/li>\n<\/ul>","protected":false},"featured_media":14036,"comment_status":"open","ping_status":"closed","template":"","meta":{"_acf_changed":false,"_uag_custom_page_level_css":"","site-sidebar-layout":"default","site-content-layout":"","ast-site-content-layout":"default","site-content-style":"default","site-sidebar-style":"default","ast-global-header-display":"","ast-banner-title-visibility":"","ast-main-header-display":"","ast-hfb-above-header-display":"","ast-hfb-below-header-display":"","ast-hfb-mobile-header-display":"","site-post-title":"","ast-breadcrumbs-content":"","ast-featured-img":"","footer-sml-layout":"","ast-disable-related-posts":"","theme-transparent-header-meta":"default","adv-header-id-meta":"","stick-header-meta":"","header-above-stick-meta":"","header-main-stick-meta":"","header-below-stick-meta":"","astra-migrate-meta-layouts":"set","ast-page-background-enabled":"default","ast-page-background-meta":{"desktop":{"background-color":"","background-image":"","background-repeat":"repeat","background-position":"center center","background-size":"auto","background-attachment":"scroll","background-type":"","background-media":"","overlay-type":"","overlay-color":"","overlay-opacity":"","overlay-gradient":""},"tablet":{"background-color":"","background-image":"","background-repeat":"repeat","background-position":"center center","background-size":"auto","background-attachment":"scroll","background-type":"","background-media":"","overlay-type":"","overlay-color":"","overlay-opacity":"","overlay-gradient":""},"mobile":{"background-color":"","background-image":"","background-repeat":"repeat","background-position":"center center","background-size":"auto","background-attachment":"scroll","background-type":"","background-media":"","overlay-type":"","overlay-color":"","overlay-opacity":"","overlay-gradient":""}},"ast-content-background-meta":{"desktop":{"background-color":"var(--ast-global-color-5)","background-image":"","background-repeat":"repeat","background-position":"center center","background-size":"auto","background-attachment":"scroll","background-type":"","background-media":"","overlay-type":"","overlay-color":"","overlay-opacity":"","overlay-gradient":""},"tablet":{"background-color":"var(--ast-global-color-5)","background-image":"","background-repeat":"repeat","background-position":"center center","background-size":"auto","background-attachment":"scroll","background-type":"","background-media":"","overlay-type":"","overlay-color":"","overlay-opacity":"","overlay-gradient":""},"mobile":{"background-color":"var(--ast-global-color-5)","background-image":"","background-repeat":"repeat","background-position":"center center","background-size":"auto","background-attachment":"scroll","background-type":"","background-media":"","overlay-type":"","overlay-color":"","overlay-opacity":"","overlay-gradient":""}}},"product_brand":[926],"product_cat":[744,747,724,733,420,723,18,743],"product_tag":[861,865,116,863,864,857,860,858,862,859],"class_list":{"0":"post-14031","1":"product","2":"type-product","3":"status-publish","4":"has-post-thumbnail","6":"product_brand-gigivet","7":"product_cat-blagovne-znamke","8":"product_cat-gigivet-blagovne-znamke","9":"product_cat-macke","10":"product_cat-prehranski-dodatki-za-macke","11":"product_cat-prehranski-dodatki-za-pse","12":"product_cat-psi","13":"product_cat-vsi-izdelki","14":"product_cat-za-ledvica-in-secni-mehur","15":"product_tag-gigvet","16":"product_tag-krivurinu","17":"product_tag-lulanje","18":"product_tag-luza","19":"product_tag-po-kapljicah","20":"product_tag-secila","21":"product_tag-secnimehur","22":"product_tag-urin","23":"product_tag-vnetje","24":"product_tag-vnetmehur","25":"desktop-align-center","26":"tablet-align-center","27":"mobile-align-center","29":"first","30":"instock","31":"shipping-taxable","32":"purchasable","33":"product-type-variable"},"acf":[],"yoast_head":"<!-- This site is optimized with the Yoast SEO plugin v27.4 - https:\/\/yoast.com\/product\/yoast-seo-wordpress\/ -->\n<title>GigiVet Uro-Ursi - podpora se\u010dilom pri psih in ma\u010dkah - Trgovina Pasja Univerza<\/title>\n<meta name=\"description\" content=\"GigiVet Uro-Ursi - za zdravje se\u010dil pri psih in ma\u010dkah\" \/>\n<meta name=\"robots\" content=\"index, follow, max-snippet:-1, max-image-preview:large, max-video-preview:-1\" \/>\n<link rel=\"canonical\" href=\"https:\/\/trgovina.pasjauniverza.si\/en\/product\/gigivet-uro-ursi-za-zdravje-secil-pri-psih-in-mackah\/\" \/>\n<meta property=\"og:locale\" content=\"en_US\" \/>\n<meta property=\"og:type\" content=\"article\" \/>\n<meta property=\"og:title\" content=\"GigiVet Uro-Ursi - podpora se\u010dilom pri psih in ma\u010dkah - Trgovina Pasja Univerza\" \/>\n<meta property=\"og:description\" content=\"GigiVet Uro-Ursi - za zdravje se\u010dil pri psih in ma\u010dkah\" \/>\n<meta property=\"og:url\" content=\"https:\/\/trgovina.pasjauniverza.si\/en\/product\/gigivet-uro-ursi-za-zdravje-secil-pri-psih-in-mackah\/\" \/>\n<meta property=\"og:site_name\" content=\"Trgovina Pasja Univerza\" \/>\n<meta property=\"article:modified_time\" content=\"2026-04-24T11:00:42+00:00\" \/>\n<meta property=\"og:image\" content=\"https:\/\/trgovina.pasjauniverza.si\/wp-content\/uploads\/2025\/06\/GigiVet-Uro-Ursi-za-zdravje-secil-pri-psih-in-mackah.webp\" \/>\n\t<meta property=\"og:image:width\" content=\"720\" \/>\n\t<meta property=\"og:image:height\" content=\"720\" \/>\n\t<meta property=\"og:image:type\" content=\"image\/webp\" \/>\n<meta name=\"twitter:card\" content=\"summary_large_image\" \/>\n<meta name=\"twitter:label1\" content=\"Est. reading time\" \/>\n\t<meta name=\"twitter:data1\" content=\"2 minutes\" \/>\n<script type=\"application\/ld+json\" class=\"yoast-schema-graph\">{\"@context\":\"https:\\\/\\\/schema.org\",\"@graph\":[{\"@type\":\"WebPage\",\"@id\":\"https:\\\/\\\/trgovina.pasjauniverza.si\\\/product\\\/gigivet-uro-ursi-za-zdravje-secil-pri-psih-in-mackah\\\/\",\"url\":\"https:\\\/\\\/trgovina.pasjauniverza.si\\\/product\\\/gigivet-uro-ursi-za-zdravje-secil-pri-psih-in-mackah\\\/\",\"name\":\"GigiVet Uro-Ursi - podpora se\u010dilom pri psih in ma\u010dkah - Trgovina Pasja Univerza\",\"isPartOf\":{\"@id\":\"https:\\\/\\\/trgovina.pasjauniverza.si\\\/#website\"},\"primaryImageOfPage\":{\"@id\":\"https:\\\/\\\/trgovina.pasjauniverza.si\\\/product\\\/gigivet-uro-ursi-za-zdravje-secil-pri-psih-in-mackah\\\/#primaryimage\"},\"image\":{\"@id\":\"https:\\\/\\\/trgovina.pasjauniverza.si\\\/product\\\/gigivet-uro-ursi-za-zdravje-secil-pri-psih-in-mackah\\\/#primaryimage\"},\"thumbnailUrl\":\"https:\\\/\\\/trgovina.pasjauniverza.si\\\/wp-content\\\/uploads\\\/2025\\\/06\\\/GigiVet-Uro-Ursi-za-zdravje-secil-pri-psih-in-mackah.webp\",\"datePublished\":\"2025-06-12T12:00:46+00:00\",\"dateModified\":\"2026-04-24T11:00:42+00:00\",\"description\":\"GigiVet Uro-Ursi - za zdravje se\u010dil pri psih in ma\u010dkah\",\"breadcrumb\":{\"@id\":\"https:\\\/\\\/trgovina.pasjauniverza.si\\\/product\\\/gigivet-uro-ursi-za-zdravje-secil-pri-psih-in-mackah\\\/#breadcrumb\"},\"inLanguage\":\"en-US\",\"potentialAction\":[{\"@type\":\"ReadAction\",\"target\":[\"https:\\\/\\\/trgovina.pasjauniverza.si\\\/product\\\/gigivet-uro-ursi-za-zdravje-secil-pri-psih-in-mackah\\\/\"]}]},{\"@type\":\"ImageObject\",\"inLanguage\":\"en-US\",\"@id\":\"https:\\\/\\\/trgovina.pasjauniverza.si\\\/product\\\/gigivet-uro-ursi-za-zdravje-secil-pri-psih-in-mackah\\\/#primaryimage\",\"url\":\"https:\\\/\\\/trgovina.pasjauniverza.si\\\/wp-content\\\/uploads\\\/2025\\\/06\\\/GigiVet-Uro-Ursi-za-zdravje-secil-pri-psih-in-mackah.webp\",\"contentUrl\":\"https:\\\/\\\/trgovina.pasjauniverza.si\\\/wp-content\\\/uploads\\\/2025\\\/06\\\/GigiVet-Uro-Ursi-za-zdravje-secil-pri-psih-in-mackah.webp\",\"width\":720,\"height\":720,\"caption\":\"GigiVet Uro-Ursi - za zdravje se\u010dil pri psih in ma\u010dkah\"},{\"@type\":\"BreadcrumbList\",\"@id\":\"https:\\\/\\\/trgovina.pasjauniverza.si\\\/product\\\/gigivet-uro-ursi-za-zdravje-secil-pri-psih-in-mackah\\\/#breadcrumb\",\"itemListElement\":[{\"@type\":\"ListItem\",\"position\":1,\"name\":\"Home\",\"item\":\"https:\\\/\\\/trgovina.pasjauniverza.si\\\/\"},{\"@type\":\"ListItem\",\"position\":2,\"name\":\"Trgovina\",\"item\":\"https:\\\/\\\/trgovina.pasjauniverza.si\\\/trgovina\\\/\"},{\"@type\":\"ListItem\",\"position\":3,\"name\":\"GigiVet Uro-Ursi &#8211; podpora se\u010dilom pri psih in ma\u010dkah\"}]},{\"@type\":\"WebSite\",\"@id\":\"https:\\\/\\\/trgovina.pasjauniverza.si\\\/#website\",\"url\":\"https:\\\/\\\/trgovina.pasjauniverza.si\\\/\",\"name\":\"Trgovina Pasja Univerza\",\"description\":\"pasja univerza trgovina\",\"publisher\":{\"@id\":\"https:\\\/\\\/trgovina.pasjauniverza.si\\\/#organization\"},\"potentialAction\":[{\"@type\":\"SearchAction\",\"target\":{\"@type\":\"EntryPoint\",\"urlTemplate\":\"https:\\\/\\\/trgovina.pasjauniverza.si\\\/?s={search_term_string}\"},\"query-input\":{\"@type\":\"PropertyValueSpecification\",\"valueRequired\":true,\"valueName\":\"search_term_string\"}}],\"inLanguage\":\"en-US\"},{\"@type\":\"Organization\",\"@id\":\"https:\\\/\\\/trgovina.pasjauniverza.si\\\/#organization\",\"name\":\"Trgovina Pasja Univerza\",\"url\":\"https:\\\/\\\/trgovina.pasjauniverza.si\\\/\",\"logo\":{\"@type\":\"ImageObject\",\"inLanguage\":\"en-US\",\"@id\":\"https:\\\/\\\/trgovina.pasjauniverza.si\\\/#\\\/schema\\\/logo\\\/image\\\/\",\"url\":\"https:\\\/\\\/trgovina.pasjauniverza.si\\\/wp-content\\\/uploads\\\/2024\\\/08\\\/cropped-logotipi-vector-04.png\",\"contentUrl\":\"https:\\\/\\\/trgovina.pasjauniverza.si\\\/wp-content\\\/uploads\\\/2024\\\/08\\\/cropped-logotipi-vector-04.png\",\"width\":942,\"height\":908,\"caption\":\"Trgovina Pasja Univerza\"},\"image\":{\"@id\":\"https:\\\/\\\/trgovina.pasjauniverza.si\\\/#\\\/schema\\\/logo\\\/image\\\/\"}}]}<\/script>\n<!-- \/ Yoast SEO plugin. -->","yoast_head_json":{"title":"GigiVet Uro-Ursi - podpora se\u010dilom pri psih in ma\u010dkah - Trgovina Pasja Univerza","description":"GigiVet Uro-Ursi - za zdravje se\u010dil pri psih in ma\u010dkah","robots":{"index":"index","follow":"follow","max-snippet":"max-snippet:-1","max-image-preview":"max-image-preview:large","max-video-preview":"max-video-preview:-1"},"canonical":"https:\/\/trgovina.pasjauniverza.si\/en\/product\/gigivet-uro-ursi-za-zdravje-secil-pri-psih-in-mackah\/","og_locale":"en_US","og_type":"article","og_title":"GigiVet Uro-Ursi - podpora se\u010dilom pri psih in ma\u010dkah - Trgovina Pasja Univerza","og_description":"GigiVet Uro-Ursi - za zdravje se\u010dil pri psih in ma\u010dkah","og_url":"https:\/\/trgovina.pasjauniverza.si\/en\/product\/gigivet-uro-ursi-za-zdravje-secil-pri-psih-in-mackah\/","og_site_name":"Trgovina Pasja Univerza","article_modified_time":"2026-04-24T11:00:42+00:00","og_image":[{"width":720,"height":720,"url":"https:\/\/trgovina.pasjauniverza.si\/wp-content\/uploads\/2025\/06\/GigiVet-Uro-Ursi-za-zdravje-secil-pri-psih-in-mackah.webp","type":"image\/webp"}],"twitter_card":"summary_large_image","twitter_misc":{"Est. reading time":"2 minutes"},"schema":{"@context":"https:\/\/schema.org","@graph":[{"@type":"WebPage","@id":"https:\/\/trgovina.pasjauniverza.si\/product\/gigivet-uro-ursi-za-zdravje-secil-pri-psih-in-mackah\/","url":"https:\/\/trgovina.pasjauniverza.si\/product\/gigivet-uro-ursi-za-zdravje-secil-pri-psih-in-mackah\/","name":"GigiVet Uro-Ursi - podpora se\u010dilom pri psih in ma\u010dkah - Trgovina Pasja Univerza","isPartOf":{"@id":"https:\/\/trgovina.pasjauniverza.si\/#website"},"primaryImageOfPage":{"@id":"https:\/\/trgovina.pasjauniverza.si\/product\/gigivet-uro-ursi-za-zdravje-secil-pri-psih-in-mackah\/#primaryimage"},"image":{"@id":"https:\/\/trgovina.pasjauniverza.si\/product\/gigivet-uro-ursi-za-zdravje-secil-pri-psih-in-mackah\/#primaryimage"},"thumbnailUrl":"https:\/\/trgovina.pasjauniverza.si\/wp-content\/uploads\/2025\/06\/GigiVet-Uro-Ursi-za-zdravje-secil-pri-psih-in-mackah.webp","datePublished":"2025-06-12T12:00:46+00:00","dateModified":"2026-04-24T11:00:42+00:00","description":"GigiVet Uro-Ursi - za zdravje se\u010dil pri psih in ma\u010dkah","breadcrumb":{"@id":"https:\/\/trgovina.pasjauniverza.si\/product\/gigivet-uro-ursi-za-zdravje-secil-pri-psih-in-mackah\/#breadcrumb"},"inLanguage":"en-US","potentialAction":[{"@type":"ReadAction","target":["https:\/\/trgovina.pasjauniverza.si\/product\/gigivet-uro-ursi-za-zdravje-secil-pri-psih-in-mackah\/"]}]},{"@type":"ImageObject","inLanguage":"en-US","@id":"https:\/\/trgovina.pasjauniverza.si\/product\/gigivet-uro-ursi-za-zdravje-secil-pri-psih-in-mackah\/#primaryimage","url":"https:\/\/trgovina.pasjauniverza.si\/wp-content\/uploads\/2025\/06\/GigiVet-Uro-Ursi-za-zdravje-secil-pri-psih-in-mackah.webp","contentUrl":"https:\/\/trgovina.pasjauniverza.si\/wp-content\/uploads\/2025\/06\/GigiVet-Uro-Ursi-za-zdravje-secil-pri-psih-in-mackah.webp","width":720,"height":720,"caption":"GigiVet Uro-Ursi - za zdravje se\u010dil pri psih in ma\u010dkah"},{"@type":"BreadcrumbList","@id":"https:\/\/trgovina.pasjauniverza.si\/product\/gigivet-uro-ursi-za-zdravje-secil-pri-psih-in-mackah\/#breadcrumb","itemListElement":[{"@type":"ListItem","position":1,"name":"Home","item":"https:\/\/trgovina.pasjauniverza.si\/"},{"@type":"ListItem","position":2,"name":"Trgovina","item":"https:\/\/trgovina.pasjauniverza.si\/trgovina\/"},{"@type":"ListItem","position":3,"name":"GigiVet Uro-Ursi &#8211; podpora se\u010dilom pri psih in ma\u010dkah"}]},{"@type":"WebSite","@id":"https:\/\/trgovina.pasjauniverza.si\/#website","url":"https:\/\/trgovina.pasjauniverza.si\/","name":"Trgovina Pasja Univerza","description":"pasja univerza trgovina","publisher":{"@id":"https:\/\/trgovina.pasjauniverza.si\/#organization"},"potentialAction":[{"@type":"SearchAction","target":{"@type":"EntryPoint","urlTemplate":"https:\/\/trgovina.pasjauniverza.si\/?s={search_term_string}"},"query-input":{"@type":"PropertyValueSpecification","valueRequired":true,"valueName":"search_term_string"}}],"inLanguage":"en-US"},{"@type":"Organization","@id":"https:\/\/trgovina.pasjauniverza.si\/#organization","name":"Trgovina Pasja Univerza","url":"https:\/\/trgovina.pasjauniverza.si\/","logo":{"@type":"ImageObject","inLanguage":"en-US","@id":"https:\/\/trgovina.pasjauniverza.si\/#\/schema\/logo\/image\/","url":"https:\/\/trgovina.pasjauniverza.si\/wp-content\/uploads\/2024\/08\/cropped-logotipi-vector-04.png","contentUrl":"https:\/\/trgovina.pasjauniverza.si\/wp-content\/uploads\/2024\/08\/cropped-logotipi-vector-04.png","width":942,"height":908,"caption":"Trgovina Pasja Univerza"},"image":{"@id":"https:\/\/trgovina.pasjauniverza.si\/#\/schema\/logo\/image\/"}}]}},"uagb_featured_image_src":{"full":["https:\/\/trgovina.pasjauniverza.si\/wp-content\/uploads\/2025\/06\/GigiVet-Uro-Ursi-za-zdravje-secil-pri-psih-in-mackah.webp",720,720,false],"thumbnail":["https:\/\/trgovina.pasjauniverza.si\/wp-content\/uploads\/2025\/06\/GigiVet-Uro-Ursi-za-zdravje-secil-pri-psih-in-mackah-150x150.webp",150,150,true],"medium":["https:\/\/trgovina.pasjauniverza.si\/wp-content\/uploads\/2025\/06\/GigiVet-Uro-Ursi-za-zdravje-secil-pri-psih-in-mackah-300x300.webp",300,300,true],"medium_large":["https:\/\/trgovina.pasjauniverza.si\/wp-content\/uploads\/2025\/06\/GigiVet-Uro-Ursi-za-zdravje-secil-pri-psih-in-mackah.webp",720,720,false],"large":["https:\/\/trgovina.pasjauniverza.si\/wp-content\/uploads\/2025\/06\/GigiVet-Uro-Ursi-za-zdravje-secil-pri-psih-in-mackah.webp",720,720,false],"1536x1536":["https:\/\/trgovina.pasjauniverza.si\/wp-content\/uploads\/2025\/06\/GigiVet-Uro-Ursi-za-zdravje-secil-pri-psih-in-mackah.webp",720,720,false],"2048x2048":["https:\/\/trgovina.pasjauniverza.si\/wp-content\/uploads\/2025\/06\/GigiVet-Uro-Ursi-za-zdravje-secil-pri-psih-in-mackah.webp",720,720,false],"trp-custom-language-flag":["https:\/\/trgovina.pasjauniverza.si\/wp-content\/uploads\/2025\/06\/GigiVet-Uro-Ursi-za-zdravje-secil-pri-psih-in-mackah-12x12.webp",12,12,true],"woocommerce_thumbnail":["https:\/\/trgovina.pasjauniverza.si\/wp-content\/uploads\/2025\/06\/GigiVet-Uro-Ursi-za-zdravje-secil-pri-psih-in-mackah-300x300.webp",300,300,true],"woocommerce_single":["https:\/\/trgovina.pasjauniverza.si\/wp-content\/uploads\/2025\/06\/GigiVet-Uro-Ursi-za-zdravje-secil-pri-psih-in-mackah-600x600.webp",600,600,true],"woocommerce_gallery_thumbnail":["https:\/\/trgovina.pasjauniverza.si\/wp-content\/uploads\/2025\/06\/GigiVet-Uro-Ursi-za-zdravje-secil-pri-psih-in-mackah-100x100.webp",100,100,true]},"uagb_author_info":{"display_name":"Karmen Grubeli\u0107, dr.vet.med.","author_link":"https:\/\/trgovina.pasjauniverza.si\/en\/author\/"},"uagb_comment_info":0,"uagb_excerpt":"Uro-Ursi \u2013 Naravna podpora zdravju se\u010dil pri psih in ma\u010dkah Zni\u017ea pH urina in prepre\u010di kristalizacijo Blago diureti\u010dno delovanje za odstranitev kamnov Protivnetno, antisepti\u010dno in antimikrobno delovanje Podpira zdravljenje cistitisa in vnetij se\u010dil Primeren za vse starosti in pasme, \u0161e posebej sterilizirane in sede\u010de \u017eivali","jetpack_sharing_enabled":true,"_links":{"self":[{"href":"https:\/\/trgovina.pasjauniverza.si\/en\/wp-json\/wp\/v2\/product\/14031","targetHints":{"allow":["GET"]}}],"collection":[{"href":"https:\/\/trgovina.pasjauniverza.si\/en\/wp-json\/wp\/v2\/product"}],"about":[{"href":"https:\/\/trgovina.pasjauniverza.si\/en\/wp-json\/wp\/v2\/types\/product"}],"replies":[{"embeddable":true,"href":"https:\/\/trgovina.pasjauniverza.si\/en\/wp-json\/wp\/v2\/comments?post=14031"}],"wp:featuredmedia":[{"embeddable":true,"href":"https:\/\/trgovina.pasjauniverza.si\/en\/wp-json\/wp\/v2\/media\/14036"}],"wp:attachment":[{"href":"https:\/\/trgovina.pasjauniverza.si\/en\/wp-json\/wp\/v2\/media?parent=14031"}],"wp:term":[{"taxonomy":"product_brand","embeddable":true,"href":"https:\/\/trgovina.pasjauniverza.si\/en\/wp-json\/wp\/v2\/product_brand?post=14031"},{"taxonomy":"product_cat","embeddable":true,"href":"https:\/\/trgovina.pasjauniverza.si\/en\/wp-json\/wp\/v2\/product_cat?post=14031"},{"taxonomy":"product_tag","embeddable":true,"href":"https:\/\/trgovina.pasjauniverza.si\/en\/wp-json\/wp\/v2\/product_tag?post=14031"}],"curies":[{"name":"wp","href":"https:\/\/api.w.org\/{rel}","templated":true}]}}