
{"id":14015,"date":"2025-06-12T09:27:11","date_gmt":"2025-06-12T09:27:11","guid":{"rendered":"https:\/\/trgovina.pasjauniverza.si\/?post_type=product&#038;p=14015"},"modified":"2026-03-26T08:41:16","modified_gmt":"2026-03-26T08:41:16","slug":"gigivet-perfect-skin-coat-premium-prehransko-dopolnilo-za-kozo-in-dlako","status":"publish","type":"product","link":"https:\/\/trgovina.pasjauniverza.si\/en\/product\/gigivet-perfect-skin-coat-premium-prehransko-dopolnilo-za-kozo-in-dlako\/","title":{"rendered":"GigiVet PERFECT Skin &#038; Coat &#8211; prehransko dopolnilo za ko\u017eo in dlako"},"content":{"rendered":"<p data-start=\"0\" data-end=\"73\"><strong data-start=\"0\" data-end=\"71\">GigiVet PERFECT Skin &amp; Coat | Premium prehransko dopolnilo za ko\u017eo in dlako<\/strong><\/p>\n<p data-start=\"75\" data-end=\"191\">Naravna re\u0161itev za <strong data-start=\"94\" data-end=\"110\">manj srbenja<\/strong>, <strong data-start=\"112\" data-end=\"136\">manj izpadanja dlake<\/strong> in <strong data-start=\"140\" data-end=\"157\">sijajen ko\u017euh<\/strong> pri psih in ma\u010dkah vseh starosti.<\/p>\n<hr data-start=\"193\" data-end=\"196\" \/>\n<h3 data-start=\"198\" data-end=\"218\">KDAJ UPORABITI<\/h3>\n<ul data-start=\"219\" data-end=\"354\">\n<li data-start=\"219\" data-end=\"248\">\n<p data-start=\"221\" data-end=\"248\">Ob pove\u010dani srbe\u010dici ko\u017ee<\/p>\n<\/li>\n<li data-start=\"249\" data-end=\"271\">\n<p data-start=\"251\" data-end=\"271\">Ob izpadanju dlake (tudi sezonskem)<\/p>\n<\/li>\n<li data-start=\"272\" data-end=\"304\">\n<p data-start=\"274\" data-end=\"304\">Za bogatenje dlake in ko\u017euha<\/p>\n<\/li>\n<li data-start=\"305\" data-end=\"354\">\n<p data-start=\"307\" data-end=\"354\">Kot preventiva za sijo\u010do dlako in zdravo ko\u017eo<\/p>\n<\/li>\n<\/ul>\n<hr data-start=\"356\" data-end=\"359\" \/>\n<h3 data-start=\"361\" data-end=\"378\">PRIMERNO ZA<\/h3>\n<ul data-start=\"379\" data-end=\"511\">\n<li data-start=\"379\" data-end=\"422\">\n<p data-start=\"381\" data-end=\"422\">Pse in ma\u010dke vseh velikosti in starosti<\/p>\n<\/li>\n<li data-start=\"423\" data-end=\"511\">\n<p data-start=\"425\" data-end=\"511\">\u0160arpeje, pudlje, \u0161panjele, ameri\u0161ke buldoge, dobermane, angle\u0161ke buldoge, labradorce, ov\u010darje, sheltije,&#8230; vse dolgodlake in kratkodlake pse in ma\u010dke!<\/p>\n<\/li>\n<\/ul>\n<hr data-start=\"513\" data-end=\"516\" \/>\n<h3 data-start=\"518\" data-end=\"531\">KORISTI<\/h3>\n<ul data-start=\"532\" data-end=\"855\">\n<li data-start=\"532\" data-end=\"582\">\n<p data-start=\"534\" data-end=\"582\"><strong data-start=\"534\" data-end=\"555\">Zmanj\u0161uje srbenje<\/strong> in prepre\u010duje dermatitis<\/p>\n<\/li>\n<li data-start=\"583\" data-end=\"625\">\n<p data-start=\"585\" data-end=\"625\"><strong data-start=\"585\" data-end=\"608\">Hidrira in obnavlja<\/strong> ko\u017eo ter dlako<\/p>\n<\/li>\n<li data-start=\"626\" data-end=\"702\">\n<p data-start=\"628\" data-end=\"702\"><strong data-start=\"628\" data-end=\"653\">Podpira zdravje dlake<\/strong> z omega-3 ma\u0161\u010dobnimi kislinami (EPA, DHA, ALA)<\/p>\n<\/li>\n<li data-start=\"703\" data-end=\"773\">\n<p data-start=\"705\" data-end=\"773\"><strong data-start=\"705\" data-end=\"728\">Krepi vezivno tkivo<\/strong> z MSM in bioaktivnim kalcijem (Phoscalim\u00ae)<\/p>\n<\/li>\n<li data-start=\"774\" data-end=\"814\">\n<p data-start=\"776\" data-end=\"814\"><strong data-start=\"776\" data-end=\"794\">Pove\u010duje sijaj<\/strong> in gostoto ko\u017euha<\/p>\n<\/li>\n<li data-start=\"815\" data-end=\"855\">\n<p data-start=\"817\" data-end=\"855\">Prvi rezultati v manj kot mesecu dni<\/p>\n<\/li>\n<\/ul>\n<hr data-start=\"857\" data-end=\"860\" \/>\n<h3 data-start=\"862\" data-end=\"907\">FARMAKOLO\u0160KE LASTNOSTI IN AKTIVNE SNOVI<\/h3>\n<ul data-start=\"908\" data-end=\"1291\">\n<li data-start=\"908\" data-end=\"1051\">\n<p data-start=\"910\" data-end=\"1051\"><strong data-start=\"910\" data-end=\"967\">Dry n3\u00ae (mikrokapsuliran ribji oljni ekstrakt) 360 mg<\/strong> \u2013 bogat vir omega-3 (EPA, DHA) in vitaminov A ter D za regeneracijo ko\u017ee in dlake<\/p>\n<\/li>\n<li data-start=\"1052\" data-end=\"1156\">\n<p data-start=\"1054\" data-end=\"1156\"><strong data-start=\"1054\" data-end=\"1092\">Methylsulfonylmethane (MSM) 138 mg<\/strong> \u2013 naravni vir \u017evepla, klju\u010den za sintezo keratina in kolagena<\/p>\n<\/li>\n<li data-start=\"1157\" data-end=\"1291\">\n<p data-start=\"1159\" data-end=\"1291\"><strong data-start=\"1159\" data-end=\"1212\">Phoscalim\u00ae (hidroliziran ribji kostni prah) 93 mg<\/strong> \u2013 naravni kalcij, fosfor in koristne aminokisline za podporo vezivnega tkiva<\/p>\n<\/li>\n<\/ul>\n<hr data-start=\"1293\" data-end=\"1296\" \/>\n<p><strong>Sestava: <\/strong>\u00a0Dekstroza (13.2.2.) 34,1 %, mikroenkapsulirano hidrogenirano ribje olje (10.4.7) 23 %, kalcijev hidrogen ortofosfat (11.3.1) 20 %, MSM (metilsulfonilmetan) (13.9.1) 8,6 %, ribja moka PHOSCALM\u00ae (10.4.5) 5,8 %, magnezijev stearat (11.2.10) 2 %, aroma (produkti iz rastlin \u2013 13.1.7) 2 %. <strong>Dodatki na 1 kg: Tehnolo\u0161ki dodatki: <\/strong>Mikrokristalini\u010dna celuloza (E460) 50 g\/kg. <strong>Analitske sestavine: <\/strong>Surovi pepel 19 %, surova olja in ma\u0161\u010dobe 11 %, surova vlaknina 5 %, surove beljakovine 4 %, Ca 1,5 %, Mg 1 %, oleinska kislina 0,2<\/p>\n<p><strong>Navodila za uporabo: <\/strong>za majhne pse in ma\u010dke do 5 kg: \u00bd tablete na dan, za pse in ma\u010dke do 10 kg: 1 tableta na dan, za pse od 10 do 20 kg: 2 tableti na dan, za pse nad 20 kg: 3 tablete na dan. Priporo\u010den \u010das uporabe: najmanj 3 tedne. Lahko se uporablja v kombinaciji s simptomatskim in antibioti\u010dnim zdravljenjem.<\/p>\n<p><strong>Skladi\u0161\u010denje:<\/strong> Hraniti v suhem in hladnem prostoru, za\u0161\u010ditenem pred svetlobo.<\/p>\n<hr data-start=\"1553\" data-end=\"1556\" \/>\n<p data-start=\"1558\" data-end=\"1767\" data-is-last-node=\"\" data-is-only-node=\"\"><strong data-start=\"1558\" data-end=\"1581\">PERFECT Skin &amp; Coat<\/strong> je preverjena izbira z ve\u010d kot 20 leti izku\u0161enj in tiso\u010di zadovoljnih strank v ve\u010d kot 15 dr\u017eavah. Podprite zdravje ko\u017ee in dlake va\u0161ega ljubljen\u010dka z vrhunskimi, naravnimi sestavinami!<\/p>","protected":false},"excerpt":{"rendered":"<p data-start=\"75\" data-end=\"191\">Naravna re\u0161itev za <strong data-start=\"94\" data-end=\"110\">manj srbenja<\/strong>, <strong data-start=\"112\" data-end=\"136\">manj izpadanja dlake<\/strong> in <strong data-start=\"140\" data-end=\"157\">sijajen ko\u017euh<\/strong> pri psih in ma\u010dkah vseh starosti.<\/p>\n<p data-start=\"0\" data-end=\"62\"><strong data-start=\"0\" data-end=\"60\">PERFECT Skin &amp; Coat \u2013 Premium dopolnilo za ko\u017eo in dlako<\/strong><\/p>\n<ul data-start=\"89\" data-end=\"381\">\n<li data-start=\"89\" data-end=\"135\">\n<p data-start=\"91\" data-end=\"135\"><strong data-start=\"91\" data-end=\"110\">Zmanj\u0161a srbenje<\/strong> in prepre\u010di dermatitis<\/p>\n<\/li>\n<li data-start=\"136\" data-end=\"186\">\n<p data-start=\"138\" data-end=\"186\"><strong data-start=\"138\" data-end=\"154\">Hidrira ko\u017eo<\/strong> in obnavlja za\u0161\u010ditno pregrado<\/p>\n<\/li>\n<li data-start=\"187\" data-end=\"227\">\n<p data-start=\"189\" data-end=\"227\"><strong data-start=\"189\" data-end=\"207\">Izbolj\u0161a sijaj<\/strong> in gostoto ko\u017euha<\/p>\n<\/li>\n<li data-start=\"228\" data-end=\"310\">\n<p data-start=\"230\" data-end=\"310\"><strong data-start=\"230\" data-end=\"251\">Podpira rast dlak<\/strong> z naravnimi omega-3 ma\u0161\u010dobnimi kislinami (EPA, DHA, ALA)<\/p>\n<\/li>\n<li data-start=\"311\" data-end=\"381\">\n<p data-start=\"313\" data-end=\"381\"><strong data-start=\"313\" data-end=\"336\">Krepi vezivno tkivo<\/strong> s MSM in bioaktivnim kalcijem (Phoscalim\u00ae)<\/p>\n<\/li>\n<\/ul>","protected":false},"featured_media":14019,"comment_status":"open","ping_status":"closed","template":"","meta":{"_acf_changed":false,"_uag_custom_page_level_css":"","site-sidebar-layout":"default","site-content-layout":"","ast-site-content-layout":"default","site-content-style":"default","site-sidebar-style":"default","ast-global-header-display":"","ast-banner-title-visibility":"","ast-main-header-display":"","ast-hfb-above-header-display":"","ast-hfb-below-header-display":"","ast-hfb-mobile-header-display":"","site-post-title":"","ast-breadcrumbs-content":"","ast-featured-img":"","footer-sml-layout":"","ast-disable-related-posts":"","theme-transparent-header-meta":"default","adv-header-id-meta":"","stick-header-meta":"","header-above-stick-meta":"","header-main-stick-meta":"","header-below-stick-meta":"","astra-migrate-meta-layouts":"set","ast-page-background-enabled":"default","ast-page-background-meta":{"desktop":{"background-color":"","background-image":"","background-repeat":"repeat","background-position":"center center","background-size":"auto","background-attachment":"scroll","background-type":"","background-media":"","overlay-type":"","overlay-color":"","overlay-opacity":"","overlay-gradient":""},"tablet":{"background-color":"","background-image":"","background-repeat":"repeat","background-position":"center center","background-size":"auto","background-attachment":"scroll","background-type":"","background-media":"","overlay-type":"","overlay-color":"","overlay-opacity":"","overlay-gradient":""},"mobile":{"background-color":"","background-image":"","background-repeat":"repeat","background-position":"center center","background-size":"auto","background-attachment":"scroll","background-type":"","background-media":"","overlay-type":"","overlay-color":"","overlay-opacity":"","overlay-gradient":""}},"ast-content-background-meta":{"desktop":{"background-color":"var(--ast-global-color-5)","background-image":"","background-repeat":"repeat","background-position":"center center","background-size":"auto","background-attachment":"scroll","background-type":"","background-media":"","overlay-type":"","overlay-color":"","overlay-opacity":"","overlay-gradient":""},"tablet":{"background-color":"var(--ast-global-color-5)","background-image":"","background-repeat":"repeat","background-position":"center center","background-size":"auto","background-attachment":"scroll","background-type":"","background-media":"","overlay-type":"","overlay-color":"","overlay-opacity":"","overlay-gradient":""},"mobile":{"background-color":"var(--ast-global-color-5)","background-image":"","background-repeat":"repeat","background-position":"center center","background-size":"auto","background-attachment":"scroll","background-type":"","background-media":"","overlay-type":"","overlay-color":"","overlay-opacity":"","overlay-gradient":""}}},"product_brand":[926],"product_cat":[744,747,734,724,94,767,942,733,420,952,723,18],"product_tag":[892,204,888,891,893,894,890,862,889],"class_list":{"0":"post-14015","1":"product","2":"type-product","3":"status-publish","4":"has-post-thumbnail","6":"product_brand-gigivet","7":"product_cat-blagovne-znamke","8":"product_cat-gigivet-blagovne-znamke","9":"product_cat-koza-in-dlaka","10":"product_cat-macke","11":"product_cat-nega","12":"product_cat-nega-dlake","13":"product_cat-posebne-prehranske-potrebe","14":"product_cat-prehranski-dodatki-za-macke","15":"product_cat-prehranski-dodatki-za-pse","16":"product_cat-proti-izpadanju-dlake","17":"product_cat-psi","18":"product_cat-vsi-izdelki","19":"product_tag-dermatitis","20":"product_tag-dlaka","21":"product_tag-koza","22":"product_tag-prhljaj","23":"product_tag-suhakoza","24":"product_tag-svetlecadlaka","25":"product_tag-vnetakoza","26":"product_tag-vnetje","27":"product_tag-zdravakoza","28":"desktop-align-center","29":"tablet-align-center","30":"mobile-align-center","32":"first","33":"instock","34":"shipping-taxable","35":"purchasable","36":"product-type-variable"},"acf":[],"yoast_head":"<!-- This site is optimized with the Yoast SEO plugin v27.4 - https:\/\/yoast.com\/product\/yoast-seo-wordpress\/ -->\n<title>GigiVet PERFECT Skin &amp; Coat - prehransko dopolnilo za ko\u017eo in dlako - Trgovina Pasja Univerza<\/title>\n<meta name=\"description\" content=\"GigiVet PERFECT Skin &amp; Coat - Premium prehransko dopolnilo za ko\u017eo in dlako.\" \/>\n<meta name=\"robots\" content=\"index, follow, max-snippet:-1, max-image-preview:large, max-video-preview:-1\" \/>\n<link rel=\"canonical\" href=\"https:\/\/trgovina.pasjauniverza.si\/en\/product\/gigivet-perfect-skin-coat-premium-prehransko-dopolnilo-za-kozo-in-dlako\/\" \/>\n<meta property=\"og:locale\" content=\"en_US\" \/>\n<meta property=\"og:type\" content=\"article\" \/>\n<meta property=\"og:title\" content=\"GigiVet PERFECT Skin &amp; Coat - prehransko dopolnilo za ko\u017eo in dlako - Trgovina Pasja Univerza\" \/>\n<meta property=\"og:description\" content=\"GigiVet PERFECT Skin &amp; Coat - Premium prehransko dopolnilo za ko\u017eo in dlako.\" \/>\n<meta property=\"og:url\" content=\"https:\/\/trgovina.pasjauniverza.si\/en\/product\/gigivet-perfect-skin-coat-premium-prehransko-dopolnilo-za-kozo-in-dlako\/\" \/>\n<meta property=\"og:site_name\" content=\"Trgovina Pasja Univerza\" \/>\n<meta property=\"article:modified_time\" content=\"2026-03-26T08:41:16+00:00\" \/>\n<meta property=\"og:image\" content=\"https:\/\/trgovina.pasjauniverza.si\/wp-content\/uploads\/2025\/06\/GigiVet-PERFECT-Skin-Coat-Premium-prehransko-dopolnilo-za-kozo-in-dlako1.webp\" \/>\n\t<meta property=\"og:image:width\" content=\"720\" \/>\n\t<meta property=\"og:image:height\" content=\"720\" \/>\n\t<meta property=\"og:image:type\" content=\"image\/webp\" \/>\n<meta name=\"twitter:card\" content=\"summary_large_image\" \/>\n<meta name=\"twitter:label1\" content=\"Est. reading time\" \/>\n\t<meta name=\"twitter:data1\" content=\"3 minutes\" \/>\n<script type=\"application\/ld+json\" class=\"yoast-schema-graph\">{\"@context\":\"https:\\\/\\\/schema.org\",\"@graph\":[{\"@type\":\"WebPage\",\"@id\":\"https:\\\/\\\/trgovina.pasjauniverza.si\\\/product\\\/gigivet-perfect-skin-coat-premium-prehransko-dopolnilo-za-kozo-in-dlako\\\/\",\"url\":\"https:\\\/\\\/trgovina.pasjauniverza.si\\\/product\\\/gigivet-perfect-skin-coat-premium-prehransko-dopolnilo-za-kozo-in-dlako\\\/\",\"name\":\"GigiVet PERFECT Skin & Coat - prehransko dopolnilo za ko\u017eo in dlako - Trgovina Pasja Univerza\",\"isPartOf\":{\"@id\":\"https:\\\/\\\/trgovina.pasjauniverza.si\\\/#website\"},\"primaryImageOfPage\":{\"@id\":\"https:\\\/\\\/trgovina.pasjauniverza.si\\\/product\\\/gigivet-perfect-skin-coat-premium-prehransko-dopolnilo-za-kozo-in-dlako\\\/#primaryimage\"},\"image\":{\"@id\":\"https:\\\/\\\/trgovina.pasjauniverza.si\\\/product\\\/gigivet-perfect-skin-coat-premium-prehransko-dopolnilo-za-kozo-in-dlako\\\/#primaryimage\"},\"thumbnailUrl\":\"https:\\\/\\\/trgovina.pasjauniverza.si\\\/wp-content\\\/uploads\\\/2025\\\/06\\\/GigiVet-PERFECT-Skin-Coat-Premium-prehransko-dopolnilo-za-kozo-in-dlako1.webp\",\"datePublished\":\"2025-06-12T09:27:11+00:00\",\"dateModified\":\"2026-03-26T08:41:16+00:00\",\"description\":\"GigiVet PERFECT Skin & Coat - Premium prehransko dopolnilo za ko\u017eo in dlako.\",\"breadcrumb\":{\"@id\":\"https:\\\/\\\/trgovina.pasjauniverza.si\\\/product\\\/gigivet-perfect-skin-coat-premium-prehransko-dopolnilo-za-kozo-in-dlako\\\/#breadcrumb\"},\"inLanguage\":\"en-US\",\"potentialAction\":[{\"@type\":\"ReadAction\",\"target\":[\"https:\\\/\\\/trgovina.pasjauniverza.si\\\/product\\\/gigivet-perfect-skin-coat-premium-prehransko-dopolnilo-za-kozo-in-dlako\\\/\"]}]},{\"@type\":\"ImageObject\",\"inLanguage\":\"en-US\",\"@id\":\"https:\\\/\\\/trgovina.pasjauniverza.si\\\/product\\\/gigivet-perfect-skin-coat-premium-prehransko-dopolnilo-za-kozo-in-dlako\\\/#primaryimage\",\"url\":\"https:\\\/\\\/trgovina.pasjauniverza.si\\\/wp-content\\\/uploads\\\/2025\\\/06\\\/GigiVet-PERFECT-Skin-Coat-Premium-prehransko-dopolnilo-za-kozo-in-dlako1.webp\",\"contentUrl\":\"https:\\\/\\\/trgovina.pasjauniverza.si\\\/wp-content\\\/uploads\\\/2025\\\/06\\\/GigiVet-PERFECT-Skin-Coat-Premium-prehransko-dopolnilo-za-kozo-in-dlako1.webp\",\"width\":720,\"height\":720,\"caption\":\"GigiVet PERFECT Skin & Coat - Premium prehransko dopolnilo za ko\u017eo in dlako\"},{\"@type\":\"BreadcrumbList\",\"@id\":\"https:\\\/\\\/trgovina.pasjauniverza.si\\\/product\\\/gigivet-perfect-skin-coat-premium-prehransko-dopolnilo-za-kozo-in-dlako\\\/#breadcrumb\",\"itemListElement\":[{\"@type\":\"ListItem\",\"position\":1,\"name\":\"Home\",\"item\":\"https:\\\/\\\/trgovina.pasjauniverza.si\\\/\"},{\"@type\":\"ListItem\",\"position\":2,\"name\":\"Trgovina\",\"item\":\"https:\\\/\\\/trgovina.pasjauniverza.si\\\/trgovina\\\/\"},{\"@type\":\"ListItem\",\"position\":3,\"name\":\"GigiVet PERFECT Skin &#038; Coat &#8211; prehransko dopolnilo za ko\u017eo in dlako\"}]},{\"@type\":\"WebSite\",\"@id\":\"https:\\\/\\\/trgovina.pasjauniverza.si\\\/#website\",\"url\":\"https:\\\/\\\/trgovina.pasjauniverza.si\\\/\",\"name\":\"Trgovina Pasja Univerza\",\"description\":\"pasja univerza trgovina\",\"publisher\":{\"@id\":\"https:\\\/\\\/trgovina.pasjauniverza.si\\\/#organization\"},\"potentialAction\":[{\"@type\":\"SearchAction\",\"target\":{\"@type\":\"EntryPoint\",\"urlTemplate\":\"https:\\\/\\\/trgovina.pasjauniverza.si\\\/?s={search_term_string}\"},\"query-input\":{\"@type\":\"PropertyValueSpecification\",\"valueRequired\":true,\"valueName\":\"search_term_string\"}}],\"inLanguage\":\"en-US\"},{\"@type\":\"Organization\",\"@id\":\"https:\\\/\\\/trgovina.pasjauniverza.si\\\/#organization\",\"name\":\"Trgovina Pasja Univerza\",\"url\":\"https:\\\/\\\/trgovina.pasjauniverza.si\\\/\",\"logo\":{\"@type\":\"ImageObject\",\"inLanguage\":\"en-US\",\"@id\":\"https:\\\/\\\/trgovina.pasjauniverza.si\\\/#\\\/schema\\\/logo\\\/image\\\/\",\"url\":\"https:\\\/\\\/trgovina.pasjauniverza.si\\\/wp-content\\\/uploads\\\/2024\\\/08\\\/cropped-logotipi-vector-04.png\",\"contentUrl\":\"https:\\\/\\\/trgovina.pasjauniverza.si\\\/wp-content\\\/uploads\\\/2024\\\/08\\\/cropped-logotipi-vector-04.png\",\"width\":942,\"height\":908,\"caption\":\"Trgovina Pasja Univerza\"},\"image\":{\"@id\":\"https:\\\/\\\/trgovina.pasjauniverza.si\\\/#\\\/schema\\\/logo\\\/image\\\/\"}}]}<\/script>\n<!-- \/ Yoast SEO plugin. -->","yoast_head_json":{"title":"GigiVet PERFECT Skin & Coat - prehransko dopolnilo za ko\u017eo in dlako - Trgovina Pasja Univerza","description":"GigiVet PERFECT Skin & Coat - Premium prehransko dopolnilo za ko\u017eo in dlako.","robots":{"index":"index","follow":"follow","max-snippet":"max-snippet:-1","max-image-preview":"max-image-preview:large","max-video-preview":"max-video-preview:-1"},"canonical":"https:\/\/trgovina.pasjauniverza.si\/en\/product\/gigivet-perfect-skin-coat-premium-prehransko-dopolnilo-za-kozo-in-dlako\/","og_locale":"en_US","og_type":"article","og_title":"GigiVet PERFECT Skin & Coat - prehransko dopolnilo za ko\u017eo in dlako - Trgovina Pasja Univerza","og_description":"GigiVet PERFECT Skin & Coat - Premium prehransko dopolnilo za ko\u017eo in dlako.","og_url":"https:\/\/trgovina.pasjauniverza.si\/en\/product\/gigivet-perfect-skin-coat-premium-prehransko-dopolnilo-za-kozo-in-dlako\/","og_site_name":"Trgovina Pasja Univerza","article_modified_time":"2026-03-26T08:41:16+00:00","og_image":[{"width":720,"height":720,"url":"https:\/\/trgovina.pasjauniverza.si\/wp-content\/uploads\/2025\/06\/GigiVet-PERFECT-Skin-Coat-Premium-prehransko-dopolnilo-za-kozo-in-dlako1.webp","type":"image\/webp"}],"twitter_card":"summary_large_image","twitter_misc":{"Est. reading time":"3 minutes"},"schema":{"@context":"https:\/\/schema.org","@graph":[{"@type":"WebPage","@id":"https:\/\/trgovina.pasjauniverza.si\/product\/gigivet-perfect-skin-coat-premium-prehransko-dopolnilo-za-kozo-in-dlako\/","url":"https:\/\/trgovina.pasjauniverza.si\/product\/gigivet-perfect-skin-coat-premium-prehransko-dopolnilo-za-kozo-in-dlako\/","name":"GigiVet PERFECT Skin & Coat - prehransko dopolnilo za ko\u017eo in dlako - Trgovina Pasja Univerza","isPartOf":{"@id":"https:\/\/trgovina.pasjauniverza.si\/#website"},"primaryImageOfPage":{"@id":"https:\/\/trgovina.pasjauniverza.si\/product\/gigivet-perfect-skin-coat-premium-prehransko-dopolnilo-za-kozo-in-dlako\/#primaryimage"},"image":{"@id":"https:\/\/trgovina.pasjauniverza.si\/product\/gigivet-perfect-skin-coat-premium-prehransko-dopolnilo-za-kozo-in-dlako\/#primaryimage"},"thumbnailUrl":"https:\/\/trgovina.pasjauniverza.si\/wp-content\/uploads\/2025\/06\/GigiVet-PERFECT-Skin-Coat-Premium-prehransko-dopolnilo-za-kozo-in-dlako1.webp","datePublished":"2025-06-12T09:27:11+00:00","dateModified":"2026-03-26T08:41:16+00:00","description":"GigiVet PERFECT Skin & Coat - Premium prehransko dopolnilo za ko\u017eo in dlako.","breadcrumb":{"@id":"https:\/\/trgovina.pasjauniverza.si\/product\/gigivet-perfect-skin-coat-premium-prehransko-dopolnilo-za-kozo-in-dlako\/#breadcrumb"},"inLanguage":"en-US","potentialAction":[{"@type":"ReadAction","target":["https:\/\/trgovina.pasjauniverza.si\/product\/gigivet-perfect-skin-coat-premium-prehransko-dopolnilo-za-kozo-in-dlako\/"]}]},{"@type":"ImageObject","inLanguage":"en-US","@id":"https:\/\/trgovina.pasjauniverza.si\/product\/gigivet-perfect-skin-coat-premium-prehransko-dopolnilo-za-kozo-in-dlako\/#primaryimage","url":"https:\/\/trgovina.pasjauniverza.si\/wp-content\/uploads\/2025\/06\/GigiVet-PERFECT-Skin-Coat-Premium-prehransko-dopolnilo-za-kozo-in-dlako1.webp","contentUrl":"https:\/\/trgovina.pasjauniverza.si\/wp-content\/uploads\/2025\/06\/GigiVet-PERFECT-Skin-Coat-Premium-prehransko-dopolnilo-za-kozo-in-dlako1.webp","width":720,"height":720,"caption":"GigiVet PERFECT Skin & Coat - Premium prehransko dopolnilo za ko\u017eo in dlako"},{"@type":"BreadcrumbList","@id":"https:\/\/trgovina.pasjauniverza.si\/product\/gigivet-perfect-skin-coat-premium-prehransko-dopolnilo-za-kozo-in-dlako\/#breadcrumb","itemListElement":[{"@type":"ListItem","position":1,"name":"Home","item":"https:\/\/trgovina.pasjauniverza.si\/"},{"@type":"ListItem","position":2,"name":"Trgovina","item":"https:\/\/trgovina.pasjauniverza.si\/trgovina\/"},{"@type":"ListItem","position":3,"name":"GigiVet PERFECT Skin &#038; Coat &#8211; prehransko dopolnilo za ko\u017eo in dlako"}]},{"@type":"WebSite","@id":"https:\/\/trgovina.pasjauniverza.si\/#website","url":"https:\/\/trgovina.pasjauniverza.si\/","name":"Trgovina Pasja Univerza","description":"pasja univerza trgovina","publisher":{"@id":"https:\/\/trgovina.pasjauniverza.si\/#organization"},"potentialAction":[{"@type":"SearchAction","target":{"@type":"EntryPoint","urlTemplate":"https:\/\/trgovina.pasjauniverza.si\/?s={search_term_string}"},"query-input":{"@type":"PropertyValueSpecification","valueRequired":true,"valueName":"search_term_string"}}],"inLanguage":"en-US"},{"@type":"Organization","@id":"https:\/\/trgovina.pasjauniverza.si\/#organization","name":"Trgovina Pasja Univerza","url":"https:\/\/trgovina.pasjauniverza.si\/","logo":{"@type":"ImageObject","inLanguage":"en-US","@id":"https:\/\/trgovina.pasjauniverza.si\/#\/schema\/logo\/image\/","url":"https:\/\/trgovina.pasjauniverza.si\/wp-content\/uploads\/2024\/08\/cropped-logotipi-vector-04.png","contentUrl":"https:\/\/trgovina.pasjauniverza.si\/wp-content\/uploads\/2024\/08\/cropped-logotipi-vector-04.png","width":942,"height":908,"caption":"Trgovina Pasja Univerza"},"image":{"@id":"https:\/\/trgovina.pasjauniverza.si\/#\/schema\/logo\/image\/"}}]}},"uagb_featured_image_src":{"full":["https:\/\/trgovina.pasjauniverza.si\/wp-content\/uploads\/2025\/06\/GigiVet-PERFECT-Skin-Coat-Premium-prehransko-dopolnilo-za-kozo-in-dlako1.webp",720,720,false],"thumbnail":["https:\/\/trgovina.pasjauniverza.si\/wp-content\/uploads\/2025\/06\/GigiVet-PERFECT-Skin-Coat-Premium-prehransko-dopolnilo-za-kozo-in-dlako1-150x150.webp",150,150,true],"medium":["https:\/\/trgovina.pasjauniverza.si\/wp-content\/uploads\/2025\/06\/GigiVet-PERFECT-Skin-Coat-Premium-prehransko-dopolnilo-za-kozo-in-dlako1-300x300.webp",300,300,true],"medium_large":["https:\/\/trgovina.pasjauniverza.si\/wp-content\/uploads\/2025\/06\/GigiVet-PERFECT-Skin-Coat-Premium-prehransko-dopolnilo-za-kozo-in-dlako1.webp",720,720,false],"large":["https:\/\/trgovina.pasjauniverza.si\/wp-content\/uploads\/2025\/06\/GigiVet-PERFECT-Skin-Coat-Premium-prehransko-dopolnilo-za-kozo-in-dlako1.webp",720,720,false],"1536x1536":["https:\/\/trgovina.pasjauniverza.si\/wp-content\/uploads\/2025\/06\/GigiVet-PERFECT-Skin-Coat-Premium-prehransko-dopolnilo-za-kozo-in-dlako1.webp",720,720,false],"2048x2048":["https:\/\/trgovina.pasjauniverza.si\/wp-content\/uploads\/2025\/06\/GigiVet-PERFECT-Skin-Coat-Premium-prehransko-dopolnilo-za-kozo-in-dlako1.webp",720,720,false],"trp-custom-language-flag":["https:\/\/trgovina.pasjauniverza.si\/wp-content\/uploads\/2025\/06\/GigiVet-PERFECT-Skin-Coat-Premium-prehransko-dopolnilo-za-kozo-in-dlako1-12x12.webp",12,12,true],"woocommerce_thumbnail":["https:\/\/trgovina.pasjauniverza.si\/wp-content\/uploads\/2025\/06\/GigiVet-PERFECT-Skin-Coat-Premium-prehransko-dopolnilo-za-kozo-in-dlako1-300x300.webp",300,300,true],"woocommerce_single":["https:\/\/trgovina.pasjauniverza.si\/wp-content\/uploads\/2025\/06\/GigiVet-PERFECT-Skin-Coat-Premium-prehransko-dopolnilo-za-kozo-in-dlako1-600x600.webp",600,600,true],"woocommerce_gallery_thumbnail":["https:\/\/trgovina.pasjauniverza.si\/wp-content\/uploads\/2025\/06\/GigiVet-PERFECT-Skin-Coat-Premium-prehransko-dopolnilo-za-kozo-in-dlako1-100x100.webp",100,100,true]},"uagb_author_info":{"display_name":"Karmen Grubeli\u0107, dr.vet.med.","author_link":"https:\/\/trgovina.pasjauniverza.si\/en\/author\/"},"uagb_comment_info":1,"uagb_excerpt":"Naravna re\u0161itev za manj srbenja, manj izpadanja dlake in sijajen ko\u017euh pri psih in ma\u010dkah vseh starosti. PERFECT Skin &amp; Coat \u2013 Premium dopolnilo za ko\u017eo in dlako Zmanj\u0161a srbenje in prepre\u010di dermatitis Hidrira ko\u017eo in obnavlja za\u0161\u010ditno pregrado Izbolj\u0161a sijaj in gostoto ko\u017euha Podpira rast dlak z naravnimi omega-3 ma\u0161\u010dobnimi kislinami (EPA, DHA, ALA)&hellip;","jetpack_sharing_enabled":true,"_links":{"self":[{"href":"https:\/\/trgovina.pasjauniverza.si\/en\/wp-json\/wp\/v2\/product\/14015","targetHints":{"allow":["GET"]}}],"collection":[{"href":"https:\/\/trgovina.pasjauniverza.si\/en\/wp-json\/wp\/v2\/product"}],"about":[{"href":"https:\/\/trgovina.pasjauniverza.si\/en\/wp-json\/wp\/v2\/types\/product"}],"replies":[{"embeddable":true,"href":"https:\/\/trgovina.pasjauniverza.si\/en\/wp-json\/wp\/v2\/comments?post=14015"}],"wp:featuredmedia":[{"embeddable":true,"href":"https:\/\/trgovina.pasjauniverza.si\/en\/wp-json\/wp\/v2\/media\/14019"}],"wp:attachment":[{"href":"https:\/\/trgovina.pasjauniverza.si\/en\/wp-json\/wp\/v2\/media?parent=14015"}],"wp:term":[{"taxonomy":"product_brand","embeddable":true,"href":"https:\/\/trgovina.pasjauniverza.si\/en\/wp-json\/wp\/v2\/product_brand?post=14015"},{"taxonomy":"product_cat","embeddable":true,"href":"https:\/\/trgovina.pasjauniverza.si\/en\/wp-json\/wp\/v2\/product_cat?post=14015"},{"taxonomy":"product_tag","embeddable":true,"href":"https:\/\/trgovina.pasjauniverza.si\/en\/wp-json\/wp\/v2\/product_tag?post=14015"}],"curies":[{"name":"wp","href":"https:\/\/api.w.org\/{rel}","templated":true}]}}