
{"id":13886,"date":"2025-06-17T13:02:29","date_gmt":"2025-06-17T13:02:29","guid":{"rendered":"https:\/\/trgovina.pasjauniverza.si\/?post_type=product&#038;p=13886"},"modified":"2026-04-21T07:59:55","modified_gmt":"2026-04-21T07:59:55","slug":"kanex-naravni-antiparazitik","status":"publish","type":"product","link":"https:\/\/trgovina.pasjauniverza.si\/en\/product\/kanex-naravni-antiparazitik\/","title":{"rendered":"Kanex &#8211; proti notranjim parazitom"},"content":{"rendered":"<h2 data-start=\"149\" data-end=\"207\"><strong data-start=\"155\" data-end=\"207\">Kanex \u2013 Naravna podpora za \u010drevesje psov brez parazitov<\/strong><\/h2>\n<p data-start=\"209\" data-end=\"429\">Naravno, u\u010dinkovito in brez kemikalij \u2013 <strong data-start=\"249\" data-end=\"258\">Kanex<\/strong> je funkcionalna me\u0161anica <strong data-start=\"284\" data-end=\"311\">rde\u010de irske morske alge<\/strong> (<em data-start=\"313\" data-end=\"331\">Palmaria palmata<\/em>) in <strong data-start=\"336\" data-end=\"375\">ekolo\u0161kih bu\u010dnih semen iz \u0160tajerske<\/strong>, zasnovana za vzdr\u017eevanje zdravega \u010drevesja pri psih.<\/p>\n<p data-start=\"431\" data-end=\"555\"><strong data-start=\"434\" data-end=\"466\">Dve mo\u010dni naravni u\u010dinkovini<\/strong> \u2013 kainska kislina in cucurbitacin \u2013 pomagata pri naravni izlo\u010ditvi \u010drevesnih zajedavcev.<\/p>\n<hr data-start=\"557\" data-end=\"560\">\n<h3 data-start=\"562\" data-end=\"593\"><strong data-start=\"569\" data-end=\"593\">Zakaj izbrati Kanex?<\/strong><\/h3>\n<ul data-start=\"594\" data-end=\"959\">\n<li data-start=\"594\" data-end=\"727\">\n<p data-start=\"596\" data-end=\"727\">Vsebuje <strong data-start=\"607\" data-end=\"634\">rde\u010do morsko algo Dulse<\/strong>, bogato z naravnimi snovmi, ki <strong data-start=\"666\" data-end=\"726\">moti delovanje in \u017eivljenjski cikel \u010drevesnih zajedavcev<\/strong>.<\/p>\n<\/li>\n<li data-start=\"728\" data-end=\"850\">\n<p data-start=\"730\" data-end=\"850\"><strong data-start=\"733\" data-end=\"758\">Ekolo\u0161ka bu\u010dna semena<\/strong> vsebujejo <strong data-start=\"769\" data-end=\"785\">cucurbitacin<\/strong>, ki pomaga <strong data-start=\"797\" data-end=\"819\">ohromiti zajedavce<\/strong> in spodbuja njihovo izlo\u010danje.<\/p>\n<\/li>\n<li data-start=\"851\" data-end=\"908\">\n<p data-start=\"853\" data-end=\"908\">Bogat vir <strong data-start=\"866\" data-end=\"908\">vitaminov, mineralov in antioksidantov<\/strong><\/p>\n<\/li>\n<li data-start=\"909\" data-end=\"959\">\n<p data-start=\"911\" data-end=\"959\">Brez polnil, 100\u202f% naravno in okolju prijazno<\/p>\n<\/li>\n<\/ul>\n<hr data-start=\"961\" data-end=\"964\">\n<p data-start=\"966\" data-end=\"997\">Sestava: rde\u010de alge, bio bu\u010dna semena EU porekla<\/p>\n<p data-start=\"747\" data-end=\"1162\">Analitske sestavine na 2 g (ena merica): <strong data-start=\"1009\" data-end=\"1161\">surove beljakovine 5 %, surove ma\u0161\u010dobe 0,715 %, surove vlaknine 1,905 %, surov pepel 11,88 %, rde\u010de alge min. 1000 mg, bio bu\u010dna semena min. 1000 mg<\/strong>.<\/p>\n<h3 data-start=\"966\" data-end=\"997\"><strong data-start=\"973\" data-end=\"996\">Navodila za uporabo<\/strong>:<\/h3>\n<ul data-start=\"998\" data-end=\"1146\">\n<li data-start=\"998\" data-end=\"1029\">\n<p data-start=\"1000\" data-end=\"1029\">Posujte po dnevnem obroku psa<\/p>\n<\/li>\n<li data-start=\"1030\" data-end=\"1083\">\n<p data-start=\"1032\" data-end=\"1083\">Za\u010dnite z manj\u0161im odmerkom, nato postopno pove\u010dajte<\/p>\n<\/li>\n<li data-start=\"1084\" data-end=\"1146\">\n<p data-start=\"1086\" data-end=\"1146\">Ko dose\u017eete \u017eeleni u\u010dinek, zmanj\u0161ajte na vzdr\u017eevalni odmerek<\/p>\n<\/li>\n<\/ul>\n<p data-start=\"1148\" data-end=\"1200\">Prilo\u017eena 2-gramska merica za enostavno doziranje<\/p>\n<table class=\"w-fit min-w-(--thread-content-width)\" data-start=\"265\" data-end=\"514\">\n<thead data-start=\"265\" data-end=\"314\">\n<tr data-start=\"265\" data-end=\"314\">\n<th colspan=\"1\" rowspan=\"1\" data-start=\"265\" data-end=\"287\" data-col-size=\"sm\"><strong data-start=\"267\" data-end=\"279\">Te\u017ea psa<\/strong><\/th>\n<th colspan=\"1\" rowspan=\"1\" data-start=\"287\" data-end=\"314\" data-col-size=\"sm\"><strong data-start=\"289\" data-end=\"308\">Dnevna koli\u010dina<\/strong><\/th>\n<\/tr>\n<\/thead>\n<tbody data-start=\"365\" data-end=\"514\">\n<tr data-start=\"365\" data-end=\"414\">\n<td colspan=\"1\" rowspan=\"1\" data-start=\"365\" data-end=\"387\" data-col-size=\"sm\">do 10\u202fkg<\/td>\n<td colspan=\"1\" rowspan=\"1\" data-start=\"387\" data-end=\"414\" data-col-size=\"sm\">\u00bd \u010dajne \u017eli\u010dke<\/td>\n<\/tr>\n<tr data-start=\"415\" data-end=\"464\">\n<td colspan=\"1\" rowspan=\"1\" data-start=\"415\" data-end=\"437\" data-col-size=\"sm\">10\u202fkg \u2013 20\u202fkg<\/td>\n<td colspan=\"1\" rowspan=\"1\" data-start=\"437\" data-end=\"464\" data-col-size=\"sm\">\u00be \u010dajne \u017eli\u010dke<\/td>\n<\/tr>\n<tr data-start=\"465\" data-end=\"514\">\n<td colspan=\"1\" rowspan=\"1\" data-start=\"465\" data-end=\"487\" data-col-size=\"sm\">nad 20\u202fkg<\/td>\n<td colspan=\"1\" rowspan=\"1\" data-start=\"487\" data-end=\"514\" data-col-size=\"sm\">1 ravna \u010dajna \u017eli\u010dka<\/td>\n<\/tr>\n<\/tbody>\n<\/table>\n<hr data-start=\"1202\" data-end=\"1205\">\n<h3 data-start=\"1207\" data-end=\"1240\"><strong data-start=\"1214\" data-end=\"1239\">Na voljo v pakiranjih<\/strong>:<\/h3>\n<ul data-start=\"1241\" data-end=\"1322\">\n<li data-start=\"1241\" data-end=\"1282\">\n<p data-start=\"1243\" data-end=\"1282\">150 g (vre\u010dka ali kartonski tulec). Pri tulcu pazite pri odpiranju, saj je vsebina napolnjena do vrha!<\/p>\n<\/li>\n<li data-start=\"1283\" data-end=\"1322\">\n<p data-start=\"1285\" data-end=\"1322\">300 g (vre\u010dka ali kartonski tulec)<\/p>\n<\/li>\n<\/ul>\n<hr data-start=\"1324\" data-end=\"1327\">\n<h3 data-start=\"1329\" data-end=\"1346\">\u26a0\ufe0f Opozorilo:<\/h3>\n<ul data-start=\"1347\" data-end=\"1562\">\n<li data-start=\"1347\" data-end=\"1417\">\n<p data-start=\"1349\" data-end=\"1417\"><strong data-start=\"1349\" data-end=\"1398\">Ni priporo\u010dljivo za pse s te\u017eavami s \u0161\u010ditnico<\/strong> (naravni vir joda)<\/p>\n<\/li>\n<li data-start=\"1418\" data-end=\"1508\">\n<p data-start=\"1420\" data-end=\"1508\">Ne uporabljajte skupaj z drugimi izdelki z morskimi algami (najve\u010d 5\u202f% v dnevnem obroku)<\/p>\n<\/li>\n<li data-start=\"1509\" data-end=\"1562\">\n<p data-start=\"1511\" data-end=\"1562\"><strong data-start=\"1511\" data-end=\"1527\">Ni namenjeno<\/strong> za odpravljanje <strong data-start=\"1544\" data-end=\"1562\">plju\u010dnih glist<\/strong><\/p>\n<\/li>\n<\/ul>\n<hr data-start=\"1564\" data-end=\"1567\">\n<p data-start=\"1569\" data-end=\"1638\">\u2705 <strong data-start=\"1571\" data-end=\"1591\">Izdelek iz Irske<\/strong><br \/>\n\u2705 <strong data-start=\"1596\" data-end=\"1638\">100\u202f% naraven, ekolo\u0161ki in brez polnil<\/strong><\/p>","protected":false},"excerpt":{"rendered":"<h3 data-start=\"132\" data-end=\"182\"><strong data-start=\"139\" data-end=\"182\">KANEX \u2013 Naravna \u010drevesna za\u0161\u010dita za pse<\/strong><\/h3>\n<p data-start=\"184\" data-end=\"664\">\u2714\u00a0 <strong data-start=\"186\" data-end=\"224\">Naravno proti \u010drevesnim zajedavcem<\/strong> \u2013 brez kemije &#8211; za preventivo in kurativo<br data-start=\"238\" data-end=\"241\" \/>\u2714 Vsebuje <strong data-start=\"251\" data-end=\"278\">kainsko kislino (Dulse)<\/strong> in <strong data-start=\"282\" data-end=\"313\">cucurbitacin (bu\u010dna semena)<\/strong><br data-start=\"313\" data-end=\"316\" \/>\u2714 <strong data-start=\"318\" data-end=\"346\" data-is-only-node=\"\">Podpira \u010drevesno higieno<\/strong> in zdravo prebavo<br data-start=\"364\" data-end=\"367\" \/>\u2714 Pomaga pri <strong data-start=\"380\" data-end=\"399\">izlo\u010danju notranjih zajedalcev<\/strong>\u00a0iz prebavil<br data-start=\"411\" data-end=\"414\" \/>\u2714 <strong data-start=\"416\" data-end=\"433\">100\u202f% naravno<\/strong> \u2013 brez polnil, brez umetnih dodatkov<br data-start=\"470\" data-end=\"473\" \/>\u2714 Primerno za <strong data-start=\"487\" data-end=\"512\">vse pasme in starosti<\/strong><br data-start=\"512\" data-end=\"515\" \/>\u2714 Izdelano na Irskem \u2013 kakovost iz EU<br data-start=\"552\" data-end=\"555\" \/>\u2714 <strong data-start=\"557\" data-end=\"580\">Enostavno doziranje<\/strong> \u2013 posuj po obroku (prilo\u017eena merica)<br data-start=\"617\" data-end=\"620\" \/>\u274c <strong data-start=\"622\" data-end=\"664\">Ni primerno za pse z obolenji \u0161\u010ditnice<\/strong><\/p>","protected":false},"featured_media":13889,"comment_status":"open","ping_status":"closed","template":"","meta":{"_acf_changed":false,"_uag_custom_page_level_css":"","site-sidebar-layout":"default","site-content-layout":"","ast-site-content-layout":"default","site-content-style":"default","site-sidebar-style":"default","ast-global-header-display":"","ast-banner-title-visibility":"","ast-main-header-display":"","ast-hfb-above-header-display":"","ast-hfb-below-header-display":"","ast-hfb-mobile-header-display":"","site-post-title":"","ast-breadcrumbs-content":"","ast-featured-img":"","footer-sml-layout":"","ast-disable-related-posts":"","theme-transparent-header-meta":"default","adv-header-id-meta":"","stick-header-meta":"","header-above-stick-meta":"","header-main-stick-meta":"","header-below-stick-meta":"","astra-migrate-meta-layouts":"set","ast-page-background-enabled":"default","ast-page-background-meta":{"desktop":{"background-color":"","background-image":"","background-repeat":"repeat","background-position":"center center","background-size":"auto","background-attachment":"scroll","background-type":"","background-media":"","overlay-type":"","overlay-color":"","overlay-opacity":"","overlay-gradient":""},"tablet":{"background-color":"","background-image":"","background-repeat":"repeat","background-position":"center center","background-size":"auto","background-attachment":"scroll","background-type":"","background-media":"","overlay-type":"","overlay-color":"","overlay-opacity":"","overlay-gradient":""},"mobile":{"background-color":"","background-image":"","background-repeat":"repeat","background-position":"center center","background-size":"auto","background-attachment":"scroll","background-type":"","background-media":"","overlay-type":"","overlay-color":"","overlay-opacity":"","overlay-gradient":""}},"ast-content-background-meta":{"desktop":{"background-color":"var(--ast-global-color-5)","background-image":"","background-repeat":"repeat","background-position":"center center","background-size":"auto","background-attachment":"scroll","background-type":"","background-media":"","overlay-type":"","overlay-color":"","overlay-opacity":"","overlay-gradient":""},"tablet":{"background-color":"var(--ast-global-color-5)","background-image":"","background-repeat":"repeat","background-position":"center center","background-size":"auto","background-attachment":"scroll","background-type":"","background-media":"","overlay-type":"","overlay-color":"","overlay-opacity":"","overlay-gradient":""},"mobile":{"background-color":"var(--ast-global-color-5)","background-image":"","background-repeat":"repeat","background-position":"center center","background-size":"auto","background-attachment":"scroll","background-type":"","background-media":"","overlay-type":"","overlay-color":"","overlay-opacity":"","overlay-gradient":""}}},"product_brand":[],"product_cat":[685,94,735,420,723,18,740],"product_tag":[],"class_list":{"0":"post-13886","1":"product","2":"type-product","3":"status-publish","4":"has-post-thumbnail","6":"product_cat-antiparazitiki","7":"product_cat-nega","8":"product_cat-prebavila","9":"product_cat-prehranski-dodatki-za-pse","10":"product_cat-psi","11":"product_cat-vsi-izdelki","12":"product_cat-za-jetra-in-razstrupljanje","13":"desktop-align-center","14":"tablet-align-center","15":"mobile-align-center","17":"first","18":"instock","19":"shipping-taxable","20":"purchasable","21":"product-type-variable"},"acf":[],"yoast_head":"<!-- This site is optimized with the Yoast SEO plugin v27.4 - https:\/\/yoast.com\/product\/yoast-seo-wordpress\/ -->\n<title>Kanex - proti notranjim parazitom - Trgovina Pasja Univerza<\/title>\n<meta name=\"description\" content=\"kanex-naravni antiparazitik proti notranjim zajedalcem.\" \/>\n<meta name=\"robots\" content=\"index, follow, max-snippet:-1, max-image-preview:large, max-video-preview:-1\" \/>\n<link rel=\"canonical\" href=\"https:\/\/trgovina.pasjauniverza.si\/en\/product\/kanex-naravni-antiparazitik\/\" \/>\n<meta property=\"og:locale\" content=\"en_US\" \/>\n<meta property=\"og:type\" content=\"article\" \/>\n<meta property=\"og:title\" content=\"Kanex - proti notranjim parazitom - Trgovina Pasja Univerza\" \/>\n<meta property=\"og:description\" content=\"kanex-naravni antiparazitik proti notranjim zajedalcem.\" \/>\n<meta property=\"og:url\" content=\"https:\/\/trgovina.pasjauniverza.si\/en\/product\/kanex-naravni-antiparazitik\/\" \/>\n<meta property=\"og:site_name\" content=\"Trgovina Pasja Univerza\" \/>\n<meta property=\"article:modified_time\" content=\"2026-04-21T07:59:55+00:00\" \/>\n<meta property=\"og:image\" content=\"https:\/\/trgovina.pasjauniverza.si\/wp-content\/uploads\/2025\/06\/kanex-naravni-antiparazitik-za-notranje-zajedalce.webp\" \/>\n\t<meta property=\"og:image:width\" content=\"1200\" \/>\n\t<meta property=\"og:image:height\" content=\"1200\" \/>\n\t<meta property=\"og:image:type\" content=\"image\/webp\" \/>\n<meta name=\"twitter:card\" content=\"summary_large_image\" \/>\n<meta name=\"twitter:label1\" content=\"Est. reading time\" \/>\n\t<meta name=\"twitter:data1\" content=\"2 minutes\" \/>\n<script type=\"application\/ld+json\" class=\"yoast-schema-graph\">{\"@context\":\"https:\\\/\\\/schema.org\",\"@graph\":[{\"@type\":\"WebPage\",\"@id\":\"https:\\\/\\\/trgovina.pasjauniverza.si\\\/product\\\/kanex-naravni-antiparazitik\\\/\",\"url\":\"https:\\\/\\\/trgovina.pasjauniverza.si\\\/product\\\/kanex-naravni-antiparazitik\\\/\",\"name\":\"Kanex - proti notranjim parazitom - Trgovina Pasja Univerza\",\"isPartOf\":{\"@id\":\"https:\\\/\\\/trgovina.pasjauniverza.si\\\/#website\"},\"primaryImageOfPage\":{\"@id\":\"https:\\\/\\\/trgovina.pasjauniverza.si\\\/product\\\/kanex-naravni-antiparazitik\\\/#primaryimage\"},\"image\":{\"@id\":\"https:\\\/\\\/trgovina.pasjauniverza.si\\\/product\\\/kanex-naravni-antiparazitik\\\/#primaryimage\"},\"thumbnailUrl\":\"https:\\\/\\\/trgovina.pasjauniverza.si\\\/wp-content\\\/uploads\\\/2025\\\/06\\\/kanex-naravni-antiparazitik-za-notranje-zajedalce.webp\",\"datePublished\":\"2025-06-17T13:02:29+00:00\",\"dateModified\":\"2026-04-21T07:59:55+00:00\",\"description\":\"kanex-naravni antiparazitik proti notranjim zajedalcem.\",\"breadcrumb\":{\"@id\":\"https:\\\/\\\/trgovina.pasjauniverza.si\\\/product\\\/kanex-naravni-antiparazitik\\\/#breadcrumb\"},\"inLanguage\":\"en-US\",\"potentialAction\":[{\"@type\":\"ReadAction\",\"target\":[\"https:\\\/\\\/trgovina.pasjauniverza.si\\\/product\\\/kanex-naravni-antiparazitik\\\/\"]}]},{\"@type\":\"ImageObject\",\"inLanguage\":\"en-US\",\"@id\":\"https:\\\/\\\/trgovina.pasjauniverza.si\\\/product\\\/kanex-naravni-antiparazitik\\\/#primaryimage\",\"url\":\"https:\\\/\\\/trgovina.pasjauniverza.si\\\/wp-content\\\/uploads\\\/2025\\\/06\\\/kanex-naravni-antiparazitik-za-notranje-zajedalce.webp\",\"contentUrl\":\"https:\\\/\\\/trgovina.pasjauniverza.si\\\/wp-content\\\/uploads\\\/2025\\\/06\\\/kanex-naravni-antiparazitik-za-notranje-zajedalce.webp\",\"width\":1200,\"height\":1200,\"caption\":\"kanex-naravni antiparazitik za notranje zajedalce\"},{\"@type\":\"BreadcrumbList\",\"@id\":\"https:\\\/\\\/trgovina.pasjauniverza.si\\\/product\\\/kanex-naravni-antiparazitik\\\/#breadcrumb\",\"itemListElement\":[{\"@type\":\"ListItem\",\"position\":1,\"name\":\"Home\",\"item\":\"https:\\\/\\\/trgovina.pasjauniverza.si\\\/\"},{\"@type\":\"ListItem\",\"position\":2,\"name\":\"Trgovina\",\"item\":\"https:\\\/\\\/trgovina.pasjauniverza.si\\\/trgovina\\\/\"},{\"@type\":\"ListItem\",\"position\":3,\"name\":\"Kanex &#8211; proti notranjim parazitom\"}]},{\"@type\":\"WebSite\",\"@id\":\"https:\\\/\\\/trgovina.pasjauniverza.si\\\/#website\",\"url\":\"https:\\\/\\\/trgovina.pasjauniverza.si\\\/\",\"name\":\"Trgovina Pasja Univerza\",\"description\":\"pasja univerza trgovina\",\"publisher\":{\"@id\":\"https:\\\/\\\/trgovina.pasjauniverza.si\\\/#organization\"},\"potentialAction\":[{\"@type\":\"SearchAction\",\"target\":{\"@type\":\"EntryPoint\",\"urlTemplate\":\"https:\\\/\\\/trgovina.pasjauniverza.si\\\/?s={search_term_string}\"},\"query-input\":{\"@type\":\"PropertyValueSpecification\",\"valueRequired\":true,\"valueName\":\"search_term_string\"}}],\"inLanguage\":\"en-US\"},{\"@type\":\"Organization\",\"@id\":\"https:\\\/\\\/trgovina.pasjauniverza.si\\\/#organization\",\"name\":\"Trgovina Pasja Univerza\",\"url\":\"https:\\\/\\\/trgovina.pasjauniverza.si\\\/\",\"logo\":{\"@type\":\"ImageObject\",\"inLanguage\":\"en-US\",\"@id\":\"https:\\\/\\\/trgovina.pasjauniverza.si\\\/#\\\/schema\\\/logo\\\/image\\\/\",\"url\":\"https:\\\/\\\/trgovina.pasjauniverza.si\\\/wp-content\\\/uploads\\\/2024\\\/08\\\/cropped-logotipi-vector-04.png\",\"contentUrl\":\"https:\\\/\\\/trgovina.pasjauniverza.si\\\/wp-content\\\/uploads\\\/2024\\\/08\\\/cropped-logotipi-vector-04.png\",\"width\":942,\"height\":908,\"caption\":\"Trgovina Pasja Univerza\"},\"image\":{\"@id\":\"https:\\\/\\\/trgovina.pasjauniverza.si\\\/#\\\/schema\\\/logo\\\/image\\\/\"}}]}<\/script>\n<!-- \/ Yoast SEO plugin. -->","yoast_head_json":{"title":"Kanex - proti notranjim parazitom - Trgovina Pasja Univerza","description":"kanex-naravni antiparazitik proti notranjim zajedalcem.","robots":{"index":"index","follow":"follow","max-snippet":"max-snippet:-1","max-image-preview":"max-image-preview:large","max-video-preview":"max-video-preview:-1"},"canonical":"https:\/\/trgovina.pasjauniverza.si\/en\/product\/kanex-naravni-antiparazitik\/","og_locale":"en_US","og_type":"article","og_title":"Kanex - proti notranjim parazitom - Trgovina Pasja Univerza","og_description":"kanex-naravni antiparazitik proti notranjim zajedalcem.","og_url":"https:\/\/trgovina.pasjauniverza.si\/en\/product\/kanex-naravni-antiparazitik\/","og_site_name":"Trgovina Pasja Univerza","article_modified_time":"2026-04-21T07:59:55+00:00","og_image":[{"width":1200,"height":1200,"url":"https:\/\/trgovina.pasjauniverza.si\/wp-content\/uploads\/2025\/06\/kanex-naravni-antiparazitik-za-notranje-zajedalce.webp","type":"image\/webp"}],"twitter_card":"summary_large_image","twitter_misc":{"Est. reading time":"2 minutes"},"schema":{"@context":"https:\/\/schema.org","@graph":[{"@type":"WebPage","@id":"https:\/\/trgovina.pasjauniverza.si\/product\/kanex-naravni-antiparazitik\/","url":"https:\/\/trgovina.pasjauniverza.si\/product\/kanex-naravni-antiparazitik\/","name":"Kanex - proti notranjim parazitom - Trgovina Pasja Univerza","isPartOf":{"@id":"https:\/\/trgovina.pasjauniverza.si\/#website"},"primaryImageOfPage":{"@id":"https:\/\/trgovina.pasjauniverza.si\/product\/kanex-naravni-antiparazitik\/#primaryimage"},"image":{"@id":"https:\/\/trgovina.pasjauniverza.si\/product\/kanex-naravni-antiparazitik\/#primaryimage"},"thumbnailUrl":"https:\/\/trgovina.pasjauniverza.si\/wp-content\/uploads\/2025\/06\/kanex-naravni-antiparazitik-za-notranje-zajedalce.webp","datePublished":"2025-06-17T13:02:29+00:00","dateModified":"2026-04-21T07:59:55+00:00","description":"kanex-naravni antiparazitik proti notranjim zajedalcem.","breadcrumb":{"@id":"https:\/\/trgovina.pasjauniverza.si\/product\/kanex-naravni-antiparazitik\/#breadcrumb"},"inLanguage":"en-US","potentialAction":[{"@type":"ReadAction","target":["https:\/\/trgovina.pasjauniverza.si\/product\/kanex-naravni-antiparazitik\/"]}]},{"@type":"ImageObject","inLanguage":"en-US","@id":"https:\/\/trgovina.pasjauniverza.si\/product\/kanex-naravni-antiparazitik\/#primaryimage","url":"https:\/\/trgovina.pasjauniverza.si\/wp-content\/uploads\/2025\/06\/kanex-naravni-antiparazitik-za-notranje-zajedalce.webp","contentUrl":"https:\/\/trgovina.pasjauniverza.si\/wp-content\/uploads\/2025\/06\/kanex-naravni-antiparazitik-za-notranje-zajedalce.webp","width":1200,"height":1200,"caption":"kanex-naravni antiparazitik za notranje zajedalce"},{"@type":"BreadcrumbList","@id":"https:\/\/trgovina.pasjauniverza.si\/product\/kanex-naravni-antiparazitik\/#breadcrumb","itemListElement":[{"@type":"ListItem","position":1,"name":"Home","item":"https:\/\/trgovina.pasjauniverza.si\/"},{"@type":"ListItem","position":2,"name":"Trgovina","item":"https:\/\/trgovina.pasjauniverza.si\/trgovina\/"},{"@type":"ListItem","position":3,"name":"Kanex &#8211; proti notranjim parazitom"}]},{"@type":"WebSite","@id":"https:\/\/trgovina.pasjauniverza.si\/#website","url":"https:\/\/trgovina.pasjauniverza.si\/","name":"Trgovina Pasja Univerza","description":"pasja univerza trgovina","publisher":{"@id":"https:\/\/trgovina.pasjauniverza.si\/#organization"},"potentialAction":[{"@type":"SearchAction","target":{"@type":"EntryPoint","urlTemplate":"https:\/\/trgovina.pasjauniverza.si\/?s={search_term_string}"},"query-input":{"@type":"PropertyValueSpecification","valueRequired":true,"valueName":"search_term_string"}}],"inLanguage":"en-US"},{"@type":"Organization","@id":"https:\/\/trgovina.pasjauniverza.si\/#organization","name":"Trgovina Pasja Univerza","url":"https:\/\/trgovina.pasjauniverza.si\/","logo":{"@type":"ImageObject","inLanguage":"en-US","@id":"https:\/\/trgovina.pasjauniverza.si\/#\/schema\/logo\/image\/","url":"https:\/\/trgovina.pasjauniverza.si\/wp-content\/uploads\/2024\/08\/cropped-logotipi-vector-04.png","contentUrl":"https:\/\/trgovina.pasjauniverza.si\/wp-content\/uploads\/2024\/08\/cropped-logotipi-vector-04.png","width":942,"height":908,"caption":"Trgovina Pasja Univerza"},"image":{"@id":"https:\/\/trgovina.pasjauniverza.si\/#\/schema\/logo\/image\/"}}]}},"uagb_featured_image_src":{"full":["https:\/\/trgovina.pasjauniverza.si\/wp-content\/uploads\/2025\/06\/kanex-naravni-antiparazitik-za-notranje-zajedalce.webp",1200,1200,false],"thumbnail":["https:\/\/trgovina.pasjauniverza.si\/wp-content\/uploads\/2025\/06\/kanex-naravni-antiparazitik-za-notranje-zajedalce-150x150.webp",150,150,true],"medium":["https:\/\/trgovina.pasjauniverza.si\/wp-content\/uploads\/2025\/06\/kanex-naravni-antiparazitik-za-notranje-zajedalce-300x300.webp",300,300,true],"medium_large":["https:\/\/trgovina.pasjauniverza.si\/wp-content\/uploads\/2025\/06\/kanex-naravni-antiparazitik-za-notranje-zajedalce-768x768.webp",768,768,true],"large":["https:\/\/trgovina.pasjauniverza.si\/wp-content\/uploads\/2025\/06\/kanex-naravni-antiparazitik-za-notranje-zajedalce-1024x1024.webp",1024,1024,true],"1536x1536":["https:\/\/trgovina.pasjauniverza.si\/wp-content\/uploads\/2025\/06\/kanex-naravni-antiparazitik-za-notranje-zajedalce.webp",1200,1200,false],"2048x2048":["https:\/\/trgovina.pasjauniverza.si\/wp-content\/uploads\/2025\/06\/kanex-naravni-antiparazitik-za-notranje-zajedalce.webp",1200,1200,false],"trp-custom-language-flag":["https:\/\/trgovina.pasjauniverza.si\/wp-content\/uploads\/2025\/06\/kanex-naravni-antiparazitik-za-notranje-zajedalce-12x12.webp",12,12,true],"woocommerce_thumbnail":["https:\/\/trgovina.pasjauniverza.si\/wp-content\/uploads\/2025\/06\/kanex-naravni-antiparazitik-za-notranje-zajedalce-300x300.webp",300,300,true],"woocommerce_single":["https:\/\/trgovina.pasjauniverza.si\/wp-content\/uploads\/2025\/06\/kanex-naravni-antiparazitik-za-notranje-zajedalce-600x600.webp",600,600,true],"woocommerce_gallery_thumbnail":["https:\/\/trgovina.pasjauniverza.si\/wp-content\/uploads\/2025\/06\/kanex-naravni-antiparazitik-za-notranje-zajedalce-100x100.webp",100,100,true]},"uagb_author_info":{"display_name":"Karmen Grubeli\u0107, dr.vet.med.","author_link":"https:\/\/trgovina.pasjauniverza.si\/en\/author\/"},"uagb_comment_info":1,"uagb_excerpt":"KANEX \u2013 Naravna \u010drevesna za\u0161\u010dita za pse \u2714\u00a0 Naravno proti \u010drevesnim zajedavcem \u2013 brez kemije - za preventivo in kurativo\u2714 Vsebuje kainsko kislino (Dulse) in cucurbitacin (bu\u010dna semena)\u2714 Podpira \u010drevesno higieno in zdravo prebavo\u2714 Pomaga pri izlo\u010danju notranjih zajedalcev\u00a0iz prebavil\u2714 100\u202f% naravno \u2013 brez polnil, brez umetnih dodatkov\u2714 Primerno za vse pasme in starosti\u2714 Izdelano&hellip;","jetpack_sharing_enabled":true,"_links":{"self":[{"href":"https:\/\/trgovina.pasjauniverza.si\/en\/wp-json\/wp\/v2\/product\/13886","targetHints":{"allow":["GET"]}}],"collection":[{"href":"https:\/\/trgovina.pasjauniverza.si\/en\/wp-json\/wp\/v2\/product"}],"about":[{"href":"https:\/\/trgovina.pasjauniverza.si\/en\/wp-json\/wp\/v2\/types\/product"}],"replies":[{"embeddable":true,"href":"https:\/\/trgovina.pasjauniverza.si\/en\/wp-json\/wp\/v2\/comments?post=13886"}],"wp:featuredmedia":[{"embeddable":true,"href":"https:\/\/trgovina.pasjauniverza.si\/en\/wp-json\/wp\/v2\/media\/13889"}],"wp:attachment":[{"href":"https:\/\/trgovina.pasjauniverza.si\/en\/wp-json\/wp\/v2\/media?parent=13886"}],"wp:term":[{"taxonomy":"product_brand","embeddable":true,"href":"https:\/\/trgovina.pasjauniverza.si\/en\/wp-json\/wp\/v2\/product_brand?post=13886"},{"taxonomy":"product_cat","embeddable":true,"href":"https:\/\/trgovina.pasjauniverza.si\/en\/wp-json\/wp\/v2\/product_cat?post=13886"},{"taxonomy":"product_tag","embeddable":true,"href":"https:\/\/trgovina.pasjauniverza.si\/en\/wp-json\/wp\/v2\/product_tag?post=13886"}],"curies":[{"name":"wp","href":"https:\/\/api.w.org\/{rel}","templated":true}]}}