
{"id":13809,"date":"2025-06-10T08:29:52","date_gmt":"2025-06-10T08:29:52","guid":{"rendered":"https:\/\/trgovina.pasjauniverza.si\/?post_type=product&#038;p=13809"},"modified":"2026-01-25T13:39:30","modified_gmt":"2026-01-25T13:39:30","slug":"s-slino-do-rezultatov-odkrivanje-alergij-pri-psih-z-bioresonancno-analizo","status":"publish","type":"product","link":"https:\/\/trgovina.pasjauniverza.si\/en\/product\/s-slino-do-rezultatov-odkrivanje-alergij-pri-psih-z-bioresonancno-analizo\/","title":{"rendered":"Bioresonan\u010dno testiranje pasje\/ma\u010dje sline za alergene"},"content":{"rendered":"<p class=\"\" data-start=\"260\" data-end=\"421\">Sumite, da va\u0161 pes ne prena\u0161a dolo\u010dene hrane, pribolj\u0161kov ali snovi iz okolja?<\/p>\n<h5>Se ku\u017ea praska, ima mehko blato ali drisko, mu izpada dlaka, se grize po ko\u017ei, bruha, se mu spahuje, ima spremembe na ko\u017ei, ponavljajo\u010de vneta u\u0161esa, se je vedenjsko hitro spremenil, ipd.?<\/h5>\n<p class=\"\" data-start=\"260\" data-end=\"421\"><br data-start=\"329\" data-end=\"332\" \/>Namesto ugibanja lahko zdaj pridete do odgovorov \u2013 brez krvi, brez stresa, kar od doma.<\/p>\n<p class=\"\" data-start=\"423\" data-end=\"620\">Z bioresonan\u010dno analizo pasje sline in <strong data-start=\"462\" data-end=\"541\">dodatnih vzorcev hrane, pribolj\u0161kov, \u017eve\u010dilk, dodatkov, \u0161amponov ali okolijskih snovi<\/strong>, ki jih po\u0161ljete vi, preverimo, kako telo va\u0161ega ku\u017eka nanje energijsko reagira.<\/p>\n<p>Testiranje ve\u010d kot 150 posameznih parametrov od razli\u010dnih vrst mesa\/beljakovin, ogljikovih hidratov, sadja, zelenjave, prehranskih dodatkov, pr\u0161ic, parazitov, okoljskih alergenov, najpogostej\u0161ih bakterij, gliv pri psih, ma\u010dkah in konjih,&#8230; IN (po \u017eelji) testiranje va\u0161ih vzorcev ( to je lahko vzor\u010dek razli\u010dne hrane, pribolj\u0161kov, \u017eve\u010dilk, \u0161amponov, repelentov, vode,&#8230;).<\/p>\n<p>&nbsp;<\/p>\n<h3 class=\"\" data-start=\"627\" data-end=\"656\">Kaj vklju\u010duje analiza?<\/h3>\n<p>&nbsp;<\/p>\n<ul data-start=\"658\" data-end=\"1076\">\n<li class=\"\" data-start=\"723\" data-end=\"810\">\n<p class=\"\" data-start=\"725\" data-end=\"810\"><strong data-start=\"725\" data-end=\"771\">Bioresonan\u010dni odziv na ve\u010d kot 150 standardnih alergenov<\/strong> (hrana, paraziti, okolje, prehranski dodatki\u2026)<\/p>\n<\/li>\n<li class=\"\" data-start=\"811\" data-end=\"902\">\n<p class=\"\" data-start=\"813\" data-end=\"902\"><strong data-start=\"813\" data-end=\"849\">Mo\u017enost vklju\u010ditve va\u0161ih vzorcev<\/strong> hrane, pribolj\u0161kov, \u017eve\u010dilk, dopolnil, \u010distil ipd.<\/p>\n<\/li>\n<li class=\"\" data-start=\"903\" data-end=\"992\">\n<p class=\"\" data-start=\"905\" data-end=\"992\"><strong data-start=\"905\" data-end=\"938\">Poro\u010dilo z razlago rezultatov<\/strong> in seznamom snovi, ki jih je priporo\u010dljivo izlo\u010diti na e-mail<\/p>\n<\/li>\n<li class=\"\" data-start=\"993\" data-end=\"1076\">\n<p class=\"\" data-start=\"995\" data-end=\"1076\"><strong data-start=\"995\" data-end=\"1021\">Svetovanje<\/strong> z razlago rezultatov in predlogom naslednjih korakov<\/p>\n<\/li>\n<\/ul>\n<p>*po\u0161tnina sline in vzor\u010dkov NI VKLJU\u010cENA v ceno. Poslanih vzorcev se ne vra\u010da.<\/p>\n<h3 class=\"\" data-start=\"1083\" data-end=\"1102\">Kako poteka?<\/h3>\n<ol data-start=\"1104\" data-end=\"1275\">\n<li class=\"\" data-start=\"1104\" data-end=\"1189\">\n<p class=\"\" data-start=\"1107\" data-end=\"1189\">Po naro\u010dilu prejmete na e-mail <strong data-start=\"1128\" data-end=\"1156\">navodila za odvzem sline<\/strong> in po\u0161iljanje dodatnih vzorcev<\/p>\n<\/li>\n<li class=\"\" data-start=\"1190\" data-end=\"1212\">\n<p class=\"\" data-start=\"1193\" data-end=\"1212\">Po\u0161ljete po po\u0161ti<\/p>\n<\/li>\n<li class=\"\" data-start=\"1213\" data-end=\"1275\">\n<p class=\"\" data-start=\"1216\" data-end=\"1275\">V roku <strong data-start=\"1223\" data-end=\"1235\">7\u201310 dni<\/strong> prejmete rezultat + razlago na e-mail<\/p>\n<\/li>\n<\/ol>\n<h3 class=\"\" data-start=\"266\" data-end=\"336\">Znaki, da ima va\u0161 pes morda prehransko intoleranco ali alergijo<\/h3>\n<p class=\"\" data-start=\"338\" data-end=\"500\">Prehranske preob\u010dutljivosti se pri psih pogosto ka\u017eejo preko <strong data-start=\"399\" data-end=\"428\">ko\u017ee, prebave ali vedenja<\/strong>. \u010ce opa\u017eate katerega od spodnjih znakov, je lahko krivec prav prehrana:<\/p>\n<h4 class=\"\" data-start=\"502\" data-end=\"526\"> <strong data-start=\"510\" data-end=\"526\">Ko\u017eni znaki:<\/strong><\/h4>\n<ul data-start=\"527\" data-end=\"734\">\n<li class=\"\" data-start=\"527\" data-end=\"583\">\n<p class=\"\" data-start=\"529\" data-end=\"583\">Srbe\u010dica (pogosto po ta\u010dkah, u\u0161esih, dimljah, trebuhu)<\/p>\n<\/li>\n<li class=\"\" data-start=\"584\" data-end=\"625\">\n<p class=\"\" data-start=\"586\" data-end=\"625\">Pogosto lizanje, grizenje ali praskanje<\/p>\n<\/li>\n<li class=\"\" data-start=\"626\" data-end=\"655\">\n<p class=\"\" data-start=\"628\" data-end=\"655\">Ponavljajo\u010da se vnetja u\u0161es<\/p>\n<\/li>\n<li class=\"\" data-start=\"656\" data-end=\"695\">\n<p class=\"\" data-start=\"658\" data-end=\"695\">Pordelost ko\u017ee, izpu\u0161\u010daji, rde\u010de \u0161ape<\/p>\n<\/li>\n<li class=\"\" data-start=\"696\" data-end=\"734\">\n<p class=\"\" data-start=\"698\" data-end=\"734\">Izpadanje dlake ali mesta brez dlake<\/p>\n<\/li>\n<\/ul>\n<h4 class=\"\" data-start=\"736\" data-end=\"764\"> <strong data-start=\"744\" data-end=\"764\">Prebavne te\u017eave:<\/strong><\/h4>\n<ul data-start=\"765\" data-end=\"909\">\n<li class=\"\" data-start=\"765\" data-end=\"789\">\n<p class=\"\" data-start=\"767\" data-end=\"789\">Driska ali mehko blato<\/p>\n<\/li>\n<li class=\"\" data-start=\"790\" data-end=\"814\">\n<p class=\"\" data-start=\"792\" data-end=\"814\">Vetrovi ali napenjanje<\/p>\n<\/li>\n<li class=\"\" data-start=\"815\" data-end=\"847\">\n<p class=\"\" data-start=\"817\" data-end=\"847\">Slab zadah kljub ustni higieni<\/p>\n<\/li>\n<li class=\"\" data-start=\"848\" data-end=\"887\">\n<p class=\"\" data-start=\"850\" data-end=\"887\">Pogosto siljenje na blato brez uspeha<\/p>\n<\/li>\n<li class=\"\" data-start=\"888\" data-end=\"909\">\n<p class=\"\" data-start=\"890\" data-end=\"909\">Bruhanje po obrokih<\/p>\n<\/li>\n<li data-start=\"888\" data-end=\"909\">Sluz v blatu<\/li>\n<li data-start=\"888\" data-end=\"909\">Zaprtje<\/li>\n<li data-start=\"888\" data-end=\"909\">Te\u017eave z analnimi \u017elezami,&#8230;<\/li>\n<\/ul>\n<h4 class=\"\" data-start=\"911\" data-end=\"939\"> <strong data-start=\"919\" data-end=\"939\">Vedenjski znaki:<\/strong><\/h4>\n<ul data-start=\"940\" data-end=\"1069\">\n<li class=\"\" data-start=\"940\" data-end=\"967\">\n<p class=\"\" data-start=\"942\" data-end=\"967\">Nemirnost, razdra\u017eljivost<\/p>\n<\/li>\n<li class=\"\" data-start=\"968\" data-end=\"1000\">\n<p class=\"\" data-start=\"970\" data-end=\"1000\">Pove\u010dana ob\u010dutljivost na dotik<\/p>\n<\/li>\n<li class=\"\" data-start=\"1001\" data-end=\"1033\">\n<p class=\"\" data-start=\"1003\" data-end=\"1033\">Spremembe v spanju ali apetitu<\/p>\n<\/li>\n<li class=\"\" data-start=\"1034\" data-end=\"1069\">\n<p class=\"\" data-start=\"1036\" data-end=\"1069\">Izogibanje dolo\u010denim vrstam hrane<\/p>\n<\/li>\n<\/ul>\n<p class=\"\" data-start=\"1282\" data-end=\"1458\"><strong data-start=\"1285\" data-end=\"1306\">Idealno za pse z:<\/strong><br data-start=\"1306\" data-end=\"1309\" \/>\u2013 Srbe\u010do ko\u017eo, u\u0161esi ali ta\u010dkami<br data-start=\"1340\" data-end=\"1343\" \/>\u2013 Pogostimi prebavnimi te\u017eavami (mehko blato, driske, veliko sluzi v blatu, zaprtje, te\u017eave z analnimi \u017elezami,..)<br data-start=\"1374\" data-end=\"1377\" \/>\u2013 Slabim odzivom na klasi\u010dne diete<br data-start=\"1411\" data-end=\"1414\" \/>\u2013 Sumom na alergijo na to\u010dno dolo\u010den izdelek<\/p>\n<hr class=\"\" data-start=\"1460\" data-end=\"1463\" \/>\n<p class=\"\" data-start=\"1465\" data-end=\"1549\"><strong data-start=\"1465\" data-end=\"1549\">S personaliziranim pristopom do jasnej\u0161e slike \u2013 in bolj\u0161ega po\u010dutja va\u0161ega psa.<\/strong><\/p>\n<p>Po pla\u010dilu prejmete na mail podrobnej\u0161a navodila za po\u0161iljanje vzorca\/e in samo bioresonan\u010dno analizo.<\/p>\n<p><em>Bioresonan\u010dna analiza ni nadomestilo za veterinarsko obravnavo.\u00a0<\/em><\/p>\n<p>&nbsp;<\/p>","protected":false},"excerpt":{"rendered":"<p><strong data-start=\"107\" data-end=\"211\">Odkrivanje prehranskih in okoljskih preob\u010dutljivosti pri psih \u2013 brez krvi, brez stresa, kar od doma.<\/strong><\/p>\n<p>S pomo\u010djo pasje sline in po \u017eelji tudi vzorcev hrane, pribolj\u0161kov ali drugih dodatkov in snovi, preverimo odziv telesa na ve\u010d kot 150 potencialnih alergenov.\u00a0 Mo\u017eno tudi testiranje va\u0161ih vzorcev!<\/p>\n<p>Po testiranju prejmete na mail poro\u010dilo z razlago rezultatov in priporo\u010dili za nadaljnje korake.<\/p>","protected":false},"featured_media":13987,"comment_status":"open","ping_status":"closed","template":"","meta":{"_acf_changed":false,"_uag_custom_page_level_css":"","site-sidebar-layout":"default","site-content-layout":"","ast-site-content-layout":"default","site-content-style":"default","site-sidebar-style":"default","ast-global-header-display":"","ast-banner-title-visibility":"","ast-main-header-display":"","ast-hfb-above-header-display":"","ast-hfb-below-header-display":"","ast-hfb-mobile-header-display":"","site-post-title":"","ast-breadcrumbs-content":"","ast-featured-img":"","footer-sml-layout":"","ast-disable-related-posts":"","theme-transparent-header-meta":"default","adv-header-id-meta":"","stick-header-meta":"","header-above-stick-meta":"","header-main-stick-meta":"","header-below-stick-meta":"","astra-migrate-meta-layouts":"set","ast-page-background-enabled":"default","ast-page-background-meta":{"desktop":{"background-color":"","background-image":"","background-repeat":"repeat","background-position":"center center","background-size":"auto","background-attachment":"scroll","background-type":"","background-media":"","overlay-type":"","overlay-color":"","overlay-opacity":"","overlay-gradient":""},"tablet":{"background-color":"","background-image":"","background-repeat":"repeat","background-position":"center center","background-size":"auto","background-attachment":"scroll","background-type":"","background-media":"","overlay-type":"","overlay-color":"","overlay-opacity":"","overlay-gradient":""},"mobile":{"background-color":"","background-image":"","background-repeat":"repeat","background-position":"center center","background-size":"auto","background-attachment":"scroll","background-type":"","background-media":"","overlay-type":"","overlay-color":"","overlay-opacity":"","overlay-gradient":""}},"ast-content-background-meta":{"desktop":{"background-color":"var(--ast-global-color-5)","background-image":"","background-repeat":"repeat","background-position":"center center","background-size":"auto","background-attachment":"scroll","background-type":"","background-media":"","overlay-type":"","overlay-color":"","overlay-opacity":"","overlay-gradient":""},"tablet":{"background-color":"var(--ast-global-color-5)","background-image":"","background-repeat":"repeat","background-position":"center center","background-size":"auto","background-attachment":"scroll","background-type":"","background-media":"","overlay-type":"","overlay-color":"","overlay-opacity":"","overlay-gradient":""},"mobile":{"background-color":"var(--ast-global-color-5)","background-image":"","background-repeat":"repeat","background-position":"center center","background-size":"auto","background-attachment":"scroll","background-type":"","background-media":"","overlay-type":"","overlay-color":"","overlay-opacity":"","overlay-gradient":""}}},"product_brand":[],"product_cat":[94,18],"product_tag":[],"class_list":{"0":"post-13809","1":"product","2":"type-product","3":"status-publish","4":"has-post-thumbnail","6":"product_cat-nega","7":"product_cat-vsi-izdelki","8":"desktop-align-center","9":"tablet-align-center","10":"mobile-align-center","12":"first","13":"instock","14":"sale","15":"virtual","16":"purchasable","17":"product-type-simple"},"acf":[],"yoast_head":"<!-- This site is optimized with the Yoast SEO plugin v27.4 - https:\/\/yoast.com\/product\/yoast-seo-wordpress\/ -->\n<title>Bioresonan\u010dno testiranje pasje\/ma\u010dje sline za alergene - Trgovina Pasja Univerza<\/title>\n<meta name=\"description\" content=\"S slino do rezultatov \u2013 odkrivanje alergij pri psih z bioresonan\u010dno analizo-\" \/>\n<meta name=\"robots\" content=\"index, follow, max-snippet:-1, max-image-preview:large, max-video-preview:-1\" \/>\n<link rel=\"canonical\" href=\"https:\/\/trgovina.pasjauniverza.si\/en\/product\/s-slino-do-rezultatov-odkrivanje-alergij-pri-psih-z-bioresonancno-analizo\/\" \/>\n<meta property=\"og:locale\" content=\"en_US\" \/>\n<meta property=\"og:type\" content=\"article\" \/>\n<meta property=\"og:title\" content=\"Bioresonan\u010dno testiranje pasje\/ma\u010dje sline za alergene - Trgovina Pasja Univerza\" \/>\n<meta property=\"og:description\" content=\"S slino do rezultatov \u2013 odkrivanje alergij pri psih z bioresonan\u010dno analizo-\" \/>\n<meta property=\"og:url\" content=\"https:\/\/trgovina.pasjauniverza.si\/en\/product\/s-slino-do-rezultatov-odkrivanje-alergij-pri-psih-z-bioresonancno-analizo\/\" \/>\n<meta property=\"og:site_name\" content=\"Trgovina Pasja Univerza\" \/>\n<meta property=\"article:modified_time\" content=\"2026-01-25T13:39:30+00:00\" \/>\n<meta property=\"og:image\" content=\"https:\/\/trgovina.pasjauniverza.si\/wp-content\/uploads\/2025\/06\/image1-scaled.jpeg\" \/>\n\t<meta property=\"og:image:width\" content=\"1920\" \/>\n\t<meta property=\"og:image:height\" content=\"2560\" \/>\n\t<meta property=\"og:image:type\" content=\"image\/jpeg\" \/>\n<meta name=\"twitter:card\" content=\"summary_large_image\" \/>\n<meta name=\"twitter:label1\" content=\"Est. reading time\" \/>\n\t<meta name=\"twitter:data1\" content=\"3 minutes\" \/>\n<script type=\"application\/ld+json\" class=\"yoast-schema-graph\">{\"@context\":\"https:\\\/\\\/schema.org\",\"@graph\":[{\"@type\":\"WebPage\",\"@id\":\"https:\\\/\\\/trgovina.pasjauniverza.si\\\/product\\\/s-slino-do-rezultatov-odkrivanje-alergij-pri-psih-z-bioresonancno-analizo\\\/\",\"url\":\"https:\\\/\\\/trgovina.pasjauniverza.si\\\/product\\\/s-slino-do-rezultatov-odkrivanje-alergij-pri-psih-z-bioresonancno-analizo\\\/\",\"name\":\"Bioresonan\u010dno testiranje pasje\\\/ma\u010dje sline za alergene - Trgovina Pasja Univerza\",\"isPartOf\":{\"@id\":\"https:\\\/\\\/trgovina.pasjauniverza.si\\\/#website\"},\"primaryImageOfPage\":{\"@id\":\"https:\\\/\\\/trgovina.pasjauniverza.si\\\/product\\\/s-slino-do-rezultatov-odkrivanje-alergij-pri-psih-z-bioresonancno-analizo\\\/#primaryimage\"},\"image\":{\"@id\":\"https:\\\/\\\/trgovina.pasjauniverza.si\\\/product\\\/s-slino-do-rezultatov-odkrivanje-alergij-pri-psih-z-bioresonancno-analizo\\\/#primaryimage\"},\"thumbnailUrl\":\"https:\\\/\\\/trgovina.pasjauniverza.si\\\/wp-content\\\/uploads\\\/2025\\\/06\\\/image1-scaled.jpeg\",\"datePublished\":\"2025-06-10T08:29:52+00:00\",\"dateModified\":\"2026-01-25T13:39:30+00:00\",\"description\":\"S slino do rezultatov \u2013 odkrivanje alergij pri psih z bioresonan\u010dno analizo-\",\"breadcrumb\":{\"@id\":\"https:\\\/\\\/trgovina.pasjauniverza.si\\\/product\\\/s-slino-do-rezultatov-odkrivanje-alergij-pri-psih-z-bioresonancno-analizo\\\/#breadcrumb\"},\"inLanguage\":\"en-US\",\"potentialAction\":[{\"@type\":\"ReadAction\",\"target\":[\"https:\\\/\\\/trgovina.pasjauniverza.si\\\/product\\\/s-slino-do-rezultatov-odkrivanje-alergij-pri-psih-z-bioresonancno-analizo\\\/\"]}]},{\"@type\":\"ImageObject\",\"inLanguage\":\"en-US\",\"@id\":\"https:\\\/\\\/trgovina.pasjauniverza.si\\\/product\\\/s-slino-do-rezultatov-odkrivanje-alergij-pri-psih-z-bioresonancno-analizo\\\/#primaryimage\",\"url\":\"https:\\\/\\\/trgovina.pasjauniverza.si\\\/wp-content\\\/uploads\\\/2025\\\/06\\\/image1-scaled.jpeg\",\"contentUrl\":\"https:\\\/\\\/trgovina.pasjauniverza.si\\\/wp-content\\\/uploads\\\/2025\\\/06\\\/image1-scaled.jpeg\",\"width\":1920,\"height\":2560},{\"@type\":\"BreadcrumbList\",\"@id\":\"https:\\\/\\\/trgovina.pasjauniverza.si\\\/product\\\/s-slino-do-rezultatov-odkrivanje-alergij-pri-psih-z-bioresonancno-analizo\\\/#breadcrumb\",\"itemListElement\":[{\"@type\":\"ListItem\",\"position\":1,\"name\":\"Home\",\"item\":\"https:\\\/\\\/trgovina.pasjauniverza.si\\\/\"},{\"@type\":\"ListItem\",\"position\":2,\"name\":\"Trgovina\",\"item\":\"https:\\\/\\\/trgovina.pasjauniverza.si\\\/trgovina\\\/\"},{\"@type\":\"ListItem\",\"position\":3,\"name\":\"Bioresonan\u010dno testiranje pasje\\\/ma\u010dje sline za alergene\"}]},{\"@type\":\"WebSite\",\"@id\":\"https:\\\/\\\/trgovina.pasjauniverza.si\\\/#website\",\"url\":\"https:\\\/\\\/trgovina.pasjauniverza.si\\\/\",\"name\":\"Trgovina Pasja Univerza\",\"description\":\"pasja univerza trgovina\",\"publisher\":{\"@id\":\"https:\\\/\\\/trgovina.pasjauniverza.si\\\/#organization\"},\"potentialAction\":[{\"@type\":\"SearchAction\",\"target\":{\"@type\":\"EntryPoint\",\"urlTemplate\":\"https:\\\/\\\/trgovina.pasjauniverza.si\\\/?s={search_term_string}\"},\"query-input\":{\"@type\":\"PropertyValueSpecification\",\"valueRequired\":true,\"valueName\":\"search_term_string\"}}],\"inLanguage\":\"en-US\"},{\"@type\":\"Organization\",\"@id\":\"https:\\\/\\\/trgovina.pasjauniverza.si\\\/#organization\",\"name\":\"Trgovina Pasja Univerza\",\"url\":\"https:\\\/\\\/trgovina.pasjauniverza.si\\\/\",\"logo\":{\"@type\":\"ImageObject\",\"inLanguage\":\"en-US\",\"@id\":\"https:\\\/\\\/trgovina.pasjauniverza.si\\\/#\\\/schema\\\/logo\\\/image\\\/\",\"url\":\"https:\\\/\\\/trgovina.pasjauniverza.si\\\/wp-content\\\/uploads\\\/2024\\\/08\\\/cropped-logotipi-vector-04.png\",\"contentUrl\":\"https:\\\/\\\/trgovina.pasjauniverza.si\\\/wp-content\\\/uploads\\\/2024\\\/08\\\/cropped-logotipi-vector-04.png\",\"width\":942,\"height\":908,\"caption\":\"Trgovina Pasja Univerza\"},\"image\":{\"@id\":\"https:\\\/\\\/trgovina.pasjauniverza.si\\\/#\\\/schema\\\/logo\\\/image\\\/\"}}]}<\/script>\n<!-- \/ Yoast SEO plugin. -->","yoast_head_json":{"title":"Bioresonan\u010dno testiranje pasje\/ma\u010dje sline za alergene - Trgovina Pasja Univerza","description":"S slino do rezultatov \u2013 odkrivanje alergij pri psih z bioresonan\u010dno analizo-","robots":{"index":"index","follow":"follow","max-snippet":"max-snippet:-1","max-image-preview":"max-image-preview:large","max-video-preview":"max-video-preview:-1"},"canonical":"https:\/\/trgovina.pasjauniverza.si\/en\/product\/s-slino-do-rezultatov-odkrivanje-alergij-pri-psih-z-bioresonancno-analizo\/","og_locale":"en_US","og_type":"article","og_title":"Bioresonan\u010dno testiranje pasje\/ma\u010dje sline za alergene - Trgovina Pasja Univerza","og_description":"S slino do rezultatov \u2013 odkrivanje alergij pri psih z bioresonan\u010dno analizo-","og_url":"https:\/\/trgovina.pasjauniverza.si\/en\/product\/s-slino-do-rezultatov-odkrivanje-alergij-pri-psih-z-bioresonancno-analizo\/","og_site_name":"Trgovina Pasja Univerza","article_modified_time":"2026-01-25T13:39:30+00:00","og_image":[{"width":1920,"height":2560,"url":"https:\/\/trgovina.pasjauniverza.si\/wp-content\/uploads\/2025\/06\/image1-scaled.jpeg","type":"image\/jpeg"}],"twitter_card":"summary_large_image","twitter_misc":{"Est. reading time":"3 minutes"},"schema":{"@context":"https:\/\/schema.org","@graph":[{"@type":"WebPage","@id":"https:\/\/trgovina.pasjauniverza.si\/product\/s-slino-do-rezultatov-odkrivanje-alergij-pri-psih-z-bioresonancno-analizo\/","url":"https:\/\/trgovina.pasjauniverza.si\/product\/s-slino-do-rezultatov-odkrivanje-alergij-pri-psih-z-bioresonancno-analizo\/","name":"Bioresonan\u010dno testiranje pasje\/ma\u010dje sline za alergene - Trgovina Pasja Univerza","isPartOf":{"@id":"https:\/\/trgovina.pasjauniverza.si\/#website"},"primaryImageOfPage":{"@id":"https:\/\/trgovina.pasjauniverza.si\/product\/s-slino-do-rezultatov-odkrivanje-alergij-pri-psih-z-bioresonancno-analizo\/#primaryimage"},"image":{"@id":"https:\/\/trgovina.pasjauniverza.si\/product\/s-slino-do-rezultatov-odkrivanje-alergij-pri-psih-z-bioresonancno-analizo\/#primaryimage"},"thumbnailUrl":"https:\/\/trgovina.pasjauniverza.si\/wp-content\/uploads\/2025\/06\/image1-scaled.jpeg","datePublished":"2025-06-10T08:29:52+00:00","dateModified":"2026-01-25T13:39:30+00:00","description":"S slino do rezultatov \u2013 odkrivanje alergij pri psih z bioresonan\u010dno analizo-","breadcrumb":{"@id":"https:\/\/trgovina.pasjauniverza.si\/product\/s-slino-do-rezultatov-odkrivanje-alergij-pri-psih-z-bioresonancno-analizo\/#breadcrumb"},"inLanguage":"en-US","potentialAction":[{"@type":"ReadAction","target":["https:\/\/trgovina.pasjauniverza.si\/product\/s-slino-do-rezultatov-odkrivanje-alergij-pri-psih-z-bioresonancno-analizo\/"]}]},{"@type":"ImageObject","inLanguage":"en-US","@id":"https:\/\/trgovina.pasjauniverza.si\/product\/s-slino-do-rezultatov-odkrivanje-alergij-pri-psih-z-bioresonancno-analizo\/#primaryimage","url":"https:\/\/trgovina.pasjauniverza.si\/wp-content\/uploads\/2025\/06\/image1-scaled.jpeg","contentUrl":"https:\/\/trgovina.pasjauniverza.si\/wp-content\/uploads\/2025\/06\/image1-scaled.jpeg","width":1920,"height":2560},{"@type":"BreadcrumbList","@id":"https:\/\/trgovina.pasjauniverza.si\/product\/s-slino-do-rezultatov-odkrivanje-alergij-pri-psih-z-bioresonancno-analizo\/#breadcrumb","itemListElement":[{"@type":"ListItem","position":1,"name":"Home","item":"https:\/\/trgovina.pasjauniverza.si\/"},{"@type":"ListItem","position":2,"name":"Trgovina","item":"https:\/\/trgovina.pasjauniverza.si\/trgovina\/"},{"@type":"ListItem","position":3,"name":"Bioresonan\u010dno testiranje pasje\/ma\u010dje sline za alergene"}]},{"@type":"WebSite","@id":"https:\/\/trgovina.pasjauniverza.si\/#website","url":"https:\/\/trgovina.pasjauniverza.si\/","name":"Trgovina Pasja Univerza","description":"pasja univerza trgovina","publisher":{"@id":"https:\/\/trgovina.pasjauniverza.si\/#organization"},"potentialAction":[{"@type":"SearchAction","target":{"@type":"EntryPoint","urlTemplate":"https:\/\/trgovina.pasjauniverza.si\/?s={search_term_string}"},"query-input":{"@type":"PropertyValueSpecification","valueRequired":true,"valueName":"search_term_string"}}],"inLanguage":"en-US"},{"@type":"Organization","@id":"https:\/\/trgovina.pasjauniverza.si\/#organization","name":"Trgovina Pasja Univerza","url":"https:\/\/trgovina.pasjauniverza.si\/","logo":{"@type":"ImageObject","inLanguage":"en-US","@id":"https:\/\/trgovina.pasjauniverza.si\/#\/schema\/logo\/image\/","url":"https:\/\/trgovina.pasjauniverza.si\/wp-content\/uploads\/2024\/08\/cropped-logotipi-vector-04.png","contentUrl":"https:\/\/trgovina.pasjauniverza.si\/wp-content\/uploads\/2024\/08\/cropped-logotipi-vector-04.png","width":942,"height":908,"caption":"Trgovina Pasja Univerza"},"image":{"@id":"https:\/\/trgovina.pasjauniverza.si\/#\/schema\/logo\/image\/"}}]}},"uagb_featured_image_src":{"full":["https:\/\/trgovina.pasjauniverza.si\/wp-content\/uploads\/2025\/06\/image1-scaled.jpeg",1920,2560,false],"thumbnail":["https:\/\/trgovina.pasjauniverza.si\/wp-content\/uploads\/2025\/06\/image1-150x150.jpeg",150,150,true],"medium":["https:\/\/trgovina.pasjauniverza.si\/wp-content\/uploads\/2025\/06\/image1-225x300.jpeg",225,300,true],"medium_large":["https:\/\/trgovina.pasjauniverza.si\/wp-content\/uploads\/2025\/06\/image1-768x1024.jpeg",768,1024,true],"large":["https:\/\/trgovina.pasjauniverza.si\/wp-content\/uploads\/2025\/06\/image1-768x1024.jpeg",768,1024,true],"1536x1536":["https:\/\/trgovina.pasjauniverza.si\/wp-content\/uploads\/2025\/06\/image1-1152x1536.jpeg",1152,1536,true],"2048x2048":["https:\/\/trgovina.pasjauniverza.si\/wp-content\/uploads\/2025\/06\/image1-1536x2048.jpeg",1536,2048,true],"trp-custom-language-flag":["https:\/\/trgovina.pasjauniverza.si\/wp-content\/uploads\/2025\/06\/image1-9x12.jpeg",9,12,true],"woocommerce_thumbnail":["https:\/\/trgovina.pasjauniverza.si\/wp-content\/uploads\/2025\/06\/image1-300x300.jpeg",300,300,true],"woocommerce_single":["https:\/\/trgovina.pasjauniverza.si\/wp-content\/uploads\/2025\/06\/image1-600x800.jpeg",600,800,true],"woocommerce_gallery_thumbnail":["https:\/\/trgovina.pasjauniverza.si\/wp-content\/uploads\/2025\/06\/image1-100x100.jpeg",100,100,true]},"uagb_author_info":{"display_name":"Karmen Grubeli\u0107, dr.vet.med.","author_link":"https:\/\/trgovina.pasjauniverza.si\/en\/author\/"},"uagb_comment_info":0,"uagb_excerpt":"Odkrivanje prehranskih in okoljskih preob\u010dutljivosti pri psih \u2013 brez krvi, brez stresa, kar od doma. S pomo\u010djo pasje sline in po \u017eelji tudi vzorcev hrane, pribolj\u0161kov ali drugih dodatkov in snovi, preverimo odziv telesa na ve\u010d kot 150 potencialnih alergenov.\u00a0 Mo\u017eno tudi testiranje va\u0161ih vzorcev! Po testiranju prejmete na mail poro\u010dilo z razlago rezultatov in&hellip;","jetpack_sharing_enabled":true,"_links":{"self":[{"href":"https:\/\/trgovina.pasjauniverza.si\/en\/wp-json\/wp\/v2\/product\/13809","targetHints":{"allow":["GET"]}}],"collection":[{"href":"https:\/\/trgovina.pasjauniverza.si\/en\/wp-json\/wp\/v2\/product"}],"about":[{"href":"https:\/\/trgovina.pasjauniverza.si\/en\/wp-json\/wp\/v2\/types\/product"}],"replies":[{"embeddable":true,"href":"https:\/\/trgovina.pasjauniverza.si\/en\/wp-json\/wp\/v2\/comments?post=13809"}],"wp:featuredmedia":[{"embeddable":true,"href":"https:\/\/trgovina.pasjauniverza.si\/en\/wp-json\/wp\/v2\/media\/13987"}],"wp:attachment":[{"href":"https:\/\/trgovina.pasjauniverza.si\/en\/wp-json\/wp\/v2\/media?parent=13809"}],"wp:term":[{"taxonomy":"product_brand","embeddable":true,"href":"https:\/\/trgovina.pasjauniverza.si\/en\/wp-json\/wp\/v2\/product_brand?post=13809"},{"taxonomy":"product_cat","embeddable":true,"href":"https:\/\/trgovina.pasjauniverza.si\/en\/wp-json\/wp\/v2\/product_cat?post=13809"},{"taxonomy":"product_tag","embeddable":true,"href":"https:\/\/trgovina.pasjauniverza.si\/en\/wp-json\/wp\/v2\/product_tag?post=13809"}],"curies":[{"name":"wp","href":"https:\/\/api.w.org\/{rel}","templated":true}]}}