
{"id":13753,"date":"2025-05-12T07:22:06","date_gmt":"2025-05-12T07:22:06","guid":{"rendered":"https:\/\/trgovina.pasjauniverza.si\/?post_type=product&#038;p=13753"},"modified":"2026-04-24T08:38:18","modified_gmt":"2026-04-24T08:38:18","slug":"mr-bones-surovi-priboljski-goveja-jetra-naravni-priboljsek-za-pse-in-macke-45g","status":"publish","type":"product","link":"https:\/\/trgovina.pasjauniverza.si\/en\/product\/mr-bones-surovi-priboljski-goveja-jetra-naravni-priboljsek-za-pse-in-macke-45g\/","title":{"rendered":"Mr.Bones surovi pribolj\u0161ki &#8211; Goveja jetra \u2013 Naravni pribolj\u0161ek za pse in ma\u010dke 45g"},"content":{"rendered":"<p><strong>Surovi pribolj\u0161ki iz jeter prosto pa\u0161ne govedine<\/strong>\u00a0so <strong>naravni pribolj\u0161ek<\/strong> za pse in ma\u010dke. Odli\u010den je kot <strong>naravna nagrada ali pribolj\u0161ek za pozitivno spodbudo<\/strong>.<\/p>\n<p>Lahko ga uporabite tudi za <a href=\"https:\/\/trgovina.pasjauniverza.si\/en\/product\/vohalna-podloga-snofka\/\" target=\"_blank\" rel=\"noopener\"><strong>vohalne igre<\/strong><\/a> ali kot <strong>okusno poslastico<\/strong> za va\u0161ega psa.<\/p>\n<p>&#x1f4e6; <strong>Pakiranje:<\/strong> 1 vre\u010dka | 45 g<\/p>\n<p>&#x2714; <strong>Pribolj\u0161ek za pse in ma\u010dke vseh velikosti<\/strong><br \/>\n&#x2714; <strong>Mehek in enostaven za u\u017eivanje<\/strong> \u2013 nizka trdota, idealno za za\u010detnike v naravnih pribolj\u0161kih<br \/>\n&#x2714; <strong>Razrezan na majhne ko\u0161\u010dke<\/strong><br \/>\n&#x2714; <strong>Uporabite kot naravno nagrado ali pribolj\u0161ek za pozitivno okrepitev<\/strong><br \/>\n&#x2714; <strong>100 % naravno<\/strong> \u2013 brez \u017eit, konzervansov in umetnih dodatkov<br \/>\n&#x2714; <strong>Pakirano v vre\u010dki z zadrgo<\/strong> \u2013 za enostavno in optimalno shranjevanje<\/p>\n<h3><strong>Kako uporabljati Raw Treats iz govejih jeter?<\/strong><\/h3>\n<p><strong>Raw Treats iz govejih jeter<\/strong> so <strong>naravni pribolj\u0161ek<\/strong> za pse in ma\u010dke, idealen kot <strong>nagrada ali pozitivna spodbuda<\/strong>.<\/p>\n<p>Lahko jih uporabite tudi za <strong>vohalne igre<\/strong> ali kot <strong>okusno poslastico<\/strong> za va\u0161ega psa ali ma\u010dko.<\/p>\n<p><strong>Raw Treats <\/strong>\u00a0so <strong>mehki, enostavni za u\u017eivanje in zelo okusni<\/strong>. Razrezani so na <strong>majhne ko\u0161\u010dke<\/strong>, zato so <strong>odli\u010dna izbira za pse in ma\u010dke, ki se \u0161ele uvajajo v naravne pribolj\u0161ke<\/strong>. Primerni so za <strong>vse velikosti psov in ma\u010dk<\/strong>.<\/p>\n<hr \/>\n<h3><strong>Kako so izdelani Raw Treats?<\/strong><\/h3>\n<p>S skrbnostjo izbiramo <strong>najkakovostnej\u0161e surovine<\/strong>, ki jih nato <strong>natan\u010dno razre\u017eemo na majhne ko\u0161\u010dke<\/strong> in <strong>su\u0161imo na zraku pri nizki temperaturi<\/strong>, da postopoma odstranimo vlago in podalj\u0161amo obstojnost. Na ta na\u010din <strong>ohranijo vsa hranila, aromo in naravni okus<\/strong>.<\/p>\n<hr \/>\n<h3><strong>Surovine iz lokalne in trajnostne reje<\/strong><\/h3>\n<p>Na\u0161e meso pridobivamo od <strong>lokalnih rejcev in proizvajalcev<\/strong>. <b>Goveja jetra,<\/b>\u00a0uporabljena v Raw Treats, prihaja iz <strong>\u017eivali, ki so del svojega \u017eivljenja pre\u017eivele prosto na pa\u0161nikih Extremadure<\/strong>.<\/p>\n<p>Sodelovanje z lokalnimi proizvajalci <strong>pripomore k zmanj\u0161anju oglji\u010dnega odtisa<\/strong> in podpira trajnostno pridelavo.<\/p>\n<h3><strong>Sestavine in shranjevanje<\/strong><\/h3>\n<p>&#x1f4e6; <strong>Pakirano v vre\u010dki z zadrgo<\/strong> \u2013 omogo\u010da <strong>ve\u010dkratno odpiranje in zapiranje<\/strong>, pri \u010demer izdelek ostane sve\u017e in kakovosten.<\/p>\n<p>&#x1f4cd; <strong>Sestavine:<\/strong> 100 % jetra prosto pa\u0161ne govedine<\/p>\n<p>&#x1f431; <strong>Pribolj\u0161ek je primeren tudi za ma\u010dke \u2013 obo\u017eujejo ga!<\/strong><\/p>\n<p>&#x2714; <strong>Priporo\u010dljivo za pse in ma\u010dke vseh pasem in starosti.<\/strong><\/p>\n<hr \/>\n<h3><strong>Analiti\u010dna sestava:<\/strong><\/h3>\n<ul>\n<li><strong>Beljakovine:<\/strong> 70%<\/li>\n<li><strong>Ma\u0161\u010dobe:<\/strong> 8%<\/li>\n<li><strong>Vlaknine:<\/strong> 1%<\/li>\n<li><strong>Vsebnost vlage:<\/strong> 10%<\/li>\n<\/ul>\n<p><strong>Naraven in hranljiv pribolj\u0161ek za zdravje va\u0161ega ljubljen\u010dka!<\/strong> &#x1f436;&#x1f431;<\/p>","protected":false},"excerpt":{"rendered":"<div class=\"product-desc\">\n<ul>\n<li>100% naravno<\/li>\n<li>su\u0161eno na zraku, pri nizki temperaturi<\/li>\n<li>brez aditivov, glutena<\/li>\n<li>sestavine lokalnih kmetov v \u0160paniji<\/li>\n<li>za obogatitev pasjega obroka<\/li>\n<li>primerno za BARF, PREY in kuhane obroke<\/li>\n<\/ul>\n<\/div>","protected":false},"featured_media":13754,"comment_status":"open","ping_status":"closed","template":"","meta":{"_acf_changed":false,"_uag_custom_page_level_css":"","site-sidebar-layout":"default","site-content-layout":"","ast-site-content-layout":"default","site-content-style":"default","site-sidebar-style":"default","ast-global-header-display":"","ast-banner-title-visibility":"","ast-main-header-display":"","ast-hfb-above-header-display":"","ast-hfb-below-header-display":"","ast-hfb-mobile-header-display":"","site-post-title":"","ast-breadcrumbs-content":"","ast-featured-img":"","footer-sml-layout":"","ast-disable-related-posts":"","theme-transparent-header-meta":"default","adv-header-id-meta":"","stick-header-meta":"","header-above-stick-meta":"","header-main-stick-meta":"","header-below-stick-meta":"","astra-migrate-meta-layouts":"set","ast-page-background-enabled":"default","ast-page-background-meta":{"desktop":{"background-color":"","background-image":"","background-repeat":"repeat","background-position":"center center","background-size":"auto","background-attachment":"scroll","background-type":"","background-media":"","overlay-type":"","overlay-color":"","overlay-opacity":"","overlay-gradient":""},"tablet":{"background-color":"","background-image":"","background-repeat":"repeat","background-position":"center center","background-size":"auto","background-attachment":"scroll","background-type":"","background-media":"","overlay-type":"","overlay-color":"","overlay-opacity":"","overlay-gradient":""},"mobile":{"background-color":"","background-image":"","background-repeat":"repeat","background-position":"center center","background-size":"auto","background-attachment":"scroll","background-type":"","background-media":"","overlay-type":"","overlay-color":"","overlay-opacity":"","overlay-gradient":""}},"ast-content-background-meta":{"desktop":{"background-color":"var(--ast-global-color-5)","background-image":"","background-repeat":"repeat","background-position":"center center","background-size":"auto","background-attachment":"scroll","background-type":"","background-media":"","overlay-type":"","overlay-color":"","overlay-opacity":"","overlay-gradient":""},"tablet":{"background-color":"var(--ast-global-color-5)","background-image":"","background-repeat":"repeat","background-position":"center center","background-size":"auto","background-attachment":"scroll","background-type":"","background-media":"","overlay-type":"","overlay-color":"","overlay-opacity":"","overlay-gradient":""},"mobile":{"background-color":"var(--ast-global-color-5)","background-image":"","background-repeat":"repeat","background-position":"center center","background-size":"auto","background-attachment":"scroll","background-type":"","background-media":"","overlay-type":"","overlay-color":"","overlay-opacity":"","overlay-gradient":""}}},"product_brand":[928],"product_cat":[154,366,723,565,423,18],"product_tag":[120,208,205,210,195,212,164,122,207,211,147,174,148],"class_list":{"0":"post-13753","1":"product","2":"type-product","3":"status-publish","4":"has-post-thumbnail","6":"product_brand-mr-bones","7":"product_cat-pasja-sola","8":"product_cat-priboljski","9":"product_cat-psi","10":"product_cat-surova-susena-hrana","11":"product_cat-mr-bones","12":"product_cat-vsi-izdelki","13":"product_tag-ciscenje-zob","14":"product_tag-dehidrirane-zvecilke","15":"product_tag-kokos","16":"product_tag-kurji-vratovi","17":"product_tag-monoproteinsko","18":"product_tag-naravna-zvecilke","19":"product_tag-naravno","20":"product_tag-naravno-ciscenje-zobnih-oblog","21":"product_tag-susena-zvecilka","22":"product_tag-vrat","23":"product_tag-zobje","24":"product_tag-zvecenje","25":"product_tag-zvecilka","26":"desktop-align-center","27":"tablet-align-center","28":"mobile-align-center","30":"first","31":"instock","32":"shipping-taxable","33":"purchasable","34":"product-type-simple"},"acf":[],"yoast_head":"<!-- This site is optimized with the Yoast SEO plugin v27.4 - https:\/\/yoast.com\/product\/yoast-seo-wordpress\/ -->\n<title>Mr.Bones surovi pribolj\u0161ki - Goveja jetra \u2013 Naravni pribolj\u0161ek za pse in ma\u010dke 45g - Trgovina Pasja Univerza<\/title>\n<meta name=\"description\" content=\"Mr.Bones surovi pribolj\u0161ki - Goveja jetra \u2013 Naravni pribolj\u0161ek za pse in ma\u010dke 45g\" \/>\n<meta name=\"robots\" content=\"index, follow, max-snippet:-1, max-image-preview:large, max-video-preview:-1\" \/>\n<link rel=\"canonical\" href=\"https:\/\/trgovina.pasjauniverza.si\/en\/product\/mr-bones-surovi-priboljski-goveja-jetra-naravni-priboljsek-za-pse-in-macke-45g\/\" \/>\n<meta property=\"og:locale\" content=\"en_US\" \/>\n<meta property=\"og:type\" content=\"article\" \/>\n<meta property=\"og:title\" content=\"Mr.Bones surovi pribolj\u0161ki - Goveja jetra \u2013 Naravni pribolj\u0161ek za pse in ma\u010dke 45g - Trgovina Pasja Univerza\" \/>\n<meta property=\"og:description\" content=\"Mr.Bones surovi pribolj\u0161ki - Goveja jetra \u2013 Naravni pribolj\u0161ek za pse in ma\u010dke 45g\" \/>\n<meta property=\"og:url\" content=\"https:\/\/trgovina.pasjauniverza.si\/en\/product\/mr-bones-surovi-priboljski-goveja-jetra-naravni-priboljsek-za-pse-in-macke-45g\/\" \/>\n<meta property=\"og:site_name\" content=\"Trgovina Pasja Univerza\" \/>\n<meta property=\"article:modified_time\" content=\"2026-04-24T08:38:18+00:00\" \/>\n<meta property=\"og:image\" content=\"https:\/\/trgovina.pasjauniverza.si\/wp-content\/uploads\/2025\/05\/goveja-jetra-mr.bones_.webp\" \/>\n\t<meta property=\"og:image:width\" content=\"800\" \/>\n\t<meta property=\"og:image:height\" content=\"1000\" \/>\n\t<meta property=\"og:image:type\" content=\"image\/webp\" \/>\n<meta name=\"twitter:card\" content=\"summary_large_image\" \/>\n<meta name=\"twitter:label1\" content=\"Est. reading time\" \/>\n\t<meta name=\"twitter:data1\" content=\"3 minutes\" \/>\n<script type=\"application\/ld+json\" class=\"yoast-schema-graph\">{\"@context\":\"https:\\\/\\\/schema.org\",\"@graph\":[{\"@type\":\"WebPage\",\"@id\":\"https:\\\/\\\/trgovina.pasjauniverza.si\\\/product\\\/mr-bones-surovi-priboljski-goveja-jetra-naravni-priboljsek-za-pse-in-macke-45g\\\/\",\"url\":\"https:\\\/\\\/trgovina.pasjauniverza.si\\\/product\\\/mr-bones-surovi-priboljski-goveja-jetra-naravni-priboljsek-za-pse-in-macke-45g\\\/\",\"name\":\"Mr.Bones surovi pribolj\u0161ki - Goveja jetra \u2013 Naravni pribolj\u0161ek za pse in ma\u010dke 45g - Trgovina Pasja Univerza\",\"isPartOf\":{\"@id\":\"https:\\\/\\\/trgovina.pasjauniverza.si\\\/#website\"},\"primaryImageOfPage\":{\"@id\":\"https:\\\/\\\/trgovina.pasjauniverza.si\\\/product\\\/mr-bones-surovi-priboljski-goveja-jetra-naravni-priboljsek-za-pse-in-macke-45g\\\/#primaryimage\"},\"image\":{\"@id\":\"https:\\\/\\\/trgovina.pasjauniverza.si\\\/product\\\/mr-bones-surovi-priboljski-goveja-jetra-naravni-priboljsek-za-pse-in-macke-45g\\\/#primaryimage\"},\"thumbnailUrl\":\"https:\\\/\\\/trgovina.pasjauniverza.si\\\/wp-content\\\/uploads\\\/2025\\\/05\\\/goveja-jetra-mr.bones_.webp\",\"datePublished\":\"2025-05-12T07:22:06+00:00\",\"dateModified\":\"2026-04-24T08:38:18+00:00\",\"description\":\"Mr.Bones surovi pribolj\u0161ki - Goveja jetra \u2013 Naravni pribolj\u0161ek za pse in ma\u010dke 45g\",\"breadcrumb\":{\"@id\":\"https:\\\/\\\/trgovina.pasjauniverza.si\\\/product\\\/mr-bones-surovi-priboljski-goveja-jetra-naravni-priboljsek-za-pse-in-macke-45g\\\/#breadcrumb\"},\"inLanguage\":\"en-US\",\"potentialAction\":[{\"@type\":\"ReadAction\",\"target\":[\"https:\\\/\\\/trgovina.pasjauniverza.si\\\/product\\\/mr-bones-surovi-priboljski-goveja-jetra-naravni-priboljsek-za-pse-in-macke-45g\\\/\"]}]},{\"@type\":\"ImageObject\",\"inLanguage\":\"en-US\",\"@id\":\"https:\\\/\\\/trgovina.pasjauniverza.si\\\/product\\\/mr-bones-surovi-priboljski-goveja-jetra-naravni-priboljsek-za-pse-in-macke-45g\\\/#primaryimage\",\"url\":\"https:\\\/\\\/trgovina.pasjauniverza.si\\\/wp-content\\\/uploads\\\/2025\\\/05\\\/goveja-jetra-mr.bones_.webp\",\"contentUrl\":\"https:\\\/\\\/trgovina.pasjauniverza.si\\\/wp-content\\\/uploads\\\/2025\\\/05\\\/goveja-jetra-mr.bones_.webp\",\"width\":800,\"height\":1000,\"caption\":\"goveja jetra mr.bones\"},{\"@type\":\"BreadcrumbList\",\"@id\":\"https:\\\/\\\/trgovina.pasjauniverza.si\\\/product\\\/mr-bones-surovi-priboljski-goveja-jetra-naravni-priboljsek-za-pse-in-macke-45g\\\/#breadcrumb\",\"itemListElement\":[{\"@type\":\"ListItem\",\"position\":1,\"name\":\"Home\",\"item\":\"https:\\\/\\\/trgovina.pasjauniverza.si\\\/\"},{\"@type\":\"ListItem\",\"position\":2,\"name\":\"Trgovina\",\"item\":\"https:\\\/\\\/trgovina.pasjauniverza.si\\\/trgovina\\\/\"},{\"@type\":\"ListItem\",\"position\":3,\"name\":\"Mr.Bones surovi pribolj\u0161ki &#8211; Goveja jetra \u2013 Naravni pribolj\u0161ek za pse in ma\u010dke 45g\"}]},{\"@type\":\"WebSite\",\"@id\":\"https:\\\/\\\/trgovina.pasjauniverza.si\\\/#website\",\"url\":\"https:\\\/\\\/trgovina.pasjauniverza.si\\\/\",\"name\":\"Trgovina Pasja Univerza\",\"description\":\"pasja univerza trgovina\",\"publisher\":{\"@id\":\"https:\\\/\\\/trgovina.pasjauniverza.si\\\/#organization\"},\"potentialAction\":[{\"@type\":\"SearchAction\",\"target\":{\"@type\":\"EntryPoint\",\"urlTemplate\":\"https:\\\/\\\/trgovina.pasjauniverza.si\\\/?s={search_term_string}\"},\"query-input\":{\"@type\":\"PropertyValueSpecification\",\"valueRequired\":true,\"valueName\":\"search_term_string\"}}],\"inLanguage\":\"en-US\"},{\"@type\":\"Organization\",\"@id\":\"https:\\\/\\\/trgovina.pasjauniverza.si\\\/#organization\",\"name\":\"Trgovina Pasja Univerza\",\"url\":\"https:\\\/\\\/trgovina.pasjauniverza.si\\\/\",\"logo\":{\"@type\":\"ImageObject\",\"inLanguage\":\"en-US\",\"@id\":\"https:\\\/\\\/trgovina.pasjauniverza.si\\\/#\\\/schema\\\/logo\\\/image\\\/\",\"url\":\"https:\\\/\\\/trgovina.pasjauniverza.si\\\/wp-content\\\/uploads\\\/2024\\\/08\\\/cropped-logotipi-vector-04.png\",\"contentUrl\":\"https:\\\/\\\/trgovina.pasjauniverza.si\\\/wp-content\\\/uploads\\\/2024\\\/08\\\/cropped-logotipi-vector-04.png\",\"width\":942,\"height\":908,\"caption\":\"Trgovina Pasja Univerza\"},\"image\":{\"@id\":\"https:\\\/\\\/trgovina.pasjauniverza.si\\\/#\\\/schema\\\/logo\\\/image\\\/\"}}]}<\/script>\n<!-- \/ Yoast SEO plugin. -->","yoast_head_json":{"title":"Mr.Bones surovi pribolj\u0161ki - Goveja jetra \u2013 Naravni pribolj\u0161ek za pse in ma\u010dke 45g - Trgovina Pasja Univerza","description":"Mr.Bones surovi pribolj\u0161ki - Goveja jetra \u2013 Naravni pribolj\u0161ek za pse in ma\u010dke 45g","robots":{"index":"index","follow":"follow","max-snippet":"max-snippet:-1","max-image-preview":"max-image-preview:large","max-video-preview":"max-video-preview:-1"},"canonical":"https:\/\/trgovina.pasjauniverza.si\/en\/product\/mr-bones-surovi-priboljski-goveja-jetra-naravni-priboljsek-za-pse-in-macke-45g\/","og_locale":"en_US","og_type":"article","og_title":"Mr.Bones surovi pribolj\u0161ki - Goveja jetra \u2013 Naravni pribolj\u0161ek za pse in ma\u010dke 45g - Trgovina Pasja Univerza","og_description":"Mr.Bones surovi pribolj\u0161ki - Goveja jetra \u2013 Naravni pribolj\u0161ek za pse in ma\u010dke 45g","og_url":"https:\/\/trgovina.pasjauniverza.si\/en\/product\/mr-bones-surovi-priboljski-goveja-jetra-naravni-priboljsek-za-pse-in-macke-45g\/","og_site_name":"Trgovina Pasja Univerza","article_modified_time":"2026-04-24T08:38:18+00:00","og_image":[{"width":800,"height":1000,"url":"https:\/\/trgovina.pasjauniverza.si\/wp-content\/uploads\/2025\/05\/goveja-jetra-mr.bones_.webp","type":"image\/webp"}],"twitter_card":"summary_large_image","twitter_misc":{"Est. reading time":"3 minutes"},"schema":{"@context":"https:\/\/schema.org","@graph":[{"@type":"WebPage","@id":"https:\/\/trgovina.pasjauniverza.si\/product\/mr-bones-surovi-priboljski-goveja-jetra-naravni-priboljsek-za-pse-in-macke-45g\/","url":"https:\/\/trgovina.pasjauniverza.si\/product\/mr-bones-surovi-priboljski-goveja-jetra-naravni-priboljsek-za-pse-in-macke-45g\/","name":"Mr.Bones surovi pribolj\u0161ki - Goveja jetra \u2013 Naravni pribolj\u0161ek za pse in ma\u010dke 45g - Trgovina Pasja Univerza","isPartOf":{"@id":"https:\/\/trgovina.pasjauniverza.si\/#website"},"primaryImageOfPage":{"@id":"https:\/\/trgovina.pasjauniverza.si\/product\/mr-bones-surovi-priboljski-goveja-jetra-naravni-priboljsek-za-pse-in-macke-45g\/#primaryimage"},"image":{"@id":"https:\/\/trgovina.pasjauniverza.si\/product\/mr-bones-surovi-priboljski-goveja-jetra-naravni-priboljsek-za-pse-in-macke-45g\/#primaryimage"},"thumbnailUrl":"https:\/\/trgovina.pasjauniverza.si\/wp-content\/uploads\/2025\/05\/goveja-jetra-mr.bones_.webp","datePublished":"2025-05-12T07:22:06+00:00","dateModified":"2026-04-24T08:38:18+00:00","description":"Mr.Bones surovi pribolj\u0161ki - Goveja jetra \u2013 Naravni pribolj\u0161ek za pse in ma\u010dke 45g","breadcrumb":{"@id":"https:\/\/trgovina.pasjauniverza.si\/product\/mr-bones-surovi-priboljski-goveja-jetra-naravni-priboljsek-za-pse-in-macke-45g\/#breadcrumb"},"inLanguage":"en-US","potentialAction":[{"@type":"ReadAction","target":["https:\/\/trgovina.pasjauniverza.si\/product\/mr-bones-surovi-priboljski-goveja-jetra-naravni-priboljsek-za-pse-in-macke-45g\/"]}]},{"@type":"ImageObject","inLanguage":"en-US","@id":"https:\/\/trgovina.pasjauniverza.si\/product\/mr-bones-surovi-priboljski-goveja-jetra-naravni-priboljsek-za-pse-in-macke-45g\/#primaryimage","url":"https:\/\/trgovina.pasjauniverza.si\/wp-content\/uploads\/2025\/05\/goveja-jetra-mr.bones_.webp","contentUrl":"https:\/\/trgovina.pasjauniverza.si\/wp-content\/uploads\/2025\/05\/goveja-jetra-mr.bones_.webp","width":800,"height":1000,"caption":"goveja jetra mr.bones"},{"@type":"BreadcrumbList","@id":"https:\/\/trgovina.pasjauniverza.si\/product\/mr-bones-surovi-priboljski-goveja-jetra-naravni-priboljsek-za-pse-in-macke-45g\/#breadcrumb","itemListElement":[{"@type":"ListItem","position":1,"name":"Home","item":"https:\/\/trgovina.pasjauniverza.si\/"},{"@type":"ListItem","position":2,"name":"Trgovina","item":"https:\/\/trgovina.pasjauniverza.si\/trgovina\/"},{"@type":"ListItem","position":3,"name":"Mr.Bones surovi pribolj\u0161ki &#8211; Goveja jetra \u2013 Naravni pribolj\u0161ek za pse in ma\u010dke 45g"}]},{"@type":"WebSite","@id":"https:\/\/trgovina.pasjauniverza.si\/#website","url":"https:\/\/trgovina.pasjauniverza.si\/","name":"Trgovina Pasja Univerza","description":"pasja univerza trgovina","publisher":{"@id":"https:\/\/trgovina.pasjauniverza.si\/#organization"},"potentialAction":[{"@type":"SearchAction","target":{"@type":"EntryPoint","urlTemplate":"https:\/\/trgovina.pasjauniverza.si\/?s={search_term_string}"},"query-input":{"@type":"PropertyValueSpecification","valueRequired":true,"valueName":"search_term_string"}}],"inLanguage":"en-US"},{"@type":"Organization","@id":"https:\/\/trgovina.pasjauniverza.si\/#organization","name":"Trgovina Pasja Univerza","url":"https:\/\/trgovina.pasjauniverza.si\/","logo":{"@type":"ImageObject","inLanguage":"en-US","@id":"https:\/\/trgovina.pasjauniverza.si\/#\/schema\/logo\/image\/","url":"https:\/\/trgovina.pasjauniverza.si\/wp-content\/uploads\/2024\/08\/cropped-logotipi-vector-04.png","contentUrl":"https:\/\/trgovina.pasjauniverza.si\/wp-content\/uploads\/2024\/08\/cropped-logotipi-vector-04.png","width":942,"height":908,"caption":"Trgovina Pasja Univerza"},"image":{"@id":"https:\/\/trgovina.pasjauniverza.si\/#\/schema\/logo\/image\/"}}]}},"uagb_featured_image_src":{"full":["https:\/\/trgovina.pasjauniverza.si\/wp-content\/uploads\/2025\/05\/goveja-jetra-mr.bones_.webp",800,1000,false],"thumbnail":["https:\/\/trgovina.pasjauniverza.si\/wp-content\/uploads\/2025\/05\/goveja-jetra-mr.bones_-150x150.webp",150,150,true],"medium":["https:\/\/trgovina.pasjauniverza.si\/wp-content\/uploads\/2025\/05\/goveja-jetra-mr.bones_-240x300.webp",240,300,true],"medium_large":["https:\/\/trgovina.pasjauniverza.si\/wp-content\/uploads\/2025\/05\/goveja-jetra-mr.bones_-768x960.webp",768,960,true],"large":["https:\/\/trgovina.pasjauniverza.si\/wp-content\/uploads\/2025\/05\/goveja-jetra-mr.bones_.webp",800,1000,false],"1536x1536":["https:\/\/trgovina.pasjauniverza.si\/wp-content\/uploads\/2025\/05\/goveja-jetra-mr.bones_.webp",800,1000,false],"2048x2048":["https:\/\/trgovina.pasjauniverza.si\/wp-content\/uploads\/2025\/05\/goveja-jetra-mr.bones_.webp",800,1000,false],"trp-custom-language-flag":["https:\/\/trgovina.pasjauniverza.si\/wp-content\/uploads\/2025\/05\/goveja-jetra-mr.bones_-10x12.webp",10,12,true],"woocommerce_thumbnail":["https:\/\/trgovina.pasjauniverza.si\/wp-content\/uploads\/2025\/05\/goveja-jetra-mr.bones_-300x300.webp",300,300,true],"woocommerce_single":["https:\/\/trgovina.pasjauniverza.si\/wp-content\/uploads\/2025\/05\/goveja-jetra-mr.bones_-600x750.webp",600,750,true],"woocommerce_gallery_thumbnail":["https:\/\/trgovina.pasjauniverza.si\/wp-content\/uploads\/2025\/05\/goveja-jetra-mr.bones_-100x100.webp",100,100,true]},"uagb_author_info":{"display_name":"Karmen Grubeli\u0107, dr.vet.med.","author_link":"https:\/\/trgovina.pasjauniverza.si\/en\/author\/"},"uagb_comment_info":0,"uagb_excerpt":"100% naravno su\u0161eno na zraku, pri nizki temperaturi brez aditivov, glutena sestavine lokalnih kmetov v \u0160paniji za obogatitev pasjega obroka primerno za BARF, PREY in kuhane obroke","jetpack_sharing_enabled":true,"_links":{"self":[{"href":"https:\/\/trgovina.pasjauniverza.si\/en\/wp-json\/wp\/v2\/product\/13753","targetHints":{"allow":["GET"]}}],"collection":[{"href":"https:\/\/trgovina.pasjauniverza.si\/en\/wp-json\/wp\/v2\/product"}],"about":[{"href":"https:\/\/trgovina.pasjauniverza.si\/en\/wp-json\/wp\/v2\/types\/product"}],"replies":[{"embeddable":true,"href":"https:\/\/trgovina.pasjauniverza.si\/en\/wp-json\/wp\/v2\/comments?post=13753"}],"wp:featuredmedia":[{"embeddable":true,"href":"https:\/\/trgovina.pasjauniverza.si\/en\/wp-json\/wp\/v2\/media\/13754"}],"wp:attachment":[{"href":"https:\/\/trgovina.pasjauniverza.si\/en\/wp-json\/wp\/v2\/media?parent=13753"}],"wp:term":[{"taxonomy":"product_brand","embeddable":true,"href":"https:\/\/trgovina.pasjauniverza.si\/en\/wp-json\/wp\/v2\/product_brand?post=13753"},{"taxonomy":"product_cat","embeddable":true,"href":"https:\/\/trgovina.pasjauniverza.si\/en\/wp-json\/wp\/v2\/product_cat?post=13753"},{"taxonomy":"product_tag","embeddable":true,"href":"https:\/\/trgovina.pasjauniverza.si\/en\/wp-json\/wp\/v2\/product_tag?post=13753"}],"curies":[{"name":"wp","href":"https:\/\/api.w.org\/{rel}","templated":true}]}}