
{"id":13565,"date":"2025-04-26T06:40:07","date_gmt":"2025-04-26T06:40:07","guid":{"rendered":"https:\/\/trgovina.pasjauniverza.si\/?post_type=product&#038;p=13565"},"modified":"2025-09-16T16:15:29","modified_gmt":"2025-09-16T16:15:29","slug":"natures-protection-lifestyle-dices-priboljski-z-visokim-delezem-mesa-raca-morske-alge-75g","status":"publish","type":"product","link":"https:\/\/trgovina.pasjauniverza.si\/en\/product\/natures-protection-lifestyle-dices-priboljski-z-visokim-delezem-mesa-raca-morske-alge-75g\/","title":{"rendered":"Nature&#8217;s Protection Lifestyle Dices &#8211; Pribolj\u0161ki z visokim dele\u017eem mesa &#8211; Raca &#038; Morske alge 75g"},"content":{"rendered":"<h4>Pasji pribolj\u0161ki z visokim dele\u017eem mesa<\/h4>\n<h4><\/h4>\n<p>Pribolj\u0161ki\u00a0Nature&#8217;s Protection Lifestyle Dices\u00a0se pona\u0161ajo z odli\u010dno sestavo, visoko kakovostjo ter polnim okusom. Vsebujejo samo izbrane sestavine, ki pripomorejo k zdravju, po\u010dutju in dalj\u0161i \u017eivljenjski dobi psa. Vsi izdelki so brez umetnih barvil, arom, konzervansov in ostalih snovi, ki bi lahko \u0161kodile va\u0161emu ljubljen\u010dku.<\/p>\n<p>Raca velja za enostavno prebavljiv vir\u00a0beljakovin, zato je ta poslastica\u00a0primerna tudi za kosmatince z ob\u010dutljivo prebavo. Odli\u010dno se obnese tudi pri alergikih, obenem pa je super izbira tudi za pse s prekomerno telesno te\u017eo. Dodatek morskih alg predstavlja vir pomembnih vitaminov in mineralov, ki\u00a0krepijo imunski sistem, skrbijo za sijo\u010do dlako in izbolj\u0161ujejo splo\u0161no zdravje va\u0161ega ljubljen\u010dka.<\/p>\n<p>Manj\u0161i ko\u0161\u010dki so kot nala\u0161\u010d za treninge in u\u010denje, mehka struktura pa je primerna tudi za ljubljen\u010dke, ki te\u017eje grizejo.<\/p>\n<h4>Primerno tudi za ob\u010dutljive pse<\/h4>\n<h4><\/h4>\n<p>Pasji pribolj\u0161ki z visokim dele\u017eem mesa.<\/p>\n<p>Nature&#8217;s Protection Lifestyle Dices so popolni z visoko vsebnostjo mesa in dodatkom super\u017eivil.\u00a0Ra\u010dje meso\u00a0zagotavlja odli\u010den vir beljakovin, obenem pa je lahko prebavljivo in tako primereno tudi za ob\u010dutljive pse. Dodatek morskih alg skrbi za mo\u010dan imunski sistem\u00a0in sijo\u010do dlako. Zaradi ni\u017eje vsebnosti ma\u0161\u010dob so taki pribolj\u0161ki odli\u010dna izbira tudi za kosmatince s prekomerno telesno te\u017eo.\u00a0Manj\u0161i ko\u0161\u010dki so \u0161e posebej primerni za treninge in \u0161olanje.<\/p>\n<h4>Priro\u010dno pakiranje<\/h4>\n<h4><\/h4>\n<p>Prakti\u010dno pakiranje omogo\u010da enostaven prenos pribolj\u0161kov, obenem pa pametno zapiranje onemogo\u010da vdor vlage, ki bi lahko spremenila kakovost izdelka.<\/p>\n<p>&nbsp;<\/p>\n<p>SESTAVINE<\/p>\n<p>Sestava:<br \/>\nRaca 85 %, krompirjev \u0161krob 7 %, morske alge 5 %, glicerin 3 %.<\/p>\n<p>Analiti\u010dna sestava:<br \/>\nSurove beljakovine \u2013 30 %, surove vlaknine \u2013 1 %, surove\u00a0ma\u0161\u010dobe\u00a0\u2013 6 %, surovi pepel \u2013 3 %, vlaga \u2013 23 %.<\/p>\n<p>&nbsp;<\/p>\n<p>NAVODILA ZA HRANJENJE<\/p>\n<p>Hranite med glavnimi obroki, kot pribolj\u0161ek. Med \u017eve\u010denjem naj bo pes stalno pod nadzorom.\u00a0<strong>Ni primerno za mladi\u010dke mlaj\u0161e od 3 mesecev.<\/strong><\/p>\n<p>Po odprtju porabite v 3 dneh.<\/p>\n<p><strong>Pes naj ima vedno na voljo dovolj sve\u017ee pitne vode.<\/strong><\/p>","protected":false},"excerpt":{"rendered":"<ul>\n<li>Visok dele\u017e mesa<\/li>\n<li>Primerno za ob\u010dutljive pse<\/li>\n<li>Pomaga\u00a0pri uravnavanju telesne te\u017ee<\/li>\n<li>Brez konzervansov, barvil in umetnih arom<\/li>\n<li>Manj\u0161i ko\u0161\u010dki, primerni za treninge in \u0161olanje<\/li>\n<\/ul>","protected":false},"featured_media":13566,"comment_status":"open","ping_status":"closed","template":"","meta":{"_acf_changed":false,"_uag_custom_page_level_css":"","site-sidebar-layout":"default","site-content-layout":"","ast-site-content-layout":"default","site-content-style":"default","site-sidebar-style":"default","ast-global-header-display":"","ast-banner-title-visibility":"","ast-main-header-display":"","ast-hfb-above-header-display":"","ast-hfb-below-header-display":"","ast-hfb-mobile-header-display":"","site-post-title":"","ast-breadcrumbs-content":"","ast-featured-img":"","footer-sml-layout":"","ast-disable-related-posts":"","theme-transparent-header-meta":"default","adv-header-id-meta":"","stick-header-meta":"","header-above-stick-meta":"","header-main-stick-meta":"","header-below-stick-meta":"","astra-migrate-meta-layouts":"set","ast-page-background-enabled":"default","ast-page-background-meta":{"desktop":{"background-color":"","background-image":"","background-repeat":"repeat","background-position":"center center","background-size":"auto","background-attachment":"scroll","background-type":"","background-media":"","overlay-type":"","overlay-color":"","overlay-opacity":"","overlay-gradient":""},"tablet":{"background-color":"","background-image":"","background-repeat":"repeat","background-position":"center center","background-size":"auto","background-attachment":"scroll","background-type":"","background-media":"","overlay-type":"","overlay-color":"","overlay-opacity":"","overlay-gradient":""},"mobile":{"background-color":"","background-image":"","background-repeat":"repeat","background-position":"center center","background-size":"auto","background-attachment":"scroll","background-type":"","background-media":"","overlay-type":"","overlay-color":"","overlay-opacity":"","overlay-gradient":""}},"ast-content-background-meta":{"desktop":{"background-color":"var(--ast-global-color-5)","background-image":"","background-repeat":"repeat","background-position":"center center","background-size":"auto","background-attachment":"scroll","background-type":"","background-media":"","overlay-type":"","overlay-color":"","overlay-opacity":"","overlay-gradient":""},"tablet":{"background-color":"var(--ast-global-color-5)","background-image":"","background-repeat":"repeat","background-position":"center center","background-size":"auto","background-attachment":"scroll","background-type":"","background-media":"","overlay-type":"","overlay-color":"","overlay-opacity":"","overlay-gradient":""},"mobile":{"background-color":"var(--ast-global-color-5)","background-image":"","background-repeat":"repeat","background-position":"center center","background-size":"auto","background-attachment":"scroll","background-type":"","background-media":"","overlay-type":"","overlay-color":"","overlay-opacity":"","overlay-gradient":""}}},"product_brand":[939],"product_cat":[365,154,366,723,18],"product_tag":[141,146,143,135,136,151,149,147,148],"class_list":{"0":"post-13565","1":"product","2":"type-product","3":"status-publish","4":"has-post-thumbnail","6":"product_brand-np-lifestyle","7":"product_cat-lifestyle","8":"product_cat-pasja-sola","9":"product_cat-priboljski","10":"product_cat-psi","11":"product_cat-vsi-izdelki","12":"product_tag-alergije","13":"product_tag-dlesni","14":"product_tag-hipoalergena-hrana","15":"product_tag-prebava","16":"product_tag-priboljski","17":"product_tag-zajec","18":"product_tag-zdravje-zob","19":"product_tag-zobje","20":"product_tag-zvecilka","21":"desktop-align-center","22":"tablet-align-center","23":"mobile-align-center","25":"first","26":"instock","27":"shipping-taxable","28":"purchasable","29":"product-type-simple"},"acf":[],"yoast_head":"<!-- This site is optimized with the Yoast SEO plugin v27.4 - https:\/\/yoast.com\/product\/yoast-seo-wordpress\/ -->\n<title>Zaj\u010dja u\u0161esa in posu\u0161eno zaj\u010dje meso<\/title>\n<meta name=\"description\" content=\"Nature&#039;s Protection Lifestyle Dices - Pribolj\u0161ki z visokim dele\u017eem mesa - Raca &amp; Morske alge\" \/>\n<meta name=\"robots\" content=\"index, follow, max-snippet:-1, max-image-preview:large, max-video-preview:-1\" \/>\n<link rel=\"canonical\" href=\"https:\/\/trgovina.pasjauniverza.si\/en\/product\/natures-protection-lifestyle-dices-priboljski-z-visokim-delezem-mesa-raca-morske-alge-75g\/\" \/>\n<meta property=\"og:locale\" content=\"en_US\" \/>\n<meta property=\"og:type\" content=\"article\" \/>\n<meta property=\"og:title\" content=\"Zaj\u010dja u\u0161esa in posu\u0161eno zaj\u010dje meso\" \/>\n<meta property=\"og:description\" content=\"Nature&#039;s Protection Lifestyle Dices - Pribolj\u0161ki z visokim dele\u017eem mesa - Raca &amp; Morske alge\" \/>\n<meta property=\"og:url\" content=\"https:\/\/trgovina.pasjauniverza.si\/en\/product\/natures-protection-lifestyle-dices-priboljski-z-visokim-delezem-mesa-raca-morske-alge-75g\/\" \/>\n<meta property=\"og:site_name\" content=\"Trgovina Pasja Univerza\" \/>\n<meta property=\"article:modified_time\" content=\"2025-09-16T16:15:29+00:00\" \/>\n<meta property=\"og:image\" content=\"https:\/\/trgovina.pasjauniverza.si\/wp-content\/uploads\/2025\/04\/natures-protection-lifestyle-dices-priboljski-z-visokim-delezem-mesa-raca-a-morske-alge.png\" \/>\n\t<meta property=\"og:image:width\" content=\"600\" \/>\n\t<meta property=\"og:image:height\" content=\"600\" \/>\n\t<meta property=\"og:image:type\" content=\"image\/png\" \/>\n<meta name=\"twitter:card\" content=\"summary_large_image\" \/>\n<meta name=\"twitter:label1\" content=\"Est. reading time\" \/>\n\t<meta name=\"twitter:data1\" content=\"2 minutes\" \/>\n<script type=\"application\/ld+json\" class=\"yoast-schema-graph\">{\"@context\":\"https:\\\/\\\/schema.org\",\"@graph\":[{\"@type\":\"WebPage\",\"@id\":\"https:\\\/\\\/trgovina.pasjauniverza.si\\\/product\\\/natures-protection-lifestyle-dices-priboljski-z-visokim-delezem-mesa-raca-morske-alge-75g\\\/\",\"url\":\"https:\\\/\\\/trgovina.pasjauniverza.si\\\/product\\\/natures-protection-lifestyle-dices-priboljski-z-visokim-delezem-mesa-raca-morske-alge-75g\\\/\",\"name\":\"Zaj\u010dja u\u0161esa in posu\u0161eno zaj\u010dje meso\",\"isPartOf\":{\"@id\":\"https:\\\/\\\/trgovina.pasjauniverza.si\\\/#website\"},\"primaryImageOfPage\":{\"@id\":\"https:\\\/\\\/trgovina.pasjauniverza.si\\\/product\\\/natures-protection-lifestyle-dices-priboljski-z-visokim-delezem-mesa-raca-morske-alge-75g\\\/#primaryimage\"},\"image\":{\"@id\":\"https:\\\/\\\/trgovina.pasjauniverza.si\\\/product\\\/natures-protection-lifestyle-dices-priboljski-z-visokim-delezem-mesa-raca-morske-alge-75g\\\/#primaryimage\"},\"thumbnailUrl\":\"https:\\\/\\\/trgovina.pasjauniverza.si\\\/wp-content\\\/uploads\\\/2025\\\/04\\\/natures-protection-lifestyle-dices-priboljski-z-visokim-delezem-mesa-raca-a-morske-alge.png\",\"datePublished\":\"2025-04-26T06:40:07+00:00\",\"dateModified\":\"2025-09-16T16:15:29+00:00\",\"description\":\"Nature's Protection Lifestyle Dices - Pribolj\u0161ki z visokim dele\u017eem mesa - Raca & Morske alge\",\"breadcrumb\":{\"@id\":\"https:\\\/\\\/trgovina.pasjauniverza.si\\\/product\\\/natures-protection-lifestyle-dices-priboljski-z-visokim-delezem-mesa-raca-morske-alge-75g\\\/#breadcrumb\"},\"inLanguage\":\"en-US\",\"potentialAction\":[{\"@type\":\"ReadAction\",\"target\":[\"https:\\\/\\\/trgovina.pasjauniverza.si\\\/product\\\/natures-protection-lifestyle-dices-priboljski-z-visokim-delezem-mesa-raca-morske-alge-75g\\\/\"]}]},{\"@type\":\"ImageObject\",\"inLanguage\":\"en-US\",\"@id\":\"https:\\\/\\\/trgovina.pasjauniverza.si\\\/product\\\/natures-protection-lifestyle-dices-priboljski-z-visokim-delezem-mesa-raca-morske-alge-75g\\\/#primaryimage\",\"url\":\"https:\\\/\\\/trgovina.pasjauniverza.si\\\/wp-content\\\/uploads\\\/2025\\\/04\\\/natures-protection-lifestyle-dices-priboljski-z-visokim-delezem-mesa-raca-a-morske-alge.png\",\"contentUrl\":\"https:\\\/\\\/trgovina.pasjauniverza.si\\\/wp-content\\\/uploads\\\/2025\\\/04\\\/natures-protection-lifestyle-dices-priboljski-z-visokim-delezem-mesa-raca-a-morske-alge.png\",\"width\":600,\"height\":600,\"caption\":\"natures-protection-lifestyle-dices---priboljski-z-visokim-delezem-mesa---raca-a-morske-alge\"},{\"@type\":\"BreadcrumbList\",\"@id\":\"https:\\\/\\\/trgovina.pasjauniverza.si\\\/product\\\/natures-protection-lifestyle-dices-priboljski-z-visokim-delezem-mesa-raca-morske-alge-75g\\\/#breadcrumb\",\"itemListElement\":[{\"@type\":\"ListItem\",\"position\":1,\"name\":\"Home\",\"item\":\"https:\\\/\\\/trgovina.pasjauniverza.si\\\/\"},{\"@type\":\"ListItem\",\"position\":2,\"name\":\"Trgovina\",\"item\":\"https:\\\/\\\/trgovina.pasjauniverza.si\\\/trgovina\\\/\"},{\"@type\":\"ListItem\",\"position\":3,\"name\":\"Nature&#8217;s Protection Lifestyle Dices &#8211; Pribolj\u0161ki z visokim dele\u017eem mesa &#8211; Raca &#038; Morske alge 75g\"}]},{\"@type\":\"WebSite\",\"@id\":\"https:\\\/\\\/trgovina.pasjauniverza.si\\\/#website\",\"url\":\"https:\\\/\\\/trgovina.pasjauniverza.si\\\/\",\"name\":\"Trgovina Pasja Univerza\",\"description\":\"pasja univerza trgovina\",\"publisher\":{\"@id\":\"https:\\\/\\\/trgovina.pasjauniverza.si\\\/#organization\"},\"potentialAction\":[{\"@type\":\"SearchAction\",\"target\":{\"@type\":\"EntryPoint\",\"urlTemplate\":\"https:\\\/\\\/trgovina.pasjauniverza.si\\\/?s={search_term_string}\"},\"query-input\":{\"@type\":\"PropertyValueSpecification\",\"valueRequired\":true,\"valueName\":\"search_term_string\"}}],\"inLanguage\":\"en-US\"},{\"@type\":\"Organization\",\"@id\":\"https:\\\/\\\/trgovina.pasjauniverza.si\\\/#organization\",\"name\":\"Trgovina Pasja Univerza\",\"url\":\"https:\\\/\\\/trgovina.pasjauniverza.si\\\/\",\"logo\":{\"@type\":\"ImageObject\",\"inLanguage\":\"en-US\",\"@id\":\"https:\\\/\\\/trgovina.pasjauniverza.si\\\/#\\\/schema\\\/logo\\\/image\\\/\",\"url\":\"https:\\\/\\\/trgovina.pasjauniverza.si\\\/wp-content\\\/uploads\\\/2024\\\/08\\\/cropped-logotipi-vector-04.png\",\"contentUrl\":\"https:\\\/\\\/trgovina.pasjauniverza.si\\\/wp-content\\\/uploads\\\/2024\\\/08\\\/cropped-logotipi-vector-04.png\",\"width\":942,\"height\":908,\"caption\":\"Trgovina Pasja Univerza\"},\"image\":{\"@id\":\"https:\\\/\\\/trgovina.pasjauniverza.si\\\/#\\\/schema\\\/logo\\\/image\\\/\"}}]}<\/script>\n<!-- \/ Yoast SEO plugin. -->","yoast_head_json":{"title":"Zaj\u010dja u\u0161esa in posu\u0161eno zaj\u010dje meso","description":"Nature's Protection Lifestyle Dices - Pribolj\u0161ki z visokim dele\u017eem mesa - Raca & Morske alge","robots":{"index":"index","follow":"follow","max-snippet":"max-snippet:-1","max-image-preview":"max-image-preview:large","max-video-preview":"max-video-preview:-1"},"canonical":"https:\/\/trgovina.pasjauniverza.si\/en\/product\/natures-protection-lifestyle-dices-priboljski-z-visokim-delezem-mesa-raca-morske-alge-75g\/","og_locale":"en_US","og_type":"article","og_title":"Zaj\u010dja u\u0161esa in posu\u0161eno zaj\u010dje meso","og_description":"Nature's Protection Lifestyle Dices - Pribolj\u0161ki z visokim dele\u017eem mesa - Raca & Morske alge","og_url":"https:\/\/trgovina.pasjauniverza.si\/en\/product\/natures-protection-lifestyle-dices-priboljski-z-visokim-delezem-mesa-raca-morske-alge-75g\/","og_site_name":"Trgovina Pasja Univerza","article_modified_time":"2025-09-16T16:15:29+00:00","og_image":[{"width":600,"height":600,"url":"https:\/\/trgovina.pasjauniverza.si\/wp-content\/uploads\/2025\/04\/natures-protection-lifestyle-dices-priboljski-z-visokim-delezem-mesa-raca-a-morske-alge.png","type":"image\/png"}],"twitter_card":"summary_large_image","twitter_misc":{"Est. reading time":"2 minutes"},"schema":{"@context":"https:\/\/schema.org","@graph":[{"@type":"WebPage","@id":"https:\/\/trgovina.pasjauniverza.si\/product\/natures-protection-lifestyle-dices-priboljski-z-visokim-delezem-mesa-raca-morske-alge-75g\/","url":"https:\/\/trgovina.pasjauniverza.si\/product\/natures-protection-lifestyle-dices-priboljski-z-visokim-delezem-mesa-raca-morske-alge-75g\/","name":"Zaj\u010dja u\u0161esa in posu\u0161eno zaj\u010dje meso","isPartOf":{"@id":"https:\/\/trgovina.pasjauniverza.si\/#website"},"primaryImageOfPage":{"@id":"https:\/\/trgovina.pasjauniverza.si\/product\/natures-protection-lifestyle-dices-priboljski-z-visokim-delezem-mesa-raca-morske-alge-75g\/#primaryimage"},"image":{"@id":"https:\/\/trgovina.pasjauniverza.si\/product\/natures-protection-lifestyle-dices-priboljski-z-visokim-delezem-mesa-raca-morske-alge-75g\/#primaryimage"},"thumbnailUrl":"https:\/\/trgovina.pasjauniverza.si\/wp-content\/uploads\/2025\/04\/natures-protection-lifestyle-dices-priboljski-z-visokim-delezem-mesa-raca-a-morske-alge.png","datePublished":"2025-04-26T06:40:07+00:00","dateModified":"2025-09-16T16:15:29+00:00","description":"Nature's Protection Lifestyle Dices - Pribolj\u0161ki z visokim dele\u017eem mesa - Raca & Morske alge","breadcrumb":{"@id":"https:\/\/trgovina.pasjauniverza.si\/product\/natures-protection-lifestyle-dices-priboljski-z-visokim-delezem-mesa-raca-morske-alge-75g\/#breadcrumb"},"inLanguage":"en-US","potentialAction":[{"@type":"ReadAction","target":["https:\/\/trgovina.pasjauniverza.si\/product\/natures-protection-lifestyle-dices-priboljski-z-visokim-delezem-mesa-raca-morske-alge-75g\/"]}]},{"@type":"ImageObject","inLanguage":"en-US","@id":"https:\/\/trgovina.pasjauniverza.si\/product\/natures-protection-lifestyle-dices-priboljski-z-visokim-delezem-mesa-raca-morske-alge-75g\/#primaryimage","url":"https:\/\/trgovina.pasjauniverza.si\/wp-content\/uploads\/2025\/04\/natures-protection-lifestyle-dices-priboljski-z-visokim-delezem-mesa-raca-a-morske-alge.png","contentUrl":"https:\/\/trgovina.pasjauniverza.si\/wp-content\/uploads\/2025\/04\/natures-protection-lifestyle-dices-priboljski-z-visokim-delezem-mesa-raca-a-morske-alge.png","width":600,"height":600,"caption":"natures-protection-lifestyle-dices---priboljski-z-visokim-delezem-mesa---raca-a-morske-alge"},{"@type":"BreadcrumbList","@id":"https:\/\/trgovina.pasjauniverza.si\/product\/natures-protection-lifestyle-dices-priboljski-z-visokim-delezem-mesa-raca-morske-alge-75g\/#breadcrumb","itemListElement":[{"@type":"ListItem","position":1,"name":"Home","item":"https:\/\/trgovina.pasjauniverza.si\/"},{"@type":"ListItem","position":2,"name":"Trgovina","item":"https:\/\/trgovina.pasjauniverza.si\/trgovina\/"},{"@type":"ListItem","position":3,"name":"Nature&#8217;s Protection Lifestyle Dices &#8211; Pribolj\u0161ki z visokim dele\u017eem mesa &#8211; Raca &#038; Morske alge 75g"}]},{"@type":"WebSite","@id":"https:\/\/trgovina.pasjauniverza.si\/#website","url":"https:\/\/trgovina.pasjauniverza.si\/","name":"Trgovina Pasja Univerza","description":"pasja univerza trgovina","publisher":{"@id":"https:\/\/trgovina.pasjauniverza.si\/#organization"},"potentialAction":[{"@type":"SearchAction","target":{"@type":"EntryPoint","urlTemplate":"https:\/\/trgovina.pasjauniverza.si\/?s={search_term_string}"},"query-input":{"@type":"PropertyValueSpecification","valueRequired":true,"valueName":"search_term_string"}}],"inLanguage":"en-US"},{"@type":"Organization","@id":"https:\/\/trgovina.pasjauniverza.si\/#organization","name":"Trgovina Pasja Univerza","url":"https:\/\/trgovina.pasjauniverza.si\/","logo":{"@type":"ImageObject","inLanguage":"en-US","@id":"https:\/\/trgovina.pasjauniverza.si\/#\/schema\/logo\/image\/","url":"https:\/\/trgovina.pasjauniverza.si\/wp-content\/uploads\/2024\/08\/cropped-logotipi-vector-04.png","contentUrl":"https:\/\/trgovina.pasjauniverza.si\/wp-content\/uploads\/2024\/08\/cropped-logotipi-vector-04.png","width":942,"height":908,"caption":"Trgovina Pasja Univerza"},"image":{"@id":"https:\/\/trgovina.pasjauniverza.si\/#\/schema\/logo\/image\/"}}]}},"uagb_featured_image_src":{"full":["https:\/\/trgovina.pasjauniverza.si\/wp-content\/uploads\/2025\/04\/natures-protection-lifestyle-dices-priboljski-z-visokim-delezem-mesa-raca-a-morske-alge.png",600,600,false],"thumbnail":["https:\/\/trgovina.pasjauniverza.si\/wp-content\/uploads\/2025\/04\/natures-protection-lifestyle-dices-priboljski-z-visokim-delezem-mesa-raca-a-morske-alge-150x150.png",150,150,true],"medium":["https:\/\/trgovina.pasjauniverza.si\/wp-content\/uploads\/2025\/04\/natures-protection-lifestyle-dices-priboljski-z-visokim-delezem-mesa-raca-a-morske-alge-300x300.png",300,300,true],"medium_large":["https:\/\/trgovina.pasjauniverza.si\/wp-content\/uploads\/2025\/04\/natures-protection-lifestyle-dices-priboljski-z-visokim-delezem-mesa-raca-a-morske-alge.png",600,600,false],"large":["https:\/\/trgovina.pasjauniverza.si\/wp-content\/uploads\/2025\/04\/natures-protection-lifestyle-dices-priboljski-z-visokim-delezem-mesa-raca-a-morske-alge.png",600,600,false],"1536x1536":["https:\/\/trgovina.pasjauniverza.si\/wp-content\/uploads\/2025\/04\/natures-protection-lifestyle-dices-priboljski-z-visokim-delezem-mesa-raca-a-morske-alge.png",600,600,false],"2048x2048":["https:\/\/trgovina.pasjauniverza.si\/wp-content\/uploads\/2025\/04\/natures-protection-lifestyle-dices-priboljski-z-visokim-delezem-mesa-raca-a-morske-alge.png",600,600,false],"trp-custom-language-flag":["https:\/\/trgovina.pasjauniverza.si\/wp-content\/uploads\/2025\/04\/natures-protection-lifestyle-dices-priboljski-z-visokim-delezem-mesa-raca-a-morske-alge-12x12.png",12,12,true],"woocommerce_thumbnail":["https:\/\/trgovina.pasjauniverza.si\/wp-content\/uploads\/2025\/04\/natures-protection-lifestyle-dices-priboljski-z-visokim-delezem-mesa-raca-a-morske-alge-300x300.png",300,300,true],"woocommerce_single":["https:\/\/trgovina.pasjauniverza.si\/wp-content\/uploads\/2025\/04\/natures-protection-lifestyle-dices-priboljski-z-visokim-delezem-mesa-raca-a-morske-alge.png",600,600,false],"woocommerce_gallery_thumbnail":["https:\/\/trgovina.pasjauniverza.si\/wp-content\/uploads\/2025\/04\/natures-protection-lifestyle-dices-priboljski-z-visokim-delezem-mesa-raca-a-morske-alge-100x100.png",100,100,true]},"uagb_author_info":{"display_name":"Karmen Grubeli\u0107, dr.vet.med.","author_link":"https:\/\/trgovina.pasjauniverza.si\/en\/author\/"},"uagb_comment_info":0,"uagb_excerpt":"Visok dele\u017e mesa Primerno za ob\u010dutljive pse Pomaga\u00a0pri uravnavanju telesne te\u017ee Brez konzervansov, barvil in umetnih arom Manj\u0161i ko\u0161\u010dki, primerni za treninge in \u0161olanje","jetpack_sharing_enabled":true,"_links":{"self":[{"href":"https:\/\/trgovina.pasjauniverza.si\/en\/wp-json\/wp\/v2\/product\/13565","targetHints":{"allow":["GET"]}}],"collection":[{"href":"https:\/\/trgovina.pasjauniverza.si\/en\/wp-json\/wp\/v2\/product"}],"about":[{"href":"https:\/\/trgovina.pasjauniverza.si\/en\/wp-json\/wp\/v2\/types\/product"}],"replies":[{"embeddable":true,"href":"https:\/\/trgovina.pasjauniverza.si\/en\/wp-json\/wp\/v2\/comments?post=13565"}],"wp:featuredmedia":[{"embeddable":true,"href":"https:\/\/trgovina.pasjauniverza.si\/en\/wp-json\/wp\/v2\/media\/13566"}],"wp:attachment":[{"href":"https:\/\/trgovina.pasjauniverza.si\/en\/wp-json\/wp\/v2\/media?parent=13565"}],"wp:term":[{"taxonomy":"product_brand","embeddable":true,"href":"https:\/\/trgovina.pasjauniverza.si\/en\/wp-json\/wp\/v2\/product_brand?post=13565"},{"taxonomy":"product_cat","embeddable":true,"href":"https:\/\/trgovina.pasjauniverza.si\/en\/wp-json\/wp\/v2\/product_cat?post=13565"},{"taxonomy":"product_tag","embeddable":true,"href":"https:\/\/trgovina.pasjauniverza.si\/en\/wp-json\/wp\/v2\/product_tag?post=13565"}],"curies":[{"name":"wp","href":"https:\/\/api.w.org\/{rel}","templated":true}]}}