
{"id":13293,"date":"2025-04-11T08:19:07","date_gmt":"2025-04-11T08:19:07","guid":{"rendered":"https:\/\/trgovina.pasjauniverza.si\/?post_type=product&#038;p=13293"},"modified":"2026-04-14T15:39:46","modified_gmt":"2026-04-14T15:39:46","slug":"pala-surovi-priboljski-za-psa-100g-100-goveja-srca","status":"publish","type":"product","link":"https:\/\/trgovina.pasjauniverza.si\/en\/product\/pala-surovi-priboljski-za-psa-100g-100-goveja-srca\/","title":{"rendered":"Pala surovi pribolj\u0161ki za psa in ma\u010dke 100g &#8211; 100% goveja srca"},"content":{"rendered":"<p>Visoko kakovostni pribolj\u0161ki za pse iz 100% govejih src.<\/p>\n<p>I\u0161\u010dete okusne pribolj\u0161ke, ki bodo hkrati krepili zdravje va\u0161ega ljubljen\u010dka in mu zagotavljali pomembna hranila? Podjetje Pala ponosno predstavlja pribolj\u0161ke iz 100% posu\u0161enega mesa, ki so visokoko kakovostni in hranilni, psi pa jih naravnost obo\u017eujejo. Pripomorejo k mo\u010dnej\u0161emu imunskemu sistemu, trdnej\u0161ih kosteh, zadostni energiji in dalj\u0161i \u017eivljenjski dobi. Zdravi pribolj\u0161ki za psa so primerni tudi za alergike in ob\u010dutljive ljubljen\u010dke.<\/p>\n<h4>Tudi pribolj\u0161ki so lahko zdravi<\/h4>\n<h4><\/h4>\n<p>Ravno pribolj\u0161ki so tisti, ki lahko mo\u010dno vplivajo na zdravje va\u0161ega ljubljen\u010dka &#8211; veliko lastnikov se namre\u010d zaveda pomena kakovostne pasje hrane, po drugi strani pa pribolj\u0161kom ne posve\u010dajo take pozornosti. Neustrezni pasji prigrizki pa\u00a0lahko neugodno vplivajo na prebavo, kosti, imunski sistem in splo\u0161no po\u010dutje. Zdravi pasji pribolj\u0161ki Pala so zasnovani tako, da vsebujejo 100% meso, s \u010dimer zagotavljajo, da pes tudi ob nagradi ostaja zdrav.<\/p>\n<h4>Vrhunska sestava<\/h4>\n<h4><\/h4>\n<p>Zdravi pasji pribolj\u0161ki Pala nimajo nobenih arom, oja\u010devalcev okusa ali drugih aditivov, ki bi lahko ogro\u017eali zdravje va\u0161ega ljubljen\u010dka. Vsebujejo le goveje meso, ki je visoko prebavljivo in tako primerno tudi za ob\u010dutljive pse. Obenem pasji pribolj\u0161ki iz 100% mesa zagotavljajo odli\u010den vir beljakovin, zajec pa je znan tudi po vsebnosti \u017eeleza, cinka, bakra ter vitaminov B12 in E. Beljakovinsko bogati pribolj\u0161ki za pse so primerni tudi za mladi\u010de in aktivne pse.<\/p>\n<p>Sestava:<br \/>\nGoveja srca (100%)<\/p>\n<p>Analiti\u010dna sestava:<br \/>\nSurove beljakovine 68,1\u00a0% surove\u00a0ma\u0161\u010dobe\u00a015,2\u00a0% vlaga 12% pepel 5,6\u00a0% ogljikovi hidrati 0,1\u00a0%.<\/p>\n<h4>Znanstveno potrjena kakovost brez kompromisov<\/h4>\n<p>Pri podjetju verjamejo, da je zdravje va\u0161ega ljubljen\u010dka na prvem mestu, zato ne sklepajo kompromisov in vedno izbirajo samo najbolj\u0161e sestavine, ki so primerne tudi za \u010dlove\u0161ko prehrano. Sodelujejo le z visoko kakovostnimi dobavitelji in ne uporabljajo vnaprej obdelanih sestavin.<\/p>\n<h4><\/h4>\n<p>Recepti surove hrane za pse so pripravljeni v sodelovanju z DogRisk, neodvisno raziskovalno ustanovo, ki se osredoto\u010da na zdravje in prehrano psov. Hkrati pri podjetju Pala sodelujejo tudi s Tehni\u010dno univerzo v Talinu, zaradi \u010desar so na teko\u010dem z najnovej\u0161imi inovacijami glede priprave in konzerviranja hrane za hi\u0161ne ljubljen\u010dke.<\/p>","protected":false},"excerpt":{"rendered":"<p class=\"\" data-start=\"51\" data-end=\"93\"><strong data-start=\"51\" data-end=\"93\">Naravni surovi pribolj\u0161ki v priro\u010dni obliki<\/strong><\/p>\n<ul>\n<li>100% goveja jetra<\/li>\n<li>Brez aditivov<\/li>\n<li>brez \u017eit in glutena<\/li>\n<li>Vir pomembnih hranil<\/li>\n<li>Krepijo zdravje<\/li>\n<li>Slasten okus<\/li>\n<\/ul>","protected":false},"featured_media":13294,"comment_status":"open","ping_status":"closed","template":"","meta":{"_acf_changed":false,"_uag_custom_page_level_css":"","site-sidebar-layout":"default","site-content-layout":"","ast-site-content-layout":"default","site-content-style":"default","site-sidebar-style":"default","ast-global-header-display":"","ast-banner-title-visibility":"","ast-main-header-display":"","ast-hfb-above-header-display":"","ast-hfb-below-header-display":"","ast-hfb-mobile-header-display":"","site-post-title":"","ast-breadcrumbs-content":"","ast-featured-img":"","footer-sml-layout":"","ast-disable-related-posts":"","theme-transparent-header-meta":"default","adv-header-id-meta":"","stick-header-meta":"","header-above-stick-meta":"","header-main-stick-meta":"","header-below-stick-meta":"","astra-migrate-meta-layouts":"set","ast-page-background-enabled":"default","ast-page-background-meta":{"desktop":{"background-color":"","background-image":"","background-repeat":"repeat","background-position":"center center","background-size":"auto","background-attachment":"scroll","background-type":"","background-media":"","overlay-type":"","overlay-color":"","overlay-opacity":"","overlay-gradient":""},"tablet":{"background-color":"","background-image":"","background-repeat":"repeat","background-position":"center center","background-size":"auto","background-attachment":"scroll","background-type":"","background-media":"","overlay-type":"","overlay-color":"","overlay-opacity":"","overlay-gradient":""},"mobile":{"background-color":"","background-image":"","background-repeat":"repeat","background-position":"center center","background-size":"auto","background-attachment":"scroll","background-type":"","background-media":"","overlay-type":"","overlay-color":"","overlay-opacity":"","overlay-gradient":""}},"ast-content-background-meta":{"desktop":{"background-color":"var(--ast-global-color-5)","background-image":"","background-repeat":"repeat","background-position":"center center","background-size":"auto","background-attachment":"scroll","background-type":"","background-media":"","overlay-type":"","overlay-color":"","overlay-opacity":"","overlay-gradient":""},"tablet":{"background-color":"var(--ast-global-color-5)","background-image":"","background-repeat":"repeat","background-position":"center center","background-size":"auto","background-attachment":"scroll","background-type":"","background-media":"","overlay-type":"","overlay-color":"","overlay-opacity":"","overlay-gradient":""},"mobile":{"background-color":"var(--ast-global-color-5)","background-image":"","background-repeat":"repeat","background-position":"center center","background-size":"auto","background-attachment":"scroll","background-type":"","background-media":"","overlay-type":"","overlay-color":"","overlay-opacity":"","overlay-gradient":""}}},"product_brand":[929],"product_cat":[732,725,724,154,366,723,565,552,18],"product_tag":[],"class_list":{"0":"post-13293","1":"product","2":"type-product","3":"status-publish","4":"has-post-thumbnail","6":"product_brand-pala","7":"product_cat-hrana-za-macke","8":"product_cat-hrana-za-pse","9":"product_cat-macke","10":"product_cat-pasja-sola","11":"product_cat-priboljski","12":"product_cat-psi","13":"product_cat-surova-susena-hrana","14":"product_cat-susen-surov-popoln-obrok-pala","15":"product_cat-vsi-izdelki","16":"desktop-align-center","17":"tablet-align-center","18":"mobile-align-center","20":"first","21":"instock","22":"sale","23":"shipping-taxable","24":"purchasable","25":"product-type-simple"},"acf":[],"yoast_head":"<!-- This site is optimized with the Yoast SEO plugin v27.4 - https:\/\/yoast.com\/product\/yoast-seo-wordpress\/ -->\n<title>Pala surovi pribolj\u0161ki za psa in ma\u010dke 100g - 100% goveja srca - Trgovina Pasja Univerza<\/title>\n<meta name=\"description\" content=\"Pala surovi pribolj\u0161ki za psa - 100% goveje srce - za vse starosti psa\" \/>\n<meta name=\"robots\" content=\"index, follow, max-snippet:-1, max-image-preview:large, max-video-preview:-1\" \/>\n<link rel=\"canonical\" href=\"https:\/\/trgovina.pasjauniverza.si\/en\/product\/pala-surovi-priboljski-za-psa-100g-100-goveja-srca\/\" \/>\n<meta property=\"og:locale\" content=\"en_US\" \/>\n<meta property=\"og:type\" content=\"article\" \/>\n<meta property=\"og:title\" content=\"Pala surovi pribolj\u0161ki za psa in ma\u010dke 100g - 100% goveja srca - Trgovina Pasja Univerza\" \/>\n<meta property=\"og:description\" content=\"Pala surovi pribolj\u0161ki za psa - 100% goveje srce - za vse starosti psa\" \/>\n<meta property=\"og:url\" content=\"https:\/\/trgovina.pasjauniverza.si\/en\/product\/pala-surovi-priboljski-za-psa-100g-100-goveja-srca\/\" \/>\n<meta property=\"og:site_name\" content=\"Trgovina Pasja Univerza\" \/>\n<meta property=\"article:modified_time\" content=\"2026-04-14T15:39:46+00:00\" \/>\n<meta property=\"og:image\" content=\"https:\/\/trgovina.pasjauniverza.si\/wp-content\/uploads\/2025\/04\/pala-priboljski-za-psa-100-goveja-srca.png\" \/>\n\t<meta property=\"og:image:width\" content=\"600\" \/>\n\t<meta property=\"og:image:height\" content=\"600\" \/>\n\t<meta property=\"og:image:type\" content=\"image\/png\" \/>\n<meta name=\"twitter:card\" content=\"summary_large_image\" \/>\n<meta name=\"twitter:label1\" content=\"Est. reading time\" \/>\n\t<meta name=\"twitter:data1\" content=\"3 minutes\" \/>\n<script type=\"application\/ld+json\" class=\"yoast-schema-graph\">{\"@context\":\"https:\\\/\\\/schema.org\",\"@graph\":[{\"@type\":\"WebPage\",\"@id\":\"https:\\\/\\\/trgovina.pasjauniverza.si\\\/product\\\/pala-surovi-priboljski-za-psa-100g-100-goveja-srca\\\/\",\"url\":\"https:\\\/\\\/trgovina.pasjauniverza.si\\\/product\\\/pala-surovi-priboljski-za-psa-100g-100-goveja-srca\\\/\",\"name\":\"Pala surovi pribolj\u0161ki za psa in ma\u010dke 100g - 100% goveja srca - Trgovina Pasja Univerza\",\"isPartOf\":{\"@id\":\"https:\\\/\\\/trgovina.pasjauniverza.si\\\/#website\"},\"primaryImageOfPage\":{\"@id\":\"https:\\\/\\\/trgovina.pasjauniverza.si\\\/product\\\/pala-surovi-priboljski-za-psa-100g-100-goveja-srca\\\/#primaryimage\"},\"image\":{\"@id\":\"https:\\\/\\\/trgovina.pasjauniverza.si\\\/product\\\/pala-surovi-priboljski-za-psa-100g-100-goveja-srca\\\/#primaryimage\"},\"thumbnailUrl\":\"https:\\\/\\\/trgovina.pasjauniverza.si\\\/wp-content\\\/uploads\\\/2025\\\/04\\\/pala-priboljski-za-psa-100-goveja-srca.png\",\"datePublished\":\"2025-04-11T08:19:07+00:00\",\"dateModified\":\"2026-04-14T15:39:46+00:00\",\"description\":\"Pala surovi pribolj\u0161ki za psa - 100% goveje srce - za vse starosti psa\",\"breadcrumb\":{\"@id\":\"https:\\\/\\\/trgovina.pasjauniverza.si\\\/product\\\/pala-surovi-priboljski-za-psa-100g-100-goveja-srca\\\/#breadcrumb\"},\"inLanguage\":\"en-US\",\"potentialAction\":[{\"@type\":\"ReadAction\",\"target\":[\"https:\\\/\\\/trgovina.pasjauniverza.si\\\/product\\\/pala-surovi-priboljski-za-psa-100g-100-goveja-srca\\\/\"]}]},{\"@type\":\"ImageObject\",\"inLanguage\":\"en-US\",\"@id\":\"https:\\\/\\\/trgovina.pasjauniverza.si\\\/product\\\/pala-surovi-priboljski-za-psa-100g-100-goveja-srca\\\/#primaryimage\",\"url\":\"https:\\\/\\\/trgovina.pasjauniverza.si\\\/wp-content\\\/uploads\\\/2025\\\/04\\\/pala-priboljski-za-psa-100-goveja-srca.png\",\"contentUrl\":\"https:\\\/\\\/trgovina.pasjauniverza.si\\\/wp-content\\\/uploads\\\/2025\\\/04\\\/pala-priboljski-za-psa-100-goveja-srca.png\",\"width\":600,\"height\":600,\"caption\":\"pala-priboljski-za-psa---100-goveja-srca\"},{\"@type\":\"BreadcrumbList\",\"@id\":\"https:\\\/\\\/trgovina.pasjauniverza.si\\\/product\\\/pala-surovi-priboljski-za-psa-100g-100-goveja-srca\\\/#breadcrumb\",\"itemListElement\":[{\"@type\":\"ListItem\",\"position\":1,\"name\":\"Home\",\"item\":\"https:\\\/\\\/trgovina.pasjauniverza.si\\\/\"},{\"@type\":\"ListItem\",\"position\":2,\"name\":\"Trgovina\",\"item\":\"https:\\\/\\\/trgovina.pasjauniverza.si\\\/trgovina\\\/\"},{\"@type\":\"ListItem\",\"position\":3,\"name\":\"Pala surovi pribolj\u0161ki za psa in ma\u010dke 100g &#8211; 100% goveja srca\"}]},{\"@type\":\"WebSite\",\"@id\":\"https:\\\/\\\/trgovina.pasjauniverza.si\\\/#website\",\"url\":\"https:\\\/\\\/trgovina.pasjauniverza.si\\\/\",\"name\":\"Trgovina Pasja Univerza\",\"description\":\"pasja univerza trgovina\",\"publisher\":{\"@id\":\"https:\\\/\\\/trgovina.pasjauniverza.si\\\/#organization\"},\"potentialAction\":[{\"@type\":\"SearchAction\",\"target\":{\"@type\":\"EntryPoint\",\"urlTemplate\":\"https:\\\/\\\/trgovina.pasjauniverza.si\\\/?s={search_term_string}\"},\"query-input\":{\"@type\":\"PropertyValueSpecification\",\"valueRequired\":true,\"valueName\":\"search_term_string\"}}],\"inLanguage\":\"en-US\"},{\"@type\":\"Organization\",\"@id\":\"https:\\\/\\\/trgovina.pasjauniverza.si\\\/#organization\",\"name\":\"Trgovina Pasja Univerza\",\"url\":\"https:\\\/\\\/trgovina.pasjauniverza.si\\\/\",\"logo\":{\"@type\":\"ImageObject\",\"inLanguage\":\"en-US\",\"@id\":\"https:\\\/\\\/trgovina.pasjauniverza.si\\\/#\\\/schema\\\/logo\\\/image\\\/\",\"url\":\"https:\\\/\\\/trgovina.pasjauniverza.si\\\/wp-content\\\/uploads\\\/2024\\\/08\\\/cropped-logotipi-vector-04.png\",\"contentUrl\":\"https:\\\/\\\/trgovina.pasjauniverza.si\\\/wp-content\\\/uploads\\\/2024\\\/08\\\/cropped-logotipi-vector-04.png\",\"width\":942,\"height\":908,\"caption\":\"Trgovina Pasja Univerza\"},\"image\":{\"@id\":\"https:\\\/\\\/trgovina.pasjauniverza.si\\\/#\\\/schema\\\/logo\\\/image\\\/\"}}]}<\/script>\n<!-- \/ Yoast SEO plugin. -->","yoast_head_json":{"title":"Pala surovi pribolj\u0161ki za psa in ma\u010dke 100g - 100% goveja srca - Trgovina Pasja Univerza","description":"Pala surovi pribolj\u0161ki za psa - 100% goveje srce - za vse starosti psa","robots":{"index":"index","follow":"follow","max-snippet":"max-snippet:-1","max-image-preview":"max-image-preview:large","max-video-preview":"max-video-preview:-1"},"canonical":"https:\/\/trgovina.pasjauniverza.si\/en\/product\/pala-surovi-priboljski-za-psa-100g-100-goveja-srca\/","og_locale":"en_US","og_type":"article","og_title":"Pala surovi pribolj\u0161ki za psa in ma\u010dke 100g - 100% goveja srca - Trgovina Pasja Univerza","og_description":"Pala surovi pribolj\u0161ki za psa - 100% goveje srce - za vse starosti psa","og_url":"https:\/\/trgovina.pasjauniverza.si\/en\/product\/pala-surovi-priboljski-za-psa-100g-100-goveja-srca\/","og_site_name":"Trgovina Pasja Univerza","article_modified_time":"2026-04-14T15:39:46+00:00","og_image":[{"width":600,"height":600,"url":"https:\/\/trgovina.pasjauniverza.si\/wp-content\/uploads\/2025\/04\/pala-priboljski-za-psa-100-goveja-srca.png","type":"image\/png"}],"twitter_card":"summary_large_image","twitter_misc":{"Est. reading time":"3 minutes"},"schema":{"@context":"https:\/\/schema.org","@graph":[{"@type":"WebPage","@id":"https:\/\/trgovina.pasjauniverza.si\/product\/pala-surovi-priboljski-za-psa-100g-100-goveja-srca\/","url":"https:\/\/trgovina.pasjauniverza.si\/product\/pala-surovi-priboljski-za-psa-100g-100-goveja-srca\/","name":"Pala surovi pribolj\u0161ki za psa in ma\u010dke 100g - 100% goveja srca - Trgovina Pasja Univerza","isPartOf":{"@id":"https:\/\/trgovina.pasjauniverza.si\/#website"},"primaryImageOfPage":{"@id":"https:\/\/trgovina.pasjauniverza.si\/product\/pala-surovi-priboljski-za-psa-100g-100-goveja-srca\/#primaryimage"},"image":{"@id":"https:\/\/trgovina.pasjauniverza.si\/product\/pala-surovi-priboljski-za-psa-100g-100-goveja-srca\/#primaryimage"},"thumbnailUrl":"https:\/\/trgovina.pasjauniverza.si\/wp-content\/uploads\/2025\/04\/pala-priboljski-za-psa-100-goveja-srca.png","datePublished":"2025-04-11T08:19:07+00:00","dateModified":"2026-04-14T15:39:46+00:00","description":"Pala surovi pribolj\u0161ki za psa - 100% goveje srce - za vse starosti psa","breadcrumb":{"@id":"https:\/\/trgovina.pasjauniverza.si\/product\/pala-surovi-priboljski-za-psa-100g-100-goveja-srca\/#breadcrumb"},"inLanguage":"en-US","potentialAction":[{"@type":"ReadAction","target":["https:\/\/trgovina.pasjauniverza.si\/product\/pala-surovi-priboljski-za-psa-100g-100-goveja-srca\/"]}]},{"@type":"ImageObject","inLanguage":"en-US","@id":"https:\/\/trgovina.pasjauniverza.si\/product\/pala-surovi-priboljski-za-psa-100g-100-goveja-srca\/#primaryimage","url":"https:\/\/trgovina.pasjauniverza.si\/wp-content\/uploads\/2025\/04\/pala-priboljski-za-psa-100-goveja-srca.png","contentUrl":"https:\/\/trgovina.pasjauniverza.si\/wp-content\/uploads\/2025\/04\/pala-priboljski-za-psa-100-goveja-srca.png","width":600,"height":600,"caption":"pala-priboljski-za-psa---100-goveja-srca"},{"@type":"BreadcrumbList","@id":"https:\/\/trgovina.pasjauniverza.si\/product\/pala-surovi-priboljski-za-psa-100g-100-goveja-srca\/#breadcrumb","itemListElement":[{"@type":"ListItem","position":1,"name":"Home","item":"https:\/\/trgovina.pasjauniverza.si\/"},{"@type":"ListItem","position":2,"name":"Trgovina","item":"https:\/\/trgovina.pasjauniverza.si\/trgovina\/"},{"@type":"ListItem","position":3,"name":"Pala surovi pribolj\u0161ki za psa in ma\u010dke 100g &#8211; 100% goveja srca"}]},{"@type":"WebSite","@id":"https:\/\/trgovina.pasjauniverza.si\/#website","url":"https:\/\/trgovina.pasjauniverza.si\/","name":"Trgovina Pasja Univerza","description":"pasja univerza trgovina","publisher":{"@id":"https:\/\/trgovina.pasjauniverza.si\/#organization"},"potentialAction":[{"@type":"SearchAction","target":{"@type":"EntryPoint","urlTemplate":"https:\/\/trgovina.pasjauniverza.si\/?s={search_term_string}"},"query-input":{"@type":"PropertyValueSpecification","valueRequired":true,"valueName":"search_term_string"}}],"inLanguage":"en-US"},{"@type":"Organization","@id":"https:\/\/trgovina.pasjauniverza.si\/#organization","name":"Trgovina Pasja Univerza","url":"https:\/\/trgovina.pasjauniverza.si\/","logo":{"@type":"ImageObject","inLanguage":"en-US","@id":"https:\/\/trgovina.pasjauniverza.si\/#\/schema\/logo\/image\/","url":"https:\/\/trgovina.pasjauniverza.si\/wp-content\/uploads\/2024\/08\/cropped-logotipi-vector-04.png","contentUrl":"https:\/\/trgovina.pasjauniverza.si\/wp-content\/uploads\/2024\/08\/cropped-logotipi-vector-04.png","width":942,"height":908,"caption":"Trgovina Pasja Univerza"},"image":{"@id":"https:\/\/trgovina.pasjauniverza.si\/#\/schema\/logo\/image\/"}}]}},"uagb_featured_image_src":{"full":["https:\/\/trgovina.pasjauniverza.si\/wp-content\/uploads\/2025\/04\/pala-priboljski-za-psa-100-goveja-srca.png",600,600,false],"thumbnail":["https:\/\/trgovina.pasjauniverza.si\/wp-content\/uploads\/2025\/04\/pala-priboljski-za-psa-100-goveja-srca-150x150.png",150,150,true],"medium":["https:\/\/trgovina.pasjauniverza.si\/wp-content\/uploads\/2025\/04\/pala-priboljski-za-psa-100-goveja-srca-300x300.png",300,300,true],"medium_large":["https:\/\/trgovina.pasjauniverza.si\/wp-content\/uploads\/2025\/04\/pala-priboljski-za-psa-100-goveja-srca.png",600,600,false],"large":["https:\/\/trgovina.pasjauniverza.si\/wp-content\/uploads\/2025\/04\/pala-priboljski-za-psa-100-goveja-srca.png",600,600,false],"1536x1536":["https:\/\/trgovina.pasjauniverza.si\/wp-content\/uploads\/2025\/04\/pala-priboljski-za-psa-100-goveja-srca.png",600,600,false],"2048x2048":["https:\/\/trgovina.pasjauniverza.si\/wp-content\/uploads\/2025\/04\/pala-priboljski-za-psa-100-goveja-srca.png",600,600,false],"trp-custom-language-flag":["https:\/\/trgovina.pasjauniverza.si\/wp-content\/uploads\/2025\/04\/pala-priboljski-za-psa-100-goveja-srca-12x12.png",12,12,true],"woocommerce_thumbnail":["https:\/\/trgovina.pasjauniverza.si\/wp-content\/uploads\/2025\/04\/pala-priboljski-za-psa-100-goveja-srca-300x300.png",300,300,true],"woocommerce_single":["https:\/\/trgovina.pasjauniverza.si\/wp-content\/uploads\/2025\/04\/pala-priboljski-za-psa-100-goveja-srca.png",600,600,false],"woocommerce_gallery_thumbnail":["https:\/\/trgovina.pasjauniverza.si\/wp-content\/uploads\/2025\/04\/pala-priboljski-za-psa-100-goveja-srca-100x100.png",100,100,true]},"uagb_author_info":{"display_name":"Karmen Grubeli\u0107, dr.vet.med.","author_link":"https:\/\/trgovina.pasjauniverza.si\/en\/author\/"},"uagb_comment_info":0,"uagb_excerpt":"Naravni surovi pribolj\u0161ki v priro\u010dni obliki 100% goveja jetra Brez aditivov brez \u017eit in glutena Vir pomembnih hranil Krepijo zdravje Slasten okus","jetpack_sharing_enabled":true,"_links":{"self":[{"href":"https:\/\/trgovina.pasjauniverza.si\/en\/wp-json\/wp\/v2\/product\/13293","targetHints":{"allow":["GET"]}}],"collection":[{"href":"https:\/\/trgovina.pasjauniverza.si\/en\/wp-json\/wp\/v2\/product"}],"about":[{"href":"https:\/\/trgovina.pasjauniverza.si\/en\/wp-json\/wp\/v2\/types\/product"}],"replies":[{"embeddable":true,"href":"https:\/\/trgovina.pasjauniverza.si\/en\/wp-json\/wp\/v2\/comments?post=13293"}],"wp:featuredmedia":[{"embeddable":true,"href":"https:\/\/trgovina.pasjauniverza.si\/en\/wp-json\/wp\/v2\/media\/13294"}],"wp:attachment":[{"href":"https:\/\/trgovina.pasjauniverza.si\/en\/wp-json\/wp\/v2\/media?parent=13293"}],"wp:term":[{"taxonomy":"product_brand","embeddable":true,"href":"https:\/\/trgovina.pasjauniverza.si\/en\/wp-json\/wp\/v2\/product_brand?post=13293"},{"taxonomy":"product_cat","embeddable":true,"href":"https:\/\/trgovina.pasjauniverza.si\/en\/wp-json\/wp\/v2\/product_cat?post=13293"},{"taxonomy":"product_tag","embeddable":true,"href":"https:\/\/trgovina.pasjauniverza.si\/en\/wp-json\/wp\/v2\/product_tag?post=13293"}],"curies":[{"name":"wp","href":"https:\/\/api.w.org\/{rel}","templated":true}]}}