
{"id":13238,"date":"2025-04-09T18:05:59","date_gmt":"2025-04-09T18:05:59","guid":{"rendered":"https:\/\/trgovina.pasjauniverza.si\/?post_type=product&#038;p=13238"},"modified":"2025-11-07T10:33:37","modified_gmt":"2025-11-07T10:33:37","slug":"pawfect-liofiliziran-jogurtov-priboljsek-s-probiotiki-38g-jagoda","status":"publish","type":"product","link":"https:\/\/trgovina.pasjauniverza.si\/en\/product\/pawfect-liofiliziran-jogurtov-priboljsek-s-probiotiki-38g-jagoda\/","title":{"rendered":"Pawfect Liofiliziran jogurtov pribolj\u0161ek s probiotiki  38g \u2013 jagoda"},"content":{"rendered":"<p>Naravni simbiotski pribolj\u0161ki za zdravo pasjo prebavo<\/p>\n<p>Ti hranljivi in okusni jogurtovi gri\u017eljaji zdru\u017eujejo probiotike in prebiotike v enem samem zdravem pribolj\u0161ku, ki podpira ravnovesje \u010drevesne mikrobiote.<\/p>\n<p>Z me\u0161anico jogurta, jabolka, jagode, papaje in regratove korenine, <strong>krepijo obstoje\u010de dobre bakterije v \u010drevesju in hkrati dodajajo koristne \u017eive kulture, ki spodbujajo zdravo prebavo.<\/strong><\/p>\n<p>Popolna izbira za pse, ki potrebujejo malo dodatne podpore za ob\u010dutljiv trebu\u0161\u010dek ali za vsakodnevno ravnovesje!<\/p>\n<p><strong>100 % NARAVNO<\/strong><br \/>\nIzdelano skrbno, izklju\u010dno iz najbolj\u0161ih naravnih sestavin, bogatih s hranili ter s prebioti\u010dnimi in probioti\u010dnimi u\u010dinki.<br \/>\nKer so pribolj\u0161ki liofilizirani (su\u0161eni z zamrzovanjem), ni potrebe po kemi\u010dnih ali sinteti\u010dnih dodatkih in konzervansih.<\/p>\n<p><strong>NIZKOKALORI\u010cNO<\/strong> &#8211; primerno tudi za pse s prekomerno te\u017eo<br \/>\nVsak pribolj\u0161ek vsebuje le 4 kalorije, zato je popolna izbira za:<br \/>\n&#8211; trening,<br \/>\n&#8211; nagrajevanje,<br \/>\n&#8211; pribolj\u0161ek ali<br \/>\n&#8211; posip \u010dez obrok (lahko jih zdrobi\u0161 in uporabi\u0161 kot okusno dopolnilo).<\/p>\n<p><strong>KAKOVOST ZA LJUDI (HUMAN GRADE)<\/strong><br \/>\nZakaj bi psom ponujali nekaj, \u010desar sami ne bi pojedli?<br \/>\nVse sestavine so primerne za \u010dlove\u0161ko prehrano in pribolj\u0161ki so pripravljeni v obratu s certifikatom za \u017eivila.<\/p>\n<p><em>Glavne sestavine in njihove izjemne koristi:<\/em><\/p>\n<p class=\"\" data-start=\"234\" data-end=\"402\">&#x1f34e; <strong data-start=\"237\" data-end=\"248\">Jabolko<\/strong><br data-start=\"248\" data-end=\"251\" \/>Klasi\u010dna kombinacija, ki spominja na doma\u010do jabol\u010dno pito \u2013 le da je popolnoma zdrava!<br data-start=\"337\" data-end=\"340\" \/>&#x2714;&#xfe0f; Vir vlaknin in vitaminov<br data-start=\"367\" data-end=\"370\" \/>&#x2714;&#xfe0f; Nizkokalori\u010dna sladica za psa<\/p>\n<p class=\"\" data-start=\"404\" data-end=\"553\">&#x1f353; <strong data-start=\"407\" data-end=\"417\">Jagoda<\/strong><br data-start=\"417\" data-end=\"420\" \/>Pomaga v boju proti zobnim oblogam in zobnemu kamnu.<br data-start=\"472\" data-end=\"475\" \/>&#x2714;&#xfe0f; Bogata z antioksidanti<br data-start=\"500\" data-end=\"503\" \/>&#x2714;&#xfe0f; Vsebuje veliko vlaknin ter vitamine C, B1 in B6<\/p>\n<p class=\"\" data-start=\"555\" data-end=\"714\">&#x1f96d; <strong data-start=\"558\" data-end=\"568\">Papaja<\/strong><br data-start=\"568\" data-end=\"571\" \/>Izjemno sadje, polno vitaminov A, E, K in C, mineralov in antioksidantov.<br data-start=\"644\" data-end=\"647\" \/>&#x2714;&#xfe0f; Podpira imunski sistem<br data-start=\"672\" data-end=\"675\" \/>&#x2714;&#xfe0f; Pomaga pri presnovi in za\u0161\u010diti celic<\/p>\n<p class=\"\" data-start=\"716\" data-end=\"850\">&#x1f963; <strong data-start=\"719\" data-end=\"729\">Jogurt<\/strong><br data-start=\"729\" data-end=\"732\" \/>Naravni vir <strong data-start=\"744\" data-end=\"759\">probiotikov<\/strong>, ki podpirajo zdravo \u010drevesno mikrobioto.<br data-start=\"801\" data-end=\"804\" \/>&#x2714;&#xfe0f; Bogat z beljakovinami, kalcijem in vitamini<\/p>\n<p class=\"\" data-start=\"852\" data-end=\"999\">&#x1f331; <strong data-start=\"855\" data-end=\"892\">Regratova korenina (Burdock root)<\/strong><br data-start=\"892\" data-end=\"895\" \/>Naravni \u00bbfilter\u00ab za pasjo kri.<br data-start=\"925\" data-end=\"928\" \/>&#x2714;&#xfe0f; Izlo\u010da toksine<br data-start=\"945\" data-end=\"948\" \/>&#x2714;&#xfe0f; Pomaga pri absorpciji hranil in podpira presnovo<\/p>\n<h3 class=\"\" data-start=\"103\" data-end=\"160\">Priporo\u010dena dnevna koli\u010dina glede na velikost psa:<\/h3>\n<ul data-start=\"162\" data-end=\"281\">\n<li class=\"\" data-start=\"162\" data-end=\"199\">\n<p class=\"\" data-start=\"164\" data-end=\"199\"><strong data-start=\"164\" data-end=\"179\">Majhen pes:<\/strong> 5\u201310 kosov na dan<\/p>\n<\/li>\n<li class=\"\" data-start=\"200\" data-end=\"245\">\n<p class=\"\" data-start=\"202\" data-end=\"245\"><strong data-start=\"202\" data-end=\"224\">Srednje velik pes:<\/strong> 10\u201315 kosov na dan<\/p>\n<\/li>\n<li class=\"\" data-start=\"246\" data-end=\"281\">\n<p class=\"\" data-start=\"248\" data-end=\"281\"><strong data-start=\"248\" data-end=\"262\">Velik pes:<\/strong> 15\u201320 kosov na dan<\/p>\n<\/li>\n<\/ul>\n<p class=\"\" data-start=\"283\" data-end=\"375\">Pribolj\u0161ke vedno dajte kot dopolnilo k redni prehrani. Vedno poskrbite za sve\u017eo pitno vodo!<\/p>\n<p><strong>Sestavine<\/strong> jogurt, jagode, jabolko, repin\u010deva korenina (burdock root) in papaja.<\/p>\n<p><strong>Aktivne sestavine (v 4 g oz. 5 pribolj\u0161kih)<\/strong> vklju\u010dujejo \u0161tiri izbrane probioti\u010dne seve: <em>Bifidobacteria<\/em>, <em>Saccharomyces cerevisiae<\/em>, <em>Lactobacillus plantarum<\/em> in <em>Bacillus coagulans<\/em>, ki skupaj zagotavljajo 1 milijardo kolonijskih enot (CFU). \u00a0<strong>Analitske vrednosti (na 100 g):<\/strong> energijska vrednost 185 kcal, surove beljakovine 19,2 %, ma\u0161\u010dobe 4,65 %, surov pepel 4 %, surove vlaknine 3,18 %, kalcij 0,9 %, vlaga 5,5 %.<\/p>","protected":false},"excerpt":{"rendered":"<p>&#x2714;&#xfe0f; Prebiotiki + probiotiki \u2013 podpora prebavi in \u010drevesni mikroflori<br \/>\n&#x2714;&#xfe0f; 100 % naravno, brez \u017eit, barvil ali konzervansov<br \/>\n&#x2714;&#xfe0f; Nizkokalori\u010dni pribolj\u0161ki &#8211; primerno za pse s prekomerno te\u017eo<br \/>\n&#x2714;&#xfe0f; Liofilizirano \u2013 ohranjena hranila in poln okus<br \/>\n&#x2714;&#xfe0f; Pripravljeno po standardih za ljudi (human grade)<\/p>","protected":false},"featured_media":13228,"comment_status":"open","ping_status":"closed","template":"","meta":{"_acf_changed":false,"_uag_custom_page_level_css":"","site-sidebar-layout":"default","site-content-layout":"","ast-site-content-layout":"default","site-content-style":"default","site-sidebar-style":"default","ast-global-header-display":"","ast-banner-title-visibility":"","ast-main-header-display":"","ast-hfb-above-header-display":"","ast-hfb-below-header-display":"","ast-hfb-mobile-header-display":"","site-post-title":"","ast-breadcrumbs-content":"","ast-featured-img":"","footer-sml-layout":"","ast-disable-related-posts":"","theme-transparent-header-meta":"default","adv-header-id-meta":"","stick-header-meta":"","header-above-stick-meta":"","header-main-stick-meta":"","header-below-stick-meta":"","astra-migrate-meta-layouts":"set","ast-page-background-enabled":"default","ast-page-background-meta":{"desktop":{"background-color":"","background-image":"","background-repeat":"repeat","background-position":"center center","background-size":"auto","background-attachment":"scroll","background-type":"","background-media":"","overlay-type":"","overlay-color":"","overlay-opacity":"","overlay-gradient":""},"tablet":{"background-color":"","background-image":"","background-repeat":"repeat","background-position":"center center","background-size":"auto","background-attachment":"scroll","background-type":"","background-media":"","overlay-type":"","overlay-color":"","overlay-opacity":"","overlay-gradient":""},"mobile":{"background-color":"","background-image":"","background-repeat":"repeat","background-position":"center center","background-size":"auto","background-attachment":"scroll","background-type":"","background-media":"","overlay-type":"","overlay-color":"","overlay-opacity":"","overlay-gradient":""}},"ast-content-background-meta":{"desktop":{"background-color":"var(--ast-global-color-5)","background-image":"","background-repeat":"repeat","background-position":"center center","background-size":"auto","background-attachment":"scroll","background-type":"","background-media":"","overlay-type":"","overlay-color":"","overlay-opacity":"","overlay-gradient":""},"tablet":{"background-color":"var(--ast-global-color-5)","background-image":"","background-repeat":"repeat","background-position":"center center","background-size":"auto","background-attachment":"scroll","background-type":"","background-media":"","overlay-type":"","overlay-color":"","overlay-opacity":"","overlay-gradient":""},"mobile":{"background-color":"var(--ast-global-color-5)","background-image":"","background-repeat":"repeat","background-position":"center center","background-size":"auto","background-attachment":"scroll","background-type":"","background-media":"","overlay-type":"","overlay-color":"","overlay-opacity":"","overlay-gradient":""}}},"product_brand":[934],"product_cat":[551,735,420,366,723,18],"product_tag":[912,910,911,135,136,119],"class_list":{"0":"post-13238","1":"product","2":"type-product","3":"status-publish","4":"has-post-thumbnail","6":"product_brand-pawfect","7":"product_cat-pawfect","8":"product_cat-prebavila","9":"product_cat-prehranski-dodatki-za-pse","10":"product_cat-priboljski","11":"product_cat-psi","12":"product_cat-vsi-izdelki","13":"product_tag-crevesje","14":"product_tag-korenje","15":"product_tag-mikrobiom","16":"product_tag-prebava","17":"product_tag-priboljski","18":"product_tag-probiotiki","19":"desktop-align-center","20":"tablet-align-center","21":"mobile-align-center","23":"first","24":"instock","25":"shipping-taxable","26":"purchasable","27":"product-type-simple"},"acf":[],"yoast_head":"<!-- This site is optimized with the Yoast SEO plugin v27.4 - https:\/\/yoast.com\/product\/yoast-seo-wordpress\/ -->\n<title>Pawfect Liofiliziran jogurtov pribolj\u0161ek s probiotiki 38g \u2013 jagoda - Trgovina Pasja Univerza<\/title>\n<meta name=\"description\" content=\"Pawfect Liofiliziran jogurtov pribolj\u0161ek s probiotiki \u2013 jagoda\" \/>\n<meta name=\"robots\" content=\"index, follow, max-snippet:-1, max-image-preview:large, max-video-preview:-1\" \/>\n<link rel=\"canonical\" href=\"https:\/\/trgovina.pasjauniverza.si\/en\/product\/pawfect-liofiliziran-jogurtov-priboljsek-s-probiotiki-38g-jagoda\/\" \/>\n<meta property=\"og:locale\" content=\"en_US\" \/>\n<meta property=\"og:type\" content=\"article\" \/>\n<meta property=\"og:title\" content=\"Pawfect Liofiliziran jogurtov pribolj\u0161ek s probiotiki 38g \u2013 jagoda - Trgovina Pasja Univerza\" \/>\n<meta property=\"og:description\" content=\"Pawfect Liofiliziran jogurtov pribolj\u0161ek s probiotiki \u2013 jagoda\" \/>\n<meta property=\"og:url\" content=\"https:\/\/trgovina.pasjauniverza.si\/en\/product\/pawfect-liofiliziran-jogurtov-priboljsek-s-probiotiki-38g-jagoda\/\" \/>\n<meta property=\"og:site_name\" content=\"Trgovina Pasja Univerza\" \/>\n<meta property=\"article:modified_time\" content=\"2025-11-07T10:33:37+00:00\" \/>\n<meta property=\"og:image\" content=\"https:\/\/trgovina.pasjauniverza.si\/wp-content\/uploads\/2025\/04\/pawfect-priboljski-s-probiotiki-jagoda.png\" \/>\n\t<meta property=\"og:image:width\" content=\"560\" \/>\n\t<meta property=\"og:image:height\" content=\"560\" \/>\n\t<meta property=\"og:image:type\" content=\"image\/png\" \/>\n<meta name=\"twitter:card\" content=\"summary_large_image\" \/>\n<meta name=\"twitter:label1\" content=\"Est. reading time\" \/>\n\t<meta name=\"twitter:data1\" content=\"3 minutes\" \/>\n<script type=\"application\/ld+json\" class=\"yoast-schema-graph\">{\"@context\":\"https:\\\/\\\/schema.org\",\"@graph\":[{\"@type\":\"WebPage\",\"@id\":\"https:\\\/\\\/trgovina.pasjauniverza.si\\\/product\\\/pawfect-liofiliziran-jogurtov-priboljsek-s-probiotiki-38g-jagoda\\\/\",\"url\":\"https:\\\/\\\/trgovina.pasjauniverza.si\\\/product\\\/pawfect-liofiliziran-jogurtov-priboljsek-s-probiotiki-38g-jagoda\\\/\",\"name\":\"Pawfect Liofiliziran jogurtov pribolj\u0161ek s probiotiki 38g \u2013 jagoda - Trgovina Pasja Univerza\",\"isPartOf\":{\"@id\":\"https:\\\/\\\/trgovina.pasjauniverza.si\\\/#website\"},\"primaryImageOfPage\":{\"@id\":\"https:\\\/\\\/trgovina.pasjauniverza.si\\\/product\\\/pawfect-liofiliziran-jogurtov-priboljsek-s-probiotiki-38g-jagoda\\\/#primaryimage\"},\"image\":{\"@id\":\"https:\\\/\\\/trgovina.pasjauniverza.si\\\/product\\\/pawfect-liofiliziran-jogurtov-priboljsek-s-probiotiki-38g-jagoda\\\/#primaryimage\"},\"thumbnailUrl\":\"https:\\\/\\\/trgovina.pasjauniverza.si\\\/wp-content\\\/uploads\\\/2025\\\/04\\\/pawfect-priboljski-s-probiotiki-jagoda.png\",\"datePublished\":\"2025-04-09T18:05:59+00:00\",\"dateModified\":\"2025-11-07T10:33:37+00:00\",\"description\":\"Pawfect Liofiliziran jogurtov pribolj\u0161ek s probiotiki \u2013 jagoda\",\"breadcrumb\":{\"@id\":\"https:\\\/\\\/trgovina.pasjauniverza.si\\\/product\\\/pawfect-liofiliziran-jogurtov-priboljsek-s-probiotiki-38g-jagoda\\\/#breadcrumb\"},\"inLanguage\":\"en-US\",\"potentialAction\":[{\"@type\":\"ReadAction\",\"target\":[\"https:\\\/\\\/trgovina.pasjauniverza.si\\\/product\\\/pawfect-liofiliziran-jogurtov-priboljsek-s-probiotiki-38g-jagoda\\\/\"]}]},{\"@type\":\"ImageObject\",\"inLanguage\":\"en-US\",\"@id\":\"https:\\\/\\\/trgovina.pasjauniverza.si\\\/product\\\/pawfect-liofiliziran-jogurtov-priboljsek-s-probiotiki-38g-jagoda\\\/#primaryimage\",\"url\":\"https:\\\/\\\/trgovina.pasjauniverza.si\\\/wp-content\\\/uploads\\\/2025\\\/04\\\/pawfect-priboljski-s-probiotiki-jagoda.png\",\"contentUrl\":\"https:\\\/\\\/trgovina.pasjauniverza.si\\\/wp-content\\\/uploads\\\/2025\\\/04\\\/pawfect-priboljski-s-probiotiki-jagoda.png\",\"width\":560,\"height\":560,\"caption\":\"pawfect pribolj\u0161ki s probiotiki-jagoda\"},{\"@type\":\"BreadcrumbList\",\"@id\":\"https:\\\/\\\/trgovina.pasjauniverza.si\\\/product\\\/pawfect-liofiliziran-jogurtov-priboljsek-s-probiotiki-38g-jagoda\\\/#breadcrumb\",\"itemListElement\":[{\"@type\":\"ListItem\",\"position\":1,\"name\":\"Home\",\"item\":\"https:\\\/\\\/trgovina.pasjauniverza.si\\\/\"},{\"@type\":\"ListItem\",\"position\":2,\"name\":\"Trgovina\",\"item\":\"https:\\\/\\\/trgovina.pasjauniverza.si\\\/trgovina\\\/\"},{\"@type\":\"ListItem\",\"position\":3,\"name\":\"Pawfect Liofiliziran jogurtov pribolj\u0161ek s probiotiki 38g \u2013 jagoda\"}]},{\"@type\":\"WebSite\",\"@id\":\"https:\\\/\\\/trgovina.pasjauniverza.si\\\/#website\",\"url\":\"https:\\\/\\\/trgovina.pasjauniverza.si\\\/\",\"name\":\"Trgovina Pasja Univerza\",\"description\":\"pasja univerza trgovina\",\"publisher\":{\"@id\":\"https:\\\/\\\/trgovina.pasjauniverza.si\\\/#organization\"},\"potentialAction\":[{\"@type\":\"SearchAction\",\"target\":{\"@type\":\"EntryPoint\",\"urlTemplate\":\"https:\\\/\\\/trgovina.pasjauniverza.si\\\/?s={search_term_string}\"},\"query-input\":{\"@type\":\"PropertyValueSpecification\",\"valueRequired\":true,\"valueName\":\"search_term_string\"}}],\"inLanguage\":\"en-US\"},{\"@type\":\"Organization\",\"@id\":\"https:\\\/\\\/trgovina.pasjauniverza.si\\\/#organization\",\"name\":\"Trgovina Pasja Univerza\",\"url\":\"https:\\\/\\\/trgovina.pasjauniverza.si\\\/\",\"logo\":{\"@type\":\"ImageObject\",\"inLanguage\":\"en-US\",\"@id\":\"https:\\\/\\\/trgovina.pasjauniverza.si\\\/#\\\/schema\\\/logo\\\/image\\\/\",\"url\":\"https:\\\/\\\/trgovina.pasjauniverza.si\\\/wp-content\\\/uploads\\\/2024\\\/08\\\/cropped-logotipi-vector-04.png\",\"contentUrl\":\"https:\\\/\\\/trgovina.pasjauniverza.si\\\/wp-content\\\/uploads\\\/2024\\\/08\\\/cropped-logotipi-vector-04.png\",\"width\":942,\"height\":908,\"caption\":\"Trgovina Pasja Univerza\"},\"image\":{\"@id\":\"https:\\\/\\\/trgovina.pasjauniverza.si\\\/#\\\/schema\\\/logo\\\/image\\\/\"}}]}<\/script>\n<!-- \/ Yoast SEO plugin. -->","yoast_head_json":{"title":"Pawfect Liofiliziran jogurtov pribolj\u0161ek s probiotiki 38g \u2013 jagoda - Trgovina Pasja Univerza","description":"Pawfect Liofiliziran jogurtov pribolj\u0161ek s probiotiki \u2013 jagoda","robots":{"index":"index","follow":"follow","max-snippet":"max-snippet:-1","max-image-preview":"max-image-preview:large","max-video-preview":"max-video-preview:-1"},"canonical":"https:\/\/trgovina.pasjauniverza.si\/en\/product\/pawfect-liofiliziran-jogurtov-priboljsek-s-probiotiki-38g-jagoda\/","og_locale":"en_US","og_type":"article","og_title":"Pawfect Liofiliziran jogurtov pribolj\u0161ek s probiotiki 38g \u2013 jagoda - Trgovina Pasja Univerza","og_description":"Pawfect Liofiliziran jogurtov pribolj\u0161ek s probiotiki \u2013 jagoda","og_url":"https:\/\/trgovina.pasjauniverza.si\/en\/product\/pawfect-liofiliziran-jogurtov-priboljsek-s-probiotiki-38g-jagoda\/","og_site_name":"Trgovina Pasja Univerza","article_modified_time":"2025-11-07T10:33:37+00:00","og_image":[{"width":560,"height":560,"url":"https:\/\/trgovina.pasjauniverza.si\/wp-content\/uploads\/2025\/04\/pawfect-priboljski-s-probiotiki-jagoda.png","type":"image\/png"}],"twitter_card":"summary_large_image","twitter_misc":{"Est. reading time":"3 minutes"},"schema":{"@context":"https:\/\/schema.org","@graph":[{"@type":"WebPage","@id":"https:\/\/trgovina.pasjauniverza.si\/product\/pawfect-liofiliziran-jogurtov-priboljsek-s-probiotiki-38g-jagoda\/","url":"https:\/\/trgovina.pasjauniverza.si\/product\/pawfect-liofiliziran-jogurtov-priboljsek-s-probiotiki-38g-jagoda\/","name":"Pawfect Liofiliziran jogurtov pribolj\u0161ek s probiotiki 38g \u2013 jagoda - Trgovina Pasja Univerza","isPartOf":{"@id":"https:\/\/trgovina.pasjauniverza.si\/#website"},"primaryImageOfPage":{"@id":"https:\/\/trgovina.pasjauniverza.si\/product\/pawfect-liofiliziran-jogurtov-priboljsek-s-probiotiki-38g-jagoda\/#primaryimage"},"image":{"@id":"https:\/\/trgovina.pasjauniverza.si\/product\/pawfect-liofiliziran-jogurtov-priboljsek-s-probiotiki-38g-jagoda\/#primaryimage"},"thumbnailUrl":"https:\/\/trgovina.pasjauniverza.si\/wp-content\/uploads\/2025\/04\/pawfect-priboljski-s-probiotiki-jagoda.png","datePublished":"2025-04-09T18:05:59+00:00","dateModified":"2025-11-07T10:33:37+00:00","description":"Pawfect Liofiliziran jogurtov pribolj\u0161ek s probiotiki \u2013 jagoda","breadcrumb":{"@id":"https:\/\/trgovina.pasjauniverza.si\/product\/pawfect-liofiliziran-jogurtov-priboljsek-s-probiotiki-38g-jagoda\/#breadcrumb"},"inLanguage":"en-US","potentialAction":[{"@type":"ReadAction","target":["https:\/\/trgovina.pasjauniverza.si\/product\/pawfect-liofiliziran-jogurtov-priboljsek-s-probiotiki-38g-jagoda\/"]}]},{"@type":"ImageObject","inLanguage":"en-US","@id":"https:\/\/trgovina.pasjauniverza.si\/product\/pawfect-liofiliziran-jogurtov-priboljsek-s-probiotiki-38g-jagoda\/#primaryimage","url":"https:\/\/trgovina.pasjauniverza.si\/wp-content\/uploads\/2025\/04\/pawfect-priboljski-s-probiotiki-jagoda.png","contentUrl":"https:\/\/trgovina.pasjauniverza.si\/wp-content\/uploads\/2025\/04\/pawfect-priboljski-s-probiotiki-jagoda.png","width":560,"height":560,"caption":"pawfect pribolj\u0161ki s probiotiki-jagoda"},{"@type":"BreadcrumbList","@id":"https:\/\/trgovina.pasjauniverza.si\/product\/pawfect-liofiliziran-jogurtov-priboljsek-s-probiotiki-38g-jagoda\/#breadcrumb","itemListElement":[{"@type":"ListItem","position":1,"name":"Home","item":"https:\/\/trgovina.pasjauniverza.si\/"},{"@type":"ListItem","position":2,"name":"Trgovina","item":"https:\/\/trgovina.pasjauniverza.si\/trgovina\/"},{"@type":"ListItem","position":3,"name":"Pawfect Liofiliziran jogurtov pribolj\u0161ek s probiotiki 38g \u2013 jagoda"}]},{"@type":"WebSite","@id":"https:\/\/trgovina.pasjauniverza.si\/#website","url":"https:\/\/trgovina.pasjauniverza.si\/","name":"Trgovina Pasja Univerza","description":"pasja univerza trgovina","publisher":{"@id":"https:\/\/trgovina.pasjauniverza.si\/#organization"},"potentialAction":[{"@type":"SearchAction","target":{"@type":"EntryPoint","urlTemplate":"https:\/\/trgovina.pasjauniverza.si\/?s={search_term_string}"},"query-input":{"@type":"PropertyValueSpecification","valueRequired":true,"valueName":"search_term_string"}}],"inLanguage":"en-US"},{"@type":"Organization","@id":"https:\/\/trgovina.pasjauniverza.si\/#organization","name":"Trgovina Pasja Univerza","url":"https:\/\/trgovina.pasjauniverza.si\/","logo":{"@type":"ImageObject","inLanguage":"en-US","@id":"https:\/\/trgovina.pasjauniverza.si\/#\/schema\/logo\/image\/","url":"https:\/\/trgovina.pasjauniverza.si\/wp-content\/uploads\/2024\/08\/cropped-logotipi-vector-04.png","contentUrl":"https:\/\/trgovina.pasjauniverza.si\/wp-content\/uploads\/2024\/08\/cropped-logotipi-vector-04.png","width":942,"height":908,"caption":"Trgovina Pasja Univerza"},"image":{"@id":"https:\/\/trgovina.pasjauniverza.si\/#\/schema\/logo\/image\/"}}]}},"uagb_featured_image_src":{"full":["https:\/\/trgovina.pasjauniverza.si\/wp-content\/uploads\/2025\/04\/pawfect-priboljski-s-probiotiki-jagoda.png",560,560,false],"thumbnail":["https:\/\/trgovina.pasjauniverza.si\/wp-content\/uploads\/2025\/04\/pawfect-priboljski-s-probiotiki-jagoda-150x150.png",150,150,true],"medium":["https:\/\/trgovina.pasjauniverza.si\/wp-content\/uploads\/2025\/04\/pawfect-priboljski-s-probiotiki-jagoda-300x300.png",300,300,true],"medium_large":["https:\/\/trgovina.pasjauniverza.si\/wp-content\/uploads\/2025\/04\/pawfect-priboljski-s-probiotiki-jagoda.png",560,560,false],"large":["https:\/\/trgovina.pasjauniverza.si\/wp-content\/uploads\/2025\/04\/pawfect-priboljski-s-probiotiki-jagoda.png",560,560,false],"1536x1536":["https:\/\/trgovina.pasjauniverza.si\/wp-content\/uploads\/2025\/04\/pawfect-priboljski-s-probiotiki-jagoda.png",560,560,false],"2048x2048":["https:\/\/trgovina.pasjauniverza.si\/wp-content\/uploads\/2025\/04\/pawfect-priboljski-s-probiotiki-jagoda.png",560,560,false],"trp-custom-language-flag":["https:\/\/trgovina.pasjauniverza.si\/wp-content\/uploads\/2025\/04\/pawfect-priboljski-s-probiotiki-jagoda-12x12.png",12,12,true],"woocommerce_thumbnail":["https:\/\/trgovina.pasjauniverza.si\/wp-content\/uploads\/2025\/04\/pawfect-priboljski-s-probiotiki-jagoda-300x300.png",300,300,true],"woocommerce_single":["https:\/\/trgovina.pasjauniverza.si\/wp-content\/uploads\/2025\/04\/pawfect-priboljski-s-probiotiki-jagoda.png",560,560,false],"woocommerce_gallery_thumbnail":["https:\/\/trgovina.pasjauniverza.si\/wp-content\/uploads\/2025\/04\/pawfect-priboljski-s-probiotiki-jagoda-100x100.png",100,100,true]},"uagb_author_info":{"display_name":"Karmen Grubeli\u0107, dr.vet.med.","author_link":"https:\/\/trgovina.pasjauniverza.si\/en\/author\/"},"uagb_comment_info":0,"uagb_excerpt":"&#x2714;&#xfe0f; Prebiotiki + probiotiki \u2013 podpora prebavi in \u010drevesni mikroflori &#x2714;&#xfe0f; 100 % naravno, brez \u017eit, barvil ali konzervansov &#x2714;&#xfe0f; Nizkokalori\u010dni pribolj\u0161ki - primerno za pse s prekomerno te\u017eo &#x2714;&#xfe0f; Liofilizirano \u2013 ohranjena hranila in poln okus &#x2714;&#xfe0f; Pripravljeno po standardih za ljudi (human grade)","jetpack_sharing_enabled":true,"_links":{"self":[{"href":"https:\/\/trgovina.pasjauniverza.si\/en\/wp-json\/wp\/v2\/product\/13238","targetHints":{"allow":["GET"]}}],"collection":[{"href":"https:\/\/trgovina.pasjauniverza.si\/en\/wp-json\/wp\/v2\/product"}],"about":[{"href":"https:\/\/trgovina.pasjauniverza.si\/en\/wp-json\/wp\/v2\/types\/product"}],"replies":[{"embeddable":true,"href":"https:\/\/trgovina.pasjauniverza.si\/en\/wp-json\/wp\/v2\/comments?post=13238"}],"wp:featuredmedia":[{"embeddable":true,"href":"https:\/\/trgovina.pasjauniverza.si\/en\/wp-json\/wp\/v2\/media\/13228"}],"wp:attachment":[{"href":"https:\/\/trgovina.pasjauniverza.si\/en\/wp-json\/wp\/v2\/media?parent=13238"}],"wp:term":[{"taxonomy":"product_brand","embeddable":true,"href":"https:\/\/trgovina.pasjauniverza.si\/en\/wp-json\/wp\/v2\/product_brand?post=13238"},{"taxonomy":"product_cat","embeddable":true,"href":"https:\/\/trgovina.pasjauniverza.si\/en\/wp-json\/wp\/v2\/product_cat?post=13238"},{"taxonomy":"product_tag","embeddable":true,"href":"https:\/\/trgovina.pasjauniverza.si\/en\/wp-json\/wp\/v2\/product_tag?post=13238"}],"curies":[{"name":"wp","href":"https:\/\/api.w.org\/{rel}","templated":true}]}}