
{"id":13219,"date":"2025-04-14T08:55:27","date_gmt":"2025-04-14T08:55:27","guid":{"rendered":"https:\/\/trgovina.pasjauniverza.si\/?post_type=product&#038;p=13219"},"modified":"2026-04-09T18:30:57","modified_gmt":"2026-04-09T18:30:57","slug":"pawfect-liofiliziran-jogurtov-priboljsek-s-probiotiki-38g-buca","status":"publish","type":"product","link":"https:\/\/trgovina.pasjauniverza.si\/en\/product\/pawfect-liofiliziran-jogurtov-priboljsek-s-probiotiki-38g-buca\/","title":{"rendered":"Pawfect Liofiliziran jogurtov pribolj\u0161ek s probiotiki  38g \u2013 bu\u010da"},"content":{"rendered":"<p>Naravni simbiotski pribolj\u0161ki za zdravo pasjo prebavo<\/p>\n<p>Ti hranljivi in okusni jogurtovi gri\u017eljaji zdru\u017eujejo probiotike in prebiotike v enem samem zdravem pribolj\u0161ku, ki podpira ravnovesje \u010drevesne mikrobiote.<\/p>\n<p>Z me\u0161anico jogurta, bu\u010de, rde\u010de pese, zelja in semen koroma\u010da <strong>krepijo obstoje\u010de dobre bakterije v \u010drevesju in hkrati dodajajo koristne \u017eive kulture, ki spodbujajo zdravo prebavo.<\/strong><\/p>\n<p>Popolna izbira za pse, ki potrebujejo malo dodatne podpore za ob\u010dutljiv trebu\u0161\u010dek ali za vsakodnevno ravnovesje!<\/p>\n<p><strong>100 % NARAVNO<\/strong><br \/>\nIzdelano skrbno, izklju\u010dno iz najbolj\u0161ih naravnih sestavin, bogatih s hranili ter s prebioti\u010dnimi in probioti\u010dnimi u\u010dinki.<br \/>\nKer so pribolj\u0161ki liofilizirani (su\u0161eni z zamrzovanjem), ni potrebe po kemi\u010dnih ali sinteti\u010dnih dodatkih in konzervansih.<\/p>\n<p><strong>NIZKOKALORI\u010cNO<\/strong> &#8211; primerno tudi za pse s prekomerno te\u017eo<br \/>\nVsak pribolj\u0161ek vsebuje le 4 kalorije, zato je popolna izbira za:<br \/>\n&#8211; trening,<br \/>\n&#8211; nagrajevanje,<br \/>\n&#8211; pribolj\u0161ek ali<br \/>\n&#8211; posip \u010dez obrok (lahko jih zdrobi\u0161 in uporabi\u0161 kot okusno dopolnilo).<\/p>\n<p><strong>KAKOVOST ZA LJUDI (HUMAN GRADE)<\/strong><br \/>\nZakaj bi psom ponujali nekaj, \u010desar sami ne bi pojedli?<br \/>\nVse sestavine so primerne za \u010dlove\u0161ko prehrano in pribolj\u0161ki so pripravljeni v obratu s certifikatom za \u017eivila.<\/p>\n<p><em>Glavne sestavine in njihove izjemne koristi:<\/em><\/p>\n<p class=\"\" data-start=\"166\" data-end=\"351\">&#x1f7e0; <strong data-start=\"169\" data-end=\"177\">Bu\u010da<\/strong><br data-start=\"177\" data-end=\"180\" \/>Super\u017eivilo, bogato z esencialnimi vitamini in minerali.<br data-start=\"236\" data-end=\"239\" \/>&#x2714;&#xfe0f; Izbolj\u0161uje prebavo<br data-start=\"260\" data-end=\"263\" \/>&#x2714;&#xfe0f; Podpira zdravje mi\u0161ic<br data-start=\"287\" data-end=\"290\" \/>&#x2714;&#xfe0f; Prispeva k zdravemu metabolizmu<br data-start=\"324\" data-end=\"327\" \/>&#x2714;&#xfe0f; Uravnava krvni tlak<\/p>\n<p class=\"\" data-start=\"353\" data-end=\"480\">&#x1f963; <strong data-start=\"356\" data-end=\"366\">Jogurt<\/strong><br data-start=\"366\" data-end=\"369\" \/>Naravni vir <strong data-start=\"381\" data-end=\"396\">probiotikov<\/strong>, ki krepijo \u010drevesno mikrobioto.<br data-start=\"429\" data-end=\"432\" \/>&#x2714;&#xfe0f; Bogat z beljakovinami, kalcijem in vitamini<\/p>\n<p class=\"\" data-start=\"482\" data-end=\"553\">&#x1f96c; <strong data-start=\"485\" data-end=\"494\">Zelje<\/strong><br data-start=\"494\" data-end=\"497\" \/>&#x2714;&#xfe0f; Pomaga pri prebavi<br data-start=\"518\" data-end=\"521\" \/>&#x2714;&#xfe0f; Prepre\u010duje prebavne zaplete<\/p>\n<p class=\"\" data-start=\"555\" data-end=\"728\">&#x1f331; <strong data-start=\"558\" data-end=\"577\">Semena koroma\u010da<\/strong><br data-start=\"577\" data-end=\"580\" \/>&#x2714;&#xfe0f; Zmanj\u0161ujejo nastanek zobnih oblog<br data-start=\"616\" data-end=\"619\" \/>&#x2714;&#xfe0f; Prepre\u010dujejo bolezni dlesni<br data-start=\"649\" data-end=\"652\" \/>&#x2714;&#xfe0f; Osve\u017eujejo zadah<br data-start=\"671\" data-end=\"674\" \/>&#x2714;&#xfe0f; Podpirajo razbremenitev kroni\u010dnih prebavnih te\u017eav<\/p>\n<p class=\"\" data-start=\"730\" data-end=\"933\">&#x1f360; <strong data-start=\"733\" data-end=\"747\">Rde\u010da pesa<\/strong><br data-start=\"747\" data-end=\"750\" \/>Polna <strong data-start=\"756\" data-end=\"774\">antioksidantov<\/strong>, kalija, magnezija, \u017eeleza, vitamina A, B6, C in folne kisline.<br data-start=\"838\" data-end=\"841\" \/>&#x2714;&#xfe0f; Vsebuje veliko topnih vlaknin<br data-start=\"873\" data-end=\"876\" \/>&#x2714;&#xfe0f; Ugodno vpliva na srce, jetra, kri in prebavni sistem<\/p>\n<h3 class=\"\" data-start=\"103\" data-end=\"160\">Priporo\u010dena dnevna koli\u010dina glede na velikost psa:<\/h3>\n<ul data-start=\"162\" data-end=\"281\">\n<li class=\"\" data-start=\"162\" data-end=\"199\">\n<p class=\"\" data-start=\"164\" data-end=\"199\"><strong data-start=\"164\" data-end=\"179\">Majhen pes:<\/strong> 5\u201310 kosov na dan<\/p>\n<\/li>\n<li class=\"\" data-start=\"200\" data-end=\"245\">\n<p class=\"\" data-start=\"202\" data-end=\"245\"><strong data-start=\"202\" data-end=\"224\">Srednje velik pes:<\/strong> 10\u201315 kosov na dan<\/p>\n<\/li>\n<li class=\"\" data-start=\"246\" data-end=\"281\">\n<p class=\"\" data-start=\"248\" data-end=\"281\"><strong data-start=\"248\" data-end=\"262\">Velik pes:<\/strong> 15\u201320 kosov na dan<\/p>\n<\/li>\n<\/ul>\n<p class=\"\" data-start=\"283\" data-end=\"375\">Pribolj\u0161ke vedno dajte kot dopolnilo k redni prehrani. Vedno poskrbite za sve\u017eo pitno vodo!<\/p>\n<p><strong>Sestavine:<\/strong> jogurt, bu\u010da,rde\u010da pesa, zelje, semena komar\u010dka.<\/p>\n<p><strong>Aktivne sestavine (v 4 g oz. 5 pribolj\u0161kih)<\/strong> vklju\u010dujejo \u0161tiri izbrane probioti\u010dne seve: <em>Bifidobacteria<\/em>, <em>Saccharomyces cerevisiae<\/em>, <em>Lactobacillus plantarum<\/em> in <em>Bacillus coagulans<\/em>, ki skupaj zagotavljajo 1 milijardo kolonijskih enot (CFU).<\/p>\n<p><strong>Analitske vrednosti (na 100 g):<\/strong> energijska vrednost 191 kcal, surove beljakovine 19,1 %, ma\u0161\u010dobe 4,67 %, surov pepel 4,61 %, surove vlaknine 3,18 %, kalcij 0,9 %, vlaga 5,5 %.<\/p>","protected":false},"excerpt":{"rendered":"<p>&#x2714;&#xfe0f; Prebiotiki + probiotiki \u2013 podpora prebavi in \u010drevesni mikroflori<br \/>\n&#x2714;&#xfe0f; 100 % naravno, brez \u017eit, barvil ali konzervansov<br \/>\n&#x2714;&#xfe0f; Nizkokalori\u010dni pribolj\u0161ki &#8211; primerno za pse s prekomerno te\u017eo<br \/>\n&#x2714;&#xfe0f; Liofilizirano \u2013 ohranjena hranila in poln okus<br \/>\n&#x2714;&#xfe0f; Pripravljeno po standardih za ljudi (human grade)<\/p>","protected":false},"featured_media":13223,"comment_status":"open","ping_status":"closed","template":"","meta":{"_acf_changed":false,"_uag_custom_page_level_css":"","site-sidebar-layout":"default","site-content-layout":"","ast-site-content-layout":"default","site-content-style":"default","site-sidebar-style":"default","ast-global-header-display":"","ast-banner-title-visibility":"","ast-main-header-display":"","ast-hfb-above-header-display":"","ast-hfb-below-header-display":"","ast-hfb-mobile-header-display":"","site-post-title":"","ast-breadcrumbs-content":"","ast-featured-img":"","footer-sml-layout":"","ast-disable-related-posts":"","theme-transparent-header-meta":"default","adv-header-id-meta":"","stick-header-meta":"","header-above-stick-meta":"","header-main-stick-meta":"","header-below-stick-meta":"","astra-migrate-meta-layouts":"set","ast-page-background-enabled":"default","ast-page-background-meta":{"desktop":{"background-color":"","background-image":"","background-repeat":"repeat","background-position":"center center","background-size":"auto","background-attachment":"scroll","background-type":"","background-media":"","overlay-type":"","overlay-color":"","overlay-opacity":"","overlay-gradient":""},"tablet":{"background-color":"","background-image":"","background-repeat":"repeat","background-position":"center center","background-size":"auto","background-attachment":"scroll","background-type":"","background-media":"","overlay-type":"","overlay-color":"","overlay-opacity":"","overlay-gradient":""},"mobile":{"background-color":"","background-image":"","background-repeat":"repeat","background-position":"center center","background-size":"auto","background-attachment":"scroll","background-type":"","background-media":"","overlay-type":"","overlay-color":"","overlay-opacity":"","overlay-gradient":""}},"ast-content-background-meta":{"desktop":{"background-color":"var(--ast-global-color-5)","background-image":"","background-repeat":"repeat","background-position":"center center","background-size":"auto","background-attachment":"scroll","background-type":"","background-media":"","overlay-type":"","overlay-color":"","overlay-opacity":"","overlay-gradient":""},"tablet":{"background-color":"var(--ast-global-color-5)","background-image":"","background-repeat":"repeat","background-position":"center center","background-size":"auto","background-attachment":"scroll","background-type":"","background-media":"","overlay-type":"","overlay-color":"","overlay-opacity":"","overlay-gradient":""},"mobile":{"background-color":"var(--ast-global-color-5)","background-image":"","background-repeat":"repeat","background-position":"center center","background-size":"auto","background-attachment":"scroll","background-type":"","background-media":"","overlay-type":"","overlay-color":"","overlay-opacity":"","overlay-gradient":""}}},"product_brand":[934],"product_cat":[738,551,735,420,723,18],"product_tag":[],"class_list":{"0":"post-13219","1":"product","2":"type-product","3":"status-publish","4":"has-post-thumbnail","6":"product_brand-pawfect","7":"product_cat-imunski-sistem","8":"product_cat-pawfect","9":"product_cat-prebavila","10":"product_cat-prehranski-dodatki-za-pse","11":"product_cat-psi","12":"product_cat-vsi-izdelki","13":"desktop-align-center","14":"tablet-align-center","15":"mobile-align-center","17":"first","18":"instock","19":"shipping-taxable","20":"purchasable","21":"product-type-simple"},"acf":[],"yoast_head":"<!-- This site is optimized with the Yoast SEO plugin v27.4 - https:\/\/yoast.com\/product\/yoast-seo-wordpress\/ -->\n<title>Pawfect Liofiliziran jogurtov pribolj\u0161ek s probiotiki 38g \u2013 bu\u010da - Trgovina Pasja Univerza<\/title>\n<meta name=\"description\" content=\"Pawfect Liofiliziran jogurtov pribolj\u0161ek s probiotiki \u2013 bu\u010da\" \/>\n<meta name=\"robots\" content=\"index, follow, max-snippet:-1, max-image-preview:large, max-video-preview:-1\" \/>\n<link rel=\"canonical\" href=\"https:\/\/trgovina.pasjauniverza.si\/en\/product\/pawfect-liofiliziran-jogurtov-priboljsek-s-probiotiki-38g-buca\/\" \/>\n<meta property=\"og:locale\" content=\"en_US\" \/>\n<meta property=\"og:type\" content=\"article\" \/>\n<meta property=\"og:title\" content=\"Pawfect Liofiliziran jogurtov pribolj\u0161ek s probiotiki 38g \u2013 bu\u010da - Trgovina Pasja Univerza\" \/>\n<meta property=\"og:description\" content=\"Pawfect Liofiliziran jogurtov pribolj\u0161ek s probiotiki \u2013 bu\u010da\" \/>\n<meta property=\"og:url\" content=\"https:\/\/trgovina.pasjauniverza.si\/en\/product\/pawfect-liofiliziran-jogurtov-priboljsek-s-probiotiki-38g-buca\/\" \/>\n<meta property=\"og:site_name\" content=\"Trgovina Pasja Univerza\" \/>\n<meta property=\"article:modified_time\" content=\"2026-04-09T18:30:57+00:00\" \/>\n<meta property=\"og:image\" content=\"https:\/\/trgovina.pasjauniverza.si\/wp-content\/uploads\/2025\/04\/pawfect-priboljski-s-probiotiki-buca.png\" \/>\n\t<meta property=\"og:image:width\" content=\"560\" \/>\n\t<meta property=\"og:image:height\" content=\"560\" \/>\n\t<meta property=\"og:image:type\" content=\"image\/png\" \/>\n<meta name=\"twitter:card\" content=\"summary_large_image\" \/>\n<meta name=\"twitter:label1\" content=\"Est. reading time\" \/>\n\t<meta name=\"twitter:data1\" content=\"3 minutes\" \/>\n<script type=\"application\/ld+json\" class=\"yoast-schema-graph\">{\"@context\":\"https:\\\/\\\/schema.org\",\"@graph\":[{\"@type\":\"WebPage\",\"@id\":\"https:\\\/\\\/trgovina.pasjauniverza.si\\\/product\\\/pawfect-liofiliziran-jogurtov-priboljsek-s-probiotiki-38g-buca\\\/\",\"url\":\"https:\\\/\\\/trgovina.pasjauniverza.si\\\/product\\\/pawfect-liofiliziran-jogurtov-priboljsek-s-probiotiki-38g-buca\\\/\",\"name\":\"Pawfect Liofiliziran jogurtov pribolj\u0161ek s probiotiki 38g \u2013 bu\u010da - Trgovina Pasja Univerza\",\"isPartOf\":{\"@id\":\"https:\\\/\\\/trgovina.pasjauniverza.si\\\/#website\"},\"primaryImageOfPage\":{\"@id\":\"https:\\\/\\\/trgovina.pasjauniverza.si\\\/product\\\/pawfect-liofiliziran-jogurtov-priboljsek-s-probiotiki-38g-buca\\\/#primaryimage\"},\"image\":{\"@id\":\"https:\\\/\\\/trgovina.pasjauniverza.si\\\/product\\\/pawfect-liofiliziran-jogurtov-priboljsek-s-probiotiki-38g-buca\\\/#primaryimage\"},\"thumbnailUrl\":\"https:\\\/\\\/trgovina.pasjauniverza.si\\\/wp-content\\\/uploads\\\/2025\\\/04\\\/pawfect-priboljski-s-probiotiki-buca.png\",\"datePublished\":\"2025-04-14T08:55:27+00:00\",\"dateModified\":\"2026-04-09T18:30:57+00:00\",\"description\":\"Pawfect Liofiliziran jogurtov pribolj\u0161ek s probiotiki \u2013 bu\u010da\",\"breadcrumb\":{\"@id\":\"https:\\\/\\\/trgovina.pasjauniverza.si\\\/product\\\/pawfect-liofiliziran-jogurtov-priboljsek-s-probiotiki-38g-buca\\\/#breadcrumb\"},\"inLanguage\":\"en-US\",\"potentialAction\":[{\"@type\":\"ReadAction\",\"target\":[\"https:\\\/\\\/trgovina.pasjauniverza.si\\\/product\\\/pawfect-liofiliziran-jogurtov-priboljsek-s-probiotiki-38g-buca\\\/\"]}]},{\"@type\":\"ImageObject\",\"inLanguage\":\"en-US\",\"@id\":\"https:\\\/\\\/trgovina.pasjauniverza.si\\\/product\\\/pawfect-liofiliziran-jogurtov-priboljsek-s-probiotiki-38g-buca\\\/#primaryimage\",\"url\":\"https:\\\/\\\/trgovina.pasjauniverza.si\\\/wp-content\\\/uploads\\\/2025\\\/04\\\/pawfect-priboljski-s-probiotiki-buca.png\",\"contentUrl\":\"https:\\\/\\\/trgovina.pasjauniverza.si\\\/wp-content\\\/uploads\\\/2025\\\/04\\\/pawfect-priboljski-s-probiotiki-buca.png\",\"width\":560,\"height\":560,\"caption\":\"pawfect pribolj\u0161ki s probiotiki-bu\u010da\"},{\"@type\":\"BreadcrumbList\",\"@id\":\"https:\\\/\\\/trgovina.pasjauniverza.si\\\/product\\\/pawfect-liofiliziran-jogurtov-priboljsek-s-probiotiki-38g-buca\\\/#breadcrumb\",\"itemListElement\":[{\"@type\":\"ListItem\",\"position\":1,\"name\":\"Home\",\"item\":\"https:\\\/\\\/trgovina.pasjauniverza.si\\\/\"},{\"@type\":\"ListItem\",\"position\":2,\"name\":\"Trgovina\",\"item\":\"https:\\\/\\\/trgovina.pasjauniverza.si\\\/trgovina\\\/\"},{\"@type\":\"ListItem\",\"position\":3,\"name\":\"Pawfect Liofiliziran jogurtov pribolj\u0161ek s probiotiki 38g \u2013 bu\u010da\"}]},{\"@type\":\"WebSite\",\"@id\":\"https:\\\/\\\/trgovina.pasjauniverza.si\\\/#website\",\"url\":\"https:\\\/\\\/trgovina.pasjauniverza.si\\\/\",\"name\":\"Trgovina Pasja Univerza\",\"description\":\"pasja univerza trgovina\",\"publisher\":{\"@id\":\"https:\\\/\\\/trgovina.pasjauniverza.si\\\/#organization\"},\"potentialAction\":[{\"@type\":\"SearchAction\",\"target\":{\"@type\":\"EntryPoint\",\"urlTemplate\":\"https:\\\/\\\/trgovina.pasjauniverza.si\\\/?s={search_term_string}\"},\"query-input\":{\"@type\":\"PropertyValueSpecification\",\"valueRequired\":true,\"valueName\":\"search_term_string\"}}],\"inLanguage\":\"en-US\"},{\"@type\":\"Organization\",\"@id\":\"https:\\\/\\\/trgovina.pasjauniverza.si\\\/#organization\",\"name\":\"Trgovina Pasja Univerza\",\"url\":\"https:\\\/\\\/trgovina.pasjauniverza.si\\\/\",\"logo\":{\"@type\":\"ImageObject\",\"inLanguage\":\"en-US\",\"@id\":\"https:\\\/\\\/trgovina.pasjauniverza.si\\\/#\\\/schema\\\/logo\\\/image\\\/\",\"url\":\"https:\\\/\\\/trgovina.pasjauniverza.si\\\/wp-content\\\/uploads\\\/2024\\\/08\\\/cropped-logotipi-vector-04.png\",\"contentUrl\":\"https:\\\/\\\/trgovina.pasjauniverza.si\\\/wp-content\\\/uploads\\\/2024\\\/08\\\/cropped-logotipi-vector-04.png\",\"width\":942,\"height\":908,\"caption\":\"Trgovina Pasja Univerza\"},\"image\":{\"@id\":\"https:\\\/\\\/trgovina.pasjauniverza.si\\\/#\\\/schema\\\/logo\\\/image\\\/\"}}]}<\/script>\n<!-- \/ Yoast SEO plugin. -->","yoast_head_json":{"title":"Pawfect Liofiliziran jogurtov pribolj\u0161ek s probiotiki 38g \u2013 bu\u010da - Trgovina Pasja Univerza","description":"Pawfect Liofiliziran jogurtov pribolj\u0161ek s probiotiki \u2013 bu\u010da","robots":{"index":"index","follow":"follow","max-snippet":"max-snippet:-1","max-image-preview":"max-image-preview:large","max-video-preview":"max-video-preview:-1"},"canonical":"https:\/\/trgovina.pasjauniverza.si\/en\/product\/pawfect-liofiliziran-jogurtov-priboljsek-s-probiotiki-38g-buca\/","og_locale":"en_US","og_type":"article","og_title":"Pawfect Liofiliziran jogurtov pribolj\u0161ek s probiotiki 38g \u2013 bu\u010da - Trgovina Pasja Univerza","og_description":"Pawfect Liofiliziran jogurtov pribolj\u0161ek s probiotiki \u2013 bu\u010da","og_url":"https:\/\/trgovina.pasjauniverza.si\/en\/product\/pawfect-liofiliziran-jogurtov-priboljsek-s-probiotiki-38g-buca\/","og_site_name":"Trgovina Pasja Univerza","article_modified_time":"2026-04-09T18:30:57+00:00","og_image":[{"width":560,"height":560,"url":"https:\/\/trgovina.pasjauniverza.si\/wp-content\/uploads\/2025\/04\/pawfect-priboljski-s-probiotiki-buca.png","type":"image\/png"}],"twitter_card":"summary_large_image","twitter_misc":{"Est. reading time":"3 minutes"},"schema":{"@context":"https:\/\/schema.org","@graph":[{"@type":"WebPage","@id":"https:\/\/trgovina.pasjauniverza.si\/product\/pawfect-liofiliziran-jogurtov-priboljsek-s-probiotiki-38g-buca\/","url":"https:\/\/trgovina.pasjauniverza.si\/product\/pawfect-liofiliziran-jogurtov-priboljsek-s-probiotiki-38g-buca\/","name":"Pawfect Liofiliziran jogurtov pribolj\u0161ek s probiotiki 38g \u2013 bu\u010da - Trgovina Pasja Univerza","isPartOf":{"@id":"https:\/\/trgovina.pasjauniverza.si\/#website"},"primaryImageOfPage":{"@id":"https:\/\/trgovina.pasjauniverza.si\/product\/pawfect-liofiliziran-jogurtov-priboljsek-s-probiotiki-38g-buca\/#primaryimage"},"image":{"@id":"https:\/\/trgovina.pasjauniverza.si\/product\/pawfect-liofiliziran-jogurtov-priboljsek-s-probiotiki-38g-buca\/#primaryimage"},"thumbnailUrl":"https:\/\/trgovina.pasjauniverza.si\/wp-content\/uploads\/2025\/04\/pawfect-priboljski-s-probiotiki-buca.png","datePublished":"2025-04-14T08:55:27+00:00","dateModified":"2026-04-09T18:30:57+00:00","description":"Pawfect Liofiliziran jogurtov pribolj\u0161ek s probiotiki \u2013 bu\u010da","breadcrumb":{"@id":"https:\/\/trgovina.pasjauniverza.si\/product\/pawfect-liofiliziran-jogurtov-priboljsek-s-probiotiki-38g-buca\/#breadcrumb"},"inLanguage":"en-US","potentialAction":[{"@type":"ReadAction","target":["https:\/\/trgovina.pasjauniverza.si\/product\/pawfect-liofiliziran-jogurtov-priboljsek-s-probiotiki-38g-buca\/"]}]},{"@type":"ImageObject","inLanguage":"en-US","@id":"https:\/\/trgovina.pasjauniverza.si\/product\/pawfect-liofiliziran-jogurtov-priboljsek-s-probiotiki-38g-buca\/#primaryimage","url":"https:\/\/trgovina.pasjauniverza.si\/wp-content\/uploads\/2025\/04\/pawfect-priboljski-s-probiotiki-buca.png","contentUrl":"https:\/\/trgovina.pasjauniverza.si\/wp-content\/uploads\/2025\/04\/pawfect-priboljski-s-probiotiki-buca.png","width":560,"height":560,"caption":"pawfect pribolj\u0161ki s probiotiki-bu\u010da"},{"@type":"BreadcrumbList","@id":"https:\/\/trgovina.pasjauniverza.si\/product\/pawfect-liofiliziran-jogurtov-priboljsek-s-probiotiki-38g-buca\/#breadcrumb","itemListElement":[{"@type":"ListItem","position":1,"name":"Home","item":"https:\/\/trgovina.pasjauniverza.si\/"},{"@type":"ListItem","position":2,"name":"Trgovina","item":"https:\/\/trgovina.pasjauniverza.si\/trgovina\/"},{"@type":"ListItem","position":3,"name":"Pawfect Liofiliziran jogurtov pribolj\u0161ek s probiotiki 38g \u2013 bu\u010da"}]},{"@type":"WebSite","@id":"https:\/\/trgovina.pasjauniverza.si\/#website","url":"https:\/\/trgovina.pasjauniverza.si\/","name":"Trgovina Pasja Univerza","description":"pasja univerza trgovina","publisher":{"@id":"https:\/\/trgovina.pasjauniverza.si\/#organization"},"potentialAction":[{"@type":"SearchAction","target":{"@type":"EntryPoint","urlTemplate":"https:\/\/trgovina.pasjauniverza.si\/?s={search_term_string}"},"query-input":{"@type":"PropertyValueSpecification","valueRequired":true,"valueName":"search_term_string"}}],"inLanguage":"en-US"},{"@type":"Organization","@id":"https:\/\/trgovina.pasjauniverza.si\/#organization","name":"Trgovina Pasja Univerza","url":"https:\/\/trgovina.pasjauniverza.si\/","logo":{"@type":"ImageObject","inLanguage":"en-US","@id":"https:\/\/trgovina.pasjauniverza.si\/#\/schema\/logo\/image\/","url":"https:\/\/trgovina.pasjauniverza.si\/wp-content\/uploads\/2024\/08\/cropped-logotipi-vector-04.png","contentUrl":"https:\/\/trgovina.pasjauniverza.si\/wp-content\/uploads\/2024\/08\/cropped-logotipi-vector-04.png","width":942,"height":908,"caption":"Trgovina Pasja Univerza"},"image":{"@id":"https:\/\/trgovina.pasjauniverza.si\/#\/schema\/logo\/image\/"}}]}},"uagb_featured_image_src":{"full":["https:\/\/trgovina.pasjauniverza.si\/wp-content\/uploads\/2025\/04\/pawfect-priboljski-s-probiotiki-buca.png",560,560,false],"thumbnail":["https:\/\/trgovina.pasjauniverza.si\/wp-content\/uploads\/2025\/04\/pawfect-priboljski-s-probiotiki-buca-150x150.png",150,150,true],"medium":["https:\/\/trgovina.pasjauniverza.si\/wp-content\/uploads\/2025\/04\/pawfect-priboljski-s-probiotiki-buca-300x300.png",300,300,true],"medium_large":["https:\/\/trgovina.pasjauniverza.si\/wp-content\/uploads\/2025\/04\/pawfect-priboljski-s-probiotiki-buca.png",560,560,false],"large":["https:\/\/trgovina.pasjauniverza.si\/wp-content\/uploads\/2025\/04\/pawfect-priboljski-s-probiotiki-buca.png",560,560,false],"1536x1536":["https:\/\/trgovina.pasjauniverza.si\/wp-content\/uploads\/2025\/04\/pawfect-priboljski-s-probiotiki-buca.png",560,560,false],"2048x2048":["https:\/\/trgovina.pasjauniverza.si\/wp-content\/uploads\/2025\/04\/pawfect-priboljski-s-probiotiki-buca.png",560,560,false],"trp-custom-language-flag":["https:\/\/trgovina.pasjauniverza.si\/wp-content\/uploads\/2025\/04\/pawfect-priboljski-s-probiotiki-buca-12x12.png",12,12,true],"woocommerce_thumbnail":["https:\/\/trgovina.pasjauniverza.si\/wp-content\/uploads\/2025\/04\/pawfect-priboljski-s-probiotiki-buca-300x300.png",300,300,true],"woocommerce_single":["https:\/\/trgovina.pasjauniverza.si\/wp-content\/uploads\/2025\/04\/pawfect-priboljski-s-probiotiki-buca.png",560,560,false],"woocommerce_gallery_thumbnail":["https:\/\/trgovina.pasjauniverza.si\/wp-content\/uploads\/2025\/04\/pawfect-priboljski-s-probiotiki-buca-100x100.png",100,100,true]},"uagb_author_info":{"display_name":"Karmen Grubeli\u0107, dr.vet.med.","author_link":"https:\/\/trgovina.pasjauniverza.si\/en\/author\/"},"uagb_comment_info":0,"uagb_excerpt":"&#x2714;&#xfe0f; Prebiotiki + probiotiki \u2013 podpora prebavi in \u010drevesni mikroflori &#x2714;&#xfe0f; 100 % naravno, brez \u017eit, barvil ali konzervansov &#x2714;&#xfe0f; Nizkokalori\u010dni pribolj\u0161ki - primerno za pse s prekomerno te\u017eo &#x2714;&#xfe0f; Liofilizirano \u2013 ohranjena hranila in poln okus &#x2714;&#xfe0f; Pripravljeno po standardih za ljudi (human grade)","jetpack_sharing_enabled":true,"_links":{"self":[{"href":"https:\/\/trgovina.pasjauniverza.si\/en\/wp-json\/wp\/v2\/product\/13219","targetHints":{"allow":["GET"]}}],"collection":[{"href":"https:\/\/trgovina.pasjauniverza.si\/en\/wp-json\/wp\/v2\/product"}],"about":[{"href":"https:\/\/trgovina.pasjauniverza.si\/en\/wp-json\/wp\/v2\/types\/product"}],"replies":[{"embeddable":true,"href":"https:\/\/trgovina.pasjauniverza.si\/en\/wp-json\/wp\/v2\/comments?post=13219"}],"wp:featuredmedia":[{"embeddable":true,"href":"https:\/\/trgovina.pasjauniverza.si\/en\/wp-json\/wp\/v2\/media\/13223"}],"wp:attachment":[{"href":"https:\/\/trgovina.pasjauniverza.si\/en\/wp-json\/wp\/v2\/media?parent=13219"}],"wp:term":[{"taxonomy":"product_brand","embeddable":true,"href":"https:\/\/trgovina.pasjauniverza.si\/en\/wp-json\/wp\/v2\/product_brand?post=13219"},{"taxonomy":"product_cat","embeddable":true,"href":"https:\/\/trgovina.pasjauniverza.si\/en\/wp-json\/wp\/v2\/product_cat?post=13219"},{"taxonomy":"product_tag","embeddable":true,"href":"https:\/\/trgovina.pasjauniverza.si\/en\/wp-json\/wp\/v2\/product_tag?post=13219"}],"curies":[{"name":"wp","href":"https:\/\/api.w.org\/{rel}","templated":true}]}}